{"id":19631,"date":"2020-05-20T11:34:17","date_gmt":"2020-05-20T14:34:17","guid":{"rendered":"https:\/\/abix.com.br\/produto\/radio-portatil-analogica-pro5150-elite\/"},"modified":"2023-10-20T07:45:49","modified_gmt":"2023-10-20T10:45:49","slug":"radio-portatil-analogica-pro5150-elite","status":"publish","type":"product","link":"https:\/\/abix.com.br\/es\/produto\/radio-portatil-analogica-pro5150-elite\/","title":{"rendered":"RADIO PORT\u00c1TIL ANAL\u00d3GICA &#8211; PRO5150 ELITE"},"content":{"rendered":"\n\t<section class=\"section\" id=\"section_478955853\">\n\t\t<div class=\"section-bg fill\" >\n\t\t\t\t\t\t\t\t\t\n\t\t\t\n\n\t\t<\/div>\n\n\t\t\n\n\t\t<div class=\"section-content relative\">\n\t\t\t\n<div class=\"row\"  id=\"row-1914472242\">\n\n\t<div id=\"col-819879824\" class=\"col small-12 large-12\"  >\n\t\t\t\t<div class=\"col-inner\"  >\n\t\t\t\n\t\t\t\n<div class=\"row\"  id=\"row-666602070\">\n\n\t<div id=\"col-1395366664\" class=\"col small-12 large-12\"  >\n\t\t\t\t<div class=\"col-inner\"  >\n\t\t\t\n\t\t\t\n\n\t\t<div class=\"tabbed-content locacao-tabs\">\n\t\t\t\n\t\t\t<ul class=\"nav nav-tabs nav-normal nav-size-xlarge nav-left active-on-hover\" role=\"tablist\"><li id=\"tab-informaci\u00d3n\" class=\"tab active has-icon\" role=\"presentation\"><a href=\"#tab_informaci\u00d3n\" role=\"tab\" aria-selected=\"true\" aria-controls=\"tab_informaci\u00d3n\"><span>INFORMACI\u00d3N<\/span><\/a><\/li>\n<li id=\"tab-accesorios\" class=\"tab has-icon\" role=\"presentation\"><a href=\"#tab_accesorios\" tabindex=\"-1\" role=\"tab\" aria-selected=\"false\" aria-controls=\"tab_accesorios\"><span>ACCESORIOS<\/span><\/a><\/li>\n<li id=\"tab-descargas\" class=\"tab has-icon\" role=\"presentation\"><a href=\"#tab_descargas\" tabindex=\"-1\" role=\"tab\" aria-selected=\"false\" aria-controls=\"tab_descargas\"><span>DESCARGAS<\/span><\/a><\/li>\n<li id=\"tab-especificaciones\" class=\"tab has-icon\" role=\"presentation\"><a href=\"#tab_especificaciones\" tabindex=\"-1\" role=\"tab\" aria-selected=\"false\" aria-controls=\"tab_especificaciones\"><span>ESPECIFICACIONES<\/span><\/a><\/li><\/ul><div class=\"tab-panels\"><div id=\"tab_informaci\u00d3n\" class=\"panel active entry-content\" role=\"tabpanel\" aria-labelledby=\"tab-informaci\u00d3n\">\n<div class=\"row\"  id=\"row-1204802994\">\n\n\t<div id=\"col-1008921710\" class=\"col medium-6 small-12 large-6\"  >\n\t\t\t\t<div class=\"col-inner\"  >\n\t\t\t\n\t\t\t\n<p><strong>TONO DISTINTIVO<\/strong><\/p>\n<p>Ocho tonos de llamada diferentes permiten identificar una llamada individual o de grupo.<\/p>\n<p><strong>NIVEL DE POTENCIA PROGRAMABLE<\/strong><\/p>\n<p>Cada canal puede programarse con potencia alta o baja, seg\u00fan sus necesidades de cobertura. Cualquiera de los botones laterales de la radio puede programarse para cambiar temporalmente entre los niveles de potencia alto y bajo.<\/p>\n<p><strong>TRANSMISI\u00d3N VOCAL INTERNA (VOX)<\/strong><\/p>\n<p>Con el uso de unos auriculares adecuados, puede hablar y o\u00edr<br \/>por radio sin tener que usar las manos.<\/p>\n<p><strong>SIRENA DE EMERGENCIA<\/strong><\/p>\n<p>Se puede programar un bot\u00f3n espec\u00edfico en la parte superior de la radio para que emita un sonido agudo al pulsarlo en caso de emergencia. A<br \/>En emergencias a\u00fan m\u00e1s cr\u00edticas, se puede enviar una alerta al Centro de Despacho.<\/p>\n<p><strong>12,5 khZ \/ 25 khZ ESPACIO DE CANAL PROGRAMABLE<\/strong><\/p>\n<p>Cada canal puede programarse con una separaci\u00f3n entre canales de 12,5 kHz o 25 kHz para adaptarse a los cambios en la normativa gubernamental.<\/p>\n<p><strong>ESCALERA<\/strong><\/p>\n<p>Cuando no se responde a una llamada selectiva o de alerta, el tono de alerta aumenta gradualmente.<\/p>\n\t\t<\/div>\n\t\t\t\t\t<\/div>\n\n\t\n\n\t<div id=\"col-799999530\" class=\"col medium-6 small-12 large-6\"  >\n\t\t\t\t<div class=\"col-inner text-left\"  >\n\t\t\t\n\t\t\t\n\t\t<\/div>\n\t\t\t\t\t<\/div>\n\n\t\n<\/div>\n<\/div>\n<div id=\"tab_accesorios\" class=\"panel entry-content\" role=\"tabpanel\" aria-labelledby=\"tab-accesorios\">\n<div class=\"row align-middle\"  id=\"row-322679241\">\n\n\t<div id=\"col-1550445008\" class=\"col medium-10 small-12 large-10\"  >\n\t\t\t\t<div class=\"col-inner\"  >\n\t\t\t\n\t\t\t\n<p>CONTENIDO<\/p>\n\t\t<\/div>\n\t\t\t\t\t<\/div>\n\n\t\n\n\t<div id=\"col-2074938926\" class=\"col medium-2 small-12 large-2\"  >\n\t\t\t\t<div class=\"col-inner\"  >\n\t\t\t\n\t\t\t\n\t\t<\/div>\n\t\t\t\t\t<\/div>\n\n\t\n<\/div>\n<\/div>\n<div id=\"tab_descargas\" class=\"panel entry-content\" role=\"tabpanel\" aria-labelledby=\"tab-descargas\">\n<div class=\"row\"  id=\"row-233754205\">\n\n\t<div id=\"col-1628022231\" class=\"col medium-10 small-12 large-10\"  >\n\t\t\t\t<div class=\"col-inner\"  >\n\t\t\t\n\t\t\t\n<p><a href=\"https:\/\/www.abix.com.br\/wp-content\/uploads\/Ficha-PRO5150-ELITE.pdf\">Plug-in-PRO5150-ELITE<\/a><\/p>\n\t\t<\/div>\n\t\t\t\t\t<\/div>\n\n\t\n<\/div>\n<\/div>\n<div id=\"tab_especificaciones\" class=\"panel entry-content\" role=\"tabpanel\" aria-labelledby=\"tab-especificaciones\">\n<div class=\"row\"  id=\"row-1574608790\">\n\n\t<div id=\"col-1561253812\" class=\"col medium-9 small-12 large-9\"  >\n\t\t\t\t<div class=\"col-inner\"  >\n\t\t\t\n\t\t\t\n<h3>CARACTER\u00cdSTICAS F\u00cdSICAS<\/h3>\n<ul>\n<li><strong>Dimensiones<\/strong><\/li>\n<\/ul>\n<p>4,00 pulg. x 2,19 pulg. x 1,20 pulg.<\/p>\n<p>101,5 mm x 55,5 mm x 30,5 mm<\/p>\n<ul>\n<li><strong>Peso (gramos \/ onzas)<\/strong><\/li>\n<\/ul>\n<p>250 \/ 9<\/p>\n<h3>ESPECIFICACIONES MILITARES<\/h3>\n<p>810C , 810D, 810E.<\/p>\n<h3>CARACTER\u00cdSTICAS DE RENDIMIENTO<\/h3>\n<ul>\n<li><strong>Duraci\u00f3n media de la bater\u00eda est\u00e1ndar de litio de alta capacidad<\/strong><\/li>\n<\/ul>\n<p>9 horas a baja potencia \/ 07 horas a alta potencia<\/p>\n<ul>\n<li><strong>Duraci\u00f3n media de la bater\u00eda est\u00e1ndar de litio de ultra alta capacidad<\/strong><\/li>\n<\/ul>\n<p>13 horas a baja potencia \/ 10 horas a alta potencia<\/p>\n<ul>\n<li><strong>Gama de frecuencias<\/strong><\/li>\n<\/ul>\n<p>136 &#8211; 174 MHz<\/p>\n<p>403 &#8211; 440 MHz<\/p>\n<p>450 &#8211; 527 MHz<\/p>\n<ul>\n<li><strong>Separaci\u00f3n entre canales<\/strong><\/li>\n<\/ul>\n<p>20 KHz<\/p>\n<ul>\n<li><b>Alimentaci\u00f3n<\/b><\/li>\n<\/ul>\n<p>Bater\u00eda recargable de 7,5 voltios<\/p>\n\t\t<\/div>\n\t\t\t\t\t<\/div>\n\n\t\n<\/div>\n<\/div><\/div><\/div>\n\t\t<\/div>\n\t\t\t\t\t<\/div>\n\n\t\n<\/div>\n\t\t<\/div>\n\t\t\t\t\t<\/div>\n\n\t\n<\/div>\n\t\t<\/div>\n\n\t\t\n<style>\n#section_478955853 {\n  padding-top: 0px;\n  padding-bottom: 0px;\n}\n<\/style>\n\t<\/section>\n\t\n","protected":false},"excerpt":{"rendered":"<p style=\"text-align: justify;\">Para aquellos que exigen total libertad de acci\u00f3n y necesitan estar siempre \u00abencendidos\u00bb, la radio port\u00e1til compacta y c\u00f3moda PRO5150 Elite combina un tama\u00f1o ligero con todas las funciones avanzadas y la tecnolog\u00eda que espera de Motorola.<\/p>\n","protected":false},"featured_media":9978,"comment_status":"closed","ping_status":"closed","template":"","meta":[],"product_brand":[],"product_cat":[155,157,163],"product_tag":[],"class_list":{"0":"post-19631","1":"product","2":"type-product","3":"status-publish","4":"has-post-thumbnail","6":"product_cat-linea-profesional","7":"product_cat-motorola-es","8":"product_cat-radios-analogicas","10":"first","11":"instock","12":"shipping-taxable","13":"product-type-simple"},"yoast_head":"<!-- This site is optimized with the Yoast SEO plugin v27.3 - https:\/\/yoast.com\/product\/yoast-seo-wordpress\/ -->\n<title>RADIO PORT\u00c1TIL ANAL\u00d3GICA - PRO5150 ELITE - Abix<\/title>\n<meta name=\"description\" content=\"Para quienes exigen total libertad de acci\u00f3n y necesitan estar siempre &quot;encendidos&quot;, la radio port\u00e1til PRO5150 Elite. Ver m\u00e1s\" \/>\n<meta name=\"robots\" content=\"index, follow, max-snippet:-1, max-image-preview:large, max-video-preview:-1\" \/>\n<link rel=\"canonical\" href=\"https:\/\/abix.com.br\/produto\/pro5150-elite\/\" \/>\n<meta property=\"og:locale\" content=\"es_ES\" \/>\n<meta property=\"og:type\" content=\"article\" \/>\n<meta property=\"og:title\" content=\"RADIO PORT\u00c1TIL ANAL\u00d3GICA - PRO5150 ELITE - Abix\" \/>\n<meta property=\"og:description\" content=\"Para quienes exigen total libertad de acci\u00f3n y necesitan estar siempre &quot;encendidos&quot;, la radio port\u00e1til PRO5150 Elite. Ver m\u00e1s\" \/>\n<meta property=\"og:url\" content=\"https:\/\/abix.com.br\/produto\/pro5150-elite\/\" \/>\n<meta property=\"og:site_name\" content=\"Abix\" \/>\n<meta property=\"article:modified_time\" content=\"2023-10-20T10:45:49+00:00\" \/>\n<meta property=\"og:image\" content=\"https:\/\/abix.com.br\/wp-content\/uploads\/2020\/05\/PRO5150-FRONT-1.jpg\" \/>\n\t<meta property=\"og:image:width\" content=\"261\" \/>\n\t<meta property=\"og:image:height\" content=\"242\" \/>\n\t<meta property=\"og:image:type\" content=\"image\/jpeg\" \/>\n<meta name=\"twitter:card\" content=\"summary_large_image\" \/>\n<meta name=\"twitter:label1\" content=\"Tiempo de lectura\" \/>\n\t<meta name=\"twitter:data1\" content=\"2 minutos\" \/>\n<script type=\"application\/ld+json\" class=\"yoast-schema-graph\">{\"@context\":\"https:\\\/\\\/schema.org\",\"@graph\":[{\"@type\":\"WebPage\",\"@id\":\"https:\\\/\\\/abix.com.br\\\/produto\\\/pro5150-elite\\\/\",\"url\":\"https:\\\/\\\/abix.com.br\\\/produto\\\/pro5150-elite\\\/\",\"name\":\"RADIO PORT\u00c1TIL ANAL\u00d3GICA - PRO5150 ELITE - Abix\",\"isPartOf\":{\"@id\":\"https:\\\/\\\/abix.com.br\\\/#website\"},\"primaryImageOfPage\":{\"@id\":\"https:\\\/\\\/abix.com.br\\\/produto\\\/pro5150-elite\\\/#primaryimage\"},\"image\":{\"@id\":\"https:\\\/\\\/abix.com.br\\\/produto\\\/pro5150-elite\\\/#primaryimage\"},\"thumbnailUrl\":\"https:\\\/\\\/abix.com.br\\\/wp-content\\\/uploads\\\/2020\\\/05\\\/PRO5150-FRONT-1.jpg\",\"datePublished\":\"2020-05-20T14:34:17+00:00\",\"dateModified\":\"2023-10-20T10:45:49+00:00\",\"description\":\"Para quienes exigen total libertad de acci\u00f3n y necesitan estar siempre \\\"encendidos\\\", la radio port\u00e1til PRO5150 Elite. Ver m\u00e1s\",\"breadcrumb\":{\"@id\":\"https:\\\/\\\/abix.com.br\\\/produto\\\/pro5150-elite\\\/#breadcrumb\"},\"inLanguage\":\"es\",\"potentialAction\":[{\"@type\":\"ReadAction\",\"target\":[\"https:\\\/\\\/abix.com.br\\\/produto\\\/pro5150-elite\\\/\"]}]},{\"@type\":\"ImageObject\",\"inLanguage\":\"es\",\"@id\":\"https:\\\/\\\/abix.com.br\\\/produto\\\/pro5150-elite\\\/#primaryimage\",\"url\":\"https:\\\/\\\/abix.com.br\\\/wp-content\\\/uploads\\\/2020\\\/05\\\/PRO5150-FRONT-1.jpg\",\"contentUrl\":\"https:\\\/\\\/abix.com.br\\\/wp-content\\\/uploads\\\/2020\\\/05\\\/PRO5150-FRONT-1.jpg\",\"width\":261,\"height\":242,\"caption\":\"R\u00c1DIO PORT\u00c1TIL ANAL\u00d3GICO\"},{\"@type\":\"BreadcrumbList\",\"@id\":\"https:\\\/\\\/abix.com.br\\\/produto\\\/pro5150-elite\\\/#breadcrumb\",\"itemListElement\":[{\"@type\":\"ListItem\",\"position\":1,\"name\":\"In\u00edcio\",\"item\":\"https:\\\/\\\/abix.com.br\\\/es\\\/\"},{\"@type\":\"ListItem\",\"position\":2,\"name\":\"Tienda\",\"item\":\"https:\\\/\\\/abix.com.br\\\/loja\\\/\"},{\"@type\":\"ListItem\",\"position\":3,\"name\":\"RADIO PORT\u00c1TIL ANAL\u00d3GICA &#8211; PRO5150 ELITE\"}]},{\"@type\":\"WebSite\",\"@id\":\"https:\\\/\\\/abix.com.br\\\/#website\",\"url\":\"https:\\\/\\\/abix.com.br\\\/\",\"name\":\"Abix\",\"description\":\"\",\"potentialAction\":[{\"@type\":\"SearchAction\",\"target\":{\"@type\":\"EntryPoint\",\"urlTemplate\":\"https:\\\/\\\/abix.com.br\\\/?s={search_term_string}\"},\"query-input\":{\"@type\":\"PropertyValueSpecification\",\"valueRequired\":true,\"valueName\":\"search_term_string\"}}],\"inLanguage\":\"es\"}]}<\/script>\n<!-- \/ Yoast SEO plugin. -->","yoast_head_json":{"title":"RADIO PORT\u00c1TIL ANAL\u00d3GICA - PRO5150 ELITE - Abix","description":"Para quienes exigen total libertad de acci\u00f3n y necesitan estar siempre \"encendidos\", la radio port\u00e1til PRO5150 Elite. Ver m\u00e1s","robots":{"index":"index","follow":"follow","max-snippet":"max-snippet:-1","max-image-preview":"max-image-preview:large","max-video-preview":"max-video-preview:-1"},"canonical":"https:\/\/abix.com.br\/produto\/pro5150-elite\/","og_locale":"es_ES","og_type":"article","og_title":"RADIO PORT\u00c1TIL ANAL\u00d3GICA - PRO5150 ELITE - Abix","og_description":"Para quienes exigen total libertad de acci\u00f3n y necesitan estar siempre \"encendidos\", la radio port\u00e1til PRO5150 Elite. Ver m\u00e1s","og_url":"https:\/\/abix.com.br\/produto\/pro5150-elite\/","og_site_name":"Abix","article_modified_time":"2023-10-20T10:45:49+00:00","og_image":[{"width":261,"height":242,"url":"https:\/\/abix.com.br\/wp-content\/uploads\/2020\/05\/PRO5150-FRONT-1.jpg","type":"image\/jpeg"}],"twitter_card":"summary_large_image","twitter_misc":{"Tiempo de lectura":"2 minutos"},"schema":{"@context":"https:\/\/schema.org","@graph":[{"@type":"WebPage","@id":"https:\/\/abix.com.br\/produto\/pro5150-elite\/","url":"https:\/\/abix.com.br\/produto\/pro5150-elite\/","name":"RADIO PORT\u00c1TIL ANAL\u00d3GICA - PRO5150 ELITE - Abix","isPartOf":{"@id":"https:\/\/abix.com.br\/#website"},"primaryImageOfPage":{"@id":"https:\/\/abix.com.br\/produto\/pro5150-elite\/#primaryimage"},"image":{"@id":"https:\/\/abix.com.br\/produto\/pro5150-elite\/#primaryimage"},"thumbnailUrl":"https:\/\/abix.com.br\/wp-content\/uploads\/2020\/05\/PRO5150-FRONT-1.jpg","datePublished":"2020-05-20T14:34:17+00:00","dateModified":"2023-10-20T10:45:49+00:00","description":"Para quienes exigen total libertad de acci\u00f3n y necesitan estar siempre \"encendidos\", la radio port\u00e1til PRO5150 Elite. Ver m\u00e1s","breadcrumb":{"@id":"https:\/\/abix.com.br\/produto\/pro5150-elite\/#breadcrumb"},"inLanguage":"es","potentialAction":[{"@type":"ReadAction","target":["https:\/\/abix.com.br\/produto\/pro5150-elite\/"]}]},{"@type":"ImageObject","inLanguage":"es","@id":"https:\/\/abix.com.br\/produto\/pro5150-elite\/#primaryimage","url":"https:\/\/abix.com.br\/wp-content\/uploads\/2020\/05\/PRO5150-FRONT-1.jpg","contentUrl":"https:\/\/abix.com.br\/wp-content\/uploads\/2020\/05\/PRO5150-FRONT-1.jpg","width":261,"height":242,"caption":"R\u00c1DIO PORT\u00c1TIL ANAL\u00d3GICO"},{"@type":"BreadcrumbList","@id":"https:\/\/abix.com.br\/produto\/pro5150-elite\/#breadcrumb","itemListElement":[{"@type":"ListItem","position":1,"name":"In\u00edcio","item":"https:\/\/abix.com.br\/es\/"},{"@type":"ListItem","position":2,"name":"Tienda","item":"https:\/\/abix.com.br\/loja\/"},{"@type":"ListItem","position":3,"name":"RADIO PORT\u00c1TIL ANAL\u00d3GICA &#8211; PRO5150 ELITE"}]},{"@type":"WebSite","@id":"https:\/\/abix.com.br\/#website","url":"https:\/\/abix.com.br\/","name":"Abix","description":"","potentialAction":[{"@type":"SearchAction","target":{"@type":"EntryPoint","urlTemplate":"https:\/\/abix.com.br\/?s={search_term_string}"},"query-input":{"@type":"PropertyValueSpecification","valueRequired":true,"valueName":"search_term_string"}}],"inLanguage":"es"}]}},"_links":{"self":[{"href":"https:\/\/abix.com.br\/es\/wp-json\/wp\/v2\/product\/19631","targetHints":{"allow":["GET"]}}],"collection":[{"href":"https:\/\/abix.com.br\/es\/wp-json\/wp\/v2\/product"}],"about":[{"href":"https:\/\/abix.com.br\/es\/wp-json\/wp\/v2\/types\/product"}],"replies":[{"embeddable":true,"href":"https:\/\/abix.com.br\/es\/wp-json\/wp\/v2\/comments?post=19631"}],"wp:featuredmedia":[{"embeddable":true,"href":"https:\/\/abix.com.br\/es\/wp-json\/wp\/v2\/media\/9978"}],"wp:attachment":[{"href":"https:\/\/abix.com.br\/es\/wp-json\/wp\/v2\/media?parent=19631"}],"wp:term":[{"taxonomy":"product_brand","embeddable":true,"href":"https:\/\/abix.com.br\/es\/wp-json\/wp\/v2\/product_brand?post=19631"},{"taxonomy":"product_cat","embeddable":true,"href":"https:\/\/abix.com.br\/es\/wp-json\/wp\/v2\/product_cat?post=19631"},{"taxonomy":"product_tag","embeddable":true,"href":"https:\/\/abix.com.br\/es\/wp-json\/wp\/v2\/product_tag?post=19631"}],"curies":[{"name":"wp","href":"https:\/\/api.w.org\/{rel}","templated":true}]}}