{"id":19633,"date":"2020-05-20T11:04:42","date_gmt":"2020-05-20T14:04:42","guid":{"rendered":"https:\/\/abix.com.br\/produto\/radio-portatil-analogica-pro5150\/"},"modified":"2023-10-20T07:46:34","modified_gmt":"2023-10-20T10:46:34","slug":"radio-portatil-analogica-pro5150","status":"publish","type":"product","link":"https:\/\/abix.com.br\/es\/produto\/radio-portatil-analogica-pro5150\/","title":{"rendered":"RADIO PORT\u00c1TIL ANAL\u00d3GICA &#8211; PRO5150"},"content":{"rendered":"\n\t<section class=\"section\" id=\"section_1280515186\">\n\t\t<div class=\"section-bg fill\" >\n\t\t\t\t\t\t\t\t\t\n\t\t\t\n\n\t\t<\/div>\n\n\t\t\n\n\t\t<div class=\"section-content relative\">\n\t\t\t\n<div class=\"row\"  id=\"row-797979118\">\n\n\t<div id=\"col-10185477\" class=\"col small-12 large-12\"  >\n\t\t\t\t<div class=\"col-inner\"  >\n\t\t\t\n\t\t\t\n<div class=\"row\"  id=\"row-323139220\">\n\n\t<div id=\"col-823233851\" class=\"col small-12 large-12\"  >\n\t\t\t\t<div class=\"col-inner\"  >\n\t\t\t\n\t\t\t\n\n\t\t<div class=\"tabbed-content locacao-tabs\">\n\t\t\t\n\t\t\t<ul class=\"nav nav-tabs nav-normal nav-size-xlarge nav-left active-on-hover\" role=\"tablist\"><li id=\"tab-informaci\u00d3n\" class=\"tab active has-icon\" role=\"presentation\"><a href=\"#tab_informaci\u00d3n\" role=\"tab\" aria-selected=\"true\" aria-controls=\"tab_informaci\u00d3n\"><span>INFORMACI\u00d3N<\/span><\/a><\/li>\n<li id=\"tab-accesorios\" class=\"tab has-icon\" role=\"presentation\"><a href=\"#tab_accesorios\" tabindex=\"-1\" role=\"tab\" aria-selected=\"false\" aria-controls=\"tab_accesorios\"><span>ACCESORIOS<\/span><\/a><\/li>\n<li id=\"tab-descargas\" class=\"tab has-icon\" role=\"presentation\"><a href=\"#tab_descargas\" tabindex=\"-1\" role=\"tab\" aria-selected=\"false\" aria-controls=\"tab_descargas\"><span>DESCARGAS<\/span><\/a><\/li>\n<li id=\"tab-especificaciones\" class=\"tab has-icon\" role=\"presentation\"><a href=\"#tab_especificaciones\" tabindex=\"-1\" role=\"tab\" aria-selected=\"false\" aria-controls=\"tab_especificaciones\"><span>ESPECIFICACIONES<\/span><\/a><\/li><\/ul><div class=\"tab-panels\"><div id=\"tab_informaci\u00d3n\" class=\"panel active entry-content\" role=\"tabpanel\" aria-labelledby=\"tab-informaci\u00d3n\">\n<div class=\"row\"  id=\"row-166879079\">\n\n\t<div id=\"col-897035245\" class=\"col medium-6 small-12 large-6\"  >\n\t\t\t\t<div class=\"col-inner\"  >\n\t\t\t\n\t\t\t\n<p><strong>TONO DISTINTIVO<\/strong><\/p>\n<p>Ocho tonos de llamada diferentes permiten identificar una llamada individual o de grupo.<\/p>\n<p><strong>NIVEL DE POTENCIA PROGRAMABLE<\/strong><\/p>\n<p>Cada canal puede programarse con potencia alta o baja, seg\u00fan sus necesidades de cobertura. Cualquiera de los botones laterales de la radio puede programarse para cambiar temporalmente entre los niveles de potencia alto y bajo.<\/p>\n<p><strong>TRANSMISI\u00d3N VOCAL INTERNA (VOX)<\/strong><\/p>\n<p>Con el uso de unos auriculares adecuados, puede hablar y o\u00edr<br \/>por radio sin tener que usar las manos.<\/p>\n<p><strong>SIRENA DE EMERGENCIA<\/strong><\/p>\n<p>Se puede programar un bot\u00f3n espec\u00edfico en la parte superior de la radio para que emita un sonido agudo al pulsarlo en caso de emergencia.<\/p>\n<p><strong>12,5 khZ \/ 25 khZ ESPACIO DE CANAL PROGRAMABLE<\/strong><\/p>\n<p>Cada canal puede programarse con una separaci\u00f3n entre canales de 12,5 kHz o 25 kHz para adaptarse a los cambios en la normativa gubernamental.<\/p>\n<p><strong>ESCALERA<\/strong><\/p>\n<p>Cuando no se responde a una llamada selectiva o de alerta, el tono de alerta aumenta gradualmente.<\/p>\n\t\t<\/div>\n\t\t\t\t\t<\/div>\n\n\t\n\n\t<div id=\"col-1528411837\" class=\"col medium-6 small-12 large-6\"  >\n\t\t\t\t<div class=\"col-inner text-left\"  >\n\t\t\t\n\t\t\t\n\t\t<\/div>\n\t\t\t\t\t<\/div>\n\n\t\n<\/div>\n<\/div>\n<div id=\"tab_accesorios\" class=\"panel entry-content\" role=\"tabpanel\" aria-labelledby=\"tab-accesorios\">\n<div class=\"row align-middle\"  id=\"row-1152048367\">\n\n\t<div id=\"col-230849925\" class=\"col medium-10 small-12 large-10\"  >\n\t\t\t\t<div class=\"col-inner\"  >\n\t\t\t\n\t\t\t\n<p>CONTENIDO<\/p>\n\t\t<\/div>\n\t\t\t\t\t<\/div>\n\n\t\n\n\t<div id=\"col-2105901204\" class=\"col medium-2 small-12 large-2\"  >\n\t\t\t\t<div class=\"col-inner\"  >\n\t\t\t\n\t\t\t\n\t\t<\/div>\n\t\t\t\t\t<\/div>\n\n\t\n<\/div>\n<\/div>\n<div id=\"tab_descargas\" class=\"panel entry-content\" role=\"tabpanel\" aria-labelledby=\"tab-descargas\">\n<div class=\"row\"  id=\"row-1425229254\">\n\n\t<div id=\"col-652870335\" class=\"col medium-10 small-12 large-10\"  >\n\t\t\t\t<div class=\"col-inner\"  >\n\t\t\t\n\t\t\t\n<p><a href=\"https:\/\/www.abix.com.br\/wp-content\/uploads\/Ficha-PRO5150.pdf\">Hoja de datos de PRO5150<\/a><\/p>\n\t\t<\/div>\n\t\t\t\t\t<\/div>\n\n\t\n<\/div>\n<\/div>\n<div id=\"tab_especificaciones\" class=\"panel entry-content\" role=\"tabpanel\" aria-labelledby=\"tab-especificaciones\">\n<div class=\"row\"  id=\"row-1934954229\">\n\n\t<div id=\"col-1319459166\" class=\"col medium-9 small-12 large-9\"  >\n\t\t\t\t<div class=\"col-inner\"  >\n\t\t\t\n\t\t\t\n<h3>CARACTER\u00cdSTICAS F\u00cdSICAS<\/h3>\n<ul>\n<li><strong>Dimensiones (bater\u00eda est\u00e1ndar de alta capacidad, sin clip)<\/strong><\/li>\n<\/ul>\n<p>5,40 pulg. x 2,26 pulg. x 1,50 pulg.<\/p>\n<p>137 mm x 57,5 mm x 37,5 mm<\/p>\n<ul>\n<li><strong>Peso (gramos \/ onzas)<\/strong><\/li>\n<\/ul>\n<p>420\/15<\/p>\n<h3>ESPECIFICACIONES MILITARES<\/h3>\n<p>810C &#8211; 810D &#8211; 810E<\/p>\n<h3>CARACTER\u00cdSTICAS DE RENDIMIENTO<\/h3>\n<ul>\n<li><strong>Duraci\u00f3n media de la bater\u00eda<\/strong><\/li>\n<\/ul>\n<p>11 horas a baja potencia \/ 08 horas a alta potencia<\/p>\n<ul>\n<li><strong>Gama de frecuencias<\/strong><\/li>\n<\/ul>\n<p>146 &#8211; 174 MHz<\/p>\n<p>403 &#8211; 440 MHz<\/p>\n<p>450 &#8211; 527 MHz<\/p>\n<ul>\n<li><strong>Separaci\u00f3n entre canales<\/strong><\/li>\n<\/ul>\n<p>20 KHz<\/p>\n<ul>\n<li><b>Alimentaci\u00f3n<\/b><\/li>\n<\/ul>\n<p>Bater\u00eda recargable de 7,5 voltios<\/p>\n\t\t<\/div>\n\t\t\t\t\t<\/div>\n\n\t\n<\/div>\n<\/div><\/div><\/div>\n\t\t<\/div>\n\t\t\t\t\t<\/div>\n\n\t\n<\/div>\n\t\t<\/div>\n\t\t\t\t\t<\/div>\n\n\t\n<\/div>\n\t\t<\/div>\n\n\t\t\n<style>\n#section_1280515186 {\n  padding-top: 0px;\n  padding-bottom: 0px;\n}\n<\/style>\n\t<\/section>\n\t\n","protected":false},"excerpt":{"rendered":"<p style=\"text-align: justify;\">La radio port\u00e1til PRO5150 es la soluci\u00f3n econ\u00f3mica para los profesionales que necesitan una radio resistente y fiable para mantenerse en contacto. Esta pr\u00e1ctica radio puede ayudarle f\u00e1cilmente a aumentar su productividad manteniendo a los usuarios comunicados y, al mismo tiempo, agilizando el uso de la radio, lo que le permite concentrarse en el trabajo que tiene entre manos. Y con la tecnolog\u00eda de compresi\u00f3n de voz X-Pand\u2122, la calidad de audio es clara y n\u00edtida, en cualquier entorno. Con la radio port\u00e1til PRO5150, la comunicaci\u00f3n no puede ser m\u00e1s f\u00e1cil<\/p>\n","protected":false},"featured_media":9958,"comment_status":"closed","ping_status":"closed","template":"","meta":[],"product_brand":[],"product_cat":[155,157,163],"product_tag":[],"class_list":{"0":"post-19633","1":"product","2":"type-product","3":"status-publish","4":"has-post-thumbnail","6":"product_cat-linea-profesional","7":"product_cat-motorola-es","8":"product_cat-radios-analogicas","10":"first","11":"instock","12":"shipping-taxable","13":"product-type-simple"},"yoast_head":"<!-- This site is optimized with the Yoast SEO plugin v27.4 - https:\/\/yoast.com\/product\/yoast-seo-wordpress\/ -->\n<title>RADIO PORT\u00c1TIL ANAL\u00d3GICA - PRO5150 - Abix<\/title>\n<meta name=\"description\" content=\"La radio port\u00e1til PRO5150 es la soluci\u00f3n econ\u00f3mica para los profesionales que necesitan una radio resistente y fiable para mantenerse en contacto.\" \/>\n<meta name=\"robots\" content=\"index, follow, max-snippet:-1, max-image-preview:large, max-video-preview:-1\" \/>\n<link rel=\"canonical\" href=\"https:\/\/abix.com.br\/produto\/pro5150\/\" \/>\n<meta property=\"og:locale\" content=\"es_ES\" \/>\n<meta property=\"og:type\" content=\"article\" \/>\n<meta property=\"og:title\" content=\"RADIO PORT\u00c1TIL ANAL\u00d3GICA - PRO5150 - Abix\" \/>\n<meta property=\"og:description\" content=\"La radio port\u00e1til PRO5150 es la soluci\u00f3n econ\u00f3mica para los profesionales que necesitan una radio resistente y fiable para mantenerse en contacto.\" \/>\n<meta property=\"og:url\" content=\"https:\/\/abix.com.br\/produto\/pro5150\/\" \/>\n<meta property=\"og:site_name\" content=\"Abix\" \/>\n<meta property=\"article:modified_time\" content=\"2023-10-20T10:46:34+00:00\" \/>\n<meta property=\"og:image\" content=\"https:\/\/abix.com.br\/wp-content\/uploads\/2020\/05\/PRO5150-FRONT.jpg\" \/>\n\t<meta property=\"og:image:width\" content=\"671\" \/>\n\t<meta property=\"og:image:height\" content=\"675\" \/>\n\t<meta property=\"og:image:type\" content=\"image\/jpeg\" \/>\n<meta name=\"twitter:card\" content=\"summary_large_image\" \/>\n<meta name=\"twitter:label1\" content=\"Tiempo de lectura\" \/>\n\t<meta name=\"twitter:data1\" content=\"2 minutos\" \/>\n<script type=\"application\/ld+json\" class=\"yoast-schema-graph\">{\"@context\":\"https:\\\/\\\/schema.org\",\"@graph\":[{\"@type\":\"WebPage\",\"@id\":\"https:\\\/\\\/abix.com.br\\\/produto\\\/pro5150\\\/\",\"url\":\"https:\\\/\\\/abix.com.br\\\/produto\\\/pro5150\\\/\",\"name\":\"RADIO PORT\u00c1TIL ANAL\u00d3GICA - PRO5150 - Abix\",\"isPartOf\":{\"@id\":\"https:\\\/\\\/abix.com.br\\\/#website\"},\"primaryImageOfPage\":{\"@id\":\"https:\\\/\\\/abix.com.br\\\/produto\\\/pro5150\\\/#primaryimage\"},\"image\":{\"@id\":\"https:\\\/\\\/abix.com.br\\\/produto\\\/pro5150\\\/#primaryimage\"},\"thumbnailUrl\":\"https:\\\/\\\/abix.com.br\\\/wp-content\\\/uploads\\\/2020\\\/05\\\/PRO5150-FRONT.jpg\",\"datePublished\":\"2020-05-20T14:04:42+00:00\",\"dateModified\":\"2023-10-20T10:46:34+00:00\",\"description\":\"La radio port\u00e1til PRO5150 es la soluci\u00f3n econ\u00f3mica para los profesionales que necesitan una radio resistente y fiable para mantenerse en contacto.\",\"breadcrumb\":{\"@id\":\"https:\\\/\\\/abix.com.br\\\/produto\\\/pro5150\\\/#breadcrumb\"},\"inLanguage\":\"es\",\"potentialAction\":[{\"@type\":\"ReadAction\",\"target\":[\"https:\\\/\\\/abix.com.br\\\/produto\\\/pro5150\\\/\"]}]},{\"@type\":\"ImageObject\",\"inLanguage\":\"es\",\"@id\":\"https:\\\/\\\/abix.com.br\\\/produto\\\/pro5150\\\/#primaryimage\",\"url\":\"https:\\\/\\\/abix.com.br\\\/wp-content\\\/uploads\\\/2020\\\/05\\\/PRO5150-FRONT.jpg\",\"contentUrl\":\"https:\\\/\\\/abix.com.br\\\/wp-content\\\/uploads\\\/2020\\\/05\\\/PRO5150-FRONT.jpg\",\"width\":671,\"height\":675,\"caption\":\"R\u00c1DIO PORT\u00c1TIL ANAL\u00d3GICO PRO5150\"},{\"@type\":\"BreadcrumbList\",\"@id\":\"https:\\\/\\\/abix.com.br\\\/produto\\\/pro5150\\\/#breadcrumb\",\"itemListElement\":[{\"@type\":\"ListItem\",\"position\":1,\"name\":\"In\u00edcio\",\"item\":\"https:\\\/\\\/abix.com.br\\\/es\\\/\"},{\"@type\":\"ListItem\",\"position\":2,\"name\":\"Tienda\",\"item\":\"https:\\\/\\\/abix.com.br\\\/loja\\\/\"},{\"@type\":\"ListItem\",\"position\":3,\"name\":\"RADIO PORT\u00c1TIL ANAL\u00d3GICA &#8211; PRO5150\"}]},{\"@type\":\"WebSite\",\"@id\":\"https:\\\/\\\/abix.com.br\\\/#website\",\"url\":\"https:\\\/\\\/abix.com.br\\\/\",\"name\":\"Abix\",\"description\":\"\",\"potentialAction\":[{\"@type\":\"SearchAction\",\"target\":{\"@type\":\"EntryPoint\",\"urlTemplate\":\"https:\\\/\\\/abix.com.br\\\/?s={search_term_string}\"},\"query-input\":{\"@type\":\"PropertyValueSpecification\",\"valueRequired\":true,\"valueName\":\"search_term_string\"}}],\"inLanguage\":\"es\"}]}<\/script>\n<!-- \/ Yoast SEO plugin. -->","yoast_head_json":{"title":"RADIO PORT\u00c1TIL ANAL\u00d3GICA - PRO5150 - Abix","description":"La radio port\u00e1til PRO5150 es la soluci\u00f3n econ\u00f3mica para los profesionales que necesitan una radio resistente y fiable para mantenerse en contacto.","robots":{"index":"index","follow":"follow","max-snippet":"max-snippet:-1","max-image-preview":"max-image-preview:large","max-video-preview":"max-video-preview:-1"},"canonical":"https:\/\/abix.com.br\/produto\/pro5150\/","og_locale":"es_ES","og_type":"article","og_title":"RADIO PORT\u00c1TIL ANAL\u00d3GICA - PRO5150 - Abix","og_description":"La radio port\u00e1til PRO5150 es la soluci\u00f3n econ\u00f3mica para los profesionales que necesitan una radio resistente y fiable para mantenerse en contacto.","og_url":"https:\/\/abix.com.br\/produto\/pro5150\/","og_site_name":"Abix","article_modified_time":"2023-10-20T10:46:34+00:00","og_image":[{"width":671,"height":675,"url":"https:\/\/abix.com.br\/wp-content\/uploads\/2020\/05\/PRO5150-FRONT.jpg","type":"image\/jpeg"}],"twitter_card":"summary_large_image","twitter_misc":{"Tiempo de lectura":"2 minutos"},"schema":{"@context":"https:\/\/schema.org","@graph":[{"@type":"WebPage","@id":"https:\/\/abix.com.br\/produto\/pro5150\/","url":"https:\/\/abix.com.br\/produto\/pro5150\/","name":"RADIO PORT\u00c1TIL ANAL\u00d3GICA - PRO5150 - Abix","isPartOf":{"@id":"https:\/\/abix.com.br\/#website"},"primaryImageOfPage":{"@id":"https:\/\/abix.com.br\/produto\/pro5150\/#primaryimage"},"image":{"@id":"https:\/\/abix.com.br\/produto\/pro5150\/#primaryimage"},"thumbnailUrl":"https:\/\/abix.com.br\/wp-content\/uploads\/2020\/05\/PRO5150-FRONT.jpg","datePublished":"2020-05-20T14:04:42+00:00","dateModified":"2023-10-20T10:46:34+00:00","description":"La radio port\u00e1til PRO5150 es la soluci\u00f3n econ\u00f3mica para los profesionales que necesitan una radio resistente y fiable para mantenerse en contacto.","breadcrumb":{"@id":"https:\/\/abix.com.br\/produto\/pro5150\/#breadcrumb"},"inLanguage":"es","potentialAction":[{"@type":"ReadAction","target":["https:\/\/abix.com.br\/produto\/pro5150\/"]}]},{"@type":"ImageObject","inLanguage":"es","@id":"https:\/\/abix.com.br\/produto\/pro5150\/#primaryimage","url":"https:\/\/abix.com.br\/wp-content\/uploads\/2020\/05\/PRO5150-FRONT.jpg","contentUrl":"https:\/\/abix.com.br\/wp-content\/uploads\/2020\/05\/PRO5150-FRONT.jpg","width":671,"height":675,"caption":"R\u00c1DIO PORT\u00c1TIL ANAL\u00d3GICO PRO5150"},{"@type":"BreadcrumbList","@id":"https:\/\/abix.com.br\/produto\/pro5150\/#breadcrumb","itemListElement":[{"@type":"ListItem","position":1,"name":"In\u00edcio","item":"https:\/\/abix.com.br\/es\/"},{"@type":"ListItem","position":2,"name":"Tienda","item":"https:\/\/abix.com.br\/loja\/"},{"@type":"ListItem","position":3,"name":"RADIO PORT\u00c1TIL ANAL\u00d3GICA &#8211; PRO5150"}]},{"@type":"WebSite","@id":"https:\/\/abix.com.br\/#website","url":"https:\/\/abix.com.br\/","name":"Abix","description":"","potentialAction":[{"@type":"SearchAction","target":{"@type":"EntryPoint","urlTemplate":"https:\/\/abix.com.br\/?s={search_term_string}"},"query-input":{"@type":"PropertyValueSpecification","valueRequired":true,"valueName":"search_term_string"}}],"inLanguage":"es"}]}},"_links":{"self":[{"href":"https:\/\/abix.com.br\/es\/wp-json\/wp\/v2\/product\/19633","targetHints":{"allow":["GET"]}}],"collection":[{"href":"https:\/\/abix.com.br\/es\/wp-json\/wp\/v2\/product"}],"about":[{"href":"https:\/\/abix.com.br\/es\/wp-json\/wp\/v2\/types\/product"}],"replies":[{"embeddable":true,"href":"https:\/\/abix.com.br\/es\/wp-json\/wp\/v2\/comments?post=19633"}],"wp:featuredmedia":[{"embeddable":true,"href":"https:\/\/abix.com.br\/es\/wp-json\/wp\/v2\/media\/9958"}],"wp:attachment":[{"href":"https:\/\/abix.com.br\/es\/wp-json\/wp\/v2\/media?parent=19633"}],"wp:term":[{"taxonomy":"product_brand","embeddable":true,"href":"https:\/\/abix.com.br\/es\/wp-json\/wp\/v2\/product_brand?post=19633"},{"taxonomy":"product_cat","embeddable":true,"href":"https:\/\/abix.com.br\/es\/wp-json\/wp\/v2\/product_cat?post=19633"},{"taxonomy":"product_tag","embeddable":true,"href":"https:\/\/abix.com.br\/es\/wp-json\/wp\/v2\/product_tag?post=19633"}],"curies":[{"name":"wp","href":"https:\/\/api.w.org\/{rel}","templated":true}]}}