{"id":19634,"date":"2020-05-20T10:23:39","date_gmt":"2020-05-20T13:23:39","guid":{"rendered":"https:\/\/abix.com.br\/produto\/radio-portatil-analogica-ep450\/"},"modified":"2023-10-20T07:46:57","modified_gmt":"2023-10-20T10:46:57","slug":"radio-portatil-analogica-ep450","status":"publish","type":"product","link":"https:\/\/abix.com.br\/es\/produto\/radio-portatil-analogica-ep450\/","title":{"rendered":"RADIO PORT\u00c1TIL ANAL\u00d3GICA &#8211; EP450"},"content":{"rendered":"\n\t<section class=\"section\" id=\"section_1096637254\">\n\t\t<div class=\"section-bg fill\" >\n\t\t\t\t\t\t\t\t\t\n\t\t\t\n\n\t\t<\/div>\n\n\t\t\n\n\t\t<div class=\"section-content relative\">\n\t\t\t\n<div class=\"row\"  id=\"row-195922604\">\n\n\t<div id=\"col-1973438130\" class=\"col small-12 large-12\"  >\n\t\t\t\t<div class=\"col-inner\"  >\n\t\t\t\n\t\t\t\n<div class=\"row\"  id=\"row-753532360\">\n\n\t<div id=\"col-523146456\" class=\"col small-12 large-12\"  >\n\t\t\t\t<div class=\"col-inner\"  >\n\t\t\t\n\t\t\t\n\n\t\t<div class=\"tabbed-content locacao-tabs\">\n\t\t\t\n\t\t\t<ul class=\"nav nav-tabs nav-normal nav-size-xlarge nav-left active-on-hover\" role=\"tablist\"><li id=\"tab-informaci\u00d3n\" class=\"tab active has-icon\" role=\"presentation\"><a href=\"#tab_informaci\u00d3n\" role=\"tab\" aria-selected=\"true\" aria-controls=\"tab_informaci\u00d3n\"><span>INFORMACI\u00d3N<\/span><\/a><\/li>\n<li id=\"tab-accesorios\" class=\"tab has-icon\" role=\"presentation\"><a href=\"#tab_accesorios\" tabindex=\"-1\" role=\"tab\" aria-selected=\"false\" aria-controls=\"tab_accesorios\"><span>ACCESORIOS<\/span><\/a><\/li>\n<li id=\"tab-descargas\" class=\"tab has-icon\" role=\"presentation\"><a href=\"#tab_descargas\" tabindex=\"-1\" role=\"tab\" aria-selected=\"false\" aria-controls=\"tab_descargas\"><span>DESCARGAS<\/span><\/a><\/li>\n<li id=\"tab-especificaciones\" class=\"tab has-icon\" role=\"presentation\"><a href=\"#tab_especificaciones\" tabindex=\"-1\" role=\"tab\" aria-selected=\"false\" aria-controls=\"tab_especificaciones\"><span>ESPECIFICACIONES<\/span><\/a><\/li><\/ul><div class=\"tab-panels\"><div id=\"tab_informaci\u00d3n\" class=\"panel active entry-content\" role=\"tabpanel\" aria-labelledby=\"tab-informaci\u00d3n\">\n<div class=\"row\"  id=\"row-1955439916\">\n\n\t<div id=\"col-1304360284\" class=\"col medium-6 small-12 large-6\"  >\n\t\t\t\t<div class=\"col-inner\"  >\n\t\t\t\n\t\t\t\n<p><strong>16 CANALES<\/strong><\/p>\n<p>Organice sus equipos de trabajo en varios grupos de conversaci\u00f3n individual. Una herramienta ideal para operaciones complejas en las que la comunicaci\u00f3n entre distintos equipos es esencial.<\/p>\n<p><strong>EXPLORACI\u00d3N DE DOBLE PRIORIDAD<\/strong><\/p>\n<p>Utilice la exploraci\u00f3n frecuente de la actividad prioritaria del canal para evitar perder informaci\u00f3n vital. Utilice esta funci\u00f3n para situaciones en las que necesite supervisar uno o dos grupos con mayor frecuencia.<\/p>\n<p><strong>PTT-ID (ENVIAR \/ RECIBIR)<\/strong><\/p>\n<p>Puede optimizar su tiempo identificando r\u00e1pidamente a los usuarios de la radio.<\/p>\n<p><strong>TRANSMISI\u00d3N INTERNA ACTIVADA POR VOZ (VOX)<\/strong><\/p>\n<p>Con la ayuda de un accesorio adecuado, podr\u00e1 hablar y escuchar sin tener que utilizar las manos. No interrumpa sus tareas, ahorre tiempo y sea m\u00e1s productivo.<\/p>\n<p><b>INHIBICI\u00d3N SELECTIVA DE EP450 RADIO<\/b><\/p>\n<p>La radio EP450 est\u00e1 equipada con una funci\u00f3n de seguridad que le permite localizar unidades inoperativas de vez en cuando cuando se env\u00eda una se\u00f1al de inhibici\u00f3n desde la estaci\u00f3n base. Esta funci\u00f3n se utiliza normalmente para radios desactivadas, en caso de robo o por razones de control del sistema. Cuando la radio es localizada por la estaci\u00f3n base, todos los controles estar\u00e1n fuera de servicio excepto el bot\u00f3n de encendido.<\/p>\n\t\t<\/div>\n\t\t\t\t\t<\/div>\n\n\t\n\n\t<div id=\"col-1204481181\" class=\"col medium-6 small-12 large-6\"  >\n\t\t\t\t<div class=\"col-inner text-left\"  >\n\t\t\t\n\t\t\t\n\t\t<\/div>\n\t\t\t\t\t<\/div>\n\n\t\n<\/div>\n<\/div>\n<div id=\"tab_accesorios\" class=\"panel entry-content\" role=\"tabpanel\" aria-labelledby=\"tab-accesorios\">\n<div class=\"row align-middle\"  id=\"row-303656989\">\n\n\t<div id=\"col-372154966\" class=\"col medium-10 small-12 large-10\"  >\n\t\t\t\t<div class=\"col-inner\"  >\n\t\t\t\n\t\t\t\n<p>CONTENIDO<\/p>\n\t\t<\/div>\n\t\t\t\t\t<\/div>\n\n\t\n\n\t<div id=\"col-764477893\" class=\"col medium-2 small-12 large-2\"  >\n\t\t\t\t<div class=\"col-inner\"  >\n\t\t\t\n\t\t\t\n\t\t<\/div>\n\t\t\t\t\t<\/div>\n\n\t\n<\/div>\n<\/div>\n<div id=\"tab_descargas\" class=\"panel entry-content\" role=\"tabpanel\" aria-labelledby=\"tab-descargas\">\n<div class=\"row\"  id=\"row-584416902\">\n\n\t<div id=\"col-1785748663\" class=\"col medium-10 small-12 large-10\"  >\n\t\t\t\t<div class=\"col-inner\"  >\n\t\t\t\n\t\t\t\n<p><a href=\"https:\/\/www.abix.com.br\/wp-content\/uploads\/Ficha-EP450.pdf\">Hoja de datos EP450<\/a><\/p>\n\t\t<\/div>\n\t\t\t\t\t<\/div>\n\n\t\n<\/div>\n<\/div>\n<div id=\"tab_especificaciones\" class=\"panel entry-content\" role=\"tabpanel\" aria-labelledby=\"tab-especificaciones\">\n<div class=\"row\"  id=\"row-114392151\">\n\n\t<div id=\"col-534060519\" class=\"col medium-9 small-12 large-9\"  >\n\t\t\t\t<div class=\"col-inner\"  >\n\t\t\t\n\t\t\t\n<h3>CARACTER\u00cdSTICAS F\u00cdSICAS<\/h3>\n<ul>\n<li><strong>Dimensiones<\/strong><\/li>\n<\/ul>\n<p>Anchura x Profundidad x Altura<\/p>\n<p>130,5 mm x 62 mm x 45 mm (5,12 pulg. x 2,44 pulg. x 1,77 pulg.)<\/p>\n<ul>\n<li><strong>Peso<\/strong><\/li>\n<\/ul>\n<p>397g<\/p>\n<h3>ESPECIFICACIONES MILITARES<\/h3>\n<p>810C &#8211; 810D &#8211; 810E &#8211; 810F<\/p>\n<h3>CARACTER\u00cdSTICAS DE RENDIMIENTO<\/h3>\n<ul>\n<li><strong>Duraci\u00f3n media de la bater\u00eda<\/strong><\/li>\n<\/ul>\n<p>17 horas a baja potencia \/ 12 horas a alta potencia<\/p>\n<ul>\n<li><strong>Gama de frecuencias<\/strong><\/li>\n<\/ul>\n<p>146 &#8211; 174 MHz<\/p>\n<p>403 &#8211; 440 MHz<\/p>\n<p>438 &#8211; 470 MHz<\/p>\n<p>465 &#8211; 495 MHz<\/p>\n<ul>\n<li><strong>Separaci\u00f3n entre canales<\/strong><\/li>\n<\/ul>\n<p>12,5 \/ 20 \/ 25 KHz<\/p>\n\t\t<\/div>\n\t\t\t\t\t<\/div>\n\n\t\n<\/div>\n<\/div><\/div><\/div>\n\t\t<\/div>\n\t\t\t\t\t<\/div>\n\n\t\n<\/div>\n\t\t<\/div>\n\t\t\t\t\t<\/div>\n\n\t\n<\/div>\n\t\t<\/div>\n\n\t\t\n<style>\n#section_1096637254 {\n  padding-top: 0px;\n  padding-bottom: 0px;\n}\n<\/style>\n\t<\/section>\n\t\n","protected":false},"excerpt":{"rendered":"<p style=\"text-align: justify;\">La radio Motorola EP450 con teclado y pantalla, de dise\u00f1o moderno e innovador, ergon\u00f3mica, ligera y compacta, garantiza su calidad.<\/p>\n<p style=\"text-align: justify;\">La radio port\u00e1til EP450 tiene varias caracter\u00edsticas que la hacen destacar: 64 canales, pantalla alfanum\u00e9rica de 8 caracteres, varias bandas de frecuencia, PL DPL, VOX integrado y varias opciones de bater\u00eda.<\/p>\n<p style=\"text-align: justify;\">Una soluci\u00f3n asequible para ofrecer un servicio de alta calidad.<\/p>\n","protected":false},"featured_media":9953,"comment_status":"closed","ping_status":"closed","template":"","meta":[],"product_brand":[],"product_cat":[155,157,163],"product_tag":[],"class_list":{"0":"post-19634","1":"product","2":"type-product","3":"status-publish","4":"has-post-thumbnail","6":"product_cat-linea-profesional","7":"product_cat-motorola-es","8":"product_cat-radios-analogicas","10":"first","11":"instock","12":"shipping-taxable","13":"product-type-simple"},"yoast_head":"<!-- This site is optimized with the Yoast SEO plugin v27.3 - https:\/\/yoast.com\/product\/yoast-seo-wordpress\/ -->\n<title>RADIO PORT\u00c1TIL ANAL\u00d3GICA - EP450 - Abix Tecnolog\u00eda<\/title>\n<meta name=\"description\" content=\"La radio Motorola EP450 con teclado y pantalla, de dise\u00f1o moderno e innovador, ergon\u00f3mica, ligera y compacta, garantiza su calidad.\" \/>\n<meta name=\"robots\" content=\"index, follow, max-snippet:-1, max-image-preview:large, max-video-preview:-1\" \/>\n<link rel=\"canonical\" href=\"https:\/\/abix.com.br\/produto\/ep450\/\" \/>\n<meta property=\"og:locale\" content=\"es_ES\" \/>\n<meta property=\"og:type\" content=\"article\" \/>\n<meta property=\"og:title\" content=\"RADIO PORT\u00c1TIL ANAL\u00d3GICA - EP450 - Abix Tecnolog\u00eda\" \/>\n<meta property=\"og:description\" content=\"La radio Motorola EP450 con teclado y pantalla, de dise\u00f1o moderno e innovador, ergon\u00f3mica, ligera y compacta, garantiza su calidad.\" \/>\n<meta property=\"og:url\" content=\"https:\/\/abix.com.br\/produto\/ep450\/\" \/>\n<meta property=\"og:site_name\" content=\"Abix\" \/>\n<meta property=\"article:modified_time\" content=\"2023-10-20T10:46:57+00:00\" \/>\n<meta property=\"og:image\" content=\"https:\/\/abix.com.br\/wp-content\/uploads\/2020\/05\/EP450.jpg\" \/>\n\t<meta property=\"og:image:width\" content=\"671\" \/>\n\t<meta property=\"og:image:height\" content=\"675\" \/>\n\t<meta property=\"og:image:type\" content=\"image\/jpeg\" \/>\n<meta name=\"twitter:card\" content=\"summary_large_image\" \/>\n<meta name=\"twitter:label1\" content=\"Tiempo de lectura\" \/>\n\t<meta name=\"twitter:data1\" content=\"2 minutos\" \/>\n<script type=\"application\/ld+json\" class=\"yoast-schema-graph\">{\"@context\":\"https:\\\/\\\/schema.org\",\"@graph\":[{\"@type\":\"WebPage\",\"@id\":\"https:\\\/\\\/abix.com.br\\\/produto\\\/ep450\\\/\",\"url\":\"https:\\\/\\\/abix.com.br\\\/produto\\\/ep450\\\/\",\"name\":\"RADIO PORT\u00c1TIL ANAL\u00d3GICA - EP450 - Abix Tecnolog\u00eda\",\"isPartOf\":{\"@id\":\"https:\\\/\\\/abix.com.br\\\/#website\"},\"primaryImageOfPage\":{\"@id\":\"https:\\\/\\\/abix.com.br\\\/produto\\\/ep450\\\/#primaryimage\"},\"image\":{\"@id\":\"https:\\\/\\\/abix.com.br\\\/produto\\\/ep450\\\/#primaryimage\"},\"thumbnailUrl\":\"https:\\\/\\\/abix.com.br\\\/wp-content\\\/uploads\\\/2020\\\/05\\\/EP450.jpg\",\"datePublished\":\"2020-05-20T13:23:39+00:00\",\"dateModified\":\"2023-10-20T10:46:57+00:00\",\"description\":\"La radio Motorola EP450 con teclado y pantalla, de dise\u00f1o moderno e innovador, ergon\u00f3mica, ligera y compacta, garantiza su calidad.\",\"breadcrumb\":{\"@id\":\"https:\\\/\\\/abix.com.br\\\/produto\\\/ep450\\\/#breadcrumb\"},\"inLanguage\":\"es\",\"potentialAction\":[{\"@type\":\"ReadAction\",\"target\":[\"https:\\\/\\\/abix.com.br\\\/produto\\\/ep450\\\/\"]}]},{\"@type\":\"ImageObject\",\"inLanguage\":\"es\",\"@id\":\"https:\\\/\\\/abix.com.br\\\/produto\\\/ep450\\\/#primaryimage\",\"url\":\"https:\\\/\\\/abix.com.br\\\/wp-content\\\/uploads\\\/2020\\\/05\\\/EP450.jpg\",\"contentUrl\":\"https:\\\/\\\/abix.com.br\\\/wp-content\\\/uploads\\\/2020\\\/05\\\/EP450.jpg\",\"width\":671,\"height\":675,\"caption\":\"R\u00c1DIO PORT\u00c1TIL ANAL\u00d3GICO EP450\"},{\"@type\":\"BreadcrumbList\",\"@id\":\"https:\\\/\\\/abix.com.br\\\/produto\\\/ep450\\\/#breadcrumb\",\"itemListElement\":[{\"@type\":\"ListItem\",\"position\":1,\"name\":\"In\u00edcio\",\"item\":\"https:\\\/\\\/abix.com.br\\\/es\\\/\"},{\"@type\":\"ListItem\",\"position\":2,\"name\":\"Tienda\",\"item\":\"https:\\\/\\\/abix.com.br\\\/loja\\\/\"},{\"@type\":\"ListItem\",\"position\":3,\"name\":\"RADIO PORT\u00c1TIL ANAL\u00d3GICA &#8211; EP450\"}]},{\"@type\":\"WebSite\",\"@id\":\"https:\\\/\\\/abix.com.br\\\/#website\",\"url\":\"https:\\\/\\\/abix.com.br\\\/\",\"name\":\"Abix\",\"description\":\"\",\"potentialAction\":[{\"@type\":\"SearchAction\",\"target\":{\"@type\":\"EntryPoint\",\"urlTemplate\":\"https:\\\/\\\/abix.com.br\\\/?s={search_term_string}\"},\"query-input\":{\"@type\":\"PropertyValueSpecification\",\"valueRequired\":true,\"valueName\":\"search_term_string\"}}],\"inLanguage\":\"es\"}]}<\/script>\n<!-- \/ Yoast SEO plugin. -->","yoast_head_json":{"title":"RADIO PORT\u00c1TIL ANAL\u00d3GICA - EP450 - Abix Tecnolog\u00eda","description":"La radio Motorola EP450 con teclado y pantalla, de dise\u00f1o moderno e innovador, ergon\u00f3mica, ligera y compacta, garantiza su calidad.","robots":{"index":"index","follow":"follow","max-snippet":"max-snippet:-1","max-image-preview":"max-image-preview:large","max-video-preview":"max-video-preview:-1"},"canonical":"https:\/\/abix.com.br\/produto\/ep450\/","og_locale":"es_ES","og_type":"article","og_title":"RADIO PORT\u00c1TIL ANAL\u00d3GICA - EP450 - Abix Tecnolog\u00eda","og_description":"La radio Motorola EP450 con teclado y pantalla, de dise\u00f1o moderno e innovador, ergon\u00f3mica, ligera y compacta, garantiza su calidad.","og_url":"https:\/\/abix.com.br\/produto\/ep450\/","og_site_name":"Abix","article_modified_time":"2023-10-20T10:46:57+00:00","og_image":[{"width":671,"height":675,"url":"https:\/\/abix.com.br\/wp-content\/uploads\/2020\/05\/EP450.jpg","type":"image\/jpeg"}],"twitter_card":"summary_large_image","twitter_misc":{"Tiempo de lectura":"2 minutos"},"schema":{"@context":"https:\/\/schema.org","@graph":[{"@type":"WebPage","@id":"https:\/\/abix.com.br\/produto\/ep450\/","url":"https:\/\/abix.com.br\/produto\/ep450\/","name":"RADIO PORT\u00c1TIL ANAL\u00d3GICA - EP450 - Abix Tecnolog\u00eda","isPartOf":{"@id":"https:\/\/abix.com.br\/#website"},"primaryImageOfPage":{"@id":"https:\/\/abix.com.br\/produto\/ep450\/#primaryimage"},"image":{"@id":"https:\/\/abix.com.br\/produto\/ep450\/#primaryimage"},"thumbnailUrl":"https:\/\/abix.com.br\/wp-content\/uploads\/2020\/05\/EP450.jpg","datePublished":"2020-05-20T13:23:39+00:00","dateModified":"2023-10-20T10:46:57+00:00","description":"La radio Motorola EP450 con teclado y pantalla, de dise\u00f1o moderno e innovador, ergon\u00f3mica, ligera y compacta, garantiza su calidad.","breadcrumb":{"@id":"https:\/\/abix.com.br\/produto\/ep450\/#breadcrumb"},"inLanguage":"es","potentialAction":[{"@type":"ReadAction","target":["https:\/\/abix.com.br\/produto\/ep450\/"]}]},{"@type":"ImageObject","inLanguage":"es","@id":"https:\/\/abix.com.br\/produto\/ep450\/#primaryimage","url":"https:\/\/abix.com.br\/wp-content\/uploads\/2020\/05\/EP450.jpg","contentUrl":"https:\/\/abix.com.br\/wp-content\/uploads\/2020\/05\/EP450.jpg","width":671,"height":675,"caption":"R\u00c1DIO PORT\u00c1TIL ANAL\u00d3GICO EP450"},{"@type":"BreadcrumbList","@id":"https:\/\/abix.com.br\/produto\/ep450\/#breadcrumb","itemListElement":[{"@type":"ListItem","position":1,"name":"In\u00edcio","item":"https:\/\/abix.com.br\/es\/"},{"@type":"ListItem","position":2,"name":"Tienda","item":"https:\/\/abix.com.br\/loja\/"},{"@type":"ListItem","position":3,"name":"RADIO PORT\u00c1TIL ANAL\u00d3GICA &#8211; EP450"}]},{"@type":"WebSite","@id":"https:\/\/abix.com.br\/#website","url":"https:\/\/abix.com.br\/","name":"Abix","description":"","potentialAction":[{"@type":"SearchAction","target":{"@type":"EntryPoint","urlTemplate":"https:\/\/abix.com.br\/?s={search_term_string}"},"query-input":{"@type":"PropertyValueSpecification","valueRequired":true,"valueName":"search_term_string"}}],"inLanguage":"es"}]}},"_links":{"self":[{"href":"https:\/\/abix.com.br\/es\/wp-json\/wp\/v2\/product\/19634","targetHints":{"allow":["GET"]}}],"collection":[{"href":"https:\/\/abix.com.br\/es\/wp-json\/wp\/v2\/product"}],"about":[{"href":"https:\/\/abix.com.br\/es\/wp-json\/wp\/v2\/types\/product"}],"replies":[{"embeddable":true,"href":"https:\/\/abix.com.br\/es\/wp-json\/wp\/v2\/comments?post=19634"}],"wp:featuredmedia":[{"embeddable":true,"href":"https:\/\/abix.com.br\/es\/wp-json\/wp\/v2\/media\/9953"}],"wp:attachment":[{"href":"https:\/\/abix.com.br\/es\/wp-json\/wp\/v2\/media?parent=19634"}],"wp:term":[{"taxonomy":"product_brand","embeddable":true,"href":"https:\/\/abix.com.br\/es\/wp-json\/wp\/v2\/product_brand?post=19634"},{"taxonomy":"product_cat","embeddable":true,"href":"https:\/\/abix.com.br\/es\/wp-json\/wp\/v2\/product_cat?post=19634"},{"taxonomy":"product_tag","embeddable":true,"href":"https:\/\/abix.com.br\/es\/wp-json\/wp\/v2\/product_tag?post=19634"}],"curies":[{"name":"wp","href":"https:\/\/api.w.org\/{rel}","templated":true}]}}