{"id":19635,"date":"2020-05-20T10:10:11","date_gmt":"2020-05-20T13:10:11","guid":{"rendered":"https:\/\/abix.com.br\/produto\/radio-portatil-analogica-pro7550\/"},"modified":"2023-10-20T07:47:21","modified_gmt":"2023-10-20T10:47:21","slug":"radio-portatil-analogica-pro7550","status":"publish","type":"product","link":"https:\/\/abix.com.br\/es\/produto\/radio-portatil-analogica-pro7550\/","title":{"rendered":"RADIO PORT\u00c1TIL ANAL\u00d3GICA &#8211; PRO7550"},"content":{"rendered":"\n\t<section class=\"section\" id=\"section_1086626388\">\n\t\t<div class=\"section-bg fill\" >\n\t\t\t\t\t\t\t\t\t\n\t\t\t\n\n\t\t<\/div>\n\n\t\t\n\n\t\t<div class=\"section-content relative\">\n\t\t\t\n<div class=\"row\"  id=\"row-1907439808\">\n\n\t<div id=\"col-778769803\" class=\"col small-12 large-12\"  >\n\t\t\t\t<div class=\"col-inner\"  >\n\t\t\t\n\t\t\t\n<div class=\"row\"  id=\"row-374578484\">\n\n\t<div id=\"col-608386589\" class=\"col small-12 large-12\"  >\n\t\t\t\t<div class=\"col-inner\"  >\n\t\t\t\n\t\t\t\n\n\t\t<div class=\"tabbed-content locacao-tabs\">\n\t\t\t\n\t\t\t<ul class=\"nav nav-tabs nav-normal nav-size-xlarge nav-left active-on-hover\" role=\"tablist\"><li id=\"tab-informaci\u00d3n\" class=\"tab active has-icon\" role=\"presentation\"><a href=\"#tab_informaci\u00d3n\" role=\"tab\" aria-selected=\"true\" aria-controls=\"tab_informaci\u00d3n\"><span>INFORMACI\u00d3N<\/span><\/a><\/li>\n<li id=\"tab-accesorios\" class=\"tab has-icon\" role=\"presentation\"><a href=\"#tab_accesorios\" tabindex=\"-1\" role=\"tab\" aria-selected=\"false\" aria-controls=\"tab_accesorios\"><span>ACCESORIOS<\/span><\/a><\/li>\n<li id=\"tab-descargas\" class=\"tab has-icon\" role=\"presentation\"><a href=\"#tab_descargas\" tabindex=\"-1\" role=\"tab\" aria-selected=\"false\" aria-controls=\"tab_descargas\"><span>DESCARGAS<\/span><\/a><\/li>\n<li id=\"tab-especificaciones\" class=\"tab has-icon\" role=\"presentation\"><a href=\"#tab_especificaciones\" tabindex=\"-1\" role=\"tab\" aria-selected=\"false\" aria-controls=\"tab_especificaciones\"><span>ESPECIFICACIONES<\/span><\/a><\/li><\/ul><div class=\"tab-panels\"><div id=\"tab_informaci\u00d3n\" class=\"panel active entry-content\" role=\"tabpanel\" aria-labelledby=\"tab-informaci\u00d3n\">\n<div class=\"row\"  id=\"row-184138070\">\n\n\t<div id=\"col-1746328247\" class=\"col medium-6 small-12 large-6\"  >\n\t\t\t\t<div class=\"col-inner\"  >\n\t\t\t\n\t\t\t\n<p><strong>M\u00daLTIPLES SISTEMAS\/M\u00daLTIPLES GRUPOS DE CONVERSACI\u00d3N<\/strong><\/p>\n<p>Proporciona un funcionamiento flexible y acceso a hasta 10 sistemas\/15 grupos de conversaci\u00f3n, lo que permite una mejor cooperaci\u00f3n y coordinaci\u00f3n entre los distintos equipos de su organizaci\u00f3n.<\/p>\n<p><strong>EXPLORACI\u00d3N DE GRUPOS DE CHAT<\/strong><\/p>\n<p>Puede supervisar m\u00faltiples actividades explorando una combinaci\u00f3n de grupos de chat y canales de mensajer\u00eda convencionales, y controlar los canales en un entorno multisistema.<\/p>\n<p><strong>MODO DE COMUNICACI\u00d3N DIRECTA CONVENCIONAL<\/strong><\/p>\n<p>Permite las comunicaciones de unidad a unidad cuando el sistema est\u00e1 fuera de cobertura.<\/p>\n<p><strong>PANTALLA LCD DE 14 CARACTERES CON NOMBRE EN CLAVE<\/strong><\/p>\n<p>La pantalla alfanum\u00e9rica de 14 caracteres con iconos facilita la comprensi\u00f3n de las funciones y comandos de la radio.<\/p>\n<p><strong>CAPACIDAD DE INTERCONEXI\u00d3N TELEF\u00d3NICA<\/strong><\/p>\n<p>La radio PRO7550 permite a los usuarios recibir y realizar llamadas a trav\u00e9s del sistema troncalizado. Se puede acceder a los n\u00fameros m\u00e1s utilizados a trav\u00e9s de la agenda telef\u00f3nica configurada por el usuario.<\/p>\n\t\t<\/div>\n\t\t\t\t\t<\/div>\n\n\t\n\n\t<div id=\"col-1358809100\" class=\"col medium-6 small-12 large-6\"  >\n\t\t\t\t<div class=\"col-inner text-left\"  >\n\t\t\t\n\t\t\t\n\t\t<\/div>\n\t\t\t\t\t<\/div>\n\n\t\n<\/div>\n<\/div>\n<div id=\"tab_accesorios\" class=\"panel entry-content\" role=\"tabpanel\" aria-labelledby=\"tab-accesorios\">\n<div class=\"row align-middle\"  id=\"row-701777944\">\n\n\t<div id=\"col-1181164889\" class=\"col medium-10 small-12 large-10\"  >\n\t\t\t\t<div class=\"col-inner\"  >\n\t\t\t\n\t\t\t\n<p>CONTENIDO<\/p>\n\t\t<\/div>\n\t\t\t\t\t<\/div>\n\n\t\n\n\t<div id=\"col-644662973\" class=\"col medium-2 small-12 large-2\"  >\n\t\t\t\t<div class=\"col-inner\"  >\n\t\t\t\n\t\t\t\n\t\t<\/div>\n\t\t\t\t\t<\/div>\n\n\t\n<\/div>\n<\/div>\n<div id=\"tab_descargas\" class=\"panel entry-content\" role=\"tabpanel\" aria-labelledby=\"tab-descargas\">\n<div class=\"row\"  id=\"row-957534458\">\n\n\t<div id=\"col-1869494756\" class=\"col medium-10 small-12 large-10\"  >\n\t\t\t\t<div class=\"col-inner\"  >\n\t\t\t\n\t\t\t\n<p><a href=\"https:\/\/www.abix.com.br\/wp-content\/uploads\/Ficha-PRO7550.pdf\">Hoja de datos de PRO7550<\/a><\/p>\n\t\t<\/div>\n\t\t\t\t\t<\/div>\n\n\t\n<\/div>\n<\/div>\n<div id=\"tab_especificaciones\" class=\"panel entry-content\" role=\"tabpanel\" aria-labelledby=\"tab-especificaciones\">\n<div class=\"row\"  id=\"row-681797647\">\n\n\t<div id=\"col-179967206\" class=\"col medium-9 small-12 large-9\"  >\n\t\t\t\t<div class=\"col-inner\"  >\n\t\t\t\n\t\t\t\n<h3>CARACTER\u00cdSTICAS F\u00cdSICAS<\/h3>\n<ul>\n<li><strong>Dimensiones con bater\u00eda NiMH est\u00e1ndar de alta capacidad; sin clip para cintur\u00f3n<\/strong><\/li>\n<\/ul>\n<p>Altura x Anchura x Profundidad<\/p>\n<p>137 mm x 57,5 mm x 37,5 mm<\/p>\n<p>5,40 pulg. x 2,26 pulg. x 1,5 pulg.<\/p>\n<ul>\n<li><strong>Peso (gramos \/ onzas)<\/strong><\/li>\n<\/ul>\n<p>420 \/ 15<\/p>\n<h3>ESPECIFICACIONES MILITARES<\/h3>\n<p>810C &#8211; 810D &#8211; 810E<\/p>\n<h3>CARACTER\u00cdSTICAS DE RENDIMIENTO<\/h3>\n<ul>\n<li><strong>Alimentaci\u00f3n<\/strong><\/li>\n<\/ul>\n<p>Bater\u00eda recargable de 7,5 voltios<\/p>\n<ul>\n<li><strong>Duraci\u00f3n media de la bater\u00eda<\/strong><\/li>\n<\/ul>\n<p>11 horas a baja potencia \/ 8 horas a alta potencia<\/p>\n<ul>\n<li><strong>Gama de frecuencias<\/strong><\/li>\n<\/ul>\n<p>806 &#8211; 824 MHz<\/p>\n<p>851 &#8211; 869 MHz<\/p>\n<ul>\n<li><strong>Separaci\u00f3n entre canales<\/strong><\/li>\n<\/ul>\n<p>25 KHz<\/p>\n\t\t<\/div>\n\t\t\t\t\t<\/div>\n\n\t\n<\/div>\n<\/div><\/div><\/div>\n\t\t<\/div>\n\t\t\t\t\t<\/div>\n\n\t\n<\/div>\n\t\t<\/div>\n\t\t\t\t\t<\/div>\n\n\t\n<\/div>\n\t\t<\/div>\n\n\t\t\n<style>\n#section_1086626388 {\n  padding-top: 0px;\n  padding-bottom: 0px;\n}\n<\/style>\n\t<\/section>\n\t\n","protected":false},"excerpt":{"rendered":"<p style=\"text-align: justify;\">La radio PRO7550 Privacy Plus de la serie PRO es esencial en un entorno din\u00e1mico en el que las comunicaciones eficaces e instant\u00e1neas son un factor cr\u00edtico. Utilizando esta radio multifunci\u00f3n en un sistema SMARTNET de 800 MHz, puede mejorar su eficacia operativa, reducir los riesgos para la seguridad de los empleados y maximizar su capacidad de reacci\u00f3n en situaciones de emergencia, sea cual sea su sector.<\/p>\n<p style=\"text-align: justify;\">Las funciones de se\u00f1al troncal de Motorola, como Llamada Selectiva, Call Alert\u2122, Verificaci\u00f3n de Radio e Identificaci\u00f3n de Llamada (PTT-ID), le permiten supervisar grupos de trabajo de forma eficiente. La eficacia del sistema troncalizado le ofrece una cobertura de llamadas m\u00e1s amplia, un acceso m\u00e1s r\u00e1pido a los canales, mayor privacidad y capacidad para un mayor n\u00famero de usuarios y grupos de conversaci\u00f3n. Adem\u00e1s de todo esto, su radio port\u00e1til PRO7550 Privacy Plus se puede reprogramar f\u00e1cilmente, lo que le da la tranquilidad de saber que su radio seguir\u00e1 siendo de gran utilidad a medida que su empresa crezca y sus necesidades cambien.<\/p>\n","protected":false},"featured_media":9942,"comment_status":"closed","ping_status":"closed","template":"","meta":[],"product_brand":[],"product_cat":[155,157,184,163],"product_tag":[],"class_list":{"0":"post-19635","1":"product","2":"type-product","3":"status-publish","4":"has-post-thumbnail","6":"product_cat-linea-profesional","7":"product_cat-motorola-es","8":"product_cat-privacy-plus-es","9":"product_cat-radios-analogicas","11":"first","12":"instock","13":"shipping-taxable","14":"product-type-simple"},"yoast_head":"<!-- This site is optimized with the Yoast SEO plugin v27.4 - https:\/\/yoast.com\/product\/yoast-seo-wordpress\/ -->\n<title>RADIO PORT\u00c1TIL ANAL\u00d3GICA - PRO7550 - Abix<\/title>\n<meta name=\"description\" content=\"La radio PRO7550 Privacy Plus de la serie PRO es esencial en un entorno din\u00e1mico en el que las comunicaciones eficaces e instant\u00e1neas son un factor cr\u00edtico.\" \/>\n<meta name=\"robots\" content=\"index, follow, max-snippet:-1, max-image-preview:large, max-video-preview:-1\" \/>\n<link rel=\"canonical\" href=\"https:\/\/abix.com.br\/produto\/pro7550\/\" \/>\n<meta property=\"og:locale\" content=\"es_ES\" \/>\n<meta property=\"og:type\" content=\"article\" \/>\n<meta property=\"og:title\" content=\"RADIO PORT\u00c1TIL ANAL\u00d3GICA - PRO7550 - Abix\" \/>\n<meta property=\"og:description\" content=\"La radio PRO7550 Privacy Plus de la serie PRO es esencial en un entorno din\u00e1mico en el que las comunicaciones eficaces e instant\u00e1neas son un factor cr\u00edtico.\" \/>\n<meta property=\"og:url\" content=\"https:\/\/abix.com.br\/produto\/pro7550\/\" \/>\n<meta property=\"og:site_name\" content=\"Abix\" \/>\n<meta property=\"article:modified_time\" content=\"2023-10-20T10:47:21+00:00\" \/>\n<meta property=\"og:image\" content=\"https:\/\/abix.com.br\/wp-content\/uploads\/2020\/05\/PRO7550-FRONT.png\" \/>\n\t<meta property=\"og:image:width\" content=\"512\" \/>\n\t<meta property=\"og:image:height\" content=\"512\" \/>\n\t<meta property=\"og:image:type\" content=\"image\/png\" \/>\n<meta name=\"twitter:card\" content=\"summary_large_image\" \/>\n<meta name=\"twitter:label1\" content=\"Tiempo de lectura\" \/>\n\t<meta name=\"twitter:data1\" content=\"2 minutos\" \/>\n<script type=\"application\/ld+json\" class=\"yoast-schema-graph\">{\"@context\":\"https:\\\/\\\/schema.org\",\"@graph\":[{\"@type\":\"WebPage\",\"@id\":\"https:\\\/\\\/abix.com.br\\\/produto\\\/pro7550\\\/\",\"url\":\"https:\\\/\\\/abix.com.br\\\/produto\\\/pro7550\\\/\",\"name\":\"RADIO PORT\u00c1TIL ANAL\u00d3GICA - PRO7550 - Abix\",\"isPartOf\":{\"@id\":\"https:\\\/\\\/abix.com.br\\\/#website\"},\"primaryImageOfPage\":{\"@id\":\"https:\\\/\\\/abix.com.br\\\/produto\\\/pro7550\\\/#primaryimage\"},\"image\":{\"@id\":\"https:\\\/\\\/abix.com.br\\\/produto\\\/pro7550\\\/#primaryimage\"},\"thumbnailUrl\":\"https:\\\/\\\/abix.com.br\\\/wp-content\\\/uploads\\\/2020\\\/05\\\/PRO7550-FRONT.png\",\"datePublished\":\"2020-05-20T13:10:11+00:00\",\"dateModified\":\"2023-10-20T10:47:21+00:00\",\"description\":\"La radio PRO7550 Privacy Plus de la serie PRO es esencial en un entorno din\u00e1mico en el que las comunicaciones eficaces e instant\u00e1neas son un factor cr\u00edtico.\",\"breadcrumb\":{\"@id\":\"https:\\\/\\\/abix.com.br\\\/produto\\\/pro7550\\\/#breadcrumb\"},\"inLanguage\":\"es\",\"potentialAction\":[{\"@type\":\"ReadAction\",\"target\":[\"https:\\\/\\\/abix.com.br\\\/produto\\\/pro7550\\\/\"]}]},{\"@type\":\"ImageObject\",\"inLanguage\":\"es\",\"@id\":\"https:\\\/\\\/abix.com.br\\\/produto\\\/pro7550\\\/#primaryimage\",\"url\":\"https:\\\/\\\/abix.com.br\\\/wp-content\\\/uploads\\\/2020\\\/05\\\/PRO7550-FRONT.png\",\"contentUrl\":\"https:\\\/\\\/abix.com.br\\\/wp-content\\\/uploads\\\/2020\\\/05\\\/PRO7550-FRONT.png\",\"width\":512,\"height\":512,\"caption\":\"R\u00c1DIO PORT\u00c1TIL ANAL\u00d3GICO PRO7550\"},{\"@type\":\"BreadcrumbList\",\"@id\":\"https:\\\/\\\/abix.com.br\\\/produto\\\/pro7550\\\/#breadcrumb\",\"itemListElement\":[{\"@type\":\"ListItem\",\"position\":1,\"name\":\"In\u00edcio\",\"item\":\"https:\\\/\\\/abix.com.br\\\/es\\\/\"},{\"@type\":\"ListItem\",\"position\":2,\"name\":\"Tienda\",\"item\":\"https:\\\/\\\/abix.com.br\\\/loja\\\/\"},{\"@type\":\"ListItem\",\"position\":3,\"name\":\"RADIO PORT\u00c1TIL ANAL\u00d3GICA &#8211; PRO7550\"}]},{\"@type\":\"WebSite\",\"@id\":\"https:\\\/\\\/abix.com.br\\\/#website\",\"url\":\"https:\\\/\\\/abix.com.br\\\/\",\"name\":\"Abix\",\"description\":\"\",\"potentialAction\":[{\"@type\":\"SearchAction\",\"target\":{\"@type\":\"EntryPoint\",\"urlTemplate\":\"https:\\\/\\\/abix.com.br\\\/?s={search_term_string}\"},\"query-input\":{\"@type\":\"PropertyValueSpecification\",\"valueRequired\":true,\"valueName\":\"search_term_string\"}}],\"inLanguage\":\"es\"}]}<\/script>\n<!-- \/ Yoast SEO plugin. -->","yoast_head_json":{"title":"RADIO PORT\u00c1TIL ANAL\u00d3GICA - PRO7550 - Abix","description":"La radio PRO7550 Privacy Plus de la serie PRO es esencial en un entorno din\u00e1mico en el que las comunicaciones eficaces e instant\u00e1neas son un factor cr\u00edtico.","robots":{"index":"index","follow":"follow","max-snippet":"max-snippet:-1","max-image-preview":"max-image-preview:large","max-video-preview":"max-video-preview:-1"},"canonical":"https:\/\/abix.com.br\/produto\/pro7550\/","og_locale":"es_ES","og_type":"article","og_title":"RADIO PORT\u00c1TIL ANAL\u00d3GICA - PRO7550 - Abix","og_description":"La radio PRO7550 Privacy Plus de la serie PRO es esencial en un entorno din\u00e1mico en el que las comunicaciones eficaces e instant\u00e1neas son un factor cr\u00edtico.","og_url":"https:\/\/abix.com.br\/produto\/pro7550\/","og_site_name":"Abix","article_modified_time":"2023-10-20T10:47:21+00:00","og_image":[{"width":512,"height":512,"url":"https:\/\/abix.com.br\/wp-content\/uploads\/2020\/05\/PRO7550-FRONT.png","type":"image\/png"}],"twitter_card":"summary_large_image","twitter_misc":{"Tiempo de lectura":"2 minutos"},"schema":{"@context":"https:\/\/schema.org","@graph":[{"@type":"WebPage","@id":"https:\/\/abix.com.br\/produto\/pro7550\/","url":"https:\/\/abix.com.br\/produto\/pro7550\/","name":"RADIO PORT\u00c1TIL ANAL\u00d3GICA - PRO7550 - Abix","isPartOf":{"@id":"https:\/\/abix.com.br\/#website"},"primaryImageOfPage":{"@id":"https:\/\/abix.com.br\/produto\/pro7550\/#primaryimage"},"image":{"@id":"https:\/\/abix.com.br\/produto\/pro7550\/#primaryimage"},"thumbnailUrl":"https:\/\/abix.com.br\/wp-content\/uploads\/2020\/05\/PRO7550-FRONT.png","datePublished":"2020-05-20T13:10:11+00:00","dateModified":"2023-10-20T10:47:21+00:00","description":"La radio PRO7550 Privacy Plus de la serie PRO es esencial en un entorno din\u00e1mico en el que las comunicaciones eficaces e instant\u00e1neas son un factor cr\u00edtico.","breadcrumb":{"@id":"https:\/\/abix.com.br\/produto\/pro7550\/#breadcrumb"},"inLanguage":"es","potentialAction":[{"@type":"ReadAction","target":["https:\/\/abix.com.br\/produto\/pro7550\/"]}]},{"@type":"ImageObject","inLanguage":"es","@id":"https:\/\/abix.com.br\/produto\/pro7550\/#primaryimage","url":"https:\/\/abix.com.br\/wp-content\/uploads\/2020\/05\/PRO7550-FRONT.png","contentUrl":"https:\/\/abix.com.br\/wp-content\/uploads\/2020\/05\/PRO7550-FRONT.png","width":512,"height":512,"caption":"R\u00c1DIO PORT\u00c1TIL ANAL\u00d3GICO PRO7550"},{"@type":"BreadcrumbList","@id":"https:\/\/abix.com.br\/produto\/pro7550\/#breadcrumb","itemListElement":[{"@type":"ListItem","position":1,"name":"In\u00edcio","item":"https:\/\/abix.com.br\/es\/"},{"@type":"ListItem","position":2,"name":"Tienda","item":"https:\/\/abix.com.br\/loja\/"},{"@type":"ListItem","position":3,"name":"RADIO PORT\u00c1TIL ANAL\u00d3GICA &#8211; PRO7550"}]},{"@type":"WebSite","@id":"https:\/\/abix.com.br\/#website","url":"https:\/\/abix.com.br\/","name":"Abix","description":"","potentialAction":[{"@type":"SearchAction","target":{"@type":"EntryPoint","urlTemplate":"https:\/\/abix.com.br\/?s={search_term_string}"},"query-input":{"@type":"PropertyValueSpecification","valueRequired":true,"valueName":"search_term_string"}}],"inLanguage":"es"}]}},"_links":{"self":[{"href":"https:\/\/abix.com.br\/es\/wp-json\/wp\/v2\/product\/19635","targetHints":{"allow":["GET"]}}],"collection":[{"href":"https:\/\/abix.com.br\/es\/wp-json\/wp\/v2\/product"}],"about":[{"href":"https:\/\/abix.com.br\/es\/wp-json\/wp\/v2\/types\/product"}],"replies":[{"embeddable":true,"href":"https:\/\/abix.com.br\/es\/wp-json\/wp\/v2\/comments?post=19635"}],"wp:featuredmedia":[{"embeddable":true,"href":"https:\/\/abix.com.br\/es\/wp-json\/wp\/v2\/media\/9942"}],"wp:attachment":[{"href":"https:\/\/abix.com.br\/es\/wp-json\/wp\/v2\/media?parent=19635"}],"wp:term":[{"taxonomy":"product_brand","embeddable":true,"href":"https:\/\/abix.com.br\/es\/wp-json\/wp\/v2\/product_brand?post=19635"},{"taxonomy":"product_cat","embeddable":true,"href":"https:\/\/abix.com.br\/es\/wp-json\/wp\/v2\/product_cat?post=19635"},{"taxonomy":"product_tag","embeddable":true,"href":"https:\/\/abix.com.br\/es\/wp-json\/wp\/v2\/product_tag?post=19635"}],"curies":[{"name":"wp","href":"https:\/\/api.w.org\/{rel}","templated":true}]}}