{"id":19636,"date":"2020-05-20T09:58:20","date_gmt":"2020-05-20T12:58:20","guid":{"rendered":"https:\/\/abix.com.br\/produto\/radio-portatil-analogica-pro5550\/"},"modified":"2023-10-20T07:47:40","modified_gmt":"2023-10-20T10:47:40","slug":"radio-portatil-analogica-pro5550","status":"publish","type":"product","link":"https:\/\/abix.com.br\/es\/produto\/radio-portatil-analogica-pro5550\/","title":{"rendered":"RADIO PORT\u00c1TIL ANAL\u00d3GICA &#8211; PRO5550"},"content":{"rendered":"\n\t<section class=\"section\" id=\"section_1119601927\">\n\t\t<div class=\"section-bg fill\" >\n\t\t\t\t\t\t\t\t\t\n\t\t\t\n\n\t\t<\/div>\n\n\t\t\n\n\t\t<div class=\"section-content relative\">\n\t\t\t\n<div class=\"row\"  id=\"row-1535168311\">\n\n\t<div id=\"col-1880306329\" class=\"col small-12 large-12\"  >\n\t\t\t\t<div class=\"col-inner\"  >\n\t\t\t\n\t\t\t\n\n\t\t<div class=\"tabbed-content locacao-tabs\">\n\t\t\t\n\t\t\t<ul class=\"nav nav-tabs nav-normal nav-size-xlarge nav-left active-on-hover\" role=\"tablist\"><li id=\"tab-informaci\u00d3n\" class=\"tab active has-icon\" role=\"presentation\"><a href=\"#tab_informaci\u00d3n\" role=\"tab\" aria-selected=\"true\" aria-controls=\"tab_informaci\u00d3n\"><span>INFORMACI\u00d3N<\/span><\/a><\/li>\n<li id=\"tab-accesorios\" class=\"tab has-icon\" role=\"presentation\"><a href=\"#tab_accesorios\" tabindex=\"-1\" role=\"tab\" aria-selected=\"false\" aria-controls=\"tab_accesorios\"><span>ACCESORIOS<\/span><\/a><\/li>\n<li id=\"tab-descargas\" class=\"tab has-icon\" role=\"presentation\"><a href=\"#tab_descargas\" tabindex=\"-1\" role=\"tab\" aria-selected=\"false\" aria-controls=\"tab_descargas\"><span>DESCARGAS<\/span><\/a><\/li>\n<li id=\"tab-especificaciones\" class=\"tab has-icon\" role=\"presentation\"><a href=\"#tab_especificaciones\" tabindex=\"-1\" role=\"tab\" aria-selected=\"false\" aria-controls=\"tab_especificaciones\"><span>ESPECIFICACIONES<\/span><\/a><\/li><\/ul><div class=\"tab-panels\"><div id=\"tab_informaci\u00d3n\" class=\"panel active entry-content\" role=\"tabpanel\" aria-labelledby=\"tab-informaci\u00d3n\">\n<div class=\"row\"  id=\"row-538548892\">\n\n\t<div id=\"col-1501997874\" class=\"col medium-6 small-12 large-6\"  >\n\t\t\t\t<div class=\"col-inner\"  >\n\t\t\t\n\t\t\t\n<p><strong>EXPLORACI\u00d3N DE DOBLE PRIORIDAD<\/strong><\/p>\n<p>Utilice la exploraci\u00f3n de la actividad en el canal prioritario m\u00e1s frecuente para evitar perder informaci\u00f3n importante. Utilice esta funci\u00f3n para situaciones en las que necesite supervisar uno o dos grupos de trabajo con mayor frecuencia.<\/p>\n<p><strong>INHIBICI\u00d3N SELECTIVA DE RADIO<\/strong><\/p>\n<p>Su radio est\u00e1 equipada con una funci\u00f3n de seguridad que le permite localizar unidades inoperativas de vez en cuando cuando se env\u00eda una se\u00f1al de inhibici\u00f3n desde la estaci\u00f3n base. Esta funci\u00f3n se utiliza normalmente para radios desactivadas, en caso de robo o por razones de control del sistema. Cuando la radio se encuentre junto a la estaci\u00f3n base, todos los mandos quedar\u00e1n fuera de servicio excepto el bot\u00f3n de Encendido\/Apagado.<\/p>\n<p><strong>RADIODIFUSI\u00d3N INTERNA ACTIVADA POR VOZ (VOX)<\/strong><\/p>\n<p>Con la ayuda de un accesorio adecuado, puede hablar y escuchar la radio sin tener que utilizar las manos. No interrumpa sus tareas, ahorre tiempo y sea m\u00e1s productivo.<\/p>\n<p><strong>PTT-ID (ENVIAR \/ RECIBIR)<\/strong><\/p>\n<p>Puede optimizar su tiempo identificando r\u00e1pidamente a los usuarios de la radio.<\/p>\n\t\t<\/div>\n\t\t\t\t\t<\/div>\n\n\t\n\n\t<div id=\"col-178270319\" class=\"col medium-6 small-12 large-6\"  >\n\t\t\t\t<div class=\"col-inner text-left\"  >\n\t\t\t\n\t\t\t\n\t\t<\/div>\n\t\t\t\t\t<\/div>\n\n\t\n<\/div>\n<\/div>\n<div id=\"tab_accesorios\" class=\"panel entry-content\" role=\"tabpanel\" aria-labelledby=\"tab-accesorios\">\n<div class=\"row align-middle\"  id=\"row-1016939268\">\n\n\t<div id=\"col-730418934\" class=\"col medium-10 small-12 large-10\"  >\n\t\t\t\t<div class=\"col-inner\"  >\n\t\t\t\n\t\t\t\n<p>CONTENIDO<\/p>\n\t\t<\/div>\n\t\t\t\t\t<\/div>\n\n\t\n\n\t<div id=\"col-853675709\" class=\"col medium-2 small-12 large-2\"  >\n\t\t\t\t<div class=\"col-inner\"  >\n\t\t\t\n\t\t\t\n\t\t<\/div>\n\t\t\t\t\t<\/div>\n\n\t\n<\/div>\n<\/div>\n<div id=\"tab_descargas\" class=\"panel entry-content\" role=\"tabpanel\" aria-labelledby=\"tab-descargas\">\n<div class=\"row\"  id=\"row-1781287918\">\n\n\t<div id=\"col-2072282809\" class=\"col medium-10 small-12 large-10\"  >\n\t\t\t\t<div class=\"col-inner\"  >\n\t\t\t\n\t\t\t\n<p><a href=\"https:\/\/www.abix.com.br\/wp-content\/uploads\/Ficha-PRO5550.pdf\">Hoja de datos de PRO5550<\/a><\/p>\n\t\t<\/div>\n\t\t\t\t\t<\/div>\n\n\t\n<\/div>\n<\/div>\n<div id=\"tab_especificaciones\" class=\"panel entry-content\" role=\"tabpanel\" aria-labelledby=\"tab-especificaciones\">\n<div class=\"row\"  id=\"row-600417794\">\n\n\t<div id=\"col-1311619950\" class=\"col medium-9 small-12 large-9\"  >\n\t\t\t\t<div class=\"col-inner\"  >\n\t\t\t\n\t\t\t\n<div class=\"woocommerce-tabs wc-tabs-wrapper container tabbed-content\">\n<div class=\"tab-panels\">\n<div id=\"tab-description\" class=\"woocommerce-Tabs-panel woocommerce-Tabs-panel--description panel entry-content active\" role=\"tabpanel\" aria-labelledby=\"tab-title-description\">\n<h3>CARACTER\u00cdSTICAS F\u00cdSICAS<\/h3>\n<ul>\n<li><strong>Dimensiones con bater\u00eda NiMH est\u00e1ndar de alta capacidad; sin clip para cintur\u00f3n<\/strong><\/li>\n<\/ul>\n<p>Altura x Anchura x Profundidad<\/p>\n<p>137 mm x 57,5 mm x 37,5 mm<\/p>\n<p>5,40 pulg. x 2,26 pulg. x 1,5 pulg.<\/p>\n<ul>\n<li><strong>Peso (gramos \/ onzas)<\/strong><\/li>\n<\/ul>\n<p>420 \/ 15<\/p>\n<h3>ESPECIFICACIONES MILITARES<\/h3>\n<p>810C &#8211; 810D &#8211; 810E<\/p>\n<h3>CARACTER\u00cdSTICAS DE RENDIMIENTO<\/h3>\n<ul>\n<li><strong>Alimentaci\u00f3n<\/strong><\/li>\n<\/ul>\n<p>Bater\u00eda recargable de 7,5 voltios<\/p>\n<ul>\n<li><strong>Duraci\u00f3n media de la bater\u00eda<\/strong><\/li>\n<\/ul>\n<p>11 horas a baja potencia \/ 8 horas a alta potencia<\/p>\n<ul>\n<li><strong>Gama de frecuencias<\/strong><\/li>\n<\/ul>\n<p>806 &#8211; 821 MHz<\/p>\n<p>851 &#8211; 869 MHz<\/p>\n<ul>\n<li><strong>Separaci\u00f3n entre canales<\/strong><\/li>\n<\/ul>\n<p>25 KHz<\/p>\n<\/div>\n<\/div>\n<\/div>\n\t\t<\/div>\n\t\t\t\t\t<\/div>\n\n\t\n<\/div>\n<\/div><\/div><\/div>\n\t\t<\/div>\n\t\t\t\t\t<\/div>\n\n\t\n<\/div>\n\t\t<\/div>\n\n\t\t\n<style>\n#section_1119601927 {\n  padding-top: 0px;\n  padding-bottom: 0px;\n}\n<\/style>\n\t<\/section>\n\t\n","protected":false},"excerpt":{"rendered":"<p style=\"text-align: justify;\">La radio port\u00e1til PRO5550 es la soluci\u00f3n econ\u00f3mica para los profesionales que necesitan una radio resistente y fiable para mantenerse en contacto. Esta pr\u00e1ctica radio puede ayudarle a aumentar su productividad manteniendo a los usuarios comunicados y, al mismo tiempo, agilizando el uso de la radio, lo que le permite concentrarse en el trabajo que tiene entre manos.<\/p>\n<p style=\"text-align: justify;\">La sencilla interfaz de usuario de la radio PRO5550 permite una r\u00e1pida productividad en los sistemas SMARTNET. Las funciones de se\u00f1alizaci\u00f3n troncalizada, como Llamada selectiva, Alerta de llamadaTM, Verificaci\u00f3n de radio e Identificaci\u00f3n de llamada (PTT-ID), permiten supervisar los grupos de trabajo de forma eficaz. Con el PRO5550, la comunicaci\u00f3n no puede ser m\u00e1s f\u00e1cil.<\/p>\n","protected":false},"featured_media":9934,"comment_status":"closed","ping_status":"closed","template":"","meta":[],"product_brand":[],"product_cat":[155,157,184,163],"product_tag":[],"class_list":{"0":"post-19636","1":"product","2":"type-product","3":"status-publish","4":"has-post-thumbnail","6":"product_cat-linea-profesional","7":"product_cat-motorola-es","8":"product_cat-privacy-plus-es","9":"product_cat-radios-analogicas","11":"first","12":"instock","13":"shipping-taxable","14":"product-type-simple"},"yoast_head":"<!-- This site is optimized with the Yoast SEO plugin v27.3 - https:\/\/yoast.com\/product\/yoast-seo-wordpress\/ -->\n<title>RADIO PORT\u00c1TIL ANAL\u00d3GICA - PRO5550 - Abix<\/title>\n<meta name=\"robots\" content=\"index, follow, max-snippet:-1, max-image-preview:large, max-video-preview:-1\" \/>\n<link rel=\"canonical\" href=\"https:\/\/abix.com.br\/produto\/pro5550\/\" \/>\n<meta property=\"og:locale\" content=\"es_ES\" \/>\n<meta property=\"og:type\" content=\"article\" \/>\n<meta property=\"og:title\" content=\"RADIO PORT\u00c1TIL ANAL\u00d3GICA - PRO5550 - Abix\" \/>\n<meta property=\"og:description\" content=\"La radio port\u00e1til PRO5550 es la soluci\u00f3n econ\u00f3mica para los profesionales que necesitan una radio resistente y fiable para mantenerse en contacto. Esta pr\u00e1ctica radio puede ayudarle a aumentar su productividad manteniendo a los usuarios comunicados y, al mismo tiempo, agilizando el uso de la radio, lo que le permite concentrarse en el trabajo que tiene entre manos. La sencilla interfaz de usuario de la radio PRO5550 permite una r\u00e1pida productividad en los sistemas SMARTNET. Las funciones de se\u00f1alizaci\u00f3n troncalizada, como Llamada selectiva, Alerta de llamadaTM, Verificaci\u00f3n de radio e Identificaci\u00f3n de llamada (PTT-ID), permiten supervisar los grupos de trabajo de forma eficaz. Con el PRO5550, la comunicaci\u00f3n no puede ser m\u00e1s f\u00e1cil.\" \/>\n<meta property=\"og:url\" content=\"https:\/\/abix.com.br\/produto\/pro5550\/\" \/>\n<meta property=\"og:site_name\" content=\"Abix\" \/>\n<meta property=\"article:modified_time\" content=\"2023-10-20T10:47:40+00:00\" \/>\n<meta property=\"og:image\" content=\"https:\/\/abix.com.br\/wp-content\/uploads\/2020\/05\/PRO5550.png\" \/>\n\t<meta property=\"og:image:width\" content=\"512\" \/>\n\t<meta property=\"og:image:height\" content=\"512\" \/>\n\t<meta property=\"og:image:type\" content=\"image\/png\" \/>\n<meta name=\"twitter:card\" content=\"summary_large_image\" \/>\n<meta name=\"twitter:label1\" content=\"Tiempo de lectura\" \/>\n\t<meta name=\"twitter:data1\" content=\"2 minutos\" \/>\n<script type=\"application\/ld+json\" class=\"yoast-schema-graph\">{\"@context\":\"https:\\\/\\\/schema.org\",\"@graph\":[{\"@type\":\"WebPage\",\"@id\":\"https:\\\/\\\/abix.com.br\\\/produto\\\/pro5550\\\/\",\"url\":\"https:\\\/\\\/abix.com.br\\\/produto\\\/pro5550\\\/\",\"name\":\"RADIO PORT\u00c1TIL ANAL\u00d3GICA - PRO5550 - Abix\",\"isPartOf\":{\"@id\":\"https:\\\/\\\/abix.com.br\\\/#website\"},\"primaryImageOfPage\":{\"@id\":\"https:\\\/\\\/abix.com.br\\\/produto\\\/pro5550\\\/#primaryimage\"},\"image\":{\"@id\":\"https:\\\/\\\/abix.com.br\\\/produto\\\/pro5550\\\/#primaryimage\"},\"thumbnailUrl\":\"https:\\\/\\\/abix.com.br\\\/wp-content\\\/uploads\\\/2020\\\/05\\\/PRO5550.png\",\"datePublished\":\"2020-05-20T12:58:20+00:00\",\"dateModified\":\"2023-10-20T10:47:40+00:00\",\"breadcrumb\":{\"@id\":\"https:\\\/\\\/abix.com.br\\\/produto\\\/pro5550\\\/#breadcrumb\"},\"inLanguage\":\"es\",\"potentialAction\":[{\"@type\":\"ReadAction\",\"target\":[\"https:\\\/\\\/abix.com.br\\\/produto\\\/pro5550\\\/\"]}]},{\"@type\":\"ImageObject\",\"inLanguage\":\"es\",\"@id\":\"https:\\\/\\\/abix.com.br\\\/produto\\\/pro5550\\\/#primaryimage\",\"url\":\"https:\\\/\\\/abix.com.br\\\/wp-content\\\/uploads\\\/2020\\\/05\\\/PRO5550.png\",\"contentUrl\":\"https:\\\/\\\/abix.com.br\\\/wp-content\\\/uploads\\\/2020\\\/05\\\/PRO5550.png\",\"width\":512,\"height\":512},{\"@type\":\"BreadcrumbList\",\"@id\":\"https:\\\/\\\/abix.com.br\\\/produto\\\/pro5550\\\/#breadcrumb\",\"itemListElement\":[{\"@type\":\"ListItem\",\"position\":1,\"name\":\"In\u00edcio\",\"item\":\"https:\\\/\\\/abix.com.br\\\/es\\\/\"},{\"@type\":\"ListItem\",\"position\":2,\"name\":\"Tienda\",\"item\":\"https:\\\/\\\/abix.com.br\\\/loja\\\/\"},{\"@type\":\"ListItem\",\"position\":3,\"name\":\"RADIO PORT\u00c1TIL ANAL\u00d3GICA &#8211; PRO5550\"}]},{\"@type\":\"WebSite\",\"@id\":\"https:\\\/\\\/abix.com.br\\\/#website\",\"url\":\"https:\\\/\\\/abix.com.br\\\/\",\"name\":\"Abix\",\"description\":\"\",\"potentialAction\":[{\"@type\":\"SearchAction\",\"target\":{\"@type\":\"EntryPoint\",\"urlTemplate\":\"https:\\\/\\\/abix.com.br\\\/?s={search_term_string}\"},\"query-input\":{\"@type\":\"PropertyValueSpecification\",\"valueRequired\":true,\"valueName\":\"search_term_string\"}}],\"inLanguage\":\"es\"}]}<\/script>\n<!-- \/ Yoast SEO plugin. -->","yoast_head_json":{"title":"RADIO PORT\u00c1TIL ANAL\u00d3GICA - PRO5550 - Abix","robots":{"index":"index","follow":"follow","max-snippet":"max-snippet:-1","max-image-preview":"max-image-preview:large","max-video-preview":"max-video-preview:-1"},"canonical":"https:\/\/abix.com.br\/produto\/pro5550\/","og_locale":"es_ES","og_type":"article","og_title":"RADIO PORT\u00c1TIL ANAL\u00d3GICA - PRO5550 - Abix","og_description":"La radio port\u00e1til PRO5550 es la soluci\u00f3n econ\u00f3mica para los profesionales que necesitan una radio resistente y fiable para mantenerse en contacto. Esta pr\u00e1ctica radio puede ayudarle a aumentar su productividad manteniendo a los usuarios comunicados y, al mismo tiempo, agilizando el uso de la radio, lo que le permite concentrarse en el trabajo que tiene entre manos. La sencilla interfaz de usuario de la radio PRO5550 permite una r\u00e1pida productividad en los sistemas SMARTNET. Las funciones de se\u00f1alizaci\u00f3n troncalizada, como Llamada selectiva, Alerta de llamadaTM, Verificaci\u00f3n de radio e Identificaci\u00f3n de llamada (PTT-ID), permiten supervisar los grupos de trabajo de forma eficaz. Con el PRO5550, la comunicaci\u00f3n no puede ser m\u00e1s f\u00e1cil.","og_url":"https:\/\/abix.com.br\/produto\/pro5550\/","og_site_name":"Abix","article_modified_time":"2023-10-20T10:47:40+00:00","og_image":[{"width":512,"height":512,"url":"https:\/\/abix.com.br\/wp-content\/uploads\/2020\/05\/PRO5550.png","type":"image\/png"}],"twitter_card":"summary_large_image","twitter_misc":{"Tiempo de lectura":"2 minutos"},"schema":{"@context":"https:\/\/schema.org","@graph":[{"@type":"WebPage","@id":"https:\/\/abix.com.br\/produto\/pro5550\/","url":"https:\/\/abix.com.br\/produto\/pro5550\/","name":"RADIO PORT\u00c1TIL ANAL\u00d3GICA - PRO5550 - Abix","isPartOf":{"@id":"https:\/\/abix.com.br\/#website"},"primaryImageOfPage":{"@id":"https:\/\/abix.com.br\/produto\/pro5550\/#primaryimage"},"image":{"@id":"https:\/\/abix.com.br\/produto\/pro5550\/#primaryimage"},"thumbnailUrl":"https:\/\/abix.com.br\/wp-content\/uploads\/2020\/05\/PRO5550.png","datePublished":"2020-05-20T12:58:20+00:00","dateModified":"2023-10-20T10:47:40+00:00","breadcrumb":{"@id":"https:\/\/abix.com.br\/produto\/pro5550\/#breadcrumb"},"inLanguage":"es","potentialAction":[{"@type":"ReadAction","target":["https:\/\/abix.com.br\/produto\/pro5550\/"]}]},{"@type":"ImageObject","inLanguage":"es","@id":"https:\/\/abix.com.br\/produto\/pro5550\/#primaryimage","url":"https:\/\/abix.com.br\/wp-content\/uploads\/2020\/05\/PRO5550.png","contentUrl":"https:\/\/abix.com.br\/wp-content\/uploads\/2020\/05\/PRO5550.png","width":512,"height":512},{"@type":"BreadcrumbList","@id":"https:\/\/abix.com.br\/produto\/pro5550\/#breadcrumb","itemListElement":[{"@type":"ListItem","position":1,"name":"In\u00edcio","item":"https:\/\/abix.com.br\/es\/"},{"@type":"ListItem","position":2,"name":"Tienda","item":"https:\/\/abix.com.br\/loja\/"},{"@type":"ListItem","position":3,"name":"RADIO PORT\u00c1TIL ANAL\u00d3GICA &#8211; PRO5550"}]},{"@type":"WebSite","@id":"https:\/\/abix.com.br\/#website","url":"https:\/\/abix.com.br\/","name":"Abix","description":"","potentialAction":[{"@type":"SearchAction","target":{"@type":"EntryPoint","urlTemplate":"https:\/\/abix.com.br\/?s={search_term_string}"},"query-input":{"@type":"PropertyValueSpecification","valueRequired":true,"valueName":"search_term_string"}}],"inLanguage":"es"}]}},"_links":{"self":[{"href":"https:\/\/abix.com.br\/es\/wp-json\/wp\/v2\/product\/19636","targetHints":{"allow":["GET"]}}],"collection":[{"href":"https:\/\/abix.com.br\/es\/wp-json\/wp\/v2\/product"}],"about":[{"href":"https:\/\/abix.com.br\/es\/wp-json\/wp\/v2\/types\/product"}],"replies":[{"embeddable":true,"href":"https:\/\/abix.com.br\/es\/wp-json\/wp\/v2\/comments?post=19636"}],"wp:featuredmedia":[{"embeddable":true,"href":"https:\/\/abix.com.br\/es\/wp-json\/wp\/v2\/media\/9934"}],"wp:attachment":[{"href":"https:\/\/abix.com.br\/es\/wp-json\/wp\/v2\/media?parent=19636"}],"wp:term":[{"taxonomy":"product_brand","embeddable":true,"href":"https:\/\/abix.com.br\/es\/wp-json\/wp\/v2\/product_brand?post=19636"},{"taxonomy":"product_cat","embeddable":true,"href":"https:\/\/abix.com.br\/es\/wp-json\/wp\/v2\/product_cat?post=19636"},{"taxonomy":"product_tag","embeddable":true,"href":"https:\/\/abix.com.br\/es\/wp-json\/wp\/v2\/product_tag?post=19636"}],"curies":[{"name":"wp","href":"https:\/\/api.w.org\/{rel}","templated":true}]}}