{"id":19637,"date":"2020-05-20T09:10:32","date_gmt":"2020-05-20T12:10:32","guid":{"rendered":"https:\/\/abix.com.br\/produto\/radio-portatil-analogica-pro7350\/"},"modified":"2023-10-20T07:49:15","modified_gmt":"2023-10-20T10:49:15","slug":"radio-portatil-analogica-pro7350","status":"publish","type":"product","link":"https:\/\/abix.com.br\/es\/produto\/radio-portatil-analogica-pro7350\/","title":{"rendered":"RADIO PORT\u00c1TIL ANAL\u00d3GICA &#8211; PRO7350"},"content":{"rendered":"\n\t<section class=\"section\" id=\"section_1970460973\">\n\t\t<div class=\"section-bg fill\" >\n\t\t\t\t\t\t\t\t\t\n\t\t\t\n\n\t\t<\/div>\n\n\t\t\n\n\t\t<div class=\"section-content relative\">\n\t\t\t\n<div class=\"row\"  id=\"row-397589363\">\n\n\t<div id=\"col-135835535\" class=\"col small-12 large-12\"  >\n\t\t\t\t<div class=\"col-inner\"  >\n\t\t\t\n\t\t\t\n<div class=\"row\"  id=\"row-1036423124\">\n\n\t<div id=\"col-1701107989\" class=\"col small-12 large-12\"  >\n\t\t\t\t<div class=\"col-inner\"  >\n\t\t\t\n\t\t\t\n\n\t\t<div class=\"tabbed-content locacao-tabs\">\n\t\t\t\n\t\t\t<ul class=\"nav nav-tabs nav-normal nav-size-xlarge nav-left active-on-hover\" role=\"tablist\"><li id=\"tab-informaci\u00d3n\" class=\"tab active has-icon\" role=\"presentation\"><a href=\"#tab_informaci\u00d3n\" role=\"tab\" aria-selected=\"true\" aria-controls=\"tab_informaci\u00d3n\"><span>INFORMACI\u00d3N<\/span><\/a><\/li>\n<li id=\"tab-accesorios\" class=\"tab has-icon\" role=\"presentation\"><a href=\"#tab_accesorios\" tabindex=\"-1\" role=\"tab\" aria-selected=\"false\" aria-controls=\"tab_accesorios\"><span>ACCESORIOS<\/span><\/a><\/li>\n<li id=\"tab-descargas\" class=\"tab has-icon\" role=\"presentation\"><a href=\"#tab_descargas\" tabindex=\"-1\" role=\"tab\" aria-selected=\"false\" aria-controls=\"tab_descargas\"><span>DESCARGAS<\/span><\/a><\/li>\n<li id=\"tab-especificaciones\" class=\"tab has-icon\" role=\"presentation\"><a href=\"#tab_especificaciones\" tabindex=\"-1\" role=\"tab\" aria-selected=\"false\" aria-controls=\"tab_especificaciones\"><span>ESPECIFICACIONES<\/span><\/a><\/li><\/ul><div class=\"tab-panels\"><div id=\"tab_informaci\u00d3n\" class=\"panel active entry-content\" role=\"tabpanel\" aria-labelledby=\"tab-informaci\u00d3n\">\n<div class=\"row\"  id=\"row-1009691125\">\n\n\t<div id=\"col-1378826054\" class=\"col medium-6 small-12 large-6\"  >\n\t\t\t\t<div class=\"col-inner\"  >\n\t\t\t\n\t\t\t\n<p><strong>15 ZONAS TRONCALES (16 GRUPOS DE CONVERSACI\u00d3N CADA UNA)<\/strong><\/p>\n<p>Mejore su eficiencia con el funcionamiento troncal para cualquier sistema LTR de 800 MHz.<\/p>\n<p><strong>RECURSOS DE SE\u00d1ALIZACI\u00d3N DMC EN EL LTR<\/strong><\/p>\n<p>Funciones de se\u00f1alizaci\u00f3n MDC exclusivas de Motorola, que incluyen<br \/>llamada selectiva, alerta de llamada, verificaci\u00f3n por radio y PTT-ID &#8211; le permiten<br \/>supervisar eficazmente los grupos de trabajo.<\/p>\n<p><strong>CAPACIDAD DE INTERCONEXI\u00d3N <\/strong><b>TEL\u00c9FONO<\/b><\/p>\n<p>La radio PRO7350 admite llamadas entrantes y salientes con un tel\u00e9fono alternativo<br \/>para facilitar la selecci\u00f3n de los n\u00fameros m\u00e1s utilizados.<\/p>\n<p><strong>PANTALLA DE 14 CARACTERES CON ALIAS<\/strong><\/p>\n<p>La pantalla alfanum\u00e9rica de 14 caracteres del PRO 7350, con iconos f\u00e1ciles de reconocer, facilita la identificaci\u00f3n de las funciones y comandos de la radio.<\/p>\n<p><strong>SISTEMA \/ TODOS LOS GRUPOS \/ ESCANEO SELECTIVO AUTOM\u00c1TICO DE GRUPOS<\/strong><\/p>\n<p>Los tres modos de escaneo permiten ajustar la frecuencia y el tipo de escaneo.<br \/>transmite sus escaneos de radio<\/p>\n\t\t<\/div>\n\t\t\t\t\t<\/div>\n\n\t\n\n\t<div id=\"col-1774583403\" class=\"col medium-6 small-12 large-6\"  >\n\t\t\t\t<div class=\"col-inner text-left\"  >\n\t\t\t\n\t\t\t\n\t\t<\/div>\n\t\t\t\t\t<\/div>\n\n\t\n<\/div>\n<\/div>\n<div id=\"tab_accesorios\" class=\"panel entry-content\" role=\"tabpanel\" aria-labelledby=\"tab-accesorios\">\n<div class=\"row align-middle\"  id=\"row-960224791\">\n\n\t<div id=\"col-936606923\" class=\"col medium-10 small-12 large-10\"  >\n\t\t\t\t<div class=\"col-inner\"  >\n\t\t\t\n\t\t\t\n<p>CONTENIDO<\/p>\n\t\t<\/div>\n\t\t\t\t\t<\/div>\n\n\t\n\n\t<div id=\"col-314167741\" class=\"col medium-2 small-12 large-2\"  >\n\t\t\t\t<div class=\"col-inner\"  >\n\t\t\t\n\t\t\t\n\t\t<\/div>\n\t\t\t\t\t<\/div>\n\n\t\n<\/div>\n<\/div>\n<div id=\"tab_descargas\" class=\"panel entry-content\" role=\"tabpanel\" aria-labelledby=\"tab-descargas\">\n<div class=\"row\"  id=\"row-783743089\">\n\n\t<div id=\"col-1712347432\" class=\"col medium-10 small-12 large-10\"  >\n\t\t\t\t<div class=\"col-inner\"  >\n\t\t\t\n\t\t\t\n<p><a href=\"https:\/\/www.abix.com.br\/wp-content\/uploads\/Ficha-PRO7350.pdf\">Hoja de datos de PRO7350<\/a><\/p>\n\t\t<\/div>\n\t\t\t\t\t<\/div>\n\n\t\n<\/div>\n<\/div>\n<div id=\"tab_especificaciones\" class=\"panel entry-content\" role=\"tabpanel\" aria-labelledby=\"tab-especificaciones\">\n<div class=\"row\"  id=\"row-2070645720\">\n\n\t<div id=\"col-1821574119\" class=\"col medium-9 small-12 large-9\"  >\n\t\t\t\t<div class=\"col-inner\"  >\n\t\t\t\n\t\t\t\n<h3>CARACTER\u00cdSTICAS F\u00cdSICAS<\/h3>\n<ul>\n<li><strong>Dimensiones con bater\u00eda NiMH est\u00e1ndar de alta capacidad; sin clip para cintur\u00f3n<\/strong><\/li>\n<\/ul>\n<p>Altura x Anchura x Profundidad<\/p>\n<p>5,40 x 2,26 pulg. x 1,50 pulg.<\/p>\n<p>137 mm x 57,5 mm x 37,5 mm<\/p>\n<ul>\n<li><strong>Peso (gramos \/ onzas)<\/strong><\/li>\n<\/ul>\n<p>420 \/ 15<\/p>\n<h3>ESPECIFICACIONES MILITARES<\/h3>\n<p>810C &#8211; 810D &#8211; 810E<\/p>\n<h3>CARACTER\u00cdSTICAS DE RENDIMIENTO<\/h3>\n<ul>\n<li><strong>Fuente de energ\u00eda<\/strong><\/li>\n<\/ul>\n<p>Bater\u00eda recargable de 7,5 voltios<\/p>\n<ul>\n<li><strong>Duraci\u00f3n media de la bater\u00eda<\/strong><\/li>\n<\/ul>\n<p>11 horas a baja potencia \/ 8 horas a alta potencia<\/p>\n<ul>\n<li><strong>Gama de frecuencias<\/strong><\/li>\n<\/ul>\n<p>806 &#8211; 821 MHz<\/p>\n<p>851 &#8211; 866 MHz<\/p>\n<ul>\n<li><strong>Separaci\u00f3n entre canales<\/strong><\/li>\n<\/ul>\n<p>25 KHz<\/p>\n\t\t<\/div>\n\t\t\t\t\t<\/div>\n\n\t\n<\/div>\n<\/div><\/div><\/div>\n\t\t<\/div>\n\t\t\t\t\t<\/div>\n\n\t\n<\/div>\n\t\t<\/div>\n\t\t\t\t\t<\/div>\n\n\t\n<\/div>\n\t\t<\/div>\n\n\t\t\n<style>\n#section_1970460973 {\n  padding-top: 0px;\n  padding-bottom: 0px;\n}\n<\/style>\n\t<\/section>\n\t\n","protected":false},"excerpt":{"rendered":"<p style=\"text-align: justify;\">La radio port\u00e1til PRO7350 es esencial para las organizaciones en proceso de expansi\u00f3n gracias a su versatilidad \u00fanica. Sea cual sea su profesi\u00f3n, puede maximizar sus recursos de comunicaci\u00f3n utilizando esta potente radio en cualquier sistema LTR de 800 MHz. Eficaces y rentables, los sistemas troncales proporcionan una cobertura de llamadas m\u00e1s amplia, un acceso m\u00e1s r\u00e1pido a los canales, mayor privacidad y capacidad para un mayor n\u00famero de usuarios y grupos de conversaci\u00f3n, lo que significa que las radios PRO5350 y PRO7350 pueden satisfacer pr\u00e1cticamente todas las necesidades de comunicaci\u00f3n de su empresa.<\/p>\n","protected":false},"featured_media":9926,"comment_status":"closed","ping_status":"closed","template":"","meta":[],"product_brand":[],"product_cat":[155,182,157,163],"product_tag":[],"class_list":{"0":"post-19637","1":"product","2":"type-product","3":"status-publish","4":"has-post-thumbnail","6":"product_cat-linea-profesional","7":"product_cat-ltr-es","8":"product_cat-motorola-es","9":"product_cat-radios-analogicas","11":"first","12":"instock","13":"shipping-taxable","14":"product-type-simple"},"yoast_head":"<!-- This site is optimized with the Yoast SEO plugin v27.4 - https:\/\/yoast.com\/product\/yoast-seo-wordpress\/ -->\n<title>RADIO PORT\u00c1TIL ANAL\u00d3GICA - PRO7350 - Abix<\/title>\n<meta name=\"robots\" content=\"index, follow, max-snippet:-1, max-image-preview:large, max-video-preview:-1\" \/>\n<link rel=\"canonical\" href=\"https:\/\/abix.com.br\/produto\/pro7350\/\" \/>\n<meta property=\"og:locale\" content=\"es_ES\" \/>\n<meta property=\"og:type\" content=\"article\" \/>\n<meta property=\"og:title\" content=\"RADIO PORT\u00c1TIL ANAL\u00d3GICA - PRO7350 - Abix\" \/>\n<meta property=\"og:description\" content=\"La radio port\u00e1til PRO7350 es esencial para las organizaciones en proceso de expansi\u00f3n gracias a su versatilidad \u00fanica. Sea cual sea su profesi\u00f3n, puede maximizar sus recursos de comunicaci\u00f3n utilizando esta potente radio en cualquier sistema LTR de 800 MHz. Eficaces y rentables, los sistemas troncales proporcionan una cobertura de llamadas m\u00e1s amplia, un acceso m\u00e1s r\u00e1pido a los canales, mayor privacidad y capacidad para un mayor n\u00famero de usuarios y grupos de conversaci\u00f3n, lo que significa que las radios PRO5350 y PRO7350 pueden satisfacer pr\u00e1cticamente todas las necesidades de comunicaci\u00f3n de su empresa.\" \/>\n<meta property=\"og:url\" content=\"https:\/\/abix.com.br\/produto\/pro7350\/\" \/>\n<meta property=\"og:site_name\" content=\"Abix\" \/>\n<meta property=\"article:modified_time\" content=\"2023-10-20T10:49:15+00:00\" \/>\n<meta property=\"og:image\" content=\"https:\/\/abix.com.br\/wp-content\/uploads\/2020\/05\/motorola-pro7350-500x500-1.jpg\" \/>\n\t<meta property=\"og:image:width\" content=\"426\" \/>\n\t<meta property=\"og:image:height\" content=\"500\" \/>\n\t<meta property=\"og:image:type\" content=\"image\/jpeg\" \/>\n<meta name=\"twitter:card\" content=\"summary_large_image\" \/>\n<meta name=\"twitter:label1\" content=\"Tiempo de lectura\" \/>\n\t<meta name=\"twitter:data1\" content=\"2 minutos\" \/>\n<script type=\"application\/ld+json\" class=\"yoast-schema-graph\">{\"@context\":\"https:\\\/\\\/schema.org\",\"@graph\":[{\"@type\":\"WebPage\",\"@id\":\"https:\\\/\\\/abix.com.br\\\/produto\\\/pro7350\\\/\",\"url\":\"https:\\\/\\\/abix.com.br\\\/produto\\\/pro7350\\\/\",\"name\":\"RADIO PORT\u00c1TIL ANAL\u00d3GICA - PRO7350 - Abix\",\"isPartOf\":{\"@id\":\"https:\\\/\\\/abix.com.br\\\/#website\"},\"primaryImageOfPage\":{\"@id\":\"https:\\\/\\\/abix.com.br\\\/produto\\\/pro7350\\\/#primaryimage\"},\"image\":{\"@id\":\"https:\\\/\\\/abix.com.br\\\/produto\\\/pro7350\\\/#primaryimage\"},\"thumbnailUrl\":\"https:\\\/\\\/abix.com.br\\\/wp-content\\\/uploads\\\/2020\\\/05\\\/motorola-pro7350-500x500-1.jpg\",\"datePublished\":\"2020-05-20T12:10:32+00:00\",\"dateModified\":\"2023-10-20T10:49:15+00:00\",\"breadcrumb\":{\"@id\":\"https:\\\/\\\/abix.com.br\\\/produto\\\/pro7350\\\/#breadcrumb\"},\"inLanguage\":\"es\",\"potentialAction\":[{\"@type\":\"ReadAction\",\"target\":[\"https:\\\/\\\/abix.com.br\\\/produto\\\/pro7350\\\/\"]}]},{\"@type\":\"ImageObject\",\"inLanguage\":\"es\",\"@id\":\"https:\\\/\\\/abix.com.br\\\/produto\\\/pro7350\\\/#primaryimage\",\"url\":\"https:\\\/\\\/abix.com.br\\\/wp-content\\\/uploads\\\/2020\\\/05\\\/motorola-pro7350-500x500-1.jpg\",\"contentUrl\":\"https:\\\/\\\/abix.com.br\\\/wp-content\\\/uploads\\\/2020\\\/05\\\/motorola-pro7350-500x500-1.jpg\",\"width\":426,\"height\":500},{\"@type\":\"BreadcrumbList\",\"@id\":\"https:\\\/\\\/abix.com.br\\\/produto\\\/pro7350\\\/#breadcrumb\",\"itemListElement\":[{\"@type\":\"ListItem\",\"position\":1,\"name\":\"In\u00edcio\",\"item\":\"https:\\\/\\\/abix.com.br\\\/es\\\/\"},{\"@type\":\"ListItem\",\"position\":2,\"name\":\"Tienda\",\"item\":\"https:\\\/\\\/abix.com.br\\\/loja\\\/\"},{\"@type\":\"ListItem\",\"position\":3,\"name\":\"RADIO PORT\u00c1TIL ANAL\u00d3GICA &#8211; PRO7350\"}]},{\"@type\":\"WebSite\",\"@id\":\"https:\\\/\\\/abix.com.br\\\/#website\",\"url\":\"https:\\\/\\\/abix.com.br\\\/\",\"name\":\"Abix\",\"description\":\"\",\"potentialAction\":[{\"@type\":\"SearchAction\",\"target\":{\"@type\":\"EntryPoint\",\"urlTemplate\":\"https:\\\/\\\/abix.com.br\\\/?s={search_term_string}\"},\"query-input\":{\"@type\":\"PropertyValueSpecification\",\"valueRequired\":true,\"valueName\":\"search_term_string\"}}],\"inLanguage\":\"es\"}]}<\/script>\n<!-- \/ Yoast SEO plugin. -->","yoast_head_json":{"title":"RADIO PORT\u00c1TIL ANAL\u00d3GICA - PRO7350 - Abix","robots":{"index":"index","follow":"follow","max-snippet":"max-snippet:-1","max-image-preview":"max-image-preview:large","max-video-preview":"max-video-preview:-1"},"canonical":"https:\/\/abix.com.br\/produto\/pro7350\/","og_locale":"es_ES","og_type":"article","og_title":"RADIO PORT\u00c1TIL ANAL\u00d3GICA - PRO7350 - Abix","og_description":"La radio port\u00e1til PRO7350 es esencial para las organizaciones en proceso de expansi\u00f3n gracias a su versatilidad \u00fanica. Sea cual sea su profesi\u00f3n, puede maximizar sus recursos de comunicaci\u00f3n utilizando esta potente radio en cualquier sistema LTR de 800 MHz. Eficaces y rentables, los sistemas troncales proporcionan una cobertura de llamadas m\u00e1s amplia, un acceso m\u00e1s r\u00e1pido a los canales, mayor privacidad y capacidad para un mayor n\u00famero de usuarios y grupos de conversaci\u00f3n, lo que significa que las radios PRO5350 y PRO7350 pueden satisfacer pr\u00e1cticamente todas las necesidades de comunicaci\u00f3n de su empresa.","og_url":"https:\/\/abix.com.br\/produto\/pro7350\/","og_site_name":"Abix","article_modified_time":"2023-10-20T10:49:15+00:00","og_image":[{"width":426,"height":500,"url":"https:\/\/abix.com.br\/wp-content\/uploads\/2020\/05\/motorola-pro7350-500x500-1.jpg","type":"image\/jpeg"}],"twitter_card":"summary_large_image","twitter_misc":{"Tiempo de lectura":"2 minutos"},"schema":{"@context":"https:\/\/schema.org","@graph":[{"@type":"WebPage","@id":"https:\/\/abix.com.br\/produto\/pro7350\/","url":"https:\/\/abix.com.br\/produto\/pro7350\/","name":"RADIO PORT\u00c1TIL ANAL\u00d3GICA - PRO7350 - Abix","isPartOf":{"@id":"https:\/\/abix.com.br\/#website"},"primaryImageOfPage":{"@id":"https:\/\/abix.com.br\/produto\/pro7350\/#primaryimage"},"image":{"@id":"https:\/\/abix.com.br\/produto\/pro7350\/#primaryimage"},"thumbnailUrl":"https:\/\/abix.com.br\/wp-content\/uploads\/2020\/05\/motorola-pro7350-500x500-1.jpg","datePublished":"2020-05-20T12:10:32+00:00","dateModified":"2023-10-20T10:49:15+00:00","breadcrumb":{"@id":"https:\/\/abix.com.br\/produto\/pro7350\/#breadcrumb"},"inLanguage":"es","potentialAction":[{"@type":"ReadAction","target":["https:\/\/abix.com.br\/produto\/pro7350\/"]}]},{"@type":"ImageObject","inLanguage":"es","@id":"https:\/\/abix.com.br\/produto\/pro7350\/#primaryimage","url":"https:\/\/abix.com.br\/wp-content\/uploads\/2020\/05\/motorola-pro7350-500x500-1.jpg","contentUrl":"https:\/\/abix.com.br\/wp-content\/uploads\/2020\/05\/motorola-pro7350-500x500-1.jpg","width":426,"height":500},{"@type":"BreadcrumbList","@id":"https:\/\/abix.com.br\/produto\/pro7350\/#breadcrumb","itemListElement":[{"@type":"ListItem","position":1,"name":"In\u00edcio","item":"https:\/\/abix.com.br\/es\/"},{"@type":"ListItem","position":2,"name":"Tienda","item":"https:\/\/abix.com.br\/loja\/"},{"@type":"ListItem","position":3,"name":"RADIO PORT\u00c1TIL ANAL\u00d3GICA &#8211; PRO7350"}]},{"@type":"WebSite","@id":"https:\/\/abix.com.br\/#website","url":"https:\/\/abix.com.br\/","name":"Abix","description":"","potentialAction":[{"@type":"SearchAction","target":{"@type":"EntryPoint","urlTemplate":"https:\/\/abix.com.br\/?s={search_term_string}"},"query-input":{"@type":"PropertyValueSpecification","valueRequired":true,"valueName":"search_term_string"}}],"inLanguage":"es"}]}},"_links":{"self":[{"href":"https:\/\/abix.com.br\/es\/wp-json\/wp\/v2\/product\/19637","targetHints":{"allow":["GET"]}}],"collection":[{"href":"https:\/\/abix.com.br\/es\/wp-json\/wp\/v2\/product"}],"about":[{"href":"https:\/\/abix.com.br\/es\/wp-json\/wp\/v2\/types\/product"}],"replies":[{"embeddable":true,"href":"https:\/\/abix.com.br\/es\/wp-json\/wp\/v2\/comments?post=19637"}],"wp:featuredmedia":[{"embeddable":true,"href":"https:\/\/abix.com.br\/es\/wp-json\/wp\/v2\/media\/9926"}],"wp:attachment":[{"href":"https:\/\/abix.com.br\/es\/wp-json\/wp\/v2\/media?parent=19637"}],"wp:term":[{"taxonomy":"product_brand","embeddable":true,"href":"https:\/\/abix.com.br\/es\/wp-json\/wp\/v2\/product_brand?post=19637"},{"taxonomy":"product_cat","embeddable":true,"href":"https:\/\/abix.com.br\/es\/wp-json\/wp\/v2\/product_cat?post=19637"},{"taxonomy":"product_tag","embeddable":true,"href":"https:\/\/abix.com.br\/es\/wp-json\/wp\/v2\/product_tag?post=19637"}],"curies":[{"name":"wp","href":"https:\/\/api.w.org\/{rel}","templated":true}]}}