{"id":19638,"date":"2020-05-20T08:44:10","date_gmt":"2020-05-20T11:44:10","guid":{"rendered":"https:\/\/abix.com.br\/produto\/radio-portatil-analogica-pro5350\/"},"modified":"2023-10-20T07:50:07","modified_gmt":"2023-10-20T10:50:07","slug":"radio-portatil-analogica-pro5350","status":"publish","type":"product","link":"https:\/\/abix.com.br\/es\/produto\/radio-portatil-analogica-pro5350\/","title":{"rendered":"RADIO PORT\u00c1TIL ANAL\u00d3GICA &#8211; PRO5350"},"content":{"rendered":"\n\t<section class=\"section\" id=\"section_165764993\">\n\t\t<div class=\"section-bg fill\" >\n\t\t\t\t\t\t\t\t\t\n\t\t\t\n\n\t\t<\/div>\n\n\t\t\n\n\t\t<div class=\"section-content relative\">\n\t\t\t\n<div class=\"row\"  id=\"row-1100221765\">\n\n\t<div id=\"col-875642136\" class=\"col small-12 large-12\"  >\n\t\t\t\t<div class=\"col-inner\"  >\n\t\t\t\n\t\t\t\n<div class=\"row\"  id=\"row-600940495\">\n\n\t<div id=\"col-1359744094\" class=\"col small-12 large-12\"  >\n\t\t\t\t<div class=\"col-inner\"  >\n\t\t\t\n\t\t\t\n\n\t\t<div class=\"tabbed-content locacao-tabs\">\n\t\t\t\n\t\t\t<ul class=\"nav nav-tabs nav-normal nav-size-xlarge nav-left active-on-hover\" role=\"tablist\"><li id=\"tab-informaci\u00d3n\" class=\"tab active has-icon\" role=\"presentation\"><a href=\"#tab_informaci\u00d3n\" role=\"tab\" aria-selected=\"true\" aria-controls=\"tab_informaci\u00d3n\"><span>INFORMACI\u00d3N<\/span><\/a><\/li>\n<li id=\"tab-accesorios\" class=\"tab has-icon\" role=\"presentation\"><a href=\"#tab_accesorios\" tabindex=\"-1\" role=\"tab\" aria-selected=\"false\" aria-controls=\"tab_accesorios\"><span>ACCESORIOS<\/span><\/a><\/li>\n<li id=\"tab-descargas\" class=\"tab has-icon\" role=\"presentation\"><a href=\"#tab_descargas\" tabindex=\"-1\" role=\"tab\" aria-selected=\"false\" aria-controls=\"tab_descargas\"><span>DESCARGAS<\/span><\/a><\/li>\n<li id=\"tab-especificaciones\" class=\"tab has-icon\" role=\"presentation\"><a href=\"#tab_especificaciones\" tabindex=\"-1\" role=\"tab\" aria-selected=\"false\" aria-controls=\"tab_especificaciones\"><span>ESPECIFICACIONES<\/span><\/a><\/li><\/ul><div class=\"tab-panels\"><div id=\"tab_informaci\u00d3n\" class=\"panel active entry-content\" role=\"tabpanel\" aria-labelledby=\"tab-informaci\u00d3n\">\n<div class=\"row\"  id=\"row-5263312\">\n\n\t<div id=\"col-388663910\" class=\"col medium-6 small-12 large-6\"  >\n\t\t\t\t<div class=\"col-inner\"  >\n\t\t\t\n\t\t\t\n<p><strong>UNA ZONA TRONCAL CON 16 GRUPOS DE CONVERSACI\u00d3N<\/strong><\/p>\n<p>Aumenta la eficiencia con el funcionamiento troncalizado en cualquier sistema UHF LTR.<\/p>\n<p><strong>FUNCIONES DE SE\u00d1ALIZACI\u00d3N DMC EN MODO LTR<\/strong><\/p>\n<p>Las funciones de se\u00f1alizaci\u00f3n MDC exclusivas de Motorola incluyen llamada selectiva y alerta de llamada (recepci\u00f3n). Adem\u00e1s, admite la verificaci\u00f3n por radio (recepci\u00f3n) y la identificaci\u00f3n del llamante (PTT-ID) (env\u00edo), lo que permite una comunicaci\u00f3n eficaz entre grupos de trabajo.<\/p>\n<p><b>CAPACIDAD PARA RECIBIR LLAMADAS TELEF\u00d3NICAS<\/b><\/p>\n<p>La radio PRO5350 le permite recibir llamadas telef\u00f3nicas. Con el kit de actualizaci\u00f3n del teclado, tambi\u00e9n puedes hacer llamadas telef\u00f3nicas.<\/p>\n<p><b>TRES BOTONES PROGRAMABLES<\/b><\/p>\n<p>Acceso instant\u00e1neo a tus funciones favoritas.<\/p>\n<p><strong>FUNCIONES<\/strong><\/p>\n<p>Puede ampliar las funciones de su radio instalando tarjetas opcionales que se conectan al puerto interno:<br \/>Capacidad para descodificar tonos DTMF en llamadas de radio a radio<br \/>Almacenamiento de voz, para grabar mensajes cortos<\/p>\n<p><strong>ESCANEO SELECTIVO AUTOM\u00c1TICO DE TODOS LOS GRUPOS Y DEL SISTEMA (ESCANEO)<\/strong><\/p>\n<p>Tres modos de escaneo le permiten supervisar las transmisiones de varios grupos de conversaci\u00f3n.<\/p>\n<p><strong>TECNOLOG\u00cdA DE MEJORA DE AUDIO X-PANDT<\/strong><\/p>\n<p>La tecnolog\u00eda de mejora de audio X-Pand de Motorola reduce considerablemente el ruido de fondo y mejora la calidad del sonido.<\/p>\n<p><strong>MODO DE COMUNICACI\u00d3N DIRECTA CONVENCIONAL<\/strong><\/p>\n<p>Permite la comunicaci\u00f3n directa entre radios fuera del \u00e1rea de cobertura del sistema.<\/p>\n\t\t<\/div>\n\t\t\t\t\t<\/div>\n\n\t\n\n\t<div id=\"col-769415533\" class=\"col medium-6 small-12 large-6\"  >\n\t\t\t\t<div class=\"col-inner text-left\"  >\n\t\t\t\n\t\t\t\n\t\t<\/div>\n\t\t\t\t\t<\/div>\n\n\t\n<\/div>\n<\/div>\n<div id=\"tab_accesorios\" class=\"panel entry-content\" role=\"tabpanel\" aria-labelledby=\"tab-accesorios\">\n<div class=\"row align-middle\"  id=\"row-1757030753\">\n\n\t<div id=\"col-16828430\" class=\"col medium-10 small-12 large-10\"  >\n\t\t\t\t<div class=\"col-inner\"  >\n\t\t\t\n\t\t\t\n<p>CONTENIDO<\/p>\n\t\t<\/div>\n\t\t\t\t\t<\/div>\n\n\t\n\n\t<div id=\"col-1415066075\" class=\"col medium-2 small-12 large-2\"  >\n\t\t\t\t<div class=\"col-inner\"  >\n\t\t\t\n\t\t\t\n\t\t<\/div>\n\t\t\t\t\t<\/div>\n\n\t\n<\/div>\n<\/div>\n<div id=\"tab_descargas\" class=\"panel entry-content\" role=\"tabpanel\" aria-labelledby=\"tab-descargas\">\n<div class=\"row\"  id=\"row-1627812268\">\n\n\t<div id=\"col-404805475\" class=\"col medium-10 small-12 large-10\"  >\n\t\t\t\t<div class=\"col-inner\"  >\n\t\t\t\n\t\t\t\n<p><a href=\"https:\/\/www.abix.com.br\/wp-content\/uploads\/Ficha-PRO5350.pdf\">Hoja de datos de PRO5350<\/a><\/p>\n\t\t<\/div>\n\t\t\t\t\t<\/div>\n\n\t\n<\/div>\n<\/div>\n<div id=\"tab_especificaciones\" class=\"panel entry-content\" role=\"tabpanel\" aria-labelledby=\"tab-especificaciones\">\n<div class=\"row\"  id=\"row-1987381315\">\n\n\t<div id=\"col-1253767225\" class=\"col medium-9 small-12 large-9\"  >\n\t\t\t\t<div class=\"col-inner\"  >\n\t\t\t\n\t\t\t\n\t\t<\/div>\n\t\t\t\t\t<\/div>\n\n\t\n<\/div>\n<\/div><\/div><\/div>\n\t\t<\/div>\n\t\t\t\t\t<\/div>\n\n\t\n<\/div>\n\t\t<\/div>\n\t\t\t\t\t<\/div>\n\n\t\n<\/div>\n\t\t<\/div>\n\n\t\t\n<style>\n#section_165764993 {\n  padding-top: 0px;\n  padding-bottom: 0px;\n}\n<\/style>\n\t<\/section>\n\t\n","protected":false},"excerpt":{"rendered":"<p style=\"text-align: justify;\">La radio port\u00e1til PRO5350 es la soluci\u00f3n econ\u00f3mica para los profesionales que necesitan una radio resistente y fiable para mantenerse en contacto. Esta pr\u00e1ctica radio puede ayudarle a aumentar su productividad manteniendo a los usuarios comunicados, al tiempo que agiliza el uso de la radio, lo que le permite concentrarse en el trabajo que tiene entre manos. La sencilla interfaz de usuario de la radio PRO5350 minimiza el tiempo de aprendizaje en los sistemas LTR. Con la radio port\u00e1til PRO5350, la comunicaci\u00f3n no puede ser m\u00e1s f\u00e1cil.<\/p>\n","protected":false},"featured_media":0,"comment_status":"closed","ping_status":"closed","template":"","meta":[],"product_brand":[],"product_cat":[155,182,157,163],"product_tag":[],"class_list":{"0":"post-19638","1":"product","2":"type-product","3":"status-publish","5":"product_cat-linea-profesional","6":"product_cat-ltr-es","7":"product_cat-motorola-es","8":"product_cat-radios-analogicas","10":"first","11":"instock","12":"shipping-taxable","13":"product-type-simple"},"yoast_head":"<!-- This site is optimized with the Yoast SEO plugin v27.4 - https:\/\/yoast.com\/product\/yoast-seo-wordpress\/ -->\n<title>RADIO PORT\u00c1TIL ANAL\u00d3GICA - PRO5350 - Abix<\/title>\n<meta name=\"description\" content=\"La radio port\u00e1til PRO5350 es la soluci\u00f3n econ\u00f3mica para los profesionales que necesitan una radio resistente y fiable para mantenerse en contacto.\" \/>\n<meta name=\"robots\" content=\"index, follow, max-snippet:-1, max-image-preview:large, max-video-preview:-1\" \/>\n<link rel=\"canonical\" href=\"https:\/\/abix.com.br\/produto\/pro5350\/\" \/>\n<meta property=\"og:locale\" content=\"es_ES\" \/>\n<meta property=\"og:type\" content=\"article\" \/>\n<meta property=\"og:title\" content=\"RADIO PORT\u00c1TIL ANAL\u00d3GICA - PRO5350 - Abix\" \/>\n<meta property=\"og:description\" content=\"La radio port\u00e1til PRO5350 es la soluci\u00f3n econ\u00f3mica para los profesionales que necesitan una radio resistente y fiable para mantenerse en contacto.\" \/>\n<meta property=\"og:url\" content=\"https:\/\/abix.com.br\/produto\/pro5350\/\" \/>\n<meta property=\"og:site_name\" content=\"Abix\" \/>\n<meta property=\"article:modified_time\" content=\"2023-10-20T10:50:07+00:00\" \/>\n<meta name=\"twitter:card\" content=\"summary_large_image\" \/>\n<meta name=\"twitter:label1\" content=\"Tiempo de lectura\" \/>\n\t<meta name=\"twitter:data1\" content=\"2 minutos\" \/>\n<script type=\"application\/ld+json\" class=\"yoast-schema-graph\">{\"@context\":\"https:\\\/\\\/schema.org\",\"@graph\":[{\"@type\":\"WebPage\",\"@id\":\"https:\\\/\\\/abix.com.br\\\/produto\\\/pro5350\\\/\",\"url\":\"https:\\\/\\\/abix.com.br\\\/produto\\\/pro5350\\\/\",\"name\":\"RADIO PORT\u00c1TIL ANAL\u00d3GICA - PRO5350 - Abix\",\"isPartOf\":{\"@id\":\"https:\\\/\\\/abix.com.br\\\/#website\"},\"datePublished\":\"2020-05-20T11:44:10+00:00\",\"dateModified\":\"2023-10-20T10:50:07+00:00\",\"description\":\"La radio port\u00e1til PRO5350 es la soluci\u00f3n econ\u00f3mica para los profesionales que necesitan una radio resistente y fiable para mantenerse en contacto.\",\"breadcrumb\":{\"@id\":\"https:\\\/\\\/abix.com.br\\\/produto\\\/pro5350\\\/#breadcrumb\"},\"inLanguage\":\"es\",\"potentialAction\":[{\"@type\":\"ReadAction\",\"target\":[\"https:\\\/\\\/abix.com.br\\\/produto\\\/pro5350\\\/\"]}]},{\"@type\":\"BreadcrumbList\",\"@id\":\"https:\\\/\\\/abix.com.br\\\/produto\\\/pro5350\\\/#breadcrumb\",\"itemListElement\":[{\"@type\":\"ListItem\",\"position\":1,\"name\":\"In\u00edcio\",\"item\":\"https:\\\/\\\/abix.com.br\\\/es\\\/\"},{\"@type\":\"ListItem\",\"position\":2,\"name\":\"Tienda\",\"item\":\"https:\\\/\\\/abix.com.br\\\/loja\\\/\"},{\"@type\":\"ListItem\",\"position\":3,\"name\":\"RADIO PORT\u00c1TIL ANAL\u00d3GICA &#8211; PRO5350\"}]},{\"@type\":\"WebSite\",\"@id\":\"https:\\\/\\\/abix.com.br\\\/#website\",\"url\":\"https:\\\/\\\/abix.com.br\\\/\",\"name\":\"Abix\",\"description\":\"\",\"potentialAction\":[{\"@type\":\"SearchAction\",\"target\":{\"@type\":\"EntryPoint\",\"urlTemplate\":\"https:\\\/\\\/abix.com.br\\\/?s={search_term_string}\"},\"query-input\":{\"@type\":\"PropertyValueSpecification\",\"valueRequired\":true,\"valueName\":\"search_term_string\"}}],\"inLanguage\":\"es\"}]}<\/script>\n<!-- \/ Yoast SEO plugin. -->","yoast_head_json":{"title":"RADIO PORT\u00c1TIL ANAL\u00d3GICA - PRO5350 - Abix","description":"La radio port\u00e1til PRO5350 es la soluci\u00f3n econ\u00f3mica para los profesionales que necesitan una radio resistente y fiable para mantenerse en contacto.","robots":{"index":"index","follow":"follow","max-snippet":"max-snippet:-1","max-image-preview":"max-image-preview:large","max-video-preview":"max-video-preview:-1"},"canonical":"https:\/\/abix.com.br\/produto\/pro5350\/","og_locale":"es_ES","og_type":"article","og_title":"RADIO PORT\u00c1TIL ANAL\u00d3GICA - PRO5350 - Abix","og_description":"La radio port\u00e1til PRO5350 es la soluci\u00f3n econ\u00f3mica para los profesionales que necesitan una radio resistente y fiable para mantenerse en contacto.","og_url":"https:\/\/abix.com.br\/produto\/pro5350\/","og_site_name":"Abix","article_modified_time":"2023-10-20T10:50:07+00:00","twitter_card":"summary_large_image","twitter_misc":{"Tiempo de lectura":"2 minutos"},"schema":{"@context":"https:\/\/schema.org","@graph":[{"@type":"WebPage","@id":"https:\/\/abix.com.br\/produto\/pro5350\/","url":"https:\/\/abix.com.br\/produto\/pro5350\/","name":"RADIO PORT\u00c1TIL ANAL\u00d3GICA - PRO5350 - Abix","isPartOf":{"@id":"https:\/\/abix.com.br\/#website"},"datePublished":"2020-05-20T11:44:10+00:00","dateModified":"2023-10-20T10:50:07+00:00","description":"La radio port\u00e1til PRO5350 es la soluci\u00f3n econ\u00f3mica para los profesionales que necesitan una radio resistente y fiable para mantenerse en contacto.","breadcrumb":{"@id":"https:\/\/abix.com.br\/produto\/pro5350\/#breadcrumb"},"inLanguage":"es","potentialAction":[{"@type":"ReadAction","target":["https:\/\/abix.com.br\/produto\/pro5350\/"]}]},{"@type":"BreadcrumbList","@id":"https:\/\/abix.com.br\/produto\/pro5350\/#breadcrumb","itemListElement":[{"@type":"ListItem","position":1,"name":"In\u00edcio","item":"https:\/\/abix.com.br\/es\/"},{"@type":"ListItem","position":2,"name":"Tienda","item":"https:\/\/abix.com.br\/loja\/"},{"@type":"ListItem","position":3,"name":"RADIO PORT\u00c1TIL ANAL\u00d3GICA &#8211; PRO5350"}]},{"@type":"WebSite","@id":"https:\/\/abix.com.br\/#website","url":"https:\/\/abix.com.br\/","name":"Abix","description":"","potentialAction":[{"@type":"SearchAction","target":{"@type":"EntryPoint","urlTemplate":"https:\/\/abix.com.br\/?s={search_term_string}"},"query-input":{"@type":"PropertyValueSpecification","valueRequired":true,"valueName":"search_term_string"}}],"inLanguage":"es"}]}},"_links":{"self":[{"href":"https:\/\/abix.com.br\/es\/wp-json\/wp\/v2\/product\/19638","targetHints":{"allow":["GET"]}}],"collection":[{"href":"https:\/\/abix.com.br\/es\/wp-json\/wp\/v2\/product"}],"about":[{"href":"https:\/\/abix.com.br\/es\/wp-json\/wp\/v2\/types\/product"}],"replies":[{"embeddable":true,"href":"https:\/\/abix.com.br\/es\/wp-json\/wp\/v2\/comments?post=19638"}],"wp:attachment":[{"href":"https:\/\/abix.com.br\/es\/wp-json\/wp\/v2\/media?parent=19638"}],"wp:term":[{"taxonomy":"product_brand","embeddable":true,"href":"https:\/\/abix.com.br\/es\/wp-json\/wp\/v2\/product_brand?post=19638"},{"taxonomy":"product_cat","embeddable":true,"href":"https:\/\/abix.com.br\/es\/wp-json\/wp\/v2\/product_cat?post=19638"},{"taxonomy":"product_tag","embeddable":true,"href":"https:\/\/abix.com.br\/es\/wp-json\/wp\/v2\/product_tag?post=19638"}],"curies":[{"name":"wp","href":"https:\/\/api.w.org\/{rel}","templated":true}]}}