{"id":19639,"date":"2020-05-20T08:28:19","date_gmt":"2020-05-20T11:28:19","guid":{"rendered":"https:\/\/abix.com.br\/produto\/radio-digital-portatil-apx7000\/"},"modified":"2023-10-20T07:50:52","modified_gmt":"2023-10-20T10:50:52","slug":"radio-digital-portatil-apx7000","status":"publish","type":"product","link":"https:\/\/abix.com.br\/es\/produto\/radio-digital-portatil-apx7000\/","title":{"rendered":"RADIO DIGITAL PORT\u00c1TIL &#8211; APX7000"},"content":{"rendered":"\n\t<section class=\"section\" id=\"section_1213990991\">\n\t\t<div class=\"section-bg fill\" >\n\t\t\t\t\t\t\t\t\t\n\t\t\t\n\n\t\t<\/div>\n\n\t\t\n\n\t\t<div class=\"section-content relative\">\n\t\t\t\n<div class=\"row\"  id=\"row-1651869086\">\n\n\t<div id=\"col-1967232056\" class=\"col small-12 large-12\"  >\n\t\t\t\t<div class=\"col-inner\"  >\n\t\t\t\n\t\t\t\n<div class=\"row\"  id=\"row-1565263217\">\n\n\t<div id=\"col-1655879952\" class=\"col small-12 large-12\"  >\n\t\t\t\t<div class=\"col-inner\"  >\n\t\t\t\n\t\t\t\n\n\t\t<div class=\"tabbed-content locacao-tabs\">\n\t\t\t\n\t\t\t<ul class=\"nav nav-tabs nav-normal nav-size-xlarge nav-left active-on-hover\" role=\"tablist\"><li id=\"tab-informaci\u00d3n\" class=\"tab active has-icon\" role=\"presentation\"><a href=\"#tab_informaci\u00d3n\" role=\"tab\" aria-selected=\"true\" aria-controls=\"tab_informaci\u00d3n\"><span>INFORMACI\u00d3N<\/span><\/a><\/li>\n<li id=\"tab-accesorios\" class=\"tab has-icon\" role=\"presentation\"><a href=\"#tab_accesorios\" tabindex=\"-1\" role=\"tab\" aria-selected=\"false\" aria-controls=\"tab_accesorios\"><span>ACCESORIOS<\/span><\/a><\/li>\n<li id=\"tab-descargas\" class=\"tab has-icon\" role=\"presentation\"><a href=\"#tab_descargas\" tabindex=\"-1\" role=\"tab\" aria-selected=\"false\" aria-controls=\"tab_descargas\"><span>DESCARGAS<\/span><\/a><\/li>\n<li id=\"tab-especificaciones\" class=\"tab has-icon\" role=\"presentation\"><a href=\"#tab_especificaciones\" tabindex=\"-1\" role=\"tab\" aria-selected=\"false\" aria-controls=\"tab_especificaciones\"><span>ESPECIFICACIONES<\/span><\/a><\/li><\/ul><div class=\"tab-panels\"><div id=\"tab_informaci\u00d3n\" class=\"panel active entry-content\" role=\"tabpanel\" aria-labelledby=\"tab-informaci\u00d3n\">\n<div class=\"row\"  id=\"row-1100740746\">\n\n\t<div id=\"col-890737596\" class=\"col medium-6 small-12 large-6\"  >\n\t\t\t\t<div class=\"col-inner\"  >\n\t\t\t\n\t\t\t\n<h3>CARACTER\u00cdSTICAS DE RENDIMIENTO<\/h3>\n<ul>\n<li><strong>Banda de frecuencias<\/strong><\/li>\n<\/ul>\n<p>VHF, UHF, 700 MHz, 800 MHz<\/p>\n<ul>\n<li><strong>Potencia<\/strong><\/li>\n<\/ul>\n<p>3 vatios 700\/800 MHz, 6 vatios VHF, 5 vatios UHF R1<\/p>\n<ul>\n<li><strong>Bandas de frecuencia<\/strong><\/li>\n<\/ul>\n<p>700\/800 (764-870 MHz), VHF (136-174 MHz), UHF R1 (380-470 MHz)<\/p>\n<ul>\n<li><strong>Elemento qu\u00edmico est\u00e1ndar de la bater\u00eda<\/strong><\/li>\n<\/ul>\n<p>Iones de litio<\/p>\n<ul>\n<li><strong>Duraci\u00f3n de la bater\u00eda &#8211; est\u00e1ndar (basada en un ciclo 05 05 90)<\/strong><\/li>\n<\/ul>\n<p>8 horas (todos los tipos de bater\u00eda)<\/p>\n<ul>\n<li><strong>Criptograf\u00eda<\/strong><\/li>\n<\/ul>\n<p>S\u00ed<\/p>\n<ul>\n<li><strong>Tipo de algoritmos de cifrado<\/strong><\/li>\n<\/ul>\n<p>AES, DES, DES-XL, DES-OFB, Privacidad digital avanzada (ADP)<\/p>\n<ul>\n<li><strong>Separaci\u00f3n entre canales<\/strong><\/li>\n<\/ul>\n<p>6,25, 12,5, 25<\/p>\n<\/p>\n<h3>ENTORNO DE USUARIO<\/h3>\n<ul>\n<li><strong>Grado de protecci\u00f3n<\/strong><\/li>\n<\/ul>\n<p>IP67<\/p>\n<ul>\n<li><strong>Especificaciones militares<\/strong><\/li>\n<\/ul>\n<p>810 C, 810 D, 810 E, 810 F<\/p>\n<ul>\n<li><strong>Sumergible<\/strong><\/li>\n<\/ul>\n<p>S\u00ed<\/p>\n<h3>CARACTER\u00cdSTICAS F\u00cdSICAS<\/h3>\n<ul>\n<li><strong>Dimensiones Al x An x Pr (con bater\u00eda est\u00e1ndar)<\/strong><\/li>\n<\/ul>\n<p>6.55 x 2.98 x 1.65<\/p>\n<ul>\n<li><strong>Peso (con bater\u00eda est\u00e1ndar)<\/strong><\/li>\n<\/ul>\n<p>521 g (18,4 oz)<\/p>\n<ul>\n<li><strong>Teclado<\/strong><\/li>\n<\/ul>\n<p>Completo, Ninguno<\/p>\n<ul>\n<li><strong>Mostrar<\/strong><\/li>\n<\/ul>\n<p>Complete<\/p>\n\t\t<\/div>\n\t\t\t\t\t<\/div>\n\n\t\n\n\t<div id=\"col-2132161843\" class=\"col medium-6 small-12 large-6\"  >\n\t\t\t\t<div class=\"col-inner text-left\"  >\n\t\t\t\n\t\t\t\n\t\t<\/div>\n\t\t\t\t\t<\/div>\n\n\t\n<\/div>\n<\/div>\n<div id=\"tab_accesorios\" class=\"panel entry-content\" role=\"tabpanel\" aria-labelledby=\"tab-accesorios\">\n<div class=\"row align-middle\"  id=\"row-9508583\">\n\n\t<div id=\"col-752480891\" class=\"col medium-10 small-12 large-10\"  >\n\t\t\t\t<div class=\"col-inner\"  >\n\t\t\t\n\t\t\t\n<p>CONTENIDO<\/p>\n\t\t<\/div>\n\t\t\t\t\t<\/div>\n\n\t\n\n\t<div id=\"col-1509537091\" class=\"col medium-2 small-12 large-2\"  >\n\t\t\t\t<div class=\"col-inner\"  >\n\t\t\t\n\t\t\t\n\t\t<\/div>\n\t\t\t\t\t<\/div>\n\n\t\n<\/div>\n<\/div>\n<div id=\"tab_descargas\" class=\"panel entry-content\" role=\"tabpanel\" aria-labelledby=\"tab-descargas\">\n<div class=\"row\"  id=\"row-49776011\">\n\n\t<div id=\"col-2026215142\" class=\"col medium-10 small-12 large-10\"  >\n\t\t\t\t<div class=\"col-inner\"  >\n\t\t\t\n\t\t\t\n<p><a href=\"https:\/\/www.abix.com.br\/wp-content\/uploads\/Ficha-APX7000.pdf\">APX7000 ficha t\u00e9cnica<\/a><\/p>\n\t\t<\/div>\n\t\t\t\t\t<\/div>\n\n\t\n<\/div>\n<\/div>\n<div id=\"tab_especificaciones\" class=\"panel entry-content\" role=\"tabpanel\" aria-labelledby=\"tab-especificaciones\">\n<div class=\"row\"  id=\"row-231854306\">\n\n\t<div id=\"col-827624710\" class=\"col medium-9 small-12 large-9\"  >\n\t\t\t\t<div class=\"col-inner\"  >\n\t\t\t\n\t\t\t\n<h3>RECURSOS RADIOF\u00d3NICOS<\/h3>\n<ul>\n<li><strong>Software de programaci\u00f3n de clientes (CPS)<\/strong><\/li>\n<\/ul>\n<p>S\u00ed<\/p>\n<ul>\n<li><strong>Memoria FLASHport<\/strong><\/li>\n<\/ul>\n<p>LA VERDAD<\/p>\n<ul>\n<li><strong>Voz y datos integrados (IV&amp;D)<\/strong><\/li>\n<\/ul>\n<p>S\u00ed<\/p>\n<ul>\n<li><strong>Mensaje de texto<\/strong><\/li>\n<\/ul>\n<p>S\u00ed<\/p>\n<ul>\n<li><strong>Funciones de software avanzadas<\/strong><\/li>\n<\/ul>\n<p>Programaci\u00f3n por el aire (OTAP), OTAR (reintroducci\u00f3n por el aire)<\/p>\n<\/p>\n<h3>TECNOLOG\u00cdA<\/h3>\n<ul>\n<li><strong>Tecnolog\u00eda digital<\/strong><\/li>\n<\/ul>\n<p>S\u00ed<\/p>\n<ul>\n<li><strong>Tipo de sistema<\/strong><\/li>\n<\/ul>\n<p>Trunking convencional, Trunking SmartZone, Trunking SMARTNET<\/p>\n\t\t<\/div>\n\t\t\t\t\t<\/div>\n\n\t\n<\/div>\n<\/div><\/div><\/div>\n\t\t<\/div>\n\t\t\t\t\t<\/div>\n\n\t\n<\/div>\n\t\t<\/div>\n\t\t\t\t\t<\/div>\n\n\t\n<\/div>\n\t\t<\/div>\n\n\t\t\n<style>\n#section_1213990991 {\n  padding-top: 0px;\n  padding-bottom: 0px;\n}\n<\/style>\n\t<\/section>\n\t\n","protected":false},"excerpt":{"rendered":"<p style=\"text-align: justify;\">La radio multibanda APX 7000 pone la interoperabilidad instant\u00e1nea en manos del personal de emergencias de misi\u00f3n cr\u00edtica. El abonado P25 de cuarta generaci\u00f3n de Motorola tiene capacidad de interoperabilidad multibanda en una sola radio y puede funcionar en 2 de cualquiera de las siguientes bandas de frecuencia: 700\/800 MHz, VHF, UHF Range 1 y UHF Range 2, ofreciendo compatibilidad con equipos heredados y futuros (FDMA Y TDMA), y GPS integrado para seguimiento en exteriores. Dise\u00f1ada con tecnolog\u00eda de misi\u00f3n cr\u00edtica, la radio amplifica la capacidad de los agentes de seguridad p\u00fablica para mantener a la comunidad m\u00e1s segura que nunca.<\/p>\n","protected":false},"featured_media":9898,"comment_status":"closed","ping_status":"closed","template":"","meta":[],"product_brand":[],"product_cat":[181,155,157,186,163,156,158],"product_tag":[],"class_list":{"0":"post-19639","1":"product","2":"type-product","3":"status-publish","4":"has-post-thumbnail","6":"product_cat-astro-25-es","7":"product_cat-linea-profesional","8":"product_cat-motorola-es","9":"product_cat-radio-p25-es","10":"product_cat-radios-analogicas","11":"product_cat-radios-digitales","12":"product_cat-radios-portatiles","14":"first","15":"instock","16":"shipping-taxable","17":"product-type-simple"},"yoast_head":"<!-- This site is optimized with the Yoast SEO plugin v27.3 - https:\/\/yoast.com\/product\/yoast-seo-wordpress\/ -->\n<title>RADIO DIGITAL PORT\u00c1TIL - APX7000 - Abix Tecnolog\u00eda<\/title>\n<meta name=\"description\" content=\"La radio multibanda APX 7000 pone la interoperabilidad instant\u00e1nea en manos del personal de emergencias de misi\u00f3n cr\u00edtica.\" \/>\n<meta name=\"robots\" content=\"index, follow, max-snippet:-1, max-image-preview:large, max-video-preview:-1\" \/>\n<link rel=\"canonical\" href=\"https:\/\/abix.com.br\/produto\/apx7000\/\" \/>\n<meta property=\"og:locale\" content=\"es_ES\" \/>\n<meta property=\"og:type\" content=\"article\" \/>\n<meta property=\"og:title\" content=\"RADIO DIGITAL PORT\u00c1TIL - APX7000 - Abix Tecnolog\u00eda\" \/>\n<meta property=\"og:description\" content=\"La radio multibanda APX 7000 pone la interoperabilidad instant\u00e1nea en manos del personal de emergencias de misi\u00f3n cr\u00edtica.\" \/>\n<meta property=\"og:url\" content=\"https:\/\/abix.com.br\/produto\/apx7000\/\" \/>\n<meta property=\"og:site_name\" content=\"Abix\" \/>\n<meta property=\"article:modified_time\" content=\"2023-10-20T10:50:52+00:00\" \/>\n<meta property=\"og:image\" content=\"https:\/\/abix.com.br\/wp-content\/uploads\/2020\/05\/APX7000-FRONT.jpg\" \/>\n\t<meta property=\"og:image:width\" content=\"600\" \/>\n\t<meta property=\"og:image:height\" content=\"600\" \/>\n\t<meta property=\"og:image:type\" content=\"image\/jpeg\" \/>\n<meta name=\"twitter:card\" content=\"summary_large_image\" \/>\n<meta name=\"twitter:label1\" content=\"Tiempo de lectura\" \/>\n\t<meta name=\"twitter:data1\" content=\"2 minutos\" \/>\n<script type=\"application\/ld+json\" class=\"yoast-schema-graph\">{\"@context\":\"https:\\\/\\\/schema.org\",\"@graph\":[{\"@type\":\"WebPage\",\"@id\":\"https:\\\/\\\/abix.com.br\\\/produto\\\/apx7000\\\/\",\"url\":\"https:\\\/\\\/abix.com.br\\\/produto\\\/apx7000\\\/\",\"name\":\"RADIO DIGITAL PORT\u00c1TIL - APX7000 - Abix Tecnolog\u00eda\",\"isPartOf\":{\"@id\":\"https:\\\/\\\/abix.com.br\\\/#website\"},\"primaryImageOfPage\":{\"@id\":\"https:\\\/\\\/abix.com.br\\\/produto\\\/apx7000\\\/#primaryimage\"},\"image\":{\"@id\":\"https:\\\/\\\/abix.com.br\\\/produto\\\/apx7000\\\/#primaryimage\"},\"thumbnailUrl\":\"https:\\\/\\\/abix.com.br\\\/wp-content\\\/uploads\\\/2020\\\/05\\\/APX7000-FRONT.jpg\",\"datePublished\":\"2020-05-20T11:28:19+00:00\",\"dateModified\":\"2023-10-20T10:50:52+00:00\",\"description\":\"La radio multibanda APX 7000 pone la interoperabilidad instant\u00e1nea en manos del personal de emergencias de misi\u00f3n cr\u00edtica.\",\"breadcrumb\":{\"@id\":\"https:\\\/\\\/abix.com.br\\\/produto\\\/apx7000\\\/#breadcrumb\"},\"inLanguage\":\"es\",\"potentialAction\":[{\"@type\":\"ReadAction\",\"target\":[\"https:\\\/\\\/abix.com.br\\\/produto\\\/apx7000\\\/\"]}]},{\"@type\":\"ImageObject\",\"inLanguage\":\"es\",\"@id\":\"https:\\\/\\\/abix.com.br\\\/produto\\\/apx7000\\\/#primaryimage\",\"url\":\"https:\\\/\\\/abix.com.br\\\/wp-content\\\/uploads\\\/2020\\\/05\\\/APX7000-FRONT.jpg\",\"contentUrl\":\"https:\\\/\\\/abix.com.br\\\/wp-content\\\/uploads\\\/2020\\\/05\\\/APX7000-FRONT.jpg\",\"width\":600,\"height\":600,\"caption\":\"R\u00c1DIO PORT\u00c1TIL DIGITAL APX7000\"},{\"@type\":\"BreadcrumbList\",\"@id\":\"https:\\\/\\\/abix.com.br\\\/produto\\\/apx7000\\\/#breadcrumb\",\"itemListElement\":[{\"@type\":\"ListItem\",\"position\":1,\"name\":\"In\u00edcio\",\"item\":\"https:\\\/\\\/abix.com.br\\\/es\\\/\"},{\"@type\":\"ListItem\",\"position\":2,\"name\":\"Tienda\",\"item\":\"https:\\\/\\\/abix.com.br\\\/loja\\\/\"},{\"@type\":\"ListItem\",\"position\":3,\"name\":\"RADIO DIGITAL PORT\u00c1TIL &#8211; APX7000\"}]},{\"@type\":\"WebSite\",\"@id\":\"https:\\\/\\\/abix.com.br\\\/#website\",\"url\":\"https:\\\/\\\/abix.com.br\\\/\",\"name\":\"Abix\",\"description\":\"\",\"potentialAction\":[{\"@type\":\"SearchAction\",\"target\":{\"@type\":\"EntryPoint\",\"urlTemplate\":\"https:\\\/\\\/abix.com.br\\\/?s={search_term_string}\"},\"query-input\":{\"@type\":\"PropertyValueSpecification\",\"valueRequired\":true,\"valueName\":\"search_term_string\"}}],\"inLanguage\":\"es\"}]}<\/script>\n<!-- \/ Yoast SEO plugin. -->","yoast_head_json":{"title":"RADIO DIGITAL PORT\u00c1TIL - APX7000 - Abix Tecnolog\u00eda","description":"La radio multibanda APX 7000 pone la interoperabilidad instant\u00e1nea en manos del personal de emergencias de misi\u00f3n cr\u00edtica.","robots":{"index":"index","follow":"follow","max-snippet":"max-snippet:-1","max-image-preview":"max-image-preview:large","max-video-preview":"max-video-preview:-1"},"canonical":"https:\/\/abix.com.br\/produto\/apx7000\/","og_locale":"es_ES","og_type":"article","og_title":"RADIO DIGITAL PORT\u00c1TIL - APX7000 - Abix Tecnolog\u00eda","og_description":"La radio multibanda APX 7000 pone la interoperabilidad instant\u00e1nea en manos del personal de emergencias de misi\u00f3n cr\u00edtica.","og_url":"https:\/\/abix.com.br\/produto\/apx7000\/","og_site_name":"Abix","article_modified_time":"2023-10-20T10:50:52+00:00","og_image":[{"width":600,"height":600,"url":"https:\/\/abix.com.br\/wp-content\/uploads\/2020\/05\/APX7000-FRONT.jpg","type":"image\/jpeg"}],"twitter_card":"summary_large_image","twitter_misc":{"Tiempo de lectura":"2 minutos"},"schema":{"@context":"https:\/\/schema.org","@graph":[{"@type":"WebPage","@id":"https:\/\/abix.com.br\/produto\/apx7000\/","url":"https:\/\/abix.com.br\/produto\/apx7000\/","name":"RADIO DIGITAL PORT\u00c1TIL - APX7000 - Abix Tecnolog\u00eda","isPartOf":{"@id":"https:\/\/abix.com.br\/#website"},"primaryImageOfPage":{"@id":"https:\/\/abix.com.br\/produto\/apx7000\/#primaryimage"},"image":{"@id":"https:\/\/abix.com.br\/produto\/apx7000\/#primaryimage"},"thumbnailUrl":"https:\/\/abix.com.br\/wp-content\/uploads\/2020\/05\/APX7000-FRONT.jpg","datePublished":"2020-05-20T11:28:19+00:00","dateModified":"2023-10-20T10:50:52+00:00","description":"La radio multibanda APX 7000 pone la interoperabilidad instant\u00e1nea en manos del personal de emergencias de misi\u00f3n cr\u00edtica.","breadcrumb":{"@id":"https:\/\/abix.com.br\/produto\/apx7000\/#breadcrumb"},"inLanguage":"es","potentialAction":[{"@type":"ReadAction","target":["https:\/\/abix.com.br\/produto\/apx7000\/"]}]},{"@type":"ImageObject","inLanguage":"es","@id":"https:\/\/abix.com.br\/produto\/apx7000\/#primaryimage","url":"https:\/\/abix.com.br\/wp-content\/uploads\/2020\/05\/APX7000-FRONT.jpg","contentUrl":"https:\/\/abix.com.br\/wp-content\/uploads\/2020\/05\/APX7000-FRONT.jpg","width":600,"height":600,"caption":"R\u00c1DIO PORT\u00c1TIL DIGITAL APX7000"},{"@type":"BreadcrumbList","@id":"https:\/\/abix.com.br\/produto\/apx7000\/#breadcrumb","itemListElement":[{"@type":"ListItem","position":1,"name":"In\u00edcio","item":"https:\/\/abix.com.br\/es\/"},{"@type":"ListItem","position":2,"name":"Tienda","item":"https:\/\/abix.com.br\/loja\/"},{"@type":"ListItem","position":3,"name":"RADIO DIGITAL PORT\u00c1TIL &#8211; APX7000"}]},{"@type":"WebSite","@id":"https:\/\/abix.com.br\/#website","url":"https:\/\/abix.com.br\/","name":"Abix","description":"","potentialAction":[{"@type":"SearchAction","target":{"@type":"EntryPoint","urlTemplate":"https:\/\/abix.com.br\/?s={search_term_string}"},"query-input":{"@type":"PropertyValueSpecification","valueRequired":true,"valueName":"search_term_string"}}],"inLanguage":"es"}]}},"_links":{"self":[{"href":"https:\/\/abix.com.br\/es\/wp-json\/wp\/v2\/product\/19639","targetHints":{"allow":["GET"]}}],"collection":[{"href":"https:\/\/abix.com.br\/es\/wp-json\/wp\/v2\/product"}],"about":[{"href":"https:\/\/abix.com.br\/es\/wp-json\/wp\/v2\/types\/product"}],"replies":[{"embeddable":true,"href":"https:\/\/abix.com.br\/es\/wp-json\/wp\/v2\/comments?post=19639"}],"wp:featuredmedia":[{"embeddable":true,"href":"https:\/\/abix.com.br\/es\/wp-json\/wp\/v2\/media\/9898"}],"wp:attachment":[{"href":"https:\/\/abix.com.br\/es\/wp-json\/wp\/v2\/media?parent=19639"}],"wp:term":[{"taxonomy":"product_brand","embeddable":true,"href":"https:\/\/abix.com.br\/es\/wp-json\/wp\/v2\/product_brand?post=19639"},{"taxonomy":"product_cat","embeddable":true,"href":"https:\/\/abix.com.br\/es\/wp-json\/wp\/v2\/product_cat?post=19639"},{"taxonomy":"product_tag","embeddable":true,"href":"https:\/\/abix.com.br\/es\/wp-json\/wp\/v2\/product_tag?post=19639"}],"curies":[{"name":"wp","href":"https:\/\/api.w.org\/{rel}","templated":true}]}}