{"id":19640,"date":"2020-05-20T08:10:20","date_gmt":"2020-05-20T11:10:20","guid":{"rendered":"https:\/\/abix.com.br\/produto\/radio-digital-portatil-xts5000\/"},"modified":"2023-10-20T07:51:48","modified_gmt":"2023-10-20T10:51:48","slug":"radio-digital-portatil-xts5000","status":"publish","type":"product","link":"https:\/\/abix.com.br\/es\/produto\/radio-digital-portatil-xts5000\/","title":{"rendered":"RADIO DIGITAL PORT\u00c1TIL &#8211; XTS5000"},"content":{"rendered":"\n\t<section class=\"section\" id=\"section_143480460\">\n\t\t<div class=\"section-bg fill\" >\n\t\t\t\t\t\t\t\t\t\n\t\t\t\n\n\t\t<\/div>\n\n\t\t\n\n\t\t<div class=\"section-content relative\">\n\t\t\t\n<div class=\"row\"  id=\"row-359414389\">\n\n\t<div id=\"col-50766592\" class=\"col small-12 large-12\"  >\n\t\t\t\t<div class=\"col-inner\"  >\n\t\t\t\n\t\t\t\n<div class=\"row\"  id=\"row-1201569572\">\n\n\t<div id=\"col-566435429\" class=\"col small-12 large-12\"  >\n\t\t\t\t<div class=\"col-inner\"  >\n\t\t\t\n\t\t\t\n\n\t\t<div class=\"tabbed-content locacao-tabs\">\n\t\t\t\n\t\t\t<ul class=\"nav nav-tabs nav-normal nav-size-xlarge nav-left active-on-hover\" role=\"tablist\"><li id=\"tab-informaci\u00d3n\" class=\"tab active has-icon\" role=\"presentation\"><a href=\"#tab_informaci\u00d3n\" role=\"tab\" aria-selected=\"true\" aria-controls=\"tab_informaci\u00d3n\"><span>INFORMACI\u00d3N<\/span><\/a><\/li>\n<li id=\"tab-accesorios\" class=\"tab has-icon\" role=\"presentation\"><a href=\"#tab_accesorios\" tabindex=\"-1\" role=\"tab\" aria-selected=\"false\" aria-controls=\"tab_accesorios\"><span>ACCESORIOS<\/span><\/a><\/li>\n<li id=\"tab-descargas\" class=\"tab has-icon\" role=\"presentation\"><a href=\"#tab_descargas\" tabindex=\"-1\" role=\"tab\" aria-selected=\"false\" aria-controls=\"tab_descargas\"><span>DESCARGAS<\/span><\/a><\/li>\n<li id=\"tab-especificaciones\" class=\"tab has-icon\" role=\"presentation\"><a href=\"#tab_especificaciones\" tabindex=\"-1\" role=\"tab\" aria-selected=\"false\" aria-controls=\"tab_especificaciones\"><span>ESPECIFICACIONES<\/span><\/a><\/li><\/ul><div class=\"tab-panels\"><div id=\"tab_informaci\u00d3n\" class=\"panel active entry-content\" role=\"tabpanel\" aria-labelledby=\"tab-informaci\u00d3n\">\n<div class=\"row\"  id=\"row-2053704777\">\n\n\t<div id=\"col-861842738\" class=\"col medium-6 small-12 large-6\"  >\n\t\t\t\t<div class=\"col-inner\"  >\n\t\t\t\n\t\t\t\n<p><strong>CAPACIDAD DE EMERGENCIA AVANZADA<\/strong><\/p>\n<p>Hace viables las llamadas de emergencia, incluso cuando la unidad est\u00e1 apagada. Permite la comunicaci\u00f3n de emergencia sin pulsar el bot\u00f3n PTT.<\/p>\n<p><b>AUDIO<\/b><strong> MEJORADO<\/strong><\/p>\n<p>Proporciona una se\u00f1al limpia que pasa por el software de reducci\u00f3n de ruido.<\/p>\n<p><b>SE\u00d1ALIZACI\u00d3N VOCAL INTEROPERABLE<\/b><\/p>\n<p>Cumple las normas APCO P25.<\/p>\n<p><b>TRES MODELOS DE HARDWARE PERMITEN ELEGIR LA PANTALLA<\/b><\/p>\n<ul>\n<li>Modelo I: B\u00e1sico, sin pantalla<\/li>\n<li>Modelo II: gran pantalla de mapa de bits y botones de navegaci\u00f3n<\/li>\n<li>Modelo III: gran pantalla de mapa de bits y teclado completo<\/li>\n<\/ul>\n<p><b>OPCI\u00d3N ROBUSTA<\/b><\/p>\n<p>Garantiza la operatividad en condiciones adversas, incluso despu\u00e9s de hundirse en el agua.<\/p>\n<p><strong>DISE\u00d1O REFORZADO<\/strong><\/p>\n<p>Descubre las especificaciones militares 810 C, 810 D, 810 E y 810 F, de resistencia a golpes y temperaturas extremas.<\/p>\n<p><b>ANUNCIO DEL CANAL DE SONIDO<\/b><\/p>\n<p>Utiliza un archivo de voz pregrabado para describir canales o grupos como la navegaci\u00f3n del usuario.<\/p>\n<p><b>FUNCIONALIDAD DE ACCESO P25<\/b><\/p>\n<p>Permite a los abonados INICIAR SESI\u00d3N y actualizar los ajustes de la radio de forma inal\u00e1mbrica.<\/p>\n<p><b>CIFRADO DE HARDWARE Y SOFTWARE<\/b><\/p>\n<p>Evita los esc\u00e1neres, los oyentes (usuarios de radio) que no necesitan o\u00edr la informaci\u00f3n y otras interferencias.<\/p>\n<p><b>SOPORTE INTEGRADO PARA FLASHPORT<\/b><\/p>\n<p>Permite a los usuarios personalizar con nuevos programas inform\u00e1ticos.<\/p>\n<p><b>SOFTWARE DE PROGRAMACI\u00d3N DE CLIENTES<\/b><\/p>\n<p>Admite funciones USB y RS-232.<\/p>\n\t\t<\/div>\n\t\t\t\t\t<\/div>\n\n\t\n\n\t<div id=\"col-2116551183\" class=\"col medium-6 small-12 large-6\"  >\n\t\t\t\t<div class=\"col-inner text-left\"  >\n\t\t\t\n\t\t\t\n\t\t<\/div>\n\t\t\t\t\t<\/div>\n\n\t\n<\/div>\n<\/div>\n<div id=\"tab_accesorios\" class=\"panel entry-content\" role=\"tabpanel\" aria-labelledby=\"tab-accesorios\">\n<div class=\"row align-middle\"  id=\"row-1053760358\">\n\n\t<div id=\"col-386227921\" class=\"col medium-10 small-12 large-10\"  >\n\t\t\t\t<div class=\"col-inner\"  >\n\t\t\t\n\t\t\t\n<p>CONTENIDO<\/p>\n\t\t<\/div>\n\t\t\t\t\t<\/div>\n\n\t\n\n\t<div id=\"col-460102599\" class=\"col medium-2 small-12 large-2\"  >\n\t\t\t\t<div class=\"col-inner\"  >\n\t\t\t\n\t\t\t\n\t\t<\/div>\n\t\t\t\t\t<\/div>\n\n\t\n<\/div>\n<\/div>\n<div id=\"tab_descargas\" class=\"panel entry-content\" role=\"tabpanel\" aria-labelledby=\"tab-descargas\">\n<div class=\"row\"  id=\"row-2020178376\">\n\n\t<div id=\"col-2014651414\" class=\"col medium-10 small-12 large-10\"  >\n\t\t\t\t<div class=\"col-inner\"  >\n\t\t\t\n\t\t\t\n<p><a href=\"https:\/\/www.abix.com.br\/wp-content\/uploads\/Ficha-XTS5000.pdf\">Ficha t\u00e9cnica del XTS5000<\/a><\/p>\n\t\t<\/div>\n\t\t\t\t\t<\/div>\n\n\t\n<\/div>\n<\/div>\n<div id=\"tab_especificaciones\" class=\"panel entry-content\" role=\"tabpanel\" aria-labelledby=\"tab-especificaciones\">\n<div class=\"row\"  id=\"row-296852835\">\n\n\t<div id=\"col-790162992\" class=\"col medium-9 small-12 large-9\"  >\n\t\t\t\t<div class=\"col-inner\"  >\n\t\t\t\n\t\t\t\n\t\t<\/div>\n\t\t\t\t\t<\/div>\n\n\t\n<\/div>\n<\/div><\/div><\/div>\n\t\t<\/div>\n\t\t\t\t\t<\/div>\n\n\t\n<\/div>\n\t\t<\/div>\n\t\t\t\t\t<\/div>\n\n\t\n<\/div>\n\t\t<\/div>\n\n\t\t\n<style>\n#section_143480460 {\n  padding-top: 0px;\n  padding-bottom: 0px;\n}\n<\/style>\n\t<\/section>\n\t\n","protected":false},"excerpt":{"rendered":"<p style=\"text-align: justify;\">La radio port\u00e1til digital interoperable XTS\u00ae 5000 es la m\u00e1s resistente y avanzada que fabrica Motorola. Garantiza una alta calidad de comunicaci\u00f3n gracias a un dise\u00f1o robusto que resiste incluso en los entornos m\u00e1s exigentes. La utilizaci\u00f3n mejorada del espectro y la integraci\u00f3n perfecta ofrecen una se\u00f1al limpia y clara, incluso en zonas urbanas congestionadas o en regiones rurales dispersas. La radio est\u00e1 preparada para IP y ofrece una completa gama de funciones y tecnolog\u00eda avanzada.<\/p>\n","protected":false},"featured_media":9888,"comment_status":"closed","ping_status":"closed","template":"","meta":[],"product_brand":[],"product_cat":[181,155,157,186,163,156,158],"product_tag":[],"class_list":{"0":"post-19640","1":"product","2":"type-product","3":"status-publish","4":"has-post-thumbnail","6":"product_cat-astro-25-es","7":"product_cat-linea-profesional","8":"product_cat-motorola-es","9":"product_cat-radio-p25-es","10":"product_cat-radios-analogicas","11":"product_cat-radios-digitales","12":"product_cat-radios-portatiles","14":"first","15":"instock","16":"shipping-taxable","17":"product-type-simple"},"yoast_head":"<!-- This site is optimized with the Yoast SEO plugin v27.4 - https:\/\/yoast.com\/product\/yoast-seo-wordpress\/ -->\n<title>RADIO DIGITAL PORT\u00c1TIL - XTS5000 - Abix Tecnolog\u00eda<\/title>\n<meta name=\"description\" content=\"La radio port\u00e1til digital interoperable XTS\u00ae 5000 es la m\u00e1s resistente y avanzada que fabrica Motorola. Visite nuestro sitio web y obtenga m\u00e1s informaci\u00f3n.\" \/>\n<meta name=\"robots\" content=\"index, follow, max-snippet:-1, max-image-preview:large, max-video-preview:-1\" \/>\n<link rel=\"canonical\" href=\"https:\/\/abix.com.br\/produto\/xts5500\/\" \/>\n<meta property=\"og:locale\" content=\"es_ES\" \/>\n<meta property=\"og:type\" content=\"article\" \/>\n<meta property=\"og:title\" content=\"RADIO DIGITAL PORT\u00c1TIL - XTS5000 - Abix Tecnolog\u00eda\" \/>\n<meta property=\"og:description\" content=\"La radio port\u00e1til digital interoperable XTS\u00ae 5000 es la m\u00e1s resistente y avanzada que fabrica Motorola. Visite nuestro sitio web y obtenga m\u00e1s informaci\u00f3n.\" \/>\n<meta property=\"og:url\" content=\"https:\/\/abix.com.br\/produto\/xts5500\/\" \/>\n<meta property=\"og:site_name\" content=\"Abix\" \/>\n<meta property=\"article:modified_time\" content=\"2023-10-20T10:51:48+00:00\" \/>\n<meta property=\"og:image\" content=\"https:\/\/abix.com.br\/wp-content\/uploads\/2020\/05\/XTS5500-1.jpg\" \/>\n\t<meta property=\"og:image:width\" content=\"480\" \/>\n\t<meta property=\"og:image:height\" content=\"320\" \/>\n\t<meta property=\"og:image:type\" content=\"image\/jpeg\" \/>\n<meta name=\"twitter:card\" content=\"summary_large_image\" \/>\n<meta name=\"twitter:label1\" content=\"Tiempo de lectura\" \/>\n\t<meta name=\"twitter:data1\" content=\"2 minutos\" \/>\n<script type=\"application\/ld+json\" class=\"yoast-schema-graph\">{\"@context\":\"https:\\\/\\\/schema.org\",\"@graph\":[{\"@type\":\"WebPage\",\"@id\":\"https:\\\/\\\/abix.com.br\\\/produto\\\/xts5500\\\/\",\"url\":\"https:\\\/\\\/abix.com.br\\\/produto\\\/xts5500\\\/\",\"name\":\"RADIO DIGITAL PORT\u00c1TIL - XTS5000 - Abix Tecnolog\u00eda\",\"isPartOf\":{\"@id\":\"https:\\\/\\\/abix.com.br\\\/#website\"},\"primaryImageOfPage\":{\"@id\":\"https:\\\/\\\/abix.com.br\\\/produto\\\/xts5500\\\/#primaryimage\"},\"image\":{\"@id\":\"https:\\\/\\\/abix.com.br\\\/produto\\\/xts5500\\\/#primaryimage\"},\"thumbnailUrl\":\"https:\\\/\\\/abix.com.br\\\/wp-content\\\/uploads\\\/2020\\\/05\\\/XTS5500-1.jpg\",\"datePublished\":\"2020-05-20T11:10:20+00:00\",\"dateModified\":\"2023-10-20T10:51:48+00:00\",\"description\":\"La radio port\u00e1til digital interoperable XTS\u00ae 5000 es la m\u00e1s resistente y avanzada que fabrica Motorola. Visite nuestro sitio web y obtenga m\u00e1s informaci\u00f3n.\",\"breadcrumb\":{\"@id\":\"https:\\\/\\\/abix.com.br\\\/produto\\\/xts5500\\\/#breadcrumb\"},\"inLanguage\":\"es\",\"potentialAction\":[{\"@type\":\"ReadAction\",\"target\":[\"https:\\\/\\\/abix.com.br\\\/produto\\\/xts5500\\\/\"]}]},{\"@type\":\"ImageObject\",\"inLanguage\":\"es\",\"@id\":\"https:\\\/\\\/abix.com.br\\\/produto\\\/xts5500\\\/#primaryimage\",\"url\":\"https:\\\/\\\/abix.com.br\\\/wp-content\\\/uploads\\\/2020\\\/05\\\/XTS5500-1.jpg\",\"contentUrl\":\"https:\\\/\\\/abix.com.br\\\/wp-content\\\/uploads\\\/2020\\\/05\\\/XTS5500-1.jpg\",\"width\":480,\"height\":320,\"caption\":\"R\u00c1DIO PORT\u00c1TIL DIGITAL XTS5000\"},{\"@type\":\"BreadcrumbList\",\"@id\":\"https:\\\/\\\/abix.com.br\\\/produto\\\/xts5500\\\/#breadcrumb\",\"itemListElement\":[{\"@type\":\"ListItem\",\"position\":1,\"name\":\"In\u00edcio\",\"item\":\"https:\\\/\\\/abix.com.br\\\/es\\\/\"},{\"@type\":\"ListItem\",\"position\":2,\"name\":\"Tienda\",\"item\":\"https:\\\/\\\/abix.com.br\\\/loja\\\/\"},{\"@type\":\"ListItem\",\"position\":3,\"name\":\"RADIO DIGITAL PORT\u00c1TIL &#8211; XTS5000\"}]},{\"@type\":\"WebSite\",\"@id\":\"https:\\\/\\\/abix.com.br\\\/#website\",\"url\":\"https:\\\/\\\/abix.com.br\\\/\",\"name\":\"Abix\",\"description\":\"\",\"potentialAction\":[{\"@type\":\"SearchAction\",\"target\":{\"@type\":\"EntryPoint\",\"urlTemplate\":\"https:\\\/\\\/abix.com.br\\\/?s={search_term_string}\"},\"query-input\":{\"@type\":\"PropertyValueSpecification\",\"valueRequired\":true,\"valueName\":\"search_term_string\"}}],\"inLanguage\":\"es\"}]}<\/script>\n<!-- \/ Yoast SEO plugin. -->","yoast_head_json":{"title":"RADIO DIGITAL PORT\u00c1TIL - XTS5000 - Abix Tecnolog\u00eda","description":"La radio port\u00e1til digital interoperable XTS\u00ae 5000 es la m\u00e1s resistente y avanzada que fabrica Motorola. Visite nuestro sitio web y obtenga m\u00e1s informaci\u00f3n.","robots":{"index":"index","follow":"follow","max-snippet":"max-snippet:-1","max-image-preview":"max-image-preview:large","max-video-preview":"max-video-preview:-1"},"canonical":"https:\/\/abix.com.br\/produto\/xts5500\/","og_locale":"es_ES","og_type":"article","og_title":"RADIO DIGITAL PORT\u00c1TIL - XTS5000 - Abix Tecnolog\u00eda","og_description":"La radio port\u00e1til digital interoperable XTS\u00ae 5000 es la m\u00e1s resistente y avanzada que fabrica Motorola. Visite nuestro sitio web y obtenga m\u00e1s informaci\u00f3n.","og_url":"https:\/\/abix.com.br\/produto\/xts5500\/","og_site_name":"Abix","article_modified_time":"2023-10-20T10:51:48+00:00","og_image":[{"width":480,"height":320,"url":"https:\/\/abix.com.br\/wp-content\/uploads\/2020\/05\/XTS5500-1.jpg","type":"image\/jpeg"}],"twitter_card":"summary_large_image","twitter_misc":{"Tiempo de lectura":"2 minutos"},"schema":{"@context":"https:\/\/schema.org","@graph":[{"@type":"WebPage","@id":"https:\/\/abix.com.br\/produto\/xts5500\/","url":"https:\/\/abix.com.br\/produto\/xts5500\/","name":"RADIO DIGITAL PORT\u00c1TIL - XTS5000 - Abix Tecnolog\u00eda","isPartOf":{"@id":"https:\/\/abix.com.br\/#website"},"primaryImageOfPage":{"@id":"https:\/\/abix.com.br\/produto\/xts5500\/#primaryimage"},"image":{"@id":"https:\/\/abix.com.br\/produto\/xts5500\/#primaryimage"},"thumbnailUrl":"https:\/\/abix.com.br\/wp-content\/uploads\/2020\/05\/XTS5500-1.jpg","datePublished":"2020-05-20T11:10:20+00:00","dateModified":"2023-10-20T10:51:48+00:00","description":"La radio port\u00e1til digital interoperable XTS\u00ae 5000 es la m\u00e1s resistente y avanzada que fabrica Motorola. Visite nuestro sitio web y obtenga m\u00e1s informaci\u00f3n.","breadcrumb":{"@id":"https:\/\/abix.com.br\/produto\/xts5500\/#breadcrumb"},"inLanguage":"es","potentialAction":[{"@type":"ReadAction","target":["https:\/\/abix.com.br\/produto\/xts5500\/"]}]},{"@type":"ImageObject","inLanguage":"es","@id":"https:\/\/abix.com.br\/produto\/xts5500\/#primaryimage","url":"https:\/\/abix.com.br\/wp-content\/uploads\/2020\/05\/XTS5500-1.jpg","contentUrl":"https:\/\/abix.com.br\/wp-content\/uploads\/2020\/05\/XTS5500-1.jpg","width":480,"height":320,"caption":"R\u00c1DIO PORT\u00c1TIL DIGITAL XTS5000"},{"@type":"BreadcrumbList","@id":"https:\/\/abix.com.br\/produto\/xts5500\/#breadcrumb","itemListElement":[{"@type":"ListItem","position":1,"name":"In\u00edcio","item":"https:\/\/abix.com.br\/es\/"},{"@type":"ListItem","position":2,"name":"Tienda","item":"https:\/\/abix.com.br\/loja\/"},{"@type":"ListItem","position":3,"name":"RADIO DIGITAL PORT\u00c1TIL &#8211; XTS5000"}]},{"@type":"WebSite","@id":"https:\/\/abix.com.br\/#website","url":"https:\/\/abix.com.br\/","name":"Abix","description":"","potentialAction":[{"@type":"SearchAction","target":{"@type":"EntryPoint","urlTemplate":"https:\/\/abix.com.br\/?s={search_term_string}"},"query-input":{"@type":"PropertyValueSpecification","valueRequired":true,"valueName":"search_term_string"}}],"inLanguage":"es"}]}},"_links":{"self":[{"href":"https:\/\/abix.com.br\/es\/wp-json\/wp\/v2\/product\/19640","targetHints":{"allow":["GET"]}}],"collection":[{"href":"https:\/\/abix.com.br\/es\/wp-json\/wp\/v2\/product"}],"about":[{"href":"https:\/\/abix.com.br\/es\/wp-json\/wp\/v2\/types\/product"}],"replies":[{"embeddable":true,"href":"https:\/\/abix.com.br\/es\/wp-json\/wp\/v2\/comments?post=19640"}],"wp:featuredmedia":[{"embeddable":true,"href":"https:\/\/abix.com.br\/es\/wp-json\/wp\/v2\/media\/9888"}],"wp:attachment":[{"href":"https:\/\/abix.com.br\/es\/wp-json\/wp\/v2\/media?parent=19640"}],"wp:term":[{"taxonomy":"product_brand","embeddable":true,"href":"https:\/\/abix.com.br\/es\/wp-json\/wp\/v2\/product_brand?post=19640"},{"taxonomy":"product_cat","embeddable":true,"href":"https:\/\/abix.com.br\/es\/wp-json\/wp\/v2\/product_cat?post=19640"},{"taxonomy":"product_tag","embeddable":true,"href":"https:\/\/abix.com.br\/es\/wp-json\/wp\/v2\/product_tag?post=19640"}],"curies":[{"name":"wp","href":"https:\/\/api.w.org\/{rel}","templated":true}]}}