{"id":19642,"date":"2020-05-19T18:15:07","date_gmt":"2020-05-19T21:15:07","guid":{"rendered":"https:\/\/abix.com.br\/produto\/radio-digital-portatil-xts2250\/"},"modified":"2023-10-20T07:53:51","modified_gmt":"2023-10-20T10:53:51","slug":"radio-digital-portatil-xts2250","status":"publish","type":"product","link":"https:\/\/abix.com.br\/es\/produto\/radio-digital-portatil-xts2250\/","title":{"rendered":"RADIO DIGITAL PORT\u00c1TIL &#8211; XTS2250"},"content":{"rendered":"\n\t<section class=\"section\" id=\"section_528393526\">\n\t\t<div class=\"section-bg fill\" >\n\t\t\t\t\t\t\t\t\t\n\t\t\t\n\n\t\t<\/div>\n\n\t\t\n\n\t\t<div class=\"section-content relative\">\n\t\t\t\n<div class=\"row\"  id=\"row-133402892\">\n\n\t<div id=\"col-756266376\" class=\"col small-12 large-12\"  >\n\t\t\t\t<div class=\"col-inner\"  >\n\t\t\t\n\t\t\t\n<div class=\"row\"  id=\"row-858022415\">\n\n\t<div id=\"col-1019396222\" class=\"col small-12 large-12\"  >\n\t\t\t\t<div class=\"col-inner\"  >\n\t\t\t\n\t\t\t\n\n\t\t<div class=\"tabbed-content locacao-tabs\">\n\t\t\t\n\t\t\t<ul class=\"nav nav-tabs nav-normal nav-size-xlarge nav-left active-on-hover\" role=\"tablist\"><li id=\"tab-informaci\u00d3n\" class=\"tab active has-icon\" role=\"presentation\"><a href=\"#tab_informaci\u00d3n\" role=\"tab\" aria-selected=\"true\" aria-controls=\"tab_informaci\u00d3n\"><span>INFORMACI\u00d3N<\/span><\/a><\/li>\n<li id=\"tab-accesorios\" class=\"tab has-icon\" role=\"presentation\"><a href=\"#tab_accesorios\" tabindex=\"-1\" role=\"tab\" aria-selected=\"false\" aria-controls=\"tab_accesorios\"><span>ACCESORIOS<\/span><\/a><\/li>\n<li id=\"tab-descargas\" class=\"tab has-icon\" role=\"presentation\"><a href=\"#tab_descargas\" tabindex=\"-1\" role=\"tab\" aria-selected=\"false\" aria-controls=\"tab_descargas\"><span>DESCARGAS<\/span><\/a><\/li>\n<li id=\"tab-especificaciones\" class=\"tab has-icon\" role=\"presentation\"><a href=\"#tab_especificaciones\" tabindex=\"-1\" role=\"tab\" aria-selected=\"false\" aria-controls=\"tab_especificaciones\"><span>ESPECIFICACIONES<\/span><\/a><\/li><\/ul><div class=\"tab-panels\"><div id=\"tab_informaci\u00d3n\" class=\"panel active entry-content\" role=\"tabpanel\" aria-labelledby=\"tab-informaci\u00d3n\">\n<div class=\"row\"  id=\"row-1394936906\">\n\n\t<div id=\"col-1186851391\" class=\"col medium-6 small-12 large-6\"  >\n\t\t\t\t<div class=\"col-inner\"  >\n\t\t\t\n\t\t\t\n<p><strong>SE\u00d1ALIZACI\u00d3N VOCAL INTEROPERABLE<\/strong><\/p>\n<p>Opera en sistemas troncales P25 anal\u00f3gicos y digitales.<\/p>\n<p><strong>SOFTWARE DE PROGRAMACI\u00d3N DE CLIENTES<\/strong><\/p>\n<p>Admite funciones USB y RS-232.<\/p>\n<p><strong>AUDIO MEJORADO<\/strong><\/p>\n<p>Proporciona una se\u00f1al n\u00edtida gracias al software de reducci\u00f3n de ruido y al control del volumen de audio.<\/p>\n<p><strong>SOPORTE INTEGRADO PARA FLASHPORT<\/strong><\/p>\n<p>Permite a los usuarios personalizar con nuevos programas inform\u00e1ticos.<\/p>\n<p><strong>DISE\u00d1O ROBUSTO<\/strong><\/p>\n<p>Cumple las especificaciones militares 810 C, 810 D, 810 E y 810 F de resistencia a los golpes y a las inclemencias del tiempo.<\/p>\n<p><strong>CIFRADO DE HARDWARE Y SOFTWARE<\/strong><\/p>\n<p>Evita la exploraci\u00f3n, las escuchas no deseadas y otras interferencias.<\/p>\n<p><strong>COMPATIBILIDAD CON OTROS MODELOS BIDIRECCIONALES<\/strong><\/p>\n<p>Utiliza los mismos accesorios que algunas unidades XTS, HT, MT o MTS.<\/p>\n<p><strong>CUATRO MODELOS DE HARDWARE PERMITEN ELEGIR LA PANTALLA<\/strong><\/p>\n<p>Modelo I: B\u00e1sico, sin pantalla.<br \/>Modelo I.5: Visualizaci\u00f3n de mapas de bits de gran tama\u00f1o.<br \/>Modelo II: gran pantalla de mapa de bits y botones de navegaci\u00f3n.<br \/>Modelo III: gran pantalla de mapa de bits y teclado completo.<\/p>\n\t\t<\/div>\n\t\t\t\t\t<\/div>\n\n\t\n\n\t<div id=\"col-469919525\" class=\"col medium-6 small-12 large-6\"  >\n\t\t\t\t<div class=\"col-inner text-left\"  >\n\t\t\t\n\t\t\t\n\t\t<\/div>\n\t\t\t\t\t<\/div>\n\n\t\n<\/div>\n<\/div>\n<div id=\"tab_accesorios\" class=\"panel entry-content\" role=\"tabpanel\" aria-labelledby=\"tab-accesorios\">\n<div class=\"row align-middle\"  id=\"row-8790510\">\n\n\t<div id=\"col-232396173\" class=\"col medium-10 small-12 large-10\"  >\n\t\t\t\t<div class=\"col-inner\"  >\n\t\t\t\n\t\t\t\n<p>CONTENIDO<\/p>\n\t\t<\/div>\n\t\t\t\t\t<\/div>\n\n\t\n\n\t<div id=\"col-91536406\" class=\"col medium-2 small-12 large-2\"  >\n\t\t\t\t<div class=\"col-inner\"  >\n\t\t\t\n\t\t\t\n\t\t<\/div>\n\t\t\t\t\t<\/div>\n\n\t\n<\/div>\n<\/div>\n<div id=\"tab_descargas\" class=\"panel entry-content\" role=\"tabpanel\" aria-labelledby=\"tab-descargas\">\n<div class=\"row\"  id=\"row-1793224341\">\n\n\t<div id=\"col-1496967691\" class=\"col medium-10 small-12 large-10\"  >\n\t\t\t\t<div class=\"col-inner\"  >\n\t\t\t\n\t\t\t\n<p><a href=\"https:\/\/www.abix.com.br\/wp-content\/uploads\/Ficha-XTS2250.pdf\">XTS2250 ficha t\u00e9cnica<\/a><\/p>\n\t\t<\/div>\n\t\t\t\t\t<\/div>\n\n\t\n<\/div>\n<\/div>\n<div id=\"tab_especificaciones\" class=\"panel entry-content\" role=\"tabpanel\" aria-labelledby=\"tab-especificaciones\">\n<div class=\"row\"  id=\"row-1986265257\">\n\n\t<div id=\"col-1596657138\" class=\"col medium-9 small-12 large-9\"  >\n\t\t\t\t<div class=\"col-inner\"  >\n\t\t\t\n\t\t\t\n<h3>CARACTER\u00cdSTICAS DE RENDIMIENTO<\/h3>\n<ul>\n<li><strong>Elemento qu\u00edmico est\u00e1ndar de la bater\u00eda<\/strong><\/li>\n<\/ul>\n<p>N\u00edquel-cadmio, N\u00edquel-hidruro met\u00e1lico<\/p>\n<ul>\n<li><strong>Tipo de algoritmos de cifrado<\/strong><\/li>\n<\/ul>\n<p>Privacidad digital avanzada (ADP)<\/p>\n<ul>\n<li><strong>Banda de frecuencias<\/strong><\/li>\n<\/ul>\n<p>VHF, UHF, 800 MHz<\/p>\n<ul>\n<li><strong>Duraci\u00f3n de la bater\u00eda &#8211; est\u00e1ndar (basada en un ciclo 05 05 90)<\/strong><\/li>\n<\/ul>\n<p>8 horas &#8211; NiCD de alta capacidad; 10 horas &#8211; NiMH de alta capacidad<\/p>\n<ul>\n<li><strong>Separaci\u00f3n entre canales<\/strong><\/li>\n<\/ul>\n<p>12,5, 25<\/p>\n<ul>\n<li><strong>Criptograf\u00eda<\/strong><\/li>\n<\/ul>\n<p>S\u00ed<\/p>\n<ul>\n<li><strong>Zona de cobertura<\/strong><\/li>\n<\/ul>\n<p>El software de programaci\u00f3n permite ajustar la potencia para una cobertura variable.<\/p>\n<ul>\n<li><strong>Bandas de frecuencia<\/strong><\/li>\n<\/ul>\n<p>800 MHz &#8211; 764-870 MHz; VHF &#8211; 136-174 MHz; UHF &#8211; 403-470 MHz, 450-520 MHz.<\/p>\n<ul>\n<li><strong>Potencia<\/strong><\/li>\n<\/ul>\n<p>1-3W-700\/800 MHz, 1-5W-UHF, 1-5W-VHF<\/p>\n<\/p>\n<h3>ENTORNO DE USUARIO<\/h3>\n<ul>\n<li><strong>Factory Mutual<\/strong><\/li>\n<\/ul>\n<p>S\u00ed<\/p>\n<ul>\n<li><strong>Especificaciones militares<\/strong><\/li>\n<\/ul>\n<p>810 C, 810 D, 810 E, 810 F<\/p>\n<ul>\n<li><strong>Sumergible<\/strong><\/li>\n<\/ul>\n<p>S\u00ed<\/p>\n<h3>CARACTER\u00cdSTICAS F\u00cdSICAS<\/h3>\n<ul>\n<li><strong>Teclado<\/strong><\/li>\n<\/ul>\n<p>Completo, Ninguno<\/p>\n<ul>\n<li><strong>Dimensiones Al x An x Pr (con bater\u00eda est\u00e1ndar)<\/strong><\/li>\n<\/ul>\n<p>10,86 x 2,3 x 1,5 pulg. (275,84 x 58,42 x 38,1 mm) Alto x Ancho x Fondo<\/p>\n<ul>\n<li><strong>Mostrar<\/strong><\/li>\n<\/ul>\n<p>Completo, Sin pantalla<\/p>\n<ul>\n<li><strong>Peso (con bater\u00eda est\u00e1ndar)<\/strong><\/li>\n<\/ul>\n<p>562,75 g (19,85 oz) con bater\u00eda NiCD; 584,86 g (20,63 oz) con bater\u00eda NiMH<\/p>\n<\/p>\n<h3>TECNOLOG\u00cdA<\/h3>\n<ul>\n<li><strong>Tecnolog\u00eda digital<\/strong><\/li>\n<\/ul>\n<p>S\u00ed<\/p>\n<ul>\n<li><strong>Tipo de sistema<\/strong><\/li>\n<\/ul>\n<p>Trunking convencional, Trunking SmartZone, Trunking SMARTNET<\/p>\n<\/p>\n<h3>RECURSOS RADIOF\u00d3NICOS<\/h3>\n<ul>\n<li><strong>N\u00famero de canales<\/strong><\/li>\n<\/ul>\n<p>48 (Modelo I:); 96 (Modelo 1.5); 870 (Modelos II y III)<\/p>\n<ul>\n<li><strong>Software de programaci\u00f3n de clientes (CPS)<\/strong><\/li>\n<\/ul>\n<p>S\u00ed<\/p>\n<ul>\n<li><strong>Software de reducci\u00f3n de ruido<\/strong><\/li>\n<\/ul>\n<p>S\u00ed<\/p>\n<ul>\n<li><strong>Voz y datos integrados (IV&amp;D)<\/strong><\/li>\n<\/ul>\n<p>S\u00ed<\/p>\n<ul>\n<li><strong>Hombre ca\u00eddo<\/strong><\/li>\n<\/ul>\n<p>S\u00ed<\/p>\n\t\t<\/div>\n\t\t\t\t\t<\/div>\n\n\t\n<\/div>\n<\/div><\/div><\/div>\n\t\t<\/div>\n\t\t\t\t\t<\/div>\n\n\t\n<\/div>\n\t\t<\/div>\n\t\t\t\t\t<\/div>\n\n\t\n<\/div>\n\t\t<\/div>\n\n\t\t\n<style>\n#section_528393526 {\n  padding-top: 0px;\n  padding-bottom: 0px;\n}\n<\/style>\n\t<\/section>\n\t\n","protected":false},"excerpt":{"rendered":"<p style=\"text-align: justify;\">La radio port\u00e1til digital XTS 2250 ofrece una soluci\u00f3n excepcional para todas las necesidades de coordinaci\u00f3n y comunicaci\u00f3n. Su software de reducci\u00f3n de ruido elimina las interferencias de fondo, garantizando as\u00ed unas comunicaciones claras y n\u00edtidas. El cumplimiento de las normas del Proyecto 25 implica una transmisi\u00f3n y recepci\u00f3n fiables entre todos los organismos y jurisdicciones.<\/p>\n<p style=\"text-align: justify;\">Su robusto dise\u00f1o resiste temperaturas extremas, golpes e inclemencias meteorol\u00f3gicas. El modelo XTS 2250I sin pantalla puede sumergirse en el agua.<\/p>\n","protected":false},"featured_media":9865,"comment_status":"closed","ping_status":"closed","template":"","meta":[],"product_brand":[],"product_cat":[181,155,157,186,163,156,158],"product_tag":[],"class_list":{"0":"post-19642","1":"product","2":"type-product","3":"status-publish","4":"has-post-thumbnail","6":"product_cat-astro-25-es","7":"product_cat-linea-profesional","8":"product_cat-motorola-es","9":"product_cat-radio-p25-es","10":"product_cat-radios-analogicas","11":"product_cat-radios-digitales","12":"product_cat-radios-portatiles","14":"first","15":"instock","16":"shipping-taxable","17":"product-type-simple"},"yoast_head":"<!-- This site is optimized with the Yoast SEO plugin v27.4 - https:\/\/yoast.com\/product\/yoast-seo-wordpress\/ -->\n<title>RADIO DIGITAL PORT\u00c1TIL - XTS2250 - Abix Tecnolog\u00eda<\/title>\n<meta name=\"description\" content=\"La radio port\u00e1til digital XTS 2250 ofrece una soluci\u00f3n excepcional para todas las necesidades de coordinaci\u00f3n y comunicaci\u00f3n.\" \/>\n<meta name=\"robots\" content=\"index, follow, max-snippet:-1, max-image-preview:large, max-video-preview:-1\" \/>\n<link rel=\"canonical\" href=\"https:\/\/abix.com.br\/produto\/xts2250\/\" \/>\n<meta property=\"og:locale\" content=\"es_ES\" \/>\n<meta property=\"og:type\" content=\"article\" \/>\n<meta property=\"og:title\" content=\"RADIO DIGITAL PORT\u00c1TIL - XTS2250 - Abix Tecnolog\u00eda\" \/>\n<meta property=\"og:description\" content=\"La radio port\u00e1til digital XTS 2250 ofrece una soluci\u00f3n excepcional para todas las necesidades de coordinaci\u00f3n y comunicaci\u00f3n.\" \/>\n<meta property=\"og:url\" content=\"https:\/\/abix.com.br\/produto\/xts2250\/\" \/>\n<meta property=\"og:site_name\" content=\"Abix\" \/>\n<meta property=\"article:modified_time\" content=\"2023-10-20T10:53:51+00:00\" \/>\n<meta property=\"og:image\" content=\"https:\/\/abix.com.br\/wp-content\/uploads\/2020\/05\/XTS2250.jpg\" \/>\n\t<meta property=\"og:image:width\" content=\"512\" \/>\n\t<meta property=\"og:image:height\" content=\"469\" \/>\n\t<meta property=\"og:image:type\" content=\"image\/jpeg\" \/>\n<meta name=\"twitter:card\" content=\"summary_large_image\" \/>\n<meta name=\"twitter:label1\" content=\"Tiempo de lectura\" \/>\n\t<meta name=\"twitter:data1\" content=\"3 minutos\" \/>\n<script type=\"application\/ld+json\" class=\"yoast-schema-graph\">{\"@context\":\"https:\\\/\\\/schema.org\",\"@graph\":[{\"@type\":\"WebPage\",\"@id\":\"https:\\\/\\\/abix.com.br\\\/produto\\\/xts2250\\\/\",\"url\":\"https:\\\/\\\/abix.com.br\\\/produto\\\/xts2250\\\/\",\"name\":\"RADIO DIGITAL PORT\u00c1TIL - XTS2250 - Abix Tecnolog\u00eda\",\"isPartOf\":{\"@id\":\"https:\\\/\\\/abix.com.br\\\/#website\"},\"primaryImageOfPage\":{\"@id\":\"https:\\\/\\\/abix.com.br\\\/produto\\\/xts2250\\\/#primaryimage\"},\"image\":{\"@id\":\"https:\\\/\\\/abix.com.br\\\/produto\\\/xts2250\\\/#primaryimage\"},\"thumbnailUrl\":\"https:\\\/\\\/abix.com.br\\\/wp-content\\\/uploads\\\/2020\\\/05\\\/XTS2250.jpg\",\"datePublished\":\"2020-05-19T21:15:07+00:00\",\"dateModified\":\"2023-10-20T10:53:51+00:00\",\"description\":\"La radio port\u00e1til digital XTS 2250 ofrece una soluci\u00f3n excepcional para todas las necesidades de coordinaci\u00f3n y comunicaci\u00f3n.\",\"breadcrumb\":{\"@id\":\"https:\\\/\\\/abix.com.br\\\/produto\\\/xts2250\\\/#breadcrumb\"},\"inLanguage\":\"es\",\"potentialAction\":[{\"@type\":\"ReadAction\",\"target\":[\"https:\\\/\\\/abix.com.br\\\/produto\\\/xts2250\\\/\"]}]},{\"@type\":\"ImageObject\",\"inLanguage\":\"es\",\"@id\":\"https:\\\/\\\/abix.com.br\\\/produto\\\/xts2250\\\/#primaryimage\",\"url\":\"https:\\\/\\\/abix.com.br\\\/wp-content\\\/uploads\\\/2020\\\/05\\\/XTS2250.jpg\",\"contentUrl\":\"https:\\\/\\\/abix.com.br\\\/wp-content\\\/uploads\\\/2020\\\/05\\\/XTS2250.jpg\",\"width\":512,\"height\":469,\"caption\":\"R\u00c1DIO PORT\u00c1TIL DIGITAL XTS2250\"},{\"@type\":\"BreadcrumbList\",\"@id\":\"https:\\\/\\\/abix.com.br\\\/produto\\\/xts2250\\\/#breadcrumb\",\"itemListElement\":[{\"@type\":\"ListItem\",\"position\":1,\"name\":\"In\u00edcio\",\"item\":\"https:\\\/\\\/abix.com.br\\\/es\\\/\"},{\"@type\":\"ListItem\",\"position\":2,\"name\":\"Tienda\",\"item\":\"https:\\\/\\\/abix.com.br\\\/loja\\\/\"},{\"@type\":\"ListItem\",\"position\":3,\"name\":\"RADIO DIGITAL PORT\u00c1TIL &#8211; XTS2250\"}]},{\"@type\":\"WebSite\",\"@id\":\"https:\\\/\\\/abix.com.br\\\/#website\",\"url\":\"https:\\\/\\\/abix.com.br\\\/\",\"name\":\"Abix\",\"description\":\"\",\"potentialAction\":[{\"@type\":\"SearchAction\",\"target\":{\"@type\":\"EntryPoint\",\"urlTemplate\":\"https:\\\/\\\/abix.com.br\\\/?s={search_term_string}\"},\"query-input\":{\"@type\":\"PropertyValueSpecification\",\"valueRequired\":true,\"valueName\":\"search_term_string\"}}],\"inLanguage\":\"es\"}]}<\/script>\n<!-- \/ Yoast SEO plugin. -->","yoast_head_json":{"title":"RADIO DIGITAL PORT\u00c1TIL - XTS2250 - Abix Tecnolog\u00eda","description":"La radio port\u00e1til digital XTS 2250 ofrece una soluci\u00f3n excepcional para todas las necesidades de coordinaci\u00f3n y comunicaci\u00f3n.","robots":{"index":"index","follow":"follow","max-snippet":"max-snippet:-1","max-image-preview":"max-image-preview:large","max-video-preview":"max-video-preview:-1"},"canonical":"https:\/\/abix.com.br\/produto\/xts2250\/","og_locale":"es_ES","og_type":"article","og_title":"RADIO DIGITAL PORT\u00c1TIL - XTS2250 - Abix Tecnolog\u00eda","og_description":"La radio port\u00e1til digital XTS 2250 ofrece una soluci\u00f3n excepcional para todas las necesidades de coordinaci\u00f3n y comunicaci\u00f3n.","og_url":"https:\/\/abix.com.br\/produto\/xts2250\/","og_site_name":"Abix","article_modified_time":"2023-10-20T10:53:51+00:00","og_image":[{"width":512,"height":469,"url":"https:\/\/abix.com.br\/wp-content\/uploads\/2020\/05\/XTS2250.jpg","type":"image\/jpeg"}],"twitter_card":"summary_large_image","twitter_misc":{"Tiempo de lectura":"3 minutos"},"schema":{"@context":"https:\/\/schema.org","@graph":[{"@type":"WebPage","@id":"https:\/\/abix.com.br\/produto\/xts2250\/","url":"https:\/\/abix.com.br\/produto\/xts2250\/","name":"RADIO DIGITAL PORT\u00c1TIL - XTS2250 - Abix Tecnolog\u00eda","isPartOf":{"@id":"https:\/\/abix.com.br\/#website"},"primaryImageOfPage":{"@id":"https:\/\/abix.com.br\/produto\/xts2250\/#primaryimage"},"image":{"@id":"https:\/\/abix.com.br\/produto\/xts2250\/#primaryimage"},"thumbnailUrl":"https:\/\/abix.com.br\/wp-content\/uploads\/2020\/05\/XTS2250.jpg","datePublished":"2020-05-19T21:15:07+00:00","dateModified":"2023-10-20T10:53:51+00:00","description":"La radio port\u00e1til digital XTS 2250 ofrece una soluci\u00f3n excepcional para todas las necesidades de coordinaci\u00f3n y comunicaci\u00f3n.","breadcrumb":{"@id":"https:\/\/abix.com.br\/produto\/xts2250\/#breadcrumb"},"inLanguage":"es","potentialAction":[{"@type":"ReadAction","target":["https:\/\/abix.com.br\/produto\/xts2250\/"]}]},{"@type":"ImageObject","inLanguage":"es","@id":"https:\/\/abix.com.br\/produto\/xts2250\/#primaryimage","url":"https:\/\/abix.com.br\/wp-content\/uploads\/2020\/05\/XTS2250.jpg","contentUrl":"https:\/\/abix.com.br\/wp-content\/uploads\/2020\/05\/XTS2250.jpg","width":512,"height":469,"caption":"R\u00c1DIO PORT\u00c1TIL DIGITAL XTS2250"},{"@type":"BreadcrumbList","@id":"https:\/\/abix.com.br\/produto\/xts2250\/#breadcrumb","itemListElement":[{"@type":"ListItem","position":1,"name":"In\u00edcio","item":"https:\/\/abix.com.br\/es\/"},{"@type":"ListItem","position":2,"name":"Tienda","item":"https:\/\/abix.com.br\/loja\/"},{"@type":"ListItem","position":3,"name":"RADIO DIGITAL PORT\u00c1TIL &#8211; XTS2250"}]},{"@type":"WebSite","@id":"https:\/\/abix.com.br\/#website","url":"https:\/\/abix.com.br\/","name":"Abix","description":"","potentialAction":[{"@type":"SearchAction","target":{"@type":"EntryPoint","urlTemplate":"https:\/\/abix.com.br\/?s={search_term_string}"},"query-input":{"@type":"PropertyValueSpecification","valueRequired":true,"valueName":"search_term_string"}}],"inLanguage":"es"}]}},"_links":{"self":[{"href":"https:\/\/abix.com.br\/es\/wp-json\/wp\/v2\/product\/19642","targetHints":{"allow":["GET"]}}],"collection":[{"href":"https:\/\/abix.com.br\/es\/wp-json\/wp\/v2\/product"}],"about":[{"href":"https:\/\/abix.com.br\/es\/wp-json\/wp\/v2\/types\/product"}],"replies":[{"embeddable":true,"href":"https:\/\/abix.com.br\/es\/wp-json\/wp\/v2\/comments?post=19642"}],"wp:featuredmedia":[{"embeddable":true,"href":"https:\/\/abix.com.br\/es\/wp-json\/wp\/v2\/media\/9865"}],"wp:attachment":[{"href":"https:\/\/abix.com.br\/es\/wp-json\/wp\/v2\/media?parent=19642"}],"wp:term":[{"taxonomy":"product_brand","embeddable":true,"href":"https:\/\/abix.com.br\/es\/wp-json\/wp\/v2\/product_brand?post=19642"},{"taxonomy":"product_cat","embeddable":true,"href":"https:\/\/abix.com.br\/es\/wp-json\/wp\/v2\/product_cat?post=19642"},{"taxonomy":"product_tag","embeddable":true,"href":"https:\/\/abix.com.br\/es\/wp-json\/wp\/v2\/product_tag?post=19642"}],"curies":[{"name":"wp","href":"https:\/\/api.w.org\/{rel}","templated":true}]}}