{"id":19643,"date":"2020-05-19T17:42:30","date_gmt":"2020-05-19T20:42:30","guid":{"rendered":"https:\/\/abix.com.br\/produto\/radio-digital-portatil-xts1500\/"},"modified":"2023-10-20T07:55:12","modified_gmt":"2023-10-20T10:55:12","slug":"radio-digital-portatil-xts1500","status":"publish","type":"product","link":"https:\/\/abix.com.br\/es\/produto\/radio-digital-portatil-xts1500\/","title":{"rendered":"RADIO DIGITAL PORT\u00c1TIL &#8211; XTS1500"},"content":{"rendered":"\n\t<section class=\"section\" id=\"section_2126000802\">\n\t\t<div class=\"section-bg fill\" >\n\t\t\t\t\t\t\t\t\t\n\t\t\t\n\n\t\t<\/div>\n\n\t\t\n\n\t\t<div class=\"section-content relative\">\n\t\t\t\n<div class=\"row\"  id=\"row-424400522\">\n\n\t<div id=\"col-940052284\" class=\"col small-12 large-12\"  >\n\t\t\t\t<div class=\"col-inner\"  >\n\t\t\t\n\t\t\t\n<div class=\"row\"  id=\"row-2057415807\">\n\n\t<div id=\"col-1027360767\" class=\"col small-12 large-12\"  >\n\t\t\t\t<div class=\"col-inner\"  >\n\t\t\t\n\t\t\t\n\n\t\t<div class=\"tabbed-content locacao-tabs\">\n\t\t\t\n\t\t\t<ul class=\"nav nav-tabs nav-normal nav-size-xlarge nav-left active-on-hover\" role=\"tablist\"><li id=\"tab-informaci\u00d3n\" class=\"tab active has-icon\" role=\"presentation\"><a href=\"#tab_informaci\u00d3n\" role=\"tab\" aria-selected=\"true\" aria-controls=\"tab_informaci\u00d3n\"><span>INFORMACI\u00d3N<\/span><\/a><\/li>\n<li id=\"tab-accesorios\" class=\"tab has-icon\" role=\"presentation\"><a href=\"#tab_accesorios\" tabindex=\"-1\" role=\"tab\" aria-selected=\"false\" aria-controls=\"tab_accesorios\"><span>ACCESORIOS<\/span><\/a><\/li>\n<li id=\"tab-descargas\" class=\"tab has-icon\" role=\"presentation\"><a href=\"#tab_descargas\" tabindex=\"-1\" role=\"tab\" aria-selected=\"false\" aria-controls=\"tab_descargas\"><span>DESCARGAS<\/span><\/a><\/li>\n<li id=\"tab-especificaciones\" class=\"tab has-icon\" role=\"presentation\"><a href=\"#tab_especificaciones\" tabindex=\"-1\" role=\"tab\" aria-selected=\"false\" aria-controls=\"tab_especificaciones\"><span>ESPECIFICACIONES<\/span><\/a><\/li><\/ul><div class=\"tab-panels\"><div id=\"tab_informaci\u00d3n\" class=\"panel active entry-content\" role=\"tabpanel\" aria-labelledby=\"tab-informaci\u00d3n\">\n<div class=\"row\"  id=\"row-435042539\">\n\n\t<div id=\"col-1424749087\" class=\"col medium-6 small-12 large-6\"  >\n\t\t\t\t<div class=\"col-inner\"  >\n\t\t\t\n\t\t\t\n<p><strong>SE\u00d1AL VOCAL INTEROPERABLE<\/strong><\/p>\n<p>Cumple las normas APCO P16 y P25.<\/p>\n<p><strong>Compatibilidad con otros modelos bidireccionales<\/strong><\/p>\n<p>Utiliza los mismos accesorios que algunas unidades XTS, HT, MT o MTS.<\/p>\n<p><strong>Pantalla de mapa de bits operativa<\/strong><\/p>\n<p>El modelo I.5 viene con una pantalla para iconos y texto.<\/p>\n<p><strong>DISE\u00d1O ROBUSTO<\/strong><\/p>\n<p>Cumple las normas militares 810 C, 810 D y 810 E, y es incre\u00edblemente resistente a los golpes y a las condiciones meteorol\u00f3gicas extremas.<\/p>\n<p><strong>AUDIO MEJORADO<\/strong><\/p>\n<p>Proporciona una se\u00f1al clara gracias al software de reducci\u00f3n de ruido y al control de amplificaci\u00f3n de audio.<\/p>\n<p><strong>SOFTWARE DE PROGRAMACI\u00d3N DE CLIENTES<\/strong><\/p>\n<p>Admite funciones USB y RS-232.<\/p>\n\t\t<\/div>\n\t\t\t\t\t<\/div>\n\n\t\n\n\t<div id=\"col-1667487279\" class=\"col medium-6 small-12 large-6\"  >\n\t\t\t\t<div class=\"col-inner text-left\"  >\n\t\t\t\n\t\t\t\n\t\t<\/div>\n\t\t\t\t\t<\/div>\n\n\t\n<\/div>\n<\/div>\n<div id=\"tab_accesorios\" class=\"panel entry-content\" role=\"tabpanel\" aria-labelledby=\"tab-accesorios\">\n<div class=\"row align-middle\"  id=\"row-763249095\">\n\n\t<div id=\"col-601118831\" class=\"col medium-10 small-12 large-10\"  >\n\t\t\t\t<div class=\"col-inner\"  >\n\t\t\t\n\t\t\t\n<p>CONTENIDO<\/p>\n\t\t<\/div>\n\t\t\t\t\t<\/div>\n\n\t\n\n\t<div id=\"col-521598906\" class=\"col medium-2 small-12 large-2\"  >\n\t\t\t\t<div class=\"col-inner\"  >\n\t\t\t\n\t\t\t\n\t\t<\/div>\n\t\t\t\t\t<\/div>\n\n\t\n<\/div>\n<\/div>\n<div id=\"tab_descargas\" class=\"panel entry-content\" role=\"tabpanel\" aria-labelledby=\"tab-descargas\">\n<div class=\"row\"  id=\"row-1130285617\">\n\n\t<div id=\"col-814199021\" class=\"col medium-10 small-12 large-10\"  >\n\t\t\t\t<div class=\"col-inner\"  >\n\t\t\t\n\t\t\t\n<p><a href=\"https:\/\/www.abix.com.br\/wp-content\/uploads\/Ficha-XTS1500.pdf\">XTS1500 ficha t\u00e9cnica<\/a><\/p>\n\t\t<\/div>\n\t\t\t\t\t<\/div>\n\n\t\n<\/div>\n<\/div>\n<div id=\"tab_especificaciones\" class=\"panel entry-content\" role=\"tabpanel\" aria-labelledby=\"tab-especificaciones\">\n<div class=\"row\"  id=\"row-813204307\">\n\n\t<div id=\"col-3432267\" class=\"col medium-9 small-12 large-9\"  >\n\t\t\t\t<div class=\"col-inner\"  >\n\t\t\t\n\t\t\t\n<h3>N\u00daMEROS DE CANAL<\/h3>\n<ul>\n<li>16<\/li>\n<\/ul>\n<h3>POTENCIA<\/h3>\n<ul>\n<li>UHF 1-4 vatios<\/li>\n<li>VHF 1-5 vatios<\/li>\n<li>700\/800MHz 1-3 vatios<\/li>\n<\/ul>\n<h3>ESPECIFICACIONES MILITARES<\/h3>\n<ul>\n<li>810 C, D y F<\/li>\n<\/ul>\n<h3>DIMENSIONES ALT X LARG X PROF<\/h3>\n<ul>\n<li>10,86&#8243; x 2,3&#8243; x 1,5&#8243;<\/li>\n<\/ul>\n<h3>GAMAS DE FRECUENCIAS<\/h3>\n<ul>\n<li>700\/800 MHz<\/li>\n<li>VHF (136-174)<\/li>\n<li>UHF 1 (380-470)<\/li>\n<li>UHF 2 (450-520)<\/li>\n<\/ul>\n<ul>\n<li>Compatible con APCO Project 16 (canal de control 3600) y APCO Project 25 (canal de control 9600)<\/li>\n<li>Programaci\u00f3n de la radio mediante el software (CPS) y un cable USB o RS-232<\/li>\n<li>Compatible con la mayor\u00eda de los accesorios de las radios port\u00e1tiles HT 1000, MTS 2000, XTS 2250, XTS 3000 y XTS 4250.<\/li>\n<li>Admite funciones de audio avanzadas: software de reducci\u00f3n de ruido y control de ganancia de audio<\/li>\n<\/ul>\n<h3>DURACI\u00d3N MEDIA DE LA BATER\u00cdA (CON CICLO DE TRABAJO 5\/5\/90)<\/h3>\n<ul>\n<li>NiCD de alta capacidad &#8211; 8 horas<\/li>\n<li>NiMH de alta capacidad &#8211; 10 horas<\/li>\n<\/ul>\n<h3>TECLADO<\/h3>\n<ul>\n<li>No<\/li>\n<\/ul>\n<h3>VISOR<\/h3>\n<ul>\n<li>No<\/li>\n<\/ul>\n<h3>PESO<\/h3>\n<ul>\n<li>11,0 oz sin bater\u00eda<\/li>\n<li>19,85 oz con bater\u00eda NiCD<\/li>\n<li>20,63 oz con bater\u00eda NiMH<\/li>\n<\/ul>\n\t\t<\/div>\n\t\t\t\t\t<\/div>\n\n\t\n<\/div>\n<\/div><\/div><\/div>\n\t\t<\/div>\n\t\t\t\t\t<\/div>\n\n\t\n<\/div>\n\t\t<\/div>\n\t\t\t\t\t<\/div>\n\n\t\n<\/div>\n\t\t<\/div>\n\n\t\t\n<style>\n#section_2126000802 {\n  padding-top: 0px;\n  padding-bottom: 0px;\n}\n<\/style>\n\t<\/section>\n\t\n","protected":false},"excerpt":{"rendered":"<p style=\"text-align: justify;\">Cuando el bienestar de su comunidad est\u00e1 en juego, puede contar con la radio port\u00e1til digital <sup>XTS\u00ae<\/sup> 1500. Dise\u00f1ada para satisfacer las exigencias de las operaciones de las empresas de servicios p\u00fablicos, la avanzada tecnolog\u00eda de la radio ofrece potentes funciones en un paquete ligero, compacto y resistente. Esta radio permite a sus grupos de trabajo estar preparados para lo inesperado, actuar de inmediato y ofrecer la mejor calidad de servicio a la comunidad.<\/p>\n<p style=\"text-align: justify;\">Esta radio port\u00e1til cumple las normas del Proyecto 16 y 25 y est\u00e1 disponible en las bandas de 700\/800 MHz VHF, UHF R1 y UHF R2.<\/p>\n","protected":false},"featured_media":9857,"comment_status":"closed","ping_status":"closed","template":"","meta":[],"product_brand":[],"product_cat":[181,155,157,186,163,156,158],"product_tag":[],"class_list":{"0":"post-19643","1":"product","2":"type-product","3":"status-publish","4":"has-post-thumbnail","6":"product_cat-astro-25-es","7":"product_cat-linea-profesional","8":"product_cat-motorola-es","9":"product_cat-radio-p25-es","10":"product_cat-radios-analogicas","11":"product_cat-radios-digitales","12":"product_cat-radios-portatiles","14":"first","15":"instock","16":"shipping-taxable","17":"product-type-simple"},"yoast_head":"<!-- This site is optimized with the Yoast SEO plugin v27.3 - https:\/\/yoast.com\/product\/yoast-seo-wordpress\/ -->\n<title>RADIO DIGITAL PORT\u00c1TIL - XTS1500 - Abix Tecnolog\u00eda<\/title>\n<meta name=\"description\" content=\"Cuando el bienestar de su comunidad est\u00e1 en juego, puede contar con la radio port\u00e1til digital XTS\u00ae 1500. M\u00e1s informaci\u00f3n en nuestro sitio web\" \/>\n<meta name=\"robots\" content=\"index, follow, max-snippet:-1, max-image-preview:large, max-video-preview:-1\" \/>\n<link rel=\"canonical\" href=\"https:\/\/abix.com.br\/produto\/xts1500\/\" \/>\n<meta property=\"og:locale\" content=\"es_ES\" \/>\n<meta property=\"og:type\" content=\"article\" \/>\n<meta property=\"og:title\" content=\"RADIO DIGITAL PORT\u00c1TIL - XTS1500 - Abix Tecnolog\u00eda\" \/>\n<meta property=\"og:description\" content=\"Cuando el bienestar de su comunidad est\u00e1 en juego, puede contar con la radio port\u00e1til digital XTS\u00ae 1500. M\u00e1s informaci\u00f3n en nuestro sitio web\" \/>\n<meta property=\"og:url\" content=\"https:\/\/abix.com.br\/produto\/xts1500\/\" \/>\n<meta property=\"og:site_name\" content=\"Abix\" \/>\n<meta property=\"article:modified_time\" content=\"2023-10-20T10:55:12+00:00\" \/>\n<meta property=\"og:image\" content=\"https:\/\/abix.com.br\/wp-content\/uploads\/2020\/05\/XTS1500-FRONT.png\" \/>\n\t<meta property=\"og:image:width\" content=\"512\" \/>\n\t<meta property=\"og:image:height\" content=\"481\" \/>\n\t<meta property=\"og:image:type\" content=\"image\/png\" \/>\n<meta name=\"twitter:card\" content=\"summary_large_image\" \/>\n<meta name=\"twitter:label1\" content=\"Tiempo de lectura\" \/>\n\t<meta name=\"twitter:data1\" content=\"2 minutos\" \/>\n<script type=\"application\/ld+json\" class=\"yoast-schema-graph\">{\"@context\":\"https:\\\/\\\/schema.org\",\"@graph\":[{\"@type\":\"WebPage\",\"@id\":\"https:\\\/\\\/abix.com.br\\\/produto\\\/xts1500\\\/\",\"url\":\"https:\\\/\\\/abix.com.br\\\/produto\\\/xts1500\\\/\",\"name\":\"RADIO DIGITAL PORT\u00c1TIL - XTS1500 - Abix Tecnolog\u00eda\",\"isPartOf\":{\"@id\":\"https:\\\/\\\/abix.com.br\\\/#website\"},\"primaryImageOfPage\":{\"@id\":\"https:\\\/\\\/abix.com.br\\\/produto\\\/xts1500\\\/#primaryimage\"},\"image\":{\"@id\":\"https:\\\/\\\/abix.com.br\\\/produto\\\/xts1500\\\/#primaryimage\"},\"thumbnailUrl\":\"https:\\\/\\\/abix.com.br\\\/wp-content\\\/uploads\\\/2020\\\/05\\\/XTS1500-FRONT.png\",\"datePublished\":\"2020-05-19T20:42:30+00:00\",\"dateModified\":\"2023-10-20T10:55:12+00:00\",\"description\":\"Cuando el bienestar de su comunidad est\u00e1 en juego, puede contar con la radio port\u00e1til digital XTS\u00ae 1500. M\u00e1s informaci\u00f3n en nuestro sitio web\",\"breadcrumb\":{\"@id\":\"https:\\\/\\\/abix.com.br\\\/produto\\\/xts1500\\\/#breadcrumb\"},\"inLanguage\":\"es\",\"potentialAction\":[{\"@type\":\"ReadAction\",\"target\":[\"https:\\\/\\\/abix.com.br\\\/produto\\\/xts1500\\\/\"]}]},{\"@type\":\"ImageObject\",\"inLanguage\":\"es\",\"@id\":\"https:\\\/\\\/abix.com.br\\\/produto\\\/xts1500\\\/#primaryimage\",\"url\":\"https:\\\/\\\/abix.com.br\\\/wp-content\\\/uploads\\\/2020\\\/05\\\/XTS1500-FRONT.png\",\"contentUrl\":\"https:\\\/\\\/abix.com.br\\\/wp-content\\\/uploads\\\/2020\\\/05\\\/XTS1500-FRONT.png\",\"width\":512,\"height\":481,\"caption\":\"R\u00c1DIO PORT\u00c1TIL DIGITAL XTS1500\"},{\"@type\":\"BreadcrumbList\",\"@id\":\"https:\\\/\\\/abix.com.br\\\/produto\\\/xts1500\\\/#breadcrumb\",\"itemListElement\":[{\"@type\":\"ListItem\",\"position\":1,\"name\":\"In\u00edcio\",\"item\":\"https:\\\/\\\/abix.com.br\\\/es\\\/\"},{\"@type\":\"ListItem\",\"position\":2,\"name\":\"Tienda\",\"item\":\"https:\\\/\\\/abix.com.br\\\/loja\\\/\"},{\"@type\":\"ListItem\",\"position\":3,\"name\":\"RADIO DIGITAL PORT\u00c1TIL &#8211; XTS1500\"}]},{\"@type\":\"WebSite\",\"@id\":\"https:\\\/\\\/abix.com.br\\\/#website\",\"url\":\"https:\\\/\\\/abix.com.br\\\/\",\"name\":\"Abix\",\"description\":\"\",\"potentialAction\":[{\"@type\":\"SearchAction\",\"target\":{\"@type\":\"EntryPoint\",\"urlTemplate\":\"https:\\\/\\\/abix.com.br\\\/?s={search_term_string}\"},\"query-input\":{\"@type\":\"PropertyValueSpecification\",\"valueRequired\":true,\"valueName\":\"search_term_string\"}}],\"inLanguage\":\"es\"}]}<\/script>\n<!-- \/ Yoast SEO plugin. -->","yoast_head_json":{"title":"RADIO DIGITAL PORT\u00c1TIL - XTS1500 - Abix Tecnolog\u00eda","description":"Cuando el bienestar de su comunidad est\u00e1 en juego, puede contar con la radio port\u00e1til digital XTS\u00ae 1500. M\u00e1s informaci\u00f3n en nuestro sitio web","robots":{"index":"index","follow":"follow","max-snippet":"max-snippet:-1","max-image-preview":"max-image-preview:large","max-video-preview":"max-video-preview:-1"},"canonical":"https:\/\/abix.com.br\/produto\/xts1500\/","og_locale":"es_ES","og_type":"article","og_title":"RADIO DIGITAL PORT\u00c1TIL - XTS1500 - Abix Tecnolog\u00eda","og_description":"Cuando el bienestar de su comunidad est\u00e1 en juego, puede contar con la radio port\u00e1til digital XTS\u00ae 1500. M\u00e1s informaci\u00f3n en nuestro sitio web","og_url":"https:\/\/abix.com.br\/produto\/xts1500\/","og_site_name":"Abix","article_modified_time":"2023-10-20T10:55:12+00:00","og_image":[{"width":512,"height":481,"url":"https:\/\/abix.com.br\/wp-content\/uploads\/2020\/05\/XTS1500-FRONT.png","type":"image\/png"}],"twitter_card":"summary_large_image","twitter_misc":{"Tiempo de lectura":"2 minutos"},"schema":{"@context":"https:\/\/schema.org","@graph":[{"@type":"WebPage","@id":"https:\/\/abix.com.br\/produto\/xts1500\/","url":"https:\/\/abix.com.br\/produto\/xts1500\/","name":"RADIO DIGITAL PORT\u00c1TIL - XTS1500 - Abix Tecnolog\u00eda","isPartOf":{"@id":"https:\/\/abix.com.br\/#website"},"primaryImageOfPage":{"@id":"https:\/\/abix.com.br\/produto\/xts1500\/#primaryimage"},"image":{"@id":"https:\/\/abix.com.br\/produto\/xts1500\/#primaryimage"},"thumbnailUrl":"https:\/\/abix.com.br\/wp-content\/uploads\/2020\/05\/XTS1500-FRONT.png","datePublished":"2020-05-19T20:42:30+00:00","dateModified":"2023-10-20T10:55:12+00:00","description":"Cuando el bienestar de su comunidad est\u00e1 en juego, puede contar con la radio port\u00e1til digital XTS\u00ae 1500. M\u00e1s informaci\u00f3n en nuestro sitio web","breadcrumb":{"@id":"https:\/\/abix.com.br\/produto\/xts1500\/#breadcrumb"},"inLanguage":"es","potentialAction":[{"@type":"ReadAction","target":["https:\/\/abix.com.br\/produto\/xts1500\/"]}]},{"@type":"ImageObject","inLanguage":"es","@id":"https:\/\/abix.com.br\/produto\/xts1500\/#primaryimage","url":"https:\/\/abix.com.br\/wp-content\/uploads\/2020\/05\/XTS1500-FRONT.png","contentUrl":"https:\/\/abix.com.br\/wp-content\/uploads\/2020\/05\/XTS1500-FRONT.png","width":512,"height":481,"caption":"R\u00c1DIO PORT\u00c1TIL DIGITAL XTS1500"},{"@type":"BreadcrumbList","@id":"https:\/\/abix.com.br\/produto\/xts1500\/#breadcrumb","itemListElement":[{"@type":"ListItem","position":1,"name":"In\u00edcio","item":"https:\/\/abix.com.br\/es\/"},{"@type":"ListItem","position":2,"name":"Tienda","item":"https:\/\/abix.com.br\/loja\/"},{"@type":"ListItem","position":3,"name":"RADIO DIGITAL PORT\u00c1TIL &#8211; XTS1500"}]},{"@type":"WebSite","@id":"https:\/\/abix.com.br\/#website","url":"https:\/\/abix.com.br\/","name":"Abix","description":"","potentialAction":[{"@type":"SearchAction","target":{"@type":"EntryPoint","urlTemplate":"https:\/\/abix.com.br\/?s={search_term_string}"},"query-input":{"@type":"PropertyValueSpecification","valueRequired":true,"valueName":"search_term_string"}}],"inLanguage":"es"}]}},"_links":{"self":[{"href":"https:\/\/abix.com.br\/es\/wp-json\/wp\/v2\/product\/19643","targetHints":{"allow":["GET"]}}],"collection":[{"href":"https:\/\/abix.com.br\/es\/wp-json\/wp\/v2\/product"}],"about":[{"href":"https:\/\/abix.com.br\/es\/wp-json\/wp\/v2\/types\/product"}],"replies":[{"embeddable":true,"href":"https:\/\/abix.com.br\/es\/wp-json\/wp\/v2\/comments?post=19643"}],"wp:featuredmedia":[{"embeddable":true,"href":"https:\/\/abix.com.br\/es\/wp-json\/wp\/v2\/media\/9857"}],"wp:attachment":[{"href":"https:\/\/abix.com.br\/es\/wp-json\/wp\/v2\/media?parent=19643"}],"wp:term":[{"taxonomy":"product_brand","embeddable":true,"href":"https:\/\/abix.com.br\/es\/wp-json\/wp\/v2\/product_brand?post=19643"},{"taxonomy":"product_cat","embeddable":true,"href":"https:\/\/abix.com.br\/es\/wp-json\/wp\/v2\/product_cat?post=19643"},{"taxonomy":"product_tag","embeddable":true,"href":"https:\/\/abix.com.br\/es\/wp-json\/wp\/v2\/product_tag?post=19643"}],"curies":[{"name":"wp","href":"https:\/\/api.w.org\/{rel}","templated":true}]}}