{"id":19644,"date":"2020-05-19T16:58:45","date_gmt":"2020-05-19T19:58:45","guid":{"rendered":"https:\/\/abix.com.br\/produto\/radio-digital-portatil-dtr720\/"},"modified":"2023-10-20T07:56:21","modified_gmt":"2023-10-20T10:56:21","slug":"radio-digital-portatil-dtr720","status":"publish","type":"product","link":"https:\/\/abix.com.br\/es\/produto\/radio-digital-portatil-dtr720\/","title":{"rendered":"RADIO DIGITAL PORT\u00c1TIL &#8211; DTR720"},"content":{"rendered":"\n\t<section class=\"section\" id=\"section_1060829920\">\n\t\t<div class=\"section-bg fill\" >\n\t\t\t\t\t\t\t\t\t\n\t\t\t\n\n\t\t<\/div>\n\n\t\t\n\n\t\t<div class=\"section-content relative\">\n\t\t\t\n<div class=\"row\"  id=\"row-519105122\">\n\n\t<div id=\"col-1713337939\" class=\"col small-12 large-12\"  >\n\t\t\t\t<div class=\"col-inner\"  >\n\t\t\t\n\t\t\t\n<div class=\"row\"  id=\"row-1846462403\">\n\n\t<div id=\"col-372289400\" class=\"col small-12 large-12\"  >\n\t\t\t\t<div class=\"col-inner\"  >\n\t\t\t\n\t\t\t\n\n\t\t<div class=\"tabbed-content locacao-tabs\">\n\t\t\t\n\t\t\t<ul class=\"nav nav-tabs nav-normal nav-size-xlarge nav-left active-on-hover\" role=\"tablist\"><li id=\"tab-informaci\u00d3n\" class=\"tab active has-icon\" role=\"presentation\"><a href=\"#tab_informaci\u00d3n\" role=\"tab\" aria-selected=\"true\" aria-controls=\"tab_informaci\u00d3n\"><span>INFORMACI\u00d3N<\/span><\/a><\/li>\n<li id=\"tab-accesorios\" class=\"tab has-icon\" role=\"presentation\"><a href=\"#tab_accesorios\" tabindex=\"-1\" role=\"tab\" aria-selected=\"false\" aria-controls=\"tab_accesorios\"><span>ACCESORIOS<\/span><\/a><\/li>\n<li id=\"tab-descargas\" class=\"tab has-icon\" role=\"presentation\"><a href=\"#tab_descargas\" tabindex=\"-1\" role=\"tab\" aria-selected=\"false\" aria-controls=\"tab_descargas\"><span>DESCARGAS<\/span><\/a><\/li>\n<li id=\"tab-especificaciones\" class=\"tab has-icon\" role=\"presentation\"><a href=\"#tab_especificaciones\" tabindex=\"-1\" role=\"tab\" aria-selected=\"false\" aria-controls=\"tab_especificaciones\"><span>ESPECIFICACIONES<\/span><\/a><\/li><\/ul><div class=\"tab-panels\"><div id=\"tab_informaci\u00d3n\" class=\"panel active entry-content\" role=\"tabpanel\" aria-labelledby=\"tab-informaci\u00d3n\">\n<div class=\"row\"  id=\"row-1495968036\">\n\n\t<div id=\"col-120226720\" class=\"col medium-6 small-12 large-6\"  >\n\t\t\t\t<div class=\"col-inner\"  >\n\t\t\t\n\t\t\t\n<p style=\"text-align: justify;\"><strong>PANTALLA LUMINOSA EN COLOR<\/strong><\/p>\n<p style=\"text-align: justify;\">Pantalla retroiluminada con gr\u00e1ficos completos, ajuste de brillo para ofrecer una imagen n\u00edtida y clara, y navegaci\u00f3n intuitiva por los men\u00fas para que pueda localizar r\u00e1pida y f\u00e1cilmente todas las funciones de la radio.<\/p>\n<p style=\"text-align: justify;\"><b>DISE\u00d1O DELGADO Y ROBUSTO<\/b><\/p>\n<p style=\"text-align: justify;\">Compacta y con clasificaci\u00f3n IP54. Tiene un dise\u00f1o duradero que cumple las normas militares estadounidenses 810G sobre golpes, vibraciones, agua, polvo y temperaturas extremas, por lo que funcionar\u00e1 perfectamente en las condiciones de trabajo m\u00e1s duras.<\/p>\n<p style=\"text-align: justify;\"><b>BOTONES FUNCIONALES DESTACADOS<\/b><\/p>\n<p style=\"text-align: justify;\">Bot\u00f3n programable que se puede utilizar para acceder r\u00e1pidamente a funciones como Llamar a todos \/ Llamar a todos, conect\u00e1ndote a todas las radios inmediatamente, sin tener que buscar en tu lista de canales.<\/p>\n<p style=\"text-align: justify;\">La respuesta privada -una funci\u00f3n de la llamada privada- permite a dos personas conectarse de forma instant\u00e1nea y privada una vez finalizada una transmisi\u00f3n en grupo, evitando que el canal de radio quede ocupado con conversaciones innecesarias.<\/p>\n<p style=\"text-align: justify;\"><b>COMUNICACIONES PRIVADAS SIN INTERFERENCIAS<\/b><\/p>\n<p style=\"text-align: justify;\">Las radios DTR720 ofrecen una tranquilidad absoluta y permiten a su equipo permanecer concentrado en la tarea que tiene entre manos, mejorando la privacidad de sus comunicaciones.<\/p>\n<p style=\"text-align: justify;\">Para aprovechar las ventajas de las Comunicaciones Privadas, puede configurar r\u00e1pidamente su flota de radios con un n\u00famero de ID de perfil de radio \u00fanico. Al poder elegir entre 10.000 c\u00f3digos disponibles, se garantiza una total privacidad frente a otras radios que puedan estar operando en las proximidades.<\/p>\n<p style=\"text-align: justify;\">Aproveche la tecnolog\u00eda FHSS (frequency hopping spectrum scaling) y mejore la fiabilidad y privacidad de sus comunicaciones en comparaci\u00f3n con las radios anal\u00f3gicas est\u00e1ndar.<\/p>\n\t\t<\/div>\n\t\t\t\t\t<\/div>\n\n\t\n\n\t<div id=\"col-1964914474\" class=\"col medium-6 small-12 large-6\"  >\n\t\t\t\t<div class=\"col-inner text-left\"  >\n\t\t\t\n\t\t\t\n<p style=\"text-align: justify;\"><strong>OPCIONES DE LLAMADA FLEXIBLES<\/strong><\/p>\n<p style=\"text-align: justify;\">La llamada privada digital uno a uno permite establecer comunicaciones privadas con un usuario concreto. El destinatario recibe una alerta sonora o por vibraci\u00f3n y su radio muestra el identificador de la llamada.<\/p>\n<p style=\"text-align: justify;\">Las llamadas de grupo digitales de uno a muchos permiten establecer llamadas de grupo p\u00fablicas. Todas las dem\u00e1s radios DTR Series con el mismo ID de grupo y canal pueden escuchar las comunicaciones.<\/p>\n<p style=\"text-align: justify;\"><strong>COBERTURA AMPLIADA<\/strong><\/p>\n<p style=\"text-align: justify;\">La radio digital DTR720 funciona en cualquier lugar. Puede transmitir informaci\u00f3n desde la l\u00ednea de producci\u00f3n o la oficina de gesti\u00f3n, y ofrece cobertura ampliada en interiores -hasta 32.515 m2 o 30 plantas- con la antena de l\u00e1tigo est\u00e1ndar.<\/p>\n<p style=\"text-align: justify;\"><strong>AUDIO FUERTE Y CLARO<\/strong><\/p>\n<p style=\"text-align: justify;\">La calidad de audio digital sigue siendo alta y clara, hasta el punto m\u00e1s extremo de cobertura, sin est\u00e1tica ni zonas muertas.<\/p>\n\t\t<\/div>\n\t\t\t\t\t<\/div>\n\n\t\n<\/div>\n<\/div>\n<div id=\"tab_accesorios\" class=\"panel entry-content\" role=\"tabpanel\" aria-labelledby=\"tab-accesorios\">\n<div class=\"row align-middle\"  id=\"row-1862909162\">\n\n\t<div id=\"col-1733772299\" class=\"col medium-10 small-12 large-10\"  >\n\t\t\t\t<div class=\"col-inner\"  >\n\t\t\t\n\t\t\t\n\t\t<\/div>\n\t\t\t\t\t<\/div>\n\n\t\n\n\t<div id=\"col-1769056338\" class=\"col medium-2 small-12 large-2\"  >\n\t\t\t\t<div class=\"col-inner\"  >\n\t\t\t\n\t\t\t\n\t\t<\/div>\n\t\t\t\t\t<\/div>\n\n\t\n<\/div>\n<\/div>\n<div id=\"tab_descargas\" class=\"panel entry-content\" role=\"tabpanel\" aria-labelledby=\"tab-descargas\">\n<div class=\"row\"  id=\"row-120760250\">\n\n\t<div id=\"col-528717390\" class=\"col medium-10 small-12 large-10\"  >\n\t\t\t\t<div class=\"col-inner\"  >\n\t\t\t\n\t\t\t\n<p><a href=\"https:\/\/www.abix.com.br\/wp-content\/uploads\/Ficha-DTR720.pdf\">Hoja de datos de DTR720<\/a><\/p>\n\t\t<\/div>\n\t\t\t\t\t<\/div>\n\n\t\n<\/div>\n<\/div>\n<div id=\"tab_especificaciones\" class=\"panel entry-content\" role=\"tabpanel\" aria-labelledby=\"tab-especificaciones\">\n<div class=\"row\"  id=\"row-532913050\">\n\n\t<div id=\"col-86897738\" class=\"col medium-9 small-12 large-9\"  >\n\t\t\t\t<div class=\"col-inner\"  >\n\t\t\t\n\t\t\t\n<h3>CARACTER\u00cdSTICAS DE RENDIMIENTO<\/h3>\n<ul>\n<li><strong>Frecuencias<\/strong><\/li>\n<\/ul>\n<p style=\"padding-left: 40px;\">FHSS ISM 900 MHz<\/p>\n<p style=\"padding-left: 40px;\">902-907 | 915-928 | 916-928 | 920,5-928 MHz<\/p>\n<p style=\"padding-left: 40px;\">Nota: Los intervalos de frecuencia var\u00edan seg\u00fan el pa\u00eds<\/p>\n<\/p>\n<ul>\n<li><strong>Duraci\u00f3n de la bater\u00eda (basada en un ciclo de actividad de 05 5 90)<\/strong><\/li>\n<\/ul>\n<p style=\"padding-left: 40px;\">16,5 horas**<\/p>\n<p style=\"padding-left: 40px;\">*La cobertura depende de las condiciones ambientales y del terreno.<br \/>**Duraci\u00f3n t\u00edpica de la bater\u00eda para el perfil 5\/5\/90 a la m\u00e1xima potencia de transmisi\u00f3n.<\/p>\n<\/p>\n<ul>\n<li><strong>Zona de cobertura<\/strong><\/li>\n<\/ul>\n<p style=\"padding-left: 40px;\">32.515 m2 (350.000 pies cuadrados)\/30 plantas*.<\/p>\n<h3>TECNOLOG\u00cdA<\/h3>\n<ul>\n<li><strong>Tecnolog\u00eda digital<\/strong><\/li>\n<\/ul>\n<p style=\"padding-left: 40px;\">S\u00ed<\/p>\n<h3>ENTORNO DE USUARIO<\/h3>\n<ul>\n<li><strong>Normas IP<\/strong><\/li>\n<\/ul>\n<p style=\"padding-left: 40px;\">IP54<\/p>\n<ul>\n<li><strong>Especificaci\u00f3n militar<\/strong><\/li>\n<\/ul>\n<p style=\"padding-left: 40px;\">810 C, 810 D, 810 E, 810 F, 810 G<\/p>\n<h3>CARACTER\u00cdSTICAS F\u00cdSICAS<\/h3>\n<ul>\n<li><strong>Peso (con bater\u00eda est\u00e1ndar)<\/strong><\/li>\n<\/ul>\n<p style=\"padding-left: 40px;\">7.87oz. (223 g)<\/p>\n<ul>\n<li><strong>Teclado<\/strong><\/li>\n<\/ul>\n<p style=\"padding-left: 40px;\">Limitado<\/p>\n<ul>\n<li><strong>Mostrar<\/strong><\/li>\n<\/ul>\n<p style=\"padding-left: 40px;\">Gr\u00e1ficos llenos de color<\/p>\n<ul>\n<li><strong>Dimensiones Al x An x Pr (con bater\u00eda est\u00e1ndar)<\/strong><\/li>\n<\/ul>\n<p style=\"padding-left: 40px;\">128,5 mm (Al) x 56 mm (An) x 27 mm (Pr)<br \/>(5,06&#8243; (Alto) x 2,2&#8243; (Ancho) x 1,06&#8243; (Fondo))<\/p>\n<h3>RECURSOS RADIOF\u00d3NICOS<\/h3>\n<ul>\n<li><strong>N\u00famero de canales<\/strong><\/li>\n<\/ul>\n<p style=\"padding-left: 40px;\">50 (hasta 200 contactos)<br \/>VibraCall<br \/>S\u00ed<\/p>\n<ul>\n<li><strong>Panel frontal programable<\/strong><\/li>\n<\/ul>\n<p style=\"padding-left: 40px;\">S\u00ed<\/p>\n\t\t<\/div>\n\t\t\t\t\t<\/div>\n\n\t\n<\/div>\n<\/div><\/div><\/div>\n\t\t<\/div>\n\t\t\t\t\t<\/div>\n\n\t\n<\/div>\n\t\t<\/div>\n\t\t\t\t\t<\/div>\n\n\t\n<\/div>\n\t\t<\/div>\n\n\t\t\n<style>\n#section_1060829920 {\n  padding-top: 0px;\n  padding-bottom: 0px;\n}\n<\/style>\n\t<\/section>\n\t\n","protected":false},"excerpt":{"rendered":"<p style=\"text-align: justify;\">Las radios DTR720 de Motorola son ahora m\u00e1s fiables que nunca. Permiten establecer comunicaciones privadas sin interferencias para ayudar a su equipo a mantener la concentraci\u00f3n, al tiempo que garantizan la privacidad de sus comunicaciones.<\/p>\n<p style=\"text-align: justify;\">Con un dise\u00f1o delgado y robusto, la radio digital bidireccional DTR720 tiene clasificaci\u00f3n IP54 y funciona en 900 MHz. Pantalla en color con gr\u00e1ficos completos y men\u00fa de navegaci\u00f3n intuitivo que le ayuda a localizar r\u00e1pidamente todas las funciones de la radio. El DTR720 ofrece opciones de comunicaci\u00f3n flexibles, como \u00abllamada digital de uno a uno\u00bb y \u00abllamada digital de uno a muchos\u00bb. El DTR720 ofrece un excelente nivel de cobertura, larga duraci\u00f3n de la bater\u00eda y calidad de audio digital, lo que significa audio potente en cualquier lugar.<\/p>\n","protected":false},"featured_media":9849,"comment_status":"closed","ping_status":"closed","template":"","meta":[],"product_brand":[],"product_cat":[183,157,156],"product_tag":[],"class_list":{"0":"post-19644","1":"product","2":"type-product","3":"status-publish","4":"has-post-thumbnail","6":"product_cat-linha-comercial-es","7":"product_cat-motorola-es","8":"product_cat-radios-digitales","10":"first","11":"instock","12":"shipping-taxable","13":"product-type-simple"},"yoast_head":"<!-- This site is optimized with the Yoast SEO plugin v27.3 - https:\/\/yoast.com\/product\/yoast-seo-wordpress\/ -->\n<title>RADIO DIGITAL PORT\u00c1TIL - DTR720 - Abix Tecnolog\u00eda<\/title>\n<meta name=\"description\" content=\"Las radios DTR720 de Motorola son ahora m\u00e1s fiables que nunca. Visite nuestro sitio web para obtener m\u00e1s informaci\u00f3n.\" \/>\n<meta name=\"robots\" content=\"index, follow, max-snippet:-1, max-image-preview:large, max-video-preview:-1\" \/>\n<link rel=\"canonical\" href=\"https:\/\/abix.com.br\/produto\/dtr720\/\" \/>\n<meta property=\"og:locale\" content=\"es_ES\" \/>\n<meta property=\"og:type\" content=\"article\" \/>\n<meta property=\"og:title\" content=\"RADIO DIGITAL PORT\u00c1TIL - DTR720 - Abix Tecnolog\u00eda\" \/>\n<meta property=\"og:description\" content=\"Las radios DTR720 de Motorola son ahora m\u00e1s fiables que nunca. Visite nuestro sitio web para obtener m\u00e1s informaci\u00f3n.\" \/>\n<meta property=\"og:url\" content=\"https:\/\/abix.com.br\/produto\/dtr720\/\" \/>\n<meta property=\"og:site_name\" content=\"Abix\" \/>\n<meta property=\"article:modified_time\" content=\"2023-10-20T10:56:21+00:00\" \/>\n<meta property=\"og:image\" content=\"https:\/\/abix.com.br\/wp-content\/uploads\/2020\/05\/DTR720-FRONT.jpg\" \/>\n\t<meta property=\"og:image:width\" content=\"1501\" \/>\n\t<meta property=\"og:image:height\" content=\"1500\" \/>\n\t<meta property=\"og:image:type\" content=\"image\/jpeg\" \/>\n<meta name=\"twitter:card\" content=\"summary_large_image\" \/>\n<meta name=\"twitter:label1\" content=\"Tiempo de lectura\" \/>\n\t<meta name=\"twitter:data1\" content=\"3 minutos\" \/>\n<script type=\"application\/ld+json\" class=\"yoast-schema-graph\">{\"@context\":\"https:\\\/\\\/schema.org\",\"@graph\":[{\"@type\":\"WebPage\",\"@id\":\"https:\\\/\\\/abix.com.br\\\/produto\\\/dtr720\\\/\",\"url\":\"https:\\\/\\\/abix.com.br\\\/produto\\\/dtr720\\\/\",\"name\":\"RADIO DIGITAL PORT\u00c1TIL - DTR720 - Abix Tecnolog\u00eda\",\"isPartOf\":{\"@id\":\"https:\\\/\\\/abix.com.br\\\/#website\"},\"primaryImageOfPage\":{\"@id\":\"https:\\\/\\\/abix.com.br\\\/produto\\\/dtr720\\\/#primaryimage\"},\"image\":{\"@id\":\"https:\\\/\\\/abix.com.br\\\/produto\\\/dtr720\\\/#primaryimage\"},\"thumbnailUrl\":\"https:\\\/\\\/abix.com.br\\\/wp-content\\\/uploads\\\/2020\\\/05\\\/DTR720-FRONT.jpg\",\"datePublished\":\"2020-05-19T19:58:45+00:00\",\"dateModified\":\"2023-10-20T10:56:21+00:00\",\"description\":\"Las radios DTR720 de Motorola son ahora m\u00e1s fiables que nunca. Visite nuestro sitio web para obtener m\u00e1s informaci\u00f3n.\",\"breadcrumb\":{\"@id\":\"https:\\\/\\\/abix.com.br\\\/produto\\\/dtr720\\\/#breadcrumb\"},\"inLanguage\":\"es\",\"potentialAction\":[{\"@type\":\"ReadAction\",\"target\":[\"https:\\\/\\\/abix.com.br\\\/produto\\\/dtr720\\\/\"]}]},{\"@type\":\"ImageObject\",\"inLanguage\":\"es\",\"@id\":\"https:\\\/\\\/abix.com.br\\\/produto\\\/dtr720\\\/#primaryimage\",\"url\":\"https:\\\/\\\/abix.com.br\\\/wp-content\\\/uploads\\\/2020\\\/05\\\/DTR720-FRONT.jpg\",\"contentUrl\":\"https:\\\/\\\/abix.com.br\\\/wp-content\\\/uploads\\\/2020\\\/05\\\/DTR720-FRONT.jpg\",\"width\":1501,\"height\":1500,\"caption\":\"R\u00c1DIO PORT\u00c1TIL DIGITAL DTR720\"},{\"@type\":\"BreadcrumbList\",\"@id\":\"https:\\\/\\\/abix.com.br\\\/produto\\\/dtr720\\\/#breadcrumb\",\"itemListElement\":[{\"@type\":\"ListItem\",\"position\":1,\"name\":\"In\u00edcio\",\"item\":\"https:\\\/\\\/abix.com.br\\\/es\\\/\"},{\"@type\":\"ListItem\",\"position\":2,\"name\":\"Tienda\",\"item\":\"https:\\\/\\\/abix.com.br\\\/loja\\\/\"},{\"@type\":\"ListItem\",\"position\":3,\"name\":\"RADIO DIGITAL PORT\u00c1TIL &#8211; DTR720\"}]},{\"@type\":\"WebSite\",\"@id\":\"https:\\\/\\\/abix.com.br\\\/#website\",\"url\":\"https:\\\/\\\/abix.com.br\\\/\",\"name\":\"Abix\",\"description\":\"\",\"potentialAction\":[{\"@type\":\"SearchAction\",\"target\":{\"@type\":\"EntryPoint\",\"urlTemplate\":\"https:\\\/\\\/abix.com.br\\\/?s={search_term_string}\"},\"query-input\":{\"@type\":\"PropertyValueSpecification\",\"valueRequired\":true,\"valueName\":\"search_term_string\"}}],\"inLanguage\":\"es\"}]}<\/script>\n<!-- \/ Yoast SEO plugin. -->","yoast_head_json":{"title":"RADIO DIGITAL PORT\u00c1TIL - DTR720 - Abix Tecnolog\u00eda","description":"Las radios DTR720 de Motorola son ahora m\u00e1s fiables que nunca. Visite nuestro sitio web para obtener m\u00e1s informaci\u00f3n.","robots":{"index":"index","follow":"follow","max-snippet":"max-snippet:-1","max-image-preview":"max-image-preview:large","max-video-preview":"max-video-preview:-1"},"canonical":"https:\/\/abix.com.br\/produto\/dtr720\/","og_locale":"es_ES","og_type":"article","og_title":"RADIO DIGITAL PORT\u00c1TIL - DTR720 - Abix Tecnolog\u00eda","og_description":"Las radios DTR720 de Motorola son ahora m\u00e1s fiables que nunca. Visite nuestro sitio web para obtener m\u00e1s informaci\u00f3n.","og_url":"https:\/\/abix.com.br\/produto\/dtr720\/","og_site_name":"Abix","article_modified_time":"2023-10-20T10:56:21+00:00","og_image":[{"width":1501,"height":1500,"url":"https:\/\/abix.com.br\/wp-content\/uploads\/2020\/05\/DTR720-FRONT.jpg","type":"image\/jpeg"}],"twitter_card":"summary_large_image","twitter_misc":{"Tiempo de lectura":"3 minutos"},"schema":{"@context":"https:\/\/schema.org","@graph":[{"@type":"WebPage","@id":"https:\/\/abix.com.br\/produto\/dtr720\/","url":"https:\/\/abix.com.br\/produto\/dtr720\/","name":"RADIO DIGITAL PORT\u00c1TIL - DTR720 - Abix Tecnolog\u00eda","isPartOf":{"@id":"https:\/\/abix.com.br\/#website"},"primaryImageOfPage":{"@id":"https:\/\/abix.com.br\/produto\/dtr720\/#primaryimage"},"image":{"@id":"https:\/\/abix.com.br\/produto\/dtr720\/#primaryimage"},"thumbnailUrl":"https:\/\/abix.com.br\/wp-content\/uploads\/2020\/05\/DTR720-FRONT.jpg","datePublished":"2020-05-19T19:58:45+00:00","dateModified":"2023-10-20T10:56:21+00:00","description":"Las radios DTR720 de Motorola son ahora m\u00e1s fiables que nunca. Visite nuestro sitio web para obtener m\u00e1s informaci\u00f3n.","breadcrumb":{"@id":"https:\/\/abix.com.br\/produto\/dtr720\/#breadcrumb"},"inLanguage":"es","potentialAction":[{"@type":"ReadAction","target":["https:\/\/abix.com.br\/produto\/dtr720\/"]}]},{"@type":"ImageObject","inLanguage":"es","@id":"https:\/\/abix.com.br\/produto\/dtr720\/#primaryimage","url":"https:\/\/abix.com.br\/wp-content\/uploads\/2020\/05\/DTR720-FRONT.jpg","contentUrl":"https:\/\/abix.com.br\/wp-content\/uploads\/2020\/05\/DTR720-FRONT.jpg","width":1501,"height":1500,"caption":"R\u00c1DIO PORT\u00c1TIL DIGITAL DTR720"},{"@type":"BreadcrumbList","@id":"https:\/\/abix.com.br\/produto\/dtr720\/#breadcrumb","itemListElement":[{"@type":"ListItem","position":1,"name":"In\u00edcio","item":"https:\/\/abix.com.br\/es\/"},{"@type":"ListItem","position":2,"name":"Tienda","item":"https:\/\/abix.com.br\/loja\/"},{"@type":"ListItem","position":3,"name":"RADIO DIGITAL PORT\u00c1TIL &#8211; DTR720"}]},{"@type":"WebSite","@id":"https:\/\/abix.com.br\/#website","url":"https:\/\/abix.com.br\/","name":"Abix","description":"","potentialAction":[{"@type":"SearchAction","target":{"@type":"EntryPoint","urlTemplate":"https:\/\/abix.com.br\/?s={search_term_string}"},"query-input":{"@type":"PropertyValueSpecification","valueRequired":true,"valueName":"search_term_string"}}],"inLanguage":"es"}]}},"_links":{"self":[{"href":"https:\/\/abix.com.br\/es\/wp-json\/wp\/v2\/product\/19644","targetHints":{"allow":["GET"]}}],"collection":[{"href":"https:\/\/abix.com.br\/es\/wp-json\/wp\/v2\/product"}],"about":[{"href":"https:\/\/abix.com.br\/es\/wp-json\/wp\/v2\/types\/product"}],"replies":[{"embeddable":true,"href":"https:\/\/abix.com.br\/es\/wp-json\/wp\/v2\/comments?post=19644"}],"wp:featuredmedia":[{"embeddable":true,"href":"https:\/\/abix.com.br\/es\/wp-json\/wp\/v2\/media\/9849"}],"wp:attachment":[{"href":"https:\/\/abix.com.br\/es\/wp-json\/wp\/v2\/media?parent=19644"}],"wp:term":[{"taxonomy":"product_brand","embeddable":true,"href":"https:\/\/abix.com.br\/es\/wp-json\/wp\/v2\/product_brand?post=19644"},{"taxonomy":"product_cat","embeddable":true,"href":"https:\/\/abix.com.br\/es\/wp-json\/wp\/v2\/product_cat?post=19644"},{"taxonomy":"product_tag","embeddable":true,"href":"https:\/\/abix.com.br\/es\/wp-json\/wp\/v2\/product_tag?post=19644"}],"curies":[{"name":"wp","href":"https:\/\/api.w.org\/{rel}","templated":true}]}}