{"id":19645,"date":"2020-05-15T12:11:06","date_gmt":"2020-05-15T15:11:06","guid":{"rendered":"https:\/\/abix.com.br\/produto\/radio-digital-portatil-dtr620\/"},"modified":"2023-10-20T07:57:45","modified_gmt":"2023-10-20T10:57:45","slug":"radio-digital-portatil-dtr620","status":"publish","type":"product","link":"https:\/\/abix.com.br\/es\/produto\/radio-digital-portatil-dtr620\/","title":{"rendered":"RADIO DIGITAL PORT\u00c1TIL &#8211; DTR620"},"content":{"rendered":"<h2><strong>INFORMACI\u00d3N<\/strong><\/h2>\n<\/p>\n<\/p>\n<h2><strong>ACCESORIOS<\/strong><\/h2>\n<p>CONTENIDO<\/p>\n<h2><strong>DESCARGAS<\/strong><\/h2>\n<\/p>\n<h2><strong>ESPECIFICACIONES<\/strong><\/h2>\n<p style=\"padding-left: 40px;\">\n\n\t<section class=\"section\" id=\"section_1683089772\">\n\t\t<div class=\"section-bg fill\" >\n\t\t\t\t\t\t\t\t\t\n\t\t\t\n\n\t\t<\/div>\n\n\t\t\n\n\t\t<div class=\"section-content relative\">\n\t\t\t\n<div class=\"row\"  id=\"row-790769956\">\n\n\t<div id=\"col-1757227489\" class=\"col small-12 large-12\"  >\n\t\t\t\t<div class=\"col-inner\"  >\n\t\t\t\n\t\t\t\n<div class=\"row\"  id=\"row-324045991\">\n\n\t<div id=\"col-581053896\" class=\"col small-12 large-12\"  >\n\t\t\t\t<div class=\"col-inner\"  >\n\t\t\t\n\t\t\t\n\n\t\t<div class=\"tabbed-content locacao-tabs\">\n\t\t\t\n\t\t\t<ul class=\"nav nav-tabs nav-normal nav-size-xlarge nav-left active-on-hover\" role=\"tablist\"><li id=\"tab-informaci\u00d3n\" class=\"tab active has-icon\" role=\"presentation\"><a href=\"#tab_informaci\u00d3n\" role=\"tab\" aria-selected=\"true\" aria-controls=\"tab_informaci\u00d3n\"><span>INFORMACI\u00d3N<\/span><\/a><\/li>\n<li id=\"tab-accesorios\" class=\"tab has-icon\" role=\"presentation\"><a href=\"#tab_accesorios\" tabindex=\"-1\" role=\"tab\" aria-selected=\"false\" aria-controls=\"tab_accesorios\"><span>ACCESORIOS<\/span><\/a><\/li>\n<li id=\"tab-descargas\" class=\"tab has-icon\" role=\"presentation\"><a href=\"#tab_descargas\" tabindex=\"-1\" role=\"tab\" aria-selected=\"false\" aria-controls=\"tab_descargas\"><span>DESCARGAS<\/span><\/a><\/li>\n<li id=\"tab-especificaciones\" class=\"tab has-icon\" role=\"presentation\"><a href=\"#tab_especificaciones\" tabindex=\"-1\" role=\"tab\" aria-selected=\"false\" aria-controls=\"tab_especificaciones\"><span>ESPECIFICACIONES<\/span><\/a><\/li><\/ul><div class=\"tab-panels\"><div id=\"tab_informaci\u00d3n\" class=\"panel active entry-content\" role=\"tabpanel\" aria-labelledby=\"tab-informaci\u00d3n\">\n<div class=\"row\"  id=\"row-2016986286\">\n\n\t<div id=\"col-1177647491\" class=\"col medium-6 small-12 large-6\"  >\n\t\t\t\t<div class=\"col-inner\"  >\n\t\t\t\n\t\t\t\n<p style=\"text-align: justify;\"><strong>MEJORA DE LA CLONACI\u00d3N DE FLOTAS POR AIRE<\/strong><\/p>\n<p>Duplica f\u00e1cilmente todos los contactos y la informaci\u00f3n de los programas de radio de una radio anfitriona u original a otras radios enviando la informaci\u00f3n por el aire. No se necesitan ordenadores ni programas especiales. El proceso es r\u00e1pido y sencillo.<\/p>\n<p><strong>HARDWARE MEJORADO<\/strong><\/p>\n<p>Prueba a subir el volumen del micr\u00f3fono del altavoz remoto para obtener un sonido m\u00e1s n\u00edtido en entornos ruidosos.<\/p>\n<p><strong>LLAMADA DE GRUPO CON RESPUESTA PRIVADA<\/strong><\/p>\n<p>Responde a tu manera. Cuando una radio recibe una llamada de grupo privado o de grupo p\u00fablico, el usuario de la radio puede responder de nuevo en una comunicaci\u00f3n privada uno a uno con el iniciador.<\/p>\n<p><strong>CLONARLO TODO<\/strong><\/p>\n<p>Clona f\u00e1cilmente una amplia gama de configuraciones de usuario mediante la clonaci\u00f3n en serie.<\/p>\n<p><b>DESACTIVAR PTT INTERNO<\/b><\/p>\n<p>Desactive el interruptor PTT interno de la radio, a trav\u00e9s de CPS, cuando la radio se utilice con un accesorio que tenga un interruptor PTT remoto. La configuraci\u00f3n por defecto de la clavija de c\u00f3digo para esta funci\u00f3n es \u00abActivado\u00bb.<\/p>\n<p style=\"text-align: justify;\"><strong>VIBRACALL MEJORADO<\/strong><\/p>\n<p>Configura tu radio para que vibre cuando se reciba una llamada de voz, un mensaje de texto o una alerta de llamada.<\/p>\n<p><strong>FUNCIONES AVANZADAS DE MENSAJER\u00cdA<\/strong><\/p>\n<p>Puede transmitir 25 mensajes disponibles y 10 preprogramados.<\/p>\n<p><b>FUNCIONES DE ACTUALIZACI\u00d3N Y CONTROL A DISTANCIA<\/b><\/p>\n<p>Controla y desactiva las unidades por aire.<\/p>\n\t\t<\/div>\n\t\t\t\t\t<\/div>\n\n\t\n\n\t<div id=\"col-679343475\" class=\"col medium-6 small-12 large-6\"  >\n\t\t\t\t<div class=\"col-inner text-left\"  >\n\t\t\t\n\t\t\t\n<p><b>MENSAJES DE TEXTO SMS<\/b><\/p>\n<p>Incluye informaci\u00f3n sobre la recepci\u00f3n y el origen, as\u00ed como la fecha y la hora.<\/p>\n<p><b>DISE\u00d1O DURADERO<\/b><\/p>\n<p>Cumple las especificaciones militares 810 C, D, E y F sobre golpes, vibraciones, agua, polvo y temperaturas extremas.<\/p>\n<p><b>ID LLAMANTE<\/b><\/p>\n<p>Almacena la lista de llamadas recientes, hasta las 10 \u00faltimas transmisiones.<\/p>\n<p><b>CONFIGURACI\u00d3N DE UNA UNIDAD A OTRA<\/b><\/p>\n<p>Simplifica la operaci\u00f3n de clonaci\u00f3n mediante un cable opcional.<\/p>\n\t\t<\/div>\n\t\t\t\t\t<\/div>\n\n\t\n<\/div>\n<\/div>\n<div id=\"tab_accesorios\" class=\"panel entry-content\" role=\"tabpanel\" aria-labelledby=\"tab-accesorios\">\n<div class=\"row align-middle\"  id=\"row-487211108\">\n\n\t<div id=\"col-1332830348\" class=\"col medium-10 small-12 large-10\"  >\n\t\t\t\t<div class=\"col-inner\"  >\n\t\t\t\n\t\t\t\n\t\t<\/div>\n\t\t\t\t\t<\/div>\n\n\t\n\n\t<div id=\"col-117274575\" class=\"col medium-2 small-12 large-2\"  >\n\t\t\t\t<div class=\"col-inner\"  >\n\t\t\t\n\t\t\t\n\t\t<\/div>\n\t\t\t\t\t<\/div>\n\n\t\n<\/div>\n<\/div>\n<div id=\"tab_descargas\" class=\"panel entry-content\" role=\"tabpanel\" aria-labelledby=\"tab-descargas\">\n<div class=\"row\"  id=\"row-439179502\">\n\n\t<div id=\"col-337455164\" class=\"col medium-10 small-12 large-10\"  >\n\t\t\t\t<div class=\"col-inner\"  >\n\t\t\t\n\t\t\t\n<p><a href=\"https:\/\/www.abix.com.br\/wp-content\/uploads\/Ficha_DTR620.pdf\">Hoja de datos de DTR620<\/a><\/p>\n\t\t<\/div>\n\t\t\t\t\t<\/div>\n\n\t\n<\/div>\n<\/div>\n<div id=\"tab_especificaciones\" class=\"panel entry-content\" role=\"tabpanel\" aria-labelledby=\"tab-especificaciones\">\n<div class=\"row\"  id=\"row-115542323\">\n\n\t<div id=\"col-391491612\" class=\"col medium-9 small-12 large-9\"  >\n\t\t\t\t<div class=\"col-inner\"  >\n\t\t\t\n\t\t\t\n<h3>CARACTER\u00cdSTICAS DE RENDIMIENTO<\/h3>\n<ul>\n<li><strong>Duraci\u00f3n de la bater\u00eda (basada en un ciclo de actividad de 05 05 90)<\/strong><\/li>\n<\/ul>\n<p style=\"padding-left: 40px;\">Hasta 19 horas (basado en ciclo de trabajo 5\/5\/90)<\/p>\n<ul>\n<li><strong>Banda de frecuencias<\/strong><\/li>\n<\/ul>\n<p style=\"padding-left: 40px;\">Licencia ISM de 900 MHz libre<\/p>\n<ul>\n<li><strong>Energ\u00eda<\/strong><\/li>\n<\/ul>\n<p style=\"padding-left: 40px;\">Digital in situ<\/p>\n<ul>\n<li><strong>Zona de cobertura<\/strong><\/li>\n<\/ul>\n<p style=\"padding-left: 40px;\">Aproximadamente 32000m\u00b2 con antena Whip larga.<\/p>\n<h3>ENTORNO DE USUARIO<\/h3>\n<ul>\n<li><strong>Especificaci\u00f3n militar<\/strong><\/li>\n<\/ul>\n<p style=\"padding-left: 40px;\">810 C, 810 D, 810 E, 810 F<\/p>\n<h3>PROGRAMA DE RADIO<\/h3>\n<ul>\n<li><strong>Separaci\u00f3n entre canales (kHz)<\/strong><\/li>\n<\/ul>\n<p style=\"padding-left: 40px;\">50<\/p>\n<ul>\n<li><strong>N\u00famero de canales<\/strong><\/li>\n<\/ul>\n<p style=\"padding-left: 40px;\">Hasta 150 contactos (m\u00e1ximo 50 grupos p\u00fablicos \/ 20 grupos privados)<\/p>\n<ul>\n<li><strong>Clonaci\u00f3n<\/strong><\/li>\n<\/ul>\n<p style=\"padding-left: 40px;\">Con cable<\/p>\n<ul>\n<li><strong>VibraCall<\/strong><\/li>\n<\/ul>\n<p style=\"padding-left: 40px;\">S\u00ed<\/p>\n<ul>\n<li><strong>Panel frontal programable<\/strong><\/li>\n<\/ul>\n<p style=\"padding-left: 40px;\">S\u00ed<\/p>\n<h3>CARACTER\u00cdSTICAS F\u00cdSICAS<\/h3>\n<ul>\n<li><strong>Teclado<\/strong><\/li>\n<\/ul>\n<p style=\"padding-left: 40px;\">Ninguno<\/p>\n<ul>\n<li><strong>Peso (con bater\u00eda est\u00e1ndar)<\/strong><\/li>\n<\/ul>\n<p style=\"padding-left: 40px;\">7,8 oz. (221.1 g)<\/p>\n<ul>\n<li><strong>Bot\u00f3n de emergencia<\/strong><\/li>\n<\/ul>\n<p style=\"padding-left: 40px;\">Ninguno<\/p>\n<ul>\n<li><strong>Mostrar<\/strong><\/li>\n<\/ul>\n<p style=\"padding-left: 40px;\">Total<\/p>\n<ul>\n<li><strong>Dimensiones Al x An x Pr (con bater\u00eda est\u00e1ndar)<\/strong><\/li>\n<\/ul>\n<p style=\"padding-left: 40px;\">132,3 mm x 57,2 mm x 35,4 mm (5,2&#8243; x 2,3&#8243; x 1,4&#8243;)<\/p>\n<h3>TECNOLOG\u00cdA<\/h3>\n<ul>\n<li><strong>Tecnolog\u00eda digital<\/strong><\/li>\n<\/ul>\n<p style=\"padding-left: 40px;\">S\u00ed<\/p>\n\t\t<\/div>\n\t\t\t\t\t<\/div>\n\n\t\n<\/div>\n<\/div><\/div><\/div>\n\t\t<\/div>\n\t\t\t\t\t<\/div>\n\n\t\n<\/div>\n\t\t<\/div>\n\t\t\t\t\t<\/div>\n\n\t\n<\/div>\n\t\t<\/div>\n\n\t\t\n<style>\n#section_1683089772 {\n  padding-top: 0px;\n  padding-bottom: 0px;\n}\n<\/style>\n\t<\/section>\n\t\n","protected":false},"excerpt":{"rendered":"<p style=\"text-align: justify;\">La radio port\u00e1til digital in situ DTR 620\u2122 ofrece todas las excelentes caracter\u00edsticas de la DTR550, adem\u00e1s de funciones de gesti\u00f3n. Las funciones de radio funcionan a 900 MHz y ofrecen opciones de comunicaci\u00f3n mejoradas, como llamadas digitales de uno a muchos (llamada de grupo p\u00fablica y llamada de grupo privada). Tambi\u00e9n ofrece un rendimiento mejorado con una mayor cobertura -hasta 350.000 pies cuadrados o 30 pisos (con una antena de l\u00e1tigo larga)-, as\u00ed como una mayor duraci\u00f3n de la bater\u00eda y una calidad de audio digital clara y n\u00edtida en las zonas de cobertura.<\/p>\n","protected":false},"featured_media":9793,"comment_status":"closed","ping_status":"closed","template":"","meta":[],"product_brand":[],"product_cat":[183,157,156],"product_tag":[],"class_list":{"0":"post-19645","1":"product","2":"type-product","3":"status-publish","4":"has-post-thumbnail","6":"product_cat-linha-comercial-es","7":"product_cat-motorola-es","8":"product_cat-radios-digitales","10":"first","11":"instock","12":"shipping-taxable","13":"product-type-simple"},"yoast_head":"<!-- This site is optimized with the Yoast SEO plugin v27.3 - https:\/\/yoast.com\/product\/yoast-seo-wordpress\/ -->\n<title>RADIO DIGITAL PORT\u00c1TIL - DTR620 - Abix Tecnolog\u00eda<\/title>\n<meta name=\"description\" content=\"La radio port\u00e1til digital in situ DTR 620\u2122 ofrece todas las excelentes caracter\u00edsticas de la DTR550, adem\u00e1s de funciones de gesti\u00f3n. Ver m\u00e1s\" \/>\n<meta name=\"robots\" content=\"index, follow, max-snippet:-1, max-image-preview:large, max-video-preview:-1\" \/>\n<link rel=\"canonical\" href=\"https:\/\/abix.com.br\/produto\/dtr620\/\" \/>\n<meta property=\"og:locale\" content=\"es_ES\" \/>\n<meta property=\"og:type\" content=\"article\" \/>\n<meta property=\"og:title\" content=\"RADIO DIGITAL PORT\u00c1TIL - DTR620 - Abix Tecnolog\u00eda\" \/>\n<meta property=\"og:description\" content=\"La radio port\u00e1til digital in situ DTR 620\u2122 ofrece todas las excelentes caracter\u00edsticas de la DTR550, adem\u00e1s de funciones de gesti\u00f3n. Ver m\u00e1s\" \/>\n<meta property=\"og:url\" content=\"https:\/\/abix.com.br\/produto\/dtr620\/\" \/>\n<meta property=\"og:site_name\" content=\"Abix\" \/>\n<meta property=\"article:modified_time\" content=\"2023-10-20T10:57:45+00:00\" \/>\n<meta property=\"og:image\" content=\"https:\/\/abix.com.br\/wp-content\/uploads\/2020\/05\/DRT620-FRONT-6.jpg\" \/>\n\t<meta property=\"og:image:width\" content=\"600\" \/>\n\t<meta property=\"og:image:height\" content=\"600\" \/>\n\t<meta property=\"og:image:type\" content=\"image\/jpeg\" \/>\n<meta name=\"twitter:card\" content=\"summary_large_image\" \/>\n<meta name=\"twitter:label1\" content=\"Tiempo de lectura\" \/>\n\t<meta name=\"twitter:data1\" content=\"3 minutos\" \/>\n<script type=\"application\/ld+json\" class=\"yoast-schema-graph\">{\"@context\":\"https:\\\/\\\/schema.org\",\"@graph\":[{\"@type\":\"WebPage\",\"@id\":\"https:\\\/\\\/abix.com.br\\\/produto\\\/dtr620\\\/\",\"url\":\"https:\\\/\\\/abix.com.br\\\/produto\\\/dtr620\\\/\",\"name\":\"RADIO DIGITAL PORT\u00c1TIL - DTR620 - Abix Tecnolog\u00eda\",\"isPartOf\":{\"@id\":\"https:\\\/\\\/abix.com.br\\\/#website\"},\"primaryImageOfPage\":{\"@id\":\"https:\\\/\\\/abix.com.br\\\/produto\\\/dtr620\\\/#primaryimage\"},\"image\":{\"@id\":\"https:\\\/\\\/abix.com.br\\\/produto\\\/dtr620\\\/#primaryimage\"},\"thumbnailUrl\":\"https:\\\/\\\/abix.com.br\\\/wp-content\\\/uploads\\\/2020\\\/05\\\/DRT620-FRONT-6.jpg\",\"datePublished\":\"2020-05-15T15:11:06+00:00\",\"dateModified\":\"2023-10-20T10:57:45+00:00\",\"description\":\"La radio port\u00e1til digital in situ DTR 620\u2122 ofrece todas las excelentes caracter\u00edsticas de la DTR550, adem\u00e1s de funciones de gesti\u00f3n. Ver m\u00e1s\",\"breadcrumb\":{\"@id\":\"https:\\\/\\\/abix.com.br\\\/produto\\\/dtr620\\\/#breadcrumb\"},\"inLanguage\":\"es\",\"potentialAction\":[{\"@type\":\"ReadAction\",\"target\":[\"https:\\\/\\\/abix.com.br\\\/produto\\\/dtr620\\\/\"]}]},{\"@type\":\"ImageObject\",\"inLanguage\":\"es\",\"@id\":\"https:\\\/\\\/abix.com.br\\\/produto\\\/dtr620\\\/#primaryimage\",\"url\":\"https:\\\/\\\/abix.com.br\\\/wp-content\\\/uploads\\\/2020\\\/05\\\/DRT620-FRONT-6.jpg\",\"contentUrl\":\"https:\\\/\\\/abix.com.br\\\/wp-content\\\/uploads\\\/2020\\\/05\\\/DRT620-FRONT-6.jpg\",\"width\":600,\"height\":600,\"caption\":\"R\u00c1DIO PORT\u00c1TIL DIGITAL DTR620\"},{\"@type\":\"BreadcrumbList\",\"@id\":\"https:\\\/\\\/abix.com.br\\\/produto\\\/dtr620\\\/#breadcrumb\",\"itemListElement\":[{\"@type\":\"ListItem\",\"position\":1,\"name\":\"In\u00edcio\",\"item\":\"https:\\\/\\\/abix.com.br\\\/es\\\/\"},{\"@type\":\"ListItem\",\"position\":2,\"name\":\"Tienda\",\"item\":\"https:\\\/\\\/abix.com.br\\\/loja\\\/\"},{\"@type\":\"ListItem\",\"position\":3,\"name\":\"RADIO DIGITAL PORT\u00c1TIL &#8211; DTR620\"}]},{\"@type\":\"WebSite\",\"@id\":\"https:\\\/\\\/abix.com.br\\\/#website\",\"url\":\"https:\\\/\\\/abix.com.br\\\/\",\"name\":\"Abix\",\"description\":\"\",\"potentialAction\":[{\"@type\":\"SearchAction\",\"target\":{\"@type\":\"EntryPoint\",\"urlTemplate\":\"https:\\\/\\\/abix.com.br\\\/?s={search_term_string}\"},\"query-input\":{\"@type\":\"PropertyValueSpecification\",\"valueRequired\":true,\"valueName\":\"search_term_string\"}}],\"inLanguage\":\"es\"}]}<\/script>\n<!-- \/ Yoast SEO plugin. -->","yoast_head_json":{"title":"RADIO DIGITAL PORT\u00c1TIL - DTR620 - Abix Tecnolog\u00eda","description":"La radio port\u00e1til digital in situ DTR 620\u2122 ofrece todas las excelentes caracter\u00edsticas de la DTR550, adem\u00e1s de funciones de gesti\u00f3n. Ver m\u00e1s","robots":{"index":"index","follow":"follow","max-snippet":"max-snippet:-1","max-image-preview":"max-image-preview:large","max-video-preview":"max-video-preview:-1"},"canonical":"https:\/\/abix.com.br\/produto\/dtr620\/","og_locale":"es_ES","og_type":"article","og_title":"RADIO DIGITAL PORT\u00c1TIL - DTR620 - Abix Tecnolog\u00eda","og_description":"La radio port\u00e1til digital in situ DTR 620\u2122 ofrece todas las excelentes caracter\u00edsticas de la DTR550, adem\u00e1s de funciones de gesti\u00f3n. Ver m\u00e1s","og_url":"https:\/\/abix.com.br\/produto\/dtr620\/","og_site_name":"Abix","article_modified_time":"2023-10-20T10:57:45+00:00","og_image":[{"width":600,"height":600,"url":"https:\/\/abix.com.br\/wp-content\/uploads\/2020\/05\/DRT620-FRONT-6.jpg","type":"image\/jpeg"}],"twitter_card":"summary_large_image","twitter_misc":{"Tiempo de lectura":"3 minutos"},"schema":{"@context":"https:\/\/schema.org","@graph":[{"@type":"WebPage","@id":"https:\/\/abix.com.br\/produto\/dtr620\/","url":"https:\/\/abix.com.br\/produto\/dtr620\/","name":"RADIO DIGITAL PORT\u00c1TIL - DTR620 - Abix Tecnolog\u00eda","isPartOf":{"@id":"https:\/\/abix.com.br\/#website"},"primaryImageOfPage":{"@id":"https:\/\/abix.com.br\/produto\/dtr620\/#primaryimage"},"image":{"@id":"https:\/\/abix.com.br\/produto\/dtr620\/#primaryimage"},"thumbnailUrl":"https:\/\/abix.com.br\/wp-content\/uploads\/2020\/05\/DRT620-FRONT-6.jpg","datePublished":"2020-05-15T15:11:06+00:00","dateModified":"2023-10-20T10:57:45+00:00","description":"La radio port\u00e1til digital in situ DTR 620\u2122 ofrece todas las excelentes caracter\u00edsticas de la DTR550, adem\u00e1s de funciones de gesti\u00f3n. Ver m\u00e1s","breadcrumb":{"@id":"https:\/\/abix.com.br\/produto\/dtr620\/#breadcrumb"},"inLanguage":"es","potentialAction":[{"@type":"ReadAction","target":["https:\/\/abix.com.br\/produto\/dtr620\/"]}]},{"@type":"ImageObject","inLanguage":"es","@id":"https:\/\/abix.com.br\/produto\/dtr620\/#primaryimage","url":"https:\/\/abix.com.br\/wp-content\/uploads\/2020\/05\/DRT620-FRONT-6.jpg","contentUrl":"https:\/\/abix.com.br\/wp-content\/uploads\/2020\/05\/DRT620-FRONT-6.jpg","width":600,"height":600,"caption":"R\u00c1DIO PORT\u00c1TIL DIGITAL DTR620"},{"@type":"BreadcrumbList","@id":"https:\/\/abix.com.br\/produto\/dtr620\/#breadcrumb","itemListElement":[{"@type":"ListItem","position":1,"name":"In\u00edcio","item":"https:\/\/abix.com.br\/es\/"},{"@type":"ListItem","position":2,"name":"Tienda","item":"https:\/\/abix.com.br\/loja\/"},{"@type":"ListItem","position":3,"name":"RADIO DIGITAL PORT\u00c1TIL &#8211; DTR620"}]},{"@type":"WebSite","@id":"https:\/\/abix.com.br\/#website","url":"https:\/\/abix.com.br\/","name":"Abix","description":"","potentialAction":[{"@type":"SearchAction","target":{"@type":"EntryPoint","urlTemplate":"https:\/\/abix.com.br\/?s={search_term_string}"},"query-input":{"@type":"PropertyValueSpecification","valueRequired":true,"valueName":"search_term_string"}}],"inLanguage":"es"}]}},"_links":{"self":[{"href":"https:\/\/abix.com.br\/es\/wp-json\/wp\/v2\/product\/19645","targetHints":{"allow":["GET"]}}],"collection":[{"href":"https:\/\/abix.com.br\/es\/wp-json\/wp\/v2\/product"}],"about":[{"href":"https:\/\/abix.com.br\/es\/wp-json\/wp\/v2\/types\/product"}],"replies":[{"embeddable":true,"href":"https:\/\/abix.com.br\/es\/wp-json\/wp\/v2\/comments?post=19645"}],"wp:featuredmedia":[{"embeddable":true,"href":"https:\/\/abix.com.br\/es\/wp-json\/wp\/v2\/media\/9793"}],"wp:attachment":[{"href":"https:\/\/abix.com.br\/es\/wp-json\/wp\/v2\/media?parent=19645"}],"wp:term":[{"taxonomy":"product_brand","embeddable":true,"href":"https:\/\/abix.com.br\/es\/wp-json\/wp\/v2\/product_brand?post=19645"},{"taxonomy":"product_cat","embeddable":true,"href":"https:\/\/abix.com.br\/es\/wp-json\/wp\/v2\/product_cat?post=19645"},{"taxonomy":"product_tag","embeddable":true,"href":"https:\/\/abix.com.br\/es\/wp-json\/wp\/v2\/product_tag?post=19645"}],"curies":[{"name":"wp","href":"https:\/\/api.w.org\/{rel}","templated":true}]}}