{"id":19646,"date":"2020-05-15T12:01:53","date_gmt":"2020-05-15T15:01:53","guid":{"rendered":"https:\/\/abix.com.br\/produto\/radio-portatil-mototrbo-dgp6150\/"},"modified":"2023-10-20T08:00:20","modified_gmt":"2023-10-20T11:00:20","slug":"radio-portatil-mototrbo-dgp6150","status":"publish","type":"product","link":"https:\/\/abix.com.br\/es\/produto\/radio-portatil-mototrbo-dgp6150\/","title":{"rendered":"RADIO PORT\u00c1TIL MOTOTRBO &#8211; DGP6150"},"content":{"rendered":"\n\t<section class=\"section\" id=\"section_1523997555\">\n\t\t<div class=\"section-bg fill\" >\n\t\t\t\t\t\t\t\t\t\n\t\t\t\n\n\t\t<\/div>\n\n\t\t\n\n\t\t<div class=\"section-content relative\">\n\t\t\t\n<div class=\"row\"  id=\"row-488435143\">\n\n\t<div id=\"col-1425911374\" class=\"col small-12 large-12\"  >\n\t\t\t\t<div class=\"col-inner\"  >\n\t\t\t\n\t\t\t\n<div class=\"row\"  id=\"row-1421829442\">\n\n\t<div id=\"col-1988839689\" class=\"col small-12 large-12\"  >\n\t\t\t\t<div class=\"col-inner\"  >\n\t\t\t\n\t\t\t\n\n\t\t<div class=\"tabbed-content locacao-tabs\">\n\t\t\t\n\t\t\t<ul class=\"nav nav-tabs nav-normal nav-size-xlarge nav-left active-on-hover\" role=\"tablist\"><li id=\"tab-informaci\u00d3n\" class=\"tab active has-icon\" role=\"presentation\"><a href=\"#tab_informaci\u00d3n\" role=\"tab\" aria-selected=\"true\" aria-controls=\"tab_informaci\u00d3n\"><span>INFORMACI\u00d3N<\/span><\/a><\/li>\n<li id=\"tab-accesorios\" class=\"tab has-icon\" role=\"presentation\"><a href=\"#tab_accesorios\" tabindex=\"-1\" role=\"tab\" aria-selected=\"false\" aria-controls=\"tab_accesorios\"><span>ACCESORIOS<\/span><\/a><\/li>\n<li id=\"tab-descargas\" class=\"tab has-icon\" role=\"presentation\"><a href=\"#tab_descargas\" tabindex=\"-1\" role=\"tab\" aria-selected=\"false\" aria-controls=\"tab_descargas\"><span>DESCARGAS<\/span><\/a><\/li>\n<li id=\"tab-especificaciones\" class=\"tab has-icon\" role=\"presentation\"><a href=\"#tab_especificaciones\" tabindex=\"-1\" role=\"tab\" aria-selected=\"false\" aria-controls=\"tab_especificaciones\"><span>ESPECIFICACIONES<\/span><\/a><\/li><\/ul><div class=\"tab-panels\"><div id=\"tab_informaci\u00d3n\" class=\"panel active entry-content\" role=\"tabpanel\" aria-labelledby=\"tab-informaci\u00d3n\">\n<div class=\"row\"  id=\"row-416314015\">\n\n\t<div id=\"col-1163413292\" class=\"col medium-6 small-12 large-6\"  >\n\t\t\t\t<div class=\"col-inner\"  >\n\t\t\t\n\t\t\t\n<p><strong>MANTENIMIENTO AUTOM\u00c1TICO DE LA BATER\u00cdA<\/strong><\/p>\n<p>Ahora el seguimiento y registro manual del uso de la bater\u00eda es cosa del pasado. La soluci\u00f3n IMPRES utiliza un protocolo de comunicaciones \u00fanico para facilitar el reacondicionamiento adaptativo, en el que el cargador eval\u00faa los detalles del patr\u00f3n de uso de la bater\u00eda para determinar el intervalo de reacondicionamiento ideal. Este proceso autom\u00e1tico optimiza la duraci\u00f3n de la bater\u00eda y maximiza el tiempo de conversaci\u00f3n.<\/p>\n<p><strong>CARGA PROLONGADA SEGURA<\/strong><\/p>\n<p>Las bater\u00edas IMPRES pueden dejarse en los cargadores IMPRES durante largos periodos de tiempo sin que el calor las da\u00f1e, y ser\u00e1n controladas por el cargador para garantizar que permanecen completamente cargadas. Las pilas est\u00e1n cargadas y listas para usar cuando sea necesario.<\/p>\n<p><strong>COMPATIBILIDAD CON EL INVENTARIO DE BATER\u00cdAS MIXTAS<\/strong><\/p>\n<p>Los cargadores MOTOTRBO IMPRES son compatibles con toda la gama de bater\u00edas MOTOTRBO, tanto IMPRES como no IMPRES. Puede utilizar el mismo cargador para todas las bater\u00edas de la serie MOTOTRBO.<\/p>\n<\/p>\n<p><strong>SUMERGIBILIDAD<\/strong><\/p>\n<p>El dise\u00f1o del conector cumple los requisitos de sumergibilidad IP57 (s\u00f3lo radios port\u00e1tiles). Esto permite utilizarlo con accesorios sumergibles, como un micr\u00f3fono altavoz remoto sumergible, que proporciona una transmisi\u00f3n \u00f3ptima de los mensajes incluso en condiciones de humedad.<\/p>\n<p><strong>DURABILIDAD PROBADA<\/strong><\/p>\n<p>Las bater\u00edas IMPRES se someten a las mismas rigurosas pruebas y cumplen los mismos altos est\u00e1ndares que las bater\u00edas premium de Motorola. Los resultados reales de las pruebas de ca\u00edda, vibraci\u00f3n y descarga electrost\u00e1tica (ESD) demuestran que las bater\u00edas de Motorola superan a las de la competencia.<\/p>\n<p><strong>EXCELENTE RENDIMIENTO DE AUDIO<\/strong><\/p>\n<p>Cuando se conecta un accesorio IMPRES, la identificaci\u00f3n del accesorio se env\u00eda a la radio, capacit\u00e1ndola para optimizar el resultado para cada tipo de accesorio de audio. De este modo, se obtiene un resultado m\u00e1s coherente para todos los tipos de accesorios de audio.<\/p>\n<p><strong>PERSONALIZACI\u00d3N<\/strong><\/p>\n<p>Los botones accesorios pueden programarse para cualquier funci\u00f3n disponible en el software de programaci\u00f3n (CPS), en lugar de estar vinculados a la programaci\u00f3n de botones de radio. Esto permite que los botones del accesorio tengan funciones independientes. La radio puede personalizarse para adaptarla a las aplicaciones y necesidades espec\u00edficas del cliente.<\/p>\n<p><strong>CAPACIDAD DE GANANCIA DE AUDIO MEJORADA<\/strong><\/p>\n<p>Los accesorios de audio IMPRES han mejorado significativamente la capacidad de ganancia de audio. Cuando un usuario habla en voz baja o a un volumen normal, pero no directamente al micr\u00f3fono, IMPRES audio puede detectar esta condici\u00f3n y aumentar autom\u00e1ticamente la ganancia, permitiendo que la persona que recibe la comunicaci\u00f3n escuche una transmisi\u00f3n clara.<\/p>\n\t\t<\/div>\n\t\t\t\t\t<\/div>\n\n\t\n\n\t<div id=\"col-1450060861\" class=\"col medium-6 small-12 large-6\"  >\n\t\t\t\t<div class=\"col-inner text-left\"  >\n\t\t\t\n\t\t\t\n\t\t<\/div>\n\t\t\t\t\t<\/div>\n\n\t\n<\/div>\n<\/div>\n<div id=\"tab_accesorios\" class=\"panel entry-content\" role=\"tabpanel\" aria-labelledby=\"tab-accesorios\">\n<div class=\"row align-middle\"  id=\"row-1483126486\">\n\n\t<div id=\"col-1226920797\" class=\"col medium-10 small-12 large-10\"  >\n\t\t\t\t<div class=\"col-inner\"  >\n\t\t\t\n\t\t\t\n<p>CONTENIDO<\/p>\n\t\t<\/div>\n\t\t\t\t\t<\/div>\n\n\t\n\n\t<div id=\"col-1360596449\" class=\"col medium-2 small-12 large-2\"  >\n\t\t\t\t<div class=\"col-inner\"  >\n\t\t\t\n\t\t\t\n\t\t<\/div>\n\t\t\t\t\t<\/div>\n\n\t\n<\/div>\n<\/div>\n<div id=\"tab_descargas\" class=\"panel entry-content\" role=\"tabpanel\" aria-labelledby=\"tab-descargas\">\n<div class=\"row\"  id=\"row-481268066\">\n\n\t<div id=\"col-493532549\" class=\"col medium-10 small-12 large-10\"  >\n\t\t\t\t<div class=\"col-inner\"  >\n\t\t\t\n\t\t\t\n<p><a href=\"https:\/\/www.abix.com.br\/wp-content\/uploads\/Ficha-DGP6150.pdf\">Ficha t\u00e9cnica del DGP6150<\/a><\/p>\n\t\t<\/div>\n\t\t\t\t\t<\/div>\n\n\t\n<\/div>\n<\/div>\n<div id=\"tab_especificaciones\" class=\"panel entry-content\" role=\"tabpanel\" aria-labelledby=\"tab-especificaciones\">\n<div class=\"row\"  id=\"row-213838993\">\n\n\t<div id=\"col-3414278\" class=\"col medium-9 small-12 large-9\"  >\n\t\t\t\t<div class=\"col-inner\"  >\n\t\t\t\n\t\t\t\n\t\t<\/div>\n\t\t\t\t\t<\/div>\n\n\t\n<\/div>\n<\/div><\/div><\/div>\n\t\t<\/div>\n\t\t\t\t\t<\/div>\n\n\t\n<\/div>\n\t\t<\/div>\n\t\t\t\t\t<\/div>\n\n\t\n<\/div>\n\t\t<\/div>\n\n\t\t\n<style>\n#section_1523997555 {\n  padding-top: 0px;\n  padding-bottom: 0px;\n}\n<\/style>\n\t<\/section>\n\t\n","protected":false},"excerpt":{"rendered":"<p style=\"text-align: justify;\">La pr\u00f3xima generaci\u00f3n de soluciones profesionales de radiocomunicaci\u00f3n bidireccional ya est\u00e1 aqu\u00ed, con m\u00e1s rendimiento, productividad y valor, gracias a la tecnolog\u00eda digital, que presenta una mayor capacidad y eficiencia del espectro, comunicaci\u00f3n de datos integrada y comunicaciones de voz mejoradas.<\/p>\n<p style=\"text-align: justify;\">La gama MOTOTRBO le ofrece una soluci\u00f3n privada, rentable y basada en est\u00e1ndares que puede personalizarse para satisfacer sus necesidades exclusivas de cobertura y funciones.<\/p>\n<p style=\"text-align: justify;\">Esta vers\u00e1til cartera incluye un completo sistema de radios port\u00e1tiles, radios m\u00f3viles, repetidores, accesorios y aplicaciones de datos. Es una soluci\u00f3n completa.<\/p>\n","protected":false},"featured_media":9767,"comment_status":"closed","ping_status":"closed","template":"","meta":[],"product_brand":[],"product_cat":[155,157,161,162,163,156,158],"product_tag":[],"class_list":{"0":"post-19646","1":"product","2":"type-product","3":"status-publish","4":"has-post-thumbnail","6":"product_cat-linea-profesional","7":"product_cat-motorola-es","8":"product_cat-mototrbo-es","9":"product_cat-radio-dmr-es","10":"product_cat-radios-analogicas","11":"product_cat-radios-digitales","12":"product_cat-radios-portatiles","14":"first","15":"instock","16":"shipping-taxable","17":"product-type-simple"},"yoast_head":"<!-- This site is optimized with the Yoast SEO plugin v27.4 - https:\/\/yoast.com\/product\/yoast-seo-wordpress\/ -->\n<title>RADIO PORT\u00c1TIL MOTOTRBO - DGP6150 - Abix<\/title>\n<meta name=\"description\" content=\"Ya est\u00e1 aqu\u00ed la nueva generaci\u00f3n de soluciones profesionales de comunicaci\u00f3n por radio bidireccional, con m\u00e1s rendimiento, productividad y valor.\" \/>\n<meta name=\"robots\" content=\"index, follow, max-snippet:-1, max-image-preview:large, max-video-preview:-1\" \/>\n<link rel=\"canonical\" href=\"https:\/\/abix.com.br\/produto\/dgp6150\/\" \/>\n<meta property=\"og:locale\" content=\"es_ES\" \/>\n<meta property=\"og:type\" content=\"article\" \/>\n<meta property=\"og:title\" content=\"RADIO PORT\u00c1TIL MOTOTRBO - DGP6150 - Abix\" \/>\n<meta property=\"og:description\" content=\"Ya est\u00e1 aqu\u00ed la nueva generaci\u00f3n de soluciones profesionales de comunicaci\u00f3n por radio bidireccional, con m\u00e1s rendimiento, productividad y valor.\" \/>\n<meta property=\"og:url\" content=\"https:\/\/abix.com.br\/produto\/dgp6150\/\" \/>\n<meta property=\"og:site_name\" content=\"Abix\" \/>\n<meta property=\"article:modified_time\" content=\"2023-10-20T11:00:20+00:00\" \/>\n<meta property=\"og:image\" content=\"https:\/\/abix.com.br\/wp-content\/uploads\/2020\/05\/Motorola-DP3600-DP3601-Two-Way-Radio.jpg\" \/>\n\t<meta property=\"og:image:width\" content=\"1351\" \/>\n\t<meta property=\"og:image:height\" content=\"2000\" \/>\n\t<meta property=\"og:image:type\" content=\"image\/jpeg\" \/>\n<meta name=\"twitter:card\" content=\"summary_large_image\" \/>\n<meta name=\"twitter:label1\" content=\"Tiempo de lectura\" \/>\n\t<meta name=\"twitter:data1\" content=\"3 minutos\" \/>\n<script type=\"application\/ld+json\" class=\"yoast-schema-graph\">{\"@context\":\"https:\\\/\\\/schema.org\",\"@graph\":[{\"@type\":\"WebPage\",\"@id\":\"https:\\\/\\\/abix.com.br\\\/produto\\\/dgp6150\\\/\",\"url\":\"https:\\\/\\\/abix.com.br\\\/produto\\\/dgp6150\\\/\",\"name\":\"RADIO PORT\u00c1TIL MOTOTRBO - DGP6150 - Abix\",\"isPartOf\":{\"@id\":\"https:\\\/\\\/abix.com.br\\\/#website\"},\"primaryImageOfPage\":{\"@id\":\"https:\\\/\\\/abix.com.br\\\/produto\\\/dgp6150\\\/#primaryimage\"},\"image\":{\"@id\":\"https:\\\/\\\/abix.com.br\\\/produto\\\/dgp6150\\\/#primaryimage\"},\"thumbnailUrl\":\"https:\\\/\\\/abix.com.br\\\/wp-content\\\/uploads\\\/2020\\\/05\\\/Motorola-DP3600-DP3601-Two-Way-Radio.jpg\",\"datePublished\":\"2020-05-15T15:01:53+00:00\",\"dateModified\":\"2023-10-20T11:00:20+00:00\",\"description\":\"Ya est\u00e1 aqu\u00ed la nueva generaci\u00f3n de soluciones profesionales de comunicaci\u00f3n por radio bidireccional, con m\u00e1s rendimiento, productividad y valor.\",\"breadcrumb\":{\"@id\":\"https:\\\/\\\/abix.com.br\\\/produto\\\/dgp6150\\\/#breadcrumb\"},\"inLanguage\":\"es\",\"potentialAction\":[{\"@type\":\"ReadAction\",\"target\":[\"https:\\\/\\\/abix.com.br\\\/produto\\\/dgp6150\\\/\"]}]},{\"@type\":\"ImageObject\",\"inLanguage\":\"es\",\"@id\":\"https:\\\/\\\/abix.com.br\\\/produto\\\/dgp6150\\\/#primaryimage\",\"url\":\"https:\\\/\\\/abix.com.br\\\/wp-content\\\/uploads\\\/2020\\\/05\\\/Motorola-DP3600-DP3601-Two-Way-Radio.jpg\",\"contentUrl\":\"https:\\\/\\\/abix.com.br\\\/wp-content\\\/uploads\\\/2020\\\/05\\\/Motorola-DP3600-DP3601-Two-Way-Radio.jpg\",\"width\":1351,\"height\":2000,\"caption\":\"R\u00c1DIO PORT\u00c1TIL MOTOTRBO DGP6150\"},{\"@type\":\"BreadcrumbList\",\"@id\":\"https:\\\/\\\/abix.com.br\\\/produto\\\/dgp6150\\\/#breadcrumb\",\"itemListElement\":[{\"@type\":\"ListItem\",\"position\":1,\"name\":\"In\u00edcio\",\"item\":\"https:\\\/\\\/abix.com.br\\\/es\\\/\"},{\"@type\":\"ListItem\",\"position\":2,\"name\":\"Tienda\",\"item\":\"https:\\\/\\\/abix.com.br\\\/loja\\\/\"},{\"@type\":\"ListItem\",\"position\":3,\"name\":\"RADIO PORT\u00c1TIL MOTOTRBO &#8211; DGP6150\"}]},{\"@type\":\"WebSite\",\"@id\":\"https:\\\/\\\/abix.com.br\\\/#website\",\"url\":\"https:\\\/\\\/abix.com.br\\\/\",\"name\":\"Abix\",\"description\":\"\",\"potentialAction\":[{\"@type\":\"SearchAction\",\"target\":{\"@type\":\"EntryPoint\",\"urlTemplate\":\"https:\\\/\\\/abix.com.br\\\/?s={search_term_string}\"},\"query-input\":{\"@type\":\"PropertyValueSpecification\",\"valueRequired\":true,\"valueName\":\"search_term_string\"}}],\"inLanguage\":\"es\"}]}<\/script>\n<!-- \/ Yoast SEO plugin. -->","yoast_head_json":{"title":"RADIO PORT\u00c1TIL MOTOTRBO - DGP6150 - Abix","description":"Ya est\u00e1 aqu\u00ed la nueva generaci\u00f3n de soluciones profesionales de comunicaci\u00f3n por radio bidireccional, con m\u00e1s rendimiento, productividad y valor.","robots":{"index":"index","follow":"follow","max-snippet":"max-snippet:-1","max-image-preview":"max-image-preview:large","max-video-preview":"max-video-preview:-1"},"canonical":"https:\/\/abix.com.br\/produto\/dgp6150\/","og_locale":"es_ES","og_type":"article","og_title":"RADIO PORT\u00c1TIL MOTOTRBO - DGP6150 - Abix","og_description":"Ya est\u00e1 aqu\u00ed la nueva generaci\u00f3n de soluciones profesionales de comunicaci\u00f3n por radio bidireccional, con m\u00e1s rendimiento, productividad y valor.","og_url":"https:\/\/abix.com.br\/produto\/dgp6150\/","og_site_name":"Abix","article_modified_time":"2023-10-20T11:00:20+00:00","og_image":[{"width":1351,"height":2000,"url":"https:\/\/abix.com.br\/wp-content\/uploads\/2020\/05\/Motorola-DP3600-DP3601-Two-Way-Radio.jpg","type":"image\/jpeg"}],"twitter_card":"summary_large_image","twitter_misc":{"Tiempo de lectura":"3 minutos"},"schema":{"@context":"https:\/\/schema.org","@graph":[{"@type":"WebPage","@id":"https:\/\/abix.com.br\/produto\/dgp6150\/","url":"https:\/\/abix.com.br\/produto\/dgp6150\/","name":"RADIO PORT\u00c1TIL MOTOTRBO - DGP6150 - Abix","isPartOf":{"@id":"https:\/\/abix.com.br\/#website"},"primaryImageOfPage":{"@id":"https:\/\/abix.com.br\/produto\/dgp6150\/#primaryimage"},"image":{"@id":"https:\/\/abix.com.br\/produto\/dgp6150\/#primaryimage"},"thumbnailUrl":"https:\/\/abix.com.br\/wp-content\/uploads\/2020\/05\/Motorola-DP3600-DP3601-Two-Way-Radio.jpg","datePublished":"2020-05-15T15:01:53+00:00","dateModified":"2023-10-20T11:00:20+00:00","description":"Ya est\u00e1 aqu\u00ed la nueva generaci\u00f3n de soluciones profesionales de comunicaci\u00f3n por radio bidireccional, con m\u00e1s rendimiento, productividad y valor.","breadcrumb":{"@id":"https:\/\/abix.com.br\/produto\/dgp6150\/#breadcrumb"},"inLanguage":"es","potentialAction":[{"@type":"ReadAction","target":["https:\/\/abix.com.br\/produto\/dgp6150\/"]}]},{"@type":"ImageObject","inLanguage":"es","@id":"https:\/\/abix.com.br\/produto\/dgp6150\/#primaryimage","url":"https:\/\/abix.com.br\/wp-content\/uploads\/2020\/05\/Motorola-DP3600-DP3601-Two-Way-Radio.jpg","contentUrl":"https:\/\/abix.com.br\/wp-content\/uploads\/2020\/05\/Motorola-DP3600-DP3601-Two-Way-Radio.jpg","width":1351,"height":2000,"caption":"R\u00c1DIO PORT\u00c1TIL MOTOTRBO DGP6150"},{"@type":"BreadcrumbList","@id":"https:\/\/abix.com.br\/produto\/dgp6150\/#breadcrumb","itemListElement":[{"@type":"ListItem","position":1,"name":"In\u00edcio","item":"https:\/\/abix.com.br\/es\/"},{"@type":"ListItem","position":2,"name":"Tienda","item":"https:\/\/abix.com.br\/loja\/"},{"@type":"ListItem","position":3,"name":"RADIO PORT\u00c1TIL MOTOTRBO &#8211; DGP6150"}]},{"@type":"WebSite","@id":"https:\/\/abix.com.br\/#website","url":"https:\/\/abix.com.br\/","name":"Abix","description":"","potentialAction":[{"@type":"SearchAction","target":{"@type":"EntryPoint","urlTemplate":"https:\/\/abix.com.br\/?s={search_term_string}"},"query-input":{"@type":"PropertyValueSpecification","valueRequired":true,"valueName":"search_term_string"}}],"inLanguage":"es"}]}},"_links":{"self":[{"href":"https:\/\/abix.com.br\/es\/wp-json\/wp\/v2\/product\/19646","targetHints":{"allow":["GET"]}}],"collection":[{"href":"https:\/\/abix.com.br\/es\/wp-json\/wp\/v2\/product"}],"about":[{"href":"https:\/\/abix.com.br\/es\/wp-json\/wp\/v2\/types\/product"}],"replies":[{"embeddable":true,"href":"https:\/\/abix.com.br\/es\/wp-json\/wp\/v2\/comments?post=19646"}],"wp:featuredmedia":[{"embeddable":true,"href":"https:\/\/abix.com.br\/es\/wp-json\/wp\/v2\/media\/9767"}],"wp:attachment":[{"href":"https:\/\/abix.com.br\/es\/wp-json\/wp\/v2\/media?parent=19646"}],"wp:term":[{"taxonomy":"product_brand","embeddable":true,"href":"https:\/\/abix.com.br\/es\/wp-json\/wp\/v2\/product_brand?post=19646"},{"taxonomy":"product_cat","embeddable":true,"href":"https:\/\/abix.com.br\/es\/wp-json\/wp\/v2\/product_cat?post=19646"},{"taxonomy":"product_tag","embeddable":true,"href":"https:\/\/abix.com.br\/es\/wp-json\/wp\/v2\/product_tag?post=19646"}],"curies":[{"name":"wp","href":"https:\/\/api.w.org\/{rel}","templated":true}]}}