{"id":19647,"date":"2020-05-15T11:47:21","date_gmt":"2020-05-15T14:47:21","guid":{"rendered":"https:\/\/abix.com.br\/produto\/radio-portatil-mototrbo-dep250\/"},"modified":"2023-10-20T08:00:41","modified_gmt":"2023-10-20T11:00:41","slug":"radio-portatil-mototrbo-dep250","status":"publish","type":"product","link":"https:\/\/abix.com.br\/es\/produto\/radio-portatil-mototrbo-dep250\/","title":{"rendered":"RADIO PORT\u00c1TIL MOTOTRBO &#8211; DEP250"},"content":{"rendered":"\n\t<section class=\"section\" id=\"section_29687288\">\n\t\t<div class=\"section-bg fill\" >\n\t\t\t\t\t\t\t\t\t\n\t\t\t\n\n\t\t<\/div>\n\n\t\t\n\n\t\t<div class=\"section-content relative\">\n\t\t\t\n<div class=\"row\"  id=\"row-1256495498\">\n\n\t<div id=\"col-763591918\" class=\"col small-12 large-12\"  >\n\t\t\t\t<div class=\"col-inner\"  >\n\t\t\t\n\t\t\t\n<div class=\"row\"  id=\"row-1591865335\">\n\n\t<div id=\"col-548451924\" class=\"col small-12 large-12\"  >\n\t\t\t\t<div class=\"col-inner\"  >\n\t\t\t\n\t\t\t\n\n\t\t<div class=\"tabbed-content locacao-tabs\">\n\t\t\t\n\t\t\t<ul class=\"nav nav-tabs nav-normal nav-size-xlarge nav-left active-on-hover\" role=\"tablist\"><li id=\"tab-informaci\u00d3n\" class=\"tab active has-icon\" role=\"presentation\"><a href=\"#tab_informaci\u00d3n\" role=\"tab\" aria-selected=\"true\" aria-controls=\"tab_informaci\u00d3n\"><span>INFORMACI\u00d3N<\/span><\/a><\/li>\n<li id=\"tab-accesorios\" class=\"tab has-icon\" role=\"presentation\"><a href=\"#tab_accesorios\" tabindex=\"-1\" role=\"tab\" aria-selected=\"false\" aria-controls=\"tab_accesorios\"><span>ACCESORIOS<\/span><\/a><\/li>\n<li id=\"tab-descargas\" class=\"tab has-icon\" role=\"presentation\"><a href=\"#tab_descargas\" tabindex=\"-1\" role=\"tab\" aria-selected=\"false\" aria-controls=\"tab_descargas\"><span>DESCARGAS<\/span><\/a><\/li>\n<li id=\"tab-especificaciones\" class=\"tab has-icon\" role=\"presentation\"><a href=\"#tab_especificaciones\" tabindex=\"-1\" role=\"tab\" aria-selected=\"false\" aria-controls=\"tab_especificaciones\"><span>ESPECIFICACIONES<\/span><\/a><\/li><\/ul><div class=\"tab-panels\"><div id=\"tab_informaci\u00d3n\" class=\"panel active entry-content\" role=\"tabpanel\" aria-labelledby=\"tab-informaci\u00d3n\">\n<div class=\"row\"  id=\"row-1802734797\">\n\n\t<div id=\"col-244193128\" class=\"col medium-6 small-12 large-6\"  >\n\t\t\t\t<div class=\"col-inner\"  >\n\t\t\t\n\t\t\t\n<p><strong>MODO DOBLE <\/strong><b><strong>ANAL\u00d3GICO\/DIGITAL<\/strong><\/b><\/p>\n<p>Abarca todas las ventajas de las comunicaciones digitales, como una calidad de sonido superior, mayor cobertura, mayor duraci\u00f3n de la bater\u00eda y mantiene la compatibilidad con las flotas de radios existentes.<\/p>\n<p><strong>RESISTENTE AL POLVO Y AL AGUA CON CLASIFICACI\u00d3N IP54<\/strong><\/p>\n<p>dise\u00f1ados para resistir el agua y el polvo, lo que le permite trabajar en entornos dif\u00edciles con mayor confianza.<\/p>\n<p><strong>LLAMADA SIMULT\u00c1NEA DE 2 FRANJAS HORARIAS EN MODO TRANSFERENCIA<\/strong><\/p>\n<p>Para transmitir las dos programaciones de forma simult\u00e1nea e independiente, suele ser necesaria una estaci\u00f3n repetidora que proporcione una referencia horaria; las series de radio pueden sincronizarse y colaborar autom\u00e1ticamente sin necesidad de una referencia horaria. As\u00ed, ahora es posible utilizar dos franjas horarias simult\u00e1neamente, multiplicando la capacidad y mejorando el rendimiento de las frecuencias sin necesidad de comprar repetidores y equipos auxiliares asociados.<\/p>\n<p><strong>MENSAJES DE TEXTO PREPROGRAMADOS<\/strong><\/p>\n<p>Los mensajes de texto preprogramados proporcionan una comunicaci\u00f3n r\u00e1pida y flexible. Pueden utilizarse para transferir informaci\u00f3n a radios utilizadas en entornos muy ruidosos y tambi\u00e9n para proporcionar informaci\u00f3n secreta.<\/p>\n\t\t<\/div>\n\t\t\t\t\t<\/div>\n\n\t\n\n\t<div id=\"col-273373865\" class=\"col medium-6 small-12 large-6\"  >\n\t\t\t\t<div class=\"col-inner text-left\"  >\n\t\t\t\n\t\t\t\n\t\t<\/div>\n\t\t\t\t\t<\/div>\n\n\t\n<\/div>\n<\/div>\n<div id=\"tab_accesorios\" class=\"panel entry-content\" role=\"tabpanel\" aria-labelledby=\"tab-accesorios\">\n<div class=\"row align-middle\"  id=\"row-1556327362\">\n\n\t<div id=\"col-1850743385\" class=\"col medium-10 small-12 large-10\"  >\n\t\t\t\t<div class=\"col-inner\"  >\n\t\t\t\n\t\t\t\n<p>CONTENIDO<\/p>\n\t\t<\/div>\n\t\t\t\t\t<\/div>\n\n\t\n\n\t<div id=\"col-822963084\" class=\"col medium-2 small-12 large-2\"  >\n\t\t\t\t<div class=\"col-inner\"  >\n\t\t\t\n\t\t\t\n\t\t<\/div>\n\t\t\t\t\t<\/div>\n\n\t\n<\/div>\n<\/div>\n<div id=\"tab_descargas\" class=\"panel entry-content\" role=\"tabpanel\" aria-labelledby=\"tab-descargas\">\n<div class=\"row\"  id=\"row-898136728\">\n\n\t<div id=\"col-198795757\" class=\"col medium-10 small-12 large-10\"  >\n\t\t\t\t<div class=\"col-inner\"  >\n\t\t\t\n\t\t\t\n<p><a href=\"https:\/\/www.abix.com.br\/wp-content\/uploads\/Ficha-DEP250.pdf\">Ficha DEP250<\/a><\/p>\n\t\t<\/div>\n\t\t\t\t\t<\/div>\n\n\t\n<\/div>\n<\/div>\n<div id=\"tab_especificaciones\" class=\"panel entry-content\" role=\"tabpanel\" aria-labelledby=\"tab-especificaciones\">\n<div class=\"row\"  id=\"row-1325884477\">\n\n\t<div id=\"col-2026240271\" class=\"col medium-9 small-12 large-9\"  >\n\t\t\t\t<div class=\"col-inner\"  >\n\t\t\t\n\t\t\t\n\t\t<\/div>\n\t\t\t\t\t<\/div>\n\n\t\n<\/div>\n<\/div><\/div><\/div>\n\t\t<\/div>\n\t\t\t\t\t<\/div>\n\n\t\n<\/div>\n\t\t<\/div>\n\t\t\t\t\t<\/div>\n\n\t\n<\/div>\n\t\t<\/div>\n\n\t\t\n<style>\n#section_29687288 {\n  padding-top: 0px;\n  padding-bottom: 0px;\n}\n<\/style>\n\t<\/section>\n\t\n","protected":false},"excerpt":{"rendered":"<p style=\"text-align: justify;\">La radio MOTOTRBO DEP 250 ser\u00e1 su nueva elecci\u00f3n. Esta serie puede mejorar la eficacia de la comunicaci\u00f3n y es f\u00e1cil de usar. Se trata de una pr\u00e1ctica radio dise\u00f1ada y fabricada para profesionales.<\/p>\n<p style=\"text-align: justify;\">Pruebe la comunicaci\u00f3n de voz digital MOTOTRBO. En la actualidad, miles de usuarios conf\u00edan en su excelente calidad de voz y rendimiento. Esto permite a su empresa reducir eficazmente los gastos de explotaci\u00f3n y mantener al mismo tiempo una mayor productividad.<\/p>\n<p style=\"text-align: justify;\">La radio MOTOTRBO DEP 250 es f\u00e1cil de usar y actualizar con los sistemas anal\u00f3gicos existentes. Si su empresa est\u00e1 pensando en migrar a un sistema digital, estas nuevas radios digitales son compatibles tanto con el modo anal\u00f3gico como con el digital. La compatibilidad de los accesorios de audio le permite aprovechar su stock anterior, lo que ayuda a proteger a\u00fan m\u00e1s su inversi\u00f3n.<\/p>\n<p style=\"text-align: justify;\">En entornos con elevados requisitos de equipamiento o largas jornadas de trabajo, las radios digitales rinden mejor que las anal\u00f3gicas y pueden garantizar una comunicaci\u00f3n de voz clara.<\/p>\n<p style=\"text-align: justify;\">La radio MOTOTRBO DEP 250 ofrece las ventajas de la tecnolog\u00eda digital: en modo digital, un 40% m\u00e1s de tiempo de conversaci\u00f3n, capacidad de voz dual con un ancho de banda de 12,5 kHz y mejor rendimiento de audio que los equipos anal\u00f3gicos. Su radio MOTOTRBO proporcionar\u00e1 una comunicaci\u00f3n de voz m\u00e1s clara en todas las llamadas, eliminando la est\u00e1tica y el ruido de fondo del modelo anal\u00f3gico.<\/p>\n","protected":false},"featured_media":9755,"comment_status":"closed","ping_status":"closed","template":"","meta":[],"product_brand":[],"product_cat":[155,157,161,162,163,156,158],"product_tag":[],"class_list":{"0":"post-19647","1":"product","2":"type-product","3":"status-publish","4":"has-post-thumbnail","6":"product_cat-linea-profesional","7":"product_cat-motorola-es","8":"product_cat-mototrbo-es","9":"product_cat-radio-dmr-es","10":"product_cat-radios-analogicas","11":"product_cat-radios-digitales","12":"product_cat-radios-portatiles","14":"first","15":"instock","16":"shipping-taxable","17":"product-type-simple"},"yoast_head":"<!-- This site is optimized with the Yoast SEO plugin v27.4 - https:\/\/yoast.com\/product\/yoast-seo-wordpress\/ -->\n<title>RADIO PORT\u00c1TIL MOTOTRBO - DEP250 - Abix Tecnolog\u00eda<\/title>\n<meta name=\"description\" content=\"La radio MOTOTRBO DEP 250 ser\u00e1 su nueva elecci\u00f3n. Esta serie puede mejorar la eficacia de la comunicaci\u00f3n y es f\u00e1cil de usar. Ver m\u00e1s\" \/>\n<meta name=\"robots\" content=\"index, follow, max-snippet:-1, max-image-preview:large, max-video-preview:-1\" \/>\n<link rel=\"canonical\" href=\"https:\/\/abix.com.br\/produto\/dep250\/\" \/>\n<meta property=\"og:locale\" content=\"es_ES\" \/>\n<meta property=\"og:type\" content=\"article\" \/>\n<meta property=\"og:title\" content=\"RADIO PORT\u00c1TIL MOTOTRBO - DEP250 - Abix Tecnolog\u00eda\" \/>\n<meta property=\"og:description\" content=\"La radio MOTOTRBO DEP 250 ser\u00e1 su nueva elecci\u00f3n. Esta serie puede mejorar la eficacia de la comunicaci\u00f3n y es f\u00e1cil de usar. Ver m\u00e1s\" \/>\n<meta property=\"og:url\" content=\"https:\/\/abix.com.br\/produto\/dep250\/\" \/>\n<meta property=\"og:site_name\" content=\"Abix\" \/>\n<meta property=\"article:modified_time\" content=\"2023-10-20T11:00:41+00:00\" \/>\n<meta property=\"og:image\" content=\"https:\/\/abix.com.br\/wp-content\/uploads\/2020\/05\/DEP250.jpg\" \/>\n\t<meta property=\"og:image:width\" content=\"730\" \/>\n\t<meta property=\"og:image:height\" content=\"730\" \/>\n\t<meta property=\"og:image:type\" content=\"image\/jpeg\" \/>\n<meta name=\"twitter:card\" content=\"summary_large_image\" \/>\n<meta name=\"twitter:label1\" content=\"Tiempo de lectura\" \/>\n\t<meta name=\"twitter:data1\" content=\"2 minutos\" \/>\n<script type=\"application\/ld+json\" class=\"yoast-schema-graph\">{\"@context\":\"https:\\\/\\\/schema.org\",\"@graph\":[{\"@type\":\"WebPage\",\"@id\":\"https:\\\/\\\/abix.com.br\\\/produto\\\/dep250\\\/\",\"url\":\"https:\\\/\\\/abix.com.br\\\/produto\\\/dep250\\\/\",\"name\":\"RADIO PORT\u00c1TIL MOTOTRBO - DEP250 - Abix Tecnolog\u00eda\",\"isPartOf\":{\"@id\":\"https:\\\/\\\/abix.com.br\\\/#website\"},\"primaryImageOfPage\":{\"@id\":\"https:\\\/\\\/abix.com.br\\\/produto\\\/dep250\\\/#primaryimage\"},\"image\":{\"@id\":\"https:\\\/\\\/abix.com.br\\\/produto\\\/dep250\\\/#primaryimage\"},\"thumbnailUrl\":\"https:\\\/\\\/abix.com.br\\\/wp-content\\\/uploads\\\/2020\\\/05\\\/DEP250.jpg\",\"datePublished\":\"2020-05-15T14:47:21+00:00\",\"dateModified\":\"2023-10-20T11:00:41+00:00\",\"description\":\"La radio MOTOTRBO DEP 250 ser\u00e1 su nueva elecci\u00f3n. Esta serie puede mejorar la eficacia de la comunicaci\u00f3n y es f\u00e1cil de usar. Ver m\u00e1s\",\"breadcrumb\":{\"@id\":\"https:\\\/\\\/abix.com.br\\\/produto\\\/dep250\\\/#breadcrumb\"},\"inLanguage\":\"es\",\"potentialAction\":[{\"@type\":\"ReadAction\",\"target\":[\"https:\\\/\\\/abix.com.br\\\/produto\\\/dep250\\\/\"]}]},{\"@type\":\"ImageObject\",\"inLanguage\":\"es\",\"@id\":\"https:\\\/\\\/abix.com.br\\\/produto\\\/dep250\\\/#primaryimage\",\"url\":\"https:\\\/\\\/abix.com.br\\\/wp-content\\\/uploads\\\/2020\\\/05\\\/DEP250.jpg\",\"contentUrl\":\"https:\\\/\\\/abix.com.br\\\/wp-content\\\/uploads\\\/2020\\\/05\\\/DEP250.jpg\",\"width\":730,\"height\":730,\"caption\":\"R\u00c1DIO PORT\u00c1TIL MOTOTRBO DEP250\"},{\"@type\":\"BreadcrumbList\",\"@id\":\"https:\\\/\\\/abix.com.br\\\/produto\\\/dep250\\\/#breadcrumb\",\"itemListElement\":[{\"@type\":\"ListItem\",\"position\":1,\"name\":\"In\u00edcio\",\"item\":\"https:\\\/\\\/abix.com.br\\\/es\\\/\"},{\"@type\":\"ListItem\",\"position\":2,\"name\":\"Tienda\",\"item\":\"https:\\\/\\\/abix.com.br\\\/loja\\\/\"},{\"@type\":\"ListItem\",\"position\":3,\"name\":\"RADIO PORT\u00c1TIL MOTOTRBO &#8211; DEP250\"}]},{\"@type\":\"WebSite\",\"@id\":\"https:\\\/\\\/abix.com.br\\\/#website\",\"url\":\"https:\\\/\\\/abix.com.br\\\/\",\"name\":\"Abix\",\"description\":\"\",\"potentialAction\":[{\"@type\":\"SearchAction\",\"target\":{\"@type\":\"EntryPoint\",\"urlTemplate\":\"https:\\\/\\\/abix.com.br\\\/?s={search_term_string}\"},\"query-input\":{\"@type\":\"PropertyValueSpecification\",\"valueRequired\":true,\"valueName\":\"search_term_string\"}}],\"inLanguage\":\"es\"}]}<\/script>\n<!-- \/ Yoast SEO plugin. -->","yoast_head_json":{"title":"RADIO PORT\u00c1TIL MOTOTRBO - DEP250 - Abix Tecnolog\u00eda","description":"La radio MOTOTRBO DEP 250 ser\u00e1 su nueva elecci\u00f3n. Esta serie puede mejorar la eficacia de la comunicaci\u00f3n y es f\u00e1cil de usar. Ver m\u00e1s","robots":{"index":"index","follow":"follow","max-snippet":"max-snippet:-1","max-image-preview":"max-image-preview:large","max-video-preview":"max-video-preview:-1"},"canonical":"https:\/\/abix.com.br\/produto\/dep250\/","og_locale":"es_ES","og_type":"article","og_title":"RADIO PORT\u00c1TIL MOTOTRBO - DEP250 - Abix Tecnolog\u00eda","og_description":"La radio MOTOTRBO DEP 250 ser\u00e1 su nueva elecci\u00f3n. Esta serie puede mejorar la eficacia de la comunicaci\u00f3n y es f\u00e1cil de usar. Ver m\u00e1s","og_url":"https:\/\/abix.com.br\/produto\/dep250\/","og_site_name":"Abix","article_modified_time":"2023-10-20T11:00:41+00:00","og_image":[{"width":730,"height":730,"url":"https:\/\/abix.com.br\/wp-content\/uploads\/2020\/05\/DEP250.jpg","type":"image\/jpeg"}],"twitter_card":"summary_large_image","twitter_misc":{"Tiempo de lectura":"2 minutos"},"schema":{"@context":"https:\/\/schema.org","@graph":[{"@type":"WebPage","@id":"https:\/\/abix.com.br\/produto\/dep250\/","url":"https:\/\/abix.com.br\/produto\/dep250\/","name":"RADIO PORT\u00c1TIL MOTOTRBO - DEP250 - Abix Tecnolog\u00eda","isPartOf":{"@id":"https:\/\/abix.com.br\/#website"},"primaryImageOfPage":{"@id":"https:\/\/abix.com.br\/produto\/dep250\/#primaryimage"},"image":{"@id":"https:\/\/abix.com.br\/produto\/dep250\/#primaryimage"},"thumbnailUrl":"https:\/\/abix.com.br\/wp-content\/uploads\/2020\/05\/DEP250.jpg","datePublished":"2020-05-15T14:47:21+00:00","dateModified":"2023-10-20T11:00:41+00:00","description":"La radio MOTOTRBO DEP 250 ser\u00e1 su nueva elecci\u00f3n. Esta serie puede mejorar la eficacia de la comunicaci\u00f3n y es f\u00e1cil de usar. Ver m\u00e1s","breadcrumb":{"@id":"https:\/\/abix.com.br\/produto\/dep250\/#breadcrumb"},"inLanguage":"es","potentialAction":[{"@type":"ReadAction","target":["https:\/\/abix.com.br\/produto\/dep250\/"]}]},{"@type":"ImageObject","inLanguage":"es","@id":"https:\/\/abix.com.br\/produto\/dep250\/#primaryimage","url":"https:\/\/abix.com.br\/wp-content\/uploads\/2020\/05\/DEP250.jpg","contentUrl":"https:\/\/abix.com.br\/wp-content\/uploads\/2020\/05\/DEP250.jpg","width":730,"height":730,"caption":"R\u00c1DIO PORT\u00c1TIL MOTOTRBO DEP250"},{"@type":"BreadcrumbList","@id":"https:\/\/abix.com.br\/produto\/dep250\/#breadcrumb","itemListElement":[{"@type":"ListItem","position":1,"name":"In\u00edcio","item":"https:\/\/abix.com.br\/es\/"},{"@type":"ListItem","position":2,"name":"Tienda","item":"https:\/\/abix.com.br\/loja\/"},{"@type":"ListItem","position":3,"name":"RADIO PORT\u00c1TIL MOTOTRBO &#8211; DEP250"}]},{"@type":"WebSite","@id":"https:\/\/abix.com.br\/#website","url":"https:\/\/abix.com.br\/","name":"Abix","description":"","potentialAction":[{"@type":"SearchAction","target":{"@type":"EntryPoint","urlTemplate":"https:\/\/abix.com.br\/?s={search_term_string}"},"query-input":{"@type":"PropertyValueSpecification","valueRequired":true,"valueName":"search_term_string"}}],"inLanguage":"es"}]}},"_links":{"self":[{"href":"https:\/\/abix.com.br\/es\/wp-json\/wp\/v2\/product\/19647","targetHints":{"allow":["GET"]}}],"collection":[{"href":"https:\/\/abix.com.br\/es\/wp-json\/wp\/v2\/product"}],"about":[{"href":"https:\/\/abix.com.br\/es\/wp-json\/wp\/v2\/types\/product"}],"replies":[{"embeddable":true,"href":"https:\/\/abix.com.br\/es\/wp-json\/wp\/v2\/comments?post=19647"}],"wp:featuredmedia":[{"embeddable":true,"href":"https:\/\/abix.com.br\/es\/wp-json\/wp\/v2\/media\/9755"}],"wp:attachment":[{"href":"https:\/\/abix.com.br\/es\/wp-json\/wp\/v2\/media?parent=19647"}],"wp:term":[{"taxonomy":"product_brand","embeddable":true,"href":"https:\/\/abix.com.br\/es\/wp-json\/wp\/v2\/product_brand?post=19647"},{"taxonomy":"product_cat","embeddable":true,"href":"https:\/\/abix.com.br\/es\/wp-json\/wp\/v2\/product_cat?post=19647"},{"taxonomy":"product_tag","embeddable":true,"href":"https:\/\/abix.com.br\/es\/wp-json\/wp\/v2\/product_tag?post=19647"}],"curies":[{"name":"wp","href":"https:\/\/api.w.org\/{rel}","templated":true}]}}