{"id":19648,"date":"2020-05-15T08:32:07","date_gmt":"2020-05-15T11:32:07","guid":{"rendered":"https:\/\/abix.com.br\/produto\/radio-portatil-mototrbo-dgp5550\/"},"modified":"2023-10-20T08:02:43","modified_gmt":"2023-10-20T11:02:43","slug":"radio-portatil-mototrbo-dgp5550","status":"publish","type":"product","link":"https:\/\/abix.com.br\/es\/produto\/radio-portatil-mototrbo-dgp5550\/","title":{"rendered":"RADIO PORT\u00c1TIL MOTOTRBO &#8211; DGP5550"},"content":{"rendered":"\n\t<section class=\"section\" id=\"section_603645108\">\n\t\t<div class=\"section-bg fill\" >\n\t\t\t\t\t\t\t\t\t\n\t\t\t\n\n\t\t<\/div>\n\n\t\t\n\n\t\t<div class=\"section-content relative\">\n\t\t\t\n<div class=\"row\"  id=\"row-858985872\">\n\n\t<div id=\"col-1859698522\" class=\"col small-12 large-12\"  >\n\t\t\t\t<div class=\"col-inner\"  >\n\t\t\t\n\t\t\t\n<div class=\"row\"  id=\"row-1442382236\">\n\n\t<div id=\"col-1431420682\" class=\"col small-12 large-12\"  >\n\t\t\t\t<div class=\"col-inner\"  >\n\t\t\t\n\t\t\t\n\n\t\t<div class=\"tabbed-content locacao-tabs\">\n\t\t\t\n\t\t\t<ul class=\"nav nav-tabs nav-normal nav-size-xlarge nav-left active-on-hover\" role=\"tablist\"><li id=\"tab-informaci\u00d3n\" class=\"tab active has-icon\" role=\"presentation\"><a href=\"#tab_informaci\u00d3n\" role=\"tab\" aria-selected=\"true\" aria-controls=\"tab_informaci\u00d3n\"><span>INFORMACI\u00d3N<\/span><\/a><\/li>\n<li id=\"tab-accesorios\" class=\"tab has-icon\" role=\"presentation\"><a href=\"#tab_accesorios\" tabindex=\"-1\" role=\"tab\" aria-selected=\"false\" aria-controls=\"tab_accesorios\"><span>ACCESORIOS<\/span><\/a><\/li>\n<li id=\"tab-descargas\" class=\"tab has-icon\" role=\"presentation\"><a href=\"#tab_descargas\" tabindex=\"-1\" role=\"tab\" aria-selected=\"false\" aria-controls=\"tab_descargas\"><span>DESCARGAS<\/span><\/a><\/li>\n<li id=\"tab-especificaciones\" class=\"tab has-icon\" role=\"presentation\"><a href=\"#tab_especificaciones\" tabindex=\"-1\" role=\"tab\" aria-selected=\"false\" aria-controls=\"tab_especificaciones\"><span>ESPECIFICACIONES<\/span><\/a><\/li><\/ul><div class=\"tab-panels\"><div id=\"tab_informaci\u00d3n\" class=\"panel active entry-content\" role=\"tabpanel\" aria-labelledby=\"tab-informaci\u00d3n\">\n<div class=\"row\"  id=\"row-1181638820\">\n\n\t<div id=\"col-184148985\" class=\"col medium-6 small-12 large-6\"  >\n\t\t\t\t<div class=\"col-inner\"  >\n\t\t\t\n\t\t\t\n<p><strong>EL MEJOR AUDIO DE SU CLASE<\/strong><\/p>\n<p>El altavoz frontal y la funci\u00f3n de audio inteligente ajustan autom\u00e1ticamente el volumen de la radio en funci\u00f3n del nivel de ruido ambiente.<\/p>\n<p><b>MODO D\u00cdA\/NOCHE EN EL VISOR<\/b><\/p>\n<p>Esta pantalla tiene una resoluci\u00f3n mejorada para que sea m\u00e1s f\u00e1cil de ver, incluso a plena luz del d\u00eda. Tambi\u00e9n dispone de un modo nocturno que facilita la lectura de la pantalla en entornos oscuros.<\/p>\n<p><b>DATOS DE AUDIO Y BLUETOOTH INTEGRADOS<\/b><\/p>\n<p>Incorporado en la radio y permite la conectividad con accesorios inal\u00e1mbricos, incluidos los auriculares inal\u00e1mbricos Critical Operations de Motorola, dise\u00f1ados para unas comunicaciones robustas y fiables. Comparte f\u00e1cilmente informaci\u00f3n en tiempo real conectando las radios a dispositivos de datos con Bluetooth.<\/p>\n<p><b>MENSAJE DE TEXTO<\/b><\/p>\n<p>Utilice los mensajes de texto cuando se requiera discreci\u00f3n o sea necesario transmitir una comunicaci\u00f3n rutinaria sin interrumpir a los trabajadores o invitados.<\/p>\n<p><b>IP SITE CONNECT<\/b><\/p>\n<p>Una soluci\u00f3n digital que utiliza Internet para ampliar las capacidades de voz y datos de MOTOTRBO. Util\u00edcelo para enlazar hasta 15 emplazamientos para la comunicaci\u00f3n entre ubicaciones geogr\u00e1ficamente dispersas, para crear una cobertura de \u00e1rea amplia o mejorar la cobertura en una \u00fanica ubicaci\u00f3n con barreras f\u00edsicas.<\/p>\n<p><b>CERTIFICADO DE SEGURIDAD INTR\u00cdNSECA (FM)<\/b><\/p>\n<p>Certificado intr\u00ednsecamente seguro por las aprobaciones FM cuando se adquiere y se equipa con una bater\u00eda FM para su uso en entornos peligrosos.<\/p>\n\t\t<\/div>\n\t\t\t\t\t<\/div>\n\n\t\n\n\t<div id=\"col-529342489\" class=\"col medium-6 small-12 large-6\"  >\n\t\t\t\t<div class=\"col-inner text-left\"  >\n\t\t\t\n\t\t\t\n<p><b>PRIVACIDAD B\u00c1SICA O REFORZADA<\/b><\/p>\n<p>Barajado integrado para mayor seguridad.<\/p>\n<p><b>INTERRUPCI\u00d3N DE LA TRANSMISI\u00d3N<\/b><\/p>\n<p>Permite al usuario interrumpir otra conversaci\u00f3n por radio para proporcionar una comunicaci\u00f3n cr\u00edtica exactamente cuando y donde se necesita.<\/p>\n<p><b>GRAN PANTALLA EN COLOR<\/b><\/p>\n<p>Dispone de una pantalla en color de 5 l\u00edneas con una interfaz flexible basada en men\u00fas. Los iconos y botones de navegaci\u00f3n grandes y f\u00e1ciles de usar facilitan la lectura de los mensajes y la navegaci\u00f3n por el men\u00fa.<\/p>\n<p><b>GPS INTEGRADO<\/b><\/p>\n<p>Localice equipos de trabajo m\u00f3viles mediante GPS integrado.<\/p>\n<p><b>APLICACIONES DE DATOS QUE AUMENTAN LA PRODUCTIVIDAD<\/b><\/p>\n<p>Cuenta con el mayor programa de desarrollo de aplicaciones del sector para permitir una amplia variedad de aplicaciones personalizadas, como: seguimiento de la ubicaci\u00f3n, datos Bluetooth, pasarelas de correo electr\u00f3nico, despacho, telefon\u00eda, gesti\u00f3n de llamadas y \u00f3rdenes de trabajo.<\/p>\n<p><b>CAPACIDAD PLUS<\/b><\/p>\n<p>Sistema troncal digital de un solo sitio que maximiza la capacidad de su sistema MOTOTRBO. Util\u00edcelo para permitir comunicaciones de voz y datos de gran volumen para m\u00e1s de mil usuarios en un \u00fanico emplazamiento sin necesidad de a\u00f1adir nuevas frecuencias.<\/p>\n<p><b>CAPACIDAD VINCULADA M\u00c1S<\/b><\/p>\n<p>Linked Capacity Plus es una configuraci\u00f3n de sistema troncal digital multisitio para la plataforma MOTOTRBO. Aprovecha la alta capacidad de Capacity Plus con las capacidades de cobertura de \u00e1rea amplia de IP Site Connect para mantener conectado a su equipo en varias ubicaciones con una soluci\u00f3n de troncalizaci\u00f3n de \u00e1rea amplia asequible y de alta capacidad.<\/p>\n<p><b>DISE\u00d1O ROBUSTO<\/b><\/p>\n<p>Herm\u00e9ticamente sellado contra el viento y el polvo y sumergible hasta un metro de agua durante 30 minutos (IP57).<\/p>\n<p><b>BOT\u00d3N DE EMERGENCIA<\/b><\/p>\n<p>El bot\u00f3n naranja situado en la parte superior de la radio puede programarse para enviar una alerta a un supervisor o a un operador durante una situaci\u00f3n de emergencia.<\/p>\n\t\t<\/div>\n\t\t\t\t\t<\/div>\n\n\t\n<\/div>\n<\/div>\n<div id=\"tab_accesorios\" class=\"panel entry-content\" role=\"tabpanel\" aria-labelledby=\"tab-accesorios\">\n<div class=\"row align-middle\"  id=\"row-1038608964\">\n\n\t<div id=\"col-272717819\" class=\"col medium-10 small-12 large-10\"  >\n\t\t\t\t<div class=\"col-inner\"  >\n\t\t\t\n\t\t\t\n<p>CONTENIDO<\/p>\n\t\t<\/div>\n\t\t\t\t\t<\/div>\n\n\t\n\n\t<div id=\"col-270956719\" class=\"col medium-2 small-12 large-2\"  >\n\t\t\t\t<div class=\"col-inner\"  >\n\t\t\t\n\t\t\t\n\t\t<\/div>\n\t\t\t\t\t<\/div>\n\n\t\n<\/div>\n<\/div>\n<div id=\"tab_descargas\" class=\"panel entry-content\" role=\"tabpanel\" aria-labelledby=\"tab-descargas\">\n<div class=\"row\"  id=\"row-1343935767\">\n\n\t<div id=\"col-1625504744\" class=\"col medium-10 small-12 large-10\"  >\n\t\t\t\t<div class=\"col-inner\"  >\n\t\t\t\n\t\t\t\n<p><a href=\"https:\/\/www.abix.com.br\/wp-content\/uploads\/Ficha-DGP5550-1.pdf\">Ficha t\u00e9cnica del DGP5550<\/a><\/p>\n\t\t<\/div>\n\t\t\t\t\t<\/div>\n\n\t\n<\/div>\n<\/div>\n<div id=\"tab_especificaciones\" class=\"panel entry-content\" role=\"tabpanel\" aria-labelledby=\"tab-especificaciones\">\n<div class=\"row\"  id=\"row-237215843\">\n\n\t<div id=\"col-389499310\" class=\"col medium-9 small-12 large-9\"  >\n\t\t\t\t<div class=\"col-inner\"  >\n\t\t\t\n\t\t\t\n<h3>RECURSOS RADIOF\u00d3NICOS<\/h3>\n<ul>\n<li><strong>Mayor privacidad<\/strong><\/li>\n<\/ul>\n<p>s\u00ed<\/p>\n<ul>\n<li><strong>Interrupci\u00f3n de la transmisi\u00f3n<\/strong><\/li>\n<\/ul>\n<p>s\u00ed<\/p>\n<ul>\n<li><strong>L\u00ednea privada digital<\/strong><\/li>\n<\/ul>\n<p>s\u00ed<\/p>\n<ul>\n<li><strong>L\u00ednea privada<\/strong><\/li>\n<\/ul>\n<p>s\u00ed<\/p>\n<ul>\n<li><strong>Monitor permanente (adhesivo)<\/strong><\/li>\n<\/ul>\n<p>s\u00ed<\/p>\n<ul>\n<li><strong>Trabajador solitario<\/strong><\/li>\n<\/ul>\n<p>s\u00ed<\/p>\n<ul>\n<li><strong>Funcionamiento del GPS<\/strong><\/li>\n<\/ul>\n<p>s\u00ed<\/p>\n<ul>\n<li><strong>Anuncio de voz<\/strong><\/li>\n<\/ul>\n<p>s\u00ed<\/p>\n<ul>\n<li><strong>Se\u00f1alizaci\u00f3n<\/strong><\/li>\n<\/ul>\n<p>MDC (codificaci\u00f3n \/ descodificaci\u00f3n), Quik-Call II (codificaci\u00f3n \/ descodificaci\u00f3n), codificaci\u00f3n DTMF<\/p>\n<ul>\n<li><strong>Audio inteligente<\/strong><\/li>\n<\/ul>\n<p>s\u00ed<\/p>\n<ul>\n<li><strong>Bluetooth<\/strong><\/li>\n<\/ul>\n<p>Audio Bluetooth integrado, datos Bluetooth integrados<\/p>\n<ul>\n<li><strong>Botones programables<\/strong><\/li>\n<\/ul>\n<p>s\u00ed<\/p>\n<ul>\n<li><strong>Transmisi\u00f3n por voz (VOX)<\/strong><\/li>\n<\/ul>\n<p>s\u00ed<\/p>\n<ul>\n<li><strong>Temporizador<\/strong><\/li>\n<\/ul>\n<p>s\u00ed<\/p>\n<ul>\n<li><strong>Talkaround<\/strong><\/li>\n<\/ul>\n<p>s\u00ed<\/p>\n<ul>\n<li><strong>Mensajes de texto<\/strong><\/li>\n<\/ul>\n<p>s\u00ed<\/p>\n<ul>\n<li><strong>Tipos de digitalizaci\u00f3n<\/strong><\/li>\n<\/ul>\n<p>Normal, Prioridad, Doble prioridad, Exclusi\u00f3n de canal inc\u00f3modo, Grupo de conversaci\u00f3n, Todos los grupos, Sistema, Inicio inverso<\/p>\n<ul>\n<li><strong>Gu\u00eda telef\u00f3nica<\/strong><\/li>\n<\/ul>\n<p>s\u00ed<\/p>\n<ul>\n<li><strong>Llamada de grupo<\/strong><\/li>\n<\/ul>\n<p>s\u00ed<\/p>\n<ul>\n<li><strong>Llamadas individuales<\/strong><\/li>\n<\/ul>\n<p>s\u00ed<\/p>\n<ul>\n<li><strong>Alertas de llamadas perdidas<\/strong><\/li>\n<\/ul>\n<p>s\u00ed<\/p>\n<ul>\n<li><strong>CPS (Software de programaci\u00f3n de clientes)<\/strong><\/li>\n<\/ul>\n<p>s\u00ed<\/p>\n<ul>\n<li><strong>Separaci\u00f3n entre canales<\/strong><\/li>\n<\/ul>\n<p>6,25 kHz, 12,5 kHz, 25 kHz<\/p>\n<ul>\n<li><strong>N\u00famero de canales<\/strong><\/li>\n<\/ul>\n<p>1000<\/p>\n<ul>\n<li><strong>B\u00fasqueda de canales<\/strong><\/li>\n<\/ul>\n<p>s\u00ed<\/p>\n<ul>\n<li><strong>Identificador de llamadas<\/strong><\/li>\n<\/ul>\n<p>s\u00ed<\/p>\n<ul>\n<li><strong>Tonos de llamada<\/strong><\/li>\n<\/ul>\n<p>s\u00ed<\/p>\n<ul>\n<li><strong>Desv\u00edo de llamadas<\/strong><\/li>\n<\/ul>\n<p>s\u00ed<\/p>\n<ul>\n<li><strong>Bloqueo de canal ocupado<\/strong><\/li>\n<\/ul>\n<p>s\u00ed<\/p>\n<ul>\n<li><strong>Voz y datos integrados<\/strong><\/li>\n<\/ul>\n<p>s\u00ed<\/p>\n<h3>CARACTER\u00cdSTICAS DE RENDIMIENTO<\/h3>\n<ul>\n<li><strong>Gama de frecuencias<\/strong><\/li>\n<\/ul>\n<p>Banda ancha VHF, UHF<\/p>\n<ul>\n<li><strong>4 5 Vatios<\/strong><\/li>\n<\/ul>\n<p>s\u00ed<\/p>\n<ul>\n<li><strong>Capacidad del repetidor<\/strong><\/li>\n<\/ul>\n<p>s\u00ed<\/p>\n<ul>\n<li><strong>Duraci\u00f3n de la bater\u00eda (basada en un ciclo de trabajo de 5 5 90)<\/strong><\/li>\n<\/ul>\n<p>16,2 horas en modo digital, 11,1 horas en modo anal\u00f3gico<\/p>\n<ul>\n<li><strong>Tipo de bater\u00eda est\u00e1ndar<\/strong><\/li>\n<\/ul>\n<p>Iones de litio<\/p>\n<ul>\n<li><strong>1 vatio<\/strong><\/li>\n<\/ul>\n<p>s\u00ed<\/p>\n<h3>CARACTER\u00cdSTICAS F\u00cdSICAS<\/h3>\n<ul>\n<li><strong>Tablero opcional disponible<\/strong><\/li>\n<\/ul>\n<p>s\u00ed<\/p>\n<ul>\n<li><strong>Bot\u00f3n de emergencia<\/strong><\/li>\n<\/ul>\n<p>s\u00ed<\/p>\n<ul>\n<li><strong>Teclado<\/strong><\/li>\n<\/ul>\n<p>Completo<\/p>\n<ul>\n<li><strong>Exposici\u00f3n<\/strong><\/li>\n<\/ul>\n<p>A todo color, modo d\u00eda y noche<\/p>\n<ul>\n<li><strong>Peso (con bater\u00eda est\u00e1ndar)<\/strong><\/li>\n<\/ul>\n<p>355,5 g (12,54 onzas)<\/p>\n<ul>\n<li><strong>Dimensiones Al x An x Pr (con bater\u00eda est\u00e1ndar)<\/strong><\/li>\n<\/ul>\n<p>130,3 x 55,2 x 41,1 mm (5,13 x 2,17 x 1,62 pulg.)<\/p>\n<\/p>\n<h3>TECNOLOG\u00cdA<\/h3>\n<ul>\n<li><strong>Tipo de sistema<\/strong><\/li>\n<\/ul>\n<p>Conexi\u00f3n convencional, TDMA, Capacity Plus, IP<\/p>\n<ul>\n<li><strong>Tecnolog\u00eda digital<\/strong><\/li>\n<\/ul>\n<p>s\u00ed<\/p>\n<\/p>\n<h3>ENTORNO DE USUARIO<\/h3>\n<ul>\n<li><strong>Sumergible<\/strong><\/li>\n<\/ul>\n<p>s\u00ed<\/p>\n<ul>\n<li><strong>Factory Mutual<\/strong><\/li>\n<\/ul>\n<p>s\u00ed<\/p>\n<ul>\n<li><strong>Seguridad intr\u00ednseca<\/strong><\/li>\n<\/ul>\n<p>s\u00ed<\/p>\n<ul>\n<li><strong>Mil especificaciones<\/strong><\/li>\n<\/ul>\n<p>810 C, 810 D, 810 E, 810 F, 810 G<\/p>\n<ul>\n<li><strong>Software de reducci\u00f3n de ruido<\/strong><\/li>\n<\/ul>\n<p>s\u00ed<\/p>\n<ul>\n<li><strong>Normas IP<\/strong><\/li>\n<\/ul>\n<p>IP57<\/p>\n\t\t<\/div>\n\t\t\t\t\t<\/div>\n\n\t\n<\/div>\n<\/div><\/div><\/div>\n\t\t<\/div>\n\t\t\t\t\t<\/div>\n\n\t\n<\/div>\n\t\t<\/div>\n\t\t\t\t\t<\/div>\n\n\t\n<\/div>\n\t\t<\/div>\n\n\t\t\n<style>\n#section_603645108 {\n  padding-top: 0px;\n  padding-bottom: 0px;\n}\n<\/style>\n\t<\/section>\n\t\n","protected":false},"excerpt":{"rendered":"<p style=\"text-align: justify;\">Desde el trabajador de la f\u00e1brica que fabrica los componentes hasta el personal de carretera que realiza las reparaciones, MOTOTRBO puede transformar su empresa y hacer que las interacciones de los empleados sean m\u00e1s inteligentes y seguras. Nuestro audio, el mejor de su clase, y nuestras capacidades de datos, sin parang\u00f3n, potencian a las personas como nunca antes.<\/p>\n<p style=\"text-align: justify;\">La serie DGP 5000 ofrece comunicaciones de datos y voz sin igual con datos y audio Bluetooth integrados, GPS integrado y el mejor audio de su clase, que incluye audio inteligente y una funci\u00f3n de anuncios de voz personalizables.<\/p>\n<p style=\"text-align: justify;\">Disponible en 800\/900 MHz, as\u00ed como en las bandas de frecuencia UHF y VHF, la serie DGP 5000 ofrece soporte para hasta 32 canales, tres botones programables, un bot\u00f3n de emergencia, una clasificaci\u00f3n IP57 (resistente al polvo y sumergible en agua) y una opci\u00f3n FM intr\u00ednsecamente segura.<\/p>\n","protected":false},"featured_media":9740,"comment_status":"closed","ping_status":"closed","template":"","meta":[],"product_brand":[],"product_cat":[155,157,161,162,163,156,158],"product_tag":[],"class_list":{"0":"post-19648","1":"product","2":"type-product","3":"status-publish","4":"has-post-thumbnail","6":"product_cat-linea-profesional","7":"product_cat-motorola-es","8":"product_cat-mototrbo-es","9":"product_cat-radio-dmr-es","10":"product_cat-radios-analogicas","11":"product_cat-radios-digitales","12":"product_cat-radios-portatiles","14":"first","15":"instock","16":"shipping-taxable","17":"product-type-simple"},"yoast_head":"<!-- This site is optimized with the Yoast SEO plugin v27.3 - https:\/\/yoast.com\/product\/yoast-seo-wordpress\/ -->\n<title>RADIO PORT\u00c1TIL MOTOTRBO - DGP5550 - Abix Tecnolog\u00eda<\/title>\n<meta name=\"description\" content=\"La serie DGP 5000 ofrece comunicaciones de datos y voz sin igual con datos y audio Bluetooth integrados, GPS integrado y el mejor audio de su clase.\" \/>\n<meta name=\"robots\" content=\"index, follow, max-snippet:-1, max-image-preview:large, max-video-preview:-1\" \/>\n<link rel=\"canonical\" href=\"https:\/\/abix.com.br\/produto\/dgp5550\/\" \/>\n<meta property=\"og:locale\" content=\"es_ES\" \/>\n<meta property=\"og:type\" content=\"article\" \/>\n<meta property=\"og:title\" content=\"RADIO PORT\u00c1TIL MOTOTRBO - DGP5550 - Abix Tecnolog\u00eda\" \/>\n<meta property=\"og:description\" content=\"La serie DGP 5000 ofrece comunicaciones de datos y voz sin igual con datos y audio Bluetooth integrados, GPS integrado y el mejor audio de su clase.\" \/>\n<meta property=\"og:url\" content=\"https:\/\/abix.com.br\/produto\/dgp5550\/\" \/>\n<meta property=\"og:site_name\" content=\"Abix\" \/>\n<meta property=\"article:modified_time\" content=\"2023-10-20T11:02:43+00:00\" \/>\n<meta property=\"og:image\" content=\"https:\/\/abix.com.br\/wp-content\/uploads\/2020\/05\/DGP5550-FRONT-1.jpg\" \/>\n\t<meta property=\"og:image:width\" content=\"512\" \/>\n\t<meta property=\"og:image:height\" content=\"512\" \/>\n\t<meta property=\"og:image:type\" content=\"image\/jpeg\" \/>\n<meta name=\"twitter:card\" content=\"summary_large_image\" \/>\n<meta name=\"twitter:label1\" content=\"Tiempo de lectura\" \/>\n\t<meta name=\"twitter:data1\" content=\"5 minutos\" \/>\n<script type=\"application\/ld+json\" class=\"yoast-schema-graph\">{\"@context\":\"https:\\\/\\\/schema.org\",\"@graph\":[{\"@type\":\"WebPage\",\"@id\":\"https:\\\/\\\/abix.com.br\\\/produto\\\/dgp5550\\\/\",\"url\":\"https:\\\/\\\/abix.com.br\\\/produto\\\/dgp5550\\\/\",\"name\":\"RADIO PORT\u00c1TIL MOTOTRBO - DGP5550 - Abix Tecnolog\u00eda\",\"isPartOf\":{\"@id\":\"https:\\\/\\\/abix.com.br\\\/#website\"},\"primaryImageOfPage\":{\"@id\":\"https:\\\/\\\/abix.com.br\\\/produto\\\/dgp5550\\\/#primaryimage\"},\"image\":{\"@id\":\"https:\\\/\\\/abix.com.br\\\/produto\\\/dgp5550\\\/#primaryimage\"},\"thumbnailUrl\":\"https:\\\/\\\/abix.com.br\\\/wp-content\\\/uploads\\\/2020\\\/05\\\/DGP5550-FRONT-1.jpg\",\"datePublished\":\"2020-05-15T11:32:07+00:00\",\"dateModified\":\"2023-10-20T11:02:43+00:00\",\"description\":\"La serie DGP 5000 ofrece comunicaciones de datos y voz sin igual con datos y audio Bluetooth integrados, GPS integrado y el mejor audio de su clase.\",\"breadcrumb\":{\"@id\":\"https:\\\/\\\/abix.com.br\\\/produto\\\/dgp5550\\\/#breadcrumb\"},\"inLanguage\":\"es\",\"potentialAction\":[{\"@type\":\"ReadAction\",\"target\":[\"https:\\\/\\\/abix.com.br\\\/produto\\\/dgp5550\\\/\"]}]},{\"@type\":\"ImageObject\",\"inLanguage\":\"es\",\"@id\":\"https:\\\/\\\/abix.com.br\\\/produto\\\/dgp5550\\\/#primaryimage\",\"url\":\"https:\\\/\\\/abix.com.br\\\/wp-content\\\/uploads\\\/2020\\\/05\\\/DGP5550-FRONT-1.jpg\",\"contentUrl\":\"https:\\\/\\\/abix.com.br\\\/wp-content\\\/uploads\\\/2020\\\/05\\\/DGP5550-FRONT-1.jpg\",\"width\":512,\"height\":512,\"caption\":\"R\u00c1DIO PORT\u00c1TIL MOTOTRBO - DGP8550\"},{\"@type\":\"BreadcrumbList\",\"@id\":\"https:\\\/\\\/abix.com.br\\\/produto\\\/dgp5550\\\/#breadcrumb\",\"itemListElement\":[{\"@type\":\"ListItem\",\"position\":1,\"name\":\"In\u00edcio\",\"item\":\"https:\\\/\\\/abix.com.br\\\/es\\\/\"},{\"@type\":\"ListItem\",\"position\":2,\"name\":\"Tienda\",\"item\":\"https:\\\/\\\/abix.com.br\\\/loja\\\/\"},{\"@type\":\"ListItem\",\"position\":3,\"name\":\"RADIO PORT\u00c1TIL MOTOTRBO &#8211; DGP5550\"}]},{\"@type\":\"WebSite\",\"@id\":\"https:\\\/\\\/abix.com.br\\\/#website\",\"url\":\"https:\\\/\\\/abix.com.br\\\/\",\"name\":\"Abix\",\"description\":\"\",\"potentialAction\":[{\"@type\":\"SearchAction\",\"target\":{\"@type\":\"EntryPoint\",\"urlTemplate\":\"https:\\\/\\\/abix.com.br\\\/?s={search_term_string}\"},\"query-input\":{\"@type\":\"PropertyValueSpecification\",\"valueRequired\":true,\"valueName\":\"search_term_string\"}}],\"inLanguage\":\"es\"}]}<\/script>\n<!-- \/ Yoast SEO plugin. -->","yoast_head_json":{"title":"RADIO PORT\u00c1TIL MOTOTRBO - DGP5550 - Abix Tecnolog\u00eda","description":"La serie DGP 5000 ofrece comunicaciones de datos y voz sin igual con datos y audio Bluetooth integrados, GPS integrado y el mejor audio de su clase.","robots":{"index":"index","follow":"follow","max-snippet":"max-snippet:-1","max-image-preview":"max-image-preview:large","max-video-preview":"max-video-preview:-1"},"canonical":"https:\/\/abix.com.br\/produto\/dgp5550\/","og_locale":"es_ES","og_type":"article","og_title":"RADIO PORT\u00c1TIL MOTOTRBO - DGP5550 - Abix Tecnolog\u00eda","og_description":"La serie DGP 5000 ofrece comunicaciones de datos y voz sin igual con datos y audio Bluetooth integrados, GPS integrado y el mejor audio de su clase.","og_url":"https:\/\/abix.com.br\/produto\/dgp5550\/","og_site_name":"Abix","article_modified_time":"2023-10-20T11:02:43+00:00","og_image":[{"width":512,"height":512,"url":"https:\/\/abix.com.br\/wp-content\/uploads\/2020\/05\/DGP5550-FRONT-1.jpg","type":"image\/jpeg"}],"twitter_card":"summary_large_image","twitter_misc":{"Tiempo de lectura":"5 minutos"},"schema":{"@context":"https:\/\/schema.org","@graph":[{"@type":"WebPage","@id":"https:\/\/abix.com.br\/produto\/dgp5550\/","url":"https:\/\/abix.com.br\/produto\/dgp5550\/","name":"RADIO PORT\u00c1TIL MOTOTRBO - DGP5550 - Abix Tecnolog\u00eda","isPartOf":{"@id":"https:\/\/abix.com.br\/#website"},"primaryImageOfPage":{"@id":"https:\/\/abix.com.br\/produto\/dgp5550\/#primaryimage"},"image":{"@id":"https:\/\/abix.com.br\/produto\/dgp5550\/#primaryimage"},"thumbnailUrl":"https:\/\/abix.com.br\/wp-content\/uploads\/2020\/05\/DGP5550-FRONT-1.jpg","datePublished":"2020-05-15T11:32:07+00:00","dateModified":"2023-10-20T11:02:43+00:00","description":"La serie DGP 5000 ofrece comunicaciones de datos y voz sin igual con datos y audio Bluetooth integrados, GPS integrado y el mejor audio de su clase.","breadcrumb":{"@id":"https:\/\/abix.com.br\/produto\/dgp5550\/#breadcrumb"},"inLanguage":"es","potentialAction":[{"@type":"ReadAction","target":["https:\/\/abix.com.br\/produto\/dgp5550\/"]}]},{"@type":"ImageObject","inLanguage":"es","@id":"https:\/\/abix.com.br\/produto\/dgp5550\/#primaryimage","url":"https:\/\/abix.com.br\/wp-content\/uploads\/2020\/05\/DGP5550-FRONT-1.jpg","contentUrl":"https:\/\/abix.com.br\/wp-content\/uploads\/2020\/05\/DGP5550-FRONT-1.jpg","width":512,"height":512,"caption":"R\u00c1DIO PORT\u00c1TIL MOTOTRBO - DGP8550"},{"@type":"BreadcrumbList","@id":"https:\/\/abix.com.br\/produto\/dgp5550\/#breadcrumb","itemListElement":[{"@type":"ListItem","position":1,"name":"In\u00edcio","item":"https:\/\/abix.com.br\/es\/"},{"@type":"ListItem","position":2,"name":"Tienda","item":"https:\/\/abix.com.br\/loja\/"},{"@type":"ListItem","position":3,"name":"RADIO PORT\u00c1TIL MOTOTRBO &#8211; DGP5550"}]},{"@type":"WebSite","@id":"https:\/\/abix.com.br\/#website","url":"https:\/\/abix.com.br\/","name":"Abix","description":"","potentialAction":[{"@type":"SearchAction","target":{"@type":"EntryPoint","urlTemplate":"https:\/\/abix.com.br\/?s={search_term_string}"},"query-input":{"@type":"PropertyValueSpecification","valueRequired":true,"valueName":"search_term_string"}}],"inLanguage":"es"}]}},"_links":{"self":[{"href":"https:\/\/abix.com.br\/es\/wp-json\/wp\/v2\/product\/19648","targetHints":{"allow":["GET"]}}],"collection":[{"href":"https:\/\/abix.com.br\/es\/wp-json\/wp\/v2\/product"}],"about":[{"href":"https:\/\/abix.com.br\/es\/wp-json\/wp\/v2\/types\/product"}],"replies":[{"embeddable":true,"href":"https:\/\/abix.com.br\/es\/wp-json\/wp\/v2\/comments?post=19648"}],"wp:featuredmedia":[{"embeddable":true,"href":"https:\/\/abix.com.br\/es\/wp-json\/wp\/v2\/media\/9740"}],"wp:attachment":[{"href":"https:\/\/abix.com.br\/es\/wp-json\/wp\/v2\/media?parent=19648"}],"wp:term":[{"taxonomy":"product_brand","embeddable":true,"href":"https:\/\/abix.com.br\/es\/wp-json\/wp\/v2\/product_brand?post=19648"},{"taxonomy":"product_cat","embeddable":true,"href":"https:\/\/abix.com.br\/es\/wp-json\/wp\/v2\/product_cat?post=19648"},{"taxonomy":"product_tag","embeddable":true,"href":"https:\/\/abix.com.br\/es\/wp-json\/wp\/v2\/product_tag?post=19648"}],"curies":[{"name":"wp","href":"https:\/\/api.w.org\/{rel}","templated":true}]}}