{"id":19650,"date":"2020-05-14T17:09:41","date_gmt":"2020-05-14T20:09:41","guid":{"rendered":"https:\/\/abix.com.br\/produto\/mototrbo-dgp8550-ex-radio-portatil\/"},"modified":"2023-10-20T08:05:23","modified_gmt":"2023-10-20T11:05:23","slug":"mototrbo-dgp8550-ex-radio-portatil","status":"publish","type":"product","link":"https:\/\/abix.com.br\/es\/produto\/mototrbo-dgp8550-ex-radio-portatil\/","title":{"rendered":"MOTOTRBO DGP8550 EX RADIO PORT\u00c1TIL"},"content":{"rendered":"\n\t<section class=\"section\" id=\"section_158963937\">\n\t\t<div class=\"section-bg fill\" >\n\t\t\t\t\t\t\t\t\t\n\t\t\t\n\n\t\t<\/div>\n\n\t\t\n\n\t\t<div class=\"section-content relative\">\n\t\t\t\n<div class=\"row\"  id=\"row-457520870\">\n\n\t<div id=\"col-858440647\" class=\"col small-12 large-12\"  >\n\t\t\t\t<div class=\"col-inner\"  >\n\t\t\t\n\t\t\t\n<div class=\"row\"  id=\"row-1767492914\">\n\n\t<div id=\"col-815283334\" class=\"col small-12 large-12\"  >\n\t\t\t\t<div class=\"col-inner\"  >\n\t\t\t\n\t\t\t\n\n\t\t<div class=\"tabbed-content locacao-tabs\">\n\t\t\t\n\t\t\t<ul class=\"nav nav-tabs nav-normal nav-size-xlarge nav-left active-on-hover\" role=\"tablist\"><li id=\"tab-informaci\u00d3n\" class=\"tab active has-icon\" role=\"presentation\"><a href=\"#tab_informaci\u00d3n\" role=\"tab\" aria-selected=\"true\" aria-controls=\"tab_informaci\u00d3n\"><span>INFORMACI\u00d3N<\/span><\/a><\/li>\n<li id=\"tab-accesorios\" class=\"tab has-icon\" role=\"presentation\"><a href=\"#tab_accesorios\" tabindex=\"-1\" role=\"tab\" aria-selected=\"false\" aria-controls=\"tab_accesorios\"><span>ACCESORIOS<\/span><\/a><\/li>\n<li id=\"tab-descargas\" class=\"tab has-icon\" role=\"presentation\"><a href=\"#tab_descargas\" tabindex=\"-1\" role=\"tab\" aria-selected=\"false\" aria-controls=\"tab_descargas\"><span>DESCARGAS<\/span><\/a><\/li>\n<li id=\"tab-especificaciones\" class=\"tab has-icon\" role=\"presentation\"><a href=\"#tab_especificaciones\" tabindex=\"-1\" role=\"tab\" aria-selected=\"false\" aria-controls=\"tab_especificaciones\"><span>ESPECIFICACIONES<\/span><\/a><\/li><\/ul><div class=\"tab-panels\"><div id=\"tab_informaci\u00d3n\" class=\"panel active entry-content\" role=\"tabpanel\" aria-labelledby=\"tab-informaci\u00d3n\">\n<div class=\"row\"  id=\"row-1041952500\">\n\n\t<div id=\"col-1978643808\" class=\"col medium-6 small-12 large-6\"  >\n\t\t\t\t<div class=\"col-inner\"  >\n\t\t\t\n\t\t\t\n<p><strong>MEJOR AUDIO DE SU CATEGOR\u00cdA<\/strong><\/p>\n<p>El potente altavoz de proyecci\u00f3n frontal y la funci\u00f3n Intelligent Audio ajustan el volumen de la radio en funci\u00f3n del nivel de ruido ambiente.<\/p>\n<p><strong>MODOS D\u00cdA\/NOCHE EN PANTALLA<\/strong><\/p>\n<p>La pantalla tiene mejor resoluci\u00f3n para una mejor visualizaci\u00f3n incluso a plena luz del d\u00eda. El modo nocturno facilita la lectura de mensajes en entornos oscuros.<\/p>\n<p><b>MENSAJE DE TEXTO<\/b><\/p>\n<p>Utilice la mensajer\u00eda de texto cuando se requiera discreci\u00f3n o para comunicaciones rutinarias que deban enviarse sin interrumpir a trabajadores o invitados.<\/p>\n<p><b>IP SITE CONNECT<\/b><\/p>\n<p>Una soluci\u00f3n digital que utiliza Internet para ampliar las capacidades de voz y datos de MOTOTRBO. Util\u00edcelo para enlazar hasta 15 emplazamientos para la comunicaci\u00f3n en ubicaciones geogr\u00e1ficamente dispersas y crear una cobertura de \u00e1rea amplia o para mejorar la cobertura en una \u00fanica ubicaci\u00f3n con barreras f\u00edsicas. M\u00e1s informaci\u00f3n &gt; Go  &gt;<\/p>\n<p><b>CERTIFICACI\u00d3N ATEX\/INMETRO DE SEGURIDAD INTR\u00cdNSECA<\/b><\/p>\n<p>Certificado por ATEX\/INMETRO como intr\u00ednsecamente seguro ATEX\/INMETRO cuando se adquiere equipado con una bater\u00eda ATEX\/INMETRO para uso en entornos extremos<\/p>\n<p><b>PRIVACIDAD B\u00c1SICA O REFORZADA<\/b><\/p>\n<p>Lucha integrada para mayor seguridad.<\/p>\n<p><b>INTERRUPCI\u00d3N DE TRANSMISI\u00d3N<\/b><\/p>\n<p>Permite al usuario interrumpir otra conversaci\u00f3n por radio para transmitir comunicaciones cr\u00edticas exactamente donde y cuando se necesitan.<\/p>\n<p><strong>GRAN PANTALLA EN COLOR<\/strong><\/p>\n<p>Pantalla en color de 5 l\u00edneas con una interfaz flexible basada en men\u00fas. Los iconos y botones de navegaci\u00f3n grandes y f\u00e1ciles de usar facilitan la lectura de los mensajes y la navegaci\u00f3n por el men\u00fa.<\/p>\n<p><b>GPS INTEGRADO<\/b><\/p>\n<p>Localice equipos de trabajo m\u00f3viles con el GPS integrado.<\/p>\n<p><strong>APLICACIONES DE DATOS QUE MEJORAN LA PRODUCTIVIDAD<\/strong><\/p>\n<p>Cuenta con el programa de desarrollo de aplicaciones m\u00e1s extenso del sector para dar soporte a una amplia gama de aplicaciones personalizadas, como seguimiento de la ubicaci\u00f3n, datos Bluetooth, pasarelas de correo electr\u00f3nico, despacho, telefon\u00eda, trabajadores accidentados y gesti\u00f3n de \u00f3rdenes de trabajo. M\u00e1s informaci\u00f3n &gt; Go  &gt;<\/p>\n<p><strong>CAPACIDAD PLUS<\/strong><\/p>\n<p>Sistema troncal digital de un solo sitio que maximiza la capacidad de su sistema MOTOTRBO. Util\u00edcelo para permitir un gran volumen de comunicaciones de voz y datos para m\u00e1s de mil usuarios en una sola ubicaci\u00f3n, sin a\u00f1adir nuevas frecuencias. M\u00e1s informaci\u00f3n &gt; Go  &gt;<\/p>\n<p><strong>CAPACIDAD VINCULADA M\u00c1S<\/strong><\/p>\n<p>Linked Capacity Plus es una configuraci\u00f3n multisitio de un sistema troncal digital b\u00e1sico para la plataforma MOTOTRBO. Aproveche la alta capacidad de Capacity Plus, con las posibilidades de cobertura de \u00e1rea amplia de IP Site Connect, para mantener conectado a su personal en varias ubicaciones con una soluci\u00f3n troncal de \u00e1rea amplia asequible y de alta capacidad. M\u00e1s informaci\u00f3n &gt; Go  &gt;<\/p>\n<p><b>DISE\u00d1O ROBUSTO<\/b><\/p>\n<p>Totalmente sellado contra el viento y el polvo, y sumergible hasta un metro de agua durante 30 minutos (IP57).<\/p>\n<p><b>BOT\u00d3N DE EMERGENCIA<\/b><\/p>\n<p>El bot\u00f3n naranja situado en la parte superior de la radio puede programarse para enviar una alerta a un supervisor o a un operador durante una situaci\u00f3n de emergencia.<\/p>\n\t\t<\/div>\n\t\t\t\t\t<\/div>\n\n\t\n\n\t<div id=\"col-2002940535\" class=\"col medium-6 small-12 large-6\"  >\n\t\t\t\t<div class=\"col-inner text-left\"  >\n\t\t\t\n\t\t\t\n\t\t<\/div>\n\t\t\t\t\t<\/div>\n\n\t\n<\/div>\n<\/div>\n<div id=\"tab_accesorios\" class=\"panel entry-content\" role=\"tabpanel\" aria-labelledby=\"tab-accesorios\">\n<div class=\"row align-middle\"  id=\"row-993820213\">\n\n\t<div id=\"col-454154117\" class=\"col medium-10 small-12 large-10\"  >\n\t\t\t\t<div class=\"col-inner\"  >\n\t\t\t\n\t\t\t\n<p>CONTENIDO<\/p>\n\t\t<\/div>\n\t\t\t\t\t<\/div>\n\n\t\n\n\t<div id=\"col-1231483454\" class=\"col medium-2 small-12 large-2\"  >\n\t\t\t\t<div class=\"col-inner\"  >\n\t\t\t\n\t\t\t\n\t\t<\/div>\n\t\t\t\t\t<\/div>\n\n\t\n<\/div>\n<\/div>\n<div id=\"tab_descargas\" class=\"panel entry-content\" role=\"tabpanel\" aria-labelledby=\"tab-descargas\">\n<div class=\"row\"  id=\"row-1332247578\">\n\n\t<div id=\"col-1311124713\" class=\"col medium-10 small-12 large-10\"  >\n\t\t\t\t<div class=\"col-inner\"  >\n\t\t\t\n\t\t\t\n<p><a href=\"https:\/\/www.abix.com.br\/wp-content\/uploads\/Ficha-DGP8550ex.pdf\">DGP8550 EX ficha t\u00e9cnica<\/a><\/p>\n\t\t<\/div>\n\t\t\t\t\t<\/div>\n\n\t\n<\/div>\n<\/div>\n<div id=\"tab_especificaciones\" class=\"panel entry-content\" role=\"tabpanel\" aria-labelledby=\"tab-especificaciones\">\n<div class=\"row\"  id=\"row-923174962\">\n\n\t<div id=\"col-989293392\" class=\"col medium-9 small-12 large-9\"  >\n\t\t\t\t<div class=\"col-inner\"  >\n\t\t\t\n\t\t\t\n<h3>RECURSOS RADIOF\u00d3NICOS<\/h3>\n<ul>\n<li><strong>Desv\u00edo de llamadas<\/strong><\/li>\n<\/ul>\n<p>S\u00ed<\/p>\n<ul>\n<li><strong>Mayor privacidad<\/strong><\/li>\n<\/ul>\n<p>s\u00ed<\/p>\n<ul>\n<li><strong>Interrupci\u00f3n de la transmisi\u00f3n<\/strong><\/li>\n<\/ul>\n<p>s\u00ed<\/p>\n<ul>\n<li><strong>L\u00ednea privada digital<\/strong><\/li>\n<\/ul>\n<p>S\u00ed<\/p>\n<ul>\n<li><strong>L\u00ednea privada<\/strong><\/li>\n<\/ul>\n<p>S\u00ed<\/p>\n<ul>\n<li><strong>Monitor permanente<\/strong><\/li>\n<\/ul>\n<p>S\u00ed<\/p>\n<ul>\n<li><strong>Trabajador solitario<\/strong><\/li>\n<\/ul>\n<p>S\u00ed<\/p>\n<ul>\n<li><strong>Funcionamiento del GPS<\/strong><\/li>\n<\/ul>\n<p>S\u00ed<\/p>\n<ul>\n<li><strong>Anuncio de voz<\/strong><\/li>\n<\/ul>\n<p>S\u00ed<\/p>\n<ul>\n<li><strong>Se\u00f1alizaci\u00f3n<\/strong><\/li>\n<\/ul>\n<p>MDC (codificaci\u00f3n\/descodificaci\u00f3n), Quik-Call II (codificaci\u00f3n\/descodificaci\u00f3n), codificaci\u00f3n DTMF<\/p>\n<ul>\n<li><strong>Audio inteligente<\/strong><\/li>\n<\/ul>\n<p>S\u00ed<\/p>\n<ul>\n<li><strong>Botones programables<\/strong><\/li>\n<\/ul>\n<p>S\u00ed<\/p>\n<ul>\n<li><strong>Transmisi\u00f3n con portadora interrumpida (VOX)<\/strong><\/li>\n<\/ul>\n<p>S\u00ed<\/p>\n<ul>\n<li><strong>Temporizador<\/strong><\/li>\n<\/ul>\n<p>S\u00ed<\/p>\n<ul>\n<li><strong>Comunicaci\u00f3n directa<\/strong><\/li>\n<\/ul>\n<p>S\u00ed<\/p>\n<ul>\n<li><strong>Adecuado para mensajes de texto<\/strong><\/li>\n<\/ul>\n<p>S\u00ed<\/p>\n<ul>\n<li><strong>Tipos de lectura<\/strong><\/li>\n<\/ul>\n<p>Normal, Prioridad, Doble prioridad, Exclusi\u00f3n de canales no deseados, Conversaci\u00f3n en grupo, Todo el grupo, Sistema, Volver al estado inicial<\/p>\n<ul>\n<li><strong>Agenda telef\u00f3nica<\/strong><\/li>\n<\/ul>\n<p>S\u00ed<\/p>\n<ul>\n<li><strong>Llamada de grupo<\/strong><\/li>\n<\/ul>\n<p>S\u00ed<\/p>\n<ul>\n<li><strong>Llamada individual<\/strong><\/li>\n<\/ul>\n<p>S\u00ed<\/p>\n<ul>\n<li><strong>Alertas de llamadas perdidas<\/strong><\/li>\n<\/ul>\n<p>S\u00ed<\/p>\n<ul>\n<li><strong>Software de programaci\u00f3n de clientes (CPS)<\/strong><\/li>\n<\/ul>\n<p>S\u00ed<\/p>\n<ul>\n<li><strong>Separaci\u00f3n entre canales<\/strong><\/li>\n<\/ul>\n<p>6,25 kHz, 12,5 kHz, 25 kHz<\/p>\n<ul>\n<li><strong>N\u00famero de canales<\/strong><\/li>\n<\/ul>\n<p>1000<\/p>\n<ul>\n<li><strong>B\u00fasqueda de canales<\/strong><\/li>\n<\/ul>\n<p>S\u00ed<\/p>\n<ul>\n<li><strong>Identificador de llamadas<\/strong><\/li>\n<\/ul>\n<p>S\u00ed<\/p>\n<ul>\n<li><strong>Bloqueo de canal ocupado<\/strong><\/li>\n<\/ul>\n<p>S\u00ed<\/p>\n<ul>\n<li><strong>Voz y datos integrados<\/strong><\/li>\n<\/ul>\n<p>S\u00ed<\/p>\n<h3>CARACTER\u00cdSTICAS DE RENDIMIENTO<\/h3>\n<ul>\n<li><strong>Gama de frecuencias<\/strong><\/li>\n<\/ul>\n<p>VHF, UHF<\/p>\n<ul>\n<li><strong>1 vatio<\/strong><\/li>\n<\/ul>\n<p>S\u00ed<\/p>\n<ul>\n<li><strong>Apto para repetidores<\/strong><\/li>\n<\/ul>\n<p>S\u00ed<\/p>\n<ul>\n<li><strong>Duraci\u00f3n de la bater\u00eda (basada en el ciclo de funcionamiento 5 5 90)<\/strong><\/li>\n<\/ul>\n<p>16,2 horas en modo digital; 11,1 horas en modo anal\u00f3gico<\/p>\n<ul>\n<li><strong>Tipo de bater\u00eda est\u00e1ndar<\/strong><\/li>\n<\/ul>\n<p>Litio ionizado<\/p>\n<h3> <\/h3>\n<h3>CARACTER\u00cdSTICAS F\u00cdSICAS<\/h3>\n<ul>\n<li><strong>Peso con bater\u00eda de iones de litio sin FM<\/strong><\/li>\n<\/ul>\n<p>482 g (27 oz)<\/p>\n<ul>\n<li><strong>Dimensiones (HxAxL) con bater\u00eda Li-Ion no FM<\/strong><\/li>\n<\/ul>\n<p>138,5 x 56,7 x 39,8 mm (5,5 x 2,2 x 1,6 pulg.)<\/p>\n<ul>\n<li><strong>Tabla de opciones disponibles<\/strong><\/li>\n<\/ul>\n<p>S\u00ed<\/p>\n<ul>\n<li><strong>Bot\u00f3n de emergencia<\/strong><\/li>\n<\/ul>\n<p>S\u00ed<\/p>\n<ul>\n<li><strong>Teclado<\/strong><\/li>\n<\/ul>\n<p>Complete<\/p>\n<ul>\n<li><strong>Mostrar<\/strong><\/li>\n<\/ul>\n<p>A todo color, modo d\u00eda y modo noche<\/p>\n<\/p>\n<h3>TECNOLOG\u00cdA<\/h3>\n<ul>\n<li><strong>Tipo de sistema<\/strong><\/li>\n<\/ul>\n<p>Convencional, TDMA, Capacity Plus, IP Site Connect<\/p>\n<ul>\n<li><strong>Tecnolog\u00eda digital<\/strong><\/li>\n<\/ul>\n<p>S\u00ed<\/p>\n<\/p>\n<h3>ENTORNO DE USUARIO<\/h3>\n<ul>\n<li><strong>Norma de seguridad intr\u00ednseca<\/strong><\/li>\n<\/ul>\n<p>Certificaci\u00f3n ATEX\/INMETRO certificaci\u00f3n de grupo protecci\u00f3n contra gases, protecci\u00f3n contra el polvo, protecci\u00f3n minera<\/p>\n<ul>\n<li><strong>Normas IP<\/strong><\/li>\n<\/ul>\n<p>IP67<\/p>\n<ul>\n<li><strong>Sumergible<\/strong><\/li>\n<\/ul>\n<p>S\u00ed<\/p>\n<ul>\n<li><strong>Especificaciones militares<\/strong><\/li>\n<\/ul>\n<p>810 C, 810 D, 810 E, 810 F, 810 G<\/p>\n<ul>\n<li><strong>Software de reducci\u00f3n de ruido<\/strong><\/li>\n<\/ul>\n<p>S\u00ed<\/p>\n\t\t<\/div>\n\t\t\t\t\t<\/div>\n\n\t\n<\/div>\n<\/div><\/div><\/div>\n\t\t<\/div>\n\t\t\t\t\t<\/div>\n\n\t\n<\/div>\n\t\t<\/div>\n\t\t\t\t\t<\/div>\n\n\t\n<\/div>\n\t\t<\/div>\n\n\t\t\n<style>\n#section_158963937 {\n  padding-top: 0px;\n  padding-bottom: 0px;\n}\n<\/style>\n\t<\/section>\n\t\n","protected":false},"excerpt":{"rendered":"<p style=\"text-align: justify;\">Unas comunicaciones seguras y fiables son esenciales en entornos extremos, ya sea un supervisor de mina trabajando bajo tierra o un trabajador petroqu\u00edmico manteniendo un oleoducto. La radio port\u00e1til MOTOTRBO\u2122 DGP\u21228550EX mantiene a sus trabajadores conectados, seguros y productivos, dondequiera que trabajen. Nuestras capacidades de audio, las mejores de su clase, y de datos, insuperables, dan m\u00e1s poder que nunca a las personas.<\/p>\n<p style=\"text-align: justify;\">Estos port\u00e1tiles de alto rendimiento tienen la clasificaci\u00f3n de grupo de explosi\u00f3n de gas ATEX\/INMETRO m\u00e1s alta. Son ideales para trabajos peligrosos con mucho ruido, turnos largos y condiciones clim\u00e1ticas y ambientales adversas, como polvo combustible, productos qu\u00edmicos explosivos, fugas de gas, hidrocarburos inflamables y mucho m\u00e1s. Obtenga todas las ventajas de la tecnolog\u00eda digital MOTOTRBO, incluida una mayor capacidad, un audio m\u00e1s n\u00edtido y una mayor duraci\u00f3n de la bater\u00eda. Adem\u00e1s, las radios y los accesorios cuentan con la certificaci\u00f3n ATEX\/INMETRO de seguridad intr\u00ednseca.<\/p>\n","protected":false},"featured_media":9720,"comment_status":"closed","ping_status":"closed","template":"","meta":[],"product_brand":[],"product_cat":[165,155,157,161,162,185,163,156,158],"product_tag":[],"class_list":{"0":"post-19650","1":"product","2":"type-product","3":"status-publish","4":"has-post-thumbnail","6":"product_cat-equipos-atex-ex","7":"product_cat-linea-profesional","8":"product_cat-motorola-es","9":"product_cat-mototrbo-es","10":"product_cat-radio-dmr-es","11":"product_cat-radio-ex-es","12":"product_cat-radios-analogicas","13":"product_cat-radios-digitales","14":"product_cat-radios-portatiles","16":"first","17":"instock","18":"shipping-taxable","19":"product-type-simple"},"yoast_head":"<!-- This site is optimized with the Yoast SEO plugin v27.3 - https:\/\/yoast.com\/product\/yoast-seo-wordpress\/ -->\n<title>MOTOTRBO DGP8550 EX RADIO PORT\u00c1TIL - Abix<\/title>\n<meta name=\"description\" content=\"La radio port\u00e1til MOTOTRBO\u2122 DGP\u21228550EX mantiene a sus trabajadores conectados, seguros y productivos, dondequiera que trabajen. Ver m\u00e1s\" \/>\n<meta name=\"robots\" content=\"index, follow, max-snippet:-1, max-image-preview:large, max-video-preview:-1\" \/>\n<link rel=\"canonical\" href=\"https:\/\/abix.com.br\/produto\/dgp8550ex\/\" \/>\n<meta property=\"og:locale\" content=\"es_ES\" \/>\n<meta property=\"og:type\" content=\"article\" \/>\n<meta property=\"og:title\" content=\"MOTOTRBO DGP8550 EX RADIO PORT\u00c1TIL - Abix\" \/>\n<meta property=\"og:description\" content=\"La radio port\u00e1til MOTOTRBO\u2122 DGP\u21228550EX mantiene a sus trabajadores conectados, seguros y productivos, dondequiera que trabajen. Ver m\u00e1s\" \/>\n<meta property=\"og:url\" content=\"https:\/\/abix.com.br\/produto\/dgp8550ex\/\" \/>\n<meta property=\"og:site_name\" content=\"Abix\" \/>\n<meta property=\"article:modified_time\" content=\"2023-10-20T11:05:23+00:00\" \/>\n<meta property=\"og:image\" content=\"https:\/\/abix.com.br\/wp-content\/uploads\/2020\/05\/DGP8550EX-FRONT.jpg\" \/>\n\t<meta property=\"og:image:width\" content=\"512\" \/>\n\t<meta property=\"og:image:height\" content=\"512\" \/>\n\t<meta property=\"og:image:type\" content=\"image\/jpeg\" \/>\n<meta name=\"twitter:card\" content=\"summary_large_image\" \/>\n<meta name=\"twitter:label1\" content=\"Tiempo de lectura\" \/>\n\t<meta name=\"twitter:data1\" content=\"5 minutos\" \/>\n<script type=\"application\/ld+json\" class=\"yoast-schema-graph\">{\"@context\":\"https:\\\/\\\/schema.org\",\"@graph\":[{\"@type\":\"WebPage\",\"@id\":\"https:\\\/\\\/abix.com.br\\\/produto\\\/dgp8550ex\\\/\",\"url\":\"https:\\\/\\\/abix.com.br\\\/produto\\\/dgp8550ex\\\/\",\"name\":\"MOTOTRBO DGP8550 EX RADIO PORT\u00c1TIL - Abix\",\"isPartOf\":{\"@id\":\"https:\\\/\\\/abix.com.br\\\/#website\"},\"primaryImageOfPage\":{\"@id\":\"https:\\\/\\\/abix.com.br\\\/produto\\\/dgp8550ex\\\/#primaryimage\"},\"image\":{\"@id\":\"https:\\\/\\\/abix.com.br\\\/produto\\\/dgp8550ex\\\/#primaryimage\"},\"thumbnailUrl\":\"https:\\\/\\\/abix.com.br\\\/wp-content\\\/uploads\\\/2020\\\/05\\\/DGP8550EX-FRONT.jpg\",\"datePublished\":\"2020-05-14T20:09:41+00:00\",\"dateModified\":\"2023-10-20T11:05:23+00:00\",\"description\":\"La radio port\u00e1til MOTOTRBO\u2122 DGP\u21228550EX mantiene a sus trabajadores conectados, seguros y productivos, dondequiera que trabajen. Ver m\u00e1s\",\"breadcrumb\":{\"@id\":\"https:\\\/\\\/abix.com.br\\\/produto\\\/dgp8550ex\\\/#breadcrumb\"},\"inLanguage\":\"es\",\"potentialAction\":[{\"@type\":\"ReadAction\",\"target\":[\"https:\\\/\\\/abix.com.br\\\/produto\\\/dgp8550ex\\\/\"]}]},{\"@type\":\"ImageObject\",\"inLanguage\":\"es\",\"@id\":\"https:\\\/\\\/abix.com.br\\\/produto\\\/dgp8550ex\\\/#primaryimage\",\"url\":\"https:\\\/\\\/abix.com.br\\\/wp-content\\\/uploads\\\/2020\\\/05\\\/DGP8550EX-FRONT.jpg\",\"contentUrl\":\"https:\\\/\\\/abix.com.br\\\/wp-content\\\/uploads\\\/2020\\\/05\\\/DGP8550EX-FRONT.jpg\",\"width\":512,\"height\":512,\"caption\":\"R\u00c1DIO PORT\u00c1TIL MOTOTRBO DGP8550\"},{\"@type\":\"BreadcrumbList\",\"@id\":\"https:\\\/\\\/abix.com.br\\\/produto\\\/dgp8550ex\\\/#breadcrumb\",\"itemListElement\":[{\"@type\":\"ListItem\",\"position\":1,\"name\":\"In\u00edcio\",\"item\":\"https:\\\/\\\/abix.com.br\\\/es\\\/\"},{\"@type\":\"ListItem\",\"position\":2,\"name\":\"Tienda\",\"item\":\"https:\\\/\\\/abix.com.br\\\/loja\\\/\"},{\"@type\":\"ListItem\",\"position\":3,\"name\":\"MOTOTRBO DGP8550 EX RADIO PORT\u00c1TIL\"}]},{\"@type\":\"WebSite\",\"@id\":\"https:\\\/\\\/abix.com.br\\\/#website\",\"url\":\"https:\\\/\\\/abix.com.br\\\/\",\"name\":\"Abix\",\"description\":\"\",\"potentialAction\":[{\"@type\":\"SearchAction\",\"target\":{\"@type\":\"EntryPoint\",\"urlTemplate\":\"https:\\\/\\\/abix.com.br\\\/?s={search_term_string}\"},\"query-input\":{\"@type\":\"PropertyValueSpecification\",\"valueRequired\":true,\"valueName\":\"search_term_string\"}}],\"inLanguage\":\"es\"}]}<\/script>\n<!-- \/ Yoast SEO plugin. -->","yoast_head_json":{"title":"MOTOTRBO DGP8550 EX RADIO PORT\u00c1TIL - Abix","description":"La radio port\u00e1til MOTOTRBO\u2122 DGP\u21228550EX mantiene a sus trabajadores conectados, seguros y productivos, dondequiera que trabajen. Ver m\u00e1s","robots":{"index":"index","follow":"follow","max-snippet":"max-snippet:-1","max-image-preview":"max-image-preview:large","max-video-preview":"max-video-preview:-1"},"canonical":"https:\/\/abix.com.br\/produto\/dgp8550ex\/","og_locale":"es_ES","og_type":"article","og_title":"MOTOTRBO DGP8550 EX RADIO PORT\u00c1TIL - Abix","og_description":"La radio port\u00e1til MOTOTRBO\u2122 DGP\u21228550EX mantiene a sus trabajadores conectados, seguros y productivos, dondequiera que trabajen. Ver m\u00e1s","og_url":"https:\/\/abix.com.br\/produto\/dgp8550ex\/","og_site_name":"Abix","article_modified_time":"2023-10-20T11:05:23+00:00","og_image":[{"width":512,"height":512,"url":"https:\/\/abix.com.br\/wp-content\/uploads\/2020\/05\/DGP8550EX-FRONT.jpg","type":"image\/jpeg"}],"twitter_card":"summary_large_image","twitter_misc":{"Tiempo de lectura":"5 minutos"},"schema":{"@context":"https:\/\/schema.org","@graph":[{"@type":"WebPage","@id":"https:\/\/abix.com.br\/produto\/dgp8550ex\/","url":"https:\/\/abix.com.br\/produto\/dgp8550ex\/","name":"MOTOTRBO DGP8550 EX RADIO PORT\u00c1TIL - Abix","isPartOf":{"@id":"https:\/\/abix.com.br\/#website"},"primaryImageOfPage":{"@id":"https:\/\/abix.com.br\/produto\/dgp8550ex\/#primaryimage"},"image":{"@id":"https:\/\/abix.com.br\/produto\/dgp8550ex\/#primaryimage"},"thumbnailUrl":"https:\/\/abix.com.br\/wp-content\/uploads\/2020\/05\/DGP8550EX-FRONT.jpg","datePublished":"2020-05-14T20:09:41+00:00","dateModified":"2023-10-20T11:05:23+00:00","description":"La radio port\u00e1til MOTOTRBO\u2122 DGP\u21228550EX mantiene a sus trabajadores conectados, seguros y productivos, dondequiera que trabajen. Ver m\u00e1s","breadcrumb":{"@id":"https:\/\/abix.com.br\/produto\/dgp8550ex\/#breadcrumb"},"inLanguage":"es","potentialAction":[{"@type":"ReadAction","target":["https:\/\/abix.com.br\/produto\/dgp8550ex\/"]}]},{"@type":"ImageObject","inLanguage":"es","@id":"https:\/\/abix.com.br\/produto\/dgp8550ex\/#primaryimage","url":"https:\/\/abix.com.br\/wp-content\/uploads\/2020\/05\/DGP8550EX-FRONT.jpg","contentUrl":"https:\/\/abix.com.br\/wp-content\/uploads\/2020\/05\/DGP8550EX-FRONT.jpg","width":512,"height":512,"caption":"R\u00c1DIO PORT\u00c1TIL MOTOTRBO DGP8550"},{"@type":"BreadcrumbList","@id":"https:\/\/abix.com.br\/produto\/dgp8550ex\/#breadcrumb","itemListElement":[{"@type":"ListItem","position":1,"name":"In\u00edcio","item":"https:\/\/abix.com.br\/es\/"},{"@type":"ListItem","position":2,"name":"Tienda","item":"https:\/\/abix.com.br\/loja\/"},{"@type":"ListItem","position":3,"name":"MOTOTRBO DGP8550 EX RADIO PORT\u00c1TIL"}]},{"@type":"WebSite","@id":"https:\/\/abix.com.br\/#website","url":"https:\/\/abix.com.br\/","name":"Abix","description":"","potentialAction":[{"@type":"SearchAction","target":{"@type":"EntryPoint","urlTemplate":"https:\/\/abix.com.br\/?s={search_term_string}"},"query-input":{"@type":"PropertyValueSpecification","valueRequired":true,"valueName":"search_term_string"}}],"inLanguage":"es"}]}},"_links":{"self":[{"href":"https:\/\/abix.com.br\/es\/wp-json\/wp\/v2\/product\/19650","targetHints":{"allow":["GET"]}}],"collection":[{"href":"https:\/\/abix.com.br\/es\/wp-json\/wp\/v2\/product"}],"about":[{"href":"https:\/\/abix.com.br\/es\/wp-json\/wp\/v2\/types\/product"}],"replies":[{"embeddable":true,"href":"https:\/\/abix.com.br\/es\/wp-json\/wp\/v2\/comments?post=19650"}],"wp:featuredmedia":[{"embeddable":true,"href":"https:\/\/abix.com.br\/es\/wp-json\/wp\/v2\/media\/9720"}],"wp:attachment":[{"href":"https:\/\/abix.com.br\/es\/wp-json\/wp\/v2\/media?parent=19650"}],"wp:term":[{"taxonomy":"product_brand","embeddable":true,"href":"https:\/\/abix.com.br\/es\/wp-json\/wp\/v2\/product_brand?post=19650"},{"taxonomy":"product_cat","embeddable":true,"href":"https:\/\/abix.com.br\/es\/wp-json\/wp\/v2\/product_cat?post=19650"},{"taxonomy":"product_tag","embeddable":true,"href":"https:\/\/abix.com.br\/es\/wp-json\/wp\/v2\/product_tag?post=19650"}],"curies":[{"name":"wp","href":"https:\/\/api.w.org\/{rel}","templated":true}]}}