{"id":19651,"date":"2020-05-14T16:49:51","date_gmt":"2020-05-14T19:49:51","guid":{"rendered":"https:\/\/abix.com.br\/produto\/radio-portatil-mototrbo-sl8550\/"},"modified":"2023-10-20T08:08:12","modified_gmt":"2023-10-20T11:08:12","slug":"radio-portatil-mototrbo-sl8550","status":"publish","type":"product","link":"https:\/\/abix.com.br\/es\/produto\/radio-portatil-mototrbo-sl8550\/","title":{"rendered":"RADIO PORT\u00c1TIL MOTOTRBO &#8211; SL8550"},"content":{"rendered":"\n\t<section class=\"section\" id=\"section_1896651840\">\n\t\t<div class=\"section-bg fill\" >\n\t\t\t\t\t\t\t\t\t\n\t\t\t\n\n\t\t<\/div>\n\n\t\t\n\n\t\t<div class=\"section-content relative\">\n\t\t\t\n<div class=\"row\"  id=\"row-1063251097\">\n\n\t<div id=\"col-348088658\" class=\"col small-12 large-12\"  >\n\t\t\t\t<div class=\"col-inner\"  >\n\t\t\t\n\t\t\t\n<div class=\"row\"  id=\"row-1402062970\">\n\n\t<div id=\"col-1276236195\" class=\"col small-12 large-12\"  >\n\t\t\t\t<div class=\"col-inner\"  >\n\t\t\t\n\t\t\t\n\n\t\t<div class=\"tabbed-content locacao-tabs\">\n\t\t\t\n\t\t\t<ul class=\"nav nav-tabs nav-normal nav-size-xlarge nav-left active-on-hover\" role=\"tablist\"><li id=\"tab-informaci\u00d3n\" class=\"tab active has-icon\" role=\"presentation\"><a href=\"#tab_informaci\u00d3n\" role=\"tab\" aria-selected=\"true\" aria-controls=\"tab_informaci\u00d3n\"><span>INFORMACI\u00d3N<\/span><\/a><\/li>\n<li id=\"tab-accesorios\" class=\"tab has-icon\" role=\"presentation\"><a href=\"#tab_accesorios\" tabindex=\"-1\" role=\"tab\" aria-selected=\"false\" aria-controls=\"tab_accesorios\"><span>ACCESORIOS<\/span><\/a><\/li>\n<li id=\"tab-descargas\" class=\"tab has-icon\" role=\"presentation\"><a href=\"#tab_descargas\" tabindex=\"-1\" role=\"tab\" aria-selected=\"false\" aria-controls=\"tab_descargas\"><span>DESCARGAS<\/span><\/a><\/li>\n<li id=\"tab-especificaciones\" class=\"tab has-icon\" role=\"presentation\"><a href=\"#tab_especificaciones\" tabindex=\"-1\" role=\"tab\" aria-selected=\"false\" aria-controls=\"tab_especificaciones\"><span>ESPECIFICACIONES<\/span><\/a><\/li><\/ul><div class=\"tab-panels\"><div id=\"tab_informaci\u00d3n\" class=\"panel active entry-content\" role=\"tabpanel\" aria-labelledby=\"tab-informaci\u00d3n\">\n<div class=\"row\"  id=\"row-55409076\">\n\n\t<div id=\"col-1101358042\" class=\"col medium-6 small-12 large-6\"  >\n\t\t\t\t<div class=\"col-inner\"  >\n\t\t\t\n\t\t\t\n<p><strong>PANTALLA EN COLOR MUY INTUITIVA<\/strong><\/p>\n<p>Pantalla mejorada de 5 l\u00edneas con una interfaz basada en men\u00fas extremadamente flexible. Fotosensor integrado capaz de ajustar intuitivamente la retroiluminaci\u00f3n de la pantalla para optimizar la visualizaci\u00f3n incluso a plena luz del d\u00eda. El modo nocturno facilita la lectura en entornos oscuros.<\/p>\n<p><strong>EL MEJOR RENDIMIENTO DE AUDIO DE SU CATEGOR\u00cdA<\/strong><\/p>\n<p>Altavoz frontal de alto rendimiento y funciones realmente exclusivas como Audio Inteligente y Anuncio de Voz, que mejoran la claridad con la que puede hablar y o\u00edr, sea cual sea el entorno en el que trabajen sus empleados.<\/p>\n<p><strong>AMPL\u00cdE SU CAPACIDAD Y COBERTURA<\/strong><\/p>\n<p>Experimente la amplia cobertura de MOTOTRBO. IP Site Connect utiliza Internet para ampliar la cobertura con el fin de crear una red de \u00e1rea extendida, mientras que el sistema troncalizado de sitio \u00fanico Capacity Plus puede ampliar la capacidad a m\u00e1s de 1.000 usuarios, sin necesidad de incorporar nuevas frecuencias.<\/p>\n<p><strong>COMPARTE INFORMACI\u00d3N AL INSTANTE CON LA CONECTIVIDAD DE DATOS BLUETOOTH<\/strong><\/p>\n<p>Con\u00e9ctate de forma inal\u00e1mbrica con dispositivos de datos con Bluetooth y comparte informaci\u00f3n en tiempo real muy f\u00e1cilmente.<\/p>\n<p><strong>MENSAJER\u00cdA DE TEXTO MUY FLEXIBLE Y SIMPLIFICADA<\/strong><\/p>\n<p>Utilice la mensajer\u00eda de texto en los casos en los que se requiera discreci\u00f3n o en los que las comunicaciones rutinarias deban estar disponibles sin interrumpir las actividades de los empleados o invitados.<\/p>\n<p><strong>APLICACIONES DE DATOS DISE\u00d1ADAS PARA MEJORAR LA PRODUCTIVIDAD<\/strong><\/p>\n<p>Ofrece el programa de desarrollo de aplicaciones m\u00e1s importante del sector; incluye aplicaciones de datos personalizadas y adaptadas a las necesidades de su empresa: localizaci\u00f3n, gesti\u00f3n de entrada de \u00f3rdenes de trabajo, datos Bluetooth, pasarelas de correo electr\u00f3nico, despacho, telefon\u00eda y trabajador accidentado.<\/p>\n<p><strong>DE FORMA ENCUBIERTA Y DISCRETA EN LOS MOMENTOS IMPORTANTES<\/strong><\/p>\n<p>Comunicaciones discretas simplificadas; el modo encubierto desactiva la pantalla, los LED visibles y los tonos audibles. La alerta por vibraci\u00f3n es otra opci\u00f3n de comunicaci\u00f3n discreta.<\/p>\n<p><strong>TOTAL LIBERTAD PARA MOVERSE DE UN LADO A OTRO<\/strong><\/p>\n<p>Disfruta de unas comunicaciones c\u00f3modas con el audio Bluetooth integrado en la radio. Aproveche las ventajas de los exclusivos auriculares inal\u00e1mbricos de Motorola para operaciones cr\u00edticas, especialmente dise\u00f1ados para una comunicaci\u00f3n inal\u00e1mbrica simplificada y fiable.<\/p>\n<p><strong>MAYOR EFICACIA CON LA GESTI\u00d3N DE LAS \u00d3RDENES DE TRABAJO<\/strong><\/p>\n<p>Leer y responder a las \u00f3rdenes de trabajo sobre el terreno<\/p>\n\t\t<\/div>\n\t\t\t\t\t<\/div>\n\n\t\n\n\t<div id=\"col-1833753950\" class=\"col medium-6 small-12 large-6\"  >\n\t\t\t\t<div class=\"col-inner text-left\"  >\n\t\t\t\n\t\t\t\n\t\t<\/div>\n\t\t\t\t\t<\/div>\n\n\t\n<\/div>\n<\/div>\n<div id=\"tab_accesorios\" class=\"panel entry-content\" role=\"tabpanel\" aria-labelledby=\"tab-accesorios\">\n<div class=\"row align-middle\"  id=\"row-486726958\">\n\n\t<div id=\"col-1349035813\" class=\"col medium-10 small-12 large-10\"  >\n\t\t\t\t<div class=\"col-inner\"  >\n\t\t\t\n\t\t\t\n<p>CONTENIDO<\/p>\n\t\t<\/div>\n\t\t\t\t\t<\/div>\n\n\t\n\n\t<div id=\"col-1013407330\" class=\"col medium-2 small-12 large-2\"  >\n\t\t\t\t<div class=\"col-inner\"  >\n\t\t\t\n\t\t\t\n\t\t<\/div>\n\t\t\t\t\t<\/div>\n\n\t\n<\/div>\n<\/div>\n<div id=\"tab_descargas\" class=\"panel entry-content\" role=\"tabpanel\" aria-labelledby=\"tab-descargas\">\n<div class=\"row\"  id=\"row-348619864\">\n\n\t<div id=\"col-1747254156\" class=\"col medium-10 small-12 large-10\"  >\n\t\t\t\t<div class=\"col-inner\"  >\n\t\t\t\n\t\t\t\n<p><a href=\"https:\/\/www.abix.com.br\/wp-content\/uploads\/Ficha-SL8550.pdf\">Hoja de datos de SL8550<\/a><\/p>\n\t\t<\/div>\n\t\t\t\t\t<\/div>\n\n\t\n<\/div>\n<\/div>\n<div id=\"tab_especificaciones\" class=\"panel entry-content\" role=\"tabpanel\" aria-labelledby=\"tab-especificaciones\">\n<div class=\"row\"  id=\"row-122355077\">\n\n\t<div id=\"col-2128890523\" class=\"col medium-9 small-12 large-9\"  >\n\t\t\t\t<div class=\"col-inner\"  >\n\t\t\t\n\t\t\t\n<h3>CARACTER\u00cdSTICAS DE RENDIMIENTO<\/h3>\n<ul>\n<li><strong>Gama de frecuencias<\/strong><\/li>\n<\/ul>\n<p>UHF-1<\/p>\n<ul>\n<li><strong>Gama de frecuencias<\/strong><\/li>\n<\/ul>\n<p>UHF (403-470 MHz)<\/p>\n<ul>\n<li><strong>Apto para repetidores<\/strong><\/li>\n<\/ul>\n<p>S\u00ed<\/p>\n<ul>\n<li><strong>Potencia<\/strong><\/li>\n<\/ul>\n<p>2W &#8211; UHF<\/p>\n<ul>\n<li><strong>Duraci\u00f3n de la bater\u00eda (basada en el ciclo de funcionamiento 5 5 90)<\/strong><\/li>\n<\/ul>\n<p>11,5 horas en modo digital<\/p>\n<ul>\n<li><strong>Tipo de bater\u00eda est\u00e1ndar<\/strong><\/li>\n<\/ul>\n<p>Litio ionizado<\/p>\n<ul>\n<li><strong>2 Vatios<\/strong><\/li>\n<\/ul>\n<p>S\u00ed<\/p>\n<h3>CARACTER\u00cdSTICAS F\u00cdSICAS<\/h3>\n<ul>\n<li><strong>Tabla de opciones disponibles<\/strong><\/li>\n<\/ul>\n<p>S\u00ed<\/p>\n<ul>\n<li><strong>Bot\u00f3n de emergencia<\/strong><\/li>\n<\/ul>\n<p>S\u00ed<\/p>\n<ul>\n<li><strong>Teclado<\/strong><\/li>\n<\/ul>\n<p>Complete<\/p>\n<ul>\n<li><strong>Mostrar<\/strong><\/li>\n<\/ul>\n<p>Total<\/p>\n<ul>\n<li><strong>Peso (con bater\u00eda est\u00e1ndar)<\/strong><\/li>\n<\/ul>\n<p>153 g<\/p>\n<ul>\n<li><strong>Dimensiones Al x An x Pr (con bater\u00eda est\u00e1ndar)<\/strong><\/li>\n<\/ul>\n<p>121 x 55 x 17,4 mm (4,76 x 2,17 x 0,68 pulgadas)<\/p>\n<h3>TECNOLOG\u00cdA<\/h3>\n<ul>\n<li><strong>Tipo de sistema<\/strong><\/li>\n<\/ul>\n<p>Convencional, TDMA, Capacity Plus, IP Site Connect<\/p>\n<ul>\n<li><strong>Tecnolog\u00eda digital<\/strong><\/li>\n<\/ul>\n<p>S\u00ed<\/p>\n<h3>ENTORNO DE USUARIO<\/h3>\n<ul>\n<li><strong>Especificaciones militares<\/strong><\/li>\n<\/ul>\n<p>810 C, 810 D, 810 E, 810 F, 810 G<\/p>\n<ul>\n<li><strong>Software de reducci\u00f3n de ruido<\/strong><\/li>\n<\/ul>\n<p>S\u00ed<\/p>\n<ul>\n<li><strong>Normas IP<\/strong><\/li>\n<\/ul>\n<p>IP54<\/p>\n<h3>RECURSOS RADIOF\u00d3NICOS<\/h3>\n<ul>\n<li><strong>Interrupci\u00f3n de la transmisi\u00f3n<\/strong><\/li>\n<\/ul>\n<p>s\u00ed<\/p>\n<ul>\n<li><strong>Anuncio de voz<\/strong><\/li>\n<\/ul>\n<p>S\u00ed<\/p>\n<ul>\n<li><strong>VibraCall<\/strong><\/li>\n<\/ul>\n<p>S\u00ed<\/p>\n<ul>\n<li><strong>Audio inteligente<\/strong><\/li>\n<\/ul>\n<p>S\u00ed<\/p>\n<ul>\n<li><strong>Bluetooth<\/strong><\/li>\n<\/ul>\n<p>Audio Bluetooth integrado, Datos Bluetooth integrados<\/p>\n<ul>\n<li><strong>Clonaci\u00f3n<\/strong><\/li>\n<\/ul>\n<p>Con cable<\/p>\n<ul>\n<li><strong>Botones programables<\/strong><\/li>\n<\/ul>\n<p>S\u00ed<\/p>\n<ul>\n<li><strong>Transmisi\u00f3n con portadora interrumpida (VOX)<\/strong><\/li>\n<\/ul>\n<p>S\u00ed<\/p>\n<ul>\n<li><strong>Temporizador<\/strong><\/li>\n<\/ul>\n<p>S\u00ed<\/p>\n<ul>\n<li><strong>Comunicaci\u00f3n directa<\/strong><\/li>\n<\/ul>\n<p>S\u00ed<\/p>\n<ul>\n<li><strong>Adecuado para mensajes de texto<\/strong><\/li>\n<\/ul>\n<p>S\u00ed<\/p>\n<ul>\n<li><strong>Tipos de lectura<\/strong><\/li>\n<\/ul>\n<p>Normal, Prioridad, Doble prioridad, Exclusi\u00f3n de canales no deseados, Conversaci\u00f3n en grupo, Todo el grupo, Sistema, Volver al estado inicial<\/p>\n<ul>\n<li><strong>Agenda telef\u00f3nica<\/strong><\/li>\n<\/ul>\n<p>S\u00ed<\/p>\n<ul>\n<li><strong>Llamada de grupo<\/strong><\/li>\n<\/ul>\n<p>S\u00ed<\/p>\n<ul>\n<li><strong>Llamada individual<\/strong><\/li>\n<\/ul>\n<p>S\u00ed<\/p>\n<ul>\n<li><strong>Alertas de llamadas perdidas<\/strong><\/li>\n<\/ul>\n<p>S\u00ed<\/p>\n<ul>\n<li><strong>Software de programaci\u00f3n de clientes (CPS)<\/strong><\/li>\n<\/ul>\n<p>S\u00ed<\/p>\n<ul>\n<li><strong>Separaci\u00f3n entre canales<\/strong><\/li>\n<\/ul>\n<p>6,25 kHz, 12,5 kHz, 25 kHz<\/p>\n<ul>\n<li><strong>N\u00famero de canales<\/strong><\/li>\n<\/ul>\n<p>1,000<\/p>\n<ul>\n<li><strong>B\u00fasqueda de canales<\/strong><\/li>\n<\/ul>\n<p>S\u00ed<\/p>\n<ul>\n<li><strong>Trabajador solitario<\/strong><\/li>\n<\/ul>\n<p>S\u00ed<\/p>\n<ul>\n<li><strong>Identificador de llamadas<\/strong><\/li>\n<\/ul>\n<p>S\u00ed<\/p>\n<ul>\n<li><strong>Desv\u00edo de llamadas<\/strong><\/li>\n<\/ul>\n<p>s\u00ed<\/p>\n<ul>\n<li><strong>Desv\u00edo de llamadas<\/strong><\/li>\n<\/ul>\n<p>S\u00ed<\/p>\n<ul>\n<li><strong>Bloqueo de canal ocupado<\/strong><\/li>\n<\/ul>\n<p>S\u00ed<\/p>\n<ul>\n<li><strong>Voz y datos integrados<\/strong><\/li>\n<\/ul>\n<p>S\u00ed<\/p>\n\t\t<\/div>\n\t\t\t\t\t<\/div>\n\n\t\n<\/div>\n<\/div><\/div><\/div>\n\t\t<\/div>\n\t\t\t\t\t<\/div>\n\n\t\n<\/div>\n\t\t<\/div>\n\t\t\t\t\t<\/div>\n\n\t\n<\/div>\n\t\t<\/div>\n\n\t\t\n<style>\n#section_1896651840 {\n  padding-top: 0px;\n  padding-bottom: 0px;\n}\n<\/style>\n\t<\/section>\n\t\n","protected":false},"excerpt":{"rendered":"<p style=\"text-align: justify;\">Desde ejecutivos de empresa y directores de hotel hasta agentes de seguridad privada y operadores aeroportuarios, la radio SL8550 MOTOTRBO\u2122 le mantiene conectado de inmediato y con un control total de la situaci\u00f3n. Incre\u00edblemente fino y ligero, el SL8550 representa lo \u00faltimo en comunicaciones discretas. Vers\u00e1til y potente, la radio port\u00e1til SL8550 MOTOTRBO se ha dise\u00f1ado especialmente para satisfacer las necesidades de comunicaci\u00f3n de los clientes de los sectores hotelero, de servicios, de seguridad y aeroportuario. No pesa m\u00e1s que cualquier smartphone est\u00e1ndar. Su dise\u00f1o estilizado y sus innovadoras funciones, como el audio inteligente, el modo oculto y el Bluetooth integrado, le ayudan a mejorar su nivel de profesionalidad y discreci\u00f3n, permiti\u00e9ndole optimizar su servicio de atenci\u00f3n al cliente y sus tiempos de respuesta.<\/p>\n<p style=\"text-align: justify;\">Con la radio SL8550 MOTOTRBO, hemos conseguido reinventar las comunicaciones digitales bidireccionales y redefinir todo lo que espera de la tecnolog\u00eda de radio. Nuestra amplia y completa cartera MOTOTRBO de radios m\u00f3viles y port\u00e1tiles, repetidores, accesorios, aplicaciones de datos, software y servicios puede ayudarle a transformar su empresa y equipar a su personal con unas comunicaciones de voz y datos discretas en tiempo real sin igual para que puedan colaborar como nunca antes. Esto es Reinventar lo digital.<\/p>\n","protected":false},"featured_media":9615,"comment_status":"closed","ping_status":"closed","template":"","meta":[],"product_brand":[],"product_cat":[155,157,161,162,163,156,158],"product_tag":[],"class_list":{"0":"post-19651","1":"product","2":"type-product","3":"status-publish","4":"has-post-thumbnail","6":"product_cat-linea-profesional","7":"product_cat-motorola-es","8":"product_cat-mototrbo-es","9":"product_cat-radio-dmr-es","10":"product_cat-radios-analogicas","11":"product_cat-radios-digitales","12":"product_cat-radios-portatiles","14":"first","15":"instock","16":"shipping-taxable","17":"product-type-simple"},"yoast_head":"<!-- This site is optimized with the Yoast SEO plugin v27.4 - https:\/\/yoast.com\/product\/yoast-seo-wordpress\/ -->\n<title>RADIO PORT\u00c1TIL MOTOTRBO - SL8550 - Abix Tecnolog\u00eda<\/title>\n<meta name=\"description\" content=\"Desde ejecutivos de empresa y directores de hotel hasta agentes de seguridad privada y operadores aeroportuarios, la radio SL8550 MOTOTRBO\u2122\" \/>\n<meta name=\"robots\" content=\"index, follow, max-snippet:-1, max-image-preview:large, max-video-preview:-1\" \/>\n<link rel=\"canonical\" href=\"https:\/\/abix.com.br\/produto\/sl8550\/\" \/>\n<meta property=\"og:locale\" content=\"es_ES\" \/>\n<meta property=\"og:type\" content=\"article\" \/>\n<meta property=\"og:title\" content=\"RADIO PORT\u00c1TIL MOTOTRBO - SL8550 - Abix Tecnolog\u00eda\" \/>\n<meta property=\"og:description\" content=\"Desde ejecutivos de empresa y directores de hotel hasta agentes de seguridad privada y operadores aeroportuarios, la radio SL8550 MOTOTRBO\u2122\" \/>\n<meta property=\"og:url\" content=\"https:\/\/abix.com.br\/produto\/sl8550\/\" \/>\n<meta property=\"og:site_name\" content=\"Abix\" \/>\n<meta property=\"article:modified_time\" content=\"2023-10-20T11:08:12+00:00\" \/>\n<meta property=\"og:image\" content=\"https:\/\/abix.com.br\/wp-content\/uploads\/2020\/05\/SL8050-FRONT.png\" \/>\n\t<meta property=\"og:image:width\" content=\"512\" \/>\n\t<meta property=\"og:image:height\" content=\"512\" \/>\n\t<meta property=\"og:image:type\" content=\"image\/png\" \/>\n<meta name=\"twitter:card\" content=\"summary_large_image\" \/>\n<meta name=\"twitter:label1\" content=\"Tiempo de lectura\" \/>\n\t<meta name=\"twitter:data1\" content=\"4 minutos\" \/>\n<script type=\"application\/ld+json\" class=\"yoast-schema-graph\">{\"@context\":\"https:\\\/\\\/schema.org\",\"@graph\":[{\"@type\":\"WebPage\",\"@id\":\"https:\\\/\\\/abix.com.br\\\/produto\\\/sl8550\\\/\",\"url\":\"https:\\\/\\\/abix.com.br\\\/produto\\\/sl8550\\\/\",\"name\":\"RADIO PORT\u00c1TIL MOTOTRBO - SL8550 - Abix Tecnolog\u00eda\",\"isPartOf\":{\"@id\":\"https:\\\/\\\/abix.com.br\\\/#website\"},\"primaryImageOfPage\":{\"@id\":\"https:\\\/\\\/abix.com.br\\\/produto\\\/sl8550\\\/#primaryimage\"},\"image\":{\"@id\":\"https:\\\/\\\/abix.com.br\\\/produto\\\/sl8550\\\/#primaryimage\"},\"thumbnailUrl\":\"https:\\\/\\\/abix.com.br\\\/wp-content\\\/uploads\\\/2020\\\/05\\\/SL8050-FRONT.png\",\"datePublished\":\"2020-05-14T19:49:51+00:00\",\"dateModified\":\"2023-10-20T11:08:12+00:00\",\"description\":\"Desde ejecutivos de empresa y directores de hotel hasta agentes de seguridad privada y operadores aeroportuarios, la radio SL8550 MOTOTRBO\u2122\",\"breadcrumb\":{\"@id\":\"https:\\\/\\\/abix.com.br\\\/produto\\\/sl8550\\\/#breadcrumb\"},\"inLanguage\":\"es\",\"potentialAction\":[{\"@type\":\"ReadAction\",\"target\":[\"https:\\\/\\\/abix.com.br\\\/produto\\\/sl8550\\\/\"]}]},{\"@type\":\"ImageObject\",\"inLanguage\":\"es\",\"@id\":\"https:\\\/\\\/abix.com.br\\\/produto\\\/sl8550\\\/#primaryimage\",\"url\":\"https:\\\/\\\/abix.com.br\\\/wp-content\\\/uploads\\\/2020\\\/05\\\/SL8050-FRONT.png\",\"contentUrl\":\"https:\\\/\\\/abix.com.br\\\/wp-content\\\/uploads\\\/2020\\\/05\\\/SL8050-FRONT.png\",\"width\":512,\"height\":512,\"caption\":\"R\u00c1DIO PORT\u00c1TIL MOTOTRBO SL8550\"},{\"@type\":\"BreadcrumbList\",\"@id\":\"https:\\\/\\\/abix.com.br\\\/produto\\\/sl8550\\\/#breadcrumb\",\"itemListElement\":[{\"@type\":\"ListItem\",\"position\":1,\"name\":\"In\u00edcio\",\"item\":\"https:\\\/\\\/abix.com.br\\\/es\\\/\"},{\"@type\":\"ListItem\",\"position\":2,\"name\":\"Tienda\",\"item\":\"https:\\\/\\\/abix.com.br\\\/loja\\\/\"},{\"@type\":\"ListItem\",\"position\":3,\"name\":\"RADIO PORT\u00c1TIL MOTOTRBO &#8211; SL8550\"}]},{\"@type\":\"WebSite\",\"@id\":\"https:\\\/\\\/abix.com.br\\\/#website\",\"url\":\"https:\\\/\\\/abix.com.br\\\/\",\"name\":\"Abix\",\"description\":\"\",\"potentialAction\":[{\"@type\":\"SearchAction\",\"target\":{\"@type\":\"EntryPoint\",\"urlTemplate\":\"https:\\\/\\\/abix.com.br\\\/?s={search_term_string}\"},\"query-input\":{\"@type\":\"PropertyValueSpecification\",\"valueRequired\":true,\"valueName\":\"search_term_string\"}}],\"inLanguage\":\"es\"}]}<\/script>\n<!-- \/ Yoast SEO plugin. -->","yoast_head_json":{"title":"RADIO PORT\u00c1TIL MOTOTRBO - SL8550 - Abix Tecnolog\u00eda","description":"Desde ejecutivos de empresa y directores de hotel hasta agentes de seguridad privada y operadores aeroportuarios, la radio SL8550 MOTOTRBO\u2122","robots":{"index":"index","follow":"follow","max-snippet":"max-snippet:-1","max-image-preview":"max-image-preview:large","max-video-preview":"max-video-preview:-1"},"canonical":"https:\/\/abix.com.br\/produto\/sl8550\/","og_locale":"es_ES","og_type":"article","og_title":"RADIO PORT\u00c1TIL MOTOTRBO - SL8550 - Abix Tecnolog\u00eda","og_description":"Desde ejecutivos de empresa y directores de hotel hasta agentes de seguridad privada y operadores aeroportuarios, la radio SL8550 MOTOTRBO\u2122","og_url":"https:\/\/abix.com.br\/produto\/sl8550\/","og_site_name":"Abix","article_modified_time":"2023-10-20T11:08:12+00:00","og_image":[{"width":512,"height":512,"url":"https:\/\/abix.com.br\/wp-content\/uploads\/2020\/05\/SL8050-FRONT.png","type":"image\/png"}],"twitter_card":"summary_large_image","twitter_misc":{"Tiempo de lectura":"4 minutos"},"schema":{"@context":"https:\/\/schema.org","@graph":[{"@type":"WebPage","@id":"https:\/\/abix.com.br\/produto\/sl8550\/","url":"https:\/\/abix.com.br\/produto\/sl8550\/","name":"RADIO PORT\u00c1TIL MOTOTRBO - SL8550 - Abix Tecnolog\u00eda","isPartOf":{"@id":"https:\/\/abix.com.br\/#website"},"primaryImageOfPage":{"@id":"https:\/\/abix.com.br\/produto\/sl8550\/#primaryimage"},"image":{"@id":"https:\/\/abix.com.br\/produto\/sl8550\/#primaryimage"},"thumbnailUrl":"https:\/\/abix.com.br\/wp-content\/uploads\/2020\/05\/SL8050-FRONT.png","datePublished":"2020-05-14T19:49:51+00:00","dateModified":"2023-10-20T11:08:12+00:00","description":"Desde ejecutivos de empresa y directores de hotel hasta agentes de seguridad privada y operadores aeroportuarios, la radio SL8550 MOTOTRBO\u2122","breadcrumb":{"@id":"https:\/\/abix.com.br\/produto\/sl8550\/#breadcrumb"},"inLanguage":"es","potentialAction":[{"@type":"ReadAction","target":["https:\/\/abix.com.br\/produto\/sl8550\/"]}]},{"@type":"ImageObject","inLanguage":"es","@id":"https:\/\/abix.com.br\/produto\/sl8550\/#primaryimage","url":"https:\/\/abix.com.br\/wp-content\/uploads\/2020\/05\/SL8050-FRONT.png","contentUrl":"https:\/\/abix.com.br\/wp-content\/uploads\/2020\/05\/SL8050-FRONT.png","width":512,"height":512,"caption":"R\u00c1DIO PORT\u00c1TIL MOTOTRBO SL8550"},{"@type":"BreadcrumbList","@id":"https:\/\/abix.com.br\/produto\/sl8550\/#breadcrumb","itemListElement":[{"@type":"ListItem","position":1,"name":"In\u00edcio","item":"https:\/\/abix.com.br\/es\/"},{"@type":"ListItem","position":2,"name":"Tienda","item":"https:\/\/abix.com.br\/loja\/"},{"@type":"ListItem","position":3,"name":"RADIO PORT\u00c1TIL MOTOTRBO &#8211; SL8550"}]},{"@type":"WebSite","@id":"https:\/\/abix.com.br\/#website","url":"https:\/\/abix.com.br\/","name":"Abix","description":"","potentialAction":[{"@type":"SearchAction","target":{"@type":"EntryPoint","urlTemplate":"https:\/\/abix.com.br\/?s={search_term_string}"},"query-input":{"@type":"PropertyValueSpecification","valueRequired":true,"valueName":"search_term_string"}}],"inLanguage":"es"}]}},"_links":{"self":[{"href":"https:\/\/abix.com.br\/es\/wp-json\/wp\/v2\/product\/19651","targetHints":{"allow":["GET"]}}],"collection":[{"href":"https:\/\/abix.com.br\/es\/wp-json\/wp\/v2\/product"}],"about":[{"href":"https:\/\/abix.com.br\/es\/wp-json\/wp\/v2\/types\/product"}],"replies":[{"embeddable":true,"href":"https:\/\/abix.com.br\/es\/wp-json\/wp\/v2\/comments?post=19651"}],"wp:featuredmedia":[{"embeddable":true,"href":"https:\/\/abix.com.br\/es\/wp-json\/wp\/v2\/media\/9615"}],"wp:attachment":[{"href":"https:\/\/abix.com.br\/es\/wp-json\/wp\/v2\/media?parent=19651"}],"wp:term":[{"taxonomy":"product_brand","embeddable":true,"href":"https:\/\/abix.com.br\/es\/wp-json\/wp\/v2\/product_brand?post=19651"},{"taxonomy":"product_cat","embeddable":true,"href":"https:\/\/abix.com.br\/es\/wp-json\/wp\/v2\/product_cat?post=19651"},{"taxonomy":"product_tag","embeddable":true,"href":"https:\/\/abix.com.br\/es\/wp-json\/wp\/v2\/product_tag?post=19651"}],"curies":[{"name":"wp","href":"https:\/\/api.w.org\/{rel}","templated":true}]}}