{"id":19652,"date":"2020-05-14T16:21:17","date_gmt":"2020-05-14T19:21:17","guid":{"rendered":"https:\/\/abix.com.br\/produto\/radio-portatil-mototrbo-dep450\/"},"modified":"2023-10-20T08:09:58","modified_gmt":"2023-10-20T11:09:58","slug":"radio-portatil-mototrbo-dep450","status":"publish","type":"product","link":"https:\/\/abix.com.br\/es\/produto\/radio-portatil-mototrbo-dep450\/","title":{"rendered":"RADIO PORT\u00c1TIL MOTOTRBO &#8211; DEP450"},"content":{"rendered":"\n\t<section class=\"section\" id=\"section_2792039\">\n\t\t<div class=\"section-bg fill\" >\n\t\t\t\t\t\t\t\t\t\n\t\t\t\n\n\t\t<\/div>\n\n\t\t\n\n\t\t<div class=\"section-content relative\">\n\t\t\t\n<div class=\"row\"  id=\"row-184533438\">\n\n\t<div id=\"col-971528187\" class=\"col small-12 large-12\"  >\n\t\t\t\t<div class=\"col-inner\"  >\n\t\t\t\n\t\t\t\n<div class=\"row\"  id=\"row-523847914\">\n\n\t<div id=\"col-1887974656\" class=\"col small-12 large-12\"  >\n\t\t\t\t<div class=\"col-inner\"  >\n\t\t\t\n\t\t\t\n\n\t\t<div class=\"tabbed-content locacao-tabs\">\n\t\t\t\n\t\t\t<ul class=\"nav nav-tabs nav-normal nav-size-xlarge nav-left active-on-hover\" role=\"tablist\"><li id=\"tab-informaci\u00d3n\" class=\"tab active has-icon\" role=\"presentation\"><a href=\"#tab_informaci\u00d3n\" role=\"tab\" aria-selected=\"true\" aria-controls=\"tab_informaci\u00d3n\"><span>INFORMACI\u00d3N<\/span><\/a><\/li>\n<li id=\"tab-accesorios\" class=\"tab has-icon\" role=\"presentation\"><a href=\"#tab_accesorios\" tabindex=\"-1\" role=\"tab\" aria-selected=\"false\" aria-controls=\"tab_accesorios\"><span>ACCESORIOS<\/span><\/a><\/li>\n<li id=\"tab-descargas\" class=\"tab has-icon\" role=\"presentation\"><a href=\"#tab_descargas\" tabindex=\"-1\" role=\"tab\" aria-selected=\"false\" aria-controls=\"tab_descargas\"><span>DESCARGAS<\/span><\/a><\/li>\n<li id=\"tab-especificaciones\" class=\"tab has-icon\" role=\"presentation\"><a href=\"#tab_especificaciones\" tabindex=\"-1\" role=\"tab\" aria-selected=\"false\" aria-controls=\"tab_especificaciones\"><span>ESPECIFICACIONES<\/span><\/a><\/li><\/ul><div class=\"tab-panels\"><div id=\"tab_informaci\u00d3n\" class=\"panel active entry-content\" role=\"tabpanel\" aria-labelledby=\"tab-informaci\u00d3n\">\n<div class=\"row\"  id=\"row-1903654303\">\n\n\t<div id=\"col-1180356165\" class=\"col medium-6 small-12 large-6\"  >\n\t\t\t\t<div class=\"col-inner\"  >\n\t\t\t\n\t\t\t\n<p><strong>DIGITAL\/<\/strong><b>ANAL\u00d3GICO<\/b><\/p>\n<p>Ofrece todas las ventajas digitales, como mejor calidad de voz, mayor alcance y mayor duraci\u00f3n de la bater\u00eda, pero mantiene la compatibilidad con su flota de radios actual. Con capacidades anal\u00f3gicas y digitales, tienes la libertad de migrar a la \u00faltima tecnolog\u00eda a tu propio ritmo.<\/p>\n<p><b>S\u00d3LO ANAL\u00d3GICO<\/b><\/p>\n<p>Compre ahora el recurso anal\u00f3gico y, cuando sienta la necesidad, haga la transici\u00f3n al recurso digital. Todo lo que necesitas es una simple actualizaci\u00f3n de software. *Esta versi\u00f3n anal\u00f3gica estar\u00e1 disponible en 2014.<\/p>\n<p><b>CAPACIDAD DE INTERRUPCI\u00d3N DE LA TRANSMISI\u00d3N (S\u00d3LO DESCODIFICACI\u00d3N)<\/b><\/p>\n<p>Permite a un supervisor interrumpir a un usuario DEP 450 para enviar una comunicaci\u00f3n importante exactamente cuando y donde se necesita.<\/p>\n<p><strong>COMPATIBLE CON LA SUITE DE GESTI\u00d3N DE LA RADIO<\/strong><\/p>\n<p>Programe sus radios de forma r\u00e1pida y eficaz con la herramienta de gesti\u00f3n de radios. Las radios pueden programarse por lotes con una plantilla normalizada, lo que permite obtener resultados sin errores y mejorar el rendimiento.<\/p>\n<p><b>MODO DIRECTO DE DOBLE CAPACIDAD<\/b><\/p>\n<p>Utilice la potencia del est\u00e1ndar TDMA DMR con 2 ranuras para duplicar la capacidad de su canal de 12,5 kHz, sin necesidad de repetidor.<\/p>\n<p><b>CLASIFICACI\u00d3N IP54<\/b><\/p>\n<p>A prueba de polvo y salpicaduras, para que pueda trabajar con confianza en entornos dif\u00edciles.<\/p>\n\t\t<\/div>\n\t\t\t\t\t<\/div>\n\n\t\n\n\t<div id=\"col-64254641\" class=\"col medium-6 small-12 large-6\"  >\n\t\t\t\t<div class=\"col-inner text-left\"  >\n\t\t\t\n\t\t\t\n\t\t<\/div>\n\t\t\t\t\t<\/div>\n\n\t\n<\/div>\n<\/div>\n<div id=\"tab_accesorios\" class=\"panel entry-content\" role=\"tabpanel\" aria-labelledby=\"tab-accesorios\">\n<div class=\"row align-middle\"  id=\"row-450038929\">\n\n\t<div id=\"col-1329178017\" class=\"col medium-10 small-12 large-10\"  >\n\t\t\t\t<div class=\"col-inner\"  >\n\t\t\t\n\t\t\t\n<p>CONTENIDO<\/p>\n\t\t<\/div>\n\t\t\t\t\t<\/div>\n\n\t\n\n\t<div id=\"col-491971476\" class=\"col medium-2 small-12 large-2\"  >\n\t\t\t\t<div class=\"col-inner\"  >\n\t\t\t\n\t\t\t\n\t\t<\/div>\n\t\t\t\t\t<\/div>\n\n\t\n<\/div>\n<\/div>\n<div id=\"tab_descargas\" class=\"panel entry-content\" role=\"tabpanel\" aria-labelledby=\"tab-descargas\">\n<div class=\"row\"  id=\"row-263743105\">\n\n\t<div id=\"col-295704220\" class=\"col medium-10 small-12 large-10\"  >\n\t\t\t\t<div class=\"col-inner\"  >\n\t\t\t\n\t\t\t\n<p><a href=\"https:\/\/www.abix.com.br\/wp-content\/uploads\/Ficha-DEP450.pdf\">Ficha t\u00e9cnica DEP450<\/a><\/p>\n\t\t<\/div>\n\t\t\t\t\t<\/div>\n\n\t\n<\/div>\n<\/div>\n<div id=\"tab_especificaciones\" class=\"panel entry-content\" role=\"tabpanel\" aria-labelledby=\"tab-especificaciones\">\n<div class=\"row\"  id=\"row-448677037\">\n\n\t<div id=\"col-528298080\" class=\"col medium-9 small-12 large-9\"  >\n\t\t\t\t<div class=\"col-inner\"  >\n\t\t\t\n\t\t\t\n<h3>CARACTER\u00cdSTICAS DE RENDIMIENTO<\/h3>\n<ul>\n<li><strong>Compatible con repetidor<\/strong><\/li>\n<\/ul>\n<p>S\u00ed<\/p>\n<ul>\n<li><strong>Gama de frecuencias<\/strong><\/li>\n<\/ul>\n<p>VHF (136-174 MHz); UHF (350-400 MHz, 403-470 MHz y 450-527 MHz)<\/p>\n<ul>\n<li><strong>Duraci\u00f3n de la bater\u00eda (basada en un ciclo de actividad de 05 05 90)<\/strong><\/li>\n<\/ul>\n<p>Anal\u00f3gico: 14,5 h \/ Digital: 18,5 h<\/p>\n<ul>\n<li><strong>Qu\u00edmica de bater\u00eda est\u00e1ndar<\/strong><\/li>\n<\/ul>\n<p>Litio ionizado<\/p>\n<ul>\n<li><strong>Banda de frecuencias<\/strong><\/li>\n<\/ul>\n<p>VHF, UHF<\/p>\n<ul>\n<li><strong>4 5 Vatios<\/strong><\/li>\n<\/ul>\n<p>S\u00ed<\/p>\n<ul>\n<li><strong>1 vatio<\/strong><\/li>\n<\/ul>\n<p>S\u00ed<\/p>\n<\/p>\n<h3>RECURSOS RADIOF\u00d3NICOS<\/h3>\n<ul>\n<li><strong>Separaci\u00f3n entre canales (kHz)<\/strong><\/li>\n<\/ul>\n<p>12,5, 25<\/p>\n<h3>CARACTER\u00cdSTICAS F\u00cdSICAS<\/h3>\n<ul>\n<li><strong>Bot\u00f3n de emergencia<\/strong><\/li>\n<\/ul>\n<p>Ninguno<\/p>\n<ul>\n<li><strong>Teclado<\/strong><\/li>\n<\/ul>\n<p>Ninguno<\/p>\n<ul>\n<li><strong>Mostrar<\/strong><\/li>\n<\/ul>\n<p>Sin pantalla<\/p>\n<ul>\n<li><strong>Peso (con bater\u00eda est\u00e1ndar)<\/strong><\/li>\n<\/ul>\n<p>14,3 oz<\/p>\n<ul>\n<li><strong>Dimensiones Al x An x Pr (con bater\u00eda est\u00e1ndar)<\/strong><\/li>\n<\/ul>\n<p>5,0\u00d72,4\u00d71,7 pulgadas<\/p>\n<\/p>\n<h3>ENTORNO DE USUARIO<\/h3>\n<ul>\n<li><strong>Temperatura de funcionamiento<\/strong><\/li>\n<\/ul>\n<p>-30\u02daC \/ +60\u02daC<\/p>\n<ul>\n<li><strong>Especificaci\u00f3n militar<\/strong><\/li>\n<\/ul>\n<p>810 D, 810 E<\/p>\n<ul>\n<li><strong>Normas IP<\/strong><\/li>\n<\/ul>\n<p>IP54<\/p>\n\t\t<\/div>\n\t\t\t\t\t<\/div>\n\n\t\n<\/div>\n<\/div><\/div><\/div>\n\t\t<\/div>\n\t\t\t\t\t<\/div>\n\n\t\n<\/div>\n\t\t<\/div>\n\t\t\t\t\t<\/div>\n\n\t\n<\/div>\n\t\t<\/div>\n\n\t\t\n<style>\n#section_2792039 {\n  padding-top: 0px;\n  padding-bottom: 0px;\n}\n<\/style>\n\t<\/section>\n\t\n","protected":false},"excerpt":{"rendered":"<p style=\"text-align: justify;\">Sencilla y asequible, la radio bidireccional port\u00e1til DEP 450 es una radio digital para usuarios que la utilizan a diario y desean mantenerse conectados. Totalmente compatible con la familia de radios MOTOTRBO\u2122, el DEP 450 tiene una calidad de audio superior, una cobertura superior, una bater\u00eda de larga duraci\u00f3n, funciona en sistemas IP Site Connect y dispone de 32 canales.<br \/>\nEl DEP 450 Digital ofrece audio mejorado, un 40% m\u00e1s de duraci\u00f3n de la bater\u00eda y una eficiencia espectral de 2:1, ofreciendo as\u00ed una mejor colaboraci\u00f3n entre sus grupos de trabajo establecidos con eficacia e interoperabilidad.<\/p>\n<p style=\"text-align: justify;\">Independientemente de sus necesidades, el DEP 450 proporciona una soluci\u00f3n de comunicaci\u00f3n sencilla, fiable y rentable para ayudar a los equipos de trabajo a conectarse, coordinarse y colaborar para hacer bien su trabajo. Mejore la eficacia de sus operaciones con unas comunicaciones de voz f\u00e1ciles de usar y perfectas para su empresa.<\/p>\n","protected":false},"featured_media":9702,"comment_status":"closed","ping_status":"closed","template":"","meta":[],"product_brand":[],"product_cat":[155,157,161,162,163,156,158],"product_tag":[],"class_list":{"0":"post-19652","1":"product","2":"type-product","3":"status-publish","4":"has-post-thumbnail","6":"product_cat-linea-profesional","7":"product_cat-motorola-es","8":"product_cat-mototrbo-es","9":"product_cat-radio-dmr-es","10":"product_cat-radios-analogicas","11":"product_cat-radios-digitales","12":"product_cat-radios-portatiles","14":"first","15":"instock","16":"shipping-taxable","17":"product-type-simple"},"yoast_head":"<!-- This site is optimized with the Yoast SEO plugin v27.4 - https:\/\/yoast.com\/product\/yoast-seo-wordpress\/ -->\n<title>RADIO PORT\u00c1TIL MOTOTRBO - DEP450 - Abix Tecnolog\u00eda<\/title>\n<meta name=\"description\" content=\"La radio bidireccional port\u00e1til DEP 450 es una radio digital para usuarios que la utilizan a diario y desean mantenerse conectados.\" \/>\n<meta name=\"robots\" content=\"index, follow, max-snippet:-1, max-image-preview:large, max-video-preview:-1\" \/>\n<link rel=\"canonical\" href=\"https:\/\/abix.com.br\/produto\/dep450\/\" \/>\n<meta property=\"og:locale\" content=\"es_ES\" \/>\n<meta property=\"og:type\" content=\"article\" \/>\n<meta property=\"og:title\" content=\"RADIO PORT\u00c1TIL MOTOTRBO - DEP450 - Abix Tecnolog\u00eda\" \/>\n<meta property=\"og:description\" content=\"La radio bidireccional port\u00e1til DEP 450 es una radio digital para usuarios que la utilizan a diario y desean mantenerse conectados.\" \/>\n<meta property=\"og:url\" content=\"https:\/\/abix.com.br\/produto\/dep450\/\" \/>\n<meta property=\"og:site_name\" content=\"Abix\" \/>\n<meta property=\"article:modified_time\" content=\"2023-10-20T11:09:58+00:00\" \/>\n<meta property=\"og:image\" content=\"https:\/\/abix.com.br\/wp-content\/uploads\/2020\/05\/FRONT-DEP450.png\" \/>\n\t<meta property=\"og:image:width\" content=\"1000\" \/>\n\t<meta property=\"og:image:height\" content=\"1000\" \/>\n\t<meta property=\"og:image:type\" content=\"image\/png\" \/>\n<meta name=\"twitter:card\" content=\"summary_large_image\" \/>\n<meta name=\"twitter:label1\" content=\"Tiempo de lectura\" \/>\n\t<meta name=\"twitter:data1\" content=\"2 minutos\" \/>\n<script type=\"application\/ld+json\" class=\"yoast-schema-graph\">{\"@context\":\"https:\\\/\\\/schema.org\",\"@graph\":[{\"@type\":\"WebPage\",\"@id\":\"https:\\\/\\\/abix.com.br\\\/produto\\\/dep450\\\/\",\"url\":\"https:\\\/\\\/abix.com.br\\\/produto\\\/dep450\\\/\",\"name\":\"RADIO PORT\u00c1TIL MOTOTRBO - DEP450 - Abix Tecnolog\u00eda\",\"isPartOf\":{\"@id\":\"https:\\\/\\\/abix.com.br\\\/#website\"},\"primaryImageOfPage\":{\"@id\":\"https:\\\/\\\/abix.com.br\\\/produto\\\/dep450\\\/#primaryimage\"},\"image\":{\"@id\":\"https:\\\/\\\/abix.com.br\\\/produto\\\/dep450\\\/#primaryimage\"},\"thumbnailUrl\":\"https:\\\/\\\/abix.com.br\\\/wp-content\\\/uploads\\\/2020\\\/05\\\/FRONT-DEP450.png\",\"datePublished\":\"2020-05-14T19:21:17+00:00\",\"dateModified\":\"2023-10-20T11:09:58+00:00\",\"description\":\"La radio bidireccional port\u00e1til DEP 450 es una radio digital para usuarios que la utilizan a diario y desean mantenerse conectados.\",\"breadcrumb\":{\"@id\":\"https:\\\/\\\/abix.com.br\\\/produto\\\/dep450\\\/#breadcrumb\"},\"inLanguage\":\"es\",\"potentialAction\":[{\"@type\":\"ReadAction\",\"target\":[\"https:\\\/\\\/abix.com.br\\\/produto\\\/dep450\\\/\"]}]},{\"@type\":\"ImageObject\",\"inLanguage\":\"es\",\"@id\":\"https:\\\/\\\/abix.com.br\\\/produto\\\/dep450\\\/#primaryimage\",\"url\":\"https:\\\/\\\/abix.com.br\\\/wp-content\\\/uploads\\\/2020\\\/05\\\/FRONT-DEP450.png\",\"contentUrl\":\"https:\\\/\\\/abix.com.br\\\/wp-content\\\/uploads\\\/2020\\\/05\\\/FRONT-DEP450.png\",\"width\":1000,\"height\":1000,\"caption\":\"R\u00c1DIO PORT\u00c1TIL MOTOTRBO DEP450\"},{\"@type\":\"BreadcrumbList\",\"@id\":\"https:\\\/\\\/abix.com.br\\\/produto\\\/dep450\\\/#breadcrumb\",\"itemListElement\":[{\"@type\":\"ListItem\",\"position\":1,\"name\":\"In\u00edcio\",\"item\":\"https:\\\/\\\/abix.com.br\\\/es\\\/\"},{\"@type\":\"ListItem\",\"position\":2,\"name\":\"Tienda\",\"item\":\"https:\\\/\\\/abix.com.br\\\/loja\\\/\"},{\"@type\":\"ListItem\",\"position\":3,\"name\":\"RADIO PORT\u00c1TIL MOTOTRBO &#8211; DEP450\"}]},{\"@type\":\"WebSite\",\"@id\":\"https:\\\/\\\/abix.com.br\\\/#website\",\"url\":\"https:\\\/\\\/abix.com.br\\\/\",\"name\":\"Abix\",\"description\":\"\",\"potentialAction\":[{\"@type\":\"SearchAction\",\"target\":{\"@type\":\"EntryPoint\",\"urlTemplate\":\"https:\\\/\\\/abix.com.br\\\/?s={search_term_string}\"},\"query-input\":{\"@type\":\"PropertyValueSpecification\",\"valueRequired\":true,\"valueName\":\"search_term_string\"}}],\"inLanguage\":\"es\"}]}<\/script>\n<!-- \/ Yoast SEO plugin. -->","yoast_head_json":{"title":"RADIO PORT\u00c1TIL MOTOTRBO - DEP450 - Abix Tecnolog\u00eda","description":"La radio bidireccional port\u00e1til DEP 450 es una radio digital para usuarios que la utilizan a diario y desean mantenerse conectados.","robots":{"index":"index","follow":"follow","max-snippet":"max-snippet:-1","max-image-preview":"max-image-preview:large","max-video-preview":"max-video-preview:-1"},"canonical":"https:\/\/abix.com.br\/produto\/dep450\/","og_locale":"es_ES","og_type":"article","og_title":"RADIO PORT\u00c1TIL MOTOTRBO - DEP450 - Abix Tecnolog\u00eda","og_description":"La radio bidireccional port\u00e1til DEP 450 es una radio digital para usuarios que la utilizan a diario y desean mantenerse conectados.","og_url":"https:\/\/abix.com.br\/produto\/dep450\/","og_site_name":"Abix","article_modified_time":"2023-10-20T11:09:58+00:00","og_image":[{"width":1000,"height":1000,"url":"https:\/\/abix.com.br\/wp-content\/uploads\/2020\/05\/FRONT-DEP450.png","type":"image\/png"}],"twitter_card":"summary_large_image","twitter_misc":{"Tiempo de lectura":"2 minutos"},"schema":{"@context":"https:\/\/schema.org","@graph":[{"@type":"WebPage","@id":"https:\/\/abix.com.br\/produto\/dep450\/","url":"https:\/\/abix.com.br\/produto\/dep450\/","name":"RADIO PORT\u00c1TIL MOTOTRBO - DEP450 - Abix Tecnolog\u00eda","isPartOf":{"@id":"https:\/\/abix.com.br\/#website"},"primaryImageOfPage":{"@id":"https:\/\/abix.com.br\/produto\/dep450\/#primaryimage"},"image":{"@id":"https:\/\/abix.com.br\/produto\/dep450\/#primaryimage"},"thumbnailUrl":"https:\/\/abix.com.br\/wp-content\/uploads\/2020\/05\/FRONT-DEP450.png","datePublished":"2020-05-14T19:21:17+00:00","dateModified":"2023-10-20T11:09:58+00:00","description":"La radio bidireccional port\u00e1til DEP 450 es una radio digital para usuarios que la utilizan a diario y desean mantenerse conectados.","breadcrumb":{"@id":"https:\/\/abix.com.br\/produto\/dep450\/#breadcrumb"},"inLanguage":"es","potentialAction":[{"@type":"ReadAction","target":["https:\/\/abix.com.br\/produto\/dep450\/"]}]},{"@type":"ImageObject","inLanguage":"es","@id":"https:\/\/abix.com.br\/produto\/dep450\/#primaryimage","url":"https:\/\/abix.com.br\/wp-content\/uploads\/2020\/05\/FRONT-DEP450.png","contentUrl":"https:\/\/abix.com.br\/wp-content\/uploads\/2020\/05\/FRONT-DEP450.png","width":1000,"height":1000,"caption":"R\u00c1DIO PORT\u00c1TIL MOTOTRBO DEP450"},{"@type":"BreadcrumbList","@id":"https:\/\/abix.com.br\/produto\/dep450\/#breadcrumb","itemListElement":[{"@type":"ListItem","position":1,"name":"In\u00edcio","item":"https:\/\/abix.com.br\/es\/"},{"@type":"ListItem","position":2,"name":"Tienda","item":"https:\/\/abix.com.br\/loja\/"},{"@type":"ListItem","position":3,"name":"RADIO PORT\u00c1TIL MOTOTRBO &#8211; DEP450"}]},{"@type":"WebSite","@id":"https:\/\/abix.com.br\/#website","url":"https:\/\/abix.com.br\/","name":"Abix","description":"","potentialAction":[{"@type":"SearchAction","target":{"@type":"EntryPoint","urlTemplate":"https:\/\/abix.com.br\/?s={search_term_string}"},"query-input":{"@type":"PropertyValueSpecification","valueRequired":true,"valueName":"search_term_string"}}],"inLanguage":"es"}]}},"_links":{"self":[{"href":"https:\/\/abix.com.br\/es\/wp-json\/wp\/v2\/product\/19652","targetHints":{"allow":["GET"]}}],"collection":[{"href":"https:\/\/abix.com.br\/es\/wp-json\/wp\/v2\/product"}],"about":[{"href":"https:\/\/abix.com.br\/es\/wp-json\/wp\/v2\/types\/product"}],"replies":[{"embeddable":true,"href":"https:\/\/abix.com.br\/es\/wp-json\/wp\/v2\/comments?post=19652"}],"wp:featuredmedia":[{"embeddable":true,"href":"https:\/\/abix.com.br\/es\/wp-json\/wp\/v2\/media\/9702"}],"wp:attachment":[{"href":"https:\/\/abix.com.br\/es\/wp-json\/wp\/v2\/media?parent=19652"}],"wp:term":[{"taxonomy":"product_brand","embeddable":true,"href":"https:\/\/abix.com.br\/es\/wp-json\/wp\/v2\/product_brand?post=19652"},{"taxonomy":"product_cat","embeddable":true,"href":"https:\/\/abix.com.br\/es\/wp-json\/wp\/v2\/product_cat?post=19652"},{"taxonomy":"product_tag","embeddable":true,"href":"https:\/\/abix.com.br\/es\/wp-json\/wp\/v2\/product_tag?post=19652"}],"curies":[{"name":"wp","href":"https:\/\/api.w.org\/{rel}","templated":true}]}}