{"id":19653,"date":"2020-05-14T16:17:50","date_gmt":"2020-05-14T19:17:50","guid":{"rendered":"https:\/\/abix.com.br\/produto\/radio-portatil-mototrbo-dgp5550e\/"},"modified":"2023-10-20T08:11:37","modified_gmt":"2023-10-20T11:11:37","slug":"radio-portatil-mototrbo-dgp5550e","status":"publish","type":"product","link":"https:\/\/abix.com.br\/es\/produto\/radio-portatil-mototrbo-dgp5550e\/","title":{"rendered":"RADIO PORTATIL MOTOTRBO &#8211; DGP5550e"},"content":{"rendered":"\n\t<section class=\"section\" id=\"section_1310376546\">\n\t\t<div class=\"section-bg fill\" >\n\t\t\t\t\t\t\t\t\t\n\t\t\t\n\n\t\t<\/div>\n\n\t\t\n\n\t\t<div class=\"section-content relative\">\n\t\t\t\n<div class=\"row\"  id=\"row-1008175282\">\n\n\t<div id=\"col-1628845221\" class=\"col small-12 large-12\"  >\n\t\t\t\t<div class=\"col-inner\"  >\n\t\t\t\n\t\t\t\n<div class=\"row\"  id=\"row-1332953629\">\n\n\t<div id=\"col-432699717\" class=\"col small-12 large-12\"  >\n\t\t\t\t<div class=\"col-inner\"  >\n\t\t\t\n\t\t\t\n\n\t\t<div class=\"tabbed-content locacao-tabs\">\n\t\t\t\n\t\t\t<ul class=\"nav nav-tabs nav-normal nav-size-xlarge nav-left active-on-hover\" role=\"tablist\"><li id=\"tab-informaci\u00d3n\" class=\"tab active has-icon\" role=\"presentation\"><a href=\"#tab_informaci\u00d3n\" role=\"tab\" aria-selected=\"true\" aria-controls=\"tab_informaci\u00d3n\"><span>INFORMACI\u00d3N<\/span><\/a><\/li>\n<li id=\"tab-accesorios\" class=\"tab has-icon\" role=\"presentation\"><a href=\"#tab_accesorios\" tabindex=\"-1\" role=\"tab\" aria-selected=\"false\" aria-controls=\"tab_accesorios\"><span>ACCESORIOS<\/span><\/a><\/li>\n<li id=\"tab-descargas\" class=\"tab has-icon\" role=\"presentation\"><a href=\"#tab_descargas\" tabindex=\"-1\" role=\"tab\" aria-selected=\"false\" aria-controls=\"tab_descargas\"><span>DESCARGAS<\/span><\/a><\/li>\n<li id=\"tab-especificaciones\" class=\"tab has-icon\" role=\"presentation\"><a href=\"#tab_especificaciones\" tabindex=\"-1\" role=\"tab\" aria-selected=\"false\" aria-controls=\"tab_especificaciones\"><span>ESPECIFICACIONES<\/span><\/a><\/li><\/ul><div class=\"tab-panels\"><div id=\"tab_informaci\u00d3n\" class=\"panel active entry-content\" role=\"tabpanel\" aria-labelledby=\"tab-informaci\u00d3n\">\n<div class=\"row\"  id=\"row-386508449\">\n\n\t<div id=\"col-1137976030\" class=\"col medium-6 small-12 large-6\"  >\n\t\t\t\t<div class=\"col-inner\"  >\n\t\t\t\n\t\t\t\n<p><strong>CONECTIVIDAD<\/strong><\/p>\n<p>MOTOTRBO DGP\u21228000e\/DGP\u21225000e Series es una familia de radios digitales DMR est\u00e1ndar que ofrecen comunicaciones de voz y datos de misi\u00f3n cr\u00edtica. La funci\u00f3n de audio Bluetooth\u00ae le permite hablar de forma inal\u00e1mbrica, la funci\u00f3n Wi-Fi integrada permite actualizar el software a distancia y las funciones de localizaci\u00f3n y seguimiento para interiores y exteriores proporcionan un nivel de visibilidad inigualable de sus recursos. Su compatibilidad con las soluciones troncales y la tecnolog\u00eda anal\u00f3gica existentes le permite mantener su organizaci\u00f3n conectada a medida que crece.<\/p>\n<p><strong>SEGURIDAD<\/strong><\/p>\n<p>Proteja a su personal con la tecnolog\u00eda PTT receptiva. El prominente bot\u00f3n de emergencia naranja de las radios de la serie DGP\u21228000e\/DGP\u21225000e pide ayuda con un solo toque; utiliza la interrupci\u00f3n de transmisi\u00f3n para priorizar y despejar un canal si es necesario. Adem\u00e1s, incorpora un aceler\u00f3metro que puede detectar las ca\u00eddas del usuario.<br \/>y pedir ayuda autom\u00e1ticamente. La radio se somete a rigurosas pruebas conforme a las normas militares y es resistente al agua IP68. Nunca falla.<\/p>\n<p><strong>PRODUCTIVIDAD<\/strong><\/p>\n<p>La mensajer\u00eda de texto y la gesti\u00f3n de \u00f3rdenes de trabajo simplifican las comunicaciones m\u00e1s complejas, y las funciones de datos permiten aplicaciones avanzadas. Con un potente amplificador de audio, estas radios le permiten escuchar su voz alto y claro, con cancelaci\u00f3n de ruido industrial que mejora la inteligibilidad. Adem\u00e1s, la \u00faltima tecnolog\u00eda de gesti\u00f3n de la energ\u00eda ofrece hasta 27 horas de autonom\u00eda para tres turnos de trabajo completos, y el receptor mejorado ampl\u00eda el alcance hasta en un 8%.<\/p>\n\t\t<\/div>\n\t\t\t\t\t<\/div>\n\n\t\n\n\t<div id=\"col-897823973\" class=\"col medium-6 small-12 large-6\"  >\n\t\t\t\t<div class=\"col-inner text-left\"  >\n\t\t\t\n\t\t\t\n\t\t<\/div>\n\t\t\t\t\t<\/div>\n\n\t\n<\/div>\n<\/div>\n<div id=\"tab_accesorios\" class=\"panel entry-content\" role=\"tabpanel\" aria-labelledby=\"tab-accesorios\">\n<div class=\"row align-middle\"  id=\"row-1213875799\">\n\n\t<div id=\"col-779396996\" class=\"col medium-10 small-12 large-10\"  >\n\t\t\t\t<div class=\"col-inner\"  >\n\t\t\t\n\t\t\t\n<p>CONTENIDO<\/p>\n\t\t<\/div>\n\t\t\t\t\t<\/div>\n\n\t\n\n\t<div id=\"col-59717174\" class=\"col medium-2 small-12 large-2\"  >\n\t\t\t\t<div class=\"col-inner\"  >\n\t\t\t\n\t\t\t\n\t\t<\/div>\n\t\t\t\t\t<\/div>\n\n\t\n<\/div>\n<\/div>\n<div id=\"tab_descargas\" class=\"panel entry-content\" role=\"tabpanel\" aria-labelledby=\"tab-descargas\">\n<div class=\"row\"  id=\"row-839746393\">\n\n\t<div id=\"col-6554952\" class=\"col medium-10 small-12 large-10\"  >\n\t\t\t\t<div class=\"col-inner\"  >\n\t\t\t\n\t\t\t\n<p><a href=\"https:\/\/www.abix.com.br\/wp-content\/uploads\/Ficha-DGP8550e-5550e.pdf\">DGP8550e DGP5550e ficha t\u00e9cnica<\/a><\/p>\n\t\t<\/div>\n\t\t\t\t\t<\/div>\n\n\t\n<\/div>\n<\/div>\n<div id=\"tab_especificaciones\" class=\"panel entry-content\" role=\"tabpanel\" aria-labelledby=\"tab-especificaciones\">\n<div class=\"row\"  id=\"row-1492147154\">\n\n\t<div id=\"col-1986657924\" class=\"col medium-9 small-12 large-9\"  >\n\t\t\t\t<div class=\"col-inner\"  >\n\t\t\t\n\t\t\t\n<h3>CARACTER\u00cdSTICAS DE RENDIMIENTO<\/h3>\n<ul>\n<li><strong>Gama de frecuencias<\/strong><\/li>\n<\/ul>\n<p>VHF, 350 MHz, UHF-1, 800 MHz<\/p>\n<ul>\n<li><strong>Gama de frecuencias<\/strong><\/li>\n<\/ul>\n<p>VHF: 136-174 MHz<br \/>350: 350-400 MHz<br \/>Banda UHF 1: 403-527 MHz<br \/>800: 806-825\/851-870 MHz<\/p>\n<ul>\n<li><strong>Energ\u00eda<\/strong><\/li>\n<\/ul>\n<p>Alta potencia de salida:<br \/>VHF: 5 W<br \/>350: 4 W<br \/>Banda UHF 1: 4 W<br \/>800: 2,5 W<\/p>\n<p>Baja potencia de salida:<br \/>VHF: 1 W<br \/>350: 1 W<br \/>Banda UHF 1: 1 W<br \/>800: 1 W<\/p>\n<ul>\n<li><strong>4, 5 vatios<\/strong><\/li>\n<\/ul>\n<p>S\u00ed<\/p>\n<ul>\n<li><strong>Apto para repetidores<\/strong><\/li>\n<\/ul>\n<p>S\u00ed<\/p>\n<ul>\n<li><strong>Tipo de bater\u00eda est\u00e1ndar<\/strong><\/li>\n<\/ul>\n<p>Litio ionizado<\/p>\n<\/p>\n<h3>TECNOLOG\u00cdA<\/h3>\n<ul>\n<li><strong>Tipo de sistema<\/strong><\/li>\n<\/ul>\n<p>IP Site Connect, Capacity Plus, Capacity Max, Trunking Connect Plus<\/p>\n<ul>\n<li><strong>Tecnolog\u00eda digital<\/strong><\/li>\n<\/ul>\n<p>S\u00ed<\/p>\n<\/p>\n<h3>ENTORNO DE USUARIO<\/h3>\n<ul>\n<li><strong>Sumergible<\/strong><\/li>\n<\/ul>\n<p>S\u00ed<\/p>\n<ul>\n<li><strong>Especificaciones militares<\/strong><\/li>\n<\/ul>\n<p>810 C, 810 D, 810 E, 810 F, 810 G<\/p>\n<ul>\n<li><strong>Software de reducci\u00f3n de ruido<\/strong><\/li>\n<\/ul>\n<p>S\u00ed<\/p>\n<ul>\n<li><strong>Normas IP<\/strong><\/li>\n<\/ul>\n<p>IP68<\/p>\n<h3>CARACTER\u00cdSTICAS F\u00cdSICAS<\/h3>\n<ul>\n<li><strong>Tabla de opciones disponibles<\/strong><\/li>\n<\/ul>\n<p>S\u00ed<\/p>\n<ul>\n<li><strong>Bot\u00f3n de emergencia<\/strong><\/li>\n<\/ul>\n<p>S\u00ed<\/p>\n<ul>\n<li><strong>Mostrar<\/strong><\/li>\n<\/ul>\n<p>Modo color, monocromo, d\u00eda y noche<\/p>\n<ul>\n<li><strong>Peso (con bater\u00eda est\u00e1ndar)<\/strong><\/li>\n<\/ul>\n<p>DGP\u21228550e y DGP\u21225550e: 315 g (11 oz)<br \/>DGP\u21228050e y DGP\u21225050e: 290 g (10 oz)<br \/>Dimensiones Al x An x Pr (con bater\u00eda est\u00e1ndar)<br \/>DGP\u21228550e y DGP\u21225550e: 130 x 55 x 36 mm (5,1 x 2,2 x 1,4\u2033)<br \/>DGP\u21228050e y DGP\u21225050e: 130 x 55 x 34 mm (5,1\u2033 x 2,2\u2033 x 1,3\u2033)<\/p>\n<\/p>\n<h3>RECURSOS RADIOF\u00d3NICOS<\/h3>\n<ul>\n<li><strong>Mayor privacidad<\/strong><\/li>\n<\/ul>\n<p>s\u00ed<\/p>\n<ul>\n<li><strong>Interrupci\u00f3n de la transmisi\u00f3n<\/strong><\/li>\n<\/ul>\n<p>s\u00ed<\/p>\n<ul>\n<li><strong>L\u00ednea privada digital<\/strong><\/li>\n<\/ul>\n<p>S\u00ed<\/p>\n<ul>\n<li><strong>L\u00ednea privada<\/strong><\/li>\n<\/ul>\n<p>S\u00ed<\/p>\n<ul>\n<li><strong>Monitor permanente<\/strong><\/li>\n<\/ul>\n<p>S\u00ed<\/p>\n<ul>\n<li><strong>Trabajador solitario<\/strong><\/li>\n<\/ul>\n<p>S\u00ed<\/p>\n<ul>\n<li><strong>Anuncio de voz<\/strong><\/li>\n<\/ul>\n<p>S\u00ed<\/p>\n<ul>\n<li><strong>Se\u00f1alizaci\u00f3n<\/strong><\/li>\n<\/ul>\n<p>MDC (codificaci\u00f3n\/descodificaci\u00f3n), Quik-Call II (codificaci\u00f3n\/descodificaci\u00f3n)<\/p>\n<ul>\n<li><strong>Audio inteligente<\/strong><\/li>\n<\/ul>\n<p>S\u00ed<\/p>\n<ul>\n<li><strong>Bluetooth<\/strong><\/li>\n<\/ul>\n<p>Audio Bluetooth integrado, Datos Bluetooth integrados<\/p>\n<ul>\n<li><strong>Botones programables<\/strong><\/li>\n<\/ul>\n<p>S\u00ed<\/p>\n<ul>\n<li><strong>Transmisi\u00f3n con portadora interrumpida (VOX)<\/strong><\/li>\n<\/ul>\n<p>S\u00ed<\/p>\n<ul>\n<li><strong>Temporizador<\/strong><\/li>\n<\/ul>\n<p>S\u00ed<\/p>\n<ul>\n<li><strong>Comunicaci\u00f3n directa<\/strong><\/li>\n<\/ul>\n<p>S\u00ed<\/p>\n<ul>\n<li><strong>Adecuado para mensajes de texto<\/strong><\/li>\n<\/ul>\n<p>S\u00ed<\/p>\n<ul>\n<li><strong>Tipos de lectura<\/strong><\/li>\n<\/ul>\n<p>Normal, Prioridad, Doble prioridad, Exclusi\u00f3n de canales no deseados, Conversaci\u00f3n en grupo, Todo el grupo, Sistema, Volver al estado inicial<\/p>\n<ul>\n<li><strong>Agenda telef\u00f3nica<\/strong><\/li>\n<\/ul>\n<p>S\u00ed<\/p>\n<ul>\n<li><strong>Llamada de grupo<\/strong><\/li>\n<\/ul>\n<p>S\u00ed<\/p>\n<ul>\n<li><strong>Llamada individual<\/strong><\/li>\n<\/ul>\n<p>S\u00ed<\/p>\n<ul>\n<li><strong>Alertas de llamadas perdidas<\/strong><\/li>\n<\/ul>\n<p>S\u00ed<\/p>\n<ul>\n<li><strong>Software de programaci\u00f3n de clientes (CPS)<\/strong><\/li>\n<\/ul>\n<p>S\u00ed<\/p>\n<ul>\n<li><strong>Separaci\u00f3n entre canales<\/strong><\/li>\n<\/ul>\n<p>12,5 kHz, 20 kHz, 25 kHz<\/p>\n<ul>\n<li><strong>N\u00famero de canales<\/strong><\/li>\n<\/ul>\n<p>DGP\u21228550e y DGP\u21225550e &#8211; 1.000 canales<br \/>DGP\u21228050e y DGP\u21225050e &#8211; 32 canales<\/p>\n<ul>\n<li><strong>B\u00fasqueda de canales<\/strong><\/li>\n<\/ul>\n<p>S\u00ed<\/p>\n<ul>\n<li><strong>Identificador de llamadas<\/strong><\/li>\n<\/ul>\n<p>S\u00ed<\/p>\n<ul>\n<li><strong>Desv\u00edo de llamadas<\/strong><\/li>\n<\/ul>\n<p>S\u00ed<\/p>\n<ul>\n<li><strong>Desv\u00edo de llamadas<\/strong><\/li>\n<\/ul>\n<p>S\u00ed<\/p>\n<ul>\n<li><strong>Bloqueo de canal ocupado<\/strong><\/li>\n<\/ul>\n<p>S\u00ed<\/p>\n<ul>\n<li><strong>Voz y datos integrados<\/strong><\/li>\n<\/ul>\n<p>S\u00ed<\/p>\n\t\t<\/div>\n\t\t\t\t\t<\/div>\n\n\t\n<\/div>\n<\/div><\/div><\/div>\n\t\t<\/div>\n\t\t\t\t\t<\/div>\n\n\t\n<\/div>\n\t\t<\/div>\n\t\t\t\t\t<\/div>\n\n\t\n<\/div>\n\t\t<\/div>\n\n\t\t\n<style>\n#section_1310376546 {\n  padding-top: 0px;\n  padding-bottom: 0px;\n}\n<\/style>\n\t<\/section>\n\t\n","protected":false},"excerpt":{"rendered":"<p style=\"text-align: justify;\">Esta din\u00e1mica evoluci\u00f3n de las radios bidireccionales digitales MOTOTRBOTM le ayuda a mejorar su conectividad, seguridad y productividad. La serie DGP\u21228000e\/DGP\u21225000e est\u00e1 dise\u00f1ada para el profesional cualificado que se niega a rendirse. Con voz y datos integrados de alto rendimiento y funciones avanzadas para un funcionamiento eficaz, estas radios de \u00faltima generaci\u00f3n ofrecen los m\u00e1ximos niveles de conectividad para su organizaci\u00f3n.<\/p>\n<p style=\"text-align: justify;\">Esta es la novedad de estas radios de \u00faltima generaci\u00f3n:<\/p>\n<ul>\n<li style=\"text-align: justify;\">Aceler\u00f3metro integrado para la funci\u00f3n opcional de trabajador lesionado<\/li>\n<li style=\"text-align: justify;\">Bluetooth\u00ae 4.0<\/li>\n<li style=\"text-align: justify;\">Control y localizaci\u00f3n en zonas internas<\/li>\n<li style=\"text-align: justify;\">Wi-Fi integrado<\/li>\n<li style=\"text-align: justify;\">Actualizaciones de software v\u00eda WiFi<\/li>\n<li style=\"text-align: justify;\">Calidad de audio mejorada<\/li>\n<li style=\"text-align: justify;\">Capacidad de aumento mejorada<\/li>\n<li style=\"text-align: justify;\">Mayor duraci\u00f3n de la bater\u00eda (hasta 29 horas)<\/li>\n<li style=\"text-align: justify;\">Mayor alcance (hasta un 8%)<\/li>\n<li style=\"text-align: justify;\">Mayor resistencia al agua (IP68)<\/li>\n<\/ul>\n","protected":false},"featured_media":9675,"comment_status":"closed","ping_status":"closed","template":"","meta":[],"product_brand":[],"product_cat":[155,157,161,162,163,156,158],"product_tag":[],"class_list":{"0":"post-19653","1":"product","2":"type-product","3":"status-publish","4":"has-post-thumbnail","6":"product_cat-linea-profesional","7":"product_cat-motorola-es","8":"product_cat-mototrbo-es","9":"product_cat-radio-dmr-es","10":"product_cat-radios-analogicas","11":"product_cat-radios-digitales","12":"product_cat-radios-portatiles","14":"first","15":"instock","16":"shipping-taxable","17":"product-type-simple"},"yoast_head":"<!-- This site is optimized with the Yoast SEO plugin v27.4 - https:\/\/yoast.com\/product\/yoast-seo-wordpress\/ -->\n<title>RADIO PORTATIL MOTOTRBO - DGP5550e - Abix<\/title>\n<meta name=\"description\" content=\"Esta din\u00e1mica evoluci\u00f3n de las radios bidireccionales digitales MOTOTRBOTM le ayuda a mejorar su conectividad, seguridad y productividad.\" \/>\n<meta name=\"robots\" content=\"index, follow, max-snippet:-1, max-image-preview:large, max-video-preview:-1\" \/>\n<link rel=\"canonical\" href=\"https:\/\/abix.com.br\/produto\/dgp5550e\/\" \/>\n<meta property=\"og:locale\" content=\"es_ES\" \/>\n<meta property=\"og:type\" content=\"article\" \/>\n<meta property=\"og:title\" content=\"RADIO PORTATIL MOTOTRBO - DGP5550e - Abix\" \/>\n<meta property=\"og:description\" content=\"Esta din\u00e1mica evoluci\u00f3n de las radios bidireccionales digitales MOTOTRBOTM le ayuda a mejorar su conectividad, seguridad y productividad.\" \/>\n<meta property=\"og:url\" content=\"https:\/\/abix.com.br\/produto\/dgp5550e\/\" \/>\n<meta property=\"og:site_name\" content=\"Abix\" \/>\n<meta property=\"article:modified_time\" content=\"2023-10-20T11:11:37+00:00\" \/>\n<meta property=\"og:image\" content=\"https:\/\/abix.com.br\/wp-content\/uploads\/2020\/05\/DGP8550-Front.jpg\" \/>\n\t<meta property=\"og:image:width\" content=\"600\" \/>\n\t<meta property=\"og:image:height\" content=\"600\" \/>\n\t<meta property=\"og:image:type\" content=\"image\/jpeg\" \/>\n<meta name=\"twitter:card\" content=\"summary_large_image\" \/>\n<meta name=\"twitter:label1\" content=\"Tiempo de lectura\" \/>\n\t<meta name=\"twitter:data1\" content=\"4 minutos\" \/>\n<script type=\"application\/ld+json\" class=\"yoast-schema-graph\">{\"@context\":\"https:\\\/\\\/schema.org\",\"@graph\":[{\"@type\":\"WebPage\",\"@id\":\"https:\\\/\\\/abix.com.br\\\/produto\\\/dgp5550e\\\/\",\"url\":\"https:\\\/\\\/abix.com.br\\\/produto\\\/dgp5550e\\\/\",\"name\":\"RADIO PORTATIL MOTOTRBO - DGP5550e - Abix\",\"isPartOf\":{\"@id\":\"https:\\\/\\\/abix.com.br\\\/#website\"},\"primaryImageOfPage\":{\"@id\":\"https:\\\/\\\/abix.com.br\\\/produto\\\/dgp5550e\\\/#primaryimage\"},\"image\":{\"@id\":\"https:\\\/\\\/abix.com.br\\\/produto\\\/dgp5550e\\\/#primaryimage\"},\"thumbnailUrl\":\"https:\\\/\\\/abix.com.br\\\/wp-content\\\/uploads\\\/2020\\\/05\\\/DGP8550-Front.jpg\",\"datePublished\":\"2020-05-14T19:17:50+00:00\",\"dateModified\":\"2023-10-20T11:11:37+00:00\",\"description\":\"Esta din\u00e1mica evoluci\u00f3n de las radios bidireccionales digitales MOTOTRBOTM le ayuda a mejorar su conectividad, seguridad y productividad.\",\"breadcrumb\":{\"@id\":\"https:\\\/\\\/abix.com.br\\\/produto\\\/dgp5550e\\\/#breadcrumb\"},\"inLanguage\":\"es\",\"potentialAction\":[{\"@type\":\"ReadAction\",\"target\":[\"https:\\\/\\\/abix.com.br\\\/produto\\\/dgp5550e\\\/\"]}]},{\"@type\":\"ImageObject\",\"inLanguage\":\"es\",\"@id\":\"https:\\\/\\\/abix.com.br\\\/produto\\\/dgp5550e\\\/#primaryimage\",\"url\":\"https:\\\/\\\/abix.com.br\\\/wp-content\\\/uploads\\\/2020\\\/05\\\/DGP8550-Front.jpg\",\"contentUrl\":\"https:\\\/\\\/abix.com.br\\\/wp-content\\\/uploads\\\/2020\\\/05\\\/DGP8550-Front.jpg\",\"width\":600,\"height\":600,\"caption\":\"R\u00c1DIO PORT\u00c1TIL MOTOTRBO - DGP8550e\"},{\"@type\":\"BreadcrumbList\",\"@id\":\"https:\\\/\\\/abix.com.br\\\/produto\\\/dgp5550e\\\/#breadcrumb\",\"itemListElement\":[{\"@type\":\"ListItem\",\"position\":1,\"name\":\"In\u00edcio\",\"item\":\"https:\\\/\\\/abix.com.br\\\/es\\\/\"},{\"@type\":\"ListItem\",\"position\":2,\"name\":\"Tienda\",\"item\":\"https:\\\/\\\/abix.com.br\\\/loja\\\/\"},{\"@type\":\"ListItem\",\"position\":3,\"name\":\"RADIO PORTATIL MOTOTRBO &#8211; DGP5550e\"}]},{\"@type\":\"WebSite\",\"@id\":\"https:\\\/\\\/abix.com.br\\\/#website\",\"url\":\"https:\\\/\\\/abix.com.br\\\/\",\"name\":\"Abix\",\"description\":\"\",\"potentialAction\":[{\"@type\":\"SearchAction\",\"target\":{\"@type\":\"EntryPoint\",\"urlTemplate\":\"https:\\\/\\\/abix.com.br\\\/?s={search_term_string}\"},\"query-input\":{\"@type\":\"PropertyValueSpecification\",\"valueRequired\":true,\"valueName\":\"search_term_string\"}}],\"inLanguage\":\"es\"}]}<\/script>\n<!-- \/ Yoast SEO plugin. -->","yoast_head_json":{"title":"RADIO PORTATIL MOTOTRBO - DGP5550e - Abix","description":"Esta din\u00e1mica evoluci\u00f3n de las radios bidireccionales digitales MOTOTRBOTM le ayuda a mejorar su conectividad, seguridad y productividad.","robots":{"index":"index","follow":"follow","max-snippet":"max-snippet:-1","max-image-preview":"max-image-preview:large","max-video-preview":"max-video-preview:-1"},"canonical":"https:\/\/abix.com.br\/produto\/dgp5550e\/","og_locale":"es_ES","og_type":"article","og_title":"RADIO PORTATIL MOTOTRBO - DGP5550e - Abix","og_description":"Esta din\u00e1mica evoluci\u00f3n de las radios bidireccionales digitales MOTOTRBOTM le ayuda a mejorar su conectividad, seguridad y productividad.","og_url":"https:\/\/abix.com.br\/produto\/dgp5550e\/","og_site_name":"Abix","article_modified_time":"2023-10-20T11:11:37+00:00","og_image":[{"width":600,"height":600,"url":"https:\/\/abix.com.br\/wp-content\/uploads\/2020\/05\/DGP8550-Front.jpg","type":"image\/jpeg"}],"twitter_card":"summary_large_image","twitter_misc":{"Tiempo de lectura":"4 minutos"},"schema":{"@context":"https:\/\/schema.org","@graph":[{"@type":"WebPage","@id":"https:\/\/abix.com.br\/produto\/dgp5550e\/","url":"https:\/\/abix.com.br\/produto\/dgp5550e\/","name":"RADIO PORTATIL MOTOTRBO - DGP5550e - Abix","isPartOf":{"@id":"https:\/\/abix.com.br\/#website"},"primaryImageOfPage":{"@id":"https:\/\/abix.com.br\/produto\/dgp5550e\/#primaryimage"},"image":{"@id":"https:\/\/abix.com.br\/produto\/dgp5550e\/#primaryimage"},"thumbnailUrl":"https:\/\/abix.com.br\/wp-content\/uploads\/2020\/05\/DGP8550-Front.jpg","datePublished":"2020-05-14T19:17:50+00:00","dateModified":"2023-10-20T11:11:37+00:00","description":"Esta din\u00e1mica evoluci\u00f3n de las radios bidireccionales digitales MOTOTRBOTM le ayuda a mejorar su conectividad, seguridad y productividad.","breadcrumb":{"@id":"https:\/\/abix.com.br\/produto\/dgp5550e\/#breadcrumb"},"inLanguage":"es","potentialAction":[{"@type":"ReadAction","target":["https:\/\/abix.com.br\/produto\/dgp5550e\/"]}]},{"@type":"ImageObject","inLanguage":"es","@id":"https:\/\/abix.com.br\/produto\/dgp5550e\/#primaryimage","url":"https:\/\/abix.com.br\/wp-content\/uploads\/2020\/05\/DGP8550-Front.jpg","contentUrl":"https:\/\/abix.com.br\/wp-content\/uploads\/2020\/05\/DGP8550-Front.jpg","width":600,"height":600,"caption":"R\u00c1DIO PORT\u00c1TIL MOTOTRBO - DGP8550e"},{"@type":"BreadcrumbList","@id":"https:\/\/abix.com.br\/produto\/dgp5550e\/#breadcrumb","itemListElement":[{"@type":"ListItem","position":1,"name":"In\u00edcio","item":"https:\/\/abix.com.br\/es\/"},{"@type":"ListItem","position":2,"name":"Tienda","item":"https:\/\/abix.com.br\/loja\/"},{"@type":"ListItem","position":3,"name":"RADIO PORTATIL MOTOTRBO &#8211; DGP5550e"}]},{"@type":"WebSite","@id":"https:\/\/abix.com.br\/#website","url":"https:\/\/abix.com.br\/","name":"Abix","description":"","potentialAction":[{"@type":"SearchAction","target":{"@type":"EntryPoint","urlTemplate":"https:\/\/abix.com.br\/?s={search_term_string}"},"query-input":{"@type":"PropertyValueSpecification","valueRequired":true,"valueName":"search_term_string"}}],"inLanguage":"es"}]}},"_links":{"self":[{"href":"https:\/\/abix.com.br\/es\/wp-json\/wp\/v2\/product\/19653","targetHints":{"allow":["GET"]}}],"collection":[{"href":"https:\/\/abix.com.br\/es\/wp-json\/wp\/v2\/product"}],"about":[{"href":"https:\/\/abix.com.br\/es\/wp-json\/wp\/v2\/types\/product"}],"replies":[{"embeddable":true,"href":"https:\/\/abix.com.br\/es\/wp-json\/wp\/v2\/comments?post=19653"}],"wp:featuredmedia":[{"embeddable":true,"href":"https:\/\/abix.com.br\/es\/wp-json\/wp\/v2\/media\/9675"}],"wp:attachment":[{"href":"https:\/\/abix.com.br\/es\/wp-json\/wp\/v2\/media?parent=19653"}],"wp:term":[{"taxonomy":"product_brand","embeddable":true,"href":"https:\/\/abix.com.br\/es\/wp-json\/wp\/v2\/product_brand?post=19653"},{"taxonomy":"product_cat","embeddable":true,"href":"https:\/\/abix.com.br\/es\/wp-json\/wp\/v2\/product_cat?post=19653"},{"taxonomy":"product_tag","embeddable":true,"href":"https:\/\/abix.com.br\/es\/wp-json\/wp\/v2\/product_tag?post=19653"}],"curies":[{"name":"wp","href":"https:\/\/api.w.org\/{rel}","templated":true}]}}