{"id":19659,"date":"2020-05-12T16:29:24","date_gmt":"2020-05-12T19:29:24","guid":{"rendered":"https:\/\/abix.com.br\/produto\/radio-portatil-mototrbo-sl500\/"},"modified":"2023-10-20T08:20:53","modified_gmt":"2023-10-20T11:20:53","slug":"radio-portatil-mototrbo-sl500","status":"publish","type":"product","link":"https:\/\/abix.com.br\/es\/produto\/radio-portatil-mototrbo-sl500\/","title":{"rendered":"RADIO PORT\u00c1TIL MOTOTRBO &#8211; SL500"},"content":{"rendered":"\n\t<section class=\"section\" id=\"section_2000389919\">\n\t\t<div class=\"section-bg fill\" >\n\t\t\t\t\t\t\t\t\t\n\t\t\t\n\n\t\t<\/div>\n\n\t\t\n\n\t\t<div class=\"section-content relative\">\n\t\t\t\n<div class=\"row\"  id=\"row-446899694\">\n\n\t<div id=\"col-1682453554\" class=\"col small-12 large-12\"  >\n\t\t\t\t<div class=\"col-inner\"  >\n\t\t\t\n\t\t\t\n<div class=\"row\"  id=\"row-541094731\">\n\n\t<div id=\"col-655244943\" class=\"col small-12 large-12\"  >\n\t\t\t\t<div class=\"col-inner\"  >\n\t\t\t\n\t\t\t\n\n\t\t<div class=\"tabbed-content locacao-tabs\">\n\t\t\t\n\t\t\t<ul class=\"nav nav-tabs nav-normal nav-size-xlarge nav-left active-on-hover\" role=\"tablist\"><li id=\"tab-informaci\u00d3n\" class=\"tab active has-icon\" role=\"presentation\"><a href=\"#tab_informaci\u00d3n\" role=\"tab\" aria-selected=\"true\" aria-controls=\"tab_informaci\u00d3n\"><span>INFORMACI\u00d3N<\/span><\/a><\/li>\n<li id=\"tab-accesorios\" class=\"tab has-icon\" role=\"presentation\"><a href=\"#tab_accesorios\" tabindex=\"-1\" role=\"tab\" aria-selected=\"false\" aria-controls=\"tab_accesorios\"><span>ACCESORIOS<\/span><\/a><\/li>\n<li id=\"tab-descargas\" class=\"tab has-icon\" role=\"presentation\"><a href=\"#tab_descargas\" tabindex=\"-1\" role=\"tab\" aria-selected=\"false\" aria-controls=\"tab_descargas\"><span>DESCARGAS<\/span><\/a><\/li>\n<li id=\"tab-especificaciones\" class=\"tab has-icon\" role=\"presentation\"><a href=\"#tab_especificaciones\" tabindex=\"-1\" role=\"tab\" aria-selected=\"false\" aria-controls=\"tab_especificaciones\"><span>ESPECIFICACIONES<\/span><\/a><\/li><\/ul><div class=\"tab-panels\"><div id=\"tab_informaci\u00d3n\" class=\"panel active entry-content\" role=\"tabpanel\" aria-labelledby=\"tab-informaci\u00d3n\">\n<div class=\"row\"  id=\"row-2066999715\">\n\n\t<div id=\"col-2013707122\" class=\"col medium-6 small-12 large-6\"  >\n\t\t\t\t<div class=\"col-inner\"  >\n\t\t\t\n\t\t\t\n<p><strong>FORMATO ULTRAFINO<\/strong><\/p>\n<p>Con un grosor inferior a 2,5 cm, la SL500 redefine el concepto de \u00abport\u00e1til\u00bb. Se puede llevar f\u00e1cilmente en el bolsillo o en el bolso, sin desordenar el entorno ni hacer demasiado ruido.<\/p>\n<p><strong>PANTALLA ACTIVEVIEW &#8211; OPCIONAL<\/strong><\/p>\n<p>La pantalla ActiveView inastillable utiliza iluminaci\u00f3n LED oculta para comunicar la informaci\u00f3n sobre canales, radio y volumen con claridad tanto de d\u00eda como de noche.<\/p>\n<p><strong>MANEJO CON UNA SOLA MANO<\/strong><\/p>\n<p>La SL500 tiene un bot\u00f3n independiente de encendido\/apagado, un conmutador basculante para el canal superior, botones laterales de control de volumen y un bot\u00f3n saliente de pulsar para hablar que permiten manejar la radio con una sola mano.<\/p>\n<p><strong>ANAL\u00d3GICO\/DIGITAL<\/strong><\/p>\n<p>Obtenga todas las ventajas digitales, incluida una mejor calidad de voz, mejores alcances y mayor duraci\u00f3n de la bater\u00eda, sin perder la compatibilidad con su flota de radios actual. Con capacidades anal\u00f3gicas y digitales, tienes la libertad de migrar a la \u00faltima tecnolog\u00eda a tu propio ritmo.<\/p>\n<p><strong>MODO DIRECTO DE DOBLE CAPACIDAD<\/strong><\/p>\n<p>Aproveche el potencial del est\u00e1ndar TDMA DMR de 2 ranuras para duplicar la capacidad de su canal de 12,5 kHz, sin necesidad de repetidor].<\/p>\n<p><strong>FUNCI\u00d3N DE TRANSMISI\u00d3N INTERRUMPIDA<\/strong><\/p>\n<p>Permite al supervisor interrumpir otra conversaci\u00f3n por radio para proporcionar comunicaciones esenciales exactamente cuando y donde se necesitan.<\/p>\n<p><strong>CLASIFICACI\u00d3N IP54<\/strong><\/p>\n<p>Extremadamente fiable, la SL500 es resistente al agua y al polvo para su uso en entornos dif\u00edciles.<\/p>\n<p><strong>ANUNCIO DE VOZ<\/strong><\/p>\n<p>Los comandos de voz confirman las operaciones en su radio para que pueda concentrarse en su trabajo.<\/p>\n<p><strong>RECEPTOR DE COMUNICACIONES ULTRASENSIBLE<\/strong><\/p>\n<p>Desarrollado para mantener un alcance de comunicaci\u00f3n de alta intensidad con un menor gasto de energ\u00eda y un uso m\u00e1s eficiente de la bater\u00eda.<\/p>\n<p><strong>CONECTIVIDAD MICRO USB<\/strong><\/p>\n<p>Carga eficaz de la bater\u00eda y programaci\u00f3n sencilla.<\/p>\n<p><strong>AMPLIA GAMA DE ACCESORIOS<\/strong><\/p>\n<p>Innovadoras opciones de transporte, auriculares y estaciones de carga para que pueda obtener la m\u00e1xima eficacia de su SL500.<\/p>\n\t\t<\/div>\n\t\t\t\t\t<\/div>\n\n\t\n\n\t<div id=\"col-1100999652\" class=\"col medium-6 small-12 large-6\"  >\n\t\t\t\t<div class=\"col-inner text-left\"  >\n\t\t\t\n\t\t\t\n\t\t<\/div>\n\t\t\t\t\t<\/div>\n\n\t\n<\/div>\n<\/div>\n<div id=\"tab_accesorios\" class=\"panel entry-content\" role=\"tabpanel\" aria-labelledby=\"tab-accesorios\">\n<div class=\"row align-middle\"  id=\"row-1714037841\">\n\n\t<div id=\"col-286400560\" class=\"col medium-10 small-12 large-10\"  >\n\t\t\t\t<div class=\"col-inner\"  >\n\t\t\t\n\t\t\t\n<p>CONTENIDO<\/p>\n\t\t<\/div>\n\t\t\t\t\t<\/div>\n\n\t\n\n\t<div id=\"col-889863700\" class=\"col medium-2 small-12 large-2\"  >\n\t\t\t\t<div class=\"col-inner\"  >\n\t\t\t\n\t\t\t\n\t\t<\/div>\n\t\t\t\t\t<\/div>\n\n\t\n<\/div>\n<\/div>\n<div id=\"tab_descargas\" class=\"panel entry-content\" role=\"tabpanel\" aria-labelledby=\"tab-descargas\">\n<div class=\"row\"  id=\"row-103933559\">\n\n\t<div id=\"col-629867645\" class=\"col medium-10 small-12 large-10\"  >\n\t\t\t\t<div class=\"col-inner\"  >\n\t\t\t\n\t\t\t\n<p><a href=\"https:\/\/www.abix.com.br\/wp-content\/uploads\/Ficha-SL500.pdf\">Ficha t\u00e9cnica SL500<\/a><\/p>\n\t\t<\/div>\n\t\t\t\t\t<\/div>\n\n\t\n<\/div>\n<\/div>\n<div id=\"tab_especificaciones\" class=\"panel entry-content\" role=\"tabpanel\" aria-labelledby=\"tab-especificaciones\">\n<div class=\"row\"  id=\"row-910112847\">\n\n\t<div id=\"col-1137115720\" class=\"col medium-9 small-12 large-9\"  >\n\t\t\t\t<div class=\"col-inner\"  >\n\t\t\t\n\t\t\t\n<h3>CARACTER\u00cdSTICAS DE RENDIMIENTO<\/h3>\n<ul>\n<li><strong>Tipo de bater\u00eda est\u00e1ndar<\/strong><\/li>\n<\/ul>\n<p>Litio ionizado<\/p>\n<ul>\n<li><strong>Apto para repetidores<\/strong><\/li>\n<\/ul>\n<p>S\u00ed<\/p>\n<ul>\n<li><strong>Energ\u00eda<\/strong><\/li>\n<\/ul>\n<p>1, 2, 3, Watt<\/p>\n<ul>\n<li><strong>Duraci\u00f3n de la bater\u00eda (basada en el ciclo de funcionamiento 5 5 90)<\/strong><\/li>\n<\/ul>\n<p>Anal\u00f3gico (horas) &#8211; 12,5 (VHF Sin pantalla), 11,8 (VHF Con pantalla); 12,5 (UHF Sin pantalla), 11,8 (UHF Con pantalla) Digital &#8211; 15 (VHF Sin pantalla), 14 (VHF Digital); 15 (UHF Sin pantalla), 14 (UHF Con pantalla)<\/p>\n<ul>\n<li><strong>Gama de frecuencias<\/strong><\/li>\n<\/ul>\n<p>VHF &#8211; 136 &#8211; 174 MHz; UHF &#8211; 403 &#8211; 470 MHz<\/p>\n<ul>\n<li><strong>Gama de frecuencias<\/strong><\/li>\n<\/ul>\n<p>VHF, UHF<\/p>\n<\/p>\n<h3>CARACTER\u00cdSTICAS F\u00cdSICAS<\/h3>\n<ul>\n<li><strong>Mostrar<\/strong><\/li>\n<\/ul>\n<p>Sin pantalla<\/p>\n<ul>\n<li><strong>Dimensiones Al x An x Pr (con bater\u00eda est\u00e1ndar)<\/strong><\/li>\n<\/ul>\n<p>4,95 X 2,17 x 0,87 pulg.<br \/>(125,7 X 55,0 X 22,0 mm)<\/p>\n<ul>\n<li><strong>Peso (con bater\u00eda est\u00e1ndar)<\/strong><\/li>\n<\/ul>\n<p>VHF: 168,9 g (5,96 oz), UHF: 165,6 g (5,84 oz)<\/p>\n<\/p>\n<h3>ENTORNO DE USUARIO<\/h3>\n<ul>\n<li><strong>Especificaciones militares<\/strong><\/li>\n<\/ul>\n<p>810 C, 810 D, 810 E, 810 F, 810 G<\/p>\n<ul>\n<li><strong>Normas IP<\/strong><\/li>\n<\/ul>\n<p>IP54<\/p>\n<h3>RECURSOS RADIOF\u00d3NICOS<\/h3>\n<ul>\n<li><strong>Anuncio de voz<\/strong><\/li>\n<\/ul>\n<p>S\u00ed<\/p>\n<ul>\n<li><strong>Interrupci\u00f3n de la transmisi\u00f3n<\/strong><\/li>\n<\/ul>\n<p>s\u00ed<\/p>\n<ul>\n<li><strong>Llamada de grupo<\/strong><\/li>\n<\/ul>\n<p>S\u00ed<\/p>\n<ul>\n<li><strong>Botones programables<\/strong><\/li>\n<\/ul>\n<p>S\u00ed<\/p>\n<ul>\n<li><strong>Comunicaci\u00f3n directa<\/strong><\/li>\n<\/ul>\n<p>S\u00ed<\/p>\n<ul>\n<li><strong>N\u00famero de canales<\/strong><\/li>\n<\/ul>\n<p>2, 99<\/p>\n<ul>\n<li><strong>Separaci\u00f3n entre canales<\/strong><\/li>\n<\/ul>\n<p>6,25 kHz, 12,5 kHz<\/p>\n<ul>\n<li><strong>Llamada individual<\/strong><\/li>\n<\/ul>\n<p>S\u00ed<\/p>\n<ul>\n<li><strong>Alertas de llamadas perdidas<\/strong><\/li>\n<\/ul>\n<p>S\u00ed<\/p>\n<\/p>\n<h3>TECNOLOG\u00cdA<\/h3>\n<ul>\n<li><strong>Tipo de sistema<\/strong><\/li>\n<\/ul>\n<p>Convencional, TDMA<\/p>\n\t\t<\/div>\n\t\t\t\t\t<\/div>\n\n\t\n<\/div>\n<\/div><\/div><\/div>\n\t\t<\/div>\n\t\t\t\t\t<\/div>\n\n\t\n<\/div>\n\t\t<\/div>\n\t\t\t\t\t<\/div>\n\n\t\n<\/div>\n\t\t<\/div>\n\n\t\t\n<style>\n#section_2000389919 {\n  padding-top: 0px;\n  padding-bottom: 0px;\n}\n<\/style>\n\t<\/section>\n\t\n","protected":false},"excerpt":{"rendered":"<p style=\"text-align: justify;\">El MOTOTRBO SL500 ofrece una comunicaci\u00f3n \u00abpulsar para hablar\u00bb sencilla y fiable en un dise\u00f1o atrevido para usuarios que est\u00e1n siempre en movimiento y necesitan estar siempre conectados. Para usted que trabaja como aparcacoches o en almacenes y centros de distribuci\u00f3n, el SL500 cabe c\u00f3modamente en el bolsillo y le mantiene conectado en todo momento.<\/p>\n<p style=\"text-align: justify;\">El SL500 es el compa\u00f1ero de viaje definitivo, con un grosor de menos de 2,5 cm, una antena gruesa y esquinas redondeadas. Dise\u00f1ada para parecerse a un smartphone, tiene un bot\u00f3n independiente de encendido\/apagado, un interruptor basculante para el canal superior, botones laterales de control de volumen y un bot\u00f3n saliente de pulsar para hablar que permiten manejar la radio con una sola mano. Su dise\u00f1o delgado e intuitivo convierte al SL500 en el dispositivo ideal para su uso en los sectores de la hosteler\u00eda, el comercio minorista, la educaci\u00f3n y la fabricaci\u00f3n ligera.<\/p>\n<p style=\"text-align: justify;\">Equipado con la \u00faltima tecnolog\u00eda para garantizar un rendimiento \u00f3ptimo, el SL500 cuenta con la pantalla LED ActiveView inastillable que, cuando se combina con la funci\u00f3n de anuncio de voz de MOTOTRBO, ilumina claramente la informaci\u00f3n importante de la radio. Su receptor de comunicaciones ultrasensible y su conectividad microUSB ofrecen ciclos de carga y programaci\u00f3n de radio m\u00e1s eficientes. Con una bater\u00eda cuya duraci\u00f3n ha sido probada hasta 14,6 horas* y una clasificaci\u00f3n IP54 de resistencia al agua y al polvo, el SL500 garantiza una comunicaci\u00f3n sencilla y fiable siempre que la necesite.<\/p>\n","protected":false},"featured_media":9592,"comment_status":"closed","ping_status":"closed","template":"","meta":[],"product_brand":[],"product_cat":[155,157,161,162,163,156,158],"product_tag":[],"class_list":{"0":"post-19659","1":"product","2":"type-product","3":"status-publish","4":"has-post-thumbnail","6":"product_cat-linea-profesional","7":"product_cat-motorola-es","8":"product_cat-mototrbo-es","9":"product_cat-radio-dmr-es","10":"product_cat-radios-analogicas","11":"product_cat-radios-digitales","12":"product_cat-radios-portatiles","14":"first","15":"instock","16":"shipping-taxable","17":"product-type-simple"},"yoast_head":"<!-- This site is optimized with the Yoast SEO plugin v27.3 - https:\/\/yoast.com\/product\/yoast-seo-wordpress\/ -->\n<title>RADIO PORT\u00c1TIL MOTOTRBO - SL500 - Abix Tecnolog\u00eda<\/title>\n<meta name=\"description\" content=\"El MOTOTRBO SL500 ofrece una comunicaci\u00f3n &quot;pulsar para hablar&quot; sencilla y fiable en un dise\u00f1o atrevido para usuarios siempre en movimiento\" \/>\n<meta name=\"robots\" content=\"index, follow, max-snippet:-1, max-image-preview:large, max-video-preview:-1\" \/>\n<link rel=\"canonical\" href=\"https:\/\/abix.com.br\/produto\/sl500\/\" \/>\n<meta property=\"og:locale\" content=\"es_ES\" \/>\n<meta property=\"og:type\" content=\"article\" \/>\n<meta property=\"og:title\" content=\"RADIO PORT\u00c1TIL MOTOTRBO - SL500 - Abix Tecnolog\u00eda\" \/>\n<meta property=\"og:description\" content=\"El MOTOTRBO SL500 ofrece una comunicaci\u00f3n &quot;pulsar para hablar&quot; sencilla y fiable en un dise\u00f1o atrevido para usuarios siempre en movimiento\" \/>\n<meta property=\"og:url\" content=\"https:\/\/abix.com.br\/produto\/sl500\/\" \/>\n<meta property=\"og:site_name\" content=\"Abix\" \/>\n<meta property=\"article:modified_time\" content=\"2023-10-20T11:20:53+00:00\" \/>\n<meta property=\"og:image\" content=\"https:\/\/abix.com.br\/wp-content\/uploads\/2020\/05\/SL500.jpg\" \/>\n\t<meta property=\"og:image:width\" content=\"512\" \/>\n\t<meta property=\"og:image:height\" content=\"512\" \/>\n\t<meta property=\"og:image:type\" content=\"image\/jpeg\" \/>\n<meta name=\"twitter:card\" content=\"summary_large_image\" \/>\n<meta name=\"twitter:label1\" content=\"Tiempo de lectura\" \/>\n\t<meta name=\"twitter:data1\" content=\"3 minutos\" \/>\n<script type=\"application\/ld+json\" class=\"yoast-schema-graph\">{\"@context\":\"https:\\\/\\\/schema.org\",\"@graph\":[{\"@type\":\"WebPage\",\"@id\":\"https:\\\/\\\/abix.com.br\\\/produto\\\/sl500\\\/\",\"url\":\"https:\\\/\\\/abix.com.br\\\/produto\\\/sl500\\\/\",\"name\":\"RADIO PORT\u00c1TIL MOTOTRBO - SL500 - Abix Tecnolog\u00eda\",\"isPartOf\":{\"@id\":\"https:\\\/\\\/abix.com.br\\\/#website\"},\"primaryImageOfPage\":{\"@id\":\"https:\\\/\\\/abix.com.br\\\/produto\\\/sl500\\\/#primaryimage\"},\"image\":{\"@id\":\"https:\\\/\\\/abix.com.br\\\/produto\\\/sl500\\\/#primaryimage\"},\"thumbnailUrl\":\"https:\\\/\\\/abix.com.br\\\/wp-content\\\/uploads\\\/2020\\\/05\\\/SL500.jpg\",\"datePublished\":\"2020-05-12T19:29:24+00:00\",\"dateModified\":\"2023-10-20T11:20:53+00:00\",\"description\":\"El MOTOTRBO SL500 ofrece una comunicaci\u00f3n \\\"pulsar para hablar\\\" sencilla y fiable en un dise\u00f1o atrevido para usuarios siempre en movimiento\",\"breadcrumb\":{\"@id\":\"https:\\\/\\\/abix.com.br\\\/produto\\\/sl500\\\/#breadcrumb\"},\"inLanguage\":\"es\",\"potentialAction\":[{\"@type\":\"ReadAction\",\"target\":[\"https:\\\/\\\/abix.com.br\\\/produto\\\/sl500\\\/\"]}]},{\"@type\":\"ImageObject\",\"inLanguage\":\"es\",\"@id\":\"https:\\\/\\\/abix.com.br\\\/produto\\\/sl500\\\/#primaryimage\",\"url\":\"https:\\\/\\\/abix.com.br\\\/wp-content\\\/uploads\\\/2020\\\/05\\\/SL500.jpg\",\"contentUrl\":\"https:\\\/\\\/abix.com.br\\\/wp-content\\\/uploads\\\/2020\\\/05\\\/SL500.jpg\",\"width\":512,\"height\":512,\"caption\":\"R\u00c1DIO PORT\u00c1TIL MOTOTRBO SL500\"},{\"@type\":\"BreadcrumbList\",\"@id\":\"https:\\\/\\\/abix.com.br\\\/produto\\\/sl500\\\/#breadcrumb\",\"itemListElement\":[{\"@type\":\"ListItem\",\"position\":1,\"name\":\"In\u00edcio\",\"item\":\"https:\\\/\\\/abix.com.br\\\/es\\\/\"},{\"@type\":\"ListItem\",\"position\":2,\"name\":\"Tienda\",\"item\":\"https:\\\/\\\/abix.com.br\\\/loja\\\/\"},{\"@type\":\"ListItem\",\"position\":3,\"name\":\"RADIO PORT\u00c1TIL MOTOTRBO &#8211; SL500\"}]},{\"@type\":\"WebSite\",\"@id\":\"https:\\\/\\\/abix.com.br\\\/#website\",\"url\":\"https:\\\/\\\/abix.com.br\\\/\",\"name\":\"Abix\",\"description\":\"\",\"potentialAction\":[{\"@type\":\"SearchAction\",\"target\":{\"@type\":\"EntryPoint\",\"urlTemplate\":\"https:\\\/\\\/abix.com.br\\\/?s={search_term_string}\"},\"query-input\":{\"@type\":\"PropertyValueSpecification\",\"valueRequired\":true,\"valueName\":\"search_term_string\"}}],\"inLanguage\":\"es\"}]}<\/script>\n<!-- \/ Yoast SEO plugin. -->","yoast_head_json":{"title":"RADIO PORT\u00c1TIL MOTOTRBO - SL500 - Abix Tecnolog\u00eda","description":"El MOTOTRBO SL500 ofrece una comunicaci\u00f3n \"pulsar para hablar\" sencilla y fiable en un dise\u00f1o atrevido para usuarios siempre en movimiento","robots":{"index":"index","follow":"follow","max-snippet":"max-snippet:-1","max-image-preview":"max-image-preview:large","max-video-preview":"max-video-preview:-1"},"canonical":"https:\/\/abix.com.br\/produto\/sl500\/","og_locale":"es_ES","og_type":"article","og_title":"RADIO PORT\u00c1TIL MOTOTRBO - SL500 - Abix Tecnolog\u00eda","og_description":"El MOTOTRBO SL500 ofrece una comunicaci\u00f3n \"pulsar para hablar\" sencilla y fiable en un dise\u00f1o atrevido para usuarios siempre en movimiento","og_url":"https:\/\/abix.com.br\/produto\/sl500\/","og_site_name":"Abix","article_modified_time":"2023-10-20T11:20:53+00:00","og_image":[{"width":512,"height":512,"url":"https:\/\/abix.com.br\/wp-content\/uploads\/2020\/05\/SL500.jpg","type":"image\/jpeg"}],"twitter_card":"summary_large_image","twitter_misc":{"Tiempo de lectura":"3 minutos"},"schema":{"@context":"https:\/\/schema.org","@graph":[{"@type":"WebPage","@id":"https:\/\/abix.com.br\/produto\/sl500\/","url":"https:\/\/abix.com.br\/produto\/sl500\/","name":"RADIO PORT\u00c1TIL MOTOTRBO - SL500 - Abix Tecnolog\u00eda","isPartOf":{"@id":"https:\/\/abix.com.br\/#website"},"primaryImageOfPage":{"@id":"https:\/\/abix.com.br\/produto\/sl500\/#primaryimage"},"image":{"@id":"https:\/\/abix.com.br\/produto\/sl500\/#primaryimage"},"thumbnailUrl":"https:\/\/abix.com.br\/wp-content\/uploads\/2020\/05\/SL500.jpg","datePublished":"2020-05-12T19:29:24+00:00","dateModified":"2023-10-20T11:20:53+00:00","description":"El MOTOTRBO SL500 ofrece una comunicaci\u00f3n \"pulsar para hablar\" sencilla y fiable en un dise\u00f1o atrevido para usuarios siempre en movimiento","breadcrumb":{"@id":"https:\/\/abix.com.br\/produto\/sl500\/#breadcrumb"},"inLanguage":"es","potentialAction":[{"@type":"ReadAction","target":["https:\/\/abix.com.br\/produto\/sl500\/"]}]},{"@type":"ImageObject","inLanguage":"es","@id":"https:\/\/abix.com.br\/produto\/sl500\/#primaryimage","url":"https:\/\/abix.com.br\/wp-content\/uploads\/2020\/05\/SL500.jpg","contentUrl":"https:\/\/abix.com.br\/wp-content\/uploads\/2020\/05\/SL500.jpg","width":512,"height":512,"caption":"R\u00c1DIO PORT\u00c1TIL MOTOTRBO SL500"},{"@type":"BreadcrumbList","@id":"https:\/\/abix.com.br\/produto\/sl500\/#breadcrumb","itemListElement":[{"@type":"ListItem","position":1,"name":"In\u00edcio","item":"https:\/\/abix.com.br\/es\/"},{"@type":"ListItem","position":2,"name":"Tienda","item":"https:\/\/abix.com.br\/loja\/"},{"@type":"ListItem","position":3,"name":"RADIO PORT\u00c1TIL MOTOTRBO &#8211; SL500"}]},{"@type":"WebSite","@id":"https:\/\/abix.com.br\/#website","url":"https:\/\/abix.com.br\/","name":"Abix","description":"","potentialAction":[{"@type":"SearchAction","target":{"@type":"EntryPoint","urlTemplate":"https:\/\/abix.com.br\/?s={search_term_string}"},"query-input":{"@type":"PropertyValueSpecification","valueRequired":true,"valueName":"search_term_string"}}],"inLanguage":"es"}]}},"_links":{"self":[{"href":"https:\/\/abix.com.br\/es\/wp-json\/wp\/v2\/product\/19659","targetHints":{"allow":["GET"]}}],"collection":[{"href":"https:\/\/abix.com.br\/es\/wp-json\/wp\/v2\/product"}],"about":[{"href":"https:\/\/abix.com.br\/es\/wp-json\/wp\/v2\/types\/product"}],"replies":[{"embeddable":true,"href":"https:\/\/abix.com.br\/es\/wp-json\/wp\/v2\/comments?post=19659"}],"wp:featuredmedia":[{"embeddable":true,"href":"https:\/\/abix.com.br\/es\/wp-json\/wp\/v2\/media\/9592"}],"wp:attachment":[{"href":"https:\/\/abix.com.br\/es\/wp-json\/wp\/v2\/media?parent=19659"}],"wp:term":[{"taxonomy":"product_brand","embeddable":true,"href":"https:\/\/abix.com.br\/es\/wp-json\/wp\/v2\/product_brand?post=19659"},{"taxonomy":"product_cat","embeddable":true,"href":"https:\/\/abix.com.br\/es\/wp-json\/wp\/v2\/product_cat?post=19659"},{"taxonomy":"product_tag","embeddable":true,"href":"https:\/\/abix.com.br\/es\/wp-json\/wp\/v2\/product_tag?post=19659"}],"curies":[{"name":"wp","href":"https:\/\/api.w.org\/{rel}","templated":true}]}}