{"id":19661,"date":"2020-05-12T10:40:00","date_gmt":"2020-05-12T13:40:00","guid":{"rendered":"https:\/\/abix.com.br\/produto\/radio-portatil-tetra-mtp8500-ex\/"},"modified":"2023-10-20T08:23:10","modified_gmt":"2023-10-20T11:23:10","slug":"radio-portatil-tetra-mtp8500-ex","status":"publish","type":"product","link":"https:\/\/abix.com.br\/es\/produto\/radio-portatil-tetra-mtp8500-ex\/","title":{"rendered":"RADIO PORT\u00c1TIL TETRA &#8211; MTP8500 EX"},"content":{"rendered":"\n\t<section class=\"section\" id=\"section_907330277\">\n\t\t<div class=\"section-bg fill\" >\n\t\t\t\t\t\t\t\t\t\n\t\t\t\n\n\t\t<\/div>\n\n\t\t\n\n\t\t<div class=\"section-content relative\">\n\t\t\t\n<div class=\"row\"  id=\"row-2018545748\">\n\n\t<div id=\"col-885904387\" class=\"col small-12 large-12\"  >\n\t\t\t\t<div class=\"col-inner\"  >\n\t\t\t\n\t\t\t\n<div class=\"row\"  id=\"row-2020375028\">\n\n\t<div id=\"col-1034813539\" class=\"col small-12 large-12\"  >\n\t\t\t\t<div class=\"col-inner\"  >\n\t\t\t\n\t\t\t\n\n\t\t<div class=\"tabbed-content locacao-tabs\">\n\t\t\t\n\t\t\t<ul class=\"nav nav-tabs nav-normal nav-size-xlarge nav-left active-on-hover\" role=\"tablist\"><li id=\"tab-informaci\u00d3n\" class=\"tab active has-icon\" role=\"presentation\"><a href=\"#tab_informaci\u00d3n\" role=\"tab\" aria-selected=\"true\" aria-controls=\"tab_informaci\u00d3n\"><span>INFORMACI\u00d3N<\/span><\/a><\/li>\n<li id=\"tab-accesorios\" class=\"tab has-icon\" role=\"presentation\"><a href=\"#tab_accesorios\" tabindex=\"-1\" role=\"tab\" aria-selected=\"false\" aria-controls=\"tab_accesorios\"><span>ACCESORIOS<\/span><\/a><\/li>\n<li id=\"tab-descargas\" class=\"tab has-icon\" role=\"presentation\"><a href=\"#tab_descargas\" tabindex=\"-1\" role=\"tab\" aria-selected=\"false\" aria-controls=\"tab_descargas\"><span>DESCARGAS<\/span><\/a><\/li>\n<li id=\"tab-especificaciones\" class=\"tab has-icon\" role=\"presentation\"><a href=\"#tab_especificaciones\" tabindex=\"-1\" role=\"tab\" aria-selected=\"false\" aria-controls=\"tab_especificaciones\"><span>ESPECIFICACIONES<\/span><\/a><\/li><\/ul><div class=\"tab-panels\"><div id=\"tab_informaci\u00d3n\" class=\"panel active entry-content\" role=\"tabpanel\" aria-labelledby=\"tab-informaci\u00d3n\">\n<div class=\"row\"  id=\"row-1272943388\">\n\n\t<div id=\"col-351852616\" class=\"col medium-6 small-12 large-6\"  >\n\t\t\t\t<div class=\"col-inner\"  >\n\t\t\t\n\t\t\t\n<h2><strong>AUDIO ALTO Y CLARO<\/strong><\/h2>\n<p>La serie MTP8000Ex est\u00e1 optimizada para ofrecer un rendimiento de audio impecable en todo tipo de entornos ruidosos. Incluso con el volumen al m\u00e1ximo, el audio a trav\u00e9s del altavoz y los accesorios es m\u00e1s n\u00edtido y el usuario puede o\u00edrse claramente con el ruido m\u00e1s fuerte de fondo.<\/p>\n<p><strong>CONSTRUCCI\u00d3N REFORZADA<\/strong><\/p>\n<p>Las radios de la serie MTP8000Ex est\u00e1n dise\u00f1adas para trabajar en los entornos m\u00e1s duros y peligrosos, ya sea con fr\u00edo y humedad o con polvo y calor, con clasificaciones IP65, IP66 e IP67.<\/p>\n<p><strong>ERGONOM\u00cdA AVANZADA<\/strong><\/p>\n<p>La serie MTP8000Ex se ha dise\u00f1ado para redefinir el uso del perfil de barra en T para el bot\u00f3n de control, el teclado t\u00e1ctil, el bot\u00f3n de emergencia m\u00e1s grande y el bot\u00f3n PTT texturizado.<\/p>\n<p><strong>M\u00c1S F\u00c1CIL DE USAR<\/strong><\/p>\n<p>Con su intuitiva interfaz de usuario, su innovadora placa de identificaci\u00f3n, su gran pantalla principal y su pantalla superior secundaria para ver f\u00e1cilmente las notificaciones de emergencia, el estado del grupo de conversaci\u00f3n o el estado de la bater\u00eda, la serie MTP8000Ex est\u00e1 dise\u00f1ada para facilitar su uso.<\/p>\n<p><strong>MEJOR COBERTURA<\/strong><\/p>\n<p>La alta sensibilidad del receptor y la elevada potencia de transmisi\u00f3n de la serie MTP8000Ex proporcionan una mayor cobertura y un mejor rendimiento integrado. Para mayor seguridad, la radio est\u00e1 equipada con un LED indicador de cobertura en la base de la antena, que avisa al usuario cuando la cobertura es deficiente.<\/p>\n<p><strong>BLUETOOTH\u00ae INTEGRADO<\/strong><\/p>\n<p>La tecnolog\u00eda inal\u00e1mbrica Bluetooth segura est\u00e1 integrada en la serie MTP8000Ex, lo que garantiza que una serie de accesorios inal\u00e1mbricos y dispositivos de colaboraci\u00f3n puedan emparejarse de forma segura y fiable con las radios.<\/p>\n<p><strong>MAYOR DURACI\u00d3N DE LA BATER\u00cdA<\/strong><\/p>\n<p>Con una autonom\u00eda ampliada de m\u00e1s de 16 horas, los trabajadores pueden estar seguros de que las radios de la serie MTP8000Ex estar\u00e1n preparadas para turnos m\u00e1s largos en caso de emergencias o situaciones imprevistas.<\/p>\n\t\t<\/div>\n\t\t\t\t\t<\/div>\n\n\t\n\n\t<div id=\"col-2071381231\" class=\"col medium-6 small-12 large-6\"  >\n\t\t\t\t<div class=\"col-inner text-left\"  >\n\t\t\t\n\t\t\t\n\t\t<\/div>\n\t\t\t\t\t<\/div>\n\n\t\n<\/div>\n<\/div>\n<div id=\"tab_accesorios\" class=\"panel entry-content\" role=\"tabpanel\" aria-labelledby=\"tab-accesorios\">\n<div class=\"row align-middle\"  id=\"row-630965667\">\n\n\t<div id=\"col-1386411736\" class=\"col medium-10 small-12 large-10\"  >\n\t\t\t\t<div class=\"col-inner\"  >\n\t\t\t\n\t\t\t\n<p><strong>PMAE4097<\/strong><br \/>ANTENAS DE RADIO M\u00d3VILES<br \/>Antena, arn\u00e9s de 120 mm (350-470MHZ)<\/p>\n<p><strong>PMAE4096<\/strong><br \/>ANTENAS DE RADIO BIDIRECCIONALES PORT\u00c1TILES<br \/>Antena, rechoncha 80mm (380-430MHZ)<\/p>\n<p><strong>PMAF4019<\/strong><br \/>ANTENAS DE RADIO BIDIRECCIONALES PORT\u00c1TILES<br \/>Antena, arn\u00e9s de 80 mm (806-870MHZ)<\/p>\n<p><strong>PMMN4067<\/strong><br \/>ACCESORIOS DE AUDIO<br \/>IMPRES RSM con clasificaci\u00f3n y controles Atex<\/p>\n<p><strong>PMMN4093<\/strong><br \/>ACCESORIOS DE AUDIO<br \/>Micr\u00f3fono con altavoz remoto (RSM) ATEX con cancelaci\u00f3n activa del ruido (ANC)<\/p>\n<p><strong>PMLN7188<\/strong><br \/>O\u00cdDOS<br \/>Auricular, 3,5 mm ATEX<\/p>\n<p><strong>WPLN4220<\/strong><br \/>CARGADORES<br \/>Cargador multi-unidades IMPRES con seis monitores.<\/p>\n\t\t<\/div>\n\t\t\t\t\t<\/div>\n\n\t\n\n\t<div id=\"col-306511294\" class=\"col medium-2 small-12 large-2\"  >\n\t\t\t\t<div class=\"col-inner\"  >\n\t\t\t\n\t\t\t\n\t\t<\/div>\n\t\t\t\t\t<\/div>\n\n\t\n<\/div>\n<\/div>\n<div id=\"tab_descargas\" class=\"panel entry-content\" role=\"tabpanel\" aria-labelledby=\"tab-descargas\">\n<div class=\"row\"  id=\"row-1528271359\">\n\n\t<div id=\"col-1684058471\" class=\"col medium-10 small-12 large-10\"  >\n\t\t\t\t<div class=\"col-inner\"  >\n\t\t\t\n\t\t\t\n<p><strong><a href=\"https:\/\/www.abix.com.br\/wp-content\/uploads\/Ficha-MTP8500EX-Pt.pdf\">Hoja de datos de MTP8500 EX<\/a><\/strong><\/p>\n<p><strong><a href=\"https:\/\/www.abix.com.br\/wp-content\/uploads\/MTP8500-Catalogo-de-acessorios.pdf\">MTP8500 &#8211; Cat\u00e1logo de accesorios<\/a><\/strong><\/p>\n\t\t<\/div>\n\t\t\t\t\t<\/div>\n\n\t\n<\/div>\n<\/div>\n<div id=\"tab_especificaciones\" class=\"panel entry-content\" role=\"tabpanel\" aria-labelledby=\"tab-especificaciones\">\n<div class=\"row\"  id=\"row-539134520\">\n\n\t<div id=\"col-1764861954\" class=\"col medium-9 small-12 large-9\"  >\n\t\t\t\t<div class=\"col-inner\"  >\n\t\t\t\n\t\t\t\n<h3>CARACTER\u00cdSTICAS DE RENDIMIENTO<\/h3>\n<ul>\n<li><strong>Duraci\u00f3n de la bater\u00eda &#8211; est\u00e1ndar (basada en un ciclo de 5 35 60)<\/strong><\/li>\n<\/ul>\n<p>12 horas<\/p>\n<ul>\n<li><strong>Duraci\u00f3n de la bater\u00eda &#8211; est\u00e1ndar (basada en un ciclo 05 05 90)<\/strong><\/li>\n<\/ul>\n<p>16 horas<\/p>\n<ul>\n<li><strong>Criptograf\u00eda<\/strong><\/li>\n<\/ul>\n<p>S\u00ed<\/p>\n<ul>\n<li><strong>Bandas de frecuencia<\/strong><\/li>\n<\/ul>\n<p>350-470 MHz<br \/>800 MHz<\/p>\n<ul>\n<li><strong>OTAR<\/strong><\/li>\n<\/ul>\n<p>S\u00ed<\/p>\n<ul>\n<li><strong>Control de potencia de RF<\/strong><\/li>\n<\/ul>\n<p>Clase de potencia 3L y clase 4<\/p>\n<\/p>\n<h3>ENTORNO DE USUARIO<\/h3>\n<ul>\n<li><strong>Especificaciones de polvo ATEX<\/strong><\/li>\n<\/ul>\n<p>IP64, IP65, IP66 e IP67 seg\u00fan<br \/>IEC-60079-0:2011 e IEC-60529<br \/>A prueba de polvo, agua, lluvia, chorros y sumergible<\/p>\n<ul>\n<li><strong>Especificaciones de gas ATEX<\/strong><\/li>\n<\/ul>\n<p>ESPECIFICACIONES IECEx<br \/>IEC 60079-0:2011<br \/>IEC 60079-11:2011<\/p>\n<p>ESPECIFICACIONES ATEX<br \/>EN60079-0:2012<br \/>EN60079-11:2012<\/p>\n<ul>\n<li><strong>Humedad<\/strong><\/li>\n<\/ul>\n<p>ETS 300-019-1-7 Clase 7.3E<\/p>\n<ul>\n<li><strong>Seguridad intr\u00ednseca<\/strong><\/li>\n<\/ul>\n<p>S\u00ed<\/p>\n<ul>\n<li><strong>Grado de protecci\u00f3n<\/strong><\/li>\n<\/ul>\n<p>IP64, IP65, IP67<\/p>\n<ul>\n<li><strong>Especificaciones militares<\/strong><\/li>\n<\/ul>\n<p>810 D, 810 E, 810 F, 810 G<\/p>\n<ul>\n<li><strong>Temperatura de funcionamiento<\/strong><\/li>\n<\/ul>\n<p>-30 a +55 \u00b0C<\/p>\n<ul>\n<li><strong>Impactos, ca\u00eddas y vibraciones<\/strong><\/li>\n<\/ul>\n<p>ETS 300-019 1-7 clase 5M3<\/p>\n<ul>\n<li><strong>Temperatura de almacenamiento<\/strong><\/li>\n<\/ul>\n<p>-40 a +85 \u00baC<\/p>\n<ul>\n<li><strong>Sumergible<\/strong><\/li>\n<\/ul>\n<p>S\u00ed<\/p>\n<\/p>\n<h3>SERVICIOS DE VOZ<\/h3>\n<ul>\n<li><strong>Escucha de ambientes<\/strong><\/li>\n<\/ul>\n<p>S\u00ed<\/p>\n<ul>\n<li><strong>Agenda<\/strong><\/li>\n<\/ul>\n<p>Hasta 1.000 contactos con 6 n\u00fameros por contacto (m\u00e1x. 2.000 n\u00fameros \u00fanicos)<\/p>\n<ul>\n<li><strong>Listas de lectura<\/strong><\/li>\n<\/ul>\n<p>40 Listas de hasta 20 grupos de chat<\/p>\n<ul>\n<li><strong>Grupos de chat<\/strong><\/li>\n<\/ul>\n<p>Grupos de chat TMO de hasta 10.000 personas<br \/>Grupos de conversaci\u00f3n DMO de hasta 2.000 personas<\/p>\n<ul>\n<li><strong>Inhibici\u00f3n de la transmisi\u00f3n<\/strong><\/li>\n<\/ul>\n<p>S\u00ed<\/p>\n<\/p>\n<h3>ESPECIFICACIONES GPS<\/h3>\n<ul>\n<li><strong>Precisi\u00f3n GPS<\/strong><\/li>\n<\/ul>\n<p>&lt;5 metros (50% de probabilidad) a -130 dBm<\/p>\n<ul>\n<li><strong>Antena GPS<\/strong><\/li>\n<\/ul>\n<p>Antena exterior integrada<\/p>\n<ul>\n<li><strong>Protocolos de localizaci\u00f3n<\/strong><\/li>\n<\/ul>\n<p>ETSI LIP, Motorola LRRP<\/p>\n<ul>\n<li><strong>Sat\u00e9lites simult\u00e1neos<\/strong><\/li>\n<\/ul>\n<p>12<\/p>\n<ul>\n<li><strong>Control de la sensibilidad<\/strong><\/li>\n<\/ul>\n<p>-163 dBm<\/p>\n<h3>RECURSOS RADIOF\u00d3NICOS<\/h3>\n<ul>\n<li><strong>Hombre ca\u00eddo<\/strong><\/li>\n<\/ul>\n<p>S\u00ed<\/p>\n<ul>\n<li><strong>Mensaje de texto<\/strong><\/li>\n<\/ul>\n<p>S\u00ed<\/p>\n<ul>\n<li><strong>Bluetooth<\/strong><\/li>\n<\/ul>\n<p>Bluetooth 2.1 +EDR, Bluetooth 4.0, Bluetooth Smart (BTLE)<\/p>\n<ul>\n<li><strong>Compatible con GPS<\/strong><\/li>\n<\/ul>\n<p>GPS, Beidou, Glonass<\/p>\n<ul>\n<li><strong>Paquetes de datos multiranura<\/strong><\/li>\n<\/ul>\n<p>Servicio de paquetes de datos de una o varias ranuras<\/p>\n<ul>\n<li><strong>Clase de receptor<\/strong><\/li>\n<\/ul>\n<p>A y B<\/p>\n<ul>\n<li><strong>Sensibilidad din\u00e1mica del receptor<\/strong><\/li>\n<\/ul>\n<p>-107 dBm (m\u00ednimo); -109 dBm (t\u00edpico)<\/p>\n<ul>\n<li><strong>Sensibilidad est\u00e1tica del receptor<\/strong><\/li>\n<\/ul>\n<p>-116 dBm (m\u00ednimo), -118 dBm (t\u00edpico)<\/p>\n<\/p>\n<h3>SERVICIOS DE TMO<\/h3>\n<ul>\n<li><strong>DGNA<\/strong><\/li>\n<\/ul>\n<p>Carpetas TMO: hasta 1.500, cada una con capacidad para 2.048 grupos de chat TMO.<\/p>\n<ul>\n<li><strong>Llamada de grupo<\/strong><\/li>\n<\/ul>\n<p>TMO full duplex privado, PABX, PSTN, emergencia<br \/>BMT semid\u00faplex privado, grupo, emergencia<\/p>\n<ul>\n<li><strong>Telefon\u00eda<\/strong><\/li>\n<\/ul>\n<p>Marcaci\u00f3n directa, desplazamiento, velocidad, bot\u00f3n\/tecla de una pulsaci\u00f3n<br \/>B\u00fasqueda alfanum\u00e9rica, rellamada del historial de llamadas<\/p>\n<\/p>\n<h3>SERVICIOS DMO<\/h3>\n<ul>\n<li><strong>Llamada de grupo<\/strong><\/li>\n<\/ul>\n<p>DMO semid\u00faplex privado, grupo, emergencia<\/p>\n<\/p>\n<h3>SERVICIOS DE DATOS<\/h3>\n<ul>\n<li><strong>Navegador<\/strong><\/li>\n<\/ul>\n<p>Navegador WAP\/WAP Push<\/p>\n<ul>\n<li><strong>Mensajes de estado<\/strong><\/li>\n<\/ul>\n<p>Mensaje SDS en TMO y DMO, incluidos los mensajes concatenados<\/p>\n<h3> <\/h3>\n<h3>SERVICIOS DE VOZ DE EMERGENCIA<\/h3>\n<ul>\n<li><strong>Alarma<\/strong><\/li>\n<\/ul>\n<p>Estado de emergencia<\/p>\n<ul>\n<li><strong>Direcci\u00f3n de destino de emergencia<\/strong><\/li>\n<\/ul>\n<p>Individual o en grupo<\/p>\n<ul>\n<li><strong>Micr\u00f3fono encendido<\/strong><\/li>\n<\/ul>\n<p>HOT MIC de emergencia: manos libres cuando lo necesites<\/p>\n<ul>\n<li><strong>Ubicaci\u00f3n<\/strong><\/li>\n<\/ul>\n<p>Enviar en caso de emergencia<\/p>\n<ul>\n<li><strong>Emergencia inteligente<\/strong><\/li>\n<\/ul>\n<p>Selecci\u00f3n inteligente de TMO \/ DMO para la configuraci\u00f3n de llamadas de emergencia<\/p>\n<\/p>\n<h3>CARACTER\u00cdSTICAS DE SEGURIDAD<\/h3>\n<ul>\n<li><strong>Algoritmos de cifrado de la interfaz a\u00e9rea<\/strong><\/li>\n<\/ul>\n<p>T\u00c91, T\u00c92, T\u00c93<\/p>\n<ul>\n<li><strong>Clases de seguridad de cifrado de la interfaz a\u00e9rea<\/strong><\/li>\n<\/ul>\n<p>Seguridad de clase 1, 2 y 3 y compatibilidad con 3G<\/p>\n<ul>\n<li><strong>Autenticaci\u00f3n<\/strong><\/li>\n<\/ul>\n<p>Ayuda<\/p>\n<ul>\n<li><strong>Cifrado completo<\/strong><\/li>\n<\/ul>\n<p>Microm\u00f3dulo de hardware Motorola CRYPTR<\/p>\n<ul>\n<li><strong>Provisi\u00f3n de claves<\/strong><\/li>\n<\/ul>\n<p>Herramienta de aprovisionamiento seguro (cargadores de claves variables)<br \/>OTAR (Reintroducci\u00f3n en el aire)<\/p>\n<ul>\n<li><strong>Acceso a la red<\/strong><\/li>\n<\/ul>\n<p>Habilitaci\u00f3n temporal (Aturdir), Habilitaci\u00f3n permanente (Matar)<\/p>\n\t\t<\/div>\n\t\t\t\t\t<\/div>\n\n\t\n<\/div>\n<\/div><\/div><\/div>\n\t\t<\/div>\n\t\t\t\t\t<\/div>\n\n\t\n<\/div>\n\t\t<\/div>\n\t\t\t\t\t<\/div>\n\n\t\n<\/div>\n\t\t<\/div>\n\n\t\t\n<style>\n#section_907330277 {\n  padding-top: 0px;\n  padding-bottom: 0px;\n}\n<\/style>\n\t<\/section>\n\t\n","protected":false},"excerpt":{"rendered":"<p style=\"text-align: justify;\">Las radios TETRA ATEX de la serie MTP8000Ex ofrecen un audio potente, mejor cobertura, mayor duraci\u00f3n de la bater\u00eda, mayor resistencia, ergonom\u00eda avanzada y mayor facilidad de uso, para que los empleados que trabajan en los entornos m\u00e1s extremos puedan desempe\u00f1ar sus funciones de forma m\u00e1s segura, m\u00e1s inteligente y desde cualquier lugar. M\u00e1s informaci\u00f3n sobre ATEX y la \u00faltima norma IECEx. Estas radios TETRA ATEX de \u00faltima generaci\u00f3n se han dise\u00f1ado espec\u00edficamente para usuarios que trabajan en zonas con posibles gases explosivos o vapores qu\u00edmicos, l\u00edquidos inflamables y polvos combustibles.<\/p>\n<p style=\"text-align: justify;\">La radio port\u00e1til MTP8500Ex ofrece potentes funcionalidades y ventajas para el usuario en un formato con teclado limitado, ideal para su uso con guantes gruesos. Con caracter\u00edsticas innovadoras como pantalla superior, estructura de barra en T y pantalla en color, esta radio TETRA ATEX est\u00e1 optimizada para facilitar su uso.<\/p>\n","protected":false},"featured_media":9543,"comment_status":"closed","ping_status":"closed","template":"","meta":[],"product_brand":[],"product_cat":[167,165,155,157,185,164,156,158],"product_tag":[],"class_list":{"0":"post-19661","1":"product","2":"type-product","3":"status-publish","4":"has-post-thumbnail","6":"product_cat-dimetra-es","7":"product_cat-equipos-atex-ex","8":"product_cat-linea-profesional","9":"product_cat-motorola-es","10":"product_cat-radio-ex-es","11":"product_cat-radio-tetra-es","12":"product_cat-radios-digitales","13":"product_cat-radios-portatiles","15":"first","16":"instock","17":"shipping-taxable","18":"product-type-simple"},"yoast_head":"<!-- This site is optimized with the Yoast SEO plugin v27.3 - https:\/\/yoast.com\/product\/yoast-seo-wordpress\/ -->\n<title>RADIO PORT\u00c1TIL TETRA - MTP8500 EX - Abix Tecnolog\u00eda<\/title>\n<meta name=\"description\" content=\"Las radios TETRA ATEX de la serie MTP8000Ex ofrecen un audio potente, mejor cobertura, mayor duraci\u00f3n de la bater\u00eda y mayor resistencia. Ver m\u00e1s\" \/>\n<meta name=\"robots\" content=\"index, follow, max-snippet:-1, max-image-preview:large, max-video-preview:-1\" \/>\n<link rel=\"canonical\" href=\"https:\/\/abix.com.br\/produto\/mtp8500ex\/\" \/>\n<meta property=\"og:locale\" content=\"es_ES\" \/>\n<meta property=\"og:type\" content=\"article\" \/>\n<meta property=\"og:title\" content=\"RADIO PORT\u00c1TIL TETRA - MTP8500 EX - Abix Tecnolog\u00eda\" \/>\n<meta property=\"og:description\" content=\"Las radios TETRA ATEX de la serie MTP8000Ex ofrecen un audio potente, mejor cobertura, mayor duraci\u00f3n de la bater\u00eda y mayor resistencia. Ver m\u00e1s\" \/>\n<meta property=\"og:url\" content=\"https:\/\/abix.com.br\/produto\/mtp8500ex\/\" \/>\n<meta property=\"og:site_name\" content=\"Abix\" \/>\n<meta property=\"article:modified_time\" content=\"2023-10-20T11:23:10+00:00\" \/>\n<meta property=\"og:image\" content=\"https:\/\/abix.com.br\/wp-content\/uploads\/2020\/05\/MTP8500Ex_Front-.jpg\" \/>\n\t<meta property=\"og:image:width\" content=\"1280\" \/>\n\t<meta property=\"og:image:height\" content=\"1280\" \/>\n\t<meta property=\"og:image:type\" content=\"image\/jpeg\" \/>\n<meta name=\"twitter:card\" content=\"summary_large_image\" \/>\n<meta name=\"twitter:label1\" content=\"Tiempo de lectura\" \/>\n\t<meta name=\"twitter:data1\" content=\"5 minutos\" \/>\n<script type=\"application\/ld+json\" class=\"yoast-schema-graph\">{\"@context\":\"https:\\\/\\\/schema.org\",\"@graph\":[{\"@type\":\"WebPage\",\"@id\":\"https:\\\/\\\/abix.com.br\\\/produto\\\/mtp8500ex\\\/\",\"url\":\"https:\\\/\\\/abix.com.br\\\/produto\\\/mtp8500ex\\\/\",\"name\":\"RADIO PORT\u00c1TIL TETRA - MTP8500 EX - Abix Tecnolog\u00eda\",\"isPartOf\":{\"@id\":\"https:\\\/\\\/abix.com.br\\\/#website\"},\"primaryImageOfPage\":{\"@id\":\"https:\\\/\\\/abix.com.br\\\/produto\\\/mtp8500ex\\\/#primaryimage\"},\"image\":{\"@id\":\"https:\\\/\\\/abix.com.br\\\/produto\\\/mtp8500ex\\\/#primaryimage\"},\"thumbnailUrl\":\"https:\\\/\\\/abix.com.br\\\/wp-content\\\/uploads\\\/2020\\\/05\\\/MTP8500Ex_Front-.jpg\",\"datePublished\":\"2020-05-12T13:40:00+00:00\",\"dateModified\":\"2023-10-20T11:23:10+00:00\",\"description\":\"Las radios TETRA ATEX de la serie MTP8000Ex ofrecen un audio potente, mejor cobertura, mayor duraci\u00f3n de la bater\u00eda y mayor resistencia. Ver m\u00e1s\",\"breadcrumb\":{\"@id\":\"https:\\\/\\\/abix.com.br\\\/produto\\\/mtp8500ex\\\/#breadcrumb\"},\"inLanguage\":\"es\",\"potentialAction\":[{\"@type\":\"ReadAction\",\"target\":[\"https:\\\/\\\/abix.com.br\\\/produto\\\/mtp8500ex\\\/\"]}]},{\"@type\":\"ImageObject\",\"inLanguage\":\"es\",\"@id\":\"https:\\\/\\\/abix.com.br\\\/produto\\\/mtp8500ex\\\/#primaryimage\",\"url\":\"https:\\\/\\\/abix.com.br\\\/wp-content\\\/uploads\\\/2020\\\/05\\\/MTP8500Ex_Front-.jpg\",\"contentUrl\":\"https:\\\/\\\/abix.com.br\\\/wp-content\\\/uploads\\\/2020\\\/05\\\/MTP8500Ex_Front-.jpg\",\"width\":1280,\"height\":1280,\"caption\":\"R\u00c1DIO PORT\u00c1TIL TETRA MTP8500 EX\"},{\"@type\":\"BreadcrumbList\",\"@id\":\"https:\\\/\\\/abix.com.br\\\/produto\\\/mtp8500ex\\\/#breadcrumb\",\"itemListElement\":[{\"@type\":\"ListItem\",\"position\":1,\"name\":\"In\u00edcio\",\"item\":\"https:\\\/\\\/abix.com.br\\\/es\\\/\"},{\"@type\":\"ListItem\",\"position\":2,\"name\":\"Tienda\",\"item\":\"https:\\\/\\\/abix.com.br\\\/loja\\\/\"},{\"@type\":\"ListItem\",\"position\":3,\"name\":\"RADIO PORT\u00c1TIL TETRA &#8211; MTP8500 EX\"}]},{\"@type\":\"WebSite\",\"@id\":\"https:\\\/\\\/abix.com.br\\\/#website\",\"url\":\"https:\\\/\\\/abix.com.br\\\/\",\"name\":\"Abix\",\"description\":\"\",\"potentialAction\":[{\"@type\":\"SearchAction\",\"target\":{\"@type\":\"EntryPoint\",\"urlTemplate\":\"https:\\\/\\\/abix.com.br\\\/?s={search_term_string}\"},\"query-input\":{\"@type\":\"PropertyValueSpecification\",\"valueRequired\":true,\"valueName\":\"search_term_string\"}}],\"inLanguage\":\"es\"}]}<\/script>\n<!-- \/ Yoast SEO plugin. -->","yoast_head_json":{"title":"RADIO PORT\u00c1TIL TETRA - MTP8500 EX - Abix Tecnolog\u00eda","description":"Las radios TETRA ATEX de la serie MTP8000Ex ofrecen un audio potente, mejor cobertura, mayor duraci\u00f3n de la bater\u00eda y mayor resistencia. Ver m\u00e1s","robots":{"index":"index","follow":"follow","max-snippet":"max-snippet:-1","max-image-preview":"max-image-preview:large","max-video-preview":"max-video-preview:-1"},"canonical":"https:\/\/abix.com.br\/produto\/mtp8500ex\/","og_locale":"es_ES","og_type":"article","og_title":"RADIO PORT\u00c1TIL TETRA - MTP8500 EX - Abix Tecnolog\u00eda","og_description":"Las radios TETRA ATEX de la serie MTP8000Ex ofrecen un audio potente, mejor cobertura, mayor duraci\u00f3n de la bater\u00eda y mayor resistencia. Ver m\u00e1s","og_url":"https:\/\/abix.com.br\/produto\/mtp8500ex\/","og_site_name":"Abix","article_modified_time":"2023-10-20T11:23:10+00:00","og_image":[{"width":1280,"height":1280,"url":"https:\/\/abix.com.br\/wp-content\/uploads\/2020\/05\/MTP8500Ex_Front-.jpg","type":"image\/jpeg"}],"twitter_card":"summary_large_image","twitter_misc":{"Tiempo de lectura":"5 minutos"},"schema":{"@context":"https:\/\/schema.org","@graph":[{"@type":"WebPage","@id":"https:\/\/abix.com.br\/produto\/mtp8500ex\/","url":"https:\/\/abix.com.br\/produto\/mtp8500ex\/","name":"RADIO PORT\u00c1TIL TETRA - MTP8500 EX - Abix Tecnolog\u00eda","isPartOf":{"@id":"https:\/\/abix.com.br\/#website"},"primaryImageOfPage":{"@id":"https:\/\/abix.com.br\/produto\/mtp8500ex\/#primaryimage"},"image":{"@id":"https:\/\/abix.com.br\/produto\/mtp8500ex\/#primaryimage"},"thumbnailUrl":"https:\/\/abix.com.br\/wp-content\/uploads\/2020\/05\/MTP8500Ex_Front-.jpg","datePublished":"2020-05-12T13:40:00+00:00","dateModified":"2023-10-20T11:23:10+00:00","description":"Las radios TETRA ATEX de la serie MTP8000Ex ofrecen un audio potente, mejor cobertura, mayor duraci\u00f3n de la bater\u00eda y mayor resistencia. Ver m\u00e1s","breadcrumb":{"@id":"https:\/\/abix.com.br\/produto\/mtp8500ex\/#breadcrumb"},"inLanguage":"es","potentialAction":[{"@type":"ReadAction","target":["https:\/\/abix.com.br\/produto\/mtp8500ex\/"]}]},{"@type":"ImageObject","inLanguage":"es","@id":"https:\/\/abix.com.br\/produto\/mtp8500ex\/#primaryimage","url":"https:\/\/abix.com.br\/wp-content\/uploads\/2020\/05\/MTP8500Ex_Front-.jpg","contentUrl":"https:\/\/abix.com.br\/wp-content\/uploads\/2020\/05\/MTP8500Ex_Front-.jpg","width":1280,"height":1280,"caption":"R\u00c1DIO PORT\u00c1TIL TETRA MTP8500 EX"},{"@type":"BreadcrumbList","@id":"https:\/\/abix.com.br\/produto\/mtp8500ex\/#breadcrumb","itemListElement":[{"@type":"ListItem","position":1,"name":"In\u00edcio","item":"https:\/\/abix.com.br\/es\/"},{"@type":"ListItem","position":2,"name":"Tienda","item":"https:\/\/abix.com.br\/loja\/"},{"@type":"ListItem","position":3,"name":"RADIO PORT\u00c1TIL TETRA &#8211; MTP8500 EX"}]},{"@type":"WebSite","@id":"https:\/\/abix.com.br\/#website","url":"https:\/\/abix.com.br\/","name":"Abix","description":"","potentialAction":[{"@type":"SearchAction","target":{"@type":"EntryPoint","urlTemplate":"https:\/\/abix.com.br\/?s={search_term_string}"},"query-input":{"@type":"PropertyValueSpecification","valueRequired":true,"valueName":"search_term_string"}}],"inLanguage":"es"}]}},"_links":{"self":[{"href":"https:\/\/abix.com.br\/es\/wp-json\/wp\/v2\/product\/19661","targetHints":{"allow":["GET"]}}],"collection":[{"href":"https:\/\/abix.com.br\/es\/wp-json\/wp\/v2\/product"}],"about":[{"href":"https:\/\/abix.com.br\/es\/wp-json\/wp\/v2\/types\/product"}],"replies":[{"embeddable":true,"href":"https:\/\/abix.com.br\/es\/wp-json\/wp\/v2\/comments?post=19661"}],"wp:featuredmedia":[{"embeddable":true,"href":"https:\/\/abix.com.br\/es\/wp-json\/wp\/v2\/media\/9543"}],"wp:attachment":[{"href":"https:\/\/abix.com.br\/es\/wp-json\/wp\/v2\/media?parent=19661"}],"wp:term":[{"taxonomy":"product_brand","embeddable":true,"href":"https:\/\/abix.com.br\/es\/wp-json\/wp\/v2\/product_brand?post=19661"},{"taxonomy":"product_cat","embeddable":true,"href":"https:\/\/abix.com.br\/es\/wp-json\/wp\/v2\/product_cat?post=19661"},{"taxonomy":"product_tag","embeddable":true,"href":"https:\/\/abix.com.br\/es\/wp-json\/wp\/v2\/product_tag?post=19661"}],"curies":[{"name":"wp","href":"https:\/\/api.w.org\/{rel}","templated":true}]}}