{"id":19662,"date":"2020-05-11T15:35:16","date_gmt":"2020-05-11T18:35:16","guid":{"rendered":"https:\/\/abix.com.br\/produto\/radio-portatil-tetra-mtp850\/"},"modified":"2023-10-20T08:24:29","modified_gmt":"2023-10-20T11:24:29","slug":"radio-portatil-tetra-mtp850","status":"publish","type":"product","link":"https:\/\/abix.com.br\/es\/produto\/radio-portatil-tetra-mtp850\/","title":{"rendered":"RADIO PORT\u00c1TIL TETRA &#8211; MTP850"},"content":{"rendered":"\n\t<section class=\"section\" id=\"section_998777570\">\n\t\t<div class=\"section-bg fill\" >\n\t\t\t\t\t\t\t\t\t\n\t\t\t\n\n\t\t<\/div>\n\n\t\t\n\n\t\t<div class=\"section-content relative\">\n\t\t\t\n<div class=\"row\"  id=\"row-1112094196\">\n\n\t<div id=\"col-1653260263\" class=\"col small-12 large-12\"  >\n\t\t\t\t<div class=\"col-inner\"  >\n\t\t\t\n\t\t\t\n<div class=\"row\"  id=\"row-352386063\">\n\n\t<div id=\"col-316593068\" class=\"col small-12 large-12\"  >\n\t\t\t\t<div class=\"col-inner\"  >\n\t\t\t\n\t\t\t\n\n\t\t<div class=\"tabbed-content locacao-tabs\">\n\t\t\t\n\t\t\t<ul class=\"nav nav-tabs nav-normal nav-size-xlarge nav-left active-on-hover\" role=\"tablist\"><li id=\"tab-informaci\u00d3n\" class=\"tab active has-icon\" role=\"presentation\"><a href=\"#tab_informaci\u00d3n\" role=\"tab\" aria-selected=\"true\" aria-controls=\"tab_informaci\u00d3n\"><span>INFORMACI\u00d3N<\/span><\/a><\/li>\n<li id=\"tab-accesorios\" class=\"tab has-icon\" role=\"presentation\"><a href=\"#tab_accesorios\" tabindex=\"-1\" role=\"tab\" aria-selected=\"false\" aria-controls=\"tab_accesorios\"><span>ACCESORIOS<\/span><\/a><\/li>\n<li id=\"tab-descargas\" class=\"tab has-icon\" role=\"presentation\"><a href=\"#tab_descargas\" tabindex=\"-1\" role=\"tab\" aria-selected=\"false\" aria-controls=\"tab_descargas\"><span>DESCARGAS<\/span><\/a><\/li>\n<li id=\"tab-especificaciones\" class=\"tab has-icon\" role=\"presentation\"><a href=\"#tab_especificaciones\" tabindex=\"-1\" role=\"tab\" aria-selected=\"false\" aria-controls=\"tab_especificaciones\"><span>ESPECIFICACIONES<\/span><\/a><\/li><\/ul><div class=\"tab-panels\"><div id=\"tab_informaci\u00d3n\" class=\"panel active entry-content\" role=\"tabpanel\" aria-labelledby=\"tab-informaci\u00d3n\">\n<div class=\"row\"  id=\"row-538371297\">\n\n\t<div id=\"col-1701570640\" class=\"col medium-6 small-12 large-6\"  >\n\t\t\t\t<div class=\"col-inner\"  >\n\t\t\t\n\t\t\t\n<p><strong>SEGURIDAD PERSONAL<\/strong><\/p>\n<p>La protecci\u00f3n del personal es demasiado importante para dejarla en manos del individuo. La radio MTP850 est\u00e1 dise\u00f1ada para proteger a los usuarios con sus llamadas de voz de alta calidad, su gran bot\u00f3n de emergencia y su revolucionaria soluci\u00f3n de localizaci\u00f3n. El servicio integrado de localizaci\u00f3n por sat\u00e9lite (GPS) permite transmitir autom\u00e1ticamente la ubicaci\u00f3n de un usuario al expedidor**. Es importante garantizar que las situaciones que ponen en peligro la vida se identifiquen, localicen y asignen recursos con prontitud.<\/p>\n<p><strong>DURADERO Y ROBUSTO<\/strong><\/p>\n<p>Cada modelo de terminal TETRA de Motorola se somete a un proceso acelerado de prueba de vida \u00fatil que simula un ciclo de vida de 5 a\u00f1os. Estas rigurosas pruebas garantizan que el MTP850 cumple algunos de los m\u00e1s altos niveles de robustez militar.<\/p>\n<p><strong>COMPACTO<\/strong><\/p>\n<p>Para ser eficaces, las comunicaciones deben ser r\u00e1pidas y sencillas, por lo que el MTP850 se ha dise\u00f1ado para mejorar las operaciones con sus grandes botones de emergencia y pulsar para hablar. Adem\u00e1s, con sus 12,5 cm de altura, la radio es f\u00e1cil de llevar en el cintur\u00f3n o al hombro.<\/p>\n<p><strong>PANTALLA CON COLORES REALISTAS<\/strong><\/p>\n<p>El MTP850 incorpora lo \u00faltimo en interfaces de usuario para m\u00f3viles, lo que garantiza un funcionamiento intuitivo y optimiza las aplicaciones, desde las solicitudes de datos hasta las im\u00e1genes compartidas. Con m\u00e1s de 65.000 colores vivos, su pantalla en color de alta resoluci\u00f3n ofrece una reproducci\u00f3n precisa de fotos, mapas e im\u00e1genes.<\/p>\n<p><strong>COMUNICACIONES SEGURAS<\/strong><\/p>\n<p>Mantener unas comunicaciones seguras es cada vez m\u00e1s importante, ya que continuamente se intercambia informaci\u00f3n potencialmente confidencial. Por eso el MTP850 se ha dise\u00f1ado para soportar el m\u00e1ximo nivel de protecci\u00f3n segura, desde su m\u00f3dulo de cifrado integrado de extremo a extremo hasta el centro de gesti\u00f3n de claves de Motorola, l\u00edder del sector.<\/p>\n<p><strong>DISE\u00d1ADOS PARA OFRECER UN RENDIMIENTO EXCELENTE. DISE\u00d1ADO PARA EL FUTURO<\/strong><\/p>\n<p>Respaldado por amplias funciones de datos integradas, como el paquete de datos multicompartimento (MSDP) y el navegador WAP, el MTP850 puede proporcionar acceso remoto a bases de datos, directorios y otros recursos, y es tan sencillo como utilizar un ordenador para establecer comunicaciones puntuales y fiables.<\/p>\n\t\t<\/div>\n\t\t\t\t\t<\/div>\n\n\t\n\n\t<div id=\"col-959148874\" class=\"col medium-6 small-12 large-6\"  >\n\t\t\t\t<div class=\"col-inner text-left\"  >\n\t\t\t\n\t\t\t\n\t\t<\/div>\n\t\t\t\t\t<\/div>\n\n\t\n<\/div>\n<\/div>\n<div id=\"tab_accesorios\" class=\"panel entry-content\" role=\"tabpanel\" aria-labelledby=\"tab-accesorios\">\n<div class=\"row align-middle\"  id=\"row-972773123\">\n\n\t<div id=\"col-801969160\" class=\"col medium-10 small-12 large-10\"  >\n\t\t\t\t<div class=\"col-inner\"  >\n\t\t\t\n\t\t\t\n<p>CONTENIDO<\/p>\n\t\t<\/div>\n\t\t\t\t\t<\/div>\n\n\t\n\n\t<div id=\"col-1279845513\" class=\"col medium-2 small-12 large-2\"  >\n\t\t\t\t<div class=\"col-inner\"  >\n\t\t\t\n\t\t\t\n\t\t<\/div>\n\t\t\t\t\t<\/div>\n\n\t\n<\/div>\n<\/div>\n<div id=\"tab_descargas\" class=\"panel entry-content\" role=\"tabpanel\" aria-labelledby=\"tab-descargas\">\n<div class=\"row\"  id=\"row-642338517\">\n\n\t<div id=\"col-1924773680\" class=\"col medium-10 small-12 large-10\"  >\n\t\t\t\t<div class=\"col-inner\"  >\n\t\t\t\n\t\t\t\n<p><a href=\"https:\/\/www.abix.com.br\/wp-content\/uploads\/Ficha-MTP850.pdf\">Hoja de datos de MTP850<\/a><\/p>\n\t\t<\/div>\n\t\t\t\t\t<\/div>\n\n\t\n<\/div>\n<\/div>\n<div id=\"tab_especificaciones\" class=\"panel entry-content\" role=\"tabpanel\" aria-labelledby=\"tab-especificaciones\">\n<div class=\"row\"  id=\"row-2104105043\">\n\n\t<div id=\"col-1475136043\" class=\"col medium-9 small-12 large-9\"  >\n\t\t\t\t<div class=\"col-inner\"  >\n\t\t\t\n\t\t\t\n<h3>SERVICIOS DMO<\/h3>\n<ul>\n<li><strong>Llamada de grupo<\/strong><\/li>\n<\/ul>\n<p>Entrada tard\u00eda<\/p>\n<ul>\n<li><strong>Llamada privada<\/strong><\/li>\n<\/ul>\n<p>D\u00faplex medio \/ completo<\/p>\n<ul>\n<li><strong>Compatibilidad<\/strong><\/li>\n<\/ul>\n<p>Pasarela y repetidor<\/p>\n<\/p>\n<h3>SERVICIOS DE DATOS<\/h3>\n<ul>\n<li><strong>Mensajes de estado<\/strong><\/li>\n<\/ul>\n<p>100 mensajes de alias<\/p>\n<ul>\n<li><strong>Servicio de Datos Cortos (SDS)<\/strong><\/li>\n<\/ul>\n<p>Bandeja de entrada con 20 mensajes, direcciones individuales o de grupo, env\u00edo\/recepci\u00f3n durante las llamadas<\/p>\n<ul>\n<li><strong>Datos del paquete (PD)<\/strong><\/li>\n<\/ul>\n<p>7,2 kbps &#8211; 28,8 kbps en bruto (ranura \u00fanica o m\u00faltiple)<\/p>\n<ul>\n<li><strong>Navegador<\/strong><\/li>\n<\/ul>\n<p>Navegador Openwave integrado<\/p>\n<ul>\n<li><strong>PIE<\/strong><\/li>\n<\/ul>\n<p>Comandos AT<\/p>\n<\/p>\n<h3>ESPECIFICACIONES GPS<\/h3>\n<ul>\n<li><strong>Sat\u00e9lites simult\u00e1neos<\/strong><\/li>\n<\/ul>\n<p>12<\/p>\n<ul>\n<li><strong>Modo de funcionamiento<\/strong><\/li>\n<\/ul>\n<p>Aut\u00f3nomo o asistido (A-GPS)<\/p>\n<ul>\n<li><strong>Antena GPS<\/strong><\/li>\n<\/ul>\n<p>Integrado en la antena TETRA<\/p>\n<ul>\n<li><strong>Sensibilidad GPS<\/strong><\/li>\n<\/ul>\n<p>-152 dBm \/ -182 dBw<\/p>\n<ul>\n<li><strong>Precisi\u00f3n GPS<\/strong><\/li>\n<\/ul>\n<p>5 metros (50% probable)<\/p>\n<ul>\n<li><strong>Protocolos de localizaci\u00f3n<\/strong><\/li>\n<\/ul>\n<p>ETSI LIP, LRRP para Motorola<\/p>\n<\/p>\n<h3>RECURSOS RADIOF\u00d3NICOS<\/h3>\n<ul>\n<li><strong>Selecci\u00f3n de ancho de banda<\/strong><\/li>\n<\/ul>\n<p>50 (380 &#8211; 430 MHz)<br \/>19 (806 &#8211; 825, 851 &#8211; 870 MHz)<\/p>\n<ul>\n<li><strong>Sensibilidad est\u00e1tica del receptor<\/strong><\/li>\n<\/ul>\n<p>-112 m\u00ednimo, -115 t\u00edpico<\/p>\n<ul>\n<li><strong>Sensibilidad din\u00e1mica del receptor<\/strong><\/li>\n<\/ul>\n<p>-103 m\u00ednimo, -107 t\u00edpico<\/p>\n<ul>\n<li><strong>Tipos de lectura<\/strong><\/li>\n<\/ul>\n<p>Conversaci\u00f3n en grupo<\/p>\n<ul>\n<li><strong>Clase de receptor<\/strong><\/li>\n<\/ul>\n<p>ALOJAMIENTO Y DESAYUNO<\/p>\n<ul>\n<li><strong>Precisi\u00f3n del nivel de energ\u00eda de RF<\/strong><\/li>\n<\/ul>\n<p>+\/- db 2<\/p>\n<\/p>\n<h3>ENTORNO DE USUARIO<\/h3>\n<ul>\n<li><strong>Temperatura de funcionamiento<\/strong><\/li>\n<\/ul>\n<p>-20\u00b0C a +60\u00b0C<\/p>\n<ul>\n<li><strong>Temperatura de almacenamiento<\/strong><\/li>\n<\/ul>\n<p>-40 \u00b0 C a + 85 \u00b0 C<\/p>\n<ul>\n<li><strong>Humedad<\/strong><\/li>\n<\/ul>\n<p>ETS 300 019-1-5, clases 5.1 y 5.2<\/p>\n<ul>\n<li><strong>Polvo y agua<\/strong><\/li>\n<\/ul>\n<p>IP54 (Cat 2)<\/p>\n<ul>\n<li><strong>Impactos, ca\u00eddas y vibraciones<\/strong><\/li>\n<\/ul>\n<p>ETS 300 019-1-5 Clase 5M2<\/p>\n<ul>\n<li><strong>Grado de protecci\u00f3n<\/strong><\/li>\n<\/ul>\n<p>Norma IP54<\/p>\n<h3>SERVICIOS DE TMO<\/h3>\n<ul>\n<li><strong>Telefon\u00eda<\/strong><\/li>\n<\/ul>\n<p>D\u00faplex completo<\/p>\n<ul>\n<li><strong>DGNA<\/strong><\/li>\n<\/ul>\n<p>Hasta 2047 grupos<\/p>\n<\/p>\n<h3>SERVICIOS DE VOZ DE EMERGENCIA<\/h3>\n<ul>\n<li><strong>Emergencia inteligente<\/strong><\/li>\n<\/ul>\n<p>BMD \/ BMT \/ BMD para BMT<\/p>\n<ul>\n<li><strong>Micr\u00f3fono encendido<\/strong><\/li>\n<\/ul>\n<p>Temporizadores configurables<\/p>\n<ul>\n<li><strong>Ubicaci\u00f3n<\/strong><\/li>\n<\/ul>\n<p>Enviar en caso de emergencia<\/p>\n<ul>\n<li><strong>Direcci\u00f3n de destino de emergencia<\/strong><\/li>\n<\/ul>\n<p>Individual o en grupo<\/p>\n<ul>\n<li><strong>Alarma<\/strong><\/li>\n<\/ul>\n<p>Estado de emergencia<\/p>\n<\/p>\n<h3>CARACTER\u00cdSTICAS F\u00cdSICAS<\/h3>\n<ul>\n<li><strong>Dimensiones Al x An x Pr (con bater\u00eda est\u00e1ndar)<\/strong><br \/>125 x 50 x 37,5 mm (con bater\u00eda est\u00e1ndar)<br \/>125 x 50 x 33,5 mm (con bater\u00eda delgada)<\/li>\n<\/ul>\n<h3>CARACTER\u00cdSTICAS DE RENDIMIENTO<\/h3>\n<ul>\n<li><strong>Capacidad de la bater\u00eda<\/strong><\/li>\n<\/ul>\n<p>1850 mAh (est\u00e1ndar), 950 mAh (delgado)<\/p>\n<ul>\n<li><strong>Duraci\u00f3n de la bater\u00eda &#8211; est\u00e1ndar (basada en un ciclo 05 05 90)<\/strong><\/li>\n<\/ul>\n<p>12,5 (950 mAh), 23 (1850 mAh)<\/p>\n<ul>\n<li><strong>Duraci\u00f3n de la bater\u00eda &#8211; est\u00e1ndar (basada en un ciclo de 5 35 60)<\/strong><\/li>\n<\/ul>\n<p>9 (950 mAh), 18 (1850 mAh)<\/p>\n<ul>\n<li><strong>Bandas de frecuencia<\/strong><\/li>\n<\/ul>\n<p>380-430, 806-870 MHz<\/p>\n<ul>\n<li><strong>Separaci\u00f3n entre canales<\/strong><\/li>\n<\/ul>\n<p>25<\/p>\n<ul>\n<li><strong>Potencia de salida<\/strong><\/li>\n<\/ul>\n<p>1W<\/p>\n<ul>\n<li><strong>OTAR<\/strong><\/li>\n<\/ul>\n<p>S\u00ed<\/p>\n<ul>\n<li><strong>Control de potencia de RF<\/strong><\/li>\n<\/ul>\n<p>3 pasos de 5 dB<\/p>\n<\/p>\n<h3>CARACTER\u00cdSTICAS DE SEGURIDAD<\/h3>\n<ul>\n<li><strong>Algoritmos de cifrado de la interfaz a\u00e9rea<\/strong><\/li>\n<\/ul>\n<p>T\u00c91, T\u00c92, T\u00c93<\/p>\n<ul>\n<li><strong>Clases de seguridad de cifrado de la interfaz a\u00e9rea<\/strong><\/li>\n<\/ul>\n<p>Clase1 (clear), Clase2 (SCK), Clase3 (DCK, CCK y GCK)<\/p>\n<ul>\n<li><strong>Provisi\u00f3n de claves<\/strong><\/li>\n<\/ul>\n<p>\u00bb Herramienta de aprovisionamiento seguro (cargador KVL de clave variable)<br \/>Over The Air (OTAR) para SCK y Clase 3 (CCK &amp; GCK)\u00bb<\/p>\n<ul>\n<li><strong>Acceso a la red<\/strong><\/li>\n<\/ul>\n<p>Habilitaci\u00f3n temporal (Aturdir), Habilitaci\u00f3n permanente (Matar)<\/p>\n<ul>\n<li><strong>Autenticaci\u00f3n<\/strong><\/li>\n<\/ul>\n<p>Infraestructura iniciada y mutualizada por terminal<\/p>\n<\/p>\n<h3>SERVICIOS DE VOZ<\/h3>\n<ul>\n<li><strong>Grupos de chat<\/strong><\/li>\n<\/ul>\n<p>2048 (TMO) y 1024 (DMO)<\/p>\n<ul>\n<li><strong>Agenda<\/strong><\/li>\n<\/ul>\n<p>1000 entradas<\/p>\n<ul>\n<li><strong>Listas de lectura<\/strong><\/li>\n<\/ul>\n<p>40 listas, 20 grupos de debate \/ listas<\/p>\n<ul>\n<li><strong>Escuchar m\u00fasica ambiental<\/strong><\/li>\n<\/ul>\n<p>S\u00ed<\/p>\n<ul>\n<li><strong>Inhibici\u00f3n de la transmisi\u00f3n<\/strong><\/li>\n<\/ul>\n<p>S\u00ed<\/p>\n\t\t<\/div>\n\t\t\t\t\t<\/div>\n\n\t\n<\/div>\n<\/div><\/div><\/div>\n\t\t<\/div>\n\t\t\t\t\t<\/div>\n\n\t\n<\/div>\n\t\t<\/div>\n\t\t\t\t\t<\/div>\n\n\t\n<\/div>\n\t\t<\/div>\n\n\t\t\n<style>\n#section_998777570 {\n  padding-top: 0px;\n  padding-bottom: 0px;\n}\n<\/style>\n\t<\/section>\n\t\n","protected":false},"excerpt":{"rendered":"<p style=\"text-align: justify;\">La radio MTP850 de Motorola ofrece una gama m\u00e1s amplia de funciones nuevas y probadas para proteger a su personal y responder eficazmente a las emergencias.<\/p>\n<p style=\"text-align: justify;\">La radio MTP850, compacta y resistente, garantiza servicios de voz r\u00e1pidos y seguros, mejora las operaciones con funciones avanzadas y cumple las especificaciones militares m\u00e1s exigentes. Dise\u00f1ada para funcionar ahora y en el futuro, la radio MTP850 ofrece la posibilidad de incorporar nuevas aplicaciones mediante el uso de comunicaciones Multi-Slot Packet Data y WAP. Acceder a bases de datos, directorios y carpetas ser\u00e1 tan sencillo como utilizar un ordenador para obtener comunicaciones fiables y puntuales.<\/p>\n","protected":false},"featured_media":9513,"comment_status":"closed","ping_status":"closed","template":"","meta":[],"product_brand":[],"product_cat":[167,155,157,164,156,158],"product_tag":[],"class_list":{"0":"post-19662","1":"product","2":"type-product","3":"status-publish","4":"has-post-thumbnail","6":"product_cat-dimetra-es","7":"product_cat-linea-profesional","8":"product_cat-motorola-es","9":"product_cat-radio-tetra-es","10":"product_cat-radios-digitales","11":"product_cat-radios-portatiles","13":"first","14":"instock","15":"shipping-taxable","16":"product-type-simple"},"yoast_head":"<!-- This site is optimized with the Yoast SEO plugin v27.3 - https:\/\/yoast.com\/product\/yoast-seo-wordpress\/ -->\n<title>RADIO PORT\u00c1TIL TETRA - MTP850 - Abix Tecnolog\u00eda<\/title>\n<meta name=\"description\" content=\"La radio MTP850 de Motorola ofrece una gama m\u00e1s amplia de elementos nuevos y probados para proteger a su personal. Ver m\u00e1s\" \/>\n<meta name=\"robots\" content=\"index, follow, max-snippet:-1, max-image-preview:large, max-video-preview:-1\" \/>\n<link rel=\"canonical\" href=\"https:\/\/abix.com.br\/produto\/mtp850\/\" \/>\n<meta property=\"og:locale\" content=\"es_ES\" \/>\n<meta property=\"og:type\" content=\"article\" \/>\n<meta property=\"og:title\" content=\"RADIO PORT\u00c1TIL TETRA - MTP850 - Abix Tecnolog\u00eda\" \/>\n<meta property=\"og:description\" content=\"La radio MTP850 de Motorola ofrece una gama m\u00e1s amplia de elementos nuevos y probados para proteger a su personal. Ver m\u00e1s\" \/>\n<meta property=\"og:url\" content=\"https:\/\/abix.com.br\/produto\/mtp850\/\" \/>\n<meta property=\"og:site_name\" content=\"Abix\" \/>\n<meta property=\"article:modified_time\" content=\"2023-10-20T11:24:29+00:00\" \/>\n<meta property=\"og:image\" content=\"https:\/\/abix.com.br\/wp-content\/uploads\/2020\/05\/mtp850-tetra.png\" \/>\n\t<meta property=\"og:image:width\" content=\"558\" \/>\n\t<meta property=\"og:image:height\" content=\"558\" \/>\n\t<meta property=\"og:image:type\" content=\"image\/png\" \/>\n<meta name=\"twitter:card\" content=\"summary_large_image\" \/>\n<meta name=\"twitter:label1\" content=\"Tiempo de lectura\" \/>\n\t<meta name=\"twitter:data1\" content=\"5 minutos\" \/>\n<script type=\"application\/ld+json\" class=\"yoast-schema-graph\">{\"@context\":\"https:\\\/\\\/schema.org\",\"@graph\":[{\"@type\":\"WebPage\",\"@id\":\"https:\\\/\\\/abix.com.br\\\/produto\\\/mtp850\\\/\",\"url\":\"https:\\\/\\\/abix.com.br\\\/produto\\\/mtp850\\\/\",\"name\":\"RADIO PORT\u00c1TIL TETRA - MTP850 - Abix Tecnolog\u00eda\",\"isPartOf\":{\"@id\":\"https:\\\/\\\/abix.com.br\\\/#website\"},\"primaryImageOfPage\":{\"@id\":\"https:\\\/\\\/abix.com.br\\\/produto\\\/mtp850\\\/#primaryimage\"},\"image\":{\"@id\":\"https:\\\/\\\/abix.com.br\\\/produto\\\/mtp850\\\/#primaryimage\"},\"thumbnailUrl\":\"https:\\\/\\\/abix.com.br\\\/wp-content\\\/uploads\\\/2020\\\/05\\\/mtp850-tetra.png\",\"datePublished\":\"2020-05-11T18:35:16+00:00\",\"dateModified\":\"2023-10-20T11:24:29+00:00\",\"description\":\"La radio MTP850 de Motorola ofrece una gama m\u00e1s amplia de elementos nuevos y probados para proteger a su personal. Ver m\u00e1s\",\"breadcrumb\":{\"@id\":\"https:\\\/\\\/abix.com.br\\\/produto\\\/mtp850\\\/#breadcrumb\"},\"inLanguage\":\"es\",\"potentialAction\":[{\"@type\":\"ReadAction\",\"target\":[\"https:\\\/\\\/abix.com.br\\\/produto\\\/mtp850\\\/\"]}]},{\"@type\":\"ImageObject\",\"inLanguage\":\"es\",\"@id\":\"https:\\\/\\\/abix.com.br\\\/produto\\\/mtp850\\\/#primaryimage\",\"url\":\"https:\\\/\\\/abix.com.br\\\/wp-content\\\/uploads\\\/2020\\\/05\\\/mtp850-tetra.png\",\"contentUrl\":\"https:\\\/\\\/abix.com.br\\\/wp-content\\\/uploads\\\/2020\\\/05\\\/mtp850-tetra.png\",\"width\":558,\"height\":558,\"caption\":\"R\u00c1DIO PORT\u00c1TIL TETRA MTP850\"},{\"@type\":\"BreadcrumbList\",\"@id\":\"https:\\\/\\\/abix.com.br\\\/produto\\\/mtp850\\\/#breadcrumb\",\"itemListElement\":[{\"@type\":\"ListItem\",\"position\":1,\"name\":\"In\u00edcio\",\"item\":\"https:\\\/\\\/abix.com.br\\\/es\\\/\"},{\"@type\":\"ListItem\",\"position\":2,\"name\":\"Tienda\",\"item\":\"https:\\\/\\\/abix.com.br\\\/loja\\\/\"},{\"@type\":\"ListItem\",\"position\":3,\"name\":\"RADIO PORT\u00c1TIL TETRA &#8211; MTP850\"}]},{\"@type\":\"WebSite\",\"@id\":\"https:\\\/\\\/abix.com.br\\\/#website\",\"url\":\"https:\\\/\\\/abix.com.br\\\/\",\"name\":\"Abix\",\"description\":\"\",\"potentialAction\":[{\"@type\":\"SearchAction\",\"target\":{\"@type\":\"EntryPoint\",\"urlTemplate\":\"https:\\\/\\\/abix.com.br\\\/?s={search_term_string}\"},\"query-input\":{\"@type\":\"PropertyValueSpecification\",\"valueRequired\":true,\"valueName\":\"search_term_string\"}}],\"inLanguage\":\"es\"}]}<\/script>\n<!-- \/ Yoast SEO plugin. -->","yoast_head_json":{"title":"RADIO PORT\u00c1TIL TETRA - MTP850 - Abix Tecnolog\u00eda","description":"La radio MTP850 de Motorola ofrece una gama m\u00e1s amplia de elementos nuevos y probados para proteger a su personal. Ver m\u00e1s","robots":{"index":"index","follow":"follow","max-snippet":"max-snippet:-1","max-image-preview":"max-image-preview:large","max-video-preview":"max-video-preview:-1"},"canonical":"https:\/\/abix.com.br\/produto\/mtp850\/","og_locale":"es_ES","og_type":"article","og_title":"RADIO PORT\u00c1TIL TETRA - MTP850 - Abix Tecnolog\u00eda","og_description":"La radio MTP850 de Motorola ofrece una gama m\u00e1s amplia de elementos nuevos y probados para proteger a su personal. Ver m\u00e1s","og_url":"https:\/\/abix.com.br\/produto\/mtp850\/","og_site_name":"Abix","article_modified_time":"2023-10-20T11:24:29+00:00","og_image":[{"width":558,"height":558,"url":"https:\/\/abix.com.br\/wp-content\/uploads\/2020\/05\/mtp850-tetra.png","type":"image\/png"}],"twitter_card":"summary_large_image","twitter_misc":{"Tiempo de lectura":"5 minutos"},"schema":{"@context":"https:\/\/schema.org","@graph":[{"@type":"WebPage","@id":"https:\/\/abix.com.br\/produto\/mtp850\/","url":"https:\/\/abix.com.br\/produto\/mtp850\/","name":"RADIO PORT\u00c1TIL TETRA - MTP850 - Abix Tecnolog\u00eda","isPartOf":{"@id":"https:\/\/abix.com.br\/#website"},"primaryImageOfPage":{"@id":"https:\/\/abix.com.br\/produto\/mtp850\/#primaryimage"},"image":{"@id":"https:\/\/abix.com.br\/produto\/mtp850\/#primaryimage"},"thumbnailUrl":"https:\/\/abix.com.br\/wp-content\/uploads\/2020\/05\/mtp850-tetra.png","datePublished":"2020-05-11T18:35:16+00:00","dateModified":"2023-10-20T11:24:29+00:00","description":"La radio MTP850 de Motorola ofrece una gama m\u00e1s amplia de elementos nuevos y probados para proteger a su personal. Ver m\u00e1s","breadcrumb":{"@id":"https:\/\/abix.com.br\/produto\/mtp850\/#breadcrumb"},"inLanguage":"es","potentialAction":[{"@type":"ReadAction","target":["https:\/\/abix.com.br\/produto\/mtp850\/"]}]},{"@type":"ImageObject","inLanguage":"es","@id":"https:\/\/abix.com.br\/produto\/mtp850\/#primaryimage","url":"https:\/\/abix.com.br\/wp-content\/uploads\/2020\/05\/mtp850-tetra.png","contentUrl":"https:\/\/abix.com.br\/wp-content\/uploads\/2020\/05\/mtp850-tetra.png","width":558,"height":558,"caption":"R\u00c1DIO PORT\u00c1TIL TETRA MTP850"},{"@type":"BreadcrumbList","@id":"https:\/\/abix.com.br\/produto\/mtp850\/#breadcrumb","itemListElement":[{"@type":"ListItem","position":1,"name":"In\u00edcio","item":"https:\/\/abix.com.br\/es\/"},{"@type":"ListItem","position":2,"name":"Tienda","item":"https:\/\/abix.com.br\/loja\/"},{"@type":"ListItem","position":3,"name":"RADIO PORT\u00c1TIL TETRA &#8211; MTP850"}]},{"@type":"WebSite","@id":"https:\/\/abix.com.br\/#website","url":"https:\/\/abix.com.br\/","name":"Abix","description":"","potentialAction":[{"@type":"SearchAction","target":{"@type":"EntryPoint","urlTemplate":"https:\/\/abix.com.br\/?s={search_term_string}"},"query-input":{"@type":"PropertyValueSpecification","valueRequired":true,"valueName":"search_term_string"}}],"inLanguage":"es"}]}},"_links":{"self":[{"href":"https:\/\/abix.com.br\/es\/wp-json\/wp\/v2\/product\/19662","targetHints":{"allow":["GET"]}}],"collection":[{"href":"https:\/\/abix.com.br\/es\/wp-json\/wp\/v2\/product"}],"about":[{"href":"https:\/\/abix.com.br\/es\/wp-json\/wp\/v2\/types\/product"}],"replies":[{"embeddable":true,"href":"https:\/\/abix.com.br\/es\/wp-json\/wp\/v2\/comments?post=19662"}],"wp:featuredmedia":[{"embeddable":true,"href":"https:\/\/abix.com.br\/es\/wp-json\/wp\/v2\/media\/9513"}],"wp:attachment":[{"href":"https:\/\/abix.com.br\/es\/wp-json\/wp\/v2\/media?parent=19662"}],"wp:term":[{"taxonomy":"product_brand","embeddable":true,"href":"https:\/\/abix.com.br\/es\/wp-json\/wp\/v2\/product_brand?post=19662"},{"taxonomy":"product_cat","embeddable":true,"href":"https:\/\/abix.com.br\/es\/wp-json\/wp\/v2\/product_cat?post=19662"},{"taxonomy":"product_tag","embeddable":true,"href":"https:\/\/abix.com.br\/es\/wp-json\/wp\/v2\/product_tag?post=19662"}],"curies":[{"name":"wp","href":"https:\/\/api.w.org\/{rel}","templated":true}]}}