{"id":19664,"date":"2020-05-11T13:41:51","date_gmt":"2020-05-11T16:41:51","guid":{"rendered":"https:\/\/abix.com.br\/produto\/radio-portatil-tetra-mtp850-ex\/"},"modified":"2023-10-20T08:27:37","modified_gmt":"2023-10-20T11:27:37","slug":"radio-portatil-tetra-mtp850-ex","status":"publish","type":"product","link":"https:\/\/abix.com.br\/es\/produto\/radio-portatil-tetra-mtp850-ex\/","title":{"rendered":"RADIO PORT\u00c1TIL TETRA &#8211; MTP850 EX"},"content":{"rendered":"\n\t<section class=\"section\" id=\"section_558643148\">\n\t\t<div class=\"section-bg fill\" >\n\t\t\t\t\t\t\t\t\t\n\t\t\t\n\n\t\t<\/div>\n\n\t\t\n\n\t\t<div class=\"section-content relative\">\n\t\t\t\n<div class=\"row\"  id=\"row-1525314415\">\n\n\t<div id=\"col-850048582\" class=\"col small-12 large-12\"  >\n\t\t\t\t<div class=\"col-inner\"  >\n\t\t\t\n\t\t\t\n<div class=\"row\"  id=\"row-1778533304\">\n\n\t<div id=\"col-1169172306\" class=\"col small-12 large-12\"  >\n\t\t\t\t<div class=\"col-inner\"  >\n\t\t\t\n\t\t\t\n\n\t\t<div class=\"tabbed-content locacao-tabs\">\n\t\t\t\n\t\t\t<ul class=\"nav nav-tabs nav-normal nav-size-xlarge nav-left active-on-hover\" role=\"tablist\"><li id=\"tab-informaci\u00d3n\" class=\"tab active has-icon\" role=\"presentation\"><a href=\"#tab_informaci\u00d3n\" role=\"tab\" aria-selected=\"true\" aria-controls=\"tab_informaci\u00d3n\"><span>INFORMACI\u00d3N<\/span><\/a><\/li>\n<li id=\"tab-accesorios\" class=\"tab has-icon\" role=\"presentation\"><a href=\"#tab_accesorios\" tabindex=\"-1\" role=\"tab\" aria-selected=\"false\" aria-controls=\"tab_accesorios\"><span>ACCESORIOS<\/span><\/a><\/li>\n<li id=\"tab-descargas\" class=\"tab has-icon\" role=\"presentation\"><a href=\"#tab_descargas\" tabindex=\"-1\" role=\"tab\" aria-selected=\"false\" aria-controls=\"tab_descargas\"><span>DESCARGAS<\/span><\/a><\/li>\n<li id=\"tab-especificaciones\" class=\"tab has-icon\" role=\"presentation\"><a href=\"#tab_especificaciones\" tabindex=\"-1\" role=\"tab\" aria-selected=\"false\" aria-controls=\"tab_especificaciones\"><span>ESPECIFICACIONES<\/span><\/a><\/li><\/ul><div class=\"tab-panels\"><div id=\"tab_informaci\u00d3n\" class=\"panel active entry-content\" role=\"tabpanel\" aria-labelledby=\"tab-informaci\u00d3n\">\n<div class=\"row\"  id=\"row-204246623\">\n\n\t<div id=\"col-217272413\" class=\"col medium-6 small-12 large-6\"  >\n\t\t\t\t<div class=\"col-inner\"  >\n\t\t\t\n\t\t\t\n<p><strong>COMUNICACIONES DE ALTO RENDIMIENTO<\/strong><\/p>\n<ul>\n<li>Dise\u00f1o s\u00f3lido y resistente para una fiabilidad \u00f3ptima en condiciones extremas.<\/li>\n<li>Calidad de audio alta y potente en los entornos m\u00e1s exigentes.<\/li>\n<li>Gama completa de accesorios de soporte con certificaci\u00f3n ATEX para personalizar la soluci\u00f3n.<\/li>\n<\/ul>\n<p><strong>COMUNICACIONES DE ALTO RENDIMIENTO<\/strong><\/p>\n<p>El MTP850Ex ofrece el mejor rendimiento de audio de su clase en los t\u00edpicos entornos ruidosos en los que operan los usuarios especializados en seguridad p\u00fablica e industrial.<\/p>\n<p><strong>SEGURIDAD INTEGRAL DEL USUARIO<\/strong><\/p>\n<ul>\n<li>Homologaciones ATEX e IEC-Ex para gas y polvo.<br \/>GPS integrado para la localizaci\u00f3n del usuario.<\/li>\n<\/ul>\n<p><strong>CAPACIDAD DE APLICACI\u00d3N DE DATOS<\/strong><\/p>\n<p>El navegador WAP integrado y los datos del envase multicompartimento permiten acceder r\u00e1pidamente a informaci\u00f3n cr\u00edtica sobre el terreno. Tambi\u00e9n se han mejorado las aplicaciones con el acceso simult\u00e1neo al Servicio de Datos Cortos (SDS) y a los servicios de datos en paquetes multicompartimentos a trav\u00e9s del protoc\u00f3digo TNP1. Alarma interna \u00abHombre ca\u00eddo\u00bb.<\/p>\n<p><strong>INTERFAZ DE USUARIO SENCILLA PERO POTENTE<\/strong><\/p>\n<p>El teclado simplificado con botones de gran superficie facilita el uso del MTP850Ex con guantes. Combinando fuentes grandes y escalables e iconos en pantalla, el MTP850Ex facilita el manejo en entornos dif\u00edciles con visibilidad limitada.<\/p>\n<p><b>SEGURIDAD INTEGRAL DEL USUARIO<\/b><\/p>\n<p>El MTP850Ex puede utilizarse en entornos con gases y polvo explosivos gracias a su alto nivel de protecci\u00f3n, incluso en las zonas de polvo 21 y 22. La seguridad operativa ha mejorado con una serie de funciones que incluyen:<\/p>\n<ul>\n<li>Receptor GPS integrado de \u00faltima generaci\u00f3n que ofrece la posibilidad de localizar al personal a trav\u00e9s de la radio, mejorando as\u00ed la seguridad de los usuarios y la gesti\u00f3n de los recursos.<\/li>\n<li>Alerta interna de \u00abhombre ca\u00eddo\u00bb; esta soluci\u00f3n totalmente integrada inicia un procedimiento de emergencia cuando el portador radioel\u00e9ctrico permanece inactivo durante un determinado periodo o cae.<\/li>\n<\/ul>\n\t\t<\/div>\n\t\t\t\t\t<\/div>\n\n\t\n\n\t<div id=\"col-1332315298\" class=\"col medium-6 small-12 large-6\"  >\n\t\t\t\t<div class=\"col-inner text-left\"  >\n\t\t\t\n\t\t\t\n\t\t<\/div>\n\t\t\t\t\t<\/div>\n\n\t\n<\/div>\n<\/div>\n<div id=\"tab_accesorios\" class=\"panel entry-content\" role=\"tabpanel\" aria-labelledby=\"tab-accesorios\">\n<div class=\"row align-middle\"  id=\"row-492321699\">\n\n\t<div id=\"col-2062705285\" class=\"col medium-10 small-12 large-10\"  >\n\t\t\t\t<div class=\"col-inner\"  >\n\t\t\t\n\t\t\t\n<p>Fabricante: Motorola<br \/>Banda: UHF 380MHz<br \/>Gama de frecuencias: 380 -520 MHz<br \/>Tipo: Flexible Stubby<br \/>Longitud: 12,17 cm<\/p>\n<p>Banda: UHF<br \/>Gama de frecuencias: 380 -430 MHz<br \/>Tipo: L\u00e1tigo<br \/>Longitud: 8,34 cm<\/p>\n\t\t<\/div>\n\t\t\t\t\t<\/div>\n\n\t\n\n\t<div id=\"col-1952917481\" class=\"col medium-2 small-12 large-2\"  >\n\t\t\t\t<div class=\"col-inner\"  >\n\t\t\t\n\t\t\t\n\t\t<\/div>\n\t\t\t\t\t<\/div>\n\n\t\n<\/div>\n<\/div>\n<div id=\"tab_descargas\" class=\"panel entry-content\" role=\"tabpanel\" aria-labelledby=\"tab-descargas\">\n<div class=\"row\"  id=\"row-476244360\">\n\n\t<div id=\"col-1325484344\" class=\"col medium-10 small-12 large-10\"  >\n\t\t\t\t<div class=\"col-inner\"  >\n\t\t\t\n\t\t\t\n<p><a href=\"https:\/\/www.abix.com.br\/wp-content\/uploads\/Ficha-MTP850ex.pdf\">Hoja de datos de MTP850 EX<\/a><\/p>\n\t\t<\/div>\n\t\t\t\t\t<\/div>\n\n\t\n<\/div>\n<\/div>\n<div id=\"tab_especificaciones\" class=\"panel entry-content\" role=\"tabpanel\" aria-labelledby=\"tab-especificaciones\">\n<div class=\"row\"  id=\"row-2007949043\">\n\n\t<div id=\"col-1191913345\" class=\"col medium-9 small-12 large-9\"  >\n\t\t\t\t<div class=\"col-inner\"  >\n\t\t\t\n\t\t\t\n<h3>SERVICIOS DMO<\/h3>\n<ul>\n<li><strong>Llamada de grupo<\/strong><\/li>\n<\/ul>\n<p>Entrada tard\u00eda<\/p>\n<ul>\n<li><strong>Llamada privada<\/strong><\/li>\n<\/ul>\n<p>D\u00faplex medio \/ completo<\/p>\n<ul>\n<li><strong>Compatibilidad<\/strong><\/li>\n<\/ul>\n<p>Pasarela y repetidor<\/p>\n<\/p>\n<h3>SERVICIOS DE VOZ DE EMERGENCIA<\/h3>\n<ul>\n<li><strong>Emergencia inteligente<\/strong><\/li>\n<\/ul>\n<p>DMO \/ TMO \/ DMO a TMO<\/p>\n<ul>\n<li><strong>Micr\u00f3fono encendido<\/strong><\/li>\n<\/ul>\n<p>Temporizadores configurables<\/p>\n<ul>\n<li><strong>Ubicaci\u00f3n<\/strong><\/li>\n<\/ul>\n<p>Enviar en caso de emergencia<\/p>\n<ul>\n<li><strong>Direcci\u00f3n de destino de emergencia<\/strong><\/li>\n<\/ul>\n<p>Individual o en grupo<\/p>\n<ul>\n<li><strong>Alarma<\/strong><\/li>\n<\/ul>\n<p>Estado de emergencia<\/p>\n<\/p>\n<h3>CARACTER\u00cdSTICAS DE RENDIMIENTO<\/h3>\n<ul>\n<li><strong>Capacidad de la bater\u00eda<\/strong><\/li>\n<\/ul>\n<p>725 mAh, 7,2 V<\/p>\n<ul>\n<li><strong>Duraci\u00f3n de la bater\u00eda &#8211; est\u00e1ndar (basada en un ciclo 05 05 90)<\/strong><\/li>\n<\/ul>\n<p>12 horas, como<\/p>\n<ul>\n<li><strong>Bandas de frecuencia<\/strong><\/li>\n<\/ul>\n<p>380 &#8211; 430 MHz<\/p>\n<ul>\n<li><strong>Separaci\u00f3n entre canales<\/strong><\/li>\n<\/ul>\n<p>25<\/p>\n<ul>\n<li><strong>Potencia<\/strong><\/li>\n<\/ul>\n<p>1W<\/p>\n<ul>\n<li><strong>Control de potencia de RF<\/strong><\/li>\n<\/ul>\n<p>3 pasos de 5 dB<\/p>\n<ul>\n<li><strong>OTAR<\/strong><\/li>\n<\/ul>\n<p>S\u00ed<\/p>\n<h3> <\/h3>\n<h3>RECURSOS RADIOF\u00d3NICOS<\/h3>\n<ul>\n<li><strong>Selecci\u00f3n de ancho de banda<\/strong><\/li>\n<\/ul>\n<p>50 MHz<\/p>\n<ul>\n<li><strong>Precisi\u00f3n del nivel de energ\u00eda de RF<\/strong><\/li>\n<\/ul>\n<p>+\/- db 2<\/p>\n<ul>\n<li><strong>Clase de receptor<\/strong><\/li>\n<\/ul>\n<p>A y B<\/p>\n<ul>\n<li><strong>Sensibilidad est\u00e1tica del receptor<\/strong><\/li>\n<\/ul>\n<p>-112 m\u00ednimo, -115 t\u00edpico<\/p>\n<ul>\n<li><strong>Sensibilidad din\u00e1mica del receptor<\/strong><\/li>\n<\/ul>\n<p>-103 m\u00ednimo, -107 t\u00edpico<\/p>\n<ul>\n<li><strong>Tipos de lectura<\/strong><\/li>\n<\/ul>\n<p>Conversaci\u00f3n en grupo<\/p>\n<\/p>\n<h3>ENTORNO DE USUARIO<\/h3>\n<ul>\n<li><strong>Especificaciones de gas ATEX].<\/strong><\/li>\n<\/ul>\n<p>II 2G Ex ib IIC T4, clasificaci\u00f3n IEC Ex, Ex ib IIC T4 (homologado para zonas 1 y 2, grupo de aparatos II, grupo de gases C, clase de temperatura T4, -20oC a + 50oC)<\/p>\n<ul>\n<li><strong>Especificaciones de polvo ATEX<\/strong><\/li>\n<\/ul>\n<p>Especificaciones de polvo ATEX<\/p>\n<ul>\n<li><strong>Temperatura de funcionamiento<\/strong><\/li>\n<\/ul>\n<p>\u00bb -20 \u00b0 C a + 50 \u00b0 C (entornos peligrosos)<br \/>-20\u00b0C a +60\u00b0C (entornos no peligrosos)\u00bb<\/p>\n<ul>\n<li><strong>Temperatura de almacenamiento<\/strong><\/li>\n<\/ul>\n<p>-40 \u00b0 C a + 85 \u00b0 C<\/p>\n<ul>\n<li><strong>Humedad<\/strong><\/li>\n<\/ul>\n<p>ETS 300 019-1-5, clases 5.1 y 5.2<\/p>\n<ul>\n<li><strong>Polvo y agua<\/strong><\/li>\n<\/ul>\n<p>IP64 (Cat 2)<\/p>\n<ul>\n<li><strong>Impactos, ca\u00eddas y vibraciones<\/strong><\/li>\n<\/ul>\n<p>ETS 300 019-1-5 Clase 5M2<\/p>\n<ul>\n<li><strong>Grado de protecci\u00f3n<\/strong><\/li>\n<\/ul>\n<p>IP64<\/p>\n<h3><strong>CARACTER\u00cdSTICAS F\u00cdSICAS<\/strong><\/h3>\n<ul>\n<li><strong>Dimensiones Al x An x Pr (con bater\u00eda est\u00e1ndar)<\/strong><\/li>\n<\/ul>\n<p>135 x 55 x 38 mm<\/p>\n<ul>\n<li><strong>Peso (con bater\u00eda est\u00e1ndar)<\/strong><\/li>\n<\/ul>\n<p>400 g (bater\u00eda y antena incluidas)<\/p>\n<\/p>\n<h3><b>SERVICIOS DE DATOS<\/b><\/h3>\n<ul>\n<li><strong>Mensajes de estado<\/strong><\/li>\n<\/ul>\n<p>100 mensajes de alias<\/p>\n<ul>\n<li><strong>Servicio de Datos Cortos (SDS)<\/strong><\/li>\n<\/ul>\n<p>Bandeja de entrada con 20 mensajes, direcciones individuales o de grupo, env\u00edo\/recepci\u00f3n durante las llamadas<\/p>\n<ul>\n<li><strong>Datos del paquete (PD)<\/strong><\/li>\n<\/ul>\n<p>7,2 kbps &#8211; 28,8 kbps en bruto (ranura \u00fanica o m\u00faltiple)<\/p>\n<ul>\n<li><strong>Navegador<\/strong><\/li>\n<\/ul>\n<p>Navegador Openwave integrado<\/p>\n<ul>\n<li><strong>PIE<\/strong><\/li>\n<\/ul>\n<p>Comandos AT<\/p>\n<\/p>\n<h3><b>ESPECIFICACIONES GPS<\/b><\/h3>\n<ul>\n<li><strong>Sat\u00e9lites simult\u00e1neos<\/strong><\/li>\n<\/ul>\n<p>12<\/p>\n<ul>\n<li><strong>Modo de funcionamiento<\/strong><\/li>\n<\/ul>\n<p>Aut\u00f3nomo o asistido (A-GPS)<\/p>\n<ul>\n<li><strong>Antena GPS<\/strong><\/li>\n<\/ul>\n<p>Integrado en la antena TETRA<\/p>\n<ul>\n<li><strong>Sensibilidad GPS<\/strong><\/li>\n<\/ul>\n<p>-152 dBm \/ -182 dBw<\/p>\n<ul>\n<li><strong>Precisi\u00f3n GPS<\/strong><\/li>\n<\/ul>\n<p>5 metros (50% probable)<\/p>\n<ul>\n<li><strong>Protocolos de localizaci\u00f3n<\/strong><\/li>\n<\/ul>\n<p>ETSI LIP, LRRP para Motorola<\/p>\n<\/p>\n<h3><strong>SERVICIOS DE TMO<\/strong><\/h3>\n<ul>\n<li><strong>Telefon\u00eda<\/strong><\/li>\n<\/ul>\n<p>D\u00faplex completo<\/p>\n<ul>\n<li><strong>DGNA<\/strong><\/li>\n<\/ul>\n<p>Hasta 2047 grupos<\/p>\n<\/p>\n<h3><b>CARACTER\u00cdSTICAS DE SEGURIDAD<\/b><\/h3>\n<ul>\n<li><strong>Algoritmos de cifrado de la interfaz a\u00e9rea<\/strong><\/li>\n<\/ul>\n<p>T\u00c91, T\u00c92, T\u00c93<\/p>\n<ul>\n<li><strong>Clases de seguridad de cifrado de la interfaz a\u00e9rea<\/strong><\/li>\n<\/ul>\n<p>Clase1 (clear), Clase2 (SCK), Clase3 (DCK, CCK y GCK)<\/p>\n<ul>\n<li><strong>Provisi\u00f3n de claves<\/strong><\/li>\n<\/ul>\n<p>Herramienta de aprovisionamiento seguro (cargador KVL de clave variable)<br \/>Repetici\u00f3n de claves por aire (OTAR) para SCK y clase 3 (CCK y GCK)<\/p>\n<ul>\n<li><strong>Acceso a la red<\/strong><\/li>\n<\/ul>\n<p>Habilitaci\u00f3n temporal (Aturdir), Habilitaci\u00f3n permanente (Matar)<\/p>\n<ul>\n<li><strong>Autenticaci\u00f3n<\/strong><\/li>\n<\/ul>\n<p>Infraestructura iniciada y mutualizada por terminal<\/p>\n<\/p>\n<h3><strong>SERVICIOS DE VOZ<\/strong><\/h3>\n<ul>\n<li><strong>Grupos de chat<\/strong><\/li>\n<\/ul>\n<p>2048 (TMO) y 1024 (DMO)<\/p>\n<ul>\n<li><strong>Agenda<\/strong><\/li>\n<\/ul>\n<p>1000 entradas<\/p>\n<ul>\n<li><strong>Listas de lectura<\/strong><\/li>\n<\/ul>\n<p>40 listas, 20 grupos de debate \/ listas<\/p>\n<ul>\n<li><strong>Escuchar m\u00fasica ambiental<\/strong><\/li>\n<\/ul>\n<p>S\u00ed<\/p>\n<ul>\n<li><strong>Inhibici\u00f3n de la transmisi\u00f3n<\/strong><\/li>\n<\/ul>\n<p>S\u00ed<\/p>\n\t\t<\/div>\n\t\t\t\t\t<\/div>\n\n\t\n<\/div>\n<\/div><\/div><\/div>\n\t\t<\/div>\n\t\t\t\t\t<\/div>\n\n\t\n<\/div>\n\t\t<\/div>\n\t\t\t\t\t<\/div>\n\n\t\n<\/div>\n\t\t<\/div>\n\n\t\t\n<style>\n#section_558643148 {\n  padding-top: 0px;\n  padding-bottom: 0px;\n}\n<\/style>\n\t<\/section>\n\t\n","protected":false},"excerpt":{"rendered":"<p style=\"text-align: justify;\">El terminal port\u00e1til MTP850Ex TETRA de Motorola ofrece comunicaciones de alta calidad con seguridad integral para el usuario y especificaciones ATEX de alta gama, lo que permite su uso en entornos con gases y polvo potencialmente explosivos.<\/p>\n<p>Motorola es l\u00edder mundial en el desarrollo y despliegue de soluciones de comunicaci\u00f3n TETRA, y la radio MTP850Ex ATEX TETRA proporciona a los usuarios comunicaciones seguras y fiables con un potente conjunto de funciones para aprovechar la potencia de la soluci\u00f3n TETRA.<\/p>\n","protected":false},"featured_media":9486,"comment_status":"closed","ping_status":"closed","template":"","meta":[],"product_brand":[],"product_cat":[167,165,155,157,185,164,156,158],"product_tag":[188],"class_list":{"0":"post-19664","1":"product","2":"type-product","3":"status-publish","4":"has-post-thumbnail","6":"product_cat-dimetra-es","7":"product_cat-equipos-atex-ex","8":"product_cat-linea-profesional","9":"product_cat-motorola-es","10":"product_cat-radio-ex-es","11":"product_cat-radio-tetra-es","12":"product_cat-radios-digitales","13":"product_cat-radios-portatiles","14":"product_tag-tetra-es","16":"first","17":"instock","18":"shipping-taxable","19":"product-type-simple"},"yoast_head":"<!-- This site is optimized with the Yoast SEO plugin v27.4 - https:\/\/yoast.com\/product\/yoast-seo-wordpress\/ -->\n<title>RADIO PORT\u00c1TIL TETRA - MTP850 EX - Abix Tecnolog\u00eda<\/title>\n<meta name=\"description\" content=\"La radio port\u00e1til TETRA MTP850Ex de Motorola cumple las especificaciones ATEX, lo que permite su uso en entornos con gases y polvo potencialmente explosivos.\" \/>\n<meta name=\"robots\" content=\"index, follow, max-snippet:-1, max-image-preview:large, max-video-preview:-1\" \/>\n<link rel=\"canonical\" href=\"https:\/\/abix.com.br\/produto\/mtp850ex\/\" \/>\n<meta property=\"og:locale\" content=\"es_ES\" \/>\n<meta property=\"og:type\" content=\"article\" \/>\n<meta property=\"og:title\" content=\"RADIO PORT\u00c1TIL TETRA - MTP850 EX - Abix Tecnolog\u00eda\" \/>\n<meta property=\"og:description\" content=\"La radio port\u00e1til TETRA MTP850Ex de Motorola cumple las especificaciones ATEX, lo que permite su uso en entornos con gases y polvo potencialmente explosivos.\" \/>\n<meta property=\"og:url\" content=\"https:\/\/abix.com.br\/produto\/mtp850ex\/\" \/>\n<meta property=\"og:site_name\" content=\"Abix\" \/>\n<meta property=\"article:modified_time\" content=\"2023-10-20T11:27:37+00:00\" \/>\n<meta property=\"og:image\" content=\"https:\/\/abix.com.br\/wp-content\/uploads\/2020\/05\/mtp850-ex-.jpg\" \/>\n\t<meta property=\"og:image:width\" content=\"450\" \/>\n\t<meta property=\"og:image:height\" content=\"450\" \/>\n\t<meta property=\"og:image:type\" content=\"image\/jpeg\" \/>\n<meta name=\"twitter:card\" content=\"summary_large_image\" \/>\n<meta name=\"twitter:label1\" content=\"Tiempo de lectura\" \/>\n\t<meta name=\"twitter:data1\" content=\"5 minutos\" \/>\n<script type=\"application\/ld+json\" class=\"yoast-schema-graph\">{\"@context\":\"https:\\\/\\\/schema.org\",\"@graph\":[{\"@type\":\"WebPage\",\"@id\":\"https:\\\/\\\/abix.com.br\\\/produto\\\/mtp850ex\\\/\",\"url\":\"https:\\\/\\\/abix.com.br\\\/produto\\\/mtp850ex\\\/\",\"name\":\"RADIO PORT\u00c1TIL TETRA - MTP850 EX - Abix Tecnolog\u00eda\",\"isPartOf\":{\"@id\":\"https:\\\/\\\/abix.com.br\\\/#website\"},\"primaryImageOfPage\":{\"@id\":\"https:\\\/\\\/abix.com.br\\\/produto\\\/mtp850ex\\\/#primaryimage\"},\"image\":{\"@id\":\"https:\\\/\\\/abix.com.br\\\/produto\\\/mtp850ex\\\/#primaryimage\"},\"thumbnailUrl\":\"https:\\\/\\\/abix.com.br\\\/wp-content\\\/uploads\\\/2020\\\/05\\\/mtp850-ex-.jpg\",\"datePublished\":\"2020-05-11T16:41:51+00:00\",\"dateModified\":\"2023-10-20T11:27:37+00:00\",\"description\":\"La radio port\u00e1til TETRA MTP850Ex de Motorola cumple las especificaciones ATEX, lo que permite su uso en entornos con gases y polvo potencialmente explosivos.\",\"breadcrumb\":{\"@id\":\"https:\\\/\\\/abix.com.br\\\/produto\\\/mtp850ex\\\/#breadcrumb\"},\"inLanguage\":\"es\",\"potentialAction\":[{\"@type\":\"ReadAction\",\"target\":[\"https:\\\/\\\/abix.com.br\\\/produto\\\/mtp850ex\\\/\"]}]},{\"@type\":\"ImageObject\",\"inLanguage\":\"es\",\"@id\":\"https:\\\/\\\/abix.com.br\\\/produto\\\/mtp850ex\\\/#primaryimage\",\"url\":\"https:\\\/\\\/abix.com.br\\\/wp-content\\\/uploads\\\/2020\\\/05\\\/mtp850-ex-.jpg\",\"contentUrl\":\"https:\\\/\\\/abix.com.br\\\/wp-content\\\/uploads\\\/2020\\\/05\\\/mtp850-ex-.jpg\",\"width\":450,\"height\":450,\"caption\":\"R\u00c1DIO PORT\u00c1TIL TETRA - MTP850 EX\"},{\"@type\":\"BreadcrumbList\",\"@id\":\"https:\\\/\\\/abix.com.br\\\/produto\\\/mtp850ex\\\/#breadcrumb\",\"itemListElement\":[{\"@type\":\"ListItem\",\"position\":1,\"name\":\"In\u00edcio\",\"item\":\"https:\\\/\\\/abix.com.br\\\/es\\\/\"},{\"@type\":\"ListItem\",\"position\":2,\"name\":\"Tienda\",\"item\":\"https:\\\/\\\/abix.com.br\\\/loja\\\/\"},{\"@type\":\"ListItem\",\"position\":3,\"name\":\"RADIO PORT\u00c1TIL TETRA &#8211; MTP850 EX\"}]},{\"@type\":\"WebSite\",\"@id\":\"https:\\\/\\\/abix.com.br\\\/#website\",\"url\":\"https:\\\/\\\/abix.com.br\\\/\",\"name\":\"Abix\",\"description\":\"\",\"potentialAction\":[{\"@type\":\"SearchAction\",\"target\":{\"@type\":\"EntryPoint\",\"urlTemplate\":\"https:\\\/\\\/abix.com.br\\\/?s={search_term_string}\"},\"query-input\":{\"@type\":\"PropertyValueSpecification\",\"valueRequired\":true,\"valueName\":\"search_term_string\"}}],\"inLanguage\":\"es\"}]}<\/script>\n<!-- \/ Yoast SEO plugin. -->","yoast_head_json":{"title":"RADIO PORT\u00c1TIL TETRA - MTP850 EX - Abix Tecnolog\u00eda","description":"La radio port\u00e1til TETRA MTP850Ex de Motorola cumple las especificaciones ATEX, lo que permite su uso en entornos con gases y polvo potencialmente explosivos.","robots":{"index":"index","follow":"follow","max-snippet":"max-snippet:-1","max-image-preview":"max-image-preview:large","max-video-preview":"max-video-preview:-1"},"canonical":"https:\/\/abix.com.br\/produto\/mtp850ex\/","og_locale":"es_ES","og_type":"article","og_title":"RADIO PORT\u00c1TIL TETRA - MTP850 EX - Abix Tecnolog\u00eda","og_description":"La radio port\u00e1til TETRA MTP850Ex de Motorola cumple las especificaciones ATEX, lo que permite su uso en entornos con gases y polvo potencialmente explosivos.","og_url":"https:\/\/abix.com.br\/produto\/mtp850ex\/","og_site_name":"Abix","article_modified_time":"2023-10-20T11:27:37+00:00","og_image":[{"width":450,"height":450,"url":"https:\/\/abix.com.br\/wp-content\/uploads\/2020\/05\/mtp850-ex-.jpg","type":"image\/jpeg"}],"twitter_card":"summary_large_image","twitter_misc":{"Tiempo de lectura":"5 minutos"},"schema":{"@context":"https:\/\/schema.org","@graph":[{"@type":"WebPage","@id":"https:\/\/abix.com.br\/produto\/mtp850ex\/","url":"https:\/\/abix.com.br\/produto\/mtp850ex\/","name":"RADIO PORT\u00c1TIL TETRA - MTP850 EX - Abix Tecnolog\u00eda","isPartOf":{"@id":"https:\/\/abix.com.br\/#website"},"primaryImageOfPage":{"@id":"https:\/\/abix.com.br\/produto\/mtp850ex\/#primaryimage"},"image":{"@id":"https:\/\/abix.com.br\/produto\/mtp850ex\/#primaryimage"},"thumbnailUrl":"https:\/\/abix.com.br\/wp-content\/uploads\/2020\/05\/mtp850-ex-.jpg","datePublished":"2020-05-11T16:41:51+00:00","dateModified":"2023-10-20T11:27:37+00:00","description":"La radio port\u00e1til TETRA MTP850Ex de Motorola cumple las especificaciones ATEX, lo que permite su uso en entornos con gases y polvo potencialmente explosivos.","breadcrumb":{"@id":"https:\/\/abix.com.br\/produto\/mtp850ex\/#breadcrumb"},"inLanguage":"es","potentialAction":[{"@type":"ReadAction","target":["https:\/\/abix.com.br\/produto\/mtp850ex\/"]}]},{"@type":"ImageObject","inLanguage":"es","@id":"https:\/\/abix.com.br\/produto\/mtp850ex\/#primaryimage","url":"https:\/\/abix.com.br\/wp-content\/uploads\/2020\/05\/mtp850-ex-.jpg","contentUrl":"https:\/\/abix.com.br\/wp-content\/uploads\/2020\/05\/mtp850-ex-.jpg","width":450,"height":450,"caption":"R\u00c1DIO PORT\u00c1TIL TETRA - MTP850 EX"},{"@type":"BreadcrumbList","@id":"https:\/\/abix.com.br\/produto\/mtp850ex\/#breadcrumb","itemListElement":[{"@type":"ListItem","position":1,"name":"In\u00edcio","item":"https:\/\/abix.com.br\/es\/"},{"@type":"ListItem","position":2,"name":"Tienda","item":"https:\/\/abix.com.br\/loja\/"},{"@type":"ListItem","position":3,"name":"RADIO PORT\u00c1TIL TETRA &#8211; MTP850 EX"}]},{"@type":"WebSite","@id":"https:\/\/abix.com.br\/#website","url":"https:\/\/abix.com.br\/","name":"Abix","description":"","potentialAction":[{"@type":"SearchAction","target":{"@type":"EntryPoint","urlTemplate":"https:\/\/abix.com.br\/?s={search_term_string}"},"query-input":{"@type":"PropertyValueSpecification","valueRequired":true,"valueName":"search_term_string"}}],"inLanguage":"es"}]}},"_links":{"self":[{"href":"https:\/\/abix.com.br\/es\/wp-json\/wp\/v2\/product\/19664","targetHints":{"allow":["GET"]}}],"collection":[{"href":"https:\/\/abix.com.br\/es\/wp-json\/wp\/v2\/product"}],"about":[{"href":"https:\/\/abix.com.br\/es\/wp-json\/wp\/v2\/types\/product"}],"replies":[{"embeddable":true,"href":"https:\/\/abix.com.br\/es\/wp-json\/wp\/v2\/comments?post=19664"}],"wp:featuredmedia":[{"embeddable":true,"href":"https:\/\/abix.com.br\/es\/wp-json\/wp\/v2\/media\/9486"}],"wp:attachment":[{"href":"https:\/\/abix.com.br\/es\/wp-json\/wp\/v2\/media?parent=19664"}],"wp:term":[{"taxonomy":"product_brand","embeddable":true,"href":"https:\/\/abix.com.br\/es\/wp-json\/wp\/v2\/product_brand?post=19664"},{"taxonomy":"product_cat","embeddable":true,"href":"https:\/\/abix.com.br\/es\/wp-json\/wp\/v2\/product_cat?post=19664"},{"taxonomy":"product_tag","embeddable":true,"href":"https:\/\/abix.com.br\/es\/wp-json\/wp\/v2\/product_tag?post=19664"}],"curies":[{"name":"wp","href":"https:\/\/api.w.org\/{rel}","templated":true}]}}