{"id":19665,"date":"2020-05-11T13:12:43","date_gmt":"2020-05-11T16:12:43","guid":{"rendered":"https:\/\/abix.com.br\/produto\/radio-movil-tetra-mtm5400\/"},"modified":"2023-10-20T08:28:30","modified_gmt":"2023-10-20T11:28:30","slug":"radio-movil-tetra-mtm5400","status":"publish","type":"product","link":"https:\/\/abix.com.br\/es\/produto\/radio-movil-tetra-mtm5400\/","title":{"rendered":"RADIO M\u00d3VIL TETRA &#8211; MTM5400"},"content":{"rendered":"\n\t<section class=\"section\" id=\"section_502205301\">\n\t\t<div class=\"section-bg fill\" >\n\t\t\t\t\t\t\t\t\t\n\t\t\t\n\n\t\t<\/div>\n\n\t\t\n\n\t\t<div class=\"section-content relative\">\n\t\t\t\n<div class=\"row\"  id=\"row-1759754517\">\n\n\t<div id=\"col-1165438377\" class=\"col small-12 large-12\"  >\n\t\t\t\t<div class=\"col-inner\"  >\n\t\t\t\n\t\t\t\n<div class=\"row\"  id=\"row-286153674\">\n\n\t<div id=\"col-997917063\" class=\"col small-12 large-12\"  >\n\t\t\t\t<div class=\"col-inner\"  >\n\t\t\t\n\t\t\t\n\n\t\t<div class=\"tabbed-content locacao-tabs\">\n\t\t\t\n\t\t\t<ul class=\"nav nav-tabs nav-normal nav-size-xlarge nav-left active-on-hover\" role=\"tablist\"><li id=\"tab-informaci\u00d3n\" class=\"tab active has-icon\" role=\"presentation\"><a href=\"#tab_informaci\u00d3n\" role=\"tab\" aria-selected=\"true\" aria-controls=\"tab_informaci\u00d3n\"><span>INFORMACI\u00d3N<\/span><\/a><\/li>\n<li id=\"tab-accesorios\" class=\"tab has-icon\" role=\"presentation\"><a href=\"#tab_accesorios\" tabindex=\"-1\" role=\"tab\" aria-selected=\"false\" aria-controls=\"tab_accesorios\"><span>ACCESORIOS<\/span><\/a><\/li>\n<li id=\"tab-descargas\" class=\"tab has-icon\" role=\"presentation\"><a href=\"#tab_descargas\" tabindex=\"-1\" role=\"tab\" aria-selected=\"false\" aria-controls=\"tab_descargas\"><span>DESCARGAS<\/span><\/a><\/li>\n<li id=\"tab-especificaciones\" class=\"tab has-icon\" role=\"presentation\"><a href=\"#tab_especificaciones\" tabindex=\"-1\" role=\"tab\" aria-selected=\"false\" aria-controls=\"tab_especificaciones\"><span>ESPECIFICACIONES<\/span><\/a><\/li><\/ul><div class=\"tab-panels\"><div id=\"tab_informaci\u00d3n\" class=\"panel active entry-content\" role=\"tabpanel\" aria-labelledby=\"tab-informaci\u00d3n\">\n<div class=\"row\"  id=\"row-399101954\">\n\n\t<div id=\"col-70262805\" class=\"col medium-6 small-12 large-6\"  >\n\t\t\t\t<div class=\"col-inner\"  >\n\t\t\t\n\t\t\t\n<div class=\"richtexteditor parbase\">\n<p><strong>HABILIDADES EXCEPCIONALES<\/strong><\/p>\n<p>Listo para TEDS. La plataforma de servicios de datos mejorada de TETRA para la \u00faltima generaci\u00f3n de aplicaciones de datos de misi\u00f3n cr\u00edtica.<\/p>\n<p>Excepcionales funciones de comunicaci\u00f3n por voz basadas en una nueva plataforma de audio de alto rendimiento.<\/p>\n<p>Funcionalidad exclusiva de multiplexor AT que permite admitir simult\u00e1neamente varias aplicaciones de datos a trav\u00e9s del mismo puerto perif\u00e9rico f\u00edsico.<\/p>\n<p>Flexibilidad de instalaci\u00f3n: conecte varios cabezales de control o equipos perif\u00e9ricos al transceptor para obtener niveles a\u00fan mayores de flexibilidad de instalaci\u00f3n.<\/p>\n<p>Conectividad segura para dispositivos inform\u00e1ticos m\u00f3viles mediante interfaz perif\u00e9rica USB 2.0<\/p>\n<p>Funciones completas de cifrado de extremo a extremo, incluida una opci\u00f3n basada en SIM para mayor flexibilidad.<\/p>\n<\/div>\n<div class=\"richtexteditor parbase\">\n<p><b>EXCELENTE RADIO DE ACCI\u00d3N<\/b><\/p>\n<p>El mejor rendimiento de RF de su clase de la radio m\u00f3vil MTM5400 Gateway\/Repetidor ayuda a garantizar que el personal est\u00e9 siempre dentro del alcance, especialmente en entornos ruidosos o con interferencias.<\/p>\n<p>Cobertura radioel\u00e9ctrica ampliada a petici\u00f3n gracias a las funciones integradas de repetidor DMO \/ pasarela DMO.<\/p>\n<\/p>\n<\/div>\n<p><b>DISE\u00d1O ROBUSTO L\u00cdDER EN EL SECTOR<\/b><\/p>\n<p>Protecci\u00f3n contra el polvo y la entrada de agua con el robusto cabezal de control IP67 opcional para una mayor resistencia a la intemperie: una soluci\u00f3n que se adapta bien a las motos o a las instalaciones en entornos exteriores dif\u00edciles.<\/p>\n<p>La pasarela\/repetidor de radio m\u00f3vil MTM5400 ofrece una durabilidad l\u00edder en el sector, superando los requisitos de la norma ETS EN 300 019-1-5 Clase 5M3<\/p>\n\t\t<\/div>\n\t\t\t\t\t<\/div>\n\n\t\n\n\t<div id=\"col-417866802\" class=\"col medium-6 small-12 large-6\"  >\n\t\t\t\t<div class=\"col-inner text-left\"  >\n\t\t\t\n\t\t\t\n\t\t<\/div>\n\t\t\t\t\t<\/div>\n\n\t\n<\/div>\n<\/div>\n<div id=\"tab_accesorios\" class=\"panel entry-content\" role=\"tabpanel\" aria-labelledby=\"tab-accesorios\">\n<div class=\"row align-middle\"  id=\"row-1873548556\">\n\n\t<div id=\"col-1465031425\" class=\"col medium-10 small-12 large-10\"  >\n\t\t\t\t<div class=\"col-inner\"  >\n\t\t\t\n\t\t\t\n<p>CONTENIDO<\/p>\n\t\t<\/div>\n\t\t\t\t\t<\/div>\n\n\t\n\n\t<div id=\"col-1355957611\" class=\"col medium-2 small-12 large-2\"  >\n\t\t\t\t<div class=\"col-inner\"  >\n\t\t\t\n\t\t\t\n\t\t<\/div>\n\t\t\t\t\t<\/div>\n\n\t\n<\/div>\n<\/div>\n<div id=\"tab_descargas\" class=\"panel entry-content\" role=\"tabpanel\" aria-labelledby=\"tab-descargas\">\n<div class=\"row\"  id=\"row-898428829\">\n\n\t<div id=\"col-1259193607\" class=\"col medium-10 small-12 large-10\"  >\n\t\t\t\t<div class=\"col-inner\"  >\n\t\t\t\n\t\t\t\n<p>MTM5400 hoja de datos<\/p>\n\t\t<\/div>\n\t\t\t\t\t<\/div>\n\n\t\n<\/div>\n<\/div>\n<div id=\"tab_especificaciones\" class=\"panel entry-content\" role=\"tabpanel\" aria-labelledby=\"tab-especificaciones\">\n<div class=\"row\"  id=\"row-1644882535\">\n\n\t<div id=\"col-1925405174\" class=\"col medium-9 small-12 large-9\"  >\n\t\t\t\t<div class=\"col-inner\"  >\n\t\t\t\n\t\t\t\n<h3>SERVICIOS DE TMO<\/h3>\n<ul>\n<li><strong>Telefon\u00eda<\/strong><\/li>\n<\/ul>\n<p>D\u00faplex completo (TMO)<\/p>\n<ul>\n<li><strong>Llamada privada<\/strong><\/li>\n<\/ul>\n<p>Semid\u00faplex \/ D\u00faplex completo (TMO)<\/p>\n<ul>\n<li><strong>DGNA<\/strong><\/li>\n<\/ul>\n<p>hasta 2047 grupos (BMT)<\/p>\n<\/p>\n<h3>ENTORNO DE USUARIO<\/h3>\n<ul>\n<li><strong>Temperatura de funcionamiento<\/strong><\/li>\n<\/ul>\n<p>-30 a +60 (\u00b0C)<\/p>\n<ul>\n<li><strong>Temperatura de almacenamiento<\/strong><\/li>\n<\/ul>\n<p>-40 a +85 (\u00b0C)<\/p>\n<ul>\n<li><strong>Humedad<\/strong><\/li>\n<\/ul>\n<p>ETS 300 019-1-5 Clase 5.1 y 5.2; EIA \/ TIA 603 (95%)<\/p>\n<ul>\n<li><strong>Polvo y agua<\/strong><\/li>\n<\/ul>\n<p>Panel \/ Pupitre \/ Mando a distancia IP54 (Cat 2); Cabezal de control de la moto IP67 (Cat 2)<\/p>\n<\/p>\n<h3>CARACTER\u00cdSTICAS F\u00cdSICAS<\/h3>\n<ul>\n<li><strong>Mostrar<\/strong><\/li>\n<\/ul>\n<p>2,8&#8243; VGA 640\u00d7480 TFT 65K colores<\/p>\n<ul>\n<li><strong>Teclado<\/strong><\/li>\n<\/ul>\n<p>S\u00ed<\/p>\n<ul>\n<li><strong>Dimensiones Al x An x Pr (tablero y escritorio)<\/strong><\/li>\n<\/ul>\n<p>60x188x198mm (Panel\/Tabla), 61x190x40mm (Remoto CH) 47x165x160mm (Transceptor Remoto-Est\u00e1ndar \/ Transmisor M\/C IP67), 47x165x170mm (Transceptor Remoto-Datos \/ Transceptor M\/C IP67\/Caja de Datos), 60x188x39mm (M\/C CH IP67)<\/p>\n<ul>\n<li><strong>Peso<\/strong><\/li>\n<\/ul>\n<p>1300g (Panel\/Tabla), 1450g (Remoto-Est\u00e1ndar), 1530g (Remoto-Datos), 1470g (IP67 M\/C-Est\u00e1ndar), 1550g (IP67 M\/C-Datos), 1230g (Datos)<\/p>\n<ul>\n<li><strong>Ajustes<\/strong><\/li>\n<\/ul>\n<p>Veh\u00edculo, Montaje a distancia, Motocicleta<\/p>\n<ul>\n<li><strong>Bot\u00f3n de emergencia<\/strong><\/li>\n<\/ul>\n<p>S\u00ed<\/p>\n<\/p>\n<h3>CARACTER\u00cdSTICAS DE RENDIMIENTO<\/h3>\n<ul>\n<li><strong>Criptograf\u00eda<\/strong><\/li>\n<\/ul>\n<p>S\u00ed<\/p>\n<h3>SERVICIOS DE VOZ<\/h3>\n<ul>\n<li><strong>Agenda<\/strong><\/li>\n<\/ul>\n<p>1000 personas. Hasta 6 n\u00fameros por participaci\u00f3n &#8211; m\u00e1ximo 2000 participaciones<\/p>\n<ul>\n<li><strong>Inhibici\u00f3n de la transmisi\u00f3n<\/strong><\/li>\n<\/ul>\n<p>S\u00ed<\/p>\n<ul>\n<li><strong>Grupos de chat<\/strong><\/li>\n<\/ul>\n<p>2048 (TMO) Y 1024 (DMO)<\/p>\n<h3> <\/h3>\n<h3>CARACTER\u00cdSTICAS DE LA RADIO<\/h3>\n<ul>\n<li><strong>Mensajes de texto<\/strong><\/li>\n<\/ul>\n<p>S\u00ed<\/p>\n<ul>\n<li><strong>Lectura<\/strong><\/li>\n<\/ul>\n<p>Prioridad, Conversaci\u00f3n en grupo<\/p>\n<ul>\n<li><strong>Compatible con GPS<\/strong><\/li>\n<\/ul>\n<p>S\u00ed<\/p>\n<ul>\n<li><strong>Identificador de llamadas<\/strong><\/li>\n<\/ul>\n<p>S\u00ed<\/p>\n<ul>\n<li><strong>Llamadas de estado<\/strong><\/li>\n<\/ul>\n<p>S\u00ed<\/p>\n<\/p>\n<h3>CARACTER\u00cdSTICAS DE SEGURIDAD<\/h3>\n<ul>\n<li><strong>Algoritmos de cifrado de la interfaz a\u00e9rea<\/strong><\/li>\n<\/ul>\n<p>T\u00c92, T\u00c93, T\u00c91<\/p>\n<ul>\n<li><strong>Clases de seguridad de cifrado de la interfaz a\u00e9rea<\/strong><\/li>\n<\/ul>\n<p>Clase1 (clear), Clase2 SCK), Clase3 (DCK, CCK &amp; GCK)<\/p>\n<ul>\n<li><strong>Autenticaci\u00f3n<\/strong><\/li>\n<\/ul>\n<p>Infraestructura puesta en marcha y transformada en mutua por la terminal<\/p>\n<ul>\n<li><strong>Provisi\u00f3n de claves<\/strong><\/li>\n<\/ul>\n<p>Herramienta de aprovisionamiento seguro (cargador de claves variables KVL)<\/p>\n<ul>\n<li><strong>Acceso a la red<\/strong><\/li>\n<\/ul>\n<p>Habilitaci\u00f3n temporal (Aturdir), Habilitaci\u00f3n permanente (Matar)<\/p>\n<ul>\n<li><strong>Cifrado de extremo a extremo (E2EE)<\/strong><\/li>\n<\/ul>\n<p>Modelo de hardware disponible con algoritmos AES128 o AES256 MACE (mecanismo de cifrado avanzado de Motorola) Chipset.Soluci\u00f3n E2EE basada en SIM (s\u00f3lo para los modelos alemanes BSI MTM800FuG)<\/p>\n\t\t<\/div>\n\t\t\t\t\t<\/div>\n\n\t\n<\/div>\n<\/div><\/div><\/div>\n\t\t<\/div>\n\t\t\t\t\t<\/div>\n\n\t\n<\/div>\n\t\t<\/div>\n\t\t\t\t\t<\/div>\n\n\t\n<\/div>\n\t\t<\/div>\n\n\t\t\n<style>\n#section_502205301 {\n  padding-top: 0px;\n  padding-bottom: 0px;\n}\n<\/style>\n\t<\/section>\n\t\n","protected":false},"excerpt":{"rendered":"<p style=\"text-align: justify;\">La radio pasarela\/repetidora m\u00f3vil DMO TETRA MTM5400 preparada para TEDS ofrece cobertura ampliada, un rendimiento de audio excepcional y conectividad de datos de alta velocidad para satisfacer las necesidades de comunicaci\u00f3n cr\u00edticas de los usuarios profesionales de hoy y de ma\u00f1ana. Desde la avanzada capacidad de gesti\u00f3n de terminales por aire hasta la pasarela\/repetidor DMO integrado y la interfaz USB 2.0 de alta velocidad, el robusto Gateway\/Repetidor DMO TETRA MTM5400 combina una amplia gama de funciones avanzadas para una mejor usabilidad y una mayor seguridad.<\/p>\n","protected":false},"featured_media":9391,"comment_status":"closed","ping_status":"closed","template":"","meta":[],"product_brand":[],"product_cat":[167,155,157,164,156,177,176],"product_tag":[],"class_list":{"0":"post-19665","1":"product","2":"type-product","3":"status-publish","4":"has-post-thumbnail","6":"product_cat-dimetra-es","7":"product_cat-linea-profesional","8":"product_cat-motorola-es","9":"product_cat-radio-tetra-es","10":"product_cat-radios-digitales","11":"product_cat-radios-fijas","12":"product_cat-radios-moviles","14":"first","15":"instock","16":"shipping-taxable","17":"product-type-simple"},"yoast_head":"<!-- This site is optimized with the Yoast SEO plugin v27.4 - https:\/\/yoast.com\/product\/yoast-seo-wordpress\/ -->\n<title>RADIO M\u00d3VIL TETRA - MTM5400 - Abix Tecnolog\u00eda<\/title>\n<meta name=\"description\" content=\"La radio pasarela\/repetidora m\u00f3vil DMO TETRA MTM5400 preparada para TEDS ofrece una cobertura ampliada, un rendimiento de audio excepcional\" \/>\n<meta name=\"robots\" content=\"index, follow, max-snippet:-1, max-image-preview:large, max-video-preview:-1\" \/>\n<link rel=\"canonical\" href=\"https:\/\/abix.com.br\/produto\/mtm5400\/\" \/>\n<meta property=\"og:locale\" content=\"es_ES\" \/>\n<meta property=\"og:type\" content=\"article\" \/>\n<meta property=\"og:title\" content=\"RADIO M\u00d3VIL TETRA - MTM5400 - Abix Tecnolog\u00eda\" \/>\n<meta property=\"og:description\" content=\"La radio pasarela\/repetidora m\u00f3vil DMO TETRA MTM5400 preparada para TEDS ofrece una cobertura ampliada, un rendimiento de audio excepcional\" \/>\n<meta property=\"og:url\" content=\"https:\/\/abix.com.br\/produto\/mtm5400\/\" \/>\n<meta property=\"og:site_name\" content=\"Abix\" \/>\n<meta property=\"article:modified_time\" content=\"2023-10-20T11:28:30+00:00\" \/>\n<meta property=\"og:image\" content=\"https:\/\/abix.com.br\/wp-content\/uploads\/2020\/05\/motorola-mtm5400-tetra.jpg\" \/>\n\t<meta property=\"og:image:width\" content=\"1600\" \/>\n\t<meta property=\"og:image:height\" content=\"1200\" \/>\n\t<meta property=\"og:image:type\" content=\"image\/jpeg\" \/>\n<meta name=\"twitter:card\" content=\"summary_large_image\" \/>\n<meta name=\"twitter:label1\" content=\"Tiempo de lectura\" \/>\n\t<meta name=\"twitter:data1\" content=\"4 minutos\" \/>\n<script type=\"application\/ld+json\" class=\"yoast-schema-graph\">{\"@context\":\"https:\\\/\\\/schema.org\",\"@graph\":[{\"@type\":\"WebPage\",\"@id\":\"https:\\\/\\\/abix.com.br\\\/produto\\\/mtm5400\\\/\",\"url\":\"https:\\\/\\\/abix.com.br\\\/produto\\\/mtm5400\\\/\",\"name\":\"RADIO M\u00d3VIL TETRA - MTM5400 - Abix Tecnolog\u00eda\",\"isPartOf\":{\"@id\":\"https:\\\/\\\/abix.com.br\\\/#website\"},\"primaryImageOfPage\":{\"@id\":\"https:\\\/\\\/abix.com.br\\\/produto\\\/mtm5400\\\/#primaryimage\"},\"image\":{\"@id\":\"https:\\\/\\\/abix.com.br\\\/produto\\\/mtm5400\\\/#primaryimage\"},\"thumbnailUrl\":\"https:\\\/\\\/abix.com.br\\\/wp-content\\\/uploads\\\/2020\\\/05\\\/motorola-mtm5400-tetra.jpg\",\"datePublished\":\"2020-05-11T16:12:43+00:00\",\"dateModified\":\"2023-10-20T11:28:30+00:00\",\"description\":\"La radio pasarela\\\/repetidora m\u00f3vil DMO TETRA MTM5400 preparada para TEDS ofrece una cobertura ampliada, un rendimiento de audio excepcional\",\"breadcrumb\":{\"@id\":\"https:\\\/\\\/abix.com.br\\\/produto\\\/mtm5400\\\/#breadcrumb\"},\"inLanguage\":\"es\",\"potentialAction\":[{\"@type\":\"ReadAction\",\"target\":[\"https:\\\/\\\/abix.com.br\\\/produto\\\/mtm5400\\\/\"]}]},{\"@type\":\"ImageObject\",\"inLanguage\":\"es\",\"@id\":\"https:\\\/\\\/abix.com.br\\\/produto\\\/mtm5400\\\/#primaryimage\",\"url\":\"https:\\\/\\\/abix.com.br\\\/wp-content\\\/uploads\\\/2020\\\/05\\\/motorola-mtm5400-tetra.jpg\",\"contentUrl\":\"https:\\\/\\\/abix.com.br\\\/wp-content\\\/uploads\\\/2020\\\/05\\\/motorola-mtm5400-tetra.jpg\",\"width\":1600,\"height\":1200,\"caption\":\"R\u00c1DIO M\u00d3VEL TETRA MTM5400\"},{\"@type\":\"BreadcrumbList\",\"@id\":\"https:\\\/\\\/abix.com.br\\\/produto\\\/mtm5400\\\/#breadcrumb\",\"itemListElement\":[{\"@type\":\"ListItem\",\"position\":1,\"name\":\"In\u00edcio\",\"item\":\"https:\\\/\\\/abix.com.br\\\/es\\\/\"},{\"@type\":\"ListItem\",\"position\":2,\"name\":\"Tienda\",\"item\":\"https:\\\/\\\/abix.com.br\\\/loja\\\/\"},{\"@type\":\"ListItem\",\"position\":3,\"name\":\"RADIO M\u00d3VIL TETRA &#8211; MTM5400\"}]},{\"@type\":\"WebSite\",\"@id\":\"https:\\\/\\\/abix.com.br\\\/#website\",\"url\":\"https:\\\/\\\/abix.com.br\\\/\",\"name\":\"Abix\",\"description\":\"\",\"potentialAction\":[{\"@type\":\"SearchAction\",\"target\":{\"@type\":\"EntryPoint\",\"urlTemplate\":\"https:\\\/\\\/abix.com.br\\\/?s={search_term_string}\"},\"query-input\":{\"@type\":\"PropertyValueSpecification\",\"valueRequired\":true,\"valueName\":\"search_term_string\"}}],\"inLanguage\":\"es\"}]}<\/script>\n<!-- \/ Yoast SEO plugin. -->","yoast_head_json":{"title":"RADIO M\u00d3VIL TETRA - MTM5400 - Abix Tecnolog\u00eda","description":"La radio pasarela\/repetidora m\u00f3vil DMO TETRA MTM5400 preparada para TEDS ofrece una cobertura ampliada, un rendimiento de audio excepcional","robots":{"index":"index","follow":"follow","max-snippet":"max-snippet:-1","max-image-preview":"max-image-preview:large","max-video-preview":"max-video-preview:-1"},"canonical":"https:\/\/abix.com.br\/produto\/mtm5400\/","og_locale":"es_ES","og_type":"article","og_title":"RADIO M\u00d3VIL TETRA - MTM5400 - Abix Tecnolog\u00eda","og_description":"La radio pasarela\/repetidora m\u00f3vil DMO TETRA MTM5400 preparada para TEDS ofrece una cobertura ampliada, un rendimiento de audio excepcional","og_url":"https:\/\/abix.com.br\/produto\/mtm5400\/","og_site_name":"Abix","article_modified_time":"2023-10-20T11:28:30+00:00","og_image":[{"width":1600,"height":1200,"url":"https:\/\/abix.com.br\/wp-content\/uploads\/2020\/05\/motorola-mtm5400-tetra.jpg","type":"image\/jpeg"}],"twitter_card":"summary_large_image","twitter_misc":{"Tiempo de lectura":"4 minutos"},"schema":{"@context":"https:\/\/schema.org","@graph":[{"@type":"WebPage","@id":"https:\/\/abix.com.br\/produto\/mtm5400\/","url":"https:\/\/abix.com.br\/produto\/mtm5400\/","name":"RADIO M\u00d3VIL TETRA - MTM5400 - Abix Tecnolog\u00eda","isPartOf":{"@id":"https:\/\/abix.com.br\/#website"},"primaryImageOfPage":{"@id":"https:\/\/abix.com.br\/produto\/mtm5400\/#primaryimage"},"image":{"@id":"https:\/\/abix.com.br\/produto\/mtm5400\/#primaryimage"},"thumbnailUrl":"https:\/\/abix.com.br\/wp-content\/uploads\/2020\/05\/motorola-mtm5400-tetra.jpg","datePublished":"2020-05-11T16:12:43+00:00","dateModified":"2023-10-20T11:28:30+00:00","description":"La radio pasarela\/repetidora m\u00f3vil DMO TETRA MTM5400 preparada para TEDS ofrece una cobertura ampliada, un rendimiento de audio excepcional","breadcrumb":{"@id":"https:\/\/abix.com.br\/produto\/mtm5400\/#breadcrumb"},"inLanguage":"es","potentialAction":[{"@type":"ReadAction","target":["https:\/\/abix.com.br\/produto\/mtm5400\/"]}]},{"@type":"ImageObject","inLanguage":"es","@id":"https:\/\/abix.com.br\/produto\/mtm5400\/#primaryimage","url":"https:\/\/abix.com.br\/wp-content\/uploads\/2020\/05\/motorola-mtm5400-tetra.jpg","contentUrl":"https:\/\/abix.com.br\/wp-content\/uploads\/2020\/05\/motorola-mtm5400-tetra.jpg","width":1600,"height":1200,"caption":"R\u00c1DIO M\u00d3VEL TETRA MTM5400"},{"@type":"BreadcrumbList","@id":"https:\/\/abix.com.br\/produto\/mtm5400\/#breadcrumb","itemListElement":[{"@type":"ListItem","position":1,"name":"In\u00edcio","item":"https:\/\/abix.com.br\/es\/"},{"@type":"ListItem","position":2,"name":"Tienda","item":"https:\/\/abix.com.br\/loja\/"},{"@type":"ListItem","position":3,"name":"RADIO M\u00d3VIL TETRA &#8211; MTM5400"}]},{"@type":"WebSite","@id":"https:\/\/abix.com.br\/#website","url":"https:\/\/abix.com.br\/","name":"Abix","description":"","potentialAction":[{"@type":"SearchAction","target":{"@type":"EntryPoint","urlTemplate":"https:\/\/abix.com.br\/?s={search_term_string}"},"query-input":{"@type":"PropertyValueSpecification","valueRequired":true,"valueName":"search_term_string"}}],"inLanguage":"es"}]}},"_links":{"self":[{"href":"https:\/\/abix.com.br\/es\/wp-json\/wp\/v2\/product\/19665","targetHints":{"allow":["GET"]}}],"collection":[{"href":"https:\/\/abix.com.br\/es\/wp-json\/wp\/v2\/product"}],"about":[{"href":"https:\/\/abix.com.br\/es\/wp-json\/wp\/v2\/types\/product"}],"replies":[{"embeddable":true,"href":"https:\/\/abix.com.br\/es\/wp-json\/wp\/v2\/comments?post=19665"}],"wp:featuredmedia":[{"embeddable":true,"href":"https:\/\/abix.com.br\/es\/wp-json\/wp\/v2\/media\/9391"}],"wp:attachment":[{"href":"https:\/\/abix.com.br\/es\/wp-json\/wp\/v2\/media?parent=19665"}],"wp:term":[{"taxonomy":"product_brand","embeddable":true,"href":"https:\/\/abix.com.br\/es\/wp-json\/wp\/v2\/product_brand?post=19665"},{"taxonomy":"product_cat","embeddable":true,"href":"https:\/\/abix.com.br\/es\/wp-json\/wp\/v2\/product_cat?post=19665"},{"taxonomy":"product_tag","embeddable":true,"href":"https:\/\/abix.com.br\/es\/wp-json\/wp\/v2\/product_tag?post=19665"}],"curies":[{"name":"wp","href":"https:\/\/api.w.org\/{rel}","templated":true}]}}