{"id":19666,"date":"2020-05-11T11:25:29","date_gmt":"2020-05-11T14:25:29","guid":{"rendered":"https:\/\/abix.com.br\/produto\/radio-movil-tetra-mtm800e\/"},"modified":"2023-10-20T08:29:22","modified_gmt":"2023-10-20T11:29:22","slug":"radio-movil-tetra-mtm800e","status":"publish","type":"product","link":"https:\/\/abix.com.br\/es\/produto\/radio-movil-tetra-mtm800e\/","title":{"rendered":"RADIO M\u00d3VIL TETRA &#8211; MTM800E"},"content":{"rendered":"\n\t<section class=\"section\" id=\"section_1176959982\">\n\t\t<div class=\"section-bg fill\" >\n\t\t\t\t\t\t\t\t\t\n\t\t\t\n\n\t\t<\/div>\n\n\t\t\n\n\t\t<div class=\"section-content relative\">\n\t\t\t\n<div class=\"row\"  id=\"row-1626264982\">\n\n\t<div id=\"col-769603437\" class=\"col small-12 large-12\"  >\n\t\t\t\t<div class=\"col-inner\"  >\n\t\t\t\n\t\t\t\n<div class=\"row\"  id=\"row-2077201207\">\n\n\t<div id=\"col-1204436513\" class=\"col small-12 large-12\"  >\n\t\t\t\t<div class=\"col-inner\"  >\n\t\t\t\n\t\t\t\n\n\t\t<div class=\"tabbed-content locacao-tabs\">\n\t\t\t\n\t\t\t<ul class=\"nav nav-tabs nav-normal nav-size-xlarge nav-left active-on-hover\" role=\"tablist\"><li id=\"tab-informaci\u00d3n\" class=\"tab active has-icon\" role=\"presentation\"><a href=\"#tab_informaci\u00d3n\" role=\"tab\" aria-selected=\"true\" aria-controls=\"tab_informaci\u00d3n\"><span>INFORMACI\u00d3N<\/span><\/a><\/li>\n<li id=\"tab-accesorios\" class=\"tab has-icon\" role=\"presentation\"><a href=\"#tab_accesorios\" tabindex=\"-1\" role=\"tab\" aria-selected=\"false\" aria-controls=\"tab_accesorios\"><span>ACCESORIOS<\/span><\/a><\/li>\n<li id=\"tab-descargas\" class=\"tab has-icon\" role=\"presentation\"><a href=\"#tab_descargas\" tabindex=\"-1\" role=\"tab\" aria-selected=\"false\" aria-controls=\"tab_descargas\"><span>DESCARGAS<\/span><\/a><\/li>\n<li id=\"tab-especificaciones\" class=\"tab has-icon\" role=\"presentation\"><a href=\"#tab_especificaciones\" tabindex=\"-1\" role=\"tab\" aria-selected=\"false\" aria-controls=\"tab_especificaciones\"><span>ESPECIFICACIONES<\/span><\/a><\/li><\/ul><div class=\"tab-panels\"><div id=\"tab_informaci\u00d3n\" class=\"panel active entry-content\" role=\"tabpanel\" aria-labelledby=\"tab-informaci\u00d3n\">\n<div class=\"row\"  id=\"row-707136995\">\n\n\t<div id=\"col-644548419\" class=\"col medium-6 small-12 large-6\"  >\n\t\t\t\t<div class=\"col-inner\"  >\n\t\t\t\n\t\t\t\n<ul>\n<li>Facilidad de uso en las situaciones m\u00e1s exigentes: calidad de audio inigualable, teclado intuitivo y pantalla en color de alta definici\u00f3n combinados con un dise\u00f1o elegante y duradero.<\/li>\n<li>Resistente al polvo y al agua seg\u00fan IP 54. Protecci\u00f3n contra la lluvia, la sal, la niebla y el polvo probada seg\u00fan MIL 810 C \/ D \/ E \/ F para el cabezal de control est\u00e1ndar.<\/li>\n<li>Cabezal de control de moto con clasificaci\u00f3n IP67 de resistencia al polvo y al agua.<\/li>\n<li>Amplias opciones de modelos disponibles: para su uso en la oficina, en un veh\u00edculo (coche, barco, moto).<\/li>\n<li>Formaci\u00f3n y familiarizaci\u00f3n del usuario m\u00e1s sencillas gracias al dise\u00f1o. Cuenta con el mismo men\u00fa de estilo celular, iconos y pantalla a color que estableci\u00f3 el Motorola MTH800 handheld y el Motorola MTP850 handheld.<\/li>\n<li>Capacidad multiling\u00fce: compatibilidad con caracteres europeos, \u00e1rabes y cir\u00edlicos (adem\u00e1s de muchos otros).<\/li>\n<li>Acceda a la informaci\u00f3n y cons\u00faltela mientras se desplaza: el navegador WAP* integrado y los paquetes de datos de varias ranuras ofrecen una conectividad \u00fanica de gran ancho de banda para acceder en tiempo real a las aplicaciones ofim\u00e1ticas m\u00f3viles y a las bases de datos de los usuarios.<\/li>\n<li>Adaptarse a las necesidades espec\u00edficas. La programaci\u00f3n m\u00e1s r\u00e1pida y la conectividad a trav\u00e9s de USB, la interfaz perif\u00e9rica (PEI) compatible con ETSI y los puertos de E\/S programables* garantizan una integraci\u00f3n m\u00e1s estrecha con aplicaciones de terceros.<\/li>\n<\/ul>\n\t\t<\/div>\n\t\t\t\t\t<\/div>\n\n\t\n\n\t<div id=\"col-1381130950\" class=\"col medium-6 small-12 large-6\"  >\n\t\t\t\t<div class=\"col-inner text-left\"  >\n\t\t\t\n\t\t\t\n<ul>\n<li>Conjunto completo de funciones de seguridad TETRA: interfaz a\u00e9rea, tarjeta SIM * y cifrado de extremo a extremo.<\/li>\n<li>Recibir asistencia cuando y donde se necesite: pulsar el bot\u00f3n de emergencia no s\u00f3lo alerta a los compa\u00f1eros de situaciones cr\u00edticas, sino que env\u00eda y actualiza el env\u00edo a la ubicaci\u00f3n del usuario.<\/li>\n<li>Cambia al modo secreto con s\u00f3lo pulsar un bot\u00f3n.<\/li>\n<li>El receptor GPS integrado ofrece servicios basados en la ubicaci\u00f3n. Saber d\u00f3nde est\u00e1n sus recursos le permite asignar tareas bas\u00e1ndose en informaci\u00f3n actualizada.<\/li>\n<li>Transforme los flujos de trabajo y mejore el rendimiento con los mayores niveles de seguridad, resistencia y valor de red disponibles. Las soluciones TETRA de Motorola capitalizan m\u00e1s de 85 a\u00f1os de excelencia en los entornos m\u00e1s cr\u00edticos y exigentes.<\/li>\n<li>P\u00f3ngase a la vanguardia del desarrollo de TETRA con una plataforma preparada para el futuro que cumple las promesas del mundo de la banda ancha del ma\u00f1ana.<\/li>\n<li>Desarrollar la base de cartera m\u00e1s amplia del sector. Las tecnolog\u00edas de Motorola, sus soluciones internas y las mejores relaciones comerciales de su clase ofrecen la soluci\u00f3n TETRA completa.<\/li>\n<li>Compatibilidad e interoperabilidad garantizadas. Como pionera en TETRA, Motorola ha sido una fuerza motriz en el desarrollo de normas y la innovaci\u00f3n de productos.<\/li>\n<\/ul>\n\t\t<\/div>\n\t\t\t\t\t<\/div>\n\n\t\n<\/div>\n<\/div>\n<div id=\"tab_accesorios\" class=\"panel entry-content\" role=\"tabpanel\" aria-labelledby=\"tab-accesorios\">\n<div class=\"row align-middle\"  id=\"row-1430227101\">\n\n\t<div id=\"col-966609484\" class=\"col medium-10 small-12 large-10\"  >\n\t\t\t\t<div class=\"col-inner\"  >\n\t\t\t\n\t\t\t\n<p>CONTENIDO<\/p>\n\t\t<\/div>\n\t\t\t\t\t<\/div>\n\n\t\n\n\t<div id=\"col-887571481\" class=\"col medium-2 small-12 large-2\"  >\n\t\t\t\t<div class=\"col-inner\"  >\n\t\t\t\n\t\t\t\n\t\t<\/div>\n\t\t\t\t\t<\/div>\n\n\t\n<\/div>\n<\/div>\n<div id=\"tab_descargas\" class=\"panel entry-content\" role=\"tabpanel\" aria-labelledby=\"tab-descargas\">\n<div class=\"row\"  id=\"row-651204039\">\n\n\t<div id=\"col-809551966\" class=\"col medium-10 small-12 large-10\"  >\n\t\t\t\t<div class=\"col-inner\"  >\n\t\t\t\n\t\t\t\n<p><a href=\"https:\/\/www.abix.com.br\/wp-content\/uploads\/Folheto-MTM800.pdf\">Ficha t\u00e9cnica de MTM800<\/a><\/p>\n\t\t<\/div>\n\t\t\t\t\t<\/div>\n\n\t\n<\/div>\n<\/div>\n<div id=\"tab_especificaciones\" class=\"panel entry-content\" role=\"tabpanel\" aria-labelledby=\"tab-especificaciones\">\n<div class=\"row\"  id=\"row-1812506974\">\n\n\t<div id=\"col-1860798003\" class=\"col medium-9 small-12 large-9\"  >\n\t\t\t\t<div class=\"col-inner\"  >\n\t\t\t\n\t\t\t\n<h3>CARACTER\u00cdSTICAS F\u00cdSICAS<\/h3>\n<ul>\n<li><strong>Dimensiones Al x An x Pr (panel y mesa)<\/strong><\/li>\n<\/ul>\n<p>60 x 185 x 175 mm<\/p>\n<ul>\n<li><strong>Exposici\u00f3n<\/strong><\/li>\n<\/ul>\n<p>Alfanum\u00e9rico<\/p>\n<ul>\n<li><strong>Teclado<\/strong><\/li>\n<\/ul>\n<p>s\u00ed<\/p>\n<ul>\n<li><strong>Dimensiones Al x An x Pr<\/strong><\/li>\n<\/ul>\n<p>49 x 170 x 155 mm (s\u00f3lo radio), 72 x 185 x 53 mm (cabezal de control est\u00e1ndar), 58 x 185 x 58 mm (cabezal de control moto)<\/p>\n<ul>\n<li><strong>Peso<\/strong><\/li>\n<\/ul>\n<p>1370 (s\u00f3lo radio), 1670 (radio con cabezal de control), 448 (s\u00f3lo cabezal de control para moto)<\/p>\n<ul>\n<li><strong>Ajustes<\/strong><\/li>\n<\/ul>\n<p>Moto<\/p>\n<ul>\n<li><strong>Bot\u00f3n de emergencia<\/strong><\/li>\n<\/ul>\n<p>s\u00ed<\/p>\n<\/p>\n<h3>CARACTER\u00cdSTICAS DE RENDIMIENTO<\/h3>\n<ul>\n<li><strong>Criptograf\u00eda<\/strong><\/li>\n<\/ul>\n<p>s\u00ed<\/p>\n<\/p>\n<h3>ENTORNO DE USUARIO<\/h3>\n<ul>\n<li><strong>Temperatura de funcionamiento<\/strong><\/li>\n<\/ul>\n<p>-30 a +60 (\u00b0 C)<\/p>\n<ul>\n<li><strong>Temperatura de almacenamiento<\/strong><\/li>\n<\/ul>\n<p>-40 a +85 (\u00b0 C)<\/p>\n<ul>\n<li><strong>Humedad<\/strong><\/li>\n<\/ul>\n<p>ETS 300 019-1-5, clases 5.1 y 5.2; EIA \/ TIA 603 (95%)<\/p>\n<ul>\n<li><strong>Polvo y agua<\/strong><\/li>\n<\/ul>\n<p>Salpicadero \/ Pupitre \/ Mando a distancia IP54 (Cat 2); Cabezal de control de la moto IP67 (Cat 2)<\/p>\n<\/p>\n<h3>SERVICIOS DE TMO<\/h3>\n<ul>\n<li><strong>Llamada privada<\/strong><\/li>\n<\/ul>\n<p>Semid\u00faplex \/ D\u00faplex completo (TMO)<\/p>\n<ul>\n<li><strong>Telefon\u00eda<\/strong><\/li>\n<\/ul>\n<p>D\u00faplex completo (TMO)<\/p>\n<ul>\n<li><strong>DGNA<\/strong><\/li>\n<\/ul>\n<p>hasta 2047 grupos (BMT)<\/p>\n<\/p>\n<h3>SERVICIOS DE VOZ DE EMERGENCIA<\/h3>\n<ul>\n<li><strong>Emergencia inteligente<\/strong><\/li>\n<\/ul>\n<p>BMD \/ BMT \/ BMD para BMT<\/p>\n<ul>\n<li><strong>Micr\u00f3fono caliente<\/strong><\/li>\n<\/ul>\n<p>Temporizadores configurables<\/p>\n<ul>\n<li><strong>Ubicaci\u00f3n<\/strong><\/li>\n<\/ul>\n<p>Enviar en caso de emergencia<\/p>\n<ul>\n<li><strong>Direcci\u00f3n de destino de emergencia<\/strong><\/li>\n<\/ul>\n<p>Individual o en grupo<\/p>\n<ul>\n<li><strong>Alarma<\/strong><\/li>\n<\/ul>\n<p>Estado de emergencia<\/p>\n<\/p>\n<h3>ESPECIFICACIONES GPS<\/h3>\n<ul>\n<li><strong>Sat\u00e9lites simult\u00e1neos<\/strong><\/li>\n<\/ul>\n<p>12<\/p>\n<ul>\n<li><strong>Modo de funcionamiento<\/strong><\/li>\n<\/ul>\n<p>Aut\u00f3nomo o asistido (A-GPS)<\/p>\n<ul>\n<li><strong>Antena GPS<\/strong><\/li>\n<\/ul>\n<p>Integrado en la antena TETRA<\/p>\n<ul>\n<li><strong>Sensibilidad GPS<\/strong><\/li>\n<\/ul>\n<p>-152 dBm \/ -182 dBw<\/p>\n<ul>\n<li><strong>Precisi\u00f3n GPS<\/strong><\/li>\n<\/ul>\n<p>5 metros (50% probable)<\/p>\n<ul>\n<li><strong>Protocolos de localizaci\u00f3n<\/strong><\/li>\n<\/ul>\n<p>ETSI LIP, Motorola LRRP<\/p>\n<h3 id=\"sec_tabproductinfo_radio_features\" class=\"tab-section-title\">RECURSOS RADIOF\u00d3NICOS<\/h3>\n<ul>\n<li><strong>Escaneado<\/strong><\/li>\n<\/ul>\n<p>Prioridad, Grupo de debate<\/p>\n<ul>\n<li><strong>Se\u00f1alizaci\u00f3n de emergencia<\/strong><\/li>\n<\/ul>\n<p>s\u00ed<\/p>\n<ul>\n<li><strong>Tonos de llamada<\/strong><\/li>\n<\/ul>\n<p>La verdad<\/p>\n<ul>\n<li><strong>Botones programables<\/strong><\/li>\n<\/ul>\n<p>s\u00ed<\/p>\n<ul>\n<li><strong>Mensajes de texto<\/strong><\/li>\n<\/ul>\n<p>s\u00ed<\/p>\n<ul>\n<li><strong>Con GPS<\/strong><\/li>\n<\/ul>\n<p>s\u00ed<\/p>\n<ul>\n<li><strong>Identificador de llamadas<\/strong><\/li>\n<\/ul>\n<p>s\u00ed<\/p>\n<ul>\n<li><strong>Inhibici\u00f3n selectiva del radio<\/strong><\/li>\n<\/ul>\n<p>s\u00ed<\/p>\n<ul>\n<li><strong>Llamadas de estado<\/strong><\/li>\n<\/ul>\n<p>s\u00ed<\/p>\n<\/p>\n<h3 id=\"sec_tabproductinfo_radio_features\" class=\"tab-section-title\">SERVICIOS DE VOZ<\/h3>\n<ul>\n<li><strong>Grupos de chat<\/strong><\/li>\n<\/ul>\n<p>2048 (TMO) y 1024 (DMO)<\/p>\n<ul>\n<li><strong>Gu\u00eda telef\u00f3nica<\/strong><\/li>\n<\/ul>\n<p>1000 personas. Hasta 6 n\u00fameros por participaci\u00f3n &#8211; m\u00e1ximo 2000 participaciones<\/p>\n<ul>\n<li><strong>Escanear listas<\/strong><\/li>\n<\/ul>\n<p>40 listas, 20 grupos de debate \/ lista<\/p>\n<ul>\n<li><strong>Escuchar el entorno<\/strong><\/li>\n<\/ul>\n<p>s\u00ed<\/p>\n<ul>\n<li><strong>Inhibici\u00f3n de la transmisi\u00f3n<\/strong><\/li>\n<\/ul>\n<p>s\u00ed<\/p>\n<\/p>\n<h3 id=\"sec_tabproductinfo_radio_features\" class=\"tab-section-title\">SERVICIOS DMO<\/h3>\n<ul>\n<li><strong>Llamada de grupo<\/strong><\/li>\n<\/ul>\n<p>Entrada tard\u00eda<\/p>\n<ul>\n<li><strong>Compatibilidad<\/strong><\/li>\n<\/ul>\n<p>Pasarela y repetidor (DMO)<\/p>\n<\/p>\n<h3 id=\"sec_tabproductinfo_radio_features\" class=\"tab-section-title\">SERVICIOS DE DATOS<\/h3>\n<ul>\n<li><strong>Mensajes de estado<\/strong><\/li>\n<\/ul>\n<p>100 mensajes de alias<\/p>\n<ul>\n<li><strong>Datos del paquete (PD)<\/strong><\/li>\n<\/ul>\n<p>7,2 kbps &#8211; 28,8 kbps en bruto; ranura \u00fanica o m\u00faltiple<\/p>\n<ul>\n<li><strong>PIE<\/strong><\/li>\n<\/ul>\n<p>Comandos AT; TNP1; permite SDS y PD simult\u00e1neos<\/p>\n<ul>\n<li><strong>Servicio de Datos Cortos (SDS)<\/strong><\/li>\n<\/ul>\n<p>Buz\u00f3n de entrada con 20 mensajes; Direcci\u00f3n de destino individual o de grupo; Enviar \/ recibir durante las llamadas<\/p>\n<\/p>\n<h3 id=\"sec_tabproductinfo_radio_features\" class=\"tab-section-title\">CARACTER\u00cdSTICAS DE SEGURIDAD<\/h3>\n<ul>\n<li><strong>Algoritmos de cifrado de la interfaz a\u00e9rea<\/strong><\/li>\n<\/ul>\n<p>T\u00c92, T\u00c93, T\u00c91<\/p>\n<ul>\n<li><strong>Clases de seguridad de cifrado de la interfaz a\u00e9rea<\/strong><\/li>\n<\/ul>\n<p>Clase1 (clear), Clase2 SCK), Clase3 (DCK, CCK y GCK)<\/p>\n<ul>\n<li><strong>Provisi\u00f3n de claves<\/strong><\/li>\n<\/ul>\n<p>Herramienta de aprovisionamiento seguro (KVL)<\/p>\n<ul>\n<li><strong>Acceso a la red<\/strong><\/li>\n<\/ul>\n<p>Desactivaci\u00f3n de activaci\u00f3n temporal (Aturdir), desactivaci\u00f3n de activaci\u00f3n permanente (Matar)<\/p>\n<ul>\n<li><strong>Autenticaci\u00f3n<\/strong><\/li>\n<\/ul>\n<p>Infraestructura iniciada y mutualizada por terminal<\/p>\n\t\t<\/div>\n\t\t\t\t\t<\/div>\n\n\t\n<\/div>\n<\/div><\/div><\/div>\n\t\t<\/div>\n\t\t\t\t\t<\/div>\n\n\t\n<\/div>\n\t\t<\/div>\n\t\t\t\t\t<\/div>\n\n\t\n<\/div>\n\t\t<\/div>\n\n\t\t\n<style>\n#section_1176959982 {\n  padding-top: 0px;\n  padding-bottom: 0px;\n}\n<\/style>\n\t<\/section>\n\t\n","protected":false},"excerpt":{"rendered":"<p style=\"text-align: justify;\">El MTM800 mejorado ya no se fabrica ni est\u00e1 disponible en la regi\u00f3n EMEA. El producto de sustituci\u00f3n sugerido es la serie MTM5000.<\/p>\n<p style=\"text-align: justify;\">El cabezal de control TETRA mejorado MTM800 de Motorola Solutions establece el est\u00e1ndar de durabilidad, rendimiento y facilidad de uso. Desarrollado para organizaciones en las que son esenciales unas radios m\u00f3viles robustas y vers\u00e1tiles, se basa en los principales componentes de la plataforma TETRA de Motorola, fiable y probada sobre el terreno.<\/p>\n","protected":false},"featured_media":9408,"comment_status":"closed","ping_status":"closed","template":"","meta":[],"product_brand":[],"product_cat":[167,155,164,156,177,176],"product_tag":[],"class_list":{"0":"post-19666","1":"product","2":"type-product","3":"status-publish","4":"has-post-thumbnail","6":"product_cat-dimetra-es","7":"product_cat-linea-profesional","8":"product_cat-radio-tetra-es","9":"product_cat-radios-digitales","10":"product_cat-radios-fijas","11":"product_cat-radios-moviles","13":"first","14":"instock","15":"shipping-taxable","16":"product-type-simple"},"yoast_head":"<!-- This site is optimized with the Yoast SEO plugin v27.4 - https:\/\/yoast.com\/product\/yoast-seo-wordpress\/ -->\n<title>RADIO M\u00d3VIL TETRA - MTM800E - Abix Tecnolog\u00eda<\/title>\n<meta name=\"description\" content=\"El MTM800 mejorado ya no se fabrica ni est\u00e1 disponible en la regi\u00f3n EMEA. El producto de sustituci\u00f3n sugerido es la serie MTM5000.\" \/>\n<meta name=\"robots\" content=\"index, follow, max-snippet:-1, max-image-preview:large, max-video-preview:-1\" \/>\n<link rel=\"canonical\" href=\"https:\/\/abix.com.br\/produto\/mtm800e\/\" \/>\n<meta property=\"og:locale\" content=\"es_ES\" \/>\n<meta property=\"og:type\" content=\"article\" \/>\n<meta property=\"og:title\" content=\"RADIO M\u00d3VIL TETRA - MTM800E - Abix Tecnolog\u00eda\" \/>\n<meta property=\"og:description\" content=\"El MTM800 mejorado ya no se fabrica ni est\u00e1 disponible en la regi\u00f3n EMEA. El producto de sustituci\u00f3n sugerido es la serie MTM5000.\" \/>\n<meta property=\"og:url\" content=\"https:\/\/abix.com.br\/produto\/mtm800e\/\" \/>\n<meta property=\"og:site_name\" content=\"Abix\" \/>\n<meta property=\"article:modified_time\" content=\"2023-10-20T11:29:22+00:00\" \/>\n<meta property=\"og:image\" content=\"https:\/\/abix.com.br\/wp-content\/uploads\/2020\/05\/5200.jpg\" \/>\n\t<meta property=\"og:image:width\" content=\"800\" \/>\n\t<meta property=\"og:image:height\" content=\"600\" \/>\n\t<meta property=\"og:image:type\" content=\"image\/jpeg\" \/>\n<meta name=\"twitter:card\" content=\"summary_large_image\" \/>\n<meta name=\"twitter:label1\" content=\"Tiempo de lectura\" \/>\n\t<meta name=\"twitter:data1\" content=\"5 minutos\" \/>\n<script type=\"application\/ld+json\" class=\"yoast-schema-graph\">{\"@context\":\"https:\\\/\\\/schema.org\",\"@graph\":[{\"@type\":\"WebPage\",\"@id\":\"https:\\\/\\\/abix.com.br\\\/produto\\\/mtm800e\\\/\",\"url\":\"https:\\\/\\\/abix.com.br\\\/produto\\\/mtm800e\\\/\",\"name\":\"RADIO M\u00d3VIL TETRA - MTM800E - Abix Tecnolog\u00eda\",\"isPartOf\":{\"@id\":\"https:\\\/\\\/abix.com.br\\\/#website\"},\"primaryImageOfPage\":{\"@id\":\"https:\\\/\\\/abix.com.br\\\/produto\\\/mtm800e\\\/#primaryimage\"},\"image\":{\"@id\":\"https:\\\/\\\/abix.com.br\\\/produto\\\/mtm800e\\\/#primaryimage\"},\"thumbnailUrl\":\"https:\\\/\\\/abix.com.br\\\/wp-content\\\/uploads\\\/2020\\\/05\\\/5200.jpg\",\"datePublished\":\"2020-05-11T14:25:29+00:00\",\"dateModified\":\"2023-10-20T11:29:22+00:00\",\"description\":\"El MTM800 mejorado ya no se fabrica ni est\u00e1 disponible en la regi\u00f3n EMEA. El producto de sustituci\u00f3n sugerido es la serie MTM5000.\",\"breadcrumb\":{\"@id\":\"https:\\\/\\\/abix.com.br\\\/produto\\\/mtm800e\\\/#breadcrumb\"},\"inLanguage\":\"es\",\"potentialAction\":[{\"@type\":\"ReadAction\",\"target\":[\"https:\\\/\\\/abix.com.br\\\/produto\\\/mtm800e\\\/\"]}]},{\"@type\":\"ImageObject\",\"inLanguage\":\"es\",\"@id\":\"https:\\\/\\\/abix.com.br\\\/produto\\\/mtm800e\\\/#primaryimage\",\"url\":\"https:\\\/\\\/abix.com.br\\\/wp-content\\\/uploads\\\/2020\\\/05\\\/5200.jpg\",\"contentUrl\":\"https:\\\/\\\/abix.com.br\\\/wp-content\\\/uploads\\\/2020\\\/05\\\/5200.jpg\",\"width\":800,\"height\":600,\"caption\":\"MTM800E\"},{\"@type\":\"BreadcrumbList\",\"@id\":\"https:\\\/\\\/abix.com.br\\\/produto\\\/mtm800e\\\/#breadcrumb\",\"itemListElement\":[{\"@type\":\"ListItem\",\"position\":1,\"name\":\"In\u00edcio\",\"item\":\"https:\\\/\\\/abix.com.br\\\/es\\\/\"},{\"@type\":\"ListItem\",\"position\":2,\"name\":\"Tienda\",\"item\":\"https:\\\/\\\/abix.com.br\\\/loja\\\/\"},{\"@type\":\"ListItem\",\"position\":3,\"name\":\"RADIO M\u00d3VIL TETRA &#8211; MTM800E\"}]},{\"@type\":\"WebSite\",\"@id\":\"https:\\\/\\\/abix.com.br\\\/#website\",\"url\":\"https:\\\/\\\/abix.com.br\\\/\",\"name\":\"Abix\",\"description\":\"\",\"potentialAction\":[{\"@type\":\"SearchAction\",\"target\":{\"@type\":\"EntryPoint\",\"urlTemplate\":\"https:\\\/\\\/abix.com.br\\\/?s={search_term_string}\"},\"query-input\":{\"@type\":\"PropertyValueSpecification\",\"valueRequired\":true,\"valueName\":\"search_term_string\"}}],\"inLanguage\":\"es\"}]}<\/script>\n<!-- \/ Yoast SEO plugin. -->","yoast_head_json":{"title":"RADIO M\u00d3VIL TETRA - MTM800E - Abix Tecnolog\u00eda","description":"El MTM800 mejorado ya no se fabrica ni est\u00e1 disponible en la regi\u00f3n EMEA. El producto de sustituci\u00f3n sugerido es la serie MTM5000.","robots":{"index":"index","follow":"follow","max-snippet":"max-snippet:-1","max-image-preview":"max-image-preview:large","max-video-preview":"max-video-preview:-1"},"canonical":"https:\/\/abix.com.br\/produto\/mtm800e\/","og_locale":"es_ES","og_type":"article","og_title":"RADIO M\u00d3VIL TETRA - MTM800E - Abix Tecnolog\u00eda","og_description":"El MTM800 mejorado ya no se fabrica ni est\u00e1 disponible en la regi\u00f3n EMEA. El producto de sustituci\u00f3n sugerido es la serie MTM5000.","og_url":"https:\/\/abix.com.br\/produto\/mtm800e\/","og_site_name":"Abix","article_modified_time":"2023-10-20T11:29:22+00:00","og_image":[{"width":800,"height":600,"url":"https:\/\/abix.com.br\/wp-content\/uploads\/2020\/05\/5200.jpg","type":"image\/jpeg"}],"twitter_card":"summary_large_image","twitter_misc":{"Tiempo de lectura":"5 minutos"},"schema":{"@context":"https:\/\/schema.org","@graph":[{"@type":"WebPage","@id":"https:\/\/abix.com.br\/produto\/mtm800e\/","url":"https:\/\/abix.com.br\/produto\/mtm800e\/","name":"RADIO M\u00d3VIL TETRA - MTM800E - Abix Tecnolog\u00eda","isPartOf":{"@id":"https:\/\/abix.com.br\/#website"},"primaryImageOfPage":{"@id":"https:\/\/abix.com.br\/produto\/mtm800e\/#primaryimage"},"image":{"@id":"https:\/\/abix.com.br\/produto\/mtm800e\/#primaryimage"},"thumbnailUrl":"https:\/\/abix.com.br\/wp-content\/uploads\/2020\/05\/5200.jpg","datePublished":"2020-05-11T14:25:29+00:00","dateModified":"2023-10-20T11:29:22+00:00","description":"El MTM800 mejorado ya no se fabrica ni est\u00e1 disponible en la regi\u00f3n EMEA. El producto de sustituci\u00f3n sugerido es la serie MTM5000.","breadcrumb":{"@id":"https:\/\/abix.com.br\/produto\/mtm800e\/#breadcrumb"},"inLanguage":"es","potentialAction":[{"@type":"ReadAction","target":["https:\/\/abix.com.br\/produto\/mtm800e\/"]}]},{"@type":"ImageObject","inLanguage":"es","@id":"https:\/\/abix.com.br\/produto\/mtm800e\/#primaryimage","url":"https:\/\/abix.com.br\/wp-content\/uploads\/2020\/05\/5200.jpg","contentUrl":"https:\/\/abix.com.br\/wp-content\/uploads\/2020\/05\/5200.jpg","width":800,"height":600,"caption":"MTM800E"},{"@type":"BreadcrumbList","@id":"https:\/\/abix.com.br\/produto\/mtm800e\/#breadcrumb","itemListElement":[{"@type":"ListItem","position":1,"name":"In\u00edcio","item":"https:\/\/abix.com.br\/es\/"},{"@type":"ListItem","position":2,"name":"Tienda","item":"https:\/\/abix.com.br\/loja\/"},{"@type":"ListItem","position":3,"name":"RADIO M\u00d3VIL TETRA &#8211; MTM800E"}]},{"@type":"WebSite","@id":"https:\/\/abix.com.br\/#website","url":"https:\/\/abix.com.br\/","name":"Abix","description":"","potentialAction":[{"@type":"SearchAction","target":{"@type":"EntryPoint","urlTemplate":"https:\/\/abix.com.br\/?s={search_term_string}"},"query-input":{"@type":"PropertyValueSpecification","valueRequired":true,"valueName":"search_term_string"}}],"inLanguage":"es"}]}},"_links":{"self":[{"href":"https:\/\/abix.com.br\/es\/wp-json\/wp\/v2\/product\/19666","targetHints":{"allow":["GET"]}}],"collection":[{"href":"https:\/\/abix.com.br\/es\/wp-json\/wp\/v2\/product"}],"about":[{"href":"https:\/\/abix.com.br\/es\/wp-json\/wp\/v2\/types\/product"}],"replies":[{"embeddable":true,"href":"https:\/\/abix.com.br\/es\/wp-json\/wp\/v2\/comments?post=19666"}],"wp:featuredmedia":[{"embeddable":true,"href":"https:\/\/abix.com.br\/es\/wp-json\/wp\/v2\/media\/9408"}],"wp:attachment":[{"href":"https:\/\/abix.com.br\/es\/wp-json\/wp\/v2\/media?parent=19666"}],"wp:term":[{"taxonomy":"product_brand","embeddable":true,"href":"https:\/\/abix.com.br\/es\/wp-json\/wp\/v2\/product_brand?post=19666"},{"taxonomy":"product_cat","embeddable":true,"href":"https:\/\/abix.com.br\/es\/wp-json\/wp\/v2\/product_cat?post=19666"},{"taxonomy":"product_tag","embeddable":true,"href":"https:\/\/abix.com.br\/es\/wp-json\/wp\/v2\/product_tag?post=19666"}],"curies":[{"name":"wp","href":"https:\/\/api.w.org\/{rel}","templated":true}]}}