{"id":19668,"date":"2020-05-11T09:11:22","date_gmt":"2020-05-11T12:11:22","guid":{"rendered":"https:\/\/abix.com.br\/produto\/radio-portatil-tetra-mtp3250\/"},"modified":"2023-10-20T08:31:22","modified_gmt":"2023-10-20T11:31:22","slug":"radio-portatil-tetra-mtp3250","status":"publish","type":"product","link":"https:\/\/abix.com.br\/es\/produto\/radio-portatil-tetra-mtp3250\/","title":{"rendered":"RADIO PORT\u00c1TIL TETRA &#8211; MTP3250"},"content":{"rendered":"\n\t<section class=\"section\" id=\"section_610027134\">\n\t\t<div class=\"section-bg fill\" >\n\t\t\t\t\t\t\t\t\t\n\t\t\t\n\n\t\t<\/div>\n\n\t\t\n\n\t\t<div class=\"section-content relative\">\n\t\t\t\n<div class=\"row\"  id=\"row-2110100495\">\n\n\t<div id=\"col-1947747670\" class=\"col small-12 large-12\"  >\n\t\t\t\t<div class=\"col-inner\"  >\n\t\t\t\n\t\t\t\n<div class=\"row\"  id=\"row-317596159\">\n\n\t<div id=\"col-1963677803\" class=\"col small-12 large-12\"  >\n\t\t\t\t<div class=\"col-inner\"  >\n\t\t\t\n\t\t\t\n\n\t\t<div class=\"tabbed-content locacao-tabs\">\n\t\t\t\n\t\t\t<ul class=\"nav nav-tabs nav-normal nav-size-xlarge nav-left active-on-hover\" role=\"tablist\"><li id=\"tab-informaci\u00d3n\" class=\"tab active has-icon\" role=\"presentation\"><a href=\"#tab_informaci\u00d3n\" role=\"tab\" aria-selected=\"true\" aria-controls=\"tab_informaci\u00d3n\"><span>INFORMACI\u00d3N<\/span><\/a><\/li>\n<li id=\"tab-accesorios\" class=\"tab has-icon\" role=\"presentation\"><a href=\"#tab_accesorios\" tabindex=\"-1\" role=\"tab\" aria-selected=\"false\" aria-controls=\"tab_accesorios\"><span>ACCESORIOS<\/span><\/a><\/li>\n<li id=\"tab-descargas\" class=\"tab has-icon\" role=\"presentation\"><a href=\"#tab_descargas\" tabindex=\"-1\" role=\"tab\" aria-selected=\"false\" aria-controls=\"tab_descargas\"><span>DESCARGAS<\/span><\/a><\/li>\n<li id=\"tab-especificaciones\" class=\"tab has-icon\" role=\"presentation\"><a href=\"#tab_especificaciones\" tabindex=\"-1\" role=\"tab\" aria-selected=\"false\" aria-controls=\"tab_especificaciones\"><span>ESPECIFICACIONES<\/span><\/a><\/li><\/ul><div class=\"tab-panels\"><div id=\"tab_informaci\u00d3n\" class=\"panel active entry-content\" role=\"tabpanel\" aria-labelledby=\"tab-informaci\u00d3n\">\n<div class=\"row\"  id=\"row-831345362\">\n\n\t<div id=\"col-1559289806\" class=\"col medium-6 small-12 large-6\"  >\n\t\t\t\t<div class=\"col-inner\"  >\n\t\t\t\n\t\t\t\n<div class=\"ms-column ie-6 medium-6\">\n<div class=\"richtexteditor parbase\">\n<p><b>INTERFAZ SENCILLA PERO AVANZADA\/F\u00c1CIL<\/b><\/p>\n<\/div>\n<p>Para minimizar los costes de formaci\u00f3n del personal, el MTP3250 aprovecha una interfaz de usuario familiar, al estilo de los tel\u00e9fonos m\u00f3viles. Tambi\u00e9n contiene una pantalla compatible con 26.200.000 colores vivos y fuentes de gran tama\u00f1o. La practicidad se ve reforzada por un men\u00fa personalizable y un teclado num\u00e9rico completo, que juntos hacen que la interacci\u00f3n con el dispositivo sea r\u00e1pida e intuitiva.<\/p>\n<\/div>\n<p><b>UN DISPOSITIVO PARA TODAS LAS COMUNICACIONES ESENCIALES<\/b><\/p>\n<p>La radio MTP3250 aprovecha todas las ventajas de la tecnolog\u00eda digital TETRA para aportar productividad y seguridad a los trabajadores. Ofrece una calidad de audio excepcional con servicios full voice d\u00faplex, interconexi\u00f3n PABX y RTC, llamadas individuales y de grupo, llamadas de emergencia y prioritarias, servicios de datos cortos y servicios de localizaci\u00f3n. El MTP3250 tambi\u00e9n se beneficia de la protecci\u00f3n inherente a la se\u00f1alizaci\u00f3n digital TETRA. Junto con la funci\u00f3n de autenticaci\u00f3n mutua, el MTP3250 proporciona una plataforma de comunicaciones segura. Huelga decir que las radios Motorola se han desarrollado para ofrecer fiabilidad y asistencia, independientemente de la importancia de la misi\u00f3n.<\/p>\n<p><b>APLICACI\u00d3N DE PRODUCTIVIDAD PARA LA MEJORA DE DATOS<\/b><\/p>\n<p>Cuenta con el mayor programa de desarrollo de aplicaciones del sector, que ofrece aplicaciones de datos personalizadas para las necesidades de su empresa: seguimiento de ubicaciones, gesti\u00f3n de \u00f3rdenes de trabajo, distribuci\u00f3n y telefon\u00eda.<\/p>\n<div class=\"ms-column ie-6 medium-6\">\n<div class=\"richtexteditor parbase\">\n<p><b>COMUNICACIONES UNIFICADAS, SEGURIDAD INTEGRADA<\/b><\/p>\n<\/div>\n<\/div>\n<p>&#8211; Modos de funcionamiento troncal y convencional.<br \/>&#8211; Interconexi\u00f3n PABX y RTC full d\u00faplex.<br \/>&#8211; Funciones de seguridad personal y llamadas de emergencia.<br \/>&#8211; GPS integrado opcional para el seguimiento del equipo.<\/p>\n<p><b>ALTO RENDIMIENTO, FABRICADO PARA DURAR<\/b><\/p>\n<p>&#8211; Resistente y dise\u00f1ado para una fiabilidad \u00f3ptima en condiciones adversas.<br \/>&#8211; Calidad de audio superior para los entornos m\u00e1s exigentes.<br \/>&#8211; Amplia gama de accesorios para ofrecer una soluci\u00f3n personalizada.<br \/>&#8211; Interfaz de usuario optimizada.<br \/>&#8211; Instalaci\u00f3n de programaci\u00f3n remota para la gesti\u00f3n econ\u00f3mica de terminales de radio.<br \/>&#8211; Audio de alta potencia, compatible con la objetividad y la practicidad.<br \/>&#8211; Pantalla en color de alta resoluci\u00f3n.<br \/>&#8211; Hecho para superar los retos del fuego, los disturbios y los caf\u00e9s.<br \/>&#8211; IP65 y un nuevo y robusto conector lateral e inferior.<br \/>&#8211; Para mantener el contacto en v\u00edas largas y en el interior de edificios.<\/p>\n<p><b>COMPARTE INFORMACI\u00d3N AL INSTANTE CON DATOS BLUETOOTH<\/b><\/p>\n<p>Con\u00e9ctese a dispositivos de datos Bluetooth sin necesidad de cables, lo que facilita el intercambio de informaci\u00f3n en tiempo real.<\/p>\n\t\t<\/div>\n\t\t\t\t\t<\/div>\n\n\t\n\n\t<div id=\"col-1043697565\" class=\"col medium-6 small-12 large-6\"  >\n\t\t\t\t<div class=\"col-inner text-left\"  >\n\t\t\t\n\t\t\t\n<p style=\"text-align: left;\"><strong>CARACTER\u00cdSTICAS<\/strong><\/p>\n<ul>\n<li style=\"text-align: left;\">Dispositivo robusto (IP68)<\/li>\n<li style=\"text-align: left;\">Botones PTT y de emergencia dedicados<\/li>\n<li style=\"text-align: left;\">Pantalla t\u00e1ctil de 5&#8243; resistente a l\u00edquidos y manejable con guantes<\/li>\n<li style=\"text-align: left;\">Bater\u00eda reemplazable y de larga duraci\u00f3n<\/li>\n<li style=\"text-align: left;\">Plataforma Android con ecosistema de aplicaciones abierto<\/li>\n<li style=\"text-align: left;\">Audio superior con 97 dB<\/li>\n<li style=\"text-align: left;\">Micr\u00f3fono con supresi\u00f3n de ruido y cancelaci\u00f3n de eco<\/li>\n<li style=\"text-align: left;\">Compa\u00f1ero ideal de WAVE PTX<\/li>\n<\/ul>\n\t\t<\/div>\n\t\t\t\t\t<\/div>\n\n\t\n<\/div>\n<\/div>\n<div id=\"tab_accesorios\" class=\"panel entry-content\" role=\"tabpanel\" aria-labelledby=\"tab-accesorios\">\n<div class=\"row align-middle\"  id=\"row-1687693344\">\n\n\t<div id=\"col-1486783103\" class=\"col medium-10 small-12 large-10\"  >\n\t\t\t\t<div class=\"col-inner\"  >\n\t\t\t\n\t\t\t\n<p>CONTENIDO<\/p>\n\t\t<\/div>\n\t\t\t\t\t<\/div>\n\n\t\n\n\t<div id=\"col-414752336\" class=\"col medium-2 small-12 large-2\"  >\n\t\t\t\t<div class=\"col-inner\"  >\n\t\t\t\n\t\t\t\n\t\t<\/div>\n\t\t\t\t\t<\/div>\n\n\t\n<\/div>\n<\/div>\n<div id=\"tab_descargas\" class=\"panel entry-content\" role=\"tabpanel\" aria-labelledby=\"tab-descargas\">\n<div class=\"row\"  id=\"row-1492499333\">\n\n\t<div id=\"col-1895162043\" class=\"col medium-10 small-12 large-10\"  >\n\t\t\t\t<div class=\"col-inner\"  >\n\t\t\t\n\t\t\t\n<p><strong>FOLLETO DE LA SERIE MTP3000<\/strong><\/p>\n<p><a href=\"https:\/\/www.abix.com.br\/wp-content\/uploads\/Folheto-MTP3000-Series.pdf\">Hoja de datos de la serie MTP3000<\/a><\/p>\n\t\t<\/div>\n\t\t\t\t\t<\/div>\n\n\t\n<\/div>\n<\/div>\n<div id=\"tab_especificaciones\" class=\"panel entry-content\" role=\"tabpanel\" aria-labelledby=\"tab-especificaciones\">\n<div class=\"row\"  id=\"row-1444578363\">\n\n\t<div id=\"col-1780292407\" class=\"col medium-9 small-12 large-9\"  >\n\t\t\t\t<div class=\"col-inner\"  >\n\t\t\t\n\t\t\t\n<h3 id=\"sec_tabproductinfo_performance_characteristics\" class=\"tab-section-title\">SERVICIO DMO<\/h3>\n<ul>\n<li><strong>Compatibilidad<\/strong><\/li>\n<\/ul>\n<p>Pasarela y repetidor<\/p>\n<ul>\n<li><strong>Llamada privada<\/strong><\/li>\n<\/ul>\n<p>Semid\u00faplex\/D\u00faplex completo<\/p>\n<ul>\n<li><strong>Llamada de grupo<\/strong><\/li>\n<\/ul>\n<p>Entrada tard\u00eda<\/p>\n<\/p>\n<h3 id=\"sec_tabproductinfo_performance_characteristics\" class=\"tab-section-title\">CARACTER\u00cdSTICAS F\u00cdSICAS<\/h3>\n<ul>\n<li><strong>Peso (con bater\u00eda est\u00e1ndar)<\/strong><\/li>\n<\/ul>\n<p>273 g (radio con bater\u00eda de 1650 mAH y antena)<\/p>\n<ul>\n<li><strong>Dimensiones Al x An x Pr (con bater\u00eda est\u00e1ndar)<\/strong><\/li>\n<\/ul>\n<p>125 x 50 x 37,5 mm (con bater\u00eda est\u00e1ndar)<br \/>125 x 50 x 33,5 mm (con bater\u00eda delgada)<\/p>\n<\/p>\n<h3 id=\"sec_tabproductinfo_performance_characteristics\" class=\"tab-section-title\">SERVICIO VOCAL DE EMERGENCIA<\/h3>\n<ul>\n<li><strong>Alarma<\/strong><\/li>\n<\/ul>\n<p>Estado de emergencia<\/p>\n<ul>\n<li><strong>Direcci\u00f3n de destino de emergencia<\/strong><\/li>\n<\/ul>\n<p>Individual o en grupo<\/p>\n<ul>\n<li><strong>Ubicaci\u00f3n<\/strong><\/li>\n<\/ul>\n<p>Enviar en caso de emergencia<\/p>\n<ul>\n<li><strong>Micr\u00f3fono encendido<\/strong><\/li>\n<\/ul>\n<p>Temporizadores programables<\/p>\n<ul>\n<li><strong>Emergencia inteligente<\/strong><\/li>\n<\/ul>\n<p>DMO\/TMO\/DMO para TMO<\/p>\n<\/p>\n<h3 id=\"sec_tabproductinfo_performance_characteristics\" class=\"tab-section-title\">CARACTER\u00cdSTICA DE RENDIMIENTO<\/h3>\n<ul>\n<li><strong>Bandas de frecuencia<\/strong><\/li>\n<\/ul>\n<p>350-430 MHz<\/p>\n<ul>\n<li><strong>Control de potencia de RF<\/strong><\/li>\n<\/ul>\n<p>3 pasos de 5 dB<\/p>\n<ul>\n<li><strong>Potencia de salida<\/strong><\/li>\n<\/ul>\n<p>3L (1,8W) y Clase 4 (1W)<\/p>\n<ul>\n<li><strong>Separaci\u00f3n entre canales<\/strong><\/li>\n<\/ul>\n<p>25<\/p>\n<ul>\n<li><strong>Duraci\u00f3n de la bater\u00eda &#8211; est\u00e1ndar (basada en un ciclo 05 05 90)<\/strong><\/li>\n<\/ul>\n<p>12,5 (950 mAh),<br \/>23 (1.850 mAh)<\/p>\n<ul>\n<li><strong>Duraci\u00f3n de la bater\u00eda &#8211; est\u00e1ndar (basada en un ciclo de 5 35 60)<\/strong><\/li>\n<\/ul>\n<p>17 horas (1.850 mAh),<br \/>18 horas (1.850 mAh)<\/p>\n<ul>\n<li><strong>Capacidad de la bater\u00eda<\/strong><\/li>\n<\/ul>\n<p>1.850 mAh (est\u00e1ndar), 950 mAh (delgado)<\/p>\n<\/p>\n<h3 id=\"sec_tabproductinfo_performance_characteristics\" class=\"tab-section-title\">ENTORNO DE USUARIO<\/h3>\n<ul>\n<li><strong>Grado de protecci\u00f3n<\/strong><\/li>\n<\/ul>\n<p>IP65<\/p>\n<ul>\n<li><strong>Impactos, ca\u00eddas y vibraciones<\/strong><\/li>\n<\/ul>\n<p>ETS 300-019 1-7 clase 5M3<\/p>\n<ul>\n<li><strong>Polvo y agua<\/strong><\/li>\n<\/ul>\n<p>IP65 (Cat 2)<\/p>\n<ul>\n<li><strong>Humedad<\/strong><\/li>\n<\/ul>\n<p>ETS 300 019-1-7 clase 7.3E<\/p>\n<ul>\n<li><strong>Temperatura de almacenamiento<\/strong><\/li>\n<\/ul>\n<p>-40 \u00b0C a +85 \u00b0C<\/p>\n<ul>\n<li><strong>Temperatura de funcionamiento<\/strong><\/li>\n<\/ul>\n<p>de -30 \u00b0C a +60 \u00b0C<\/p>\n<h3 id=\"sec_tabproductinfo_radio_features\" class=\"tab-section-title\">SERVICIO TMO<\/h3>\n<ul>\n<li><strong>DGNA<\/strong><\/li>\n<\/ul>\n<p>Hasta 2.047 grupos<\/p>\n<ul>\n<li><strong>Telefon\u00eda<\/strong><\/li>\n<\/ul>\n<p>D\u00faplex completo<\/p>\n<h3> <\/h3>\n<h3 id=\"sec_tabproductinfo_radio_features\" class=\"tab-section-title\">SERVICIO DE DATOS<\/h3>\n<ul>\n<li><strong>Mensajes de estado<\/strong><\/li>\n<\/ul>\n<p>100 mensajes con seud\u00f3nimos<\/p>\n<ul>\n<li><strong>PIE<\/strong><\/li>\n<\/ul>\n<p>Comandos AT<\/p>\n<ul>\n<li><strong>Servicio de Datos Cortos (SDS)<\/strong><\/li>\n<\/ul>\n<p>20 bandejas de entrada de mensajes<\/p>\n<ul>\n<li><strong>Mensajes de estado<\/strong><\/li>\n<\/ul>\n<p>100 mensajes con seud\u00f3nimos<\/p>\n<\/p>\n<h3 id=\"sec_tabproductinfo_radio_features\" class=\"tab-section-title\">ESPECIFICACIONES GPS<\/h3>\n<ul>\n<li><strong>Control de la sensibilidad<\/strong><\/li>\n<\/ul>\n<p>-160dBm<\/p>\n<ul>\n<li><strong>Protocolos de localizaci\u00f3n<\/strong><\/li>\n<\/ul>\n<p>ETSI LIP, Motorola LRRP<\/p>\n<ul>\n<li><strong>Precisi\u00f3n GPS<\/strong><\/li>\n<\/ul>\n<p>5 metros (50% probable)<\/p>\n<ul>\n<li><strong>Antena GPS<\/strong><\/li>\n<\/ul>\n<p>Integrado en la antena TETRA<\/p>\n<ul>\n<li><strong>Modo de funcionamiento<\/strong><\/li>\n<\/ul>\n<p>Aut\u00f3nomo (A-GPS)<\/p>\n<ul>\n<li><strong>Sat\u00e9lites simult\u00e1neos<\/strong><\/li>\n<\/ul>\n<p>12<\/p>\n<\/p>\n<h3 id=\"sec_tabproductinfo_radio_features\" class=\"tab-section-title\">RECURSOS RADIOF\u00d3NICOS<\/h3>\n<ul>\n<li><strong>Precisi\u00f3n del nivel de energ\u00eda de RF<\/strong><\/li>\n<\/ul>\n<p>3 pasos de 5 dB<\/p>\n<ul>\n<li><strong>Tipos de lectura<\/strong><\/li>\n<\/ul>\n<p>Conversaci\u00f3n en grupo<\/p>\n<ul>\n<li><strong>Clase de receptor<\/strong><\/li>\n<\/ul>\n<p>ALOJAMIENTO Y DESAYUNO<\/p>\n<ul>\n<li><strong>Sensibilidad est\u00e1tica del receptor<\/strong><\/li>\n<\/ul>\n<p>-112 m\u00ednimo, -115 t\u00edpico<br \/>Sensibilidad din\u00e1mica del receptor<br \/>-103 m\u00ednimo, -107 t\u00edpico<\/p>\n<ul>\n<li><strong>Selecci\u00f3n de ancho de banda<\/strong><\/li>\n<\/ul>\n<p>50 (380 &#8211; 430 MHz)<br \/>19 (806 &#8211; 825, 851 &#8211; 870 MHz)<\/p>\n<\/p>\n<h3 id=\"sec_tabproductinfo_radio_features\" class=\"tab-section-title\">SERVICIOS DE VOZ<\/h3>\n<ul>\n<li><strong>Inhibici\u00f3n de la transmisi\u00f3n<\/strong><\/li>\n<\/ul>\n<p>S\u00ed<\/p>\n<ul>\n<li><strong>Escucha de ambientes<\/strong><\/li>\n<\/ul>\n<p>S\u00ed<\/p>\n<ul>\n<li><strong>Listas de lectura<\/strong><\/li>\n<\/ul>\n<p>40 listas, 20 grupos\/listas de debate<\/p>\n<ul>\n<li><strong>Agenda<\/strong><\/li>\n<\/ul>\n<p>1.000 entradas<\/p>\n<ul>\n<li><strong>Grupos de chat<\/strong><\/li>\n<\/ul>\n<p>2048 (TMO) Y 1024 (DMO)<\/p>\n\t\t<\/div>\n\t\t\t\t\t<\/div>\n\n\t\n<\/div>\n<\/div><\/div><\/div>\n\t\t<\/div>\n\t\t\t\t\t<\/div>\n\n\t\n<\/div>\n\t\t<\/div>\n\t\t\t\t\t<\/div>\n\n\t\n<\/div>\n\t\t<\/div>\n\n\t\t\n<style>\n#section_610027134 {\n  padding-top: 0px;\n  padding-bottom: 0px;\n}\n<\/style>\n\t<\/section>\n\t\n","protected":false},"excerpt":{"rendered":"<p style=\"text-align: justify;\">El MTP3250, con GPS incluido, ofrece un paquete completo para el servicio TETRA, junto con la inclusi\u00f3n de un teclado completo. Adem\u00e1s, cuenta con la versatilidad a\u00f1adida de la conectividad Bluetooth para accesorios y dispositivos de colaboraci\u00f3n. Estas radios TETRA est\u00e1n optimizadas para ofrecer un excelente rendimiento de audio y durabilidad para su uso en todo tipo de situaciones ruidosas y exigentes en las que la seguridad del usuario es primordial. Este terminal incorpora un nuevo conector lateral, que ofrece mayor robustez. Al ofrecer m\u00e1s potencia, aumenta el alcance y el rendimiento en interiores, por lo que Motorola ha a\u00f1adido la opci\u00f3n de salida de potencia de Clase 3L (1,8 W). Junto con su alta sensibilidad de recepci\u00f3n, el MTP3250 es capaz de mantener las comunicaciones en las situaciones m\u00e1s exigentes.<\/p>\n<p style=\"text-align: justify;\">La radio port\u00e1til MTP3250 TETRA de Motorola ofrece el alto rendimiento y la fiabilidad necesarios para aumentar la productividad de los trabajadores y garantizar la seguridad de los usuarios. Aprovechando las mejores caracter\u00edsticas de una radio bidireccional de seguridad p\u00fablica, la MTP3250 est\u00e1 dise\u00f1ada para garantizar unas comunicaciones altas y claras incluso en entornos de trabajo con mucho ruido.<\/p>\n<p style=\"text-align: justify;\"><b>Construido para durar<\/b><br \/>\nEl MP3250 se ha desarrollado con los m\u00e1s altos niveles de calidad y supera las 11 categor\u00edas de la norma MIL-810. Y como todas las radios TETRA de Motorola, la MTP3250 ha sido desarrollada para superar una prueba de vida \u00fatil acelerada, que simula m\u00e1s de 5 a\u00f1os de uso. Estas pruebas garantizan que resistir\u00e1 condiciones duras y ofrecer\u00e1 una durabilidad que ayuda a reducir los costes de asistencia del ciclo de vida.<\/p>\n<p style=\"text-align: justify;\">\n","protected":false},"featured_media":9415,"comment_status":"closed","ping_status":"closed","template":"","meta":[],"product_brand":[],"product_cat":[167,155,164,156,158],"product_tag":[],"class_list":{"0":"post-19668","1":"product","2":"type-product","3":"status-publish","4":"has-post-thumbnail","6":"product_cat-dimetra-es","7":"product_cat-linea-profesional","8":"product_cat-radio-tetra-es","9":"product_cat-radios-digitales","10":"product_cat-radios-portatiles","12":"first","13":"instock","14":"shipping-taxable","15":"product-type-simple"},"yoast_head":"<!-- This site is optimized with the Yoast SEO plugin v27.4 - https:\/\/yoast.com\/product\/yoast-seo-wordpress\/ -->\n<title>RADIO PORT\u00c1TIL TETRA - MTP3250 - Abix<\/title>\n<meta name=\"robots\" content=\"index, follow, max-snippet:-1, max-image-preview:large, max-video-preview:-1\" \/>\n<link rel=\"canonical\" href=\"https:\/\/abix.com.br\/produto\/mtp3250\/\" \/>\n<meta property=\"og:locale\" content=\"es_ES\" \/>\n<meta property=\"og:type\" content=\"article\" \/>\n<meta property=\"og:title\" content=\"RADIO PORT\u00c1TIL TETRA - MTP3250 - Abix\" \/>\n<meta property=\"og:description\" content=\"El MTP3250, con GPS incluido, ofrece un paquete completo para el servicio TETRA, junto con la inclusi\u00f3n de un teclado completo. Adem\u00e1s, cuenta con la versatilidad a\u00f1adida de la conectividad Bluetooth para accesorios y dispositivos de colaboraci\u00f3n. Estas radios TETRA est\u00e1n optimizadas para ofrecer un excelente rendimiento de audio y durabilidad para su uso en todo tipo de situaciones ruidosas y exigentes en las que la seguridad del usuario es primordial. Este terminal incorpora un nuevo conector lateral, que ofrece mayor robustez. Al ofrecer m\u00e1s potencia, aumenta el alcance y el rendimiento en interiores, por lo que Motorola ha a\u00f1adido la opci\u00f3n de salida de potencia de Clase 3L (1,8 W). Junto con su alta sensibilidad de recepci\u00f3n, el MTP3250 es capaz de mantener las comunicaciones en las situaciones m\u00e1s exigentes. La radio port\u00e1til MTP3250 TETRA de Motorola ofrece el alto rendimiento y la fiabilidad necesarios para aumentar la productividad de los trabajadores y garantizar la seguridad de los usuarios. Aprovechando las mejores caracter\u00edsticas de una radio bidireccional de seguridad p\u00fablica, la MTP3250 est\u00e1 dise\u00f1ada para garantizar unas comunicaciones altas y claras incluso en entornos de trabajo con mucho ruido. Construido para durar El MP3250 se ha desarrollado con los m\u00e1s altos niveles de calidad y supera las 11 categor\u00edas de la norma MIL-810. Y como todas las radios TETRA de Motorola, la MTP3250 ha sido desarrollada para superar una prueba de vida \u00fatil acelerada, que simula m\u00e1s de 5 a\u00f1os de uso. Estas pruebas garantizan que resistir\u00e1 condiciones duras y ofrecer\u00e1 una durabilidad que ayuda a reducir los costes de asistencia del ciclo de vida.\" \/>\n<meta property=\"og:url\" content=\"https:\/\/abix.com.br\/produto\/mtp3250\/\" \/>\n<meta property=\"og:site_name\" content=\"Abix\" \/>\n<meta property=\"article:modified_time\" content=\"2023-10-20T11:31:22+00:00\" \/>\n<meta property=\"og:image\" content=\"https:\/\/abix.com.br\/wp-content\/uploads\/2020\/05\/mtp3250_faceon_539x541.jpg\" \/>\n\t<meta property=\"og:image:width\" content=\"539\" \/>\n\t<meta property=\"og:image:height\" content=\"531\" \/>\n\t<meta property=\"og:image:type\" content=\"image\/jpeg\" \/>\n<meta name=\"twitter:card\" content=\"summary_large_image\" \/>\n<meta name=\"twitter:label1\" content=\"Tiempo de lectura\" \/>\n\t<meta name=\"twitter:data1\" content=\"5 minutos\" \/>\n<script type=\"application\/ld+json\" class=\"yoast-schema-graph\">{\"@context\":\"https:\\\/\\\/schema.org\",\"@graph\":[{\"@type\":\"WebPage\",\"@id\":\"https:\\\/\\\/abix.com.br\\\/produto\\\/mtp3250\\\/\",\"url\":\"https:\\\/\\\/abix.com.br\\\/produto\\\/mtp3250\\\/\",\"name\":\"RADIO PORT\u00c1TIL TETRA - MTP3250 - Abix\",\"isPartOf\":{\"@id\":\"https:\\\/\\\/abix.com.br\\\/#website\"},\"primaryImageOfPage\":{\"@id\":\"https:\\\/\\\/abix.com.br\\\/produto\\\/mtp3250\\\/#primaryimage\"},\"image\":{\"@id\":\"https:\\\/\\\/abix.com.br\\\/produto\\\/mtp3250\\\/#primaryimage\"},\"thumbnailUrl\":\"https:\\\/\\\/abix.com.br\\\/wp-content\\\/uploads\\\/2020\\\/05\\\/mtp3250_faceon_539x541.jpg\",\"datePublished\":\"2020-05-11T12:11:22+00:00\",\"dateModified\":\"2023-10-20T11:31:22+00:00\",\"breadcrumb\":{\"@id\":\"https:\\\/\\\/abix.com.br\\\/produto\\\/mtp3250\\\/#breadcrumb\"},\"inLanguage\":\"es\",\"potentialAction\":[{\"@type\":\"ReadAction\",\"target\":[\"https:\\\/\\\/abix.com.br\\\/produto\\\/mtp3250\\\/\"]}]},{\"@type\":\"ImageObject\",\"inLanguage\":\"es\",\"@id\":\"https:\\\/\\\/abix.com.br\\\/produto\\\/mtp3250\\\/#primaryimage\",\"url\":\"https:\\\/\\\/abix.com.br\\\/wp-content\\\/uploads\\\/2020\\\/05\\\/mtp3250_faceon_539x541.jpg\",\"contentUrl\":\"https:\\\/\\\/abix.com.br\\\/wp-content\\\/uploads\\\/2020\\\/05\\\/mtp3250_faceon_539x541.jpg\",\"width\":539,\"height\":531},{\"@type\":\"BreadcrumbList\",\"@id\":\"https:\\\/\\\/abix.com.br\\\/produto\\\/mtp3250\\\/#breadcrumb\",\"itemListElement\":[{\"@type\":\"ListItem\",\"position\":1,\"name\":\"In\u00edcio\",\"item\":\"https:\\\/\\\/abix.com.br\\\/es\\\/\"},{\"@type\":\"ListItem\",\"position\":2,\"name\":\"Tienda\",\"item\":\"https:\\\/\\\/abix.com.br\\\/loja\\\/\"},{\"@type\":\"ListItem\",\"position\":3,\"name\":\"RADIO PORT\u00c1TIL TETRA &#8211; MTP3250\"}]},{\"@type\":\"WebSite\",\"@id\":\"https:\\\/\\\/abix.com.br\\\/#website\",\"url\":\"https:\\\/\\\/abix.com.br\\\/\",\"name\":\"Abix\",\"description\":\"\",\"potentialAction\":[{\"@type\":\"SearchAction\",\"target\":{\"@type\":\"EntryPoint\",\"urlTemplate\":\"https:\\\/\\\/abix.com.br\\\/?s={search_term_string}\"},\"query-input\":{\"@type\":\"PropertyValueSpecification\",\"valueRequired\":true,\"valueName\":\"search_term_string\"}}],\"inLanguage\":\"es\"}]}<\/script>\n<!-- \/ Yoast SEO plugin. -->","yoast_head_json":{"title":"RADIO PORT\u00c1TIL TETRA - MTP3250 - Abix","robots":{"index":"index","follow":"follow","max-snippet":"max-snippet:-1","max-image-preview":"max-image-preview:large","max-video-preview":"max-video-preview:-1"},"canonical":"https:\/\/abix.com.br\/produto\/mtp3250\/","og_locale":"es_ES","og_type":"article","og_title":"RADIO PORT\u00c1TIL TETRA - MTP3250 - Abix","og_description":"El MTP3250, con GPS incluido, ofrece un paquete completo para el servicio TETRA, junto con la inclusi\u00f3n de un teclado completo. Adem\u00e1s, cuenta con la versatilidad a\u00f1adida de la conectividad Bluetooth para accesorios y dispositivos de colaboraci\u00f3n. Estas radios TETRA est\u00e1n optimizadas para ofrecer un excelente rendimiento de audio y durabilidad para su uso en todo tipo de situaciones ruidosas y exigentes en las que la seguridad del usuario es primordial. Este terminal incorpora un nuevo conector lateral, que ofrece mayor robustez. Al ofrecer m\u00e1s potencia, aumenta el alcance y el rendimiento en interiores, por lo que Motorola ha a\u00f1adido la opci\u00f3n de salida de potencia de Clase 3L (1,8 W). Junto con su alta sensibilidad de recepci\u00f3n, el MTP3250 es capaz de mantener las comunicaciones en las situaciones m\u00e1s exigentes. La radio port\u00e1til MTP3250 TETRA de Motorola ofrece el alto rendimiento y la fiabilidad necesarios para aumentar la productividad de los trabajadores y garantizar la seguridad de los usuarios. Aprovechando las mejores caracter\u00edsticas de una radio bidireccional de seguridad p\u00fablica, la MTP3250 est\u00e1 dise\u00f1ada para garantizar unas comunicaciones altas y claras incluso en entornos de trabajo con mucho ruido. Construido para durar El MP3250 se ha desarrollado con los m\u00e1s altos niveles de calidad y supera las 11 categor\u00edas de la norma MIL-810. Y como todas las radios TETRA de Motorola, la MTP3250 ha sido desarrollada para superar una prueba de vida \u00fatil acelerada, que simula m\u00e1s de 5 a\u00f1os de uso. Estas pruebas garantizan que resistir\u00e1 condiciones duras y ofrecer\u00e1 una durabilidad que ayuda a reducir los costes de asistencia del ciclo de vida.","og_url":"https:\/\/abix.com.br\/produto\/mtp3250\/","og_site_name":"Abix","article_modified_time":"2023-10-20T11:31:22+00:00","og_image":[{"width":539,"height":531,"url":"https:\/\/abix.com.br\/wp-content\/uploads\/2020\/05\/mtp3250_faceon_539x541.jpg","type":"image\/jpeg"}],"twitter_card":"summary_large_image","twitter_misc":{"Tiempo de lectura":"5 minutos"},"schema":{"@context":"https:\/\/schema.org","@graph":[{"@type":"WebPage","@id":"https:\/\/abix.com.br\/produto\/mtp3250\/","url":"https:\/\/abix.com.br\/produto\/mtp3250\/","name":"RADIO PORT\u00c1TIL TETRA - MTP3250 - Abix","isPartOf":{"@id":"https:\/\/abix.com.br\/#website"},"primaryImageOfPage":{"@id":"https:\/\/abix.com.br\/produto\/mtp3250\/#primaryimage"},"image":{"@id":"https:\/\/abix.com.br\/produto\/mtp3250\/#primaryimage"},"thumbnailUrl":"https:\/\/abix.com.br\/wp-content\/uploads\/2020\/05\/mtp3250_faceon_539x541.jpg","datePublished":"2020-05-11T12:11:22+00:00","dateModified":"2023-10-20T11:31:22+00:00","breadcrumb":{"@id":"https:\/\/abix.com.br\/produto\/mtp3250\/#breadcrumb"},"inLanguage":"es","potentialAction":[{"@type":"ReadAction","target":["https:\/\/abix.com.br\/produto\/mtp3250\/"]}]},{"@type":"ImageObject","inLanguage":"es","@id":"https:\/\/abix.com.br\/produto\/mtp3250\/#primaryimage","url":"https:\/\/abix.com.br\/wp-content\/uploads\/2020\/05\/mtp3250_faceon_539x541.jpg","contentUrl":"https:\/\/abix.com.br\/wp-content\/uploads\/2020\/05\/mtp3250_faceon_539x541.jpg","width":539,"height":531},{"@type":"BreadcrumbList","@id":"https:\/\/abix.com.br\/produto\/mtp3250\/#breadcrumb","itemListElement":[{"@type":"ListItem","position":1,"name":"In\u00edcio","item":"https:\/\/abix.com.br\/es\/"},{"@type":"ListItem","position":2,"name":"Tienda","item":"https:\/\/abix.com.br\/loja\/"},{"@type":"ListItem","position":3,"name":"RADIO PORT\u00c1TIL TETRA &#8211; MTP3250"}]},{"@type":"WebSite","@id":"https:\/\/abix.com.br\/#website","url":"https:\/\/abix.com.br\/","name":"Abix","description":"","potentialAction":[{"@type":"SearchAction","target":{"@type":"EntryPoint","urlTemplate":"https:\/\/abix.com.br\/?s={search_term_string}"},"query-input":{"@type":"PropertyValueSpecification","valueRequired":true,"valueName":"search_term_string"}}],"inLanguage":"es"}]}},"_links":{"self":[{"href":"https:\/\/abix.com.br\/es\/wp-json\/wp\/v2\/product\/19668","targetHints":{"allow":["GET"]}}],"collection":[{"href":"https:\/\/abix.com.br\/es\/wp-json\/wp\/v2\/product"}],"about":[{"href":"https:\/\/abix.com.br\/es\/wp-json\/wp\/v2\/types\/product"}],"replies":[{"embeddable":true,"href":"https:\/\/abix.com.br\/es\/wp-json\/wp\/v2\/comments?post=19668"}],"wp:featuredmedia":[{"embeddable":true,"href":"https:\/\/abix.com.br\/es\/wp-json\/wp\/v2\/media\/9415"}],"wp:attachment":[{"href":"https:\/\/abix.com.br\/es\/wp-json\/wp\/v2\/media?parent=19668"}],"wp:term":[{"taxonomy":"product_brand","embeddable":true,"href":"https:\/\/abix.com.br\/es\/wp-json\/wp\/v2\/product_brand?post=19668"},{"taxonomy":"product_cat","embeddable":true,"href":"https:\/\/abix.com.br\/es\/wp-json\/wp\/v2\/product_cat?post=19668"},{"taxonomy":"product_tag","embeddable":true,"href":"https:\/\/abix.com.br\/es\/wp-json\/wp\/v2\/product_tag?post=19668"}],"curies":[{"name":"wp","href":"https:\/\/api.w.org\/{rel}","templated":true}]}}