{"id":19669,"date":"2020-05-08T15:27:18","date_gmt":"2020-05-08T18:27:18","guid":{"rendered":"https:\/\/abix.com.br\/produto\/radio-movil-tetra-mtm5200\/"},"modified":"2023-10-20T08:32:17","modified_gmt":"2023-10-20T11:32:17","slug":"radio-movil-tetra-mtm5200","status":"publish","type":"product","link":"https:\/\/abix.com.br\/es\/produto\/radio-movil-tetra-mtm5200\/","title":{"rendered":"RADIO M\u00d3VIL TETRA &#8211; MTM5200"},"content":{"rendered":"\n\t<section class=\"section\" id=\"section_2138876083\">\n\t\t<div class=\"section-bg fill\" >\n\t\t\t\t\t\t\t\t\t\n\t\t\t\n\n\t\t<\/div>\n\n\t\t\n\n\t\t<div class=\"section-content relative\">\n\t\t\t\n<div class=\"row\"  id=\"row-1245057920\">\n\n\t<div id=\"col-601616763\" class=\"col small-12 large-12\"  >\n\t\t\t\t<div class=\"col-inner\"  >\n\t\t\t\n\t\t\t\n<div class=\"row\"  id=\"row-1220333586\">\n\n\t<div id=\"col-1288932095\" class=\"col small-12 large-12\"  >\n\t\t\t\t<div class=\"col-inner\"  >\n\t\t\t\n\t\t\t\n\n\t\t<div class=\"tabbed-content locacao-tabs\">\n\t\t\t\n\t\t\t<ul class=\"nav nav-tabs nav-normal nav-size-xlarge nav-left active-on-hover\" role=\"tablist\"><li id=\"tab-informaci\u00d3n\" class=\"tab active has-icon\" role=\"presentation\"><a href=\"#tab_informaci\u00d3n\" role=\"tab\" aria-selected=\"true\" aria-controls=\"tab_informaci\u00d3n\"><span>INFORMACI\u00d3N<\/span><\/a><\/li>\n<li id=\"tab-accesorios\" class=\"tab has-icon\" role=\"presentation\"><a href=\"#tab_accesorios\" tabindex=\"-1\" role=\"tab\" aria-selected=\"false\" aria-controls=\"tab_accesorios\"><span>ACCESORIOS<\/span><\/a><\/li>\n<li id=\"tab-descargas\" class=\"tab has-icon\" role=\"presentation\"><a href=\"#tab_descargas\" tabindex=\"-1\" role=\"tab\" aria-selected=\"false\" aria-controls=\"tab_descargas\"><span>DESCARGAS<\/span><\/a><\/li>\n<li id=\"tab-especificaciones\" class=\"tab has-icon\" role=\"presentation\"><a href=\"#tab_especificaciones\" tabindex=\"-1\" role=\"tab\" aria-selected=\"false\" aria-controls=\"tab_especificaciones\"><span>ESPECIFICACIONES<\/span><\/a><\/li><\/ul><div class=\"tab-panels\"><div id=\"tab_informaci\u00d3n\" class=\"panel active entry-content\" role=\"tabpanel\" aria-labelledby=\"tab-informaci\u00d3n\">\n<div class=\"row\"  id=\"row-277295099\">\n\n\t<div id=\"col-1205102867\" class=\"col medium-6 small-12 large-6\"  >\n\t\t\t\t<div class=\"col-inner\"  >\n\t\t\t\n\t\t\t\n<p><strong>Rango de funcionamiento ampliado<\/strong><br \/>Con una sensibilidad de receptor mejorada, el MTM5200 ofrece una se\u00f1al mucho m\u00e1s completa.<\/p>\n<p><strong>Conectividad de datos de alta velocidad<\/strong><br \/>Hardware preparado para TEDS: con una simple actualizaci\u00f3n de la licencia de software, permite una conectividad de datos hasta 20 veces m\u00e1s r\u00e1pida. USB 2.0 integrado para una r\u00e1pida programaci\u00f3n de la radio.<\/p>\n<p><strong>Dise\u00f1o robusto con una fiabilidad excepcional<\/strong><br \/>Incluye la opci\u00f3n de cabezal de control IP67 (frontal), para entornos expuestos y dif\u00edciles.<\/p>\n<p><strong>Rendimiento de audio superior<\/strong><br \/>Arquitectura de audio de nueva generaci\u00f3n, ofrece el rendimiento de audio m\u00e1s alto y claro de cualquier radio TETRA de Motorola disponible en el mercado.<\/p>\n<p><strong>Bajos costes de migraci\u00f3n de usuarios<\/strong><br \/>Estilo de interfaz familiar como el de los tel\u00e9fonos m\u00f3viles, pantalla VGA en color para mejorar la usabilidad y reducir los costes de formaci\u00f3n.<\/p>\n<p><strong>Terminal de gesti\u00f3n avanzada<\/strong><br \/>Interfaz USB 2.0 para una programaci\u00f3n r\u00e1pida a trav\u00e9s del terminal de gesti\u00f3n Motorola integrado.<\/p>\n<p><strong>Gesti\u00f3n avanzada de terminales<\/strong><br \/>Interfaz USB 2.0 para una r\u00e1pida programaci\u00f3n de la radio a trav\u00e9s de la soluci\u00f3n integrada de gesti\u00f3n de terminales de Motorola.<\/p>\n<p><strong>Alcance ampliado<\/strong><br \/>Con una sensibilidad de receptor l\u00edder en su clase, el MTM5200 ofrece una amplia cobertura de red.<\/p>\n<p><strong>Conectividad de datos de alta velocidad<\/strong><br \/>Hardware preparado para TEDS: con una simple actualizaci\u00f3n de la licencia de software, permite una conectividad de datos 20 veces m\u00e1s r\u00e1pida con los sistemas LOGIN y las bases de datos de back-office. USB 2.0 PEI integrado, que permite una r\u00e1pida programaci\u00f3n de la radio y una interfaz normalizada para terminales de datos y accesorios. Para mayor flexibilidad, tambi\u00e9n admite los modos host y esclavo USB.<\/p>\n<p><strong>Mejores opciones de cifrado de extremo a extremo<\/strong><br \/>Hardware integrado para cifrado de extremo a extremo basado en SIM, junto con la opci\u00f3n Universal Crypto Module.<\/p>\n<p><strong>Dise\u00f1o robusto con una fiabilidad excepcional<\/strong><br \/>Incluye la opci\u00f3n de cabezal de control IP67 (MTM5200 \/ 5400), para entornos expuestos y dif\u00edciles. Resistente conector GCAI delantero y trasero para una conexi\u00f3n fiable de perif\u00e9ricos de audio y datos.<\/p>\n<p><strong>Rendimiento de audio superior<\/strong><br \/>Arquitectura de audio de nueva generaci\u00f3n, que ofrece el rendimiento de audio m\u00e1s alto y claro de cualquier tel\u00e9fono m\u00f3vil TETRA de Motorola del mercado.<\/p>\n<p><strong>Bajos costes de migraci\u00f3n de usuarios<\/strong><br \/>Interfaz de usuario familiar con estilo m\u00f3vil y pantalla VGA en color para mejorar la facilidad de uso y reducir los costes de formaci\u00f3n del personal. La misma interfaz de usuario que las radios port\u00e1tiles MTP850 y MTM800, probadas en el mercado, y la interfaz de accesorios m\u00f3viles GCAI com\u00fan utilizada en las series MTM800 y MTM5000, lo que permite reutilizar los accesorios.<\/p>\n\t\t<\/div>\n\t\t\t\t\t<\/div>\n\n\t\n\n\t<div id=\"col-1496534773\" class=\"col medium-6 small-12 large-6\"  >\n\t\t\t\t<div class=\"col-inner text-left\"  >\n\t\t\t\n\t\t\t\n\t\t<\/div>\n\t\t\t\t\t<\/div>\n\n\t\n<\/div>\n<\/div>\n<div id=\"tab_accesorios\" class=\"panel entry-content\" role=\"tabpanel\" aria-labelledby=\"tab-accesorios\">\n<div class=\"row align-middle\"  id=\"row-1511260125\">\n\n\t<div id=\"col-313814355\" class=\"col medium-10 small-12 large-10\"  >\n\t\t\t\t<div class=\"col-inner\"  >\n\t\t\t\n\t\t\t\n<p>CONTENIDO<\/p>\n\t\t<\/div>\n\t\t\t\t\t<\/div>\n\n\t\n\n\t<div id=\"col-1251936911\" class=\"col medium-2 small-12 large-2\"  >\n\t\t\t\t<div class=\"col-inner\"  >\n\t\t\t\n\t\t\t\n\t\t<\/div>\n\t\t\t\t\t<\/div>\n\n\t\n<\/div>\n<\/div>\n<div id=\"tab_descargas\" class=\"panel entry-content\" role=\"tabpanel\" aria-labelledby=\"tab-descargas\">\n<div class=\"row\"  id=\"row-18035338\">\n\n\t<div id=\"col-1901599309\" class=\"col medium-10 small-12 large-10\"  >\n\t\t\t\t<div class=\"col-inner\"  >\n\t\t\t\n\t\t\t\n<p><a href=\"https:\/\/www.abix.com.br\/wp-content\/uploads\/mot_tetra_mtm5000_brochure_pt.pdf\">FICHA T\u00c9CNICA DE LA SERIE MTM5000<\/a><\/p>\n\t\t<\/div>\n\t\t\t\t\t<\/div>\n\n\t\n<\/div>\n<\/div>\n<div id=\"tab_especificaciones\" class=\"panel entry-content\" role=\"tabpanel\" aria-labelledby=\"tab-especificaciones\">\n<div class=\"row\"  id=\"row-2500571\">\n\n\t<div id=\"col-359386486\" class=\"col medium-9 small-12 large-9\"  >\n\t\t\t\t<div class=\"col-inner\"  >\n\t\t\t\n\t\t\t\n<h3 id=\"sec_tabproductinfo_performance_characteristics\" class=\"tab-section-title\">SERVICIOS DMO<\/h3>\n<ul>\n<li><strong>Compatibilidad<\/strong><\/li>\n<\/ul>\n<p>Pasarela y repetidor (DMO)<\/p>\n<ul>\n<li><strong>Llamada de grupo<\/strong><\/li>\n<\/ul>\n<p>Entrada tard\u00eda<\/p>\n<\/p>\n<h3 id=\"sec_tabproductinfo_performance_characteristics\" class=\"tab-section-title\">SERVICIOS DE DATOS<\/h3>\n<ul>\n<li><strong>Navegador<\/strong><\/li>\n<\/ul>\n<p>Preparado para TEDS: la actualizaci\u00f3n de la licencia de software permite una conectividad de datos 20 veces m\u00e1s r\u00e1pida.<\/p>\n<ul>\n<li><strong>Datos del paquete (PD)<\/strong><\/li>\n<\/ul>\n<p>7,2 kbps &#8211; 28,8 kbps en bruto; Ranura \u00fanica o m\u00faltiple.<\/p>\n<ul>\n<li><strong>Mensajes de estado<\/strong><\/li>\n<\/ul>\n<p>100 mensajes de alias.<\/p>\n<ul>\n<li><strong>PIE<\/strong><\/li>\n<\/ul>\n<p>Comandos AT; TNP1; permite SDS y PD simult\u00e1neamente.<\/p>\n<ul>\n<li><strong>Servicio de Datos Cortos (SDS)<\/strong><\/li>\n<\/ul>\n<p>Buz\u00f3n de entrada con 20 mensajes; Direcci\u00f3n de destino individual o de grupo; Enviar \/ recibir durante las llamadas<\/p>\n<h3 id=\"sec_tabproductinfo_performance_characteristics\" class=\"tab-section-title\">SERVICIOS DE VOZ DE EMERGENCIA<\/h3>\n<ul>\n<li><strong>Alarma<\/strong><\/li>\n<\/ul>\n<p>Estado de emergencia.<\/p>\n<ul>\n<li><strong>Direcci\u00f3n de destino de emergencia<\/strong><\/li>\n<\/ul>\n<p>Individual o en grupo.<\/p>\n<ul>\n<li><strong>Micr\u00f3fono caliente<\/strong><\/li>\n<\/ul>\n<p>Temporizadores configurables.<\/p>\n<ul>\n<li><strong>Ubicaci\u00f3n<\/strong><\/li>\n<\/ul>\n<p>Enviar en caso de emergencia.<\/p>\n<ul>\n<li><strong>Emergencia inteligente<\/strong><\/li>\n<\/ul>\n<p>BMD \/ BMT \/ BMD para BMT<\/p>\n<\/p>\n<h3 id=\"sec_tabproductinfo_performance_characteristics\" class=\"tab-section-title\">PROGRAMA DE RADIO<\/h3>\n<ul>\n<li><strong>Llamadas de estado<\/strong><\/li>\n<\/ul>\n<p>s\u00ed<\/p>\n<ul>\n<li><strong>Inhibici\u00f3n selectiva del radio<\/strong><\/li>\n<\/ul>\n<p>s\u00ed<\/p>\n<ul>\n<li><strong>Identificador de llamadas<\/strong><\/li>\n<\/ul>\n<p>s\u00ed<\/p>\n<ul>\n<li><strong>Con GPS<\/strong><\/li>\n<\/ul>\n<p>s\u00ed<\/p>\n<ul>\n<li><strong>Mensajes de texto<\/strong><\/li>\n<\/ul>\n<p>s\u00ed<\/p>\n<ul>\n<li><strong>Botones programables<\/strong><\/li>\n<\/ul>\n<p>s\u00ed<\/p>\n<ul>\n<li><strong>Tonos de llamada<\/strong><\/li>\n<\/ul>\n<p>La verdad<\/p>\n<ul>\n<li><strong>Se\u00f1alizaci\u00f3n de emergencia<\/strong><\/li>\n<\/ul>\n<p>s\u00ed<\/p>\n<ul>\n<li><strong>Escaneado<\/strong><\/li>\n<\/ul>\n<p>Prioridad, Grupo de debate<\/p>\n<\/p>\n<h3 id=\"sec_tabproductinfo_tmo_services\" class=\"tab-section-title\">SERVICIOS DE TMO<\/h3>\n<ul>\n<li><strong>Telefon\u00eda<\/strong><\/li>\n<\/ul>\n<p>D\u00faplex completo (TMO)<\/p>\n<ul>\n<li><strong>Llamada privada<\/strong><\/li>\n<\/ul>\n<p>Semid\u00faplex \/ D\u00faplex completo (TMO)<\/p>\n<ul>\n<li><strong>DGNA<\/strong><\/li>\n<\/ul>\n<p>hasta 2047 grupos (BMT)<\/p>\n<\/p>\n<h3 id=\"sec_tabproductinfo_user_environment\" class=\"tab-section-title\">ENTORNO DE USUARIO<\/h3>\n<ul>\n<li><strong>Humedad<\/strong><\/li>\n<\/ul>\n<p>ETS 300 019-1-5, clases 5.1 y 5.2; EIA \/ TIA 603 (95%)<\/p>\n<ul>\n<li><strong>Polvo y agua<\/strong><\/li>\n<\/ul>\n<p>Salpicadero \/ Pupitre \/ Mando a distancia IP54 (Cat 2); Cabezal de control de la moto IP67 (Cat 2)<\/p>\n<ul>\n<li><strong>Temperatura de almacenamiento<\/strong><\/li>\n<\/ul>\n<p>-40 a +85 (\u00b0 C)<\/p>\n<ul>\n<li><strong>Temperatura de funcionamiento<\/strong><\/li>\n<\/ul>\n<p>-30 a +60 (\u00b0 C)<\/p>\n<h3 id=\"sec_tabproductinfo_performance_characteristics\" class=\"tab-section-title\">CARACTER\u00cdSTICAS DE RENDIMIENTO<\/h3>\n<ul>\n<li><strong>Criptograf\u00eda<\/strong><\/li>\n<\/ul>\n<p>s\u00ed<\/p>\n<h3 id=\"sec_tabproductinfo_radio_features\" class=\"tab-section-title\">ESPECIFICACIONES GPS<\/h3>\n<ul>\n<li><strong>Hora de la primera correcci\u00f3n (TTFF)<\/strong><\/li>\n<\/ul>\n<p>Aut\u00f3nomos &#8211; Caliente<\/p>\n<ul>\n<li><strong>Precisi\u00f3n GPS<\/strong><\/li>\n<\/ul>\n<p>5 metros (50% probable)<\/p>\n<ul>\n<li><strong>Antena GPS<\/strong><\/li>\n<\/ul>\n<p>Integrado en la antena TETRA<\/p>\n<ul>\n<li><strong>Sensibilidad GPS<\/strong><\/li>\n<\/ul>\n<p>-152 dBm \/ -182 dBw<\/p>\n<ul>\n<li><strong>Protocolos de localizaci\u00f3n<\/strong><\/li>\n<\/ul>\n<p>ETSI LIP, Motorola LRRP<\/p>\n<ul>\n<li><strong>Modo de funcionamiento<\/strong><\/li>\n<\/ul>\n<p>Aut\u00f3nomo o asistido (A-GPS)<\/p>\n<ul>\n<li><strong>Sat\u00e9lites simult\u00e1neos<\/strong><\/li>\n<\/ul>\n<p>12<\/p>\n<\/p>\n<h3 id=\"sec_tabproductinfo_physical_characteristics\" class=\"tab-section-title\">CARACTER\u00cdSTICAS F\u00cdSICAS<\/h3>\n<ul>\n<li><strong>Bot\u00f3n de emergencia<\/strong><\/li>\n<\/ul>\n<p>s\u00ed<\/p>\n<ul>\n<li><strong>Ajustes<\/strong><\/li>\n<\/ul>\n<p>Soporte para salpicadero, soporte remoto, moto, sobremesa<\/p>\n<ul>\n<li><strong>Peso<\/strong><\/li>\n<\/ul>\n<p>1300g (Dash \/ Escritorio), 1450g (Remoto-Std.), 1530g (Remoto-Datos), 1470g (IP67 M \/ C-Std.), 1550g (IP67 M \/ C-Datos), 1230g (Datos)<\/p>\n<ul>\n<li><strong>Teclado<\/strong><\/li>\n<\/ul>\n<p>s\u00ed<\/p>\n<ul>\n<li><strong>Dimensiones Al x An x Pr<\/strong><\/li>\n<\/ul>\n<p>60 x 188 x 198 mm (salpicadero \/ oficina), 61 x 190 x 40 mm (canal remoto) 47 x 165 x 160 mm (transceptor remoto est\u00e1ndar \/ transceptor M\/C IP67), 47 x 165 x 170 mm (transceptor y datos) control remoto \/ transceptor M\/C IP67 \/ caja de datos), 60 x 188 x 39 mm (canal M\/C IP67)<\/p>\n<ul>\n<li><strong>Exposici\u00f3n<\/strong><\/li>\n<\/ul>\n<p>TFT 65K 2,8&#8243; VGA 640\u00d7480 colores<\/p>\n<\/p>\n<h3 id=\"sec_tabproductinfo_security_features\" class=\"tab-section-title\">RECURSO DE SEGURIDAD<\/h3>\n<ul>\n<li><strong>Cifrado de extremo a extremo (E2EE)<\/strong><\/li>\n<\/ul>\n<p>Modelo de hardware disponible con algoritmos MACE AES128 o AES256 (Motorola Adv. Crypto Engine). Soluci\u00f3n E2EE basada en SIM (exclusiva de los modelos alemanes BSI MTM800FuG)<\/p>\n<ul>\n<li><strong>Acceso a la red<\/strong><\/li>\n<\/ul>\n<p>Desactivaci\u00f3n de activaci\u00f3n temporal (Aturdir), desactivaci\u00f3n de activaci\u00f3n permanente (Matar)<\/p>\n<ul>\n<li><strong>Autenticaci\u00f3n<\/strong><\/li>\n<\/ul>\n<p>Infraestructura iniciada y mutualizada por terminal<\/p>\n<ul>\n<li><strong>Provisi\u00f3n de claves<\/strong><\/li>\n<\/ul>\n<p>Herramienta de aprovisionamiento seguro (variable clave KVL)<\/p>\n<ul>\n<li><strong>Clases de seguridad de cifrado de la interfaz a\u00e9rea<\/strong><\/li>\n<\/ul>\n<p>Clase 1 (clear), Clase 2 SCK), Clase 3 (DCK, CCK y GCK)<\/p>\n<ul>\n<li><strong>Algoritmos de cifrado de la interfaz a\u00e9rea<\/strong><\/li>\n<\/ul>\n<p>T\u00c92, T\u00c93, T\u00c91<\/p>\n<\/p>\n<h3 id=\"sec_tabproductinfo_voice_services\" class=\"tab-section-title\">SERVICIOS DE VOZ<\/h3>\n<ul>\n<li><strong>Inhibici\u00f3n de la transmisi\u00f3n<\/strong><\/li>\n<\/ul>\n<p>s\u00ed<\/p>\n<ul>\n<li><strong>Grupos de chat<\/strong><\/li>\n<\/ul>\n<p>2048 (TMO) y 1024 (DMO)<\/p>\n<ul>\n<li><strong>Escanear listas<\/strong><\/li>\n<\/ul>\n<p>40 listas, 20 grupos de debate \/ lista<\/p>\n<ul>\n<li><strong>Gu\u00eda telef\u00f3nica<\/strong><\/li>\n<\/ul>\n<p>1000 personas. Hasta 6 n\u00fameros por participaci\u00f3n &#8211; m\u00e1ximo 2000 participaciones<\/p>\n<ul>\n<li><strong>Escuchar el entorno<\/strong><\/li>\n<\/ul>\n<p>s\u00ed<\/p>\n\t\t<\/div>\n\t\t\t\t\t<\/div>\n\n\t\n<\/div>\n<\/div><\/div><\/div>\n\t\t<\/div>\n\t\t\t\t\t<\/div>\n\n\t\n<\/div>\n\t\t<\/div>\n\t\t\t\t\t<\/div>\n\n\t\n<\/div>\n\t\t<\/div>\n\n\t\t\n<style>\n#section_2138876083 {\n  padding-top: 0px;\n  padding-bottom: 0px;\n}\n<\/style>\n\t<\/section>\n\t\n","protected":false},"excerpt":{"rendered":"<p style=\"text-align: justify;\">El MTM5200 es el modelo b\u00e1sico de la nueva familia de radios m\u00f3viles TETRA. Comparte las mejoras en audio y sensibilidad del receptor del actual MTM5400, adem\u00e1s de estar preparado para TEDS para servicios de datos de alta velocidad, lo que mejorar\u00e1 su funcionamiento.<\/p>\n<p style=\"text-align: justify;\">Con la mejor sensibilidad de receptor de su clase, el MTM5200 ofrece un alcance operativo l\u00edder en el sector. Gracias a sus flexibles opciones de despliegue y a sus avanzadas funciones de voz y datos, el vers\u00e1til MTM5200 es compatible con una amplia gama de aplicaciones, como salas de control fijas, veh\u00edculos, motocicletas e instalaciones personalizadas.<\/p>\n<p style=\"text-align: justify;\">Este cabezal de control establece el est\u00e1ndar para nuevos niveles de durabilidad, rendimiento y facilidad de uso. Desarrollado para organizaciones en las que son esenciales unas radios m\u00f3viles robustas y vers\u00e1tiles, se basa en los componentes clave de la plataforma TETRA de Motorola, fiable y probada sobre el terreno, y pone la informaci\u00f3n al alcance de su mano.<\/p>\n","protected":false},"featured_media":9408,"comment_status":"closed","ping_status":"closed","template":"","meta":[],"product_brand":[],"product_cat":[167,155,164,156,177,176],"product_tag":[],"class_list":{"0":"post-19669","1":"product","2":"type-product","3":"status-publish","4":"has-post-thumbnail","6":"product_cat-dimetra-es","7":"product_cat-linea-profesional","8":"product_cat-radio-tetra-es","9":"product_cat-radios-digitales","10":"product_cat-radios-fijas","11":"product_cat-radios-moviles","13":"first","14":"instock","15":"shipping-taxable","16":"product-type-simple"},"yoast_head":"<!-- This site is optimized with the Yoast SEO plugin v27.4 - https:\/\/yoast.com\/product\/yoast-seo-wordpress\/ -->\n<title>RADIO M\u00d3VIL TETRA - MTM5200 - Abix<\/title>\n<meta name=\"robots\" content=\"index, follow, max-snippet:-1, max-image-preview:large, max-video-preview:-1\" \/>\n<link rel=\"canonical\" href=\"https:\/\/abix.com.br\/es\/produto\/radio-movil-tetra-mtm5200\/\" \/>\n<meta property=\"og:locale\" content=\"es_ES\" \/>\n<meta property=\"og:type\" content=\"article\" \/>\n<meta property=\"og:title\" content=\"RADIO M\u00d3VIL TETRA - MTM5200 - Abix\" \/>\n<meta property=\"og:description\" content=\"El MTM5200 es el modelo b\u00e1sico de la nueva familia de radios m\u00f3viles TETRA. Comparte las mejoras en audio y sensibilidad del receptor del actual MTM5400, adem\u00e1s de estar preparado para TEDS para servicios de datos de alta velocidad, lo que mejorar\u00e1 su funcionamiento. Con la mejor sensibilidad de receptor de su clase, el MTM5200 ofrece un alcance operativo l\u00edder en el sector. Gracias a sus flexibles opciones de despliegue y a sus avanzadas funciones de voz y datos, el vers\u00e1til MTM5200 es compatible con una amplia gama de aplicaciones, como salas de control fijas, veh\u00edculos, motocicletas e instalaciones personalizadas. Este cabezal de control establece el est\u00e1ndar para nuevos niveles de durabilidad, rendimiento y facilidad de uso. Desarrollado para organizaciones en las que son esenciales unas radios m\u00f3viles robustas y vers\u00e1tiles, se basa en los componentes clave de la plataforma TETRA de Motorola, fiable y probada sobre el terreno, y pone la informaci\u00f3n al alcance de su mano.\" \/>\n<meta property=\"og:url\" content=\"https:\/\/abix.com.br\/es\/produto\/radio-movil-tetra-mtm5200\/\" \/>\n<meta property=\"og:site_name\" content=\"Abix\" \/>\n<meta property=\"article:modified_time\" content=\"2023-10-20T11:32:17+00:00\" \/>\n<meta name=\"twitter:card\" content=\"summary_large_image\" \/>\n<meta name=\"twitter:label1\" content=\"Tiempo de lectura\" \/>\n\t<meta name=\"twitter:data1\" content=\"6 minutos\" \/>\n<script type=\"application\/ld+json\" class=\"yoast-schema-graph\">{\"@context\":\"https:\\\/\\\/schema.org\",\"@graph\":[{\"@type\":\"WebPage\",\"@id\":\"https:\\\/\\\/abix.com.br\\\/es\\\/produto\\\/radio-movil-tetra-mtm5200\\\/\",\"url\":\"https:\\\/\\\/abix.com.br\\\/es\\\/produto\\\/radio-movil-tetra-mtm5200\\\/\",\"name\":\"RADIO M\u00d3VIL TETRA - MTM5200 - Abix\",\"isPartOf\":{\"@id\":\"https:\\\/\\\/abix.com.br\\\/#website\"},\"primaryImageOfPage\":{\"@id\":\"https:\\\/\\\/abix.com.br\\\/es\\\/produto\\\/radio-movil-tetra-mtm5200\\\/#primaryimage\"},\"image\":{\"@id\":\"https:\\\/\\\/abix.com.br\\\/es\\\/produto\\\/radio-movil-tetra-mtm5200\\\/#primaryimage\"},\"thumbnailUrl\":\"https:\\\/\\\/abix.com.br\\\/wp-content\\\/uploads\\\/2020\\\/05\\\/5200.jpg\",\"datePublished\":\"2020-05-08T18:27:18+00:00\",\"dateModified\":\"2023-10-20T11:32:17+00:00\",\"breadcrumb\":{\"@id\":\"https:\\\/\\\/abix.com.br\\\/es\\\/produto\\\/radio-movil-tetra-mtm5200\\\/#breadcrumb\"},\"inLanguage\":\"es\",\"potentialAction\":[{\"@type\":\"ReadAction\",\"target\":[\"https:\\\/\\\/abix.com.br\\\/es\\\/produto\\\/radio-movil-tetra-mtm5200\\\/\"]}]},{\"@type\":\"ImageObject\",\"inLanguage\":\"es\",\"@id\":\"https:\\\/\\\/abix.com.br\\\/es\\\/produto\\\/radio-movil-tetra-mtm5200\\\/#primaryimage\",\"url\":\"https:\\\/\\\/abix.com.br\\\/wp-content\\\/uploads\\\/2020\\\/05\\\/5200.jpg\",\"contentUrl\":\"https:\\\/\\\/abix.com.br\\\/wp-content\\\/uploads\\\/2020\\\/05\\\/5200.jpg\",\"width\":800,\"height\":600,\"caption\":\"MTM800E\"},{\"@type\":\"BreadcrumbList\",\"@id\":\"https:\\\/\\\/abix.com.br\\\/es\\\/produto\\\/radio-movil-tetra-mtm5200\\\/#breadcrumb\",\"itemListElement\":[{\"@type\":\"ListItem\",\"position\":1,\"name\":\"In\u00edcio\",\"item\":\"https:\\\/\\\/abix.com.br\\\/es\\\/\"},{\"@type\":\"ListItem\",\"position\":2,\"name\":\"Tienda\",\"item\":\"https:\\\/\\\/abix.com.br\\\/loja\\\/\"},{\"@type\":\"ListItem\",\"position\":3,\"name\":\"RADIO M\u00d3VIL TETRA &#8211; MTM5200\"}]},{\"@type\":\"WebSite\",\"@id\":\"https:\\\/\\\/abix.com.br\\\/#website\",\"url\":\"https:\\\/\\\/abix.com.br\\\/\",\"name\":\"Abix\",\"description\":\"\",\"potentialAction\":[{\"@type\":\"SearchAction\",\"target\":{\"@type\":\"EntryPoint\",\"urlTemplate\":\"https:\\\/\\\/abix.com.br\\\/?s={search_term_string}\"},\"query-input\":{\"@type\":\"PropertyValueSpecification\",\"valueRequired\":true,\"valueName\":\"search_term_string\"}}],\"inLanguage\":\"es\"}]}<\/script>\n<!-- \/ Yoast SEO plugin. -->","yoast_head_json":{"title":"RADIO M\u00d3VIL TETRA - MTM5200 - Abix","robots":{"index":"index","follow":"follow","max-snippet":"max-snippet:-1","max-image-preview":"max-image-preview:large","max-video-preview":"max-video-preview:-1"},"canonical":"https:\/\/abix.com.br\/es\/produto\/radio-movil-tetra-mtm5200\/","og_locale":"es_ES","og_type":"article","og_title":"RADIO M\u00d3VIL TETRA - MTM5200 - Abix","og_description":"El MTM5200 es el modelo b\u00e1sico de la nueva familia de radios m\u00f3viles TETRA. Comparte las mejoras en audio y sensibilidad del receptor del actual MTM5400, adem\u00e1s de estar preparado para TEDS para servicios de datos de alta velocidad, lo que mejorar\u00e1 su funcionamiento. Con la mejor sensibilidad de receptor de su clase, el MTM5200 ofrece un alcance operativo l\u00edder en el sector. Gracias a sus flexibles opciones de despliegue y a sus avanzadas funciones de voz y datos, el vers\u00e1til MTM5200 es compatible con una amplia gama de aplicaciones, como salas de control fijas, veh\u00edculos, motocicletas e instalaciones personalizadas. Este cabezal de control establece el est\u00e1ndar para nuevos niveles de durabilidad, rendimiento y facilidad de uso. Desarrollado para organizaciones en las que son esenciales unas radios m\u00f3viles robustas y vers\u00e1tiles, se basa en los componentes clave de la plataforma TETRA de Motorola, fiable y probada sobre el terreno, y pone la informaci\u00f3n al alcance de su mano.","og_url":"https:\/\/abix.com.br\/es\/produto\/radio-movil-tetra-mtm5200\/","og_site_name":"Abix","article_modified_time":"2023-10-20T11:32:17+00:00","twitter_card":"summary_large_image","twitter_misc":{"Tiempo de lectura":"6 minutos"},"schema":{"@context":"https:\/\/schema.org","@graph":[{"@type":"WebPage","@id":"https:\/\/abix.com.br\/es\/produto\/radio-movil-tetra-mtm5200\/","url":"https:\/\/abix.com.br\/es\/produto\/radio-movil-tetra-mtm5200\/","name":"RADIO M\u00d3VIL TETRA - MTM5200 - Abix","isPartOf":{"@id":"https:\/\/abix.com.br\/#website"},"primaryImageOfPage":{"@id":"https:\/\/abix.com.br\/es\/produto\/radio-movil-tetra-mtm5200\/#primaryimage"},"image":{"@id":"https:\/\/abix.com.br\/es\/produto\/radio-movil-tetra-mtm5200\/#primaryimage"},"thumbnailUrl":"https:\/\/abix.com.br\/wp-content\/uploads\/2020\/05\/5200.jpg","datePublished":"2020-05-08T18:27:18+00:00","dateModified":"2023-10-20T11:32:17+00:00","breadcrumb":{"@id":"https:\/\/abix.com.br\/es\/produto\/radio-movil-tetra-mtm5200\/#breadcrumb"},"inLanguage":"es","potentialAction":[{"@type":"ReadAction","target":["https:\/\/abix.com.br\/es\/produto\/radio-movil-tetra-mtm5200\/"]}]},{"@type":"ImageObject","inLanguage":"es","@id":"https:\/\/abix.com.br\/es\/produto\/radio-movil-tetra-mtm5200\/#primaryimage","url":"https:\/\/abix.com.br\/wp-content\/uploads\/2020\/05\/5200.jpg","contentUrl":"https:\/\/abix.com.br\/wp-content\/uploads\/2020\/05\/5200.jpg","width":800,"height":600,"caption":"MTM800E"},{"@type":"BreadcrumbList","@id":"https:\/\/abix.com.br\/es\/produto\/radio-movil-tetra-mtm5200\/#breadcrumb","itemListElement":[{"@type":"ListItem","position":1,"name":"In\u00edcio","item":"https:\/\/abix.com.br\/es\/"},{"@type":"ListItem","position":2,"name":"Tienda","item":"https:\/\/abix.com.br\/loja\/"},{"@type":"ListItem","position":3,"name":"RADIO M\u00d3VIL TETRA &#8211; MTM5200"}]},{"@type":"WebSite","@id":"https:\/\/abix.com.br\/#website","url":"https:\/\/abix.com.br\/","name":"Abix","description":"","potentialAction":[{"@type":"SearchAction","target":{"@type":"EntryPoint","urlTemplate":"https:\/\/abix.com.br\/?s={search_term_string}"},"query-input":{"@type":"PropertyValueSpecification","valueRequired":true,"valueName":"search_term_string"}}],"inLanguage":"es"}]}},"_links":{"self":[{"href":"https:\/\/abix.com.br\/es\/wp-json\/wp\/v2\/product\/19669","targetHints":{"allow":["GET"]}}],"collection":[{"href":"https:\/\/abix.com.br\/es\/wp-json\/wp\/v2\/product"}],"about":[{"href":"https:\/\/abix.com.br\/es\/wp-json\/wp\/v2\/types\/product"}],"replies":[{"embeddable":true,"href":"https:\/\/abix.com.br\/es\/wp-json\/wp\/v2\/comments?post=19669"}],"wp:featuredmedia":[{"embeddable":true,"href":"https:\/\/abix.com.br\/es\/wp-json\/wp\/v2\/media\/9408"}],"wp:attachment":[{"href":"https:\/\/abix.com.br\/es\/wp-json\/wp\/v2\/media?parent=19669"}],"wp:term":[{"taxonomy":"product_brand","embeddable":true,"href":"https:\/\/abix.com.br\/es\/wp-json\/wp\/v2\/product_brand?post=19669"},{"taxonomy":"product_cat","embeddable":true,"href":"https:\/\/abix.com.br\/es\/wp-json\/wp\/v2\/product_cat?post=19669"},{"taxonomy":"product_tag","embeddable":true,"href":"https:\/\/abix.com.br\/es\/wp-json\/wp\/v2\/product_tag?post=19669"}],"curies":[{"name":"wp","href":"https:\/\/api.w.org\/{rel}","templated":true}]}}