{"id":19670,"date":"2020-05-06T15:03:21","date_gmt":"2020-05-06T18:03:21","guid":{"rendered":"https:\/\/abix.com.br\/produto\/radio-movil-tetra-mtm5500\/"},"modified":"2023-10-20T08:33:12","modified_gmt":"2023-10-20T11:33:12","slug":"radio-movil-tetra-mtm5500","status":"publish","type":"product","link":"https:\/\/abix.com.br\/es\/produto\/radio-movil-tetra-mtm5500\/","title":{"rendered":"RADIO M\u00d3VIL TETRA &#8211; MTM5500"},"content":{"rendered":"\n\t<section class=\"section\" id=\"section_941749497\">\n\t\t<div class=\"section-bg fill\" >\n\t\t\t\t\t\t\t\t\t\n\t\t\t\n\n\t\t<\/div>\n\n\t\t\n\n\t\t<div class=\"section-content relative\">\n\t\t\t\n<div class=\"row\"  id=\"row-331093541\">\n\n\t<div id=\"col-1605195116\" class=\"col small-12 large-12\"  >\n\t\t\t\t<div class=\"col-inner\"  >\n\t\t\t\n\t\t\t\n<div class=\"row\"  id=\"row-930199940\">\n\n\t<div id=\"col-1092100173\" class=\"col small-12 large-12\"  >\n\t\t\t\t<div class=\"col-inner\"  >\n\t\t\t\n\t\t\t\n\n\t\t<div class=\"tabbed-content locacao-tabs\">\n\t\t\t\n\t\t\t<ul class=\"nav nav-tabs nav-normal nav-size-xlarge nav-left active-on-hover\" role=\"tablist\"><li id=\"tab-informaci\u00d3n\" class=\"tab active has-icon\" role=\"presentation\"><a href=\"#tab_informaci\u00d3n\" role=\"tab\" aria-selected=\"true\" aria-controls=\"tab_informaci\u00d3n\"><span>INFORMACI\u00d3N<\/span><\/a><\/li>\n<li id=\"tab-accesorios\" class=\"tab has-icon\" role=\"presentation\"><a href=\"#tab_accesorios\" tabindex=\"-1\" role=\"tab\" aria-selected=\"false\" aria-controls=\"tab_accesorios\"><span>ACCESORIOS<\/span><\/a><\/li>\n<li id=\"tab-descargas\" class=\"tab has-icon\" role=\"presentation\"><a href=\"#tab_descargas\" tabindex=\"-1\" role=\"tab\" aria-selected=\"false\" aria-controls=\"tab_descargas\"><span>DESCARGAS<\/span><\/a><\/li>\n<li id=\"tab-especificaciones\" class=\"tab has-icon\" role=\"presentation\"><a href=\"#tab_especificaciones\" tabindex=\"-1\" role=\"tab\" aria-selected=\"false\" aria-controls=\"tab_especificaciones\"><span>ESPECIFICACIONES<\/span><\/a><\/li><\/ul><div class=\"tab-panels\"><div id=\"tab_informaci\u00d3n\" class=\"panel active entry-content\" role=\"tabpanel\" aria-labelledby=\"tab-informaci\u00d3n\">\n<div class=\"row\"  id=\"row-1955189527\">\n\n\t<div id=\"col-529147540\" class=\"col medium-6 small-12 large-6\"  >\n\t\t\t\t<div class=\"col-inner\"  >\n\t\t\t\n\t\t\t\n<p>Rango de funcionamiento ampliado<br \/><strong>Alcance operativo ampliado <\/strong><b>ampliado<\/b><br \/>Con una sensibilidad de receptor mejorada, el MTM5500 ofrece una se\u00f1al mucho m\u00e1s completa.<\/p>\n<p><strong>Conectividad de datos de alta velocidad<\/strong><br \/>Hardware preparado para TEDS: con una simple actualizaci\u00f3n de la licencia de software, permite una conectividad de datos hasta 20 veces m\u00e1s r\u00e1pida. USB 2.0 integrado para una r\u00e1pida programaci\u00f3n de la radio.<\/p>\n<p><strong>Dise\u00f1o robusto con una fiabilidad excepcional<\/strong><br \/>Incluye la opci\u00f3n de cabezal de control IP67, para entornos expuestos y dif\u00edciles.<\/p>\n<p><strong>Rendimiento de audio superior<\/strong><br \/>La arquitectura de audio de nueva generaci\u00f3n ofrece el rendimiento de audio m\u00e1s alto y claro de cualquier radio TETRA de Motorola del mercado.<\/p>\n<p><strong>Bajos costes de migraci\u00f3n de usuarios<\/strong><br \/>Estilo de interfaz familiar como el de los tel\u00e9fonos m\u00f3viles, pantalla VGA en color para mejorar la usabilidad y reducir los costes de formaci\u00f3n.<\/p>\n<p><strong>Terminal de gesti\u00f3n avanzada<\/strong><br \/>Interfaz USB 2.0 para una programaci\u00f3n r\u00e1pida a trav\u00e9s del terminal de gesti\u00f3n Motorola integrado.<\/p>\n\t\t<\/div>\n\t\t\t\t\t<\/div>\n\n\t\n\n\t<div id=\"col-1196128693\" class=\"col medium-6 small-12 large-6\"  >\n\t\t\t\t<div class=\"col-inner text-left\"  >\n\t\t\t\n\t\t\t\n\t\t<\/div>\n\t\t\t\t\t<\/div>\n\n\t\n<\/div>\n<\/div>\n<div id=\"tab_accesorios\" class=\"panel entry-content\" role=\"tabpanel\" aria-labelledby=\"tab-accesorios\">\n<div class=\"row align-middle\"  id=\"row-1237029716\">\n\n\t<div id=\"col-761067717\" class=\"col medium-10 small-12 large-10\"  >\n\t\t\t\t<div class=\"col-inner\"  >\n\t\t\t\n\t\t\t\n<p>CONTENIDO<\/p>\n\t\t<\/div>\n\t\t\t\t\t<\/div>\n\n\t\n\n\t<div id=\"col-1219043050\" class=\"col medium-2 small-12 large-2\"  >\n\t\t\t\t<div class=\"col-inner\"  >\n\t\t\t\n\t\t\t\n\t\t<\/div>\n\t\t\t\t\t<\/div>\n\n\t\n<\/div>\n<\/div>\n<div id=\"tab_descargas\" class=\"panel entry-content\" role=\"tabpanel\" aria-labelledby=\"tab-descargas\">\n<div class=\"row\"  id=\"row-2123171273\">\n\n\t<div id=\"col-1593442943\" class=\"col medium-10 small-12 large-10\"  >\n\t\t\t\t<div class=\"col-inner\"  >\n\t\t\t\n\t\t\t\n<p><a href=\"https:\/\/www.abix.com.br\/wp-content\/uploads\/mot_tetra_mtm5000_brochure_pt.pdf\">MTM5500 ficha t\u00e9cnica<\/a><\/p>\n\t\t<\/div>\n\t\t\t\t\t<\/div>\n\n\t\n<\/div>\n<\/div>\n<div id=\"tab_especificaciones\" class=\"panel entry-content\" role=\"tabpanel\" aria-labelledby=\"tab-especificaciones\">\n<div class=\"row\"  id=\"row-1010429450\">\n\n\t<div id=\"col-1489898953\" class=\"col medium-9 small-12 large-9\"  >\n\t\t\t\t<div class=\"col-inner\"  >\n\t\t\t\n\t\t\t\n<h3>SERVICIOS DE DATOS<\/h3>\n<ul>\n<li><strong>Listo para TEDS<\/strong><\/li>\n<\/ul>\n<p>La actualizaci\u00f3n de la licencia de software permite una conectividad de datos 20 veces m\u00e1s r\u00e1pida.<\/p>\n<ul>\n<li><strong>Servicio de Datos Cortos (SDS)<\/strong><\/li>\n<\/ul>\n<p>Bandeja de entrada para 20 mensajes; direcci\u00f3n de destino individual o de grupo; enviar\/recibir durante las llamadas.<\/p>\n<ul>\n<li><strong>PIE<\/strong><\/li>\n<\/ul>\n<p>Comandos AT; TNP1; permite SDS y PD simult\u00e1neos<\/p>\n<ul>\n<li><strong>Datos del paquete (PD)<\/strong><\/li>\n<\/ul>\n<p>7,2 kbps &#8211; 28,8 kbps en bruto; ranura \u00fanica o m\u00faltiple<\/p>\n<ul>\n<li><strong>Mensajes de estado<\/strong><\/li>\n<\/ul>\n<p>100 mensajes de apodo<\/p>\n<\/p>\n<h3>SERVICIOS DE VOZ DE EMERGENCIA<\/h3>\n<ul>\n<li><strong>Alarma<\/strong><\/li>\n<\/ul>\n<p>Estado de emergencia<\/p>\n<ul>\n<li><strong>Direcci\u00f3n de destino de emergencia<\/strong><\/li>\n<\/ul>\n<p>Individual o en grupo<\/p>\n<ul>\n<li><strong>Ubicaci\u00f3n<\/strong><\/li>\n<\/ul>\n<p>Enviar en caso de emergencia<\/p>\n<ul>\n<li><strong>Micr\u00f3fono encendido<\/strong><\/li>\n<\/ul>\n<p>Temporizadores configurables<\/p>\n<ul>\n<li><strong>Emergencia inteligente<\/strong><\/li>\n<\/ul>\n<p>BMD \/ BMT \/ BMD para BMT<\/p>\n<\/p>\n<h3>CARACTER\u00cdSTICAS DE RENDIMIENTO<\/h3>\n<ul>\n<li><strong>Criptograf\u00eda<\/strong><\/li>\n<\/ul>\n<p>S\u00ed<\/p>\n<h3 id=\"sec_tabproductinfo_radio_features\" class=\"tab-section-title\">RECURSOS RADIOF\u00d3NICOS<\/h3>\n<ul>\n<li><strong>Sensibilidad din\u00e1mica del receptor<\/strong><\/li>\n<\/ul>\n<p>m\u00ednimo de -105 dBm;<br \/>com\u00fan de -107 dBm<\/p>\n<ul>\n<li><strong>Precisi\u00f3n del nivel de energ\u00eda de RF<\/strong><\/li>\n<\/ul>\n<p>+\/- 2 dB<\/p>\n<ul>\n<li><strong>Tipos de lectura<\/strong><\/li>\n<\/ul>\n<p>Conversaci\u00f3n en grupo<\/p>\n<ul>\n<li><strong>Clase de receptor<\/strong><\/li>\n<\/ul>\n<p>ALOJAMIENTO Y DESAYUNO<\/p>\n<ul>\n<li><strong>Sensibilidad est\u00e1tica del receptor<\/strong><\/li>\n<\/ul>\n<p>m\u00ednimo de -114 dBm;<br \/>com\u00fan de -116 dBm<\/p>\n<ul>\n<li><strong>Selecci\u00f3n de ancho de banda<\/strong><\/li>\n<\/ul>\n<p>80 MHz<\/p>\n<\/p>\n<h3>ESPECIFICACIONES GPS<\/h3>\n<ul>\n<li><strong>Tiempo hasta el primer ajuste (TTFF)<\/strong><\/li>\n<\/ul>\n<p>Aut\u00f3nomos &#8211; Caliente<\/p>\n<ul>\n<li><strong>Protocolos locales<\/strong><\/li>\n<\/ul>\n<p>ETSI LIP, Motorola LRRP<\/p>\n<ul>\n<li><strong>Precisi\u00f3n GPS<\/strong><\/li>\n<\/ul>\n<p>55 metros (50% probable)<\/p>\n<ul>\n<li><strong>Sensibilidad GPS<\/strong><\/li>\n<\/ul>\n<p>-159 dBm \/ -189 dBW<\/p>\n<ul>\n<li><strong>Antena GPS<\/strong><\/li>\n<\/ul>\n<p>Integrado en antena TETRA<\/p>\n<ul>\n<li><strong>Modo de funcionamiento<\/strong><\/li>\n<\/ul>\n<p>Aut\u00f3nomo o asistido (A-GPS)<\/p>\n<ul>\n<li><strong>Sat\u00e9lites simult\u00e1neos<\/strong><\/li>\n<\/ul>\n<p>12<\/p>\n<h3>CARACTER\u00cdSTICAS F\u00cdSICAS<\/h3>\n<ul>\n<li><strong>Bot\u00f3n de emergencia<\/strong><\/li>\n<\/ul>\n<p>S\u00ed<\/p>\n<ul>\n<li><strong>Ajustes<\/strong><\/li>\n<\/ul>\n<p>Ciclo del motor<\/p>\n<ul>\n<li><strong>Peso<\/strong><\/li>\n<\/ul>\n<p>1.330 g (Ethernet data box\/Transceiver), 310 g Ethernet remote CH(eCH), 707 g (Telephone-style control head, TSCH)<\/p>\n<ul>\n<li><strong>Dimensiones Al x An x Pr<\/strong><\/li>\n<\/ul>\n<p>47 x 165 x 170 mm (Transceptor remoto-Ethernet), 61 x 190 x 40 mm (eCH), 220 x 66 x 74 mm (TSCH)<\/p>\n<ul>\n<li><strong>Teclado<\/strong><\/li>\n<\/ul>\n<p>S\u00ed<\/p>\n<ul>\n<li><strong>Mostrar<\/strong><\/li>\n<\/ul>\n<p>(eCH) 2,8&#8243; VGA 640\u00d7480 TFT 65K colores<\/p>\n\t\t<\/div>\n\t\t\t\t\t<\/div>\n\n\t\n<\/div>\n<\/div><\/div><\/div>\n\t\t<\/div>\n\t\t\t\t\t<\/div>\n\n\t\n<\/div>\n\t\t<\/div>\n\t\t\t\t\t<\/div>\n\n\t\n<\/div>\n\t\t<\/div>\n\n\t\t\n<style>\n#section_941749497 {\n  padding-top: 0px;\n  padding-bottom: 0px;\n}\n<\/style>\n\t<\/section>\n\t\n","protected":false},"excerpt":{"rendered":"<p style=\"text-align: justify;\">El MTM5500 es un sistema de radio muy flexible y capaz que permite la instalaci\u00f3n de varios cabezales de control. Pueden colocarse a una distancia de hasta 40 metros de la unidad de radio, por lo que ser\u00eda posible instalarlos completamente a m\u00e1s de 80 metros en un tren o un barco. Adem\u00e1s, el nuevo cabezal de control tipo tel\u00e9fono ofrece un m\u00e9todo alternativo tanto para controlar la radio como para recibir y realizar llamadas de voz y datos.<\/p>\n<p style=\"text-align: justify;\">Con una potencia de transmisi\u00f3n de hasta 10 W y la combinaci\u00f3n de la mejor sensibilidad de receptor del sector con una capacidad de potencia de transmisi\u00f3n de 10 W, el MTM5500 ofrece un alcance operativo l\u00edder en el sector. Con sus flexibles opciones de despliegue y sus avanzadas funciones de voz y datos, el vers\u00e1til MTM5500 admite una amplia gama de aplicaciones, como salas de control fijas, veh\u00edculos, motocicletas e instalaciones personalizadas.<\/p>\n","protected":false},"featured_media":9391,"comment_status":"closed","ping_status":"closed","template":"","meta":[],"product_brand":[],"product_cat":[167,155,164,156,177,176],"product_tag":[],"class_list":{"0":"post-19670","1":"product","2":"type-product","3":"status-publish","4":"has-post-thumbnail","6":"product_cat-dimetra-es","7":"product_cat-linea-profesional","8":"product_cat-radio-tetra-es","9":"product_cat-radios-digitales","10":"product_cat-radios-fijas","11":"product_cat-radios-moviles","13":"first","14":"instock","15":"shipping-taxable","16":"product-type-simple"},"yoast_head":"<!-- This site is optimized with the Yoast SEO plugin v27.4 - https:\/\/yoast.com\/product\/yoast-seo-wordpress\/ -->\n<title>RADIO M\u00d3VIL TETRA - MTM5500 - Abix<\/title>\n<meta name=\"robots\" content=\"index, follow, max-snippet:-1, max-image-preview:large, max-video-preview:-1\" \/>\n<link rel=\"canonical\" href=\"https:\/\/abix.com.br\/produto\/mtm5500\/\" \/>\n<meta property=\"og:locale\" content=\"es_ES\" \/>\n<meta property=\"og:type\" content=\"article\" \/>\n<meta property=\"og:title\" content=\"RADIO M\u00d3VIL TETRA - MTM5500 - Abix\" \/>\n<meta property=\"og:description\" content=\"El MTM5500 es un sistema de radio muy flexible y capaz que permite la instalaci\u00f3n de varios cabezales de control. Pueden colocarse a una distancia de hasta 40 metros de la unidad de radio, por lo que ser\u00eda posible instalarlos completamente a m\u00e1s de 80 metros en un tren o un barco. Adem\u00e1s, el nuevo cabezal de control tipo tel\u00e9fono ofrece un m\u00e9todo alternativo tanto para controlar la radio como para recibir y realizar llamadas de voz y datos. Con una potencia de transmisi\u00f3n de hasta 10 W y la combinaci\u00f3n de la mejor sensibilidad de receptor del sector con una capacidad de potencia de transmisi\u00f3n de 10 W, el MTM5500 ofrece un alcance operativo l\u00edder en el sector. Con sus flexibles opciones de despliegue y sus avanzadas funciones de voz y datos, el vers\u00e1til MTM5500 admite una amplia gama de aplicaciones, como salas de control fijas, veh\u00edculos, motocicletas e instalaciones personalizadas.\" \/>\n<meta property=\"og:url\" content=\"https:\/\/abix.com.br\/produto\/mtm5500\/\" \/>\n<meta property=\"og:site_name\" content=\"Abix\" \/>\n<meta property=\"article:modified_time\" content=\"2023-10-20T11:33:12+00:00\" \/>\n<meta property=\"og:image\" content=\"https:\/\/abix.com.br\/wp-content\/uploads\/2020\/05\/motorola-mtm5400-tetra.jpg\" \/>\n\t<meta property=\"og:image:width\" content=\"1600\" \/>\n\t<meta property=\"og:image:height\" content=\"1200\" \/>\n\t<meta property=\"og:image:type\" content=\"image\/jpeg\" \/>\n<meta name=\"twitter:card\" content=\"summary_large_image\" \/>\n<meta name=\"twitter:label1\" content=\"Tiempo de lectura\" \/>\n\t<meta name=\"twitter:data1\" content=\"3 minutos\" \/>\n<script type=\"application\/ld+json\" class=\"yoast-schema-graph\">{\"@context\":\"https:\\\/\\\/schema.org\",\"@graph\":[{\"@type\":\"WebPage\",\"@id\":\"https:\\\/\\\/abix.com.br\\\/produto\\\/mtm5500\\\/\",\"url\":\"https:\\\/\\\/abix.com.br\\\/produto\\\/mtm5500\\\/\",\"name\":\"RADIO M\u00d3VIL TETRA - MTM5500 - Abix\",\"isPartOf\":{\"@id\":\"https:\\\/\\\/abix.com.br\\\/#website\"},\"primaryImageOfPage\":{\"@id\":\"https:\\\/\\\/abix.com.br\\\/produto\\\/mtm5500\\\/#primaryimage\"},\"image\":{\"@id\":\"https:\\\/\\\/abix.com.br\\\/produto\\\/mtm5500\\\/#primaryimage\"},\"thumbnailUrl\":\"https:\\\/\\\/abix.com.br\\\/wp-content\\\/uploads\\\/2020\\\/05\\\/motorola-mtm5400-tetra.jpg\",\"datePublished\":\"2020-05-06T18:03:21+00:00\",\"dateModified\":\"2023-10-20T11:33:12+00:00\",\"breadcrumb\":{\"@id\":\"https:\\\/\\\/abix.com.br\\\/produto\\\/mtm5500\\\/#breadcrumb\"},\"inLanguage\":\"es\",\"potentialAction\":[{\"@type\":\"ReadAction\",\"target\":[\"https:\\\/\\\/abix.com.br\\\/produto\\\/mtm5500\\\/\"]}]},{\"@type\":\"ImageObject\",\"inLanguage\":\"es\",\"@id\":\"https:\\\/\\\/abix.com.br\\\/produto\\\/mtm5500\\\/#primaryimage\",\"url\":\"https:\\\/\\\/abix.com.br\\\/wp-content\\\/uploads\\\/2020\\\/05\\\/motorola-mtm5400-tetra.jpg\",\"contentUrl\":\"https:\\\/\\\/abix.com.br\\\/wp-content\\\/uploads\\\/2020\\\/05\\\/motorola-mtm5400-tetra.jpg\",\"width\":1600,\"height\":1200,\"caption\":\"R\u00c1DIO M\u00d3VEL TETRA MTM5400\"},{\"@type\":\"BreadcrumbList\",\"@id\":\"https:\\\/\\\/abix.com.br\\\/produto\\\/mtm5500\\\/#breadcrumb\",\"itemListElement\":[{\"@type\":\"ListItem\",\"position\":1,\"name\":\"In\u00edcio\",\"item\":\"https:\\\/\\\/abix.com.br\\\/es\\\/\"},{\"@type\":\"ListItem\",\"position\":2,\"name\":\"Tienda\",\"item\":\"https:\\\/\\\/abix.com.br\\\/loja\\\/\"},{\"@type\":\"ListItem\",\"position\":3,\"name\":\"RADIO M\u00d3VIL TETRA &#8211; MTM5500\"}]},{\"@type\":\"WebSite\",\"@id\":\"https:\\\/\\\/abix.com.br\\\/#website\",\"url\":\"https:\\\/\\\/abix.com.br\\\/\",\"name\":\"Abix\",\"description\":\"\",\"potentialAction\":[{\"@type\":\"SearchAction\",\"target\":{\"@type\":\"EntryPoint\",\"urlTemplate\":\"https:\\\/\\\/abix.com.br\\\/?s={search_term_string}\"},\"query-input\":{\"@type\":\"PropertyValueSpecification\",\"valueRequired\":true,\"valueName\":\"search_term_string\"}}],\"inLanguage\":\"es\"}]}<\/script>\n<!-- \/ Yoast SEO plugin. -->","yoast_head_json":{"title":"RADIO M\u00d3VIL TETRA - MTM5500 - Abix","robots":{"index":"index","follow":"follow","max-snippet":"max-snippet:-1","max-image-preview":"max-image-preview:large","max-video-preview":"max-video-preview:-1"},"canonical":"https:\/\/abix.com.br\/produto\/mtm5500\/","og_locale":"es_ES","og_type":"article","og_title":"RADIO M\u00d3VIL TETRA - MTM5500 - Abix","og_description":"El MTM5500 es un sistema de radio muy flexible y capaz que permite la instalaci\u00f3n de varios cabezales de control. Pueden colocarse a una distancia de hasta 40 metros de la unidad de radio, por lo que ser\u00eda posible instalarlos completamente a m\u00e1s de 80 metros en un tren o un barco. Adem\u00e1s, el nuevo cabezal de control tipo tel\u00e9fono ofrece un m\u00e9todo alternativo tanto para controlar la radio como para recibir y realizar llamadas de voz y datos. Con una potencia de transmisi\u00f3n de hasta 10 W y la combinaci\u00f3n de la mejor sensibilidad de receptor del sector con una capacidad de potencia de transmisi\u00f3n de 10 W, el MTM5500 ofrece un alcance operativo l\u00edder en el sector. Con sus flexibles opciones de despliegue y sus avanzadas funciones de voz y datos, el vers\u00e1til MTM5500 admite una amplia gama de aplicaciones, como salas de control fijas, veh\u00edculos, motocicletas e instalaciones personalizadas.","og_url":"https:\/\/abix.com.br\/produto\/mtm5500\/","og_site_name":"Abix","article_modified_time":"2023-10-20T11:33:12+00:00","og_image":[{"width":1600,"height":1200,"url":"https:\/\/abix.com.br\/wp-content\/uploads\/2020\/05\/motorola-mtm5400-tetra.jpg","type":"image\/jpeg"}],"twitter_card":"summary_large_image","twitter_misc":{"Tiempo de lectura":"3 minutos"},"schema":{"@context":"https:\/\/schema.org","@graph":[{"@type":"WebPage","@id":"https:\/\/abix.com.br\/produto\/mtm5500\/","url":"https:\/\/abix.com.br\/produto\/mtm5500\/","name":"RADIO M\u00d3VIL TETRA - MTM5500 - Abix","isPartOf":{"@id":"https:\/\/abix.com.br\/#website"},"primaryImageOfPage":{"@id":"https:\/\/abix.com.br\/produto\/mtm5500\/#primaryimage"},"image":{"@id":"https:\/\/abix.com.br\/produto\/mtm5500\/#primaryimage"},"thumbnailUrl":"https:\/\/abix.com.br\/wp-content\/uploads\/2020\/05\/motorola-mtm5400-tetra.jpg","datePublished":"2020-05-06T18:03:21+00:00","dateModified":"2023-10-20T11:33:12+00:00","breadcrumb":{"@id":"https:\/\/abix.com.br\/produto\/mtm5500\/#breadcrumb"},"inLanguage":"es","potentialAction":[{"@type":"ReadAction","target":["https:\/\/abix.com.br\/produto\/mtm5500\/"]}]},{"@type":"ImageObject","inLanguage":"es","@id":"https:\/\/abix.com.br\/produto\/mtm5500\/#primaryimage","url":"https:\/\/abix.com.br\/wp-content\/uploads\/2020\/05\/motorola-mtm5400-tetra.jpg","contentUrl":"https:\/\/abix.com.br\/wp-content\/uploads\/2020\/05\/motorola-mtm5400-tetra.jpg","width":1600,"height":1200,"caption":"R\u00c1DIO M\u00d3VEL TETRA MTM5400"},{"@type":"BreadcrumbList","@id":"https:\/\/abix.com.br\/produto\/mtm5500\/#breadcrumb","itemListElement":[{"@type":"ListItem","position":1,"name":"In\u00edcio","item":"https:\/\/abix.com.br\/es\/"},{"@type":"ListItem","position":2,"name":"Tienda","item":"https:\/\/abix.com.br\/loja\/"},{"@type":"ListItem","position":3,"name":"RADIO M\u00d3VIL TETRA &#8211; MTM5500"}]},{"@type":"WebSite","@id":"https:\/\/abix.com.br\/#website","url":"https:\/\/abix.com.br\/","name":"Abix","description":"","potentialAction":[{"@type":"SearchAction","target":{"@type":"EntryPoint","urlTemplate":"https:\/\/abix.com.br\/?s={search_term_string}"},"query-input":{"@type":"PropertyValueSpecification","valueRequired":true,"valueName":"search_term_string"}}],"inLanguage":"es"}]}},"_links":{"self":[{"href":"https:\/\/abix.com.br\/es\/wp-json\/wp\/v2\/product\/19670","targetHints":{"allow":["GET"]}}],"collection":[{"href":"https:\/\/abix.com.br\/es\/wp-json\/wp\/v2\/product"}],"about":[{"href":"https:\/\/abix.com.br\/es\/wp-json\/wp\/v2\/types\/product"}],"replies":[{"embeddable":true,"href":"https:\/\/abix.com.br\/es\/wp-json\/wp\/v2\/comments?post=19670"}],"wp:featuredmedia":[{"embeddable":true,"href":"https:\/\/abix.com.br\/es\/wp-json\/wp\/v2\/media\/9391"}],"wp:attachment":[{"href":"https:\/\/abix.com.br\/es\/wp-json\/wp\/v2\/media?parent=19670"}],"wp:term":[{"taxonomy":"product_brand","embeddable":true,"href":"https:\/\/abix.com.br\/es\/wp-json\/wp\/v2\/product_brand?post=19670"},{"taxonomy":"product_cat","embeddable":true,"href":"https:\/\/abix.com.br\/es\/wp-json\/wp\/v2\/product_cat?post=19670"},{"taxonomy":"product_tag","embeddable":true,"href":"https:\/\/abix.com.br\/es\/wp-json\/wp\/v2\/product_tag?post=19670"}],"curies":[{"name":"wp","href":"https:\/\/api.w.org\/{rel}","templated":true}]}}