{"id":19671,"date":"2020-05-04T15:25:12","date_gmt":"2020-05-04T18:25:12","guid":{"rendered":"https:\/\/abix.com.br\/produto\/radio-portatil-tetra-mtp3550\/"},"modified":"2023-10-20T08:34:12","modified_gmt":"2023-10-20T11:34:12","slug":"radio-portatil-tetra-mtp3550","status":"publish","type":"product","link":"https:\/\/abix.com.br\/es\/produto\/radio-portatil-tetra-mtp3550\/","title":{"rendered":"RADIO PORT\u00c1TIL TETRA &#8211; MTP3550"},"content":{"rendered":"\n\t<section class=\"section\" id=\"section_580861843\">\n\t\t<div class=\"section-bg fill\" >\n\t\t\t\t\t\t\t\t\t\n\t\t\t\n\n\t\t<\/div>\n\n\t\t\n\n\t\t<div class=\"section-content relative\">\n\t\t\t\n<div class=\"row\"  id=\"row-1791341718\">\n\n\t<div id=\"col-318657970\" class=\"col small-12 large-12\"  >\n\t\t\t\t<div class=\"col-inner\"  >\n\t\t\t\n\t\t\t\n<div class=\"row\"  id=\"row-48660577\">\n\n\t<div id=\"col-378429599\" class=\"col small-12 large-12\"  >\n\t\t\t\t<div class=\"col-inner\"  >\n\t\t\t\n\t\t\t\n\n\t\t<div class=\"tabbed-content locacao-tabs\">\n\t\t\t\n\t\t\t<ul class=\"nav nav-tabs nav-normal nav-size-xlarge nav-left active-on-hover\" role=\"tablist\"><li id=\"tab-informaci\u00d3n\" class=\"tab active has-icon\" role=\"presentation\"><a href=\"#tab_informaci\u00d3n\" role=\"tab\" aria-selected=\"true\" aria-controls=\"tab_informaci\u00d3n\"><span>INFORMACI\u00d3N<\/span><\/a><\/li>\n<li id=\"tab-accesorios\" class=\"tab has-icon\" role=\"presentation\"><a href=\"#tab_accesorios\" tabindex=\"-1\" role=\"tab\" aria-selected=\"false\" aria-controls=\"tab_accesorios\"><span>ACCESORIOS<\/span><\/a><\/li>\n<li id=\"tab-descargas\" class=\"tab has-icon\" role=\"presentation\"><a href=\"#tab_descargas\" tabindex=\"-1\" role=\"tab\" aria-selected=\"false\" aria-controls=\"tab_descargas\"><span>DESCARGAS<\/span><\/a><\/li>\n<li id=\"tab-especificaciones\" class=\"tab has-icon\" role=\"presentation\"><a href=\"#tab_especificaciones\" tabindex=\"-1\" role=\"tab\" aria-selected=\"false\" aria-controls=\"tab_especificaciones\"><span>ESPECIFICACIONES<\/span><\/a><\/li><\/ul><div class=\"tab-panels\"><div id=\"tab_informaci\u00d3n\" class=\"panel active entry-content\" role=\"tabpanel\" aria-labelledby=\"tab-informaci\u00d3n\">\n<div class=\"row\"  id=\"row-1521212907\">\n\n\t<div id=\"col-1630244116\" class=\"col medium-6 small-12 large-6\"  >\n\t\t\t\t<div class=\"col-inner\"  >\n\t\t\t\n\t\t\t\n<div class=\"ms-column ie-6 medium-6\">\n<div class=\"richtexteditor parbase\">\n<p><b>Alto rendimiento, fabricado para durar<\/b><\/p>\n<p>&#8211; Resistente y desarrollado para una fiabilidad \u00f3ptima en condiciones adversas<br \/>&#8211; Calidad de audio superior para los entornos m\u00e1s exigentes<br \/>&#8211; Amplia gama de accesorios para ofrecer una soluci\u00f3n personalizada<br \/>&#8211; Interfaz de usuario optimizada<br \/>&#8211; Instalaci\u00f3n de programaci\u00f3n remota para una gesti\u00f3n econ\u00f3mica de los terminales de radio<br \/>&#8211; Pantalla en color de alta resoluci\u00f3n<br \/>&#8211; Desarrollado para superar los retos de incendios y disturbios y entornos sucios y polvorientos.<br \/>&#8211; IP65 e IP67<\/p>\n<p><b>Compartir informaci\u00f3n<br \/>Al instante con datos Bluetooth<\/b><\/p>\n<p>Con\u00e9ctate a dispositivos de datos mediante Bluetooth sin necesidad de cables, lo que facilita el intercambio de informaci\u00f3n en tiempo real.<\/p>\n<p><b>Interfaz de usuario sencilla pero avanzada<\/b><\/p>\n<p>Para minimizar los costes de formaci\u00f3n del personal, el MTP3500 aprovecha una interfaz de usuario familiar, similar a la de un tel\u00e9fono m\u00f3vil. La pantalla admite 26.200 colores vivos y fuentes de gran tama\u00f1o. Cuenta con un men\u00fa personalizable y un teclado num\u00e9rico completo, que juntos hacen que la interacci\u00f3n con el dispositivo sea r\u00e1pida e intuitiva.<\/p>\n<\/div>\n<\/div>\n<div class=\"ms-column ie-6 medium-6\">\n<div class=\"richtexteditor parbase\">\n<p><b>Comunicaciones unificadas, seguridad integrada<\/b><\/p>\n<ul>\n<li>Modos de funcionamiento Junction y convencional<\/li>\n<li>Interconexi\u00f3n full d\u00faplex con PABX y PSTN<\/li>\n<li>Recursos de seguridad del equipo y llamadas de emergencia<\/li>\n<li>GNSS integrado opcional para el seguimiento de equipos<\/li>\n<\/ul>\n<p><b>Aplicaciones de datos que mejoran la productividad<\/b><b><\/b><\/p>\n<p>Cuenta con el mayor programa de desarrolladores de aplicaciones del sector, que ofrece aplicaciones de datos personalizadas para las necesidades de su empresa: seguimiento de ubicaciones, gesti\u00f3n de tickets de \u00f3rdenes de trabajo, distribuci\u00f3n y telefon\u00eda.<\/p>\n<p><b>TETRA funciona en los entornos m\u00e1s complejos y exigentes<\/b><br \/>Las radios de la familia MTP3000 est\u00e1n equipadas con las funciones que se han convertido en esenciales para unas operaciones seguras y eficientes, as\u00ed como con mejoras significativas en \u00e1reas como el audio y la robustez. La interfaz de usuario est\u00e1 optimizada para quienes hacen la transici\u00f3n desde las radios anal\u00f3gicas y contiene dos controles para el grupo y el volumen.<\/p>\n<\/div>\n<\/div>\n\t\t<\/div>\n\t\t\t\t\t<\/div>\n\n\t\n\n\t<div id=\"col-1336992404\" class=\"col medium-6 small-12 large-6\"  >\n\t\t\t\t<div class=\"col-inner text-left\"  >\n\t\t\t\n\t\t\t\n<h3 id=\"sec_tabproductinfo_physical_characteristics\" class=\"tab-section-title\">Caracter\u00edsticas f\u00edsicas<\/h3>\n<ul>\n<li><strong>Peso (con bater\u00eda est\u00e1ndar)<\/strong><\/li>\n<\/ul>\n<p>280 g (radio con bater\u00eda de 1650 mAH y antena)<\/p>\n<ul>\n<li><strong>Dimensiones Al x An x Pr (con bater\u00eda est\u00e1ndar)<\/strong><\/li>\n<\/ul>\n<p>124 x 53 x 33,5 mm<\/p>\n\t\t<\/div>\n\t\t\t\t\t<\/div>\n\n\t\n<\/div>\n<\/div>\n<div id=\"tab_accesorios\" class=\"panel entry-content\" role=\"tabpanel\" aria-labelledby=\"tab-accesorios\">\n<div class=\"row align-middle\"  id=\"row-1039033156\">\n\n\t<div id=\"col-1183171956\" class=\"col medium-10 small-12 large-10\"  >\n\t\t\t\t<div class=\"col-inner\"  >\n\t\t\t\n\t\t\t\n<p>CONTENIDO<\/p>\n\t\t<\/div>\n\t\t\t\t\t<\/div>\n\n\t\n\n\t<div id=\"col-1733338723\" class=\"col medium-2 small-12 large-2\"  >\n\t\t\t\t<div class=\"col-inner\"  >\n\t\t\t\n\t\t\t\n\t\t<\/div>\n\t\t\t\t\t<\/div>\n\n\t\n<\/div>\n<\/div>\n<div id=\"tab_descargas\" class=\"panel entry-content\" role=\"tabpanel\" aria-labelledby=\"tab-descargas\">\n<div class=\"row\"  id=\"row-1855350614\">\n\n\t<div id=\"col-1742232250\" class=\"col medium-10 small-12 large-10\"  >\n\t\t\t\t<div class=\"col-inner\"  >\n\t\t\t\n\t\t\t\n<p><a href=\"https:\/\/www.abix.com.br\/wp-content\/uploads\/mot_mtp3000_series_datasheet_pt_br.pdf\">Hoja de datos de la serie MTP3000<\/a><\/p>\n\t\t<\/div>\n\t\t\t\t\t<\/div>\n\n\t\n<\/div>\n<\/div>\n<div id=\"tab_especificaciones\" class=\"panel entry-content\" role=\"tabpanel\" aria-labelledby=\"tab-especificaciones\">\n<div class=\"row\"  id=\"row-1237834658\">\n\n\t<div id=\"col-692534184\" class=\"col medium-9 small-12 large-9\"  >\n\t\t\t\t<div class=\"col-inner\"  >\n\t\t\t\n\t\t\t\n<h3 id=\"sec_tabproductinfo_performance_characteristics\" class=\"tab-section-title\">Caracter\u00edsticas de rendimiento<\/h3>\n<ul>\n<li><strong>Bandas de frecuencia<\/strong><\/li>\n<\/ul>\n<p>350-470 MHz, 800 MHz<\/p>\n<ul>\n<li><strong>Control de potencia de RF<\/strong><\/li>\n<\/ul>\n<p>3 pasos de 5 dB<\/p>\n<ul>\n<li><strong>Potencia de salida<\/strong><\/li>\n<\/ul>\n<p>3L (1,8W) y Clase 4 (1W)<\/p>\n<ul>\n<li><strong>Separaci\u00f3n entre canales<\/strong><\/li>\n<\/ul>\n<p>25<\/p>\n<ul>\n<li><strong>Duraci\u00f3n de la bater\u00eda &#8211; est\u00e1ndar (basada en un ciclo 05 05 90)<\/strong><\/li>\n<\/ul>\n<p>16 horas<\/p>\n<ul>\n<li><strong>Duraci\u00f3n de la bater\u00eda &#8211; est\u00e1ndar (basada en un ciclo de 5 35 60)<\/strong><\/li>\n<\/ul>\n<p>12 horas<\/p>\n<ul>\n<li><strong>Capacidad de la bater\u00eda<\/strong><\/li>\n<\/ul>\n<p>12 Horas &#8211; 1650mAh (Est\u00e1ndar) 16 Horas &#8211; 2150mAh (Alta Capacidad)<\/p>\n<h3 id=\"sec_tabproductinfo_radio_features\" class=\"tab-section-title\">Funciones de radio<\/h3>\n<ul>\n<li><strong>Sensibilidad din\u00e1mica del receptor<\/strong><\/li>\n<\/ul>\n<p>m\u00ednimo de -105 dBm;<br \/>com\u00fan de -107 dBm<\/p>\n<ul>\n<li><strong>Precisi\u00f3n del nivel de energ\u00eda de RF<\/strong><\/li>\n<\/ul>\n<p>+\/- 2 dB<\/p>\n<ul>\n<li><strong>Tipos de lectura<\/strong><\/li>\n<\/ul>\n<p>Conversaci\u00f3n en grupo<\/p>\n<ul>\n<li><strong>Clase de receptor<\/strong><\/li>\n<\/ul>\n<p>ALOJAMIENTO Y DESAYUNO<\/p>\n<ul>\n<li><strong>Sensibilidad est\u00e1tica del receptor<\/strong><\/li>\n<\/ul>\n<p>m\u00ednimo de -114 dBm;<br \/>com\u00fan de -116 dBm<\/p>\n<\/p>\n<ul>\n<li><strong>Selecci\u00f3n de ancho de banda<\/strong><\/li>\n<\/ul>\n<p>80 MHz<\/p>\n<h3 id=\"sec_tabproductinfo_physical_characteristics\" class=\"tab-section-title\">Caracter\u00edsticas f\u00edsicas<\/h3>\n<ul>\n<li><strong>Peso (con bater\u00eda est\u00e1ndar)<\/strong><\/li>\n<\/ul>\n<p>280 g (radio con bater\u00eda de 1650 mAH y antena)<\/p>\n<ul>\n<li><strong>Dimensiones Al x An x Pr (con bater\u00eda est\u00e1ndar)<\/strong><\/li>\n<\/ul>\n<p>124 x 53 x 33,5 mm<\/p>\n<\/p>\n<h3 id=\"sec_tabproductinfo_user_environment\" class=\"tab-section-title\">Entorno del usuario<\/h3>\n<ul>\n<li><strong>Grado de protecci\u00f3n<\/strong><\/li>\n<\/ul>\n<p>IP65, IP67, IP66<\/p>\n<ul>\n<li><strong>Impactos, ca\u00eddas y vibraciones<\/strong><\/li>\n<\/ul>\n<p>ETS 300-019 1-7 clase 5M3<\/p>\n<ul>\n<li><strong>Polvo y agua<\/strong><\/li>\n<\/ul>\n<p>IP65, IP66 e IP67 seg\u00fan IEC 60529<\/p>\n<ul>\n<li><strong>Humedad<\/strong><\/li>\n<\/ul>\n<p>ETS 300-019 1-7 clase 5M3<\/p>\n<ul>\n<li><strong>Temperatura de almacenamiento<\/strong><\/li>\n<\/ul>\n<p>-40\u00b0C a +85\u00b0C<\/p>\n<ul>\n<li><strong>Temperatura de funcionamiento<\/strong><\/li>\n<\/ul>\n<p>-30\u00b0C a +60\u00b0C<\/p>\n<h3 id=\"sec_tabproductinfo_voice_services\" class=\"tab-section-title\">SERVICIOS DE VOZ<\/h3>\n<ul>\n<li><strong>Inhibici\u00f3n de la transmisi\u00f3n<\/strong><\/li>\n<\/ul>\n<p>S\u00ed<\/p>\n<ul>\n<li><strong>Escucha de ambientes<\/strong><\/li>\n<\/ul>\n<p>S\u00ed<\/p>\n<ul>\n<li><strong>Listas de lectura<\/strong><\/li>\n<\/ul>\n<p>40 listas, 20 grupos de conversi\u00f3n \/ lista<\/p>\n<ul>\n<li><strong>Agenda<\/strong><\/li>\n<\/ul>\n<p>1000 entradas<\/p>\n<ul>\n<li><strong>Grupos de chat<\/strong><\/li>\n<\/ul>\n<p>2048 (TMO) y 1024 (DMO)<\/p>\n<h3> <\/h3>\n<h3 id=\"sec_tabproductinfo_data_services\" class=\"tab-section-title\">SERVICIOS DE DATOS<\/h3>\n<ul>\n<li><strong>Mensajes de estado<\/strong><\/li>\n<\/ul>\n<p>400 mensajes alias<\/p>\n<ul>\n<li><strong>PIE<\/strong><\/li>\n<\/ul>\n<p>Comandos AT<\/p>\n<ul>\n<li><strong>Servicio de Datos Cortos (SDS)<\/strong><\/li>\n<\/ul>\n<p>Entrada: 1000 mensajes como m\u00ednimo<br \/>Salida: 1000 mensajes como m\u00ednimo<br \/>Borradores: m\u00ednimo de 250 mensajes<\/p>\n\t\t<\/div>\n\t\t\t\t\t<\/div>\n\n\t\n<\/div>\n<\/div><\/div><\/div>\n\t\t<\/div>\n\t\t\t\t\t<\/div>\n\n\t\n<\/div>\n\t\t<\/div>\n\t\t\t\t\t<\/div>\n\n\t\n<\/div>\n\t\t<\/div>\n\n\t\t\n<style>\n#section_580861843 {\n  padding-top: 0px;\n  padding-bottom: 0px;\n}\n<\/style>\n\t<\/section>\n\t\n","protected":false},"excerpt":{"rendered":"<p style=\"text-align: justify;\">La radio port\u00e1til TETRA MTP3500 con pantalla en color y teclado sencillo ofrece el alto rendimiento y la fiabilidad necesarios para aumentar la productividad de los trabajadores y garantizar la seguridad de los usuarios.<\/p>\n<p style=\"text-align: justify;\">El MTP3500 incorpora funciones clave para los usuarios de seguridad p\u00fablica, como encriptaci\u00f3n completa, sensor de hombre ca\u00eddo y alerta por vibraci\u00f3n. El Bluetooth seguro integrado permite la conectividad con accesorios y dispositivos de colaboraci\u00f3n.<\/p>\n<p style=\"text-align: justify;\">Esta radio TETRA est\u00e1 optimizada para ofrecer un excelente rendimiento de audio y durabilidad para su uso en todo tipo de situaciones ruidosas y exigentes. Incorpora una opci\u00f3n de salida de potencia de clase 3L (1,8 W), que aumenta el alcance y el rendimiento en edificios. Junto con su alta sensibilidad de recepci\u00f3n, el MTP3500 puede mantener las comunicaciones en las situaciones m\u00e1s exigentes.<\/p>\n<p style=\"text-align: justify;\"><b>Construido para durar<\/b><br \/>\nLa radio MP3500 se ha desarrollado con los m\u00e1s altos niveles de calidad y supera las 11 categor\u00edas de la norma [download id=\u00bb11936&#8243;]MIL-810. Adem\u00e1s, la radio port\u00e1til TETRA MTP3500 ha superado la Prueba de Vida Acelerada, que simula m\u00e1s de 5 a\u00f1os de uso. Esta prueba garantiza que la radio resistir\u00e1 condiciones dif\u00edciles y ofrecer\u00e1 durabilidad para ayudar a reducir los costes de asistencia.<\/p>\n","protected":false},"featured_media":9355,"comment_status":"closed","ping_status":"closed","template":"","meta":[],"product_brand":[],"product_cat":[167,155,164,156,158],"product_tag":[],"class_list":{"0":"post-19671","1":"product","2":"type-product","3":"status-publish","4":"has-post-thumbnail","6":"product_cat-dimetra-es","7":"product_cat-linea-profesional","8":"product_cat-radio-tetra-es","9":"product_cat-radios-digitales","10":"product_cat-radios-portatiles","12":"first","13":"instock","14":"shipping-taxable","15":"product-type-simple"},"yoast_head":"<!-- This site is optimized with the Yoast SEO plugin v27.3 - https:\/\/yoast.com\/product\/yoast-seo-wordpress\/ -->\n<title>RADIO PORT\u00c1TIL TETRA - MTP3550 - Abix<\/title>\n<meta name=\"robots\" content=\"index, follow, max-snippet:-1, max-image-preview:large, max-video-preview:-1\" \/>\n<link rel=\"canonical\" href=\"https:\/\/abix.com.br\/produto\/mtp3550\/\" \/>\n<meta property=\"og:locale\" content=\"es_ES\" \/>\n<meta property=\"og:type\" content=\"article\" \/>\n<meta property=\"og:title\" content=\"RADIO PORT\u00c1TIL TETRA - MTP3550 - Abix\" \/>\n<meta property=\"og:description\" content=\"La radio port\u00e1til TETRA MTP3500 con pantalla en color y teclado sencillo ofrece el alto rendimiento y la fiabilidad necesarios para aumentar la productividad de los trabajadores y garantizar la seguridad de los usuarios. El MTP3500 incorpora funciones clave para los usuarios de seguridad p\u00fablica, como encriptaci\u00f3n completa, sensor de hombre ca\u00eddo y alerta por vibraci\u00f3n. El Bluetooth seguro integrado permite la conectividad con accesorios y dispositivos de colaboraci\u00f3n. Esta radio TETRA est\u00e1 optimizada para ofrecer un excelente rendimiento de audio y durabilidad para su uso en todo tipo de situaciones ruidosas y exigentes. Incorpora una opci\u00f3n de salida de potencia de clase 3L (1,8 W), que aumenta el alcance y el rendimiento en edificios. Junto con su alta sensibilidad de recepci\u00f3n, el MTP3500 puede mantener las comunicaciones en las situaciones m\u00e1s exigentes. Construido para durar La radio MP3500 se ha desarrollado con los m\u00e1s altos niveles de calidad y supera las 11 categor\u00edas de la norma [download id=&quot;11936&quot;]MIL-810. Adem\u00e1s, la radio port\u00e1til TETRA MTP3500 ha superado la Prueba de Vida Acelerada, que simula m\u00e1s de 5 a\u00f1os de uso. Esta prueba garantiza que la radio resistir\u00e1 condiciones dif\u00edciles y ofrecer\u00e1 durabilidad para ayudar a reducir los costes de asistencia.\" \/>\n<meta property=\"og:url\" content=\"https:\/\/abix.com.br\/produto\/mtp3550\/\" \/>\n<meta property=\"og:site_name\" content=\"Abix\" \/>\n<meta property=\"article:modified_time\" content=\"2023-10-20T11:34:12+00:00\" \/>\n<meta property=\"og:image\" content=\"https:\/\/abix.com.br\/wp-content\/uploads\/2020\/05\/product-mtp3550-front-w-screen.jpg\" \/>\n\t<meta property=\"og:image:width\" content=\"600\" \/>\n\t<meta property=\"og:image:height\" content=\"600\" \/>\n\t<meta property=\"og:image:type\" content=\"image\/jpeg\" \/>\n<meta name=\"twitter:card\" content=\"summary_large_image\" \/>\n<meta name=\"twitter:label1\" content=\"Tiempo de lectura\" \/>\n\t<meta name=\"twitter:data1\" content=\"4 minutos\" \/>\n<script type=\"application\/ld+json\" class=\"yoast-schema-graph\">{\"@context\":\"https:\\\/\\\/schema.org\",\"@graph\":[{\"@type\":\"WebPage\",\"@id\":\"https:\\\/\\\/abix.com.br\\\/produto\\\/mtp3550\\\/\",\"url\":\"https:\\\/\\\/abix.com.br\\\/produto\\\/mtp3550\\\/\",\"name\":\"RADIO PORT\u00c1TIL TETRA - MTP3550 - Abix\",\"isPartOf\":{\"@id\":\"https:\\\/\\\/abix.com.br\\\/#website\"},\"primaryImageOfPage\":{\"@id\":\"https:\\\/\\\/abix.com.br\\\/produto\\\/mtp3550\\\/#primaryimage\"},\"image\":{\"@id\":\"https:\\\/\\\/abix.com.br\\\/produto\\\/mtp3550\\\/#primaryimage\"},\"thumbnailUrl\":\"https:\\\/\\\/abix.com.br\\\/wp-content\\\/uploads\\\/2020\\\/05\\\/product-mtp3550-front-w-screen.jpg\",\"datePublished\":\"2020-05-04T18:25:12+00:00\",\"dateModified\":\"2023-10-20T11:34:12+00:00\",\"breadcrumb\":{\"@id\":\"https:\\\/\\\/abix.com.br\\\/produto\\\/mtp3550\\\/#breadcrumb\"},\"inLanguage\":\"es\",\"potentialAction\":[{\"@type\":\"ReadAction\",\"target\":[\"https:\\\/\\\/abix.com.br\\\/produto\\\/mtp3550\\\/\"]}]},{\"@type\":\"ImageObject\",\"inLanguage\":\"es\",\"@id\":\"https:\\\/\\\/abix.com.br\\\/produto\\\/mtp3550\\\/#primaryimage\",\"url\":\"https:\\\/\\\/abix.com.br\\\/wp-content\\\/uploads\\\/2020\\\/05\\\/product-mtp3550-front-w-screen.jpg\",\"contentUrl\":\"https:\\\/\\\/abix.com.br\\\/wp-content\\\/uploads\\\/2020\\\/05\\\/product-mtp3550-front-w-screen.jpg\",\"width\":600,\"height\":600},{\"@type\":\"BreadcrumbList\",\"@id\":\"https:\\\/\\\/abix.com.br\\\/produto\\\/mtp3550\\\/#breadcrumb\",\"itemListElement\":[{\"@type\":\"ListItem\",\"position\":1,\"name\":\"In\u00edcio\",\"item\":\"https:\\\/\\\/abix.com.br\\\/es\\\/\"},{\"@type\":\"ListItem\",\"position\":2,\"name\":\"Tienda\",\"item\":\"https:\\\/\\\/abix.com.br\\\/loja\\\/\"},{\"@type\":\"ListItem\",\"position\":3,\"name\":\"RADIO PORT\u00c1TIL TETRA &#8211; MTP3550\"}]},{\"@type\":\"WebSite\",\"@id\":\"https:\\\/\\\/abix.com.br\\\/#website\",\"url\":\"https:\\\/\\\/abix.com.br\\\/\",\"name\":\"Abix\",\"description\":\"\",\"potentialAction\":[{\"@type\":\"SearchAction\",\"target\":{\"@type\":\"EntryPoint\",\"urlTemplate\":\"https:\\\/\\\/abix.com.br\\\/?s={search_term_string}\"},\"query-input\":{\"@type\":\"PropertyValueSpecification\",\"valueRequired\":true,\"valueName\":\"search_term_string\"}}],\"inLanguage\":\"es\"}]}<\/script>\n<!-- \/ Yoast SEO plugin. -->","yoast_head_json":{"title":"RADIO PORT\u00c1TIL TETRA - MTP3550 - Abix","robots":{"index":"index","follow":"follow","max-snippet":"max-snippet:-1","max-image-preview":"max-image-preview:large","max-video-preview":"max-video-preview:-1"},"canonical":"https:\/\/abix.com.br\/produto\/mtp3550\/","og_locale":"es_ES","og_type":"article","og_title":"RADIO PORT\u00c1TIL TETRA - MTP3550 - Abix","og_description":"La radio port\u00e1til TETRA MTP3500 con pantalla en color y teclado sencillo ofrece el alto rendimiento y la fiabilidad necesarios para aumentar la productividad de los trabajadores y garantizar la seguridad de los usuarios. El MTP3500 incorpora funciones clave para los usuarios de seguridad p\u00fablica, como encriptaci\u00f3n completa, sensor de hombre ca\u00eddo y alerta por vibraci\u00f3n. El Bluetooth seguro integrado permite la conectividad con accesorios y dispositivos de colaboraci\u00f3n. Esta radio TETRA est\u00e1 optimizada para ofrecer un excelente rendimiento de audio y durabilidad para su uso en todo tipo de situaciones ruidosas y exigentes. Incorpora una opci\u00f3n de salida de potencia de clase 3L (1,8 W), que aumenta el alcance y el rendimiento en edificios. Junto con su alta sensibilidad de recepci\u00f3n, el MTP3500 puede mantener las comunicaciones en las situaciones m\u00e1s exigentes. Construido para durar La radio MP3500 se ha desarrollado con los m\u00e1s altos niveles de calidad y supera las 11 categor\u00edas de la norma [download id=\"11936\"]MIL-810. Adem\u00e1s, la radio port\u00e1til TETRA MTP3500 ha superado la Prueba de Vida Acelerada, que simula m\u00e1s de 5 a\u00f1os de uso. Esta prueba garantiza que la radio resistir\u00e1 condiciones dif\u00edciles y ofrecer\u00e1 durabilidad para ayudar a reducir los costes de asistencia.","og_url":"https:\/\/abix.com.br\/produto\/mtp3550\/","og_site_name":"Abix","article_modified_time":"2023-10-20T11:34:12+00:00","og_image":[{"width":600,"height":600,"url":"https:\/\/abix.com.br\/wp-content\/uploads\/2020\/05\/product-mtp3550-front-w-screen.jpg","type":"image\/jpeg"}],"twitter_card":"summary_large_image","twitter_misc":{"Tiempo de lectura":"4 minutos"},"schema":{"@context":"https:\/\/schema.org","@graph":[{"@type":"WebPage","@id":"https:\/\/abix.com.br\/produto\/mtp3550\/","url":"https:\/\/abix.com.br\/produto\/mtp3550\/","name":"RADIO PORT\u00c1TIL TETRA - MTP3550 - Abix","isPartOf":{"@id":"https:\/\/abix.com.br\/#website"},"primaryImageOfPage":{"@id":"https:\/\/abix.com.br\/produto\/mtp3550\/#primaryimage"},"image":{"@id":"https:\/\/abix.com.br\/produto\/mtp3550\/#primaryimage"},"thumbnailUrl":"https:\/\/abix.com.br\/wp-content\/uploads\/2020\/05\/product-mtp3550-front-w-screen.jpg","datePublished":"2020-05-04T18:25:12+00:00","dateModified":"2023-10-20T11:34:12+00:00","breadcrumb":{"@id":"https:\/\/abix.com.br\/produto\/mtp3550\/#breadcrumb"},"inLanguage":"es","potentialAction":[{"@type":"ReadAction","target":["https:\/\/abix.com.br\/produto\/mtp3550\/"]}]},{"@type":"ImageObject","inLanguage":"es","@id":"https:\/\/abix.com.br\/produto\/mtp3550\/#primaryimage","url":"https:\/\/abix.com.br\/wp-content\/uploads\/2020\/05\/product-mtp3550-front-w-screen.jpg","contentUrl":"https:\/\/abix.com.br\/wp-content\/uploads\/2020\/05\/product-mtp3550-front-w-screen.jpg","width":600,"height":600},{"@type":"BreadcrumbList","@id":"https:\/\/abix.com.br\/produto\/mtp3550\/#breadcrumb","itemListElement":[{"@type":"ListItem","position":1,"name":"In\u00edcio","item":"https:\/\/abix.com.br\/es\/"},{"@type":"ListItem","position":2,"name":"Tienda","item":"https:\/\/abix.com.br\/loja\/"},{"@type":"ListItem","position":3,"name":"RADIO PORT\u00c1TIL TETRA &#8211; MTP3550"}]},{"@type":"WebSite","@id":"https:\/\/abix.com.br\/#website","url":"https:\/\/abix.com.br\/","name":"Abix","description":"","potentialAction":[{"@type":"SearchAction","target":{"@type":"EntryPoint","urlTemplate":"https:\/\/abix.com.br\/?s={search_term_string}"},"query-input":{"@type":"PropertyValueSpecification","valueRequired":true,"valueName":"search_term_string"}}],"inLanguage":"es"}]}},"_links":{"self":[{"href":"https:\/\/abix.com.br\/es\/wp-json\/wp\/v2\/product\/19671","targetHints":{"allow":["GET"]}}],"collection":[{"href":"https:\/\/abix.com.br\/es\/wp-json\/wp\/v2\/product"}],"about":[{"href":"https:\/\/abix.com.br\/es\/wp-json\/wp\/v2\/types\/product"}],"replies":[{"embeddable":true,"href":"https:\/\/abix.com.br\/es\/wp-json\/wp\/v2\/comments?post=19671"}],"wp:featuredmedia":[{"embeddable":true,"href":"https:\/\/abix.com.br\/es\/wp-json\/wp\/v2\/media\/9355"}],"wp:attachment":[{"href":"https:\/\/abix.com.br\/es\/wp-json\/wp\/v2\/media?parent=19671"}],"wp:term":[{"taxonomy":"product_brand","embeddable":true,"href":"https:\/\/abix.com.br\/es\/wp-json\/wp\/v2\/product_brand?post=19671"},{"taxonomy":"product_cat","embeddable":true,"href":"https:\/\/abix.com.br\/es\/wp-json\/wp\/v2\/product_cat?post=19671"},{"taxonomy":"product_tag","embeddable":true,"href":"https:\/\/abix.com.br\/es\/wp-json\/wp\/v2\/product_tag?post=19671"}],"curies":[{"name":"wp","href":"https:\/\/api.w.org\/{rel}","templated":true}]}}