{"id":19961,"date":"2023-12-11T14:17:00","date_gmt":"2023-12-11T17:17:00","guid":{"rendered":"https:\/\/abix.com.br\/produto\/hytera-hm786\/"},"modified":"2024-01-22T10:20:28","modified_gmt":"2024-01-22T13:20:28","slug":"hytera-hm786","status":"publish","type":"product","link":"https:\/\/abix.com.br\/es\/produto\/hytera-hm786\/","title":{"rendered":"Hytera HM786"},"content":{"rendered":"\n\t<section class=\"section\" id=\"section_1783118999\">\n\t\t<div class=\"section-bg fill\" >\n\t\t\t\t\t\t\t\t\t\n\t\t\t\n\n\t\t<\/div>\n\n\t\t\n\n\t\t<div class=\"section-content relative\">\n\t\t\t\n<div class=\"row\"  id=\"row-1558083669\">\n\n\t<div id=\"col-1406038852\" class=\"col small-12 large-12\"  >\n\t\t\t\t<div class=\"col-inner\"  >\n\t\t\t\n\t\t\t\n<div class=\"row\"  id=\"row-219744367\">\n\n\t<div id=\"col-1918114671\" class=\"col small-12 large-12\"  >\n\t\t\t\t<div class=\"col-inner\"  >\n\t\t\t\n\t\t\t\n\n\t\t<div class=\"tabbed-content locacao-tabs\">\n\t\t\t\n\t\t\t<ul class=\"nav nav-tabs nav-normal nav-size-xlarge nav-left active-on-hover\" role=\"tablist\"><li id=\"tab-informaci\u00d3n\" class=\"tab active has-icon\" role=\"presentation\"><a href=\"#tab_informaci\u00d3n\" role=\"tab\" aria-selected=\"true\" aria-controls=\"tab_informaci\u00d3n\"><span>INFORMACI\u00d3N<\/span><\/a><\/li>\n<li id=\"tab-accesorios\" class=\"tab has-icon\" role=\"presentation\"><a href=\"#tab_accesorios\" tabindex=\"-1\" role=\"tab\" aria-selected=\"false\" aria-controls=\"tab_accesorios\"><span>ACCESORIOS<\/span><\/a><\/li>\n<li id=\"tab-descargas\" class=\"tab has-icon\" role=\"presentation\"><a href=\"#tab_descargas\" tabindex=\"-1\" role=\"tab\" aria-selected=\"false\" aria-controls=\"tab_descargas\"><span>DESCARGAS<\/span><\/a><\/li>\n<li id=\"tab-especificaciones\" class=\"tab has-icon\" role=\"presentation\"><a href=\"#tab_especificaciones\" tabindex=\"-1\" role=\"tab\" aria-selected=\"false\" aria-controls=\"tab_especificaciones\"><span>ESPECIFICACIONES<\/span><\/a><\/li><\/ul><div class=\"tab-panels\"><div id=\"tab_informaci\u00d3n\" class=\"panel active entry-content\" role=\"tabpanel\" aria-labelledby=\"tab-informaci\u00d3n\">\n<div class=\"row\"  id=\"row-1830814228\">\n\n\t<div id=\"col-1412480940\" class=\"col medium-6 small-12 large-6\"  >\n\t\t\t\t<div class=\"col-inner\"  >\n\t\t\t\n\t\t\t\n\t<div id=\"text-4282978034\" class=\"text\">\n\t\t\n<p><strong> <\/strong><strong>Hytera HM786<\/strong><\/p>\n<p>La radio Hytera HM786 es una radio bidireccional port\u00e1til digital DMR que ofrece una variedad de caracter\u00edsticas t\u00e9cnicas avanzadas para mejorar la eficiencia y confiabilidad de la comunicaci\u00f3n.<\/p>\n<p><strong>Audio claro y alto<\/strong><\/p>\n<p>El HM786 est\u00e1 equipado con un altavoz potente y optimizado que puede ayudar a los usuarios a escuchar sonidos claros incluso en entornos ruidosos. La tecnolog\u00eda de cancelaci\u00f3n de ruido AI (inteligencia artificial) tambi\u00e9n se utiliza para eliminar el ruido de fondo, garantizando que se mantenga la claridad del audio.<\/p>\n<p><strong>Bater\u00eda potente<\/strong><\/p>\n<p>El HM786 funciona con una bater\u00eda de iones de litio de 2500 mAh o 3000 mAh que ofrece hasta 24 horas de conversaci\u00f3n con una sola carga.<\/p>\n<p><strong>Portabilidad y robustez<\/strong><\/p>\n<p>El HM786 est\u00e1 dise\u00f1ado para ser port\u00e1til y robusto. Pesa solo 300 g (con bater\u00eda de 2500 mAh) y es resistente al polvo, al agua y a las ca\u00eddas.<\/p>\n<p><strong>Conectividad inal\u00e1mbrica flexible<\/strong><\/p>\n<p>El HM786 admite conexiones inal\u00e1mbricas Bluetooth 5.0 y Wi-Fi. Esto permite a los usuarios conectarse a una variedad de dispositivos, como auriculares, computadoras y sistemas de posicionamiento.<\/p>\n<p><strong> <\/strong><br \/>\n\t\t\n<style>\n#text-4282978034 {\n  line-height: 1.95;\n}\n<\/style>\n\t<\/div>\n\t\n\t\t<\/div>\n\t\t\t\t\t<\/div>\n\n\t\n\n\t<div id=\"col-1339025398\" class=\"col medium-6 small-12 large-6\"  >\n\t\t\t\t<div class=\"col-inner text-left\"  >\n\t\t\t\n\t\t\t\n\t\t<\/div>\n\t\t\t\t\t<\/div>\n\n\t\n<\/div>\n<\/div>\n<div id=\"tab_accesorios\" class=\"panel entry-content\" role=\"tabpanel\" aria-labelledby=\"tab-accesorios\">\n<div class=\"row align-middle\"  id=\"row-1924230352\">\n\n\t<div id=\"col-1771582439\" class=\"col medium-10 small-12 large-10\"  >\n\t\t\t\t<div class=\"col-inner\"  >\n\t\t\t\n\t\t\t\n\t\t<\/div>\n\t\t\t\t\t<\/div>\n\n\t\n\n\t<div id=\"col-900879953\" class=\"col medium-2 small-12 large-2\"  >\n\t\t\t\t<div class=\"col-inner\"  >\n\t\t\t\n\t\t\t\n\t\t<\/div>\n\t\t\t\t\t<\/div>\n\n\t\n<\/div>\n<\/div>\n<div id=\"tab_descargas\" class=\"panel entry-content\" role=\"tabpanel\" aria-labelledby=\"tab-descargas\">\n<div class=\"row\"  id=\"row-1070043728\">\n\n\t<div id=\"col-1567946578\" class=\"col medium-10 small-12 large-10\"  >\n\t\t\t\t<div class=\"col-inner\"  >\n\t\t\t\n\t\t\t\n<p><a href=\"https:\/\/abix.com.br\/wp-content\/uploads\/2023\/12\/HM78X_datasheet.pdf\" target=\"_blank\" rel=\"noopener\">SERIE HM786 &#8211; FICHA T\u00c9CNICA<\/a><\/p>\n<p><a href=\"https:\/\/abix.com.br\/wp-content\/uploads\/2023\/12\/user_guide.pdf\" target=\"_blank\" rel=\"noopener\">SERIE HM786 &#8211; GU\u00cdA DEL USUARIO<\/a><\/p>\n\t\t<\/div>\n\t\t\t\t\t<\/div>\n\n\t\n<\/div>\n<\/div>\n<div id=\"tab_especificaciones\" class=\"panel entry-content\" role=\"tabpanel\" aria-labelledby=\"tab-especificaciones\">\n<div class=\"row\"  id=\"row-1781038436\">\n\n\t<div id=\"col-386755340\" class=\"col medium-9 small-12 large-9\"  >\n\t\t\t\t<div class=\"col-inner\"  >\n\t\t\t\n\t\t\t\n<p><strong>SERVICIOS DE TMO<\/strong><\/p>\n<ul>\n<li><strong>Capacidad del canal : <\/strong><span style=\"font-size: 14.4px;\">1024<\/span><\/li>\n<li><strong>Capacidad de zona : <\/strong>64<\/li>\n<\/ul>\n<p><strong>ENTORNO DE USUARIO<\/strong><\/p>\n<ul>\n<li><strong>Temperatura de funcionamiento : <\/strong>-30\u2103\uff5e+60\u2103<\/li>\n<li><strong>Temperatura de almacenamiento : <\/strong>-40\u2103\uff5e+85\u2103<\/li>\n<li><strong>Protecci\u00f3n contra el agua y el polvo. : <\/strong>IP54<\/li>\n<\/ul>\n<p><strong>CARACTER\u00cdSTICAS DE RENDIMIENTO<\/strong><\/p>\n<ul>\n<li><strong>Rango de frecuencia: <\/strong>UHF1:400-470 MHz; <span style=\"color: #555555; font-size: 14.4px;\">UHF3:350-400 MHz; <\/span><span style=\"color: #555555; font-size: 14.4px;\">VHF1:136~174 MHz<\/span><\/li>\n<li><strong>Tensi\u00f3n de funcionamiento : <\/strong>13.6V\u00b115%<\/li>\n<li><strong>Consumo actual (suspensi\u00f3n) : <\/strong>\uff1c0.5A<\/li>\n<li><strong>Drenaje actual (transmitir) : <\/strong>1 W:\uff1c3 A; 25 W:\uff1c8 A; 45 W\/50 W: \uff1c12 A; 5 W: \uff1c4 A<\/li>\n<li><strong>Consumo de corrente (recep\u00e7\u00e3o): <\/strong>\uff1c2.0 A<\/li>\n<li><strong>Radio de comunicaci\u00f3n : <\/strong>At\u00e9 10 km em condi\u00e7\u00f5es ideais<\/li>\n<\/ul>\n<p><strong>CARACTER\u00cdSTICAS F\u00cdSICAS<\/strong><\/p>\n<ul>\n<li><strong>Peso: <\/strong>1520g<\/li>\n<li><strong>Teclado: <\/strong>n\u00e3o<\/li>\n<li><strong>Dimensiones alto x ancho x fondo : <\/strong>61.5mm x 177mm x 179mm<\/li>\n<li><strong>Exhibici\u00f3n: <\/strong>2.4 polegadas<\/li>\n<\/ul>\n\t\t<\/div>\n\t\t\t\t\t<\/div>\n\n\t\n<\/div>\n<\/div><\/div><\/div>\n\t\t<\/div>\n\t\t\t\t\t<\/div>\n\n\t\n<\/div>\n\t\t<\/div>\n\t\t\t\t\t<\/div>\n\n\t\n<\/div>\n\t\t<\/div>\n\n\t\t\n<style>\n#section_1783118999 {\n  padding-top: 0px;\n  padding-bottom: 0px;\n}\n<\/style>\n\t<\/section>\n\t\n<p>&nbsp;<\/p>\n","protected":false},"excerpt":{"rendered":"<p>La radio m\u00f3vil HM786 es la pr\u00f3xima generaci\u00f3n de radio bidireccional port\u00e1til DMR profesional, flexible y escalable. El HM786 es compatible con un cabezal de control \u00fanico est\u00e1ndar y un cabezal de control remoto (simple o doble) para adaptarse a diferentes entornos, como veh\u00edculos, motocicletas y salas de control fijas, lo que garantiza una comunicaci\u00f3n eficiente. Adem\u00e1s, proporciona varias conexiones a trav\u00e9s de las cuales se pueden integrar amplias aplicaciones con servicios existentes para mejorar la eficiencia del trabajo.<\/p>\n","protected":false},"featured_media":19834,"comment_status":"open","ping_status":"closed","template":"","meta":[],"product_brand":[],"product_cat":[200],"product_tag":[],"class_list":{"0":"post-19961","1":"product","2":"type-product","3":"status-publish","4":"has-post-thumbnail","6":"product_cat-hytera-es","8":"first","9":"instock","10":"shipping-taxable","11":"product-type-simple"},"yoast_head":"<!-- This site is optimized with the Yoast SEO plugin v27.4 - https:\/\/yoast.com\/product\/yoast-seo-wordpress\/ -->\n<title>Hytera HM786 - Abix<\/title>\n<meta name=\"robots\" content=\"index, follow, max-snippet:-1, max-image-preview:large, max-video-preview:-1\" \/>\n<link rel=\"canonical\" href=\"https:\/\/abix.com.br\/es\/produto\/hytera-hm786\/\" \/>\n<meta property=\"og:locale\" content=\"es_ES\" \/>\n<meta property=\"og:type\" content=\"article\" \/>\n<meta property=\"og:title\" content=\"Hytera HM786 - Abix\" \/>\n<meta property=\"og:description\" content=\"La radio m\u00f3vil HM786 es la pr\u00f3xima generaci\u00f3n de radio bidireccional port\u00e1til DMR profesional, flexible y escalable. El HM786 es compatible con un cabezal de control \u00fanico est\u00e1ndar y un cabezal de control remoto (simple o doble) para adaptarse a diferentes entornos, como veh\u00edculos, motocicletas y salas de control fijas, lo que garantiza una comunicaci\u00f3n eficiente. Adem\u00e1s, proporciona varias conexiones a trav\u00e9s de las cuales se pueden integrar amplias aplicaciones con servicios existentes para mejorar la eficiencia del trabajo.\" \/>\n<meta property=\"og:url\" content=\"https:\/\/abix.com.br\/es\/produto\/hytera-hm786\/\" \/>\n<meta property=\"og:site_name\" content=\"Abix\" \/>\n<meta property=\"article:modified_time\" content=\"2024-01-22T13:20:28+00:00\" \/>\n<meta property=\"og:image\" content=\"https:\/\/abix.com.br\/wp-content\/uploads\/2023\/12\/hm786-1-2197px.webp\" \/>\n\t<meta property=\"og:image:width\" content=\"2197\" \/>\n\t<meta property=\"og:image:height\" content=\"2197\" \/>\n\t<meta property=\"og:image:type\" content=\"image\/webp\" \/>\n<meta name=\"twitter:card\" content=\"summary_large_image\" \/>\n<meta name=\"twitter:label1\" content=\"Tiempo de lectura\" \/>\n\t<meta name=\"twitter:data1\" content=\"2 minutos\" \/>\n<script type=\"application\/ld+json\" class=\"yoast-schema-graph\">{\"@context\":\"https:\\\/\\\/schema.org\",\"@graph\":[{\"@type\":\"WebPage\",\"@id\":\"https:\\\/\\\/abix.com.br\\\/es\\\/produto\\\/hytera-hm786\\\/\",\"url\":\"https:\\\/\\\/abix.com.br\\\/es\\\/produto\\\/hytera-hm786\\\/\",\"name\":\"Hytera HM786 - Abix\",\"isPartOf\":{\"@id\":\"https:\\\/\\\/abix.com.br\\\/#website\"},\"primaryImageOfPage\":{\"@id\":\"https:\\\/\\\/abix.com.br\\\/es\\\/produto\\\/hytera-hm786\\\/#primaryimage\"},\"image\":{\"@id\":\"https:\\\/\\\/abix.com.br\\\/es\\\/produto\\\/hytera-hm786\\\/#primaryimage\"},\"thumbnailUrl\":\"https:\\\/\\\/abix.com.br\\\/wp-content\\\/uploads\\\/2023\\\/12\\\/hm786-1-2197px.webp\",\"datePublished\":\"2023-12-11T17:17:00+00:00\",\"dateModified\":\"2024-01-22T13:20:28+00:00\",\"breadcrumb\":{\"@id\":\"https:\\\/\\\/abix.com.br\\\/es\\\/produto\\\/hytera-hm786\\\/#breadcrumb\"},\"inLanguage\":\"es\",\"potentialAction\":[{\"@type\":\"ReadAction\",\"target\":[\"https:\\\/\\\/abix.com.br\\\/es\\\/produto\\\/hytera-hm786\\\/\"]}]},{\"@type\":\"ImageObject\",\"inLanguage\":\"es\",\"@id\":\"https:\\\/\\\/abix.com.br\\\/es\\\/produto\\\/hytera-hm786\\\/#primaryimage\",\"url\":\"https:\\\/\\\/abix.com.br\\\/wp-content\\\/uploads\\\/2023\\\/12\\\/hm786-1-2197px.webp\",\"contentUrl\":\"https:\\\/\\\/abix.com.br\\\/wp-content\\\/uploads\\\/2023\\\/12\\\/hm786-1-2197px.webp\",\"width\":2197,\"height\":2197,\"caption\":\"HM786\"},{\"@type\":\"BreadcrumbList\",\"@id\":\"https:\\\/\\\/abix.com.br\\\/es\\\/produto\\\/hytera-hm786\\\/#breadcrumb\",\"itemListElement\":[{\"@type\":\"ListItem\",\"position\":1,\"name\":\"In\u00edcio\",\"item\":\"https:\\\/\\\/abix.com.br\\\/es\\\/\"},{\"@type\":\"ListItem\",\"position\":2,\"name\":\"Tienda\",\"item\":\"https:\\\/\\\/abix.com.br\\\/loja\\\/\"},{\"@type\":\"ListItem\",\"position\":3,\"name\":\"Hytera HM786\"}]},{\"@type\":\"WebSite\",\"@id\":\"https:\\\/\\\/abix.com.br\\\/#website\",\"url\":\"https:\\\/\\\/abix.com.br\\\/\",\"name\":\"Abix\",\"description\":\"\",\"potentialAction\":[{\"@type\":\"SearchAction\",\"target\":{\"@type\":\"EntryPoint\",\"urlTemplate\":\"https:\\\/\\\/abix.com.br\\\/?s={search_term_string}\"},\"query-input\":{\"@type\":\"PropertyValueSpecification\",\"valueRequired\":true,\"valueName\":\"search_term_string\"}}],\"inLanguage\":\"es\"}]}<\/script>\n<!-- \/ Yoast SEO plugin. -->","yoast_head_json":{"title":"Hytera HM786 - Abix","robots":{"index":"index","follow":"follow","max-snippet":"max-snippet:-1","max-image-preview":"max-image-preview:large","max-video-preview":"max-video-preview:-1"},"canonical":"https:\/\/abix.com.br\/es\/produto\/hytera-hm786\/","og_locale":"es_ES","og_type":"article","og_title":"Hytera HM786 - Abix","og_description":"La radio m\u00f3vil HM786 es la pr\u00f3xima generaci\u00f3n de radio bidireccional port\u00e1til DMR profesional, flexible y escalable. El HM786 es compatible con un cabezal de control \u00fanico est\u00e1ndar y un cabezal de control remoto (simple o doble) para adaptarse a diferentes entornos, como veh\u00edculos, motocicletas y salas de control fijas, lo que garantiza una comunicaci\u00f3n eficiente. Adem\u00e1s, proporciona varias conexiones a trav\u00e9s de las cuales se pueden integrar amplias aplicaciones con servicios existentes para mejorar la eficiencia del trabajo.","og_url":"https:\/\/abix.com.br\/es\/produto\/hytera-hm786\/","og_site_name":"Abix","article_modified_time":"2024-01-22T13:20:28+00:00","og_image":[{"width":2197,"height":2197,"url":"https:\/\/abix.com.br\/wp-content\/uploads\/2023\/12\/hm786-1-2197px.webp","type":"image\/webp"}],"twitter_card":"summary_large_image","twitter_misc":{"Tiempo de lectura":"2 minutos"},"schema":{"@context":"https:\/\/schema.org","@graph":[{"@type":"WebPage","@id":"https:\/\/abix.com.br\/es\/produto\/hytera-hm786\/","url":"https:\/\/abix.com.br\/es\/produto\/hytera-hm786\/","name":"Hytera HM786 - Abix","isPartOf":{"@id":"https:\/\/abix.com.br\/#website"},"primaryImageOfPage":{"@id":"https:\/\/abix.com.br\/es\/produto\/hytera-hm786\/#primaryimage"},"image":{"@id":"https:\/\/abix.com.br\/es\/produto\/hytera-hm786\/#primaryimage"},"thumbnailUrl":"https:\/\/abix.com.br\/wp-content\/uploads\/2023\/12\/hm786-1-2197px.webp","datePublished":"2023-12-11T17:17:00+00:00","dateModified":"2024-01-22T13:20:28+00:00","breadcrumb":{"@id":"https:\/\/abix.com.br\/es\/produto\/hytera-hm786\/#breadcrumb"},"inLanguage":"es","potentialAction":[{"@type":"ReadAction","target":["https:\/\/abix.com.br\/es\/produto\/hytera-hm786\/"]}]},{"@type":"ImageObject","inLanguage":"es","@id":"https:\/\/abix.com.br\/es\/produto\/hytera-hm786\/#primaryimage","url":"https:\/\/abix.com.br\/wp-content\/uploads\/2023\/12\/hm786-1-2197px.webp","contentUrl":"https:\/\/abix.com.br\/wp-content\/uploads\/2023\/12\/hm786-1-2197px.webp","width":2197,"height":2197,"caption":"HM786"},{"@type":"BreadcrumbList","@id":"https:\/\/abix.com.br\/es\/produto\/hytera-hm786\/#breadcrumb","itemListElement":[{"@type":"ListItem","position":1,"name":"In\u00edcio","item":"https:\/\/abix.com.br\/es\/"},{"@type":"ListItem","position":2,"name":"Tienda","item":"https:\/\/abix.com.br\/loja\/"},{"@type":"ListItem","position":3,"name":"Hytera HM786"}]},{"@type":"WebSite","@id":"https:\/\/abix.com.br\/#website","url":"https:\/\/abix.com.br\/","name":"Abix","description":"","potentialAction":[{"@type":"SearchAction","target":{"@type":"EntryPoint","urlTemplate":"https:\/\/abix.com.br\/?s={search_term_string}"},"query-input":{"@type":"PropertyValueSpecification","valueRequired":true,"valueName":"search_term_string"}}],"inLanguage":"es"}]}},"_links":{"self":[{"href":"https:\/\/abix.com.br\/es\/wp-json\/wp\/v2\/product\/19961","targetHints":{"allow":["GET"]}}],"collection":[{"href":"https:\/\/abix.com.br\/es\/wp-json\/wp\/v2\/product"}],"about":[{"href":"https:\/\/abix.com.br\/es\/wp-json\/wp\/v2\/types\/product"}],"replies":[{"embeddable":true,"href":"https:\/\/abix.com.br\/es\/wp-json\/wp\/v2\/comments?post=19961"}],"wp:featuredmedia":[{"embeddable":true,"href":"https:\/\/abix.com.br\/es\/wp-json\/wp\/v2\/media\/19834"}],"wp:attachment":[{"href":"https:\/\/abix.com.br\/es\/wp-json\/wp\/v2\/media?parent=19961"}],"wp:term":[{"taxonomy":"product_brand","embeddable":true,"href":"https:\/\/abix.com.br\/es\/wp-json\/wp\/v2\/product_brand?post=19961"},{"taxonomy":"product_cat","embeddable":true,"href":"https:\/\/abix.com.br\/es\/wp-json\/wp\/v2\/product_cat?post=19961"},{"taxonomy":"product_tag","embeddable":true,"href":"https:\/\/abix.com.br\/es\/wp-json\/wp\/v2\/product_tag?post=19961"}],"curies":[{"name":"wp","href":"https:\/\/api.w.org\/{rel}","templated":true}]}}