{"id":19964,"date":"2023-12-13T10:50:21","date_gmt":"2023-12-13T13:50:21","guid":{"rendered":"https:\/\/abix.com.br\/produto\/hytera-hp70x\/"},"modified":"2024-01-22T10:36:54","modified_gmt":"2024-01-22T13:36:54","slug":"hytera-hp70x","status":"publish","type":"product","link":"https:\/\/abix.com.br\/es\/produto\/hytera-hp70x\/","title":{"rendered":"Hytera HP70X"},"content":{"rendered":"\n\t<section class=\"section\" id=\"section_77293978\">\n\t\t<div class=\"section-bg fill\" >\n\t\t\t\t\t\t\t\t\t\n\t\t\t\n\n\t\t<\/div>\n\n\t\t\n\n\t\t<div class=\"section-content relative\">\n\t\t\t\n<div class=\"row\"  id=\"row-1147834576\">\n\n\t<div id=\"col-177543478\" class=\"col small-12 large-12\"  >\n\t\t\t\t<div class=\"col-inner\"  >\n\t\t\t\n\t\t\t\n<div class=\"row\"  id=\"row-1001773517\">\n\n\t<div id=\"col-559865730\" class=\"col small-12 large-12\"  >\n\t\t\t\t<div class=\"col-inner\"  >\n\t\t\t\n\t\t\t\n\n\t\t<div class=\"tabbed-content locacao-tabs\">\n\t\t\t\n\t\t\t<ul class=\"nav nav-tabs nav-normal nav-size-xlarge nav-left active-on-hover\" role=\"tablist\"><li id=\"tab-informaci\u00d3n\" class=\"tab active has-icon\" role=\"presentation\"><a href=\"#tab_informaci\u00d3n\" role=\"tab\" aria-selected=\"true\" aria-controls=\"tab_informaci\u00d3n\"><span>INFORMACI\u00d3N<\/span><\/a><\/li>\n<li id=\"tab-accesorios\" class=\"tab has-icon\" role=\"presentation\"><a href=\"#tab_accesorios\" tabindex=\"-1\" role=\"tab\" aria-selected=\"false\" aria-controls=\"tab_accesorios\"><span>ACCESORIOS<\/span><\/a><\/li>\n<li id=\"tab-descargas\" class=\"tab has-icon\" role=\"presentation\"><a href=\"#tab_descargas\" tabindex=\"-1\" role=\"tab\" aria-selected=\"false\" aria-controls=\"tab_descargas\"><span>DESCARGAS<\/span><\/a><\/li>\n<li id=\"tab-especificaciones\" class=\"tab has-icon\" role=\"presentation\"><a href=\"#tab_especificaciones\" tabindex=\"-1\" role=\"tab\" aria-selected=\"false\" aria-controls=\"tab_especificaciones\"><span>ESPECIFICACIONES<\/span><\/a><\/li><\/ul><div class=\"tab-panels\"><div id=\"tab_informaci\u00d3n\" class=\"panel active entry-content\" role=\"tabpanel\" aria-labelledby=\"tab-informaci\u00d3n\">\n<div class=\"row\"  id=\"row-1642459275\">\n\n\t<div id=\"col-302494717\" class=\"col medium-6 small-12 large-6\"  >\n\t\t\t\t<div class=\"col-inner\"  >\n\t\t\t\n\t\t\t\n\t<div id=\"text-3440893140\" class=\"text\">\n\t\t\n<p><strong> <\/strong><strong>Hytera HM706<\/strong><\/p>\n<p>Un dise\u00f1o mec\u00e1nico optimizado y una bater\u00eda compacta de pol\u00edmero de litio est\u00e1n dise\u00f1ados discretamente para adaptarse al dise\u00f1o del HP706, lo que hace que la radio con solo 29,5 mm de grosor y un peso de 290 g sea f\u00e1cil de transportar.<\/p>\n<p><strong>Audio claro y alto<\/strong><\/p>\n<p>El HP706 equipa un altavoz potente y optimizado que puede ayudar a los usuarios a escuchar sonidos claros incluso en entornos ruidosos. La tecnolog\u00eda de paso de agua tambi\u00e9n se utiliza para drenar el agua que ingresa a la cavidad del altavoz, lo que garantiza que se mantenga la claridad del audio. La tecnolog\u00eda de cancelaci\u00f3n de ruido basada en IA puede reducir el ruido de fondo y los aullidos en 30 dB. No importa en qu\u00e9 entorno ruidoso se encuentre la persona que llama, esto garantiza que escuche un sonido claro.<\/p>\n<p><strong>Bater\u00eda<\/strong><\/p>\n<p>El HP706 optimiza el dise\u00f1o y las tecnolog\u00edas del producto para reducir el consumo de energ\u00eda, mientras que la \u00faltima tecnolog\u00eda probada de pol\u00edmero de litio se utiliza en la bater\u00eda est\u00e1ndar, que es m\u00e1s liviana y m\u00e1s peque\u00f1a que nunca. Las nuevas tecnolog\u00edas ofrecen un ciclo de trabajo de 5\/5\/90 para lograr una duraci\u00f3n de turno de 24 horas con alta potencia de transmisi\u00f3n y garantizar un d\u00eda completo de entrega de informaci\u00f3n y llamadas importantes.<\/p>\n<p><strong>Portabilidad y robustez<\/strong><\/p>\n<p>Tiene un \u00edndice de protecci\u00f3n IP68, es impermeable a chorros de agua y sumergible hasta 2 metros de profundidad durante 4 horas, adem\u00e1s de ser resistente a ca\u00eddas desde 2 metros sobre hormig\u00f3n y soportar los ambientes m\u00e1s dif\u00edciles.<\/p>\n<p><strong>Conectividad inal\u00e1mbrica flexible<\/strong><\/p>\n<p>HP706 admite BT 5.0 integrado para conexiones inal\u00e1mbricas. Las ventajas de BT 5.0 son el bajo consumo de energ\u00eda, la transmisi\u00f3n r\u00e1pida, m\u00faltiples dispositivos y aplicaciones de datos m\u00e1s ricas, como auriculares BT, BT Patrol y posicionamiento BT.<\/p>\n<p><strong>Techo<\/strong><\/p>\n<p>Ampl\u00eda el alcance operativo y mejora el alcance conversacional a trav\u00e9s de una alta sensibilidad del receptor y una alta potencia de transmisi\u00f3n, extendiendo las comunicaciones a \u00e1reas donde antes esto simplemente no era posible.<br \/>\n\t\t\n<style>\n#text-3440893140 {\n  line-height: 1.95;\n}\n<\/style>\n\t<\/div>\n\t\n\t\t<\/div>\n\t\t\t\t\t<\/div>\n\n\t\n\n\t<div id=\"col-750185265\" class=\"col medium-6 small-12 large-6\"  >\n\t\t\t\t<div class=\"col-inner text-left\"  >\n\t\t\t\n\t\t\t\n\t\t<\/div>\n\t\t\t\t\t<\/div>\n\n\t\n<\/div>\n<\/div>\n<div id=\"tab_accesorios\" class=\"panel entry-content\" role=\"tabpanel\" aria-labelledby=\"tab-accesorios\">\n<div class=\"row align-middle\"  id=\"row-622216867\">\n\n\t<div id=\"col-247925233\" class=\"col medium-10 small-12 large-10\"  >\n\t\t\t\t<div class=\"col-inner\"  >\n\t\t\t\n\t\t\t\n<p>&nbsp;<\/p>\n\t\t<\/div>\n\t\t\t\t\t<\/div>\n\n\t\n\n\t<div id=\"col-889912117\" class=\"col medium-2 small-12 large-2\"  >\n\t\t\t\t<div class=\"col-inner\"  >\n\t\t\t\n\t\t\t\n\t\t<\/div>\n\t\t\t\t\t<\/div>\n\n\t\n<\/div>\n<\/div>\n<div id=\"tab_descargas\" class=\"panel entry-content\" role=\"tabpanel\" aria-labelledby=\"tab-descargas\">\n<div class=\"row\"  id=\"row-968991853\">\n\n\t<div id=\"col-564404161\" class=\"col medium-10 small-12 large-10\"  >\n\t\t\t\t<div class=\"col-inner\"  >\n\t\t\t\n\t\t\t\n<p><a href=\"https:\/\/abix.com.br\/wp-content\/uploads\/2023\/12\/HP706.pdf\" target=\"_blank\" rel=\"noopener\">SERIE HM70x &#8211; FICHA T\u00c9CNICA<\/a><\/p>\n\t\t<\/div>\n\t\t\t\t\t<\/div>\n\n\t\n<\/div>\n<\/div>\n<div id=\"tab_especificaciones\" class=\"panel entry-content\" role=\"tabpanel\" aria-labelledby=\"tab-especificaciones\">\n<div class=\"row\"  id=\"row-2078596856\">\n\n\t<div id=\"col-1292700616\" class=\"col medium-9 small-12 large-9\"  >\n\t\t\t\t<div class=\"col-inner\"  >\n\t\t\t\n\t\t\t\n<p><strong>BOTONES<\/strong><\/p>\n<ul>\n<li><strong>Emergencia: <\/strong><span style=\"font-size: 14.4px;\">S\u00ed <\/span><\/li>\n<li><strong>PPT t\u00e1ctil: <\/strong><span style=\"font-size: 14.4px;\">S\u00ed <\/span><\/li>\n<li><strong>Programable : <\/strong><span style=\"font-size: 14.4px;\">S\u00ed (2 botones)<\/span><\/li>\n<\/ul>\n<p><strong>SERVICIOS DE TMO<\/strong><\/p>\n<ul>\n<li><strong>Capacidad del canal : <\/strong><span style=\"font-size: 14.4px;\">1024<\/span><\/li>\n<li><strong>Capacidad de zona : <\/strong>64<\/li>\n<\/ul>\n<p><strong>ENTORNO DE USUARIO<\/strong><\/p>\n<ul>\n<li><strong>Temperatura de funcionamiento : <\/strong>-30\u2103\uff5e+60\u2103<\/li>\n<li><strong>Temperatura de almacenamiento : <\/strong>-40\u2103\uff5e+85\u2103<\/li>\n<li><strong>Protecci\u00f3n contra el agua y el polvo. : <\/strong>IP68<\/li>\n<\/ul>\n<p><strong>CARACTER\u00cdSTICAS DE RENDIMIENTO<\/strong><\/p>\n<ul>\n<li><strong>Rango de frecuencia: <\/strong>UHF1:400-470 MHz; <span style=\"color: #555555; font-size: 14.4px;\">UHF3:350-400 MHz; <\/span><span style=\"color: #555555; font-size: 14.4px;\">VHF1:136~174 MHz<\/span><\/li>\n<li><strong> Voltaje de funcionamiento: <\/strong>7.7V(nominal)<\/li>\n<li><strong>Bater\u00eda: <\/strong>pol\u00edmero de litio de 2400 mAh y bater\u00eda inteligente: pol\u00edmero de litio de 3000 mAh (opcional)<\/li>\n<li><strong> Autonom\u00eda de la bater\u00eda: <\/strong>2400mAh: 24h (GNSS APAGADO), 20h (GNSS ENCENDIDO) y 3000mAh: 30h (GNSS APAGADO), 25h (GNSS ENCENDIDO)<\/li>\n<\/ul>\n<p><strong>CARACTER\u00cdSTICAS F\u00cdSICAS<\/strong><\/p>\n<ul>\n<li><strong>Peso: <\/strong>290 g (con bater\u00eda de 2400 mAh) y 325 g (con bater\u00eda de 3000 mAh)<\/li>\n<li><strong>Teclado: <\/strong>no<\/li>\n<li><strong> Dimensiones alto x ancho x fondo: <\/strong>132 mm x 55 mm x 29,5 mm (2400 mAh) y 132 mm x 55 mm x 37,5 mm (3000 mAh)<\/li>\n<li><strong>Pantalla: <\/strong>OLED de 0,91 pulgadas<\/li>\n<li><strong>Bluetooth: <\/strong>5.0 BLE+EDR<\/li>\n<\/ul>\n\t\t<\/div>\n\t\t\t\t\t<\/div>\n\n\t\n<\/div>\n<\/div><\/div><\/div>\n\t\t<\/div>\n\t\t\t\t\t<\/div>\n\n\t\n<\/div>\n\t\t<\/div>\n\t\t\t\t\t<\/div>\n\n\t\n<\/div>\n\t\t<\/div>\n\n\t\t\n<style>\n#section_77293978 {\n  padding-top: 0px;\n  padding-bottom: 0px;\n}\n<\/style>\n\t<\/section>\n\t\n<p>&nbsp;<\/p>\n","protected":false},"excerpt":{"rendered":"<p>La radio HP706 es nuestra nueva radio bidireccional port\u00e1til DMR profesional y representa el futuro en estilo y caracter\u00edsticas que avanzan los est\u00e1ndares de las radios digitales, brindando comunicaci\u00f3n m\u00e1s eficiente y confiable con audio alto y claro, bater\u00eda de gran duraci\u00f3n, portabilidad notable y robustez para facilidad de uso en m\u00faltiples entornos y sectores.<\/p>\n","protected":false},"featured_media":19854,"comment_status":"open","ping_status":"closed","template":"","meta":[],"product_brand":[],"product_cat":[200],"product_tag":[],"class_list":{"0":"post-19964","1":"product","2":"type-product","3":"status-publish","4":"has-post-thumbnail","6":"product_cat-hytera-es","8":"first","9":"instock","10":"shipping-taxable","11":"product-type-simple"},"yoast_head":"<!-- This site is optimized with the Yoast SEO plugin v27.4 - https:\/\/yoast.com\/product\/yoast-seo-wordpress\/ -->\n<title>Hytera HP70X - Abix<\/title>\n<meta name=\"robots\" content=\"index, follow, max-snippet:-1, max-image-preview:large, max-video-preview:-1\" \/>\n<link rel=\"canonical\" href=\"https:\/\/abix.com.br\/es\/produto\/hytera-hp70x\/\" \/>\n<meta property=\"og:locale\" content=\"es_ES\" \/>\n<meta property=\"og:type\" content=\"article\" \/>\n<meta property=\"og:title\" content=\"Hytera HP70X - Abix\" \/>\n<meta property=\"og:description\" content=\"La radio HP706 es nuestra nueva radio bidireccional port\u00e1til DMR profesional y representa el futuro en estilo y caracter\u00edsticas que avanzan los est\u00e1ndares de las radios digitales, brindando comunicaci\u00f3n m\u00e1s eficiente y confiable con audio alto y claro, bater\u00eda de gran duraci\u00f3n, portabilidad notable y robustez para facilidad de uso en m\u00faltiples entornos y sectores.\" \/>\n<meta property=\"og:url\" content=\"https:\/\/abix.com.br\/es\/produto\/hytera-hp70x\/\" \/>\n<meta property=\"og:site_name\" content=\"Abix\" \/>\n<meta property=\"article:modified_time\" content=\"2024-01-22T13:36:54+00:00\" \/>\n<meta property=\"og:image\" content=\"https:\/\/abix.com.br\/wp-content\/uploads\/2023\/12\/hp706-41-2972px-scaled.webp\" \/>\n\t<meta property=\"og:image:width\" content=\"2560\" \/>\n\t<meta property=\"og:image:height\" content=\"2560\" \/>\n\t<meta property=\"og:image:type\" content=\"image\/webp\" \/>\n<meta name=\"twitter:card\" content=\"summary_large_image\" \/>\n<meta name=\"twitter:label1\" content=\"Tiempo de lectura\" \/>\n\t<meta name=\"twitter:data1\" content=\"3 minutos\" \/>\n<script type=\"application\/ld+json\" class=\"yoast-schema-graph\">{\"@context\":\"https:\\\/\\\/schema.org\",\"@graph\":[{\"@type\":\"WebPage\",\"@id\":\"https:\\\/\\\/abix.com.br\\\/es\\\/produto\\\/hytera-hp70x\\\/\",\"url\":\"https:\\\/\\\/abix.com.br\\\/es\\\/produto\\\/hytera-hp70x\\\/\",\"name\":\"Hytera HP70X - Abix\",\"isPartOf\":{\"@id\":\"https:\\\/\\\/abix.com.br\\\/#website\"},\"primaryImageOfPage\":{\"@id\":\"https:\\\/\\\/abix.com.br\\\/es\\\/produto\\\/hytera-hp70x\\\/#primaryimage\"},\"image\":{\"@id\":\"https:\\\/\\\/abix.com.br\\\/es\\\/produto\\\/hytera-hp70x\\\/#primaryimage\"},\"thumbnailUrl\":\"https:\\\/\\\/abix.com.br\\\/wp-content\\\/uploads\\\/2023\\\/12\\\/hp706-41-2972px-scaled.webp\",\"datePublished\":\"2023-12-13T13:50:21+00:00\",\"dateModified\":\"2024-01-22T13:36:54+00:00\",\"breadcrumb\":{\"@id\":\"https:\\\/\\\/abix.com.br\\\/es\\\/produto\\\/hytera-hp70x\\\/#breadcrumb\"},\"inLanguage\":\"es\",\"potentialAction\":[{\"@type\":\"ReadAction\",\"target\":[\"https:\\\/\\\/abix.com.br\\\/es\\\/produto\\\/hytera-hp70x\\\/\"]}]},{\"@type\":\"ImageObject\",\"inLanguage\":\"es\",\"@id\":\"https:\\\/\\\/abix.com.br\\\/es\\\/produto\\\/hytera-hp70x\\\/#primaryimage\",\"url\":\"https:\\\/\\\/abix.com.br\\\/wp-content\\\/uploads\\\/2023\\\/12\\\/hp706-41-2972px-scaled.webp\",\"contentUrl\":\"https:\\\/\\\/abix.com.br\\\/wp-content\\\/uploads\\\/2023\\\/12\\\/hp706-41-2972px-scaled.webp\",\"width\":2560,\"height\":2560},{\"@type\":\"BreadcrumbList\",\"@id\":\"https:\\\/\\\/abix.com.br\\\/es\\\/produto\\\/hytera-hp70x\\\/#breadcrumb\",\"itemListElement\":[{\"@type\":\"ListItem\",\"position\":1,\"name\":\"In\u00edcio\",\"item\":\"https:\\\/\\\/abix.com.br\\\/es\\\/\"},{\"@type\":\"ListItem\",\"position\":2,\"name\":\"Tienda\",\"item\":\"https:\\\/\\\/abix.com.br\\\/loja\\\/\"},{\"@type\":\"ListItem\",\"position\":3,\"name\":\"Hytera HP70X\"}]},{\"@type\":\"WebSite\",\"@id\":\"https:\\\/\\\/abix.com.br\\\/#website\",\"url\":\"https:\\\/\\\/abix.com.br\\\/\",\"name\":\"Abix\",\"description\":\"\",\"potentialAction\":[{\"@type\":\"SearchAction\",\"target\":{\"@type\":\"EntryPoint\",\"urlTemplate\":\"https:\\\/\\\/abix.com.br\\\/?s={search_term_string}\"},\"query-input\":{\"@type\":\"PropertyValueSpecification\",\"valueRequired\":true,\"valueName\":\"search_term_string\"}}],\"inLanguage\":\"es\"}]}<\/script>\n<!-- \/ Yoast SEO plugin. -->","yoast_head_json":{"title":"Hytera HP70X - Abix","robots":{"index":"index","follow":"follow","max-snippet":"max-snippet:-1","max-image-preview":"max-image-preview:large","max-video-preview":"max-video-preview:-1"},"canonical":"https:\/\/abix.com.br\/es\/produto\/hytera-hp70x\/","og_locale":"es_ES","og_type":"article","og_title":"Hytera HP70X - Abix","og_description":"La radio HP706 es nuestra nueva radio bidireccional port\u00e1til DMR profesional y representa el futuro en estilo y caracter\u00edsticas que avanzan los est\u00e1ndares de las radios digitales, brindando comunicaci\u00f3n m\u00e1s eficiente y confiable con audio alto y claro, bater\u00eda de gran duraci\u00f3n, portabilidad notable y robustez para facilidad de uso en m\u00faltiples entornos y sectores.","og_url":"https:\/\/abix.com.br\/es\/produto\/hytera-hp70x\/","og_site_name":"Abix","article_modified_time":"2024-01-22T13:36:54+00:00","og_image":[{"width":2560,"height":2560,"url":"https:\/\/abix.com.br\/wp-content\/uploads\/2023\/12\/hp706-41-2972px-scaled.webp","type":"image\/webp"}],"twitter_card":"summary_large_image","twitter_misc":{"Tiempo de lectura":"3 minutos"},"schema":{"@context":"https:\/\/schema.org","@graph":[{"@type":"WebPage","@id":"https:\/\/abix.com.br\/es\/produto\/hytera-hp70x\/","url":"https:\/\/abix.com.br\/es\/produto\/hytera-hp70x\/","name":"Hytera HP70X - Abix","isPartOf":{"@id":"https:\/\/abix.com.br\/#website"},"primaryImageOfPage":{"@id":"https:\/\/abix.com.br\/es\/produto\/hytera-hp70x\/#primaryimage"},"image":{"@id":"https:\/\/abix.com.br\/es\/produto\/hytera-hp70x\/#primaryimage"},"thumbnailUrl":"https:\/\/abix.com.br\/wp-content\/uploads\/2023\/12\/hp706-41-2972px-scaled.webp","datePublished":"2023-12-13T13:50:21+00:00","dateModified":"2024-01-22T13:36:54+00:00","breadcrumb":{"@id":"https:\/\/abix.com.br\/es\/produto\/hytera-hp70x\/#breadcrumb"},"inLanguage":"es","potentialAction":[{"@type":"ReadAction","target":["https:\/\/abix.com.br\/es\/produto\/hytera-hp70x\/"]}]},{"@type":"ImageObject","inLanguage":"es","@id":"https:\/\/abix.com.br\/es\/produto\/hytera-hp70x\/#primaryimage","url":"https:\/\/abix.com.br\/wp-content\/uploads\/2023\/12\/hp706-41-2972px-scaled.webp","contentUrl":"https:\/\/abix.com.br\/wp-content\/uploads\/2023\/12\/hp706-41-2972px-scaled.webp","width":2560,"height":2560},{"@type":"BreadcrumbList","@id":"https:\/\/abix.com.br\/es\/produto\/hytera-hp70x\/#breadcrumb","itemListElement":[{"@type":"ListItem","position":1,"name":"In\u00edcio","item":"https:\/\/abix.com.br\/es\/"},{"@type":"ListItem","position":2,"name":"Tienda","item":"https:\/\/abix.com.br\/loja\/"},{"@type":"ListItem","position":3,"name":"Hytera HP70X"}]},{"@type":"WebSite","@id":"https:\/\/abix.com.br\/#website","url":"https:\/\/abix.com.br\/","name":"Abix","description":"","potentialAction":[{"@type":"SearchAction","target":{"@type":"EntryPoint","urlTemplate":"https:\/\/abix.com.br\/?s={search_term_string}"},"query-input":{"@type":"PropertyValueSpecification","valueRequired":true,"valueName":"search_term_string"}}],"inLanguage":"es"}]}},"_links":{"self":[{"href":"https:\/\/abix.com.br\/es\/wp-json\/wp\/v2\/product\/19964","targetHints":{"allow":["GET"]}}],"collection":[{"href":"https:\/\/abix.com.br\/es\/wp-json\/wp\/v2\/product"}],"about":[{"href":"https:\/\/abix.com.br\/es\/wp-json\/wp\/v2\/types\/product"}],"replies":[{"embeddable":true,"href":"https:\/\/abix.com.br\/es\/wp-json\/wp\/v2\/comments?post=19964"}],"wp:featuredmedia":[{"embeddable":true,"href":"https:\/\/abix.com.br\/es\/wp-json\/wp\/v2\/media\/19854"}],"wp:attachment":[{"href":"https:\/\/abix.com.br\/es\/wp-json\/wp\/v2\/media?parent=19964"}],"wp:term":[{"taxonomy":"product_brand","embeddable":true,"href":"https:\/\/abix.com.br\/es\/wp-json\/wp\/v2\/product_brand?post=19964"},{"taxonomy":"product_cat","embeddable":true,"href":"https:\/\/abix.com.br\/es\/wp-json\/wp\/v2\/product_cat?post=19964"},{"taxonomy":"product_tag","embeddable":true,"href":"https:\/\/abix.com.br\/es\/wp-json\/wp\/v2\/product_tag?post=19964"}],"curies":[{"name":"wp","href":"https:\/\/api.w.org\/{rel}","templated":true}]}}