{"id":19968,"date":"2023-12-19T08:46:57","date_gmt":"2023-12-19T11:46:57","guid":{"rendered":"https:\/\/abix.com.br\/produto\/hytera-hp786\/"},"modified":"2024-01-22T10:54:33","modified_gmt":"2024-01-22T13:54:33","slug":"hytera-hp786","status":"publish","type":"product","link":"https:\/\/abix.com.br\/es\/produto\/hytera-hp786\/","title":{"rendered":"Hytera HP786"},"content":{"rendered":"\n\t<section class=\"section\" id=\"section_39054039\">\n\t\t<div class=\"section-bg fill\" >\n\t\t\t\t\t\t\t\t\t\n\t\t\t\n\n\t\t<\/div>\n\n\t\t\n\n\t\t<div class=\"section-content relative\">\n\t\t\t\n<div class=\"row\"  id=\"row-976989628\">\n\n\t<div id=\"col-835471887\" class=\"col small-12 large-12\"  >\n\t\t\t\t<div class=\"col-inner\"  >\n\t\t\t\n\t\t\t\n<div class=\"row\"  id=\"row-752029785\">\n\n\t<div id=\"col-492153052\" class=\"col small-12 large-12\"  >\n\t\t\t\t<div class=\"col-inner\"  >\n\t\t\t\n\t\t\t\n\n\t\t<div class=\"tabbed-content locacao-tabs\">\n\t\t\t\n\t\t\t<ul class=\"nav nav-tabs nav-normal nav-size-xlarge nav-left active-on-hover\" role=\"tablist\"><li id=\"tab-informaci\u00d3n\" class=\"tab active has-icon\" role=\"presentation\"><a href=\"#tab_informaci\u00d3n\" role=\"tab\" aria-selected=\"true\" aria-controls=\"tab_informaci\u00d3n\"><span>INFORMACI\u00d3N<\/span><\/a><\/li>\n<li id=\"tab-accesorios\" class=\"tab has-icon\" role=\"presentation\"><a href=\"#tab_accesorios\" tabindex=\"-1\" role=\"tab\" aria-selected=\"false\" aria-controls=\"tab_accesorios\"><span>ACCESORIOS<\/span><\/a><\/li>\n<li id=\"tab-descargas\" class=\"tab has-icon\" role=\"presentation\"><a href=\"#tab_descargas\" tabindex=\"-1\" role=\"tab\" aria-selected=\"false\" aria-controls=\"tab_descargas\"><span>DESCARGAS<\/span><\/a><\/li>\n<li id=\"tab-especificaciones\" class=\"tab has-icon\" role=\"presentation\"><a href=\"#tab_especificaciones\" tabindex=\"-1\" role=\"tab\" aria-selected=\"false\" aria-controls=\"tab_especificaciones\"><span>ESPECIFICACIONES<\/span><\/a><\/li><\/ul><div class=\"tab-panels\"><div id=\"tab_informaci\u00d3n\" class=\"panel active entry-content\" role=\"tabpanel\" aria-labelledby=\"tab-informaci\u00d3n\">\n<div class=\"row\"  id=\"row-287431018\">\n\n\t<div id=\"col-207719641\" class=\"col small-12 large-12\"  >\n\t\t\t\t<div class=\"col-inner\"  >\n\t\t\t\n\t\t\t\n\t<div id=\"text-724330357\" class=\"text\">\n\t\t\n<p>La radio Hytera HP786 es un dispositivo digital port\u00e1til que ofrece una amplia gama de caracter\u00edsticas t\u00e9cnicas para satisfacer las necesidades de comunicaci\u00f3n de profesionales en una variedad de industrias. Entre las principales caracter\u00edsticas t\u00e9cnicas del HP786 destacan las siguientes:<\/p>\n<ul>\n<li>Comunicaci\u00f3n digital DMR Nivel 3<\/li>\n<\/ul>\n<p>El HP786 es una radio DMR Tier 3, lo que significa que ofrece una serie de beneficios sobre las radios anal\u00f3gicas, tales como:<\/p>\n<ul>\n<li>Mayor eficiencia espectral<\/li>\n<li>Mejor calidad de audio<\/li>\n<li>Mayor seguridad<\/li>\n<li>Mayor capacidad de datos<\/li>\n<li>Cobertura mejorada<\/li>\n<\/ul>\n<p>El HP786 ofrece una cobertura mejorada en comparaci\u00f3n con las radios anal\u00f3gicas gracias a la tecnolog\u00eda DMR. La radio tambi\u00e9n cuenta con una antena interna de alta calidad que contribuye a mejorar la cobertura.<\/p>\n<ul>\n<li>Robustez<\/li>\n<\/ul>\n<p>El HP786 es una radio resistente dise\u00f1ada para soportar condiciones adversas. La radio es resistente al agua (IP68) y ca\u00eddas (MIL-STD-810G).<\/p>\n<ul>\n<li>Bater\u00eda de larga duraci\u00f3n<\/li>\n<\/ul>\n<p>El HP786 tiene una bater\u00eda de iones de litio de alta capacidad que ofrece hasta 24 horas de conversaci\u00f3n.<\/p>\n<ul>\n<li>Interfaz intuitiva<\/li>\n<\/ul>\n<p>El HP786 tiene una interfaz intuitiva que facilita el uso de la radio. La radio tiene una pantalla a color de 2,4 pulgadas que le permite ver informaci\u00f3n f\u00e1cilmente.<br \/>\n\t\t\n<style>\n#text-724330357 {\n  line-height: 1.95;\n}\n<\/style>\n\t<\/div>\n\t\n\t\t<\/div>\n\t\t\t\t\t<\/div>\n\n\t\n<\/div>\n<\/div>\n<div id=\"tab_accesorios\" class=\"panel entry-content\" role=\"tabpanel\" aria-labelledby=\"tab-accesorios\">\n<div class=\"row align-middle\"  id=\"row-866243319\">\n\n\t<div id=\"col-1572777906\" class=\"col medium-10 small-12 large-10\"  >\n\t\t\t\t<div class=\"col-inner\"  >\n\t\t\t\n\t\t\t\n<p>&nbsp;<\/p>\n\t\t<\/div>\n\t\t\t\t\t<\/div>\n\n\t\n\n\t<div id=\"col-190045574\" class=\"col medium-2 small-12 large-2\"  >\n\t\t\t\t<div class=\"col-inner\"  >\n\t\t\t\n\t\t\t\n\t\t<\/div>\n\t\t\t\t\t<\/div>\n\n\t\n<\/div>\n<\/div>\n<div id=\"tab_descargas\" class=\"panel entry-content\" role=\"tabpanel\" aria-labelledby=\"tab-descargas\">\n<div class=\"row\"  id=\"row-855241157\">\n\n\t<div id=\"col-492349616\" class=\"col medium-10 small-12 large-10\"  >\n\t\t\t\t<div class=\"col-inner\"  >\n\t\t\t\n\t\t\t\n<p><a href=\"https:\/\/abix.com.br\/wp-content\/uploads\/2023\/12\/HP786.pdf\" target=\"_blank\" rel=\"noopener\">HM786 SERIE &#8211; FICHA TECNICA<\/a><\/p>\n\t\t<\/div>\n\t\t\t\t\t<\/div>\n\n\t\n<\/div>\n<\/div>\n<div id=\"tab_especificaciones\" class=\"panel entry-content\" role=\"tabpanel\" aria-labelledby=\"tab-especificaciones\">\n<div class=\"row\"  id=\"row-1030387588\">\n\n\t<div id=\"col-39478524\" class=\"col medium-9 small-12 large-9\"  >\n\t\t\t\t<div class=\"col-inner\"  >\n\t\t\t\n\t\t\t\n<p>BOTONES<\/p>\n<p>PPT t\u00e1ctil: s\u00ed<br \/>\nProgramable: s\u00ed (2 botones)<br \/>\nConfiguraci\u00f3n de acceso directo: s\u00ed<\/p>\n<p>SERVICIOS DE TMO<\/p>\n<p>Capacidad de canales: 1024<br \/>\nCapacidad de zona: 64<\/p>\n<p>ENTORNO DE USUARIO<\/p>\n<p>Temperatura de funcionamiento: -30 \u2103 ~ +60 \u2103<br \/>\nTemperatura de almacenamiento: -40 \u2103 ~ +85 \u2103<br \/>\nProtecci\u00f3n contra agua y polvo: IP67<\/p>\n<p>CARACTER\u00cdSTICAS DE RENDIMIENTO<\/p>\n<p>Rango de frecuencia UHF: 400-470 MHz; VHF1:136~174MHz<br \/>\nVoltaje de funcionamiento: 7,7 V (nominal)<br \/>\nBater\u00eda: pol\u00edmero de litio de 2000 mAh y bater\u00eda inteligente: pol\u00edmero de litio de 3000 mAh (opcional)<br \/>\nAutonom\u00eda de la bater\u00eda: 2000mAh: 20h (GNSS OFF), 16h (GNSS ON) y 3000mAh: 30h (GNSS OFF), 24h (GNSS ON)<\/p>\n<p>CARACTER\u00cdSTICAS F\u00cdSICAS<\/p>\n<p>Peso: 265 g (con bater\u00eda de 2400 mAh) y 302 g (con bater\u00eda de 3000 mAh)<br \/>\nTeclado: No<br \/>\nDimensiones alto x ancho x fondo: 122 mm x 55 mm x 30,5 mm (2000 mAh) y 122 mm x 55 mm x 38 mm (3000 mAh)<br \/>\nPantalla: OLED de 0,91 pulgadas<br \/>\nBluetooth: 5.0 BLE+EDR<\/p>\n\t\t<\/div>\n\t\t\t\t\t<\/div>\n\n\t\n<\/div>\n<\/div><\/div><\/div>\n\t\t<\/div>\n\t\t\t\t\t<\/div>\n\n\t\n<\/div>\n\t\t<\/div>\n\t\t\t\t\t<\/div>\n\n\t\n<\/div>\n\t\t<\/div>\n\n\t\t\n<style>\n#section_39054039 {\n  padding-top: 0px;\n  padding-bottom: 0px;\n}\n<\/style>\n\t<\/section>\n\t\n","protected":false},"excerpt":{"rendered":"<p>La radio Hytera HP786 es un dispositivo digital port\u00e1til que ofrece una amplia gama de caracter\u00edsticas t\u00e9cnicas para satisfacer las necesidades de comunicaci\u00f3n de profesionales en una variedad de industrias.<\/p>\n<p>El HP786 tiene una interfaz intuitiva que facilita el uso de la radio. La radio tiene una pantalla a color de 2,4 pulgadas que le permite ver informaci\u00f3n f\u00e1cilmente.<\/p>\n","protected":false},"featured_media":19881,"comment_status":"open","ping_status":"closed","template":"","meta":[],"product_brand":[],"product_cat":[200],"product_tag":[],"class_list":{"0":"post-19968","1":"product","2":"type-product","3":"status-publish","4":"has-post-thumbnail","6":"product_cat-hytera-es","8":"first","9":"instock","10":"shipping-taxable","11":"product-type-simple"},"yoast_head":"<!-- This site is optimized with the Yoast SEO plugin v27.3 - https:\/\/yoast.com\/product\/yoast-seo-wordpress\/ -->\n<title>Hytera HP786 - Abix<\/title>\n<meta name=\"robots\" content=\"index, follow, max-snippet:-1, max-image-preview:large, max-video-preview:-1\" \/>\n<link rel=\"canonical\" href=\"https:\/\/abix.com.br\/es\/produto\/hytera-hp786\/\" \/>\n<meta property=\"og:locale\" content=\"es_ES\" \/>\n<meta property=\"og:type\" content=\"article\" \/>\n<meta property=\"og:title\" content=\"Hytera HP786 - Abix\" \/>\n<meta property=\"og:description\" content=\"La radio Hytera HP786 es un dispositivo digital port\u00e1til que ofrece una amplia gama de caracter\u00edsticas t\u00e9cnicas para satisfacer las necesidades de comunicaci\u00f3n de profesionales en una variedad de industrias. El HP786 tiene una interfaz intuitiva que facilita el uso de la radio. La radio tiene una pantalla a color de 2,4 pulgadas que le permite ver informaci\u00f3n f\u00e1cilmente.\" \/>\n<meta property=\"og:url\" content=\"https:\/\/abix.com.br\/es\/produto\/hytera-hp786\/\" \/>\n<meta property=\"og:site_name\" content=\"Abix\" \/>\n<meta property=\"article:modified_time\" content=\"2024-01-22T13:54:33+00:00\" \/>\n<meta property=\"og:image\" content=\"https:\/\/abix.com.br\/wp-content\/uploads\/2023\/12\/hp786-42-2-2972px-scaled.webp\" \/>\n\t<meta property=\"og:image:width\" content=\"2560\" \/>\n\t<meta property=\"og:image:height\" content=\"2560\" \/>\n\t<meta property=\"og:image:type\" content=\"image\/webp\" \/>\n<meta name=\"twitter:card\" content=\"summary_large_image\" \/>\n<meta name=\"twitter:label1\" content=\"Tiempo de lectura\" \/>\n\t<meta name=\"twitter:data1\" content=\"2 minutos\" \/>\n<script type=\"application\/ld+json\" class=\"yoast-schema-graph\">{\"@context\":\"https:\\\/\\\/schema.org\",\"@graph\":[{\"@type\":\"WebPage\",\"@id\":\"https:\\\/\\\/abix.com.br\\\/es\\\/produto\\\/hytera-hp786\\\/\",\"url\":\"https:\\\/\\\/abix.com.br\\\/es\\\/produto\\\/hytera-hp786\\\/\",\"name\":\"Hytera HP786 - Abix\",\"isPartOf\":{\"@id\":\"https:\\\/\\\/abix.com.br\\\/#website\"},\"primaryImageOfPage\":{\"@id\":\"https:\\\/\\\/abix.com.br\\\/es\\\/produto\\\/hytera-hp786\\\/#primaryimage\"},\"image\":{\"@id\":\"https:\\\/\\\/abix.com.br\\\/es\\\/produto\\\/hytera-hp786\\\/#primaryimage\"},\"thumbnailUrl\":\"https:\\\/\\\/abix.com.br\\\/wp-content\\\/uploads\\\/2023\\\/12\\\/hp786-42-2-2972px-scaled.webp\",\"datePublished\":\"2023-12-19T11:46:57+00:00\",\"dateModified\":\"2024-01-22T13:54:33+00:00\",\"breadcrumb\":{\"@id\":\"https:\\\/\\\/abix.com.br\\\/es\\\/produto\\\/hytera-hp786\\\/#breadcrumb\"},\"inLanguage\":\"es\",\"potentialAction\":[{\"@type\":\"ReadAction\",\"target\":[\"https:\\\/\\\/abix.com.br\\\/es\\\/produto\\\/hytera-hp786\\\/\"]}]},{\"@type\":\"ImageObject\",\"inLanguage\":\"es\",\"@id\":\"https:\\\/\\\/abix.com.br\\\/es\\\/produto\\\/hytera-hp786\\\/#primaryimage\",\"url\":\"https:\\\/\\\/abix.com.br\\\/wp-content\\\/uploads\\\/2023\\\/12\\\/hp786-42-2-2972px-scaled.webp\",\"contentUrl\":\"https:\\\/\\\/abix.com.br\\\/wp-content\\\/uploads\\\/2023\\\/12\\\/hp786-42-2-2972px-scaled.webp\",\"width\":2560,\"height\":2560},{\"@type\":\"BreadcrumbList\",\"@id\":\"https:\\\/\\\/abix.com.br\\\/es\\\/produto\\\/hytera-hp786\\\/#breadcrumb\",\"itemListElement\":[{\"@type\":\"ListItem\",\"position\":1,\"name\":\"In\u00edcio\",\"item\":\"https:\\\/\\\/abix.com.br\\\/es\\\/\"},{\"@type\":\"ListItem\",\"position\":2,\"name\":\"Tienda\",\"item\":\"https:\\\/\\\/abix.com.br\\\/loja\\\/\"},{\"@type\":\"ListItem\",\"position\":3,\"name\":\"Hytera HP786\"}]},{\"@type\":\"WebSite\",\"@id\":\"https:\\\/\\\/abix.com.br\\\/#website\",\"url\":\"https:\\\/\\\/abix.com.br\\\/\",\"name\":\"Abix\",\"description\":\"\",\"potentialAction\":[{\"@type\":\"SearchAction\",\"target\":{\"@type\":\"EntryPoint\",\"urlTemplate\":\"https:\\\/\\\/abix.com.br\\\/?s={search_term_string}\"},\"query-input\":{\"@type\":\"PropertyValueSpecification\",\"valueRequired\":true,\"valueName\":\"search_term_string\"}}],\"inLanguage\":\"es\"}]}<\/script>\n<!-- \/ Yoast SEO plugin. -->","yoast_head_json":{"title":"Hytera HP786 - Abix","robots":{"index":"index","follow":"follow","max-snippet":"max-snippet:-1","max-image-preview":"max-image-preview:large","max-video-preview":"max-video-preview:-1"},"canonical":"https:\/\/abix.com.br\/es\/produto\/hytera-hp786\/","og_locale":"es_ES","og_type":"article","og_title":"Hytera HP786 - Abix","og_description":"La radio Hytera HP786 es un dispositivo digital port\u00e1til que ofrece una amplia gama de caracter\u00edsticas t\u00e9cnicas para satisfacer las necesidades de comunicaci\u00f3n de profesionales en una variedad de industrias. El HP786 tiene una interfaz intuitiva que facilita el uso de la radio. La radio tiene una pantalla a color de 2,4 pulgadas que le permite ver informaci\u00f3n f\u00e1cilmente.","og_url":"https:\/\/abix.com.br\/es\/produto\/hytera-hp786\/","og_site_name":"Abix","article_modified_time":"2024-01-22T13:54:33+00:00","og_image":[{"width":2560,"height":2560,"url":"https:\/\/abix.com.br\/wp-content\/uploads\/2023\/12\/hp786-42-2-2972px-scaled.webp","type":"image\/webp"}],"twitter_card":"summary_large_image","twitter_misc":{"Tiempo de lectura":"2 minutos"},"schema":{"@context":"https:\/\/schema.org","@graph":[{"@type":"WebPage","@id":"https:\/\/abix.com.br\/es\/produto\/hytera-hp786\/","url":"https:\/\/abix.com.br\/es\/produto\/hytera-hp786\/","name":"Hytera HP786 - Abix","isPartOf":{"@id":"https:\/\/abix.com.br\/#website"},"primaryImageOfPage":{"@id":"https:\/\/abix.com.br\/es\/produto\/hytera-hp786\/#primaryimage"},"image":{"@id":"https:\/\/abix.com.br\/es\/produto\/hytera-hp786\/#primaryimage"},"thumbnailUrl":"https:\/\/abix.com.br\/wp-content\/uploads\/2023\/12\/hp786-42-2-2972px-scaled.webp","datePublished":"2023-12-19T11:46:57+00:00","dateModified":"2024-01-22T13:54:33+00:00","breadcrumb":{"@id":"https:\/\/abix.com.br\/es\/produto\/hytera-hp786\/#breadcrumb"},"inLanguage":"es","potentialAction":[{"@type":"ReadAction","target":["https:\/\/abix.com.br\/es\/produto\/hytera-hp786\/"]}]},{"@type":"ImageObject","inLanguage":"es","@id":"https:\/\/abix.com.br\/es\/produto\/hytera-hp786\/#primaryimage","url":"https:\/\/abix.com.br\/wp-content\/uploads\/2023\/12\/hp786-42-2-2972px-scaled.webp","contentUrl":"https:\/\/abix.com.br\/wp-content\/uploads\/2023\/12\/hp786-42-2-2972px-scaled.webp","width":2560,"height":2560},{"@type":"BreadcrumbList","@id":"https:\/\/abix.com.br\/es\/produto\/hytera-hp786\/#breadcrumb","itemListElement":[{"@type":"ListItem","position":1,"name":"In\u00edcio","item":"https:\/\/abix.com.br\/es\/"},{"@type":"ListItem","position":2,"name":"Tienda","item":"https:\/\/abix.com.br\/loja\/"},{"@type":"ListItem","position":3,"name":"Hytera HP786"}]},{"@type":"WebSite","@id":"https:\/\/abix.com.br\/#website","url":"https:\/\/abix.com.br\/","name":"Abix","description":"","potentialAction":[{"@type":"SearchAction","target":{"@type":"EntryPoint","urlTemplate":"https:\/\/abix.com.br\/?s={search_term_string}"},"query-input":{"@type":"PropertyValueSpecification","valueRequired":true,"valueName":"search_term_string"}}],"inLanguage":"es"}]}},"_links":{"self":[{"href":"https:\/\/abix.com.br\/es\/wp-json\/wp\/v2\/product\/19968","targetHints":{"allow":["GET"]}}],"collection":[{"href":"https:\/\/abix.com.br\/es\/wp-json\/wp\/v2\/product"}],"about":[{"href":"https:\/\/abix.com.br\/es\/wp-json\/wp\/v2\/types\/product"}],"replies":[{"embeddable":true,"href":"https:\/\/abix.com.br\/es\/wp-json\/wp\/v2\/comments?post=19968"}],"wp:featuredmedia":[{"embeddable":true,"href":"https:\/\/abix.com.br\/es\/wp-json\/wp\/v2\/media\/19881"}],"wp:attachment":[{"href":"https:\/\/abix.com.br\/es\/wp-json\/wp\/v2\/media?parent=19968"}],"wp:term":[{"taxonomy":"product_brand","embeddable":true,"href":"https:\/\/abix.com.br\/es\/wp-json\/wp\/v2\/product_brand?post=19968"},{"taxonomy":"product_cat","embeddable":true,"href":"https:\/\/abix.com.br\/es\/wp-json\/wp\/v2\/product_cat?post=19968"},{"taxonomy":"product_tag","embeddable":true,"href":"https:\/\/abix.com.br\/es\/wp-json\/wp\/v2\/product_tag?post=19968"}],"curies":[{"name":"wp","href":"https:\/\/api.w.org\/{rel}","templated":true}]}}