{"id":19971,"date":"2023-12-20T09:10:32","date_gmt":"2023-12-20T12:10:32","guid":{"rendered":"https:\/\/abix.com.br\/produto\/hytera-hr1060\/"},"modified":"2025-11-19T08:40:42","modified_gmt":"2025-11-19T11:40:42","slug":"hytera-hr1060","status":"publish","type":"product","link":"https:\/\/abix.com.br\/es\/produto\/hytera-hr1060\/","title":{"rendered":"Hytera HR1060"},"content":{"rendered":"\n\t<section class=\"section\" id=\"section_1882831947\">\n\t\t<div class=\"section-bg fill\" >\n\t\t\t\t\t\t\t\t\t\n\t\t\t\n\n\t\t<\/div>\n\n\t\t\n\n\t\t<div class=\"section-content relative\">\n\t\t\t\n<div class=\"row\"  id=\"row-467336836\">\n\n\t<div id=\"col-1395143933\" class=\"col small-12 large-12\"  >\n\t\t\t\t<div class=\"col-inner\"  >\n\t\t\t\n\t\t\t\n<div class=\"row\"  id=\"row-1705842190\">\n\n\t<div id=\"col-498358561\" class=\"col small-12 large-12\"  >\n\t\t\t\t<div class=\"col-inner\"  >\n\t\t\t\n\t\t\t\n\n\t\t<div class=\"tabbed-content locacao-tabs\">\n\t\t\t\n\t\t\t<ul class=\"nav nav-tabs nav-normal nav-size-xlarge nav-left active-on-hover\" role=\"tablist\"><li id=\"tab-informaci\u00d3n\" class=\"tab active has-icon\" role=\"presentation\"><a href=\"#tab_informaci\u00d3n\" role=\"tab\" aria-selected=\"true\" aria-controls=\"tab_informaci\u00d3n\"><span>INFORMACI\u00d3N<\/span><\/a><\/li>\n<li id=\"tab-accesorios\" class=\"tab has-icon\" role=\"presentation\"><a href=\"#tab_accesorios\" tabindex=\"-1\" role=\"tab\" aria-selected=\"false\" aria-controls=\"tab_accesorios\"><span>ACCESORIOS<\/span><\/a><\/li>\n<li id=\"tab-descargas\" class=\"tab has-icon\" role=\"presentation\"><a href=\"#tab_descargas\" tabindex=\"-1\" role=\"tab\" aria-selected=\"false\" aria-controls=\"tab_descargas\"><span>DESCARGAS<\/span><\/a><\/li>\n<li id=\"tab-especificaciones\" class=\"tab has-icon\" role=\"presentation\"><a href=\"#tab_especificaciones\" tabindex=\"-1\" role=\"tab\" aria-selected=\"false\" aria-controls=\"tab_especificaciones\"><span>ESPECIFICACIONES<\/span><\/a><\/li><\/ul><div class=\"tab-panels\"><div id=\"tab_informaci\u00d3n\" class=\"panel active entry-content\" role=\"tabpanel\" aria-labelledby=\"tab-informaci\u00d3n\">\n<div class=\"row\"  id=\"row-1268979765\">\n\n\t<div id=\"col-124301189\" class=\"col small-12 large-12\"  >\n\t\t\t\t<div class=\"col-inner\"  >\n\t\t\t\n\t\t\t\n\t<div id=\"text-3881505416\" class=\"text\">\n\t\t\n<p>Hytera HR1060<br \/>\nEl repetidor Hytera HR1060 es una soluci\u00f3n de comunicaciones digitales profesional que ofrece una variedad de caracter\u00edsticas t\u00e9cnicas avanzadas para mejorar la eficiencia y confiabilidad de las comunicaciones.<\/p>\n<p>Recepci\u00f3n y transmisi\u00f3n de alta calidad.<br \/>\nEl HR1060 est\u00e1 equipado con un receptor DSP de alta sensibilidad que puede mejorar la calidad de la recepci\u00f3n en entornos ruidosos. El transmisor tambi\u00e9n est\u00e1 optimizado para proporcionar una transmisi\u00f3n de audio clara y potente.<\/p>\n<p>Capacidad de canales flexibles<br \/>\nEl HR1060 admite hasta 16 canales, lo que permite a los usuarios personalizar su red de radio para satisfacer sus necesidades espec\u00edficas.<\/p>\n<p>Potente potencia de salida<br \/>\nEl HR1060 ofrece una potencia de salida de hasta 50 vatios, lo que proporciona un rango de comunicaci\u00f3n superior.<\/p>\n<p>Conectividad IP<br \/>\nEl HR1060 ofrece conectividad IP para permitir a los usuarios conectarse a redes LTE privadas o a Internet. Esto permite a los usuarios compartir datos y archivos de forma f\u00e1cil y eficiente.<\/p>\n<p>Seguridad avanzada<br \/>\nEl HR1060 admite cifrado AES de 256 bits para proteger las comunicaciones.<\/p>\n<p>aplicaciones<br \/>\nEl repetidor Hytera HR1060 es adecuado para una variedad de aplicaciones que incluyen:<br \/>\n\u2022 Seguridad P\u00fablica<br \/>\n\u2022 Construcci\u00f3n<br \/>\n\u2022 Log\u00edstica<br \/>\n\u2022 Fabricaci\u00f3n<br \/>\n\u2022 Utilidad<br \/>\n\t\t\n<style>\n#text-3881505416 {\n  line-height: 1.95;\n}\n<\/style>\n\t<\/div>\n\t\n\t\t<\/div>\n\t\t\t\t\t<\/div>\n\n\t\n<\/div>\n<\/div>\n<div id=\"tab_accesorios\" class=\"panel entry-content\" role=\"tabpanel\" aria-labelledby=\"tab-accesorios\">\n<div class=\"row align-middle\"  id=\"row-399759608\">\n\n\t<div id=\"col-1638367139\" class=\"col medium-10 small-12 large-10\"  >\n\t\t\t\t<div class=\"col-inner\"  >\n\t\t\t\n\t\t\t\n<p>&nbsp;<\/p>\n\t\t<\/div>\n\t\t\t\t\t<\/div>\n\n\t\n\n\t<div id=\"col-960309983\" class=\"col medium-2 small-12 large-2\"  >\n\t\t\t\t<div class=\"col-inner\"  >\n\t\t\t\n\t\t\t\n\t\t<\/div>\n\t\t\t\t\t<\/div>\n\n\t\n<\/div>\n<\/div>\n<div id=\"tab_descargas\" class=\"panel entry-content\" role=\"tabpanel\" aria-labelledby=\"tab-descargas\">\n<div class=\"row\"  id=\"row-1416085821\">\n\n\t<div id=\"col-1968340616\" class=\"col medium-10 small-12 large-10\"  >\n\t\t\t\t<div class=\"col-inner\"  >\n\t\t\t\n\t\t\t\n<p><a href=\"https:\/\/abix.com.br\/wp-content\/uploads\/2023\/12\/HR1066.pdf\" target=\"_blank\" rel=\"noopener\">HR1060 SERIE &#8211; FICHA TECNICA<\/a><\/p>\n\t\t<\/div>\n\t\t\t\t\t<\/div>\n\n\t\n<\/div>\n<\/div>\n<div id=\"tab_especificaciones\" class=\"panel entry-content\" role=\"tabpanel\" aria-labelledby=\"tab-especificaciones\">\n<div class=\"row\"  id=\"row-1947193787\">\n\n\t<div id=\"col-1220283869\" class=\"col small-12 large-12\"  >\n\t\t\t\t<div class=\"col-inner\"  >\n\t\t\t\n\t\t\t\n<p>ESPECIFICACIONES GENERALES<\/p>\n<p>Rango de frecuencia: UHF: 400-470 MHz, VHF: 136-174 MHz<br \/>\nCapacidad de canales: 64<br \/>\nEspaciado de canales: 12,5 KHz\/20 KHz\/25 KHz<br \/>\nVoltaje de funcionamiento: CC: 13,6 V \u00b1 15 % CA: 100-240 V<br \/>\nConsumo de corriente (CC): En espera: \u2264 0,9 A, Transmisi\u00f3n: \u2264 12 A<br \/>\nConsumo de corriente (CA): En espera: \u2264 0,35 A, Transmisi\u00f3n: \u2264 1,2 A<br \/>\nEstabilidad de frecuencia: \u2264 \u00b10,5 ppm<br \/>\nImpedancia de antena: 50 \u03a9<br \/>\nCiclo de trabajo: 100%<br \/>\nDimensiones (Al x An x Pr): 44 \u00d7 483 \u00d7 366 mm<br \/>\nPeso: 5,8 kg<br \/>\nRed: Modo convencional * Trunking Lite digital * Simulcast<\/p>\n<p>TRANSMISS\u00c3O<\/p>\n<p>Potencia de salida RF: 5-50 W (ajustable)<br \/>\nModulaci\u00f3n FM: 11 K0F3E a 12,5 kHz, 14 K0F3E a 20 kHz, 16 K0F3E a 25 kHz<br \/>\nModulaci\u00f3n digital 4FSK Solo datos: 7K60F1D, solo voz: 7K60F1E, voz y datos: 7K60F1W<br \/>\nEmisi\u00f3n conducida\/radiada: Operaci\u00f3n \u22641GHz \u200b\u200b\u200b\u200b-36dBm, &gt; 1GHz -30dBm, en espera \u22641GHz \u200b\u200b\u200b\u200b-57dBm, &gt;1GHz -47dBm<br \/>\nL\u00edmite de modulaci\u00f3n: \u00b12,5 kHz a 12,5 kHz; \u00b14,0 kHz a 20 kHz, \u00b15,0 kHz a 25 kHz<br \/>\nZumbido y ruido FM: 40 dB a 12,5 kHz; 43 dB a 20 kHz 45 dB a 25 kHz<br \/>\nPotencia del canal adyacente: 60 dB a 12,5 kHz; 70 dB a 20\/25 kHz<br \/>\nRespuesta de audio: +1~ -3dB<br \/>\nDistorsi\u00f3n de audio: \u22643%<br \/>\nTipo de vocoder digital: AMBE+2TM<br \/>\nProtocolo digital: ETSI-TS102 361-1,-2,-3<\/p>\n<div>MOSTRADOR<\/div>\n<div><\/div>\n<div>Sensibilidad<\/div>\n<div>Anal\u00f3gico: 0,18 \u03bcV (12 dB SINAD), 0,16 \u03bcV (t\u00edpico) (12 dB SINAD),<\/div>\n<div>Digital: 0.18 \u03bcV\/BER 5%<\/div>\n<div>Selectividad de canales adyacentes:<\/div>\n<div>TIA-603: 65 dB @ 12.5 kHz, 75 dB @ 20\/25 kHz<\/div>\n<div>ETSI: 60 dB @ 12.5 kHz; 70 dB @ 20\/25 kHz<\/div>\n<div>Intermodulaci\u00f3n<\/div>\n<div>TIA-603: 75 dB @ 12.5\/20\/25 kHz<\/div>\n<div>ETSI: 70 dB @ 12.5\/20\/25 kHz<\/div>\n<div>Respuesta de rechazo espuria:<\/div>\n<div>TIA-603: 80 dB @ 12.5\/20\/25 kHz<\/div>\n<div>ETSI: 80 dB @ 12.5\/20\/25 kHz<\/div>\n<div>Bloqueo: 90 dB<\/div>\n<div>Zumbido y ruido: 40 dB a 12,5 kHz, 43 dB a 20 kHz, 45 dB a 25 kHz<\/div>\n<div>Emisiones no esenciales conducidas: \u22641GHz \u200b\u200b\u200b\u200b\u2264-57dBm, &gt;1GHz \u2264-47dBm<\/div>\n<div><\/div>\n<div>AMBIENTE<\/div>\n<div><\/div>\n<div>Temperatura de funcionamiento: -30\u00b0C~+60\u00b0C<br \/>\nTemperatura de almacenamiento: -40\u00b0C~+85\u00b0C<\/div>\n\t\t<\/div>\n\t\t\t\t\t<\/div>\n\n\t\n<\/div>\n<\/div><\/div><\/div>\n\t\t<\/div>\n\t\t\t\t\t<\/div>\n\n\t\n<\/div>\n\t\t<\/div>\n\t\t\t\t\t<\/div>\n\n\t\n<\/div>\n\t\t<\/div>\n\n\t\t\n<style>\n#section_1882831947 {\n  padding-top: 0px;\n  padding-bottom: 0px;\n}\n<\/style>\n\t<\/section>\n\t\n","protected":false},"excerpt":{"rendered":"<p>Bas\u00e1ndose en la experiencia de Hytera en la industria, los comentarios de los clientes y los desarrollos tecnol\u00f3gicos, Hytera ha lanzado una nueva generaci\u00f3n de repetidor DMR ultradelgado HR1066. El equipo tiene un nuevo salto en apariencia, rendimiento y gesti\u00f3n, con funciones m\u00e1s potentes y una gesti\u00f3n de configuraci\u00f3n m\u00e1s conveniente, que puede cumplir con los m\u00e1s altos requisitos para repetidores.<\/p>\n","protected":false},"featured_media":19915,"comment_status":"open","ping_status":"closed","template":"","meta":[],"product_brand":[],"product_cat":[200],"product_tag":[],"class_list":{"0":"post-19971","1":"product","2":"type-product","3":"status-publish","4":"has-post-thumbnail","6":"product_cat-hytera-es","8":"first","9":"instock","10":"shipping-taxable","11":"product-type-simple"},"yoast_head":"<!-- This site is optimized with the Yoast SEO plugin v27.4 - https:\/\/yoast.com\/product\/yoast-seo-wordpress\/ -->\n<title>Hytera HR1060 - Abix<\/title>\n<meta name=\"robots\" content=\"index, follow, max-snippet:-1, max-image-preview:large, max-video-preview:-1\" \/>\n<link rel=\"canonical\" href=\"https:\/\/abix.com.br\/es\/produto\/hytera-hr1060\/\" \/>\n<meta property=\"og:locale\" content=\"es_ES\" \/>\n<meta property=\"og:type\" content=\"article\" \/>\n<meta property=\"og:title\" content=\"Hytera HR1060 - Abix\" \/>\n<meta property=\"og:description\" content=\"Bas\u00e1ndose en la experiencia de Hytera en la industria, los comentarios de los clientes y los desarrollos tecnol\u00f3gicos, Hytera ha lanzado una nueva generaci\u00f3n de repetidor DMR ultradelgado HR1066. El equipo tiene un nuevo salto en apariencia, rendimiento y gesti\u00f3n, con funciones m\u00e1s potentes y una gesti\u00f3n de configuraci\u00f3n m\u00e1s conveniente, que puede cumplir con los m\u00e1s altos requisitos para repetidores.\" \/>\n<meta property=\"og:url\" content=\"https:\/\/abix.com.br\/es\/produto\/hytera-hr1060\/\" \/>\n<meta property=\"og:site_name\" content=\"Abix\" \/>\n<meta property=\"article:modified_time\" content=\"2025-11-19T11:40:42+00:00\" \/>\n<meta property=\"og:image\" content=\"https:\/\/abix.com.br\/wp-content\/uploads\/2023\/12\/HR1060_2-2972px-scaled.webp\" \/>\n\t<meta property=\"og:image:width\" content=\"2560\" \/>\n\t<meta property=\"og:image:height\" content=\"2560\" \/>\n\t<meta property=\"og:image:type\" content=\"image\/webp\" \/>\n<meta name=\"twitter:card\" content=\"summary_large_image\" \/>\n<meta name=\"twitter:label1\" content=\"Tiempo de lectura\" \/>\n\t<meta name=\"twitter:data1\" content=\"3 minutos\" \/>\n<script type=\"application\/ld+json\" class=\"yoast-schema-graph\">{\"@context\":\"https:\\\/\\\/schema.org\",\"@graph\":[{\"@type\":\"WebPage\",\"@id\":\"https:\\\/\\\/abix.com.br\\\/es\\\/produto\\\/hytera-hr1060\\\/\",\"url\":\"https:\\\/\\\/abix.com.br\\\/es\\\/produto\\\/hytera-hr1060\\\/\",\"name\":\"Hytera HR1060 - Abix\",\"isPartOf\":{\"@id\":\"https:\\\/\\\/abix.com.br\\\/#website\"},\"primaryImageOfPage\":{\"@id\":\"https:\\\/\\\/abix.com.br\\\/es\\\/produto\\\/hytera-hr1060\\\/#primaryimage\"},\"image\":{\"@id\":\"https:\\\/\\\/abix.com.br\\\/es\\\/produto\\\/hytera-hr1060\\\/#primaryimage\"},\"thumbnailUrl\":\"https:\\\/\\\/abix.com.br\\\/wp-content\\\/uploads\\\/2023\\\/12\\\/HR1060_2-2972px-scaled.webp\",\"datePublished\":\"2023-12-20T12:10:32+00:00\",\"dateModified\":\"2025-11-19T11:40:42+00:00\",\"breadcrumb\":{\"@id\":\"https:\\\/\\\/abix.com.br\\\/es\\\/produto\\\/hytera-hr1060\\\/#breadcrumb\"},\"inLanguage\":\"es\",\"potentialAction\":[{\"@type\":\"ReadAction\",\"target\":[\"https:\\\/\\\/abix.com.br\\\/es\\\/produto\\\/hytera-hr1060\\\/\"]}]},{\"@type\":\"ImageObject\",\"inLanguage\":\"es\",\"@id\":\"https:\\\/\\\/abix.com.br\\\/es\\\/produto\\\/hytera-hr1060\\\/#primaryimage\",\"url\":\"https:\\\/\\\/abix.com.br\\\/wp-content\\\/uploads\\\/2023\\\/12\\\/HR1060_2-2972px-scaled.webp\",\"contentUrl\":\"https:\\\/\\\/abix.com.br\\\/wp-content\\\/uploads\\\/2023\\\/12\\\/HR1060_2-2972px-scaled.webp\",\"width\":2560,\"height\":2560},{\"@type\":\"BreadcrumbList\",\"@id\":\"https:\\\/\\\/abix.com.br\\\/es\\\/produto\\\/hytera-hr1060\\\/#breadcrumb\",\"itemListElement\":[{\"@type\":\"ListItem\",\"position\":1,\"name\":\"In\u00edcio\",\"item\":\"https:\\\/\\\/abix.com.br\\\/es\\\/\"},{\"@type\":\"ListItem\",\"position\":2,\"name\":\"Tienda\",\"item\":\"https:\\\/\\\/abix.com.br\\\/loja\\\/\"},{\"@type\":\"ListItem\",\"position\":3,\"name\":\"Hytera HR1060\"}]},{\"@type\":\"WebSite\",\"@id\":\"https:\\\/\\\/abix.com.br\\\/#website\",\"url\":\"https:\\\/\\\/abix.com.br\\\/\",\"name\":\"Abix\",\"description\":\"\",\"potentialAction\":[{\"@type\":\"SearchAction\",\"target\":{\"@type\":\"EntryPoint\",\"urlTemplate\":\"https:\\\/\\\/abix.com.br\\\/?s={search_term_string}\"},\"query-input\":{\"@type\":\"PropertyValueSpecification\",\"valueRequired\":true,\"valueName\":\"search_term_string\"}}],\"inLanguage\":\"es\"}]}<\/script>\n<!-- \/ Yoast SEO plugin. -->","yoast_head_json":{"title":"Hytera HR1060 - Abix","robots":{"index":"index","follow":"follow","max-snippet":"max-snippet:-1","max-image-preview":"max-image-preview:large","max-video-preview":"max-video-preview:-1"},"canonical":"https:\/\/abix.com.br\/es\/produto\/hytera-hr1060\/","og_locale":"es_ES","og_type":"article","og_title":"Hytera HR1060 - Abix","og_description":"Bas\u00e1ndose en la experiencia de Hytera en la industria, los comentarios de los clientes y los desarrollos tecnol\u00f3gicos, Hytera ha lanzado una nueva generaci\u00f3n de repetidor DMR ultradelgado HR1066. El equipo tiene un nuevo salto en apariencia, rendimiento y gesti\u00f3n, con funciones m\u00e1s potentes y una gesti\u00f3n de configuraci\u00f3n m\u00e1s conveniente, que puede cumplir con los m\u00e1s altos requisitos para repetidores.","og_url":"https:\/\/abix.com.br\/es\/produto\/hytera-hr1060\/","og_site_name":"Abix","article_modified_time":"2025-11-19T11:40:42+00:00","og_image":[{"width":2560,"height":2560,"url":"https:\/\/abix.com.br\/wp-content\/uploads\/2023\/12\/HR1060_2-2972px-scaled.webp","type":"image\/webp"}],"twitter_card":"summary_large_image","twitter_misc":{"Tiempo de lectura":"3 minutos"},"schema":{"@context":"https:\/\/schema.org","@graph":[{"@type":"WebPage","@id":"https:\/\/abix.com.br\/es\/produto\/hytera-hr1060\/","url":"https:\/\/abix.com.br\/es\/produto\/hytera-hr1060\/","name":"Hytera HR1060 - Abix","isPartOf":{"@id":"https:\/\/abix.com.br\/#website"},"primaryImageOfPage":{"@id":"https:\/\/abix.com.br\/es\/produto\/hytera-hr1060\/#primaryimage"},"image":{"@id":"https:\/\/abix.com.br\/es\/produto\/hytera-hr1060\/#primaryimage"},"thumbnailUrl":"https:\/\/abix.com.br\/wp-content\/uploads\/2023\/12\/HR1060_2-2972px-scaled.webp","datePublished":"2023-12-20T12:10:32+00:00","dateModified":"2025-11-19T11:40:42+00:00","breadcrumb":{"@id":"https:\/\/abix.com.br\/es\/produto\/hytera-hr1060\/#breadcrumb"},"inLanguage":"es","potentialAction":[{"@type":"ReadAction","target":["https:\/\/abix.com.br\/es\/produto\/hytera-hr1060\/"]}]},{"@type":"ImageObject","inLanguage":"es","@id":"https:\/\/abix.com.br\/es\/produto\/hytera-hr1060\/#primaryimage","url":"https:\/\/abix.com.br\/wp-content\/uploads\/2023\/12\/HR1060_2-2972px-scaled.webp","contentUrl":"https:\/\/abix.com.br\/wp-content\/uploads\/2023\/12\/HR1060_2-2972px-scaled.webp","width":2560,"height":2560},{"@type":"BreadcrumbList","@id":"https:\/\/abix.com.br\/es\/produto\/hytera-hr1060\/#breadcrumb","itemListElement":[{"@type":"ListItem","position":1,"name":"In\u00edcio","item":"https:\/\/abix.com.br\/es\/"},{"@type":"ListItem","position":2,"name":"Tienda","item":"https:\/\/abix.com.br\/loja\/"},{"@type":"ListItem","position":3,"name":"Hytera HR1060"}]},{"@type":"WebSite","@id":"https:\/\/abix.com.br\/#website","url":"https:\/\/abix.com.br\/","name":"Abix","description":"","potentialAction":[{"@type":"SearchAction","target":{"@type":"EntryPoint","urlTemplate":"https:\/\/abix.com.br\/?s={search_term_string}"},"query-input":{"@type":"PropertyValueSpecification","valueRequired":true,"valueName":"search_term_string"}}],"inLanguage":"es"}]}},"_links":{"self":[{"href":"https:\/\/abix.com.br\/es\/wp-json\/wp\/v2\/product\/19971","targetHints":{"allow":["GET"]}}],"collection":[{"href":"https:\/\/abix.com.br\/es\/wp-json\/wp\/v2\/product"}],"about":[{"href":"https:\/\/abix.com.br\/es\/wp-json\/wp\/v2\/types\/product"}],"replies":[{"embeddable":true,"href":"https:\/\/abix.com.br\/es\/wp-json\/wp\/v2\/comments?post=19971"}],"wp:featuredmedia":[{"embeddable":true,"href":"https:\/\/abix.com.br\/es\/wp-json\/wp\/v2\/media\/19915"}],"wp:attachment":[{"href":"https:\/\/abix.com.br\/es\/wp-json\/wp\/v2\/media?parent=19971"}],"wp:term":[{"taxonomy":"product_brand","embeddable":true,"href":"https:\/\/abix.com.br\/es\/wp-json\/wp\/v2\/product_brand?post=19971"},{"taxonomy":"product_cat","embeddable":true,"href":"https:\/\/abix.com.br\/es\/wp-json\/wp\/v2\/product_cat?post=19971"},{"taxonomy":"product_tag","embeddable":true,"href":"https:\/\/abix.com.br\/es\/wp-json\/wp\/v2\/product_tag?post=19971"}],"curies":[{"name":"wp","href":"https:\/\/api.w.org\/{rel}","templated":true}]}}