{"id":19972,"date":"2023-12-20T09:23:23","date_gmt":"2023-12-20T12:23:23","guid":{"rendered":"https:\/\/abix.com.br\/produto\/hytera-pd506\/"},"modified":"2024-01-22T11:40:38","modified_gmt":"2024-01-22T14:40:38","slug":"hytera-pd506","status":"publish","type":"product","link":"https:\/\/abix.com.br\/es\/produto\/hytera-pd506\/","title":{"rendered":"Hytera PD506"},"content":{"rendered":"\n\t<section class=\"section\" id=\"section_758414650\">\n\t\t<div class=\"section-bg fill\" >\n\t\t\t\t\t\t\t\t\t\n\t\t\t\n\n\t\t<\/div>\n\n\t\t\n\n\t\t<div class=\"section-content relative\">\n\t\t\t\n<div class=\"row\"  id=\"row-941945310\">\n\n\t<div id=\"col-1280134678\" class=\"col small-12 large-12\"  >\n\t\t\t\t<div class=\"col-inner\"  >\n\t\t\t\n\t\t\t\n<div class=\"row\"  id=\"row-1327103233\">\n\n\t<div id=\"col-286768718\" class=\"col small-12 large-12\"  >\n\t\t\t\t<div class=\"col-inner\"  >\n\t\t\t\n\t\t\t\n\n\t\t<div class=\"tabbed-content locacao-tabs\">\n\t\t\t\n\t\t\t<ul class=\"nav nav-tabs nav-normal nav-size-xlarge nav-left active-on-hover\" role=\"tablist\"><li id=\"tab-informaci\u00d3n\" class=\"tab active has-icon\" role=\"presentation\"><a href=\"#tab_informaci\u00d3n\" role=\"tab\" aria-selected=\"true\" aria-controls=\"tab_informaci\u00d3n\"><span>INFORMACI\u00d3N<\/span><\/a><\/li>\n<li id=\"tab-accesorios\" class=\"tab has-icon\" role=\"presentation\"><a href=\"#tab_accesorios\" tabindex=\"-1\" role=\"tab\" aria-selected=\"false\" aria-controls=\"tab_accesorios\"><span>ACCESORIOS<\/span><\/a><\/li>\n<li id=\"tab-descargas\" class=\"tab has-icon\" role=\"presentation\"><a href=\"#tab_descargas\" tabindex=\"-1\" role=\"tab\" aria-selected=\"false\" aria-controls=\"tab_descargas\"><span>DESCARGAS<\/span><\/a><\/li>\n<li id=\"tab-especificaciones\" class=\"tab has-icon\" role=\"presentation\"><a href=\"#tab_especificaciones\" tabindex=\"-1\" role=\"tab\" aria-selected=\"false\" aria-controls=\"tab_especificaciones\"><span>ESPECIFICACIONES<\/span><\/a><\/li><\/ul><div class=\"tab-panels\"><div id=\"tab_informaci\u00d3n\" class=\"panel active entry-content\" role=\"tabpanel\" aria-labelledby=\"tab-informaci\u00d3n\">\n<div class=\"row\"  id=\"row-601931664\">\n\n\t<div id=\"col-64105792\" class=\"col small-12 large-12\"  >\n\t\t\t\t<div class=\"col-inner\"  >\n\t\t\t\n\t\t\t\n\t<div id=\"text-3561695106\" class=\"text\">\n\t\t\n<p>Audio de calidad superior: La l\u00ednea Hytera PD50x cuenta con tecnolog\u00eda de voz digital que reproduce un sonido limpio y claro;<\/p>\n<p>Bater\u00eda de larga duraci\u00f3n: La bater\u00eda de la l\u00ednea PD50x tiene un modo digital que funciona durante 14 horas bajo un ciclo de trabajo 5-5-90;<\/p>\n<p>Fiabilidad y durabilidad: los equipos de la l\u00ednea PD50x cuentan con certificaci\u00f3n IP54 y MIL-STD-810 G, lo que protege el equipo de salpicaduras de agua y polvo.<\/p>\n\t\t\n<style>\n#text-3561695106 {\n  line-height: 1.95;\n}\n<\/style>\n\t<\/div>\n\t\n\t\t<\/div>\n\t\t\t\t\t<\/div>\n\n\t\n<\/div>\n<\/div>\n<div id=\"tab_accesorios\" class=\"panel entry-content\" role=\"tabpanel\" aria-labelledby=\"tab-accesorios\">\n<div class=\"row align-middle\"  id=\"row-736012031\">\n\n\t<div id=\"col-636367478\" class=\"col medium-10 small-12 large-10\"  >\n\t\t\t\t<div class=\"col-inner\"  >\n\t\t\t\n\t\t\t\n<p>&nbsp;<\/p>\n\t\t<\/div>\n\t\t\t\t\t<\/div>\n\n\t\n\n\t<div id=\"col-1370639112\" class=\"col medium-2 small-12 large-2\"  >\n\t\t\t\t<div class=\"col-inner\"  >\n\t\t\t\n\t\t\t\n\t\t<\/div>\n\t\t\t\t\t<\/div>\n\n\t\n<\/div>\n<\/div>\n<div id=\"tab_descargas\" class=\"panel entry-content\" role=\"tabpanel\" aria-labelledby=\"tab-descargas\">\n<div class=\"row\"  id=\"row-1960113498\">\n\n\t<div id=\"col-1129576424\" class=\"col medium-10 small-12 large-10\"  >\n\t\t\t\t<div class=\"col-inner\"  >\n\t\t\t\n\t\t\t\n<p><a href=\"https:\/\/abix.com.br\/wp-content\/uploads\/2023\/12\/PD506.pdf\" target=\"_blank\" rel=\"noopener\">PD50x SERIE &#8211; FICHA TECNICA<\/a><\/p>\n\t\t<\/div>\n\t\t\t\t\t<\/div>\n\n\t\n<\/div>\n<\/div>\n<div id=\"tab_especificaciones\" class=\"panel entry-content\" role=\"tabpanel\" aria-labelledby=\"tab-especificaciones\">\n<div class=\"row\"  id=\"row-861194966\">\n\n\t<div id=\"col-1539221818\" class=\"col small-12 large-12\"  >\n\t\t\t\t<div class=\"col-inner\"  >\n\t\t\t\n\t\t\t\n<p>ESPECIFICACIONES GENERALES<\/p>\n<p>Rango de frecuencia: UHF: 400-470 MHz; VHF: 136-174MHz<br \/>\nCapacidad de canales: 256<br \/>\nCapacidad de zona: 16<br \/>\nVoltaje de funcionamiento: 7,4 V<br \/>\nBater\u00eda: 1500 mAh (Li-ion) 2000 mAh (Li-ion)<br \/>\nAutonom\u00eda de la bater\u00eda (ciclo 5\/5\/90, alta potencia de transmisi\u00f3n): Anal\u00f3gica\/Digital: 11,5 horas\/16 horas (1500 mAh) 15,3 horas\/20 horas (2000 mAh)<br \/>\nDimensiones (alto\u00d7ancho\u00d7profundidad) mm: 115\u00d754\u00d727 mm<br \/>\nPeso: 260 g<\/p>\n<p>AMBIENTAL<\/p>\n<p>Temperatura de funcionamiento: -30 \u2103 ~ +60 \u2103<br \/>\nTemperatura de almacenamiento: -40 \u2103 ~ +85 \u2103<br \/>\nProtecci\u00f3n contra agua y polvo: IP54<\/p>\n\t\t<\/div>\n\t\t\t\t\t<\/div>\n\n\t\n<\/div>\n<\/div><\/div><\/div>\n\t\t<\/div>\n\t\t\t\t\t<\/div>\n\n\t\n<\/div>\n\t\t<\/div>\n\t\t\t\t\t<\/div>\n\n\t\n<\/div>\n\t\t<\/div>\n\n\t\t\n<style>\n#section_758414650 {\n  padding-top: 0px;\n  padding-bottom: 0px;\n}\n<\/style>\n\t<\/section>\n\t\n","protected":false},"excerpt":{"rendered":"<p>Esta radio adopta tecnolog\u00edas avanzadas de voz digital y doble intervalo de tiempo para garantizar una calidad de llamada superior y una fidelidad \u00f3ptima. Es una nueva bandera para la comunicaci\u00f3n por voz. Adem\u00e1s, la capacidad de comunicaci\u00f3n de la radio digital PD50X es el doble que la de las radios anal\u00f3gicas, lo que reduce significativamente los costos. Por lo tanto, es la mejor opci\u00f3n para los clientes empresariales que necesitan urgentemente una soluci\u00f3n de anal\u00f3gico a digital.<\/p>\n","protected":false},"featured_media":19903,"comment_status":"open","ping_status":"closed","template":"","meta":[],"product_brand":[],"product_cat":[200],"product_tag":[],"class_list":{"0":"post-19972","1":"product","2":"type-product","3":"status-publish","4":"has-post-thumbnail","6":"product_cat-hytera-es","8":"first","9":"instock","10":"shipping-taxable","11":"product-type-simple"},"yoast_head":"<!-- This site is optimized with the Yoast SEO plugin v27.4 - https:\/\/yoast.com\/product\/yoast-seo-wordpress\/ -->\n<title>Hytera PD506 - Abix<\/title>\n<meta name=\"robots\" content=\"index, follow, max-snippet:-1, max-image-preview:large, max-video-preview:-1\" \/>\n<link rel=\"canonical\" href=\"https:\/\/abix.com.br\/es\/produto\/hytera-pd506\/\" \/>\n<meta property=\"og:locale\" content=\"es_ES\" \/>\n<meta property=\"og:type\" content=\"article\" \/>\n<meta property=\"og:title\" content=\"Hytera PD506 - Abix\" \/>\n<meta property=\"og:description\" content=\"Esta radio adopta tecnolog\u00edas avanzadas de voz digital y doble intervalo de tiempo para garantizar una calidad de llamada superior y una fidelidad \u00f3ptima. Es una nueva bandera para la comunicaci\u00f3n por voz. Adem\u00e1s, la capacidad de comunicaci\u00f3n de la radio digital PD50X es el doble que la de las radios anal\u00f3gicas, lo que reduce significativamente los costos. Por lo tanto, es la mejor opci\u00f3n para los clientes empresariales que necesitan urgentemente una soluci\u00f3n de anal\u00f3gico a digital.\" \/>\n<meta property=\"og:url\" content=\"https:\/\/abix.com.br\/es\/produto\/hytera-pd506\/\" \/>\n<meta property=\"og:site_name\" content=\"Abix\" \/>\n<meta property=\"article:modified_time\" content=\"2024-01-22T14:40:38+00:00\" \/>\n<meta property=\"og:image\" content=\"https:\/\/abix.com.br\/wp-content\/uploads\/2023\/12\/PD50X_2-2972px-1024x1024.png\" \/>\n\t<meta property=\"og:image:width\" content=\"1024\" \/>\n\t<meta property=\"og:image:height\" content=\"1024\" \/>\n\t<meta property=\"og:image:type\" content=\"image\/png\" \/>\n<meta name=\"twitter:card\" content=\"summary_large_image\" \/>\n<meta name=\"twitter:label1\" content=\"Tiempo de lectura\" \/>\n\t<meta name=\"twitter:data1\" content=\"1 minuto\" \/>\n<script type=\"application\/ld+json\" class=\"yoast-schema-graph\">{\"@context\":\"https:\\\/\\\/schema.org\",\"@graph\":[{\"@type\":\"WebPage\",\"@id\":\"https:\\\/\\\/abix.com.br\\\/es\\\/produto\\\/hytera-pd506\\\/\",\"url\":\"https:\\\/\\\/abix.com.br\\\/es\\\/produto\\\/hytera-pd506\\\/\",\"name\":\"Hytera PD506 - Abix\",\"isPartOf\":{\"@id\":\"https:\\\/\\\/abix.com.br\\\/#website\"},\"primaryImageOfPage\":{\"@id\":\"https:\\\/\\\/abix.com.br\\\/es\\\/produto\\\/hytera-pd506\\\/#primaryimage\"},\"image\":{\"@id\":\"https:\\\/\\\/abix.com.br\\\/es\\\/produto\\\/hytera-pd506\\\/#primaryimage\"},\"thumbnailUrl\":\"https:\\\/\\\/abix.com.br\\\/wp-content\\\/uploads\\\/2023\\\/12\\\/PD50X_2-2972px.png\",\"datePublished\":\"2023-12-20T12:23:23+00:00\",\"dateModified\":\"2024-01-22T14:40:38+00:00\",\"breadcrumb\":{\"@id\":\"https:\\\/\\\/abix.com.br\\\/es\\\/produto\\\/hytera-pd506\\\/#breadcrumb\"},\"inLanguage\":\"es\",\"potentialAction\":[{\"@type\":\"ReadAction\",\"target\":[\"https:\\\/\\\/abix.com.br\\\/es\\\/produto\\\/hytera-pd506\\\/\"]}]},{\"@type\":\"ImageObject\",\"inLanguage\":\"es\",\"@id\":\"https:\\\/\\\/abix.com.br\\\/es\\\/produto\\\/hytera-pd506\\\/#primaryimage\",\"url\":\"https:\\\/\\\/abix.com.br\\\/wp-content\\\/uploads\\\/2023\\\/12\\\/PD50X_2-2972px.png\",\"contentUrl\":\"https:\\\/\\\/abix.com.br\\\/wp-content\\\/uploads\\\/2023\\\/12\\\/PD50X_2-2972px.png\",\"width\":2972,\"height\":2972},{\"@type\":\"BreadcrumbList\",\"@id\":\"https:\\\/\\\/abix.com.br\\\/es\\\/produto\\\/hytera-pd506\\\/#breadcrumb\",\"itemListElement\":[{\"@type\":\"ListItem\",\"position\":1,\"name\":\"In\u00edcio\",\"item\":\"https:\\\/\\\/abix.com.br\\\/es\\\/\"},{\"@type\":\"ListItem\",\"position\":2,\"name\":\"Tienda\",\"item\":\"https:\\\/\\\/abix.com.br\\\/loja\\\/\"},{\"@type\":\"ListItem\",\"position\":3,\"name\":\"Hytera PD506\"}]},{\"@type\":\"WebSite\",\"@id\":\"https:\\\/\\\/abix.com.br\\\/#website\",\"url\":\"https:\\\/\\\/abix.com.br\\\/\",\"name\":\"Abix\",\"description\":\"\",\"potentialAction\":[{\"@type\":\"SearchAction\",\"target\":{\"@type\":\"EntryPoint\",\"urlTemplate\":\"https:\\\/\\\/abix.com.br\\\/?s={search_term_string}\"},\"query-input\":{\"@type\":\"PropertyValueSpecification\",\"valueRequired\":true,\"valueName\":\"search_term_string\"}}],\"inLanguage\":\"es\"}]}<\/script>\n<!-- \/ Yoast SEO plugin. -->","yoast_head_json":{"title":"Hytera PD506 - Abix","robots":{"index":"index","follow":"follow","max-snippet":"max-snippet:-1","max-image-preview":"max-image-preview:large","max-video-preview":"max-video-preview:-1"},"canonical":"https:\/\/abix.com.br\/es\/produto\/hytera-pd506\/","og_locale":"es_ES","og_type":"article","og_title":"Hytera PD506 - Abix","og_description":"Esta radio adopta tecnolog\u00edas avanzadas de voz digital y doble intervalo de tiempo para garantizar una calidad de llamada superior y una fidelidad \u00f3ptima. Es una nueva bandera para la comunicaci\u00f3n por voz. Adem\u00e1s, la capacidad de comunicaci\u00f3n de la radio digital PD50X es el doble que la de las radios anal\u00f3gicas, lo que reduce significativamente los costos. Por lo tanto, es la mejor opci\u00f3n para los clientes empresariales que necesitan urgentemente una soluci\u00f3n de anal\u00f3gico a digital.","og_url":"https:\/\/abix.com.br\/es\/produto\/hytera-pd506\/","og_site_name":"Abix","article_modified_time":"2024-01-22T14:40:38+00:00","og_image":[{"width":1024,"height":1024,"url":"https:\/\/abix.com.br\/wp-content\/uploads\/2023\/12\/PD50X_2-2972px-1024x1024.png","type":"image\/png"}],"twitter_card":"summary_large_image","twitter_misc":{"Tiempo de lectura":"1 minuto"},"schema":{"@context":"https:\/\/schema.org","@graph":[{"@type":"WebPage","@id":"https:\/\/abix.com.br\/es\/produto\/hytera-pd506\/","url":"https:\/\/abix.com.br\/es\/produto\/hytera-pd506\/","name":"Hytera PD506 - Abix","isPartOf":{"@id":"https:\/\/abix.com.br\/#website"},"primaryImageOfPage":{"@id":"https:\/\/abix.com.br\/es\/produto\/hytera-pd506\/#primaryimage"},"image":{"@id":"https:\/\/abix.com.br\/es\/produto\/hytera-pd506\/#primaryimage"},"thumbnailUrl":"https:\/\/abix.com.br\/wp-content\/uploads\/2023\/12\/PD50X_2-2972px.png","datePublished":"2023-12-20T12:23:23+00:00","dateModified":"2024-01-22T14:40:38+00:00","breadcrumb":{"@id":"https:\/\/abix.com.br\/es\/produto\/hytera-pd506\/#breadcrumb"},"inLanguage":"es","potentialAction":[{"@type":"ReadAction","target":["https:\/\/abix.com.br\/es\/produto\/hytera-pd506\/"]}]},{"@type":"ImageObject","inLanguage":"es","@id":"https:\/\/abix.com.br\/es\/produto\/hytera-pd506\/#primaryimage","url":"https:\/\/abix.com.br\/wp-content\/uploads\/2023\/12\/PD50X_2-2972px.png","contentUrl":"https:\/\/abix.com.br\/wp-content\/uploads\/2023\/12\/PD50X_2-2972px.png","width":2972,"height":2972},{"@type":"BreadcrumbList","@id":"https:\/\/abix.com.br\/es\/produto\/hytera-pd506\/#breadcrumb","itemListElement":[{"@type":"ListItem","position":1,"name":"In\u00edcio","item":"https:\/\/abix.com.br\/es\/"},{"@type":"ListItem","position":2,"name":"Tienda","item":"https:\/\/abix.com.br\/loja\/"},{"@type":"ListItem","position":3,"name":"Hytera PD506"}]},{"@type":"WebSite","@id":"https:\/\/abix.com.br\/#website","url":"https:\/\/abix.com.br\/","name":"Abix","description":"","potentialAction":[{"@type":"SearchAction","target":{"@type":"EntryPoint","urlTemplate":"https:\/\/abix.com.br\/?s={search_term_string}"},"query-input":{"@type":"PropertyValueSpecification","valueRequired":true,"valueName":"search_term_string"}}],"inLanguage":"es"}]}},"_links":{"self":[{"href":"https:\/\/abix.com.br\/es\/wp-json\/wp\/v2\/product\/19972","targetHints":{"allow":["GET"]}}],"collection":[{"href":"https:\/\/abix.com.br\/es\/wp-json\/wp\/v2\/product"}],"about":[{"href":"https:\/\/abix.com.br\/es\/wp-json\/wp\/v2\/types\/product"}],"replies":[{"embeddable":true,"href":"https:\/\/abix.com.br\/es\/wp-json\/wp\/v2\/comments?post=19972"}],"wp:featuredmedia":[{"embeddable":true,"href":"https:\/\/abix.com.br\/es\/wp-json\/wp\/v2\/media\/19903"}],"wp:attachment":[{"href":"https:\/\/abix.com.br\/es\/wp-json\/wp\/v2\/media?parent=19972"}],"wp:term":[{"taxonomy":"product_brand","embeddable":true,"href":"https:\/\/abix.com.br\/es\/wp-json\/wp\/v2\/product_brand?post=19972"},{"taxonomy":"product_cat","embeddable":true,"href":"https:\/\/abix.com.br\/es\/wp-json\/wp\/v2\/product_cat?post=19972"},{"taxonomy":"product_tag","embeddable":true,"href":"https:\/\/abix.com.br\/es\/wp-json\/wp\/v2\/product_tag?post=19972"}],"curies":[{"name":"wp","href":"https:\/\/api.w.org\/{rel}","templated":true}]}}