{"id":19975,"date":"2023-12-20T09:49:30","date_gmt":"2023-12-20T12:49:30","guid":{"rendered":"https:\/\/abix.com.br\/produto\/hytera-rd986\/"},"modified":"2024-01-22T11:52:09","modified_gmt":"2024-01-22T14:52:09","slug":"hytera-rd986","status":"publish","type":"product","link":"https:\/\/abix.com.br\/es\/produto\/hytera-rd986\/","title":{"rendered":"Hytera RD986"},"content":{"rendered":"\n\t<section class=\"section\" id=\"section_728760487\">\n\t\t<div class=\"section-bg fill\" >\n\t\t\t\t\t\t\t\t\t\n\t\t\t\n\n\t\t<\/div>\n\n\t\t\n\n\t\t<div class=\"section-content relative\">\n\t\t\t\n<div class=\"row\"  id=\"row-2146168319\">\n\n\t<div id=\"col-1634360263\" class=\"col small-12 large-12\"  >\n\t\t\t\t<div class=\"col-inner\"  >\n\t\t\t\n\t\t\t\n<div class=\"row\"  id=\"row-1965324020\">\n\n\t<div id=\"col-64769706\" class=\"col small-12 large-12\"  >\n\t\t\t\t<div class=\"col-inner\"  >\n\t\t\t\n\t\t\t\n\n\t\t<div class=\"tabbed-content locacao-tabs\">\n\t\t\t\n\t\t\t<ul class=\"nav nav-tabs nav-normal nav-size-xlarge nav-left active-on-hover\" role=\"tablist\"><li id=\"tab-informaci\u00d3n\" class=\"tab active has-icon\" role=\"presentation\"><a href=\"#tab_informaci\u00d3n\" role=\"tab\" aria-selected=\"true\" aria-controls=\"tab_informaci\u00d3n\"><span>INFORMACI\u00d3N<\/span><\/a><\/li>\n<li id=\"tab-accesorios\" class=\"tab has-icon\" role=\"presentation\"><a href=\"#tab_accesorios\" tabindex=\"-1\" role=\"tab\" aria-selected=\"false\" aria-controls=\"tab_accesorios\"><span>ACCESORIOS<\/span><\/a><\/li>\n<li id=\"tab-descargas\" class=\"tab has-icon\" role=\"presentation\"><a href=\"#tab_descargas\" tabindex=\"-1\" role=\"tab\" aria-selected=\"false\" aria-controls=\"tab_descargas\"><span>DESCARGAS<\/span><\/a><\/li>\n<li id=\"tab-especificaciones\" class=\"tab has-icon\" role=\"presentation\"><a href=\"#tab_especificaciones\" tabindex=\"-1\" role=\"tab\" aria-selected=\"false\" aria-controls=\"tab_especificaciones\"><span>ESPECIFICACIONES<\/span><\/a><\/li><\/ul><div class=\"tab-panels\"><div id=\"tab_informaci\u00d3n\" class=\"panel active entry-content\" role=\"tabpanel\" aria-labelledby=\"tab-informaci\u00d3n\">\n<div class=\"row\"  id=\"row-626020077\">\n\n\t<div id=\"col-977549505\" class=\"col small-12 large-12\"  >\n\t\t\t\t<div class=\"col-inner\"  >\n\t\t\t\n\t\t\t\n\t<div id=\"text-54766125\" class=\"text\">\n\t\t\n<p>Hytera RD986<\/p>\n<p>El repetidor Hytera RD986 es una soluci\u00f3n de comunicaci\u00f3n digital profesional que ofrece una variedad de caracter\u00edsticas t\u00e9cnicas avanzadas para mejorar la eficiencia y confiabilidad de la comunicaci\u00f3n.<\/p>\n<p>Recepci\u00f3n y transmisi\u00f3n de alta calidad.<\/p>\n<p>El RD986 est\u00e1 equipado con un receptor DSP de alta sensibilidad que puede mejorar la calidad de la recepci\u00f3n en entornos ruidosos. El transmisor tambi\u00e9n est\u00e1 optimizado para proporcionar una transmisi\u00f3n de audio clara y potente.<\/p>\n<p>Capacidad de canales flexibles<\/p>\n<p>El RD986 admite hasta 16 canales, lo que permite a los usuarios personalizar su red de radio para satisfacer sus necesidades espec\u00edficas.<\/p>\n<p>Potente potencia de salida<\/p>\n<p>El RD986 ofrece una potencia de salida de hasta 50 vatios, lo que proporciona un rango de comunicaci\u00f3n superior.<\/p>\n<p>Conectividad IP<\/p>\n<p>El RD986 ofrece conectividad IP para permitir a los usuarios conectarse a redes LTE privadas o a Internet. Esto permite a los usuarios compartir datos y archivos de forma f\u00e1cil y eficiente.<\/p>\n<p>Seguridad avanzada<\/p>\n<p>El RD986 admite cifrado AES de 256 bits para proteger las comunicaciones.<\/p>\n<p>aplicaciones<\/p>\n<p>El repetidor Hytera RD986 es adecuado para una variedad de aplicaciones que incluyen:<\/p>\n<ul>\n<li>Seguridad P\u00fablica<\/li>\n<li>Construcci\u00f3n<\/li>\n<li>Log\u00edstica<\/li>\n<li>Fabricaci\u00f3n<\/li>\n<li>Utilidad<\/li>\n<\/ul>\n\t\t\n<style>\n#text-54766125 {\n  line-height: 1.95;\n}\n<\/style>\n\t<\/div>\n\t\n\t\t<\/div>\n\t\t\t\t\t<\/div>\n\n\t\n<\/div>\n<\/div>\n<div id=\"tab_accesorios\" class=\"panel entry-content\" role=\"tabpanel\" aria-labelledby=\"tab-accesorios\">\n<div class=\"row align-middle\"  id=\"row-1871689836\">\n\n\t<div id=\"col-1840288239\" class=\"col medium-10 small-12 large-10\"  >\n\t\t\t\t<div class=\"col-inner\"  >\n\t\t\t\n\t\t\t\n<p>&nbsp;<\/p>\n\t\t<\/div>\n\t\t\t\t\t<\/div>\n\n\t\n\n\t<div id=\"col-579679937\" class=\"col medium-2 small-12 large-2\"  >\n\t\t\t\t<div class=\"col-inner\"  >\n\t\t\t\n\t\t\t\n\t\t<\/div>\n\t\t\t\t\t<\/div>\n\n\t\n<\/div>\n<\/div>\n<div id=\"tab_descargas\" class=\"panel entry-content\" role=\"tabpanel\" aria-labelledby=\"tab-descargas\">\n<div class=\"row\"  id=\"row-1018030815\">\n\n\t<div id=\"col-1730165986\" class=\"col medium-10 small-12 large-10\"  >\n\t\t\t\t<div class=\"col-inner\"  >\n\t\t\t\n\t\t\t\n<p><a href=\"https:\/\/abix.com.br\/wp-content\/uploads\/2023\/12\/RD986.pdf\" target=\"_blank\" rel=\"noopener\">RD986 SERIE &#8211; FICHA TECNICA<\/a><\/p>\n\t\t<\/div>\n\t\t\t\t\t<\/div>\n\n\t\n<\/div>\n<\/div>\n<div id=\"tab_especificaciones\" class=\"panel entry-content\" role=\"tabpanel\" aria-labelledby=\"tab-especificaciones\">\n<div class=\"row\"  id=\"row-1773145024\">\n\n\t<div id=\"col-169159119\" class=\"col small-12 large-12\"  >\n\t\t\t\t<div class=\"col-inner\"  >\n\t\t\t\n\t\t\t\n<p>ESPECIFICACIONES GENERALES<\/p>\n<p>Rango de frecuencia: UHF1:400-470MHz; UHF2:450-520MHz; UHF3:350-400MHz; VHF1:136-174MHz<br \/>\nCapacidad de canales: 64<br \/>\nVoltaje de funcionamiento: 13,6 V \u00b1 15 %<br \/>\nCiclo de trabajo: 100%<br \/>\nConsumo actual (suspensi\u00f3n): \u22641.0A<br \/>\nCorriente de drenaje (transmisi\u00f3n): \u226411A<br \/>\nDimensiones (alto\u00d7ancho\u00d7profundidad) mm: 483 \u00d7 88 \u00d7 366<br \/>\nPeso: 8,5 kg<br \/>\nPantalla: 220*176 p\u00edxeles, 262000 colores, 2,0 pulgadas, 4 filas<\/p>\n<p>RECEPTOR<\/p>\n<p>Pot\u00eancia nominal dePotencia nominal de salida de audio: 0,5 W sa\u00edda de \u00e1udio: 0.5W<\/p>\n<p>TRANSMISOR<\/p>\n<p>Potencia de salida RF: 5-50W<br \/>\nTipo de codificador de voz digital: AMBE+2\u2122, SELP, NVOC, COMM<\/p>\n<p>AMBIENTAL<\/p>\n<p>Temperatura de funcionamiento: -30 \u2103 ~ +60 \u2103<br \/>\nTemperatura de almacenamiento: -40 \u2103 ~ +85 \u2103<\/p>\n\t\t<\/div>\n\t\t\t\t\t<\/div>\n\n\t\n<\/div>\n<\/div><\/div><\/div>\n\t\t<\/div>\n\t\t\t\t\t<\/div>\n\n\t\n<\/div>\n\t\t<\/div>\n\t\t\t\t\t<\/div>\n\n\t\n<\/div>\n\t\t<\/div>\n\n\t\t\n<style>\n#section_728760487 {\n  padding-top: 0px;\n  padding-bottom: 0px;\n}\n<\/style>\n\t<\/section>\n\t\n","protected":false},"excerpt":{"rendered":"<p>Se trata de un repetidor digital profesional de alta calidad que sigue estrictamente el est\u00e1ndar DMR. Su poderosa caracter\u00edstica digital, su calidad de comunicaci\u00f3n superior y su dise\u00f1o ergon\u00f3mico sin duda brindar\u00e1n una nueva experiencia en las comunicaciones digitales.<\/p>\n","protected":false},"featured_media":19930,"comment_status":"open","ping_status":"closed","template":"","meta":[],"product_brand":[],"product_cat":[200],"product_tag":[],"class_list":{"0":"post-19975","1":"product","2":"type-product","3":"status-publish","4":"has-post-thumbnail","6":"product_cat-hytera-es","8":"first","9":"instock","10":"shipping-taxable","11":"product-type-simple"},"yoast_head":"<!-- This site is optimized with the Yoast SEO plugin v27.4 - https:\/\/yoast.com\/product\/yoast-seo-wordpress\/ -->\n<title>Hytera RD986 - Abix<\/title>\n<meta name=\"robots\" content=\"index, follow, max-snippet:-1, max-image-preview:large, max-video-preview:-1\" \/>\n<link rel=\"canonical\" href=\"https:\/\/abix.com.br\/es\/produto\/hytera-rd986\/\" \/>\n<meta property=\"og:locale\" content=\"es_ES\" \/>\n<meta property=\"og:type\" content=\"article\" \/>\n<meta property=\"og:title\" content=\"Hytera RD986 - Abix\" \/>\n<meta property=\"og:description\" content=\"Se trata de un repetidor digital profesional de alta calidad que sigue estrictamente el est\u00e1ndar DMR. Su poderosa caracter\u00edstica digital, su calidad de comunicaci\u00f3n superior y su dise\u00f1o ergon\u00f3mico sin duda brindar\u00e1n una nueva experiencia en las comunicaciones digitales.\" \/>\n<meta property=\"og:url\" content=\"https:\/\/abix.com.br\/es\/produto\/hytera-rd986\/\" \/>\n<meta property=\"og:site_name\" content=\"Abix\" \/>\n<meta property=\"article:modified_time\" content=\"2024-01-22T14:52:09+00:00\" \/>\n<meta property=\"og:image\" content=\"https:\/\/abix.com.br\/wp-content\/uploads\/2023\/12\/RD986-scaled.webp\" \/>\n\t<meta property=\"og:image:width\" content=\"2560\" \/>\n\t<meta property=\"og:image:height\" content=\"2560\" \/>\n\t<meta property=\"og:image:type\" content=\"image\/webp\" \/>\n<meta name=\"twitter:card\" content=\"summary_large_image\" \/>\n<meta name=\"twitter:label1\" content=\"Tiempo de lectura\" \/>\n\t<meta name=\"twitter:data1\" content=\"2 minutos\" \/>\n<script type=\"application\/ld+json\" class=\"yoast-schema-graph\">{\"@context\":\"https:\\\/\\\/schema.org\",\"@graph\":[{\"@type\":\"WebPage\",\"@id\":\"https:\\\/\\\/abix.com.br\\\/es\\\/produto\\\/hytera-rd986\\\/\",\"url\":\"https:\\\/\\\/abix.com.br\\\/es\\\/produto\\\/hytera-rd986\\\/\",\"name\":\"Hytera RD986 - Abix\",\"isPartOf\":{\"@id\":\"https:\\\/\\\/abix.com.br\\\/#website\"},\"primaryImageOfPage\":{\"@id\":\"https:\\\/\\\/abix.com.br\\\/es\\\/produto\\\/hytera-rd986\\\/#primaryimage\"},\"image\":{\"@id\":\"https:\\\/\\\/abix.com.br\\\/es\\\/produto\\\/hytera-rd986\\\/#primaryimage\"},\"thumbnailUrl\":\"https:\\\/\\\/abix.com.br\\\/wp-content\\\/uploads\\\/2023\\\/12\\\/RD986-scaled.webp\",\"datePublished\":\"2023-12-20T12:49:30+00:00\",\"dateModified\":\"2024-01-22T14:52:09+00:00\",\"breadcrumb\":{\"@id\":\"https:\\\/\\\/abix.com.br\\\/es\\\/produto\\\/hytera-rd986\\\/#breadcrumb\"},\"inLanguage\":\"es\",\"potentialAction\":[{\"@type\":\"ReadAction\",\"target\":[\"https:\\\/\\\/abix.com.br\\\/es\\\/produto\\\/hytera-rd986\\\/\"]}]},{\"@type\":\"ImageObject\",\"inLanguage\":\"es\",\"@id\":\"https:\\\/\\\/abix.com.br\\\/es\\\/produto\\\/hytera-rd986\\\/#primaryimage\",\"url\":\"https:\\\/\\\/abix.com.br\\\/wp-content\\\/uploads\\\/2023\\\/12\\\/RD986-scaled.webp\",\"contentUrl\":\"https:\\\/\\\/abix.com.br\\\/wp-content\\\/uploads\\\/2023\\\/12\\\/RD986-scaled.webp\",\"width\":2560,\"height\":2560},{\"@type\":\"BreadcrumbList\",\"@id\":\"https:\\\/\\\/abix.com.br\\\/es\\\/produto\\\/hytera-rd986\\\/#breadcrumb\",\"itemListElement\":[{\"@type\":\"ListItem\",\"position\":1,\"name\":\"In\u00edcio\",\"item\":\"https:\\\/\\\/abix.com.br\\\/es\\\/\"},{\"@type\":\"ListItem\",\"position\":2,\"name\":\"Tienda\",\"item\":\"https:\\\/\\\/abix.com.br\\\/loja\\\/\"},{\"@type\":\"ListItem\",\"position\":3,\"name\":\"Hytera RD986\"}]},{\"@type\":\"WebSite\",\"@id\":\"https:\\\/\\\/abix.com.br\\\/#website\",\"url\":\"https:\\\/\\\/abix.com.br\\\/\",\"name\":\"Abix\",\"description\":\"\",\"potentialAction\":[{\"@type\":\"SearchAction\",\"target\":{\"@type\":\"EntryPoint\",\"urlTemplate\":\"https:\\\/\\\/abix.com.br\\\/?s={search_term_string}\"},\"query-input\":{\"@type\":\"PropertyValueSpecification\",\"valueRequired\":true,\"valueName\":\"search_term_string\"}}],\"inLanguage\":\"es\"}]}<\/script>\n<!-- \/ Yoast SEO plugin. -->","yoast_head_json":{"title":"Hytera RD986 - Abix","robots":{"index":"index","follow":"follow","max-snippet":"max-snippet:-1","max-image-preview":"max-image-preview:large","max-video-preview":"max-video-preview:-1"},"canonical":"https:\/\/abix.com.br\/es\/produto\/hytera-rd986\/","og_locale":"es_ES","og_type":"article","og_title":"Hytera RD986 - Abix","og_description":"Se trata de un repetidor digital profesional de alta calidad que sigue estrictamente el est\u00e1ndar DMR. Su poderosa caracter\u00edstica digital, su calidad de comunicaci\u00f3n superior y su dise\u00f1o ergon\u00f3mico sin duda brindar\u00e1n una nueva experiencia en las comunicaciones digitales.","og_url":"https:\/\/abix.com.br\/es\/produto\/hytera-rd986\/","og_site_name":"Abix","article_modified_time":"2024-01-22T14:52:09+00:00","og_image":[{"width":2560,"height":2560,"url":"https:\/\/abix.com.br\/wp-content\/uploads\/2023\/12\/RD986-scaled.webp","type":"image\/webp"}],"twitter_card":"summary_large_image","twitter_misc":{"Tiempo de lectura":"2 minutos"},"schema":{"@context":"https:\/\/schema.org","@graph":[{"@type":"WebPage","@id":"https:\/\/abix.com.br\/es\/produto\/hytera-rd986\/","url":"https:\/\/abix.com.br\/es\/produto\/hytera-rd986\/","name":"Hytera RD986 - Abix","isPartOf":{"@id":"https:\/\/abix.com.br\/#website"},"primaryImageOfPage":{"@id":"https:\/\/abix.com.br\/es\/produto\/hytera-rd986\/#primaryimage"},"image":{"@id":"https:\/\/abix.com.br\/es\/produto\/hytera-rd986\/#primaryimage"},"thumbnailUrl":"https:\/\/abix.com.br\/wp-content\/uploads\/2023\/12\/RD986-scaled.webp","datePublished":"2023-12-20T12:49:30+00:00","dateModified":"2024-01-22T14:52:09+00:00","breadcrumb":{"@id":"https:\/\/abix.com.br\/es\/produto\/hytera-rd986\/#breadcrumb"},"inLanguage":"es","potentialAction":[{"@type":"ReadAction","target":["https:\/\/abix.com.br\/es\/produto\/hytera-rd986\/"]}]},{"@type":"ImageObject","inLanguage":"es","@id":"https:\/\/abix.com.br\/es\/produto\/hytera-rd986\/#primaryimage","url":"https:\/\/abix.com.br\/wp-content\/uploads\/2023\/12\/RD986-scaled.webp","contentUrl":"https:\/\/abix.com.br\/wp-content\/uploads\/2023\/12\/RD986-scaled.webp","width":2560,"height":2560},{"@type":"BreadcrumbList","@id":"https:\/\/abix.com.br\/es\/produto\/hytera-rd986\/#breadcrumb","itemListElement":[{"@type":"ListItem","position":1,"name":"In\u00edcio","item":"https:\/\/abix.com.br\/es\/"},{"@type":"ListItem","position":2,"name":"Tienda","item":"https:\/\/abix.com.br\/loja\/"},{"@type":"ListItem","position":3,"name":"Hytera RD986"}]},{"@type":"WebSite","@id":"https:\/\/abix.com.br\/#website","url":"https:\/\/abix.com.br\/","name":"Abix","description":"","potentialAction":[{"@type":"SearchAction","target":{"@type":"EntryPoint","urlTemplate":"https:\/\/abix.com.br\/?s={search_term_string}"},"query-input":{"@type":"PropertyValueSpecification","valueRequired":true,"valueName":"search_term_string"}}],"inLanguage":"es"}]}},"_links":{"self":[{"href":"https:\/\/abix.com.br\/es\/wp-json\/wp\/v2\/product\/19975","targetHints":{"allow":["GET"]}}],"collection":[{"href":"https:\/\/abix.com.br\/es\/wp-json\/wp\/v2\/product"}],"about":[{"href":"https:\/\/abix.com.br\/es\/wp-json\/wp\/v2\/types\/product"}],"replies":[{"embeddable":true,"href":"https:\/\/abix.com.br\/es\/wp-json\/wp\/v2\/comments?post=19975"}],"wp:featuredmedia":[{"embeddable":true,"href":"https:\/\/abix.com.br\/es\/wp-json\/wp\/v2\/media\/19930"}],"wp:attachment":[{"href":"https:\/\/abix.com.br\/es\/wp-json\/wp\/v2\/media?parent=19975"}],"wp:term":[{"taxonomy":"product_brand","embeddable":true,"href":"https:\/\/abix.com.br\/es\/wp-json\/wp\/v2\/product_brand?post=19975"},{"taxonomy":"product_cat","embeddable":true,"href":"https:\/\/abix.com.br\/es\/wp-json\/wp\/v2\/product_cat?post=19975"},{"taxonomy":"product_tag","embeddable":true,"href":"https:\/\/abix.com.br\/es\/wp-json\/wp\/v2\/product_tag?post=19975"}],"curies":[{"name":"wp","href":"https:\/\/api.w.org\/{rel}","templated":true}]}}