{"id":20675,"date":"2025-07-23T13:53:56","date_gmt":"2025-07-23T16:53:56","guid":{"rendered":"https:\/\/abix.com.br\/?post_type=product&#038;p=20675"},"modified":"2025-07-23T15:31:30","modified_gmt":"2025-07-23T18:31:30","slug":"mototrbo-r7-copia","status":"publish","type":"product","link":"https:\/\/abix.com.br\/es\/produto\/mototrbo-r7-copia\/","title":{"rendered":"MOTOTRBO R7 (c\u00f3pia)"},"content":{"rendered":"\n\t<section class=\"section\" id=\"section_121351515\">\n\t\t<div class=\"section-bg fill\" >\n\t\t\t\t\t\t\t\t\t\n\t\t\t\n\n\t\t<\/div>\n\n\t\t\n\n\t\t<div class=\"section-content relative\">\n\t\t\t\n<div class=\"row\"  id=\"row-1590509615\">\n\n\t<div id=\"col-224388145\" class=\"col small-12 large-12\"  >\n\t\t\t\t<div class=\"col-inner\"  >\n\t\t\t\n\t\t\t\n<div class=\"row\"  id=\"row-424613416\">\n\n\t<div id=\"col-1836521933\" class=\"col small-12 large-12\"  >\n\t\t\t\t<div class=\"col-inner\"  >\n\t\t\t\n\t\t\t\n\n\t\t<div class=\"tabbed-content locacao-tabs\">\n\t\t\t\n\t\t\t<ul class=\"nav nav-tabs nav-normal nav-size-xlarge nav-left active-on-hover\" role=\"tablist\"><li id=\"tab-informaci\u00d3n\" class=\"tab active has-icon\" role=\"presentation\"><a href=\"#tab_informaci\u00d3n\" role=\"tab\" aria-selected=\"true\" aria-controls=\"tab_informaci\u00d3n\"><span>INFORMACI\u00d3N<\/span><\/a><\/li>\n<li id=\"tab-accesorios\" class=\"tab has-icon\" role=\"presentation\"><a href=\"#tab_accesorios\" tabindex=\"-1\" role=\"tab\" aria-selected=\"false\" aria-controls=\"tab_accesorios\"><span>ACCESORIOS<\/span><\/a><\/li>\n<li id=\"tab-descargas\" class=\"tab has-icon\" role=\"presentation\"><a href=\"#tab_descargas\" tabindex=\"-1\" role=\"tab\" aria-selected=\"false\" aria-controls=\"tab_descargas\"><span>DESCARGAS<\/span><\/a><\/li>\n<li id=\"tab-especificaciones\" class=\"tab has-icon\" role=\"presentation\"><a href=\"#tab_especificaciones\" tabindex=\"-1\" role=\"tab\" aria-selected=\"false\" aria-controls=\"tab_especificaciones\"><span>ESPECIFICACIONES<\/span><\/a><\/li><\/ul><div class=\"tab-panels\"><div id=\"tab_informaci\u00d3n\" class=\"panel active entry-content\" role=\"tabpanel\" aria-labelledby=\"tab-informaci\u00d3n\">\n<div class=\"row\"  id=\"row-1179889122\">\n\n\t<div id=\"col-1346134558\" class=\"col medium-6 small-12 large-6\"  >\n\t\t\t\t<div class=\"col-inner\"  >\n\t\t\t\n\t\t\t\n<p><strong>EL PODER DE SER ESCUCHADO<\/strong><\/p>\n<p>R7 ofrece funciones de audio revolucionarias en un dispositivo robusto. Su avanzado procesamiento de audio garantiza que sus comunicaciones sean altas y claras, mientras que su robusto dise\u00f1o est\u00e1 preparado para los entornos m\u00e1s duros y sus avanzadas opciones de conectividad preparan a su personal para el futuro.<\/p>\n\t\t<\/div>\n\t\t\t\t\t<\/div>\n\n\t\n\n\t<div id=\"col-2062543756\" class=\"col medium-6 small-12 large-6\"  >\n\t\t\t\t<div class=\"col-inner text-left\"  >\n\t\t\t\n\t\t\t\n<p><strong>HAZTE O\u00cdR<\/strong><\/p>\n<p>El avanzado procesamiento de audio del MOTOTRBO R7 garantiza que sus comunicaciones sean altas y claras, mientras que su robusto dise\u00f1o est\u00e1 preparado para los entornos m\u00e1s duros y sus avanzadas opciones de conectividad preparan a su personal para el futuro.<\/p>\n\t\t<\/div>\n\t\t\t\t\t<\/div>\n\n\t\n<\/div>\n<\/div>\n<div id=\"tab_accesorios\" class=\"panel entry-content\" role=\"tabpanel\" aria-labelledby=\"tab-accesorios\">\n<div class=\"row align-middle\"  id=\"row-278729848\">\n\n\t<div id=\"col-767733329\" class=\"col medium-10 small-12 large-10\"  >\n\t\t\t\t<div class=\"col-inner\"  >\n\t\t\t\n\t\t\t\n\t\t<\/div>\n\t\t\t\t\t<\/div>\n\n\t\n\n\t<div id=\"col-764774779\" class=\"col medium-2 small-12 large-2\"  >\n\t\t\t\t<div class=\"col-inner\"  >\n\t\t\t\n\t\t\t\n\t\t<\/div>\n\t\t\t\t\t<\/div>\n\n\t\n<\/div>\n<\/div>\n<div id=\"tab_descargas\" class=\"panel entry-content\" role=\"tabpanel\" aria-labelledby=\"tab-descargas\">\n<div class=\"row\"  id=\"row-773047499\">\n\n\t<div id=\"col-241848419\" class=\"col medium-10 small-12 large-10\"  >\n\t\t\t\t<div class=\"col-inner\"  >\n\t\t\t\n\t\t\t\n<p><a href=\"https:\/\/abix.com.br\/wp-content\/uploads\/2023\/04\/MOTOTRBO-R7_DataSheet_PTBR.pdf\">[MOTOTRBO R7]  HOJA DE DATOS PTBR<\/a><\/p>\n<p><a href=\"https:\/\/abix.com.br\/wp-content\/uploads\/2023\/04\/MOTOTRBO-R7_DataSheet_EN.pdf\">[MOTOTRBO R7]  HOJA DE DATOS ES<\/a><\/p>\n<p><a href=\"https:\/\/abix.com.br\/wp-content\/uploads\/2023\/04\/MOTOTRBO-R7_WhitePaper_PTBR.pdf\">[MOTOTRBO R7]  PAPEL BLANCO<\/a><\/p>\n\t\t<\/div>\n\t\t\t\t\t<\/div>\n\n\t\n<\/div>\n<\/div>\n<div id=\"tab_especificaciones\" class=\"panel entry-content\" role=\"tabpanel\" aria-labelledby=\"tab-especificaciones\">\n<div class=\"row\"  id=\"row-665226853\">\n\n\t<div id=\"col-1616743931\" class=\"col medium-6 small-12 large-6\"  >\n\t\t\t\t<div class=\"col-inner\"  >\n\t\t\t\n\t\t\t\n<p><strong>FUNCIONES CLAVE<\/strong><\/p>\n<ul>\n<li>UHF\/VHF, 800\/900 MHz;<\/li>\n<li>Wi-Fi 2,4\/5,0 GHz;<\/li>\n<li>Compatible con el protocolo de seguridad Wi-Fi WPA3;<\/li>\n<li>Bluetooth 5.2;<\/li>\n<li>Pantalla QVGA de 2,4&#8243; 320\u00d7240 px;<\/li>\n<li>Experiencia de usuario moderna e intuitiva;<\/li>\n<li>Paquete completo de accesorios;<\/li>\n<li>Dise\u00f1o ergon\u00f3mico y elegante;<\/li>\n<li>Supresi\u00f3n autom\u00e1tica de la retroalimentaci\u00f3n ac\u00fastica;<\/li>\n<li>Supresi\u00f3n de ruido con doble micr\u00f3fono adaptativo;<\/li>\n<li>Audio inteligente;<\/li>\n<li>Tecnolog\u00eda IMPRES\u2122;<\/li>\n<li>Sonido programable para hasta 107 auriculares;<\/li>\n<li>Micr\u00f3fonos y altavoces de banda ancha;<\/li>\n<li>Configuraci\u00f3n de audio sencilla;<\/li>\n<li>Hasta 28 horas de duraci\u00f3n de la bater\u00eda;<\/li>\n<li>IP68 (sumergible hasta 2 metros durante 2 horas);<\/li>\n<li>IP66 (presi\u00f3n de chorro de agua concentrada);<\/li>\n<li>Carcasa resistente a los desinfectantes y descontaminantes;<\/li>\n<li>Conector lateral robusto y resistente a la corrosi\u00f3n;<\/li>\n<li>Cumple la norma MIL-STD 810;<\/li>\n<li>5 a\u00f1os de reparaci\u00f3n de hardware, asistencia t\u00e9cnica, actualizaciones de software y funciones premium.<\/li>\n<\/ul>\n\t\t<\/div>\n\t\t\t\t\t<\/div>\n\n\t\n<\/div>\n<\/div><\/div><\/div>\n\t\t<\/div>\n\t\t\t\t\t<\/div>\n\n\t\n<\/div>\n\t\t<\/div>\n\t\t\t\t\t<\/div>\n\n\t\n<\/div>\n\t\t<\/div>\n\n\t\t\n<style>\n#section_121351515 {\n  padding-top: 0px;\n  padding-bottom: 0px;\n}\n<\/style>\n\t<\/section>\n\t\n","protected":false},"excerpt":{"rendered":"<p><strong>Preparados para ma\u00f1ana<\/strong><\/p>\n<p>Mirando al futuro para las necesidades de su equipo hoy y ma\u00f1ana, con actualizaciones de dise\u00f1o y opciones de conectividad para mantener a su equipo siempre conectado.<\/p>\n<p>La MOTOTRBO TM R7 es una radio digital bidireccional que ofrece capacidades de audio revolucionarias en un dispositivo robusto y preparado para el futuro. Su avanzado procesamiento de audio garantiza que sus comunicaciones sean s\u00f3lidas y claras, mientras que su robusta construcci\u00f3n est\u00e1 preparada para entornos hostiles y sus avanzadas opciones de conectividad preparan a su personal para el futuro.<\/p>\n<p><strong>El poder de ser escuchado. Alto y claro<\/strong>.<\/p>\n<p>Con cancelaci\u00f3n de ruido, alto volumen y claridad de alto nivel, el R7 destaca all\u00ed donde las comunicaciones de audio pueden ser un reto, para que su equipo pueda o\u00edr y ser o\u00eddo dondequiera que trabaje.<\/p>\n","protected":false},"featured_media":20679,"comment_status":"closed","ping_status":"closed","template":"","meta":[],"product_brand":[],"product_cat":[155,157,161,162,156,158],"product_tag":[],"class_list":{"0":"post-20675","1":"product","2":"type-product","3":"status-publish","4":"has-post-thumbnail","6":"product_cat-linea-profesional","7":"product_cat-motorola-es","8":"product_cat-mototrbo-es","9":"product_cat-radio-dmr-es","10":"product_cat-radios-digitales","11":"product_cat-radios-portatiles","13":"first","14":"instock","15":"shipping-taxable","16":"product-type-simple"},"yoast_head":"<!-- This site is optimized with the Yoast SEO plugin v27.3 - https:\/\/yoast.com\/product\/yoast-seo-wordpress\/ -->\n<title>MOTOTRBO R7 (c\u00f3pia) - Abix<\/title>\n<meta name=\"description\" content=\"RADIO PORT\u00c1TIL MOTOTRBO R7 - Esta din\u00e1mica evoluci\u00f3n de las radios bidireccionales digitales MOTOTRBOTM le ayuda a mejorar su conectividad.\" \/>\n<meta name=\"robots\" content=\"index, follow, max-snippet:-1, max-image-preview:large, max-video-preview:-1\" \/>\n<link rel=\"canonical\" href=\"https:\/\/abix.com.br\/es\/produto\/mototrbo-r7-copia\/\" \/>\n<meta property=\"og:locale\" content=\"es_ES\" \/>\n<meta property=\"og:type\" content=\"article\" \/>\n<meta property=\"og:title\" content=\"MOTOTRBO R7 (c\u00f3pia) - Abix\" \/>\n<meta property=\"og:description\" content=\"RADIO PORT\u00c1TIL MOTOTRBO R7 - Esta din\u00e1mica evoluci\u00f3n de las radios bidireccionales digitales MOTOTRBOTM le ayuda a mejorar su conectividad.\" \/>\n<meta property=\"og:url\" content=\"https:\/\/abix.com.br\/es\/produto\/mototrbo-r7-copia\/\" \/>\n<meta property=\"og:site_name\" content=\"Abix\" \/>\n<meta property=\"article:modified_time\" content=\"2025-07-23T18:31:30+00:00\" \/>\n<meta name=\"twitter:card\" content=\"summary_large_image\" \/>\n<meta name=\"twitter:label1\" content=\"Tiempo de lectura\" \/>\n\t<meta name=\"twitter:data1\" content=\"2 minutos\" \/>\n<script type=\"application\/ld+json\" class=\"yoast-schema-graph\">{\"@context\":\"https:\\\/\\\/schema.org\",\"@graph\":[{\"@type\":\"WebPage\",\"@id\":\"https:\\\/\\\/abix.com.br\\\/es\\\/produto\\\/mototrbo-r7-copia\\\/\",\"url\":\"https:\\\/\\\/abix.com.br\\\/es\\\/produto\\\/mototrbo-r7-copia\\\/\",\"name\":\"MOTOTRBO R7 (c\u00f3pia) - Abix\",\"isPartOf\":{\"@id\":\"https:\\\/\\\/abix.com.br\\\/#website\"},\"primaryImageOfPage\":{\"@id\":\"https:\\\/\\\/abix.com.br\\\/es\\\/produto\\\/mototrbo-r7-copia\\\/#primaryimage\"},\"image\":{\"@id\":\"https:\\\/\\\/abix.com.br\\\/es\\\/produto\\\/mototrbo-r7-copia\\\/#primaryimage\"},\"thumbnailUrl\":\"https:\\\/\\\/abix.com.br\\\/wp-content\\\/uploads\\\/2025\\\/07\\\/DGP-8050e-Elite-scaled.webp\",\"datePublished\":\"2025-07-23T16:53:56+00:00\",\"dateModified\":\"2025-07-23T18:31:30+00:00\",\"description\":\"RADIO PORT\u00c1TIL MOTOTRBO R7 - Esta din\u00e1mica evoluci\u00f3n de las radios bidireccionales digitales MOTOTRBOTM le ayuda a mejorar su conectividad.\",\"breadcrumb\":{\"@id\":\"https:\\\/\\\/abix.com.br\\\/es\\\/produto\\\/mototrbo-r7-copia\\\/#breadcrumb\"},\"inLanguage\":\"es\",\"potentialAction\":[{\"@type\":\"ReadAction\",\"target\":[\"https:\\\/\\\/abix.com.br\\\/es\\\/produto\\\/mototrbo-r7-copia\\\/\"]}]},{\"@type\":\"ImageObject\",\"inLanguage\":\"es\",\"@id\":\"https:\\\/\\\/abix.com.br\\\/es\\\/produto\\\/mototrbo-r7-copia\\\/#primaryimage\",\"url\":\"https:\\\/\\\/abix.com.br\\\/wp-content\\\/uploads\\\/2025\\\/07\\\/DGP-8050e-Elite-scaled.webp\",\"contentUrl\":\"https:\\\/\\\/abix.com.br\\\/wp-content\\\/uploads\\\/2025\\\/07\\\/DGP-8050e-Elite-scaled.webp\",\"width\":2030,\"height\":2560},{\"@type\":\"BreadcrumbList\",\"@id\":\"https:\\\/\\\/abix.com.br\\\/es\\\/produto\\\/mototrbo-r7-copia\\\/#breadcrumb\",\"itemListElement\":[{\"@type\":\"ListItem\",\"position\":1,\"name\":\"In\u00edcio\",\"item\":\"https:\\\/\\\/abix.com.br\\\/es\\\/\"},{\"@type\":\"ListItem\",\"position\":2,\"name\":\"Tienda\",\"item\":\"https:\\\/\\\/abix.com.br\\\/loja\\\/\"},{\"@type\":\"ListItem\",\"position\":3,\"name\":\"MOTOTRBO R7 (c\u00f3pia)\"}]},{\"@type\":\"WebSite\",\"@id\":\"https:\\\/\\\/abix.com.br\\\/#website\",\"url\":\"https:\\\/\\\/abix.com.br\\\/\",\"name\":\"Abix\",\"description\":\"\",\"potentialAction\":[{\"@type\":\"SearchAction\",\"target\":{\"@type\":\"EntryPoint\",\"urlTemplate\":\"https:\\\/\\\/abix.com.br\\\/?s={search_term_string}\"},\"query-input\":{\"@type\":\"PropertyValueSpecification\",\"valueRequired\":true,\"valueName\":\"search_term_string\"}}],\"inLanguage\":\"es\"}]}<\/script>\n<!-- \/ Yoast SEO plugin. -->","yoast_head_json":{"title":"MOTOTRBO R7 (c\u00f3pia) - Abix","description":"RADIO PORT\u00c1TIL MOTOTRBO R7 - Esta din\u00e1mica evoluci\u00f3n de las radios bidireccionales digitales MOTOTRBOTM le ayuda a mejorar su conectividad.","robots":{"index":"index","follow":"follow","max-snippet":"max-snippet:-1","max-image-preview":"max-image-preview:large","max-video-preview":"max-video-preview:-1"},"canonical":"https:\/\/abix.com.br\/es\/produto\/mototrbo-r7-copia\/","og_locale":"es_ES","og_type":"article","og_title":"MOTOTRBO R7 (c\u00f3pia) - Abix","og_description":"RADIO PORT\u00c1TIL MOTOTRBO R7 - Esta din\u00e1mica evoluci\u00f3n de las radios bidireccionales digitales MOTOTRBOTM le ayuda a mejorar su conectividad.","og_url":"https:\/\/abix.com.br\/es\/produto\/mototrbo-r7-copia\/","og_site_name":"Abix","article_modified_time":"2025-07-23T18:31:30+00:00","twitter_card":"summary_large_image","twitter_misc":{"Tiempo de lectura":"2 minutos"},"schema":{"@context":"https:\/\/schema.org","@graph":[{"@type":"WebPage","@id":"https:\/\/abix.com.br\/es\/produto\/mototrbo-r7-copia\/","url":"https:\/\/abix.com.br\/es\/produto\/mototrbo-r7-copia\/","name":"MOTOTRBO R7 (c\u00f3pia) - Abix","isPartOf":{"@id":"https:\/\/abix.com.br\/#website"},"primaryImageOfPage":{"@id":"https:\/\/abix.com.br\/es\/produto\/mototrbo-r7-copia\/#primaryimage"},"image":{"@id":"https:\/\/abix.com.br\/es\/produto\/mototrbo-r7-copia\/#primaryimage"},"thumbnailUrl":"https:\/\/abix.com.br\/wp-content\/uploads\/2025\/07\/DGP-8050e-Elite-scaled.webp","datePublished":"2025-07-23T16:53:56+00:00","dateModified":"2025-07-23T18:31:30+00:00","description":"RADIO PORT\u00c1TIL MOTOTRBO R7 - Esta din\u00e1mica evoluci\u00f3n de las radios bidireccionales digitales MOTOTRBOTM le ayuda a mejorar su conectividad.","breadcrumb":{"@id":"https:\/\/abix.com.br\/es\/produto\/mototrbo-r7-copia\/#breadcrumb"},"inLanguage":"es","potentialAction":[{"@type":"ReadAction","target":["https:\/\/abix.com.br\/es\/produto\/mototrbo-r7-copia\/"]}]},{"@type":"ImageObject","inLanguage":"es","@id":"https:\/\/abix.com.br\/es\/produto\/mototrbo-r7-copia\/#primaryimage","url":"https:\/\/abix.com.br\/wp-content\/uploads\/2025\/07\/DGP-8050e-Elite-scaled.webp","contentUrl":"https:\/\/abix.com.br\/wp-content\/uploads\/2025\/07\/DGP-8050e-Elite-scaled.webp","width":2030,"height":2560},{"@type":"BreadcrumbList","@id":"https:\/\/abix.com.br\/es\/produto\/mototrbo-r7-copia\/#breadcrumb","itemListElement":[{"@type":"ListItem","position":1,"name":"In\u00edcio","item":"https:\/\/abix.com.br\/es\/"},{"@type":"ListItem","position":2,"name":"Tienda","item":"https:\/\/abix.com.br\/loja\/"},{"@type":"ListItem","position":3,"name":"MOTOTRBO R7 (c\u00f3pia)"}]},{"@type":"WebSite","@id":"https:\/\/abix.com.br\/#website","url":"https:\/\/abix.com.br\/","name":"Abix","description":"","potentialAction":[{"@type":"SearchAction","target":{"@type":"EntryPoint","urlTemplate":"https:\/\/abix.com.br\/?s={search_term_string}"},"query-input":{"@type":"PropertyValueSpecification","valueRequired":true,"valueName":"search_term_string"}}],"inLanguage":"es"}]}},"_links":{"self":[{"href":"https:\/\/abix.com.br\/es\/wp-json\/wp\/v2\/product\/20675","targetHints":{"allow":["GET"]}}],"collection":[{"href":"https:\/\/abix.com.br\/es\/wp-json\/wp\/v2\/product"}],"about":[{"href":"https:\/\/abix.com.br\/es\/wp-json\/wp\/v2\/types\/product"}],"replies":[{"embeddable":true,"href":"https:\/\/abix.com.br\/es\/wp-json\/wp\/v2\/comments?post=20675"}],"wp:featuredmedia":[{"embeddable":true,"href":"https:\/\/abix.com.br\/es\/wp-json\/wp\/v2\/media\/20679"}],"wp:attachment":[{"href":"https:\/\/abix.com.br\/es\/wp-json\/wp\/v2\/media?parent=20675"}],"wp:term":[{"taxonomy":"product_brand","embeddable":true,"href":"https:\/\/abix.com.br\/es\/wp-json\/wp\/v2\/product_brand?post=20675"},{"taxonomy":"product_cat","embeddable":true,"href":"https:\/\/abix.com.br\/es\/wp-json\/wp\/v2\/product_cat?post=20675"},{"taxonomy":"product_tag","embeddable":true,"href":"https:\/\/abix.com.br\/es\/wp-json\/wp\/v2\/product_tag?post=20675"}],"curies":[{"name":"wp","href":"https:\/\/api.w.org\/{rel}","templated":true}]}}