{"id":20930,"date":"2025-08-06T14:14:48","date_gmt":"2025-08-06T17:14:48","guid":{"rendered":"https:\/\/abix.com.br\/?post_type=product&#038;p=20930"},"modified":"2025-08-06T14:32:27","modified_gmt":"2025-08-06T17:32:27","slug":"repetidor-mototrbo-slr5100-copia-copia-copia-copia-copia","status":"publish","type":"product","link":"https:\/\/abix.com.br\/es\/produto\/repetidor-mototrbo-slr5100-copia-copia-copia-copia-copia\/","title":{"rendered":"REPETIDOR MOTOTRBO &#8211; SLR5100 (c\u00f3pia) (c\u00f3pia) (c\u00f3pia) (c\u00f3pia) (c\u00f3pia)"},"content":{"rendered":"\n\t<section class=\"section\" id=\"section_409576112\">\n\t\t<div class=\"section-bg fill\" >\n\t\t\t\t\t\t\t\t\t\n\t\t\t\n\n\t\t<\/div>\n\n\t\t\n\n\t\t<div class=\"section-content relative\">\n\t\t\t\n<div class=\"row\"  id=\"row-671688045\">\n\n\t<div id=\"col-239218470\" class=\"col small-12 large-12\"  >\n\t\t\t\t<div class=\"col-inner\"  >\n\t\t\t\n\t\t\t\n<div class=\"row\"  id=\"row-724080636\">\n\n\t<div id=\"col-2030317665\" class=\"col small-12 large-12\"  >\n\t\t\t\t<div class=\"col-inner\"  >\n\t\t\t\n\t\t\t\n\n\t\t<div class=\"tabbed-content locacao-tabs\">\n\t\t\t\n\t\t\t<ul class=\"nav nav-tabs nav-normal nav-size-xlarge nav-left active-on-hover\" role=\"tablist\"><li id=\"tab-informaci\u00d3n\" class=\"tab active has-icon\" role=\"presentation\"><a href=\"#tab_informaci\u00d3n\" role=\"tab\" aria-selected=\"true\" aria-controls=\"tab_informaci\u00d3n\"><span>INFORMACI\u00d3N<\/span><\/a><\/li>\n<li id=\"tab-accesorios\" class=\"tab has-icon\" role=\"presentation\"><a href=\"#tab_accesorios\" tabindex=\"-1\" role=\"tab\" aria-selected=\"false\" aria-controls=\"tab_accesorios\"><span>ACCESORIOS<\/span><\/a><\/li>\n<li id=\"tab-descargas\" class=\"tab has-icon\" role=\"presentation\"><a href=\"#tab_descargas\" tabindex=\"-1\" role=\"tab\" aria-selected=\"false\" aria-controls=\"tab_descargas\"><span>DESCARGAS<\/span><\/a><\/li>\n<li id=\"tab-especificaciones\" class=\"tab has-icon\" role=\"presentation\"><a href=\"#tab_especificaciones\" tabindex=\"-1\" role=\"tab\" aria-selected=\"false\" aria-controls=\"tab_especificaciones\"><span>ESPECIFICACIONES<\/span><\/a><\/li><\/ul><div class=\"tab-panels\"><div id=\"tab_informaci\u00d3n\" class=\"panel active entry-content\" role=\"tabpanel\" aria-labelledby=\"tab-informaci\u00d3n\">\n<div class=\"row\"  id=\"row-347260894\">\n\n\t<div id=\"col-245035092\" class=\"col medium-6 small-12 large-6\"  >\n\t\t\t\t<div class=\"col-inner\"  >\n\t\t\t\n\t\t\t\n<p><strong>REPETIDOR MOTOTRBO DE \u00daLTIMA GENERACI\u00d3N<\/strong><\/p>\n<p>La SLR5100 representa un gran salto adelante en dise\u00f1o y tecnolog\u00eda. Basado en una amplia experiencia de campo, los comentarios de los clientes y la innovaci\u00f3n tecnol\u00f3gica, el producto ofrece niveles excepcionales de rendimiento y eficacia para su sistema de radio bidireccional empresarial. Desde una s\u00f3lida fiabilidad hasta toques ingeniosos como un cargador de bater\u00eda integrado, el SLR5100 representa realmente la \u00faltima generaci\u00f3n en repetidores<\/p>\n<p><strong>TOTALMENTE PREPARADO PARA EL FUTURO<\/strong><\/p>\n<p>Motorola se compromete a apoyar a sus trabajadores con soluciones de comunicaciones a\u00fan m\u00e1s sofisticadas a medida que evolucionan sus necesidades, por lo que el SLR5100 se cre\u00f3 pensando en el futuro. En comparaci\u00f3n con los repetidores de primera generaci\u00f3n, ofrece 10 veces m\u00e1s capacidad de procesamiento, 15 veces m\u00e1s memoria y 25 veces m\u00e1s capacidad de almacenamiento de datos. La arquitectura permite incluso instalar m\u00f3dulos de ampliaci\u00f3n para casos en los que se necesiten m\u00e1s funciones en el futuro.<\/p>\n<p><strong>MOTOTRBO SERIE SLR5100<\/strong><\/p>\n<p>Con un excelente rendimiento, alta fiabilidad y dise\u00f1o inteligente en una unidad peque\u00f1a y delgada, el repetidor SLR5100 es la pieza central del sistema de radio bidireccional profesional MOTOTRBO. Para obtener m\u00e1s informaci\u00f3n, p\u00f3ngase en contacto con su socio comercial autorizado de Motorola.<\/p>\n<div class=\"richtexteditor parbase\">\n<p><b>ALTO RENDIMIENTO<\/b><\/p>\n<p>El SLR5100 se ha dise\u00f1ado para ofrecer un funcionamiento fiable las 24 horas del d\u00eda, incluso con su potencia de transmisi\u00f3n m\u00e1xima de 50 W. Su dise\u00f1o de alta calidad ha sido validado mediante el programa Accelerated Life Test (ALT) de Motorola y cumple estrictos criterios de calidad.<\/p>\n<p>Para proporcionar una cobertura fiable en todas sus instalaciones, el producto incorpora un dise\u00f1o de receptor de \u00faltima generaci\u00f3n con alta sensibilidad y bloqueo de ruido mejorado. Esto, unido a su potencia de salida de transmisi\u00f3n de 50 W y a su avanzada correcci\u00f3n de errores, proporciona una calidad de voz n\u00edtida, incluso en las condiciones m\u00e1s duras.<\/p>\n<p>El SLR5100 soporta todo el conjunto de funciones MOTOTRBO y es compatible con todas las arquitecturas de sistemas MOTOTRBO: convencional de sitio \u00fanico, IP Site Connect, Capacity Plus, Linked Capacity Plus y Connect Plus. La conexi\u00f3n Ethernet le permite crear aplicaciones y consolas directamente en su sistema.<\/p>\n<p>Para crear su sistema con un rendimiento inigualable, puede adquirir los servicios de integraci\u00f3n MOTOTRBO IP y de planificaci\u00f3n de RF.<\/p>\n<p><b>ALTO RENDIMIENTO<\/b><\/p>\n<p>Lo \u00faltimo en tecnolog\u00eda RF proporciona a la SLR5100 un nivel excepcional de eficiencia energ\u00e9tica. Adem\u00e1s, su perfil 1RU ayuda a ahorrar espacio y su baja impresi\u00f3n t\u00e9rmica proporciona un coste de propiedad muy bajo.<\/p>\n<p>El producto tiene unos requisitos de mantenimiento sencillos gracias a su dise\u00f1o modular y al puerto USB del panel frontal, con soporte opcional para gesti\u00f3n remota. Tambi\u00e9n cuenta con funciones integradas como un cargador de bater\u00eda de 3 A, puertos GPIO y un conector auxiliar para facilitar la instalaci\u00f3n in situ.<\/p>\n<p>M\u00f3dulos de amplificador de potencia, fuente de alimentaci\u00f3n y controlador reemplazables in situ. La garant\u00eda est\u00e1ndar es de 2 a\u00f1os y puede complementarse con los servicios de reparaci\u00f3n de la infraestructura MOTOTRBO.<\/p>\n<\/div>\n\t\t<\/div>\n\t\t\t\t\t<\/div>\n\n\t\n\n\t<div id=\"col-914285512\" class=\"col medium-6 small-12 large-6\"  >\n\t\t\t\t<div class=\"col-inner text-left\"  >\n\t\t\t\n\t\t\t\n\t\t<\/div>\n\t\t\t\t\t<\/div>\n\n\t\n<\/div>\n<\/div>\n<div id=\"tab_accesorios\" class=\"panel entry-content\" role=\"tabpanel\" aria-labelledby=\"tab-accesorios\">\n<div class=\"row align-middle\"  id=\"row-2049128441\">\n\n\t<div id=\"col-791151702\" class=\"col medium-10 small-12 large-10\"  >\n\t\t\t\t<div class=\"col-inner\"  >\n\t\t\t\n\t\t\t\n<p>CONTENIDO<\/p>\n\t\t<\/div>\n\t\t\t\t\t<\/div>\n\n\t\n\n\t<div id=\"col-1742600884\" class=\"col medium-2 small-12 large-2\"  >\n\t\t\t\t<div class=\"col-inner\"  >\n\t\t\t\n\t\t\t\n\t\t<\/div>\n\t\t\t\t\t<\/div>\n\n\t\n<\/div>\n<\/div>\n<div id=\"tab_descargas\" class=\"panel entry-content\" role=\"tabpanel\" aria-labelledby=\"tab-descargas\">\n<div class=\"row\"  id=\"row-1396917632\">\n\n\t<div id=\"col-535557882\" class=\"col medium-10 small-12 large-10\"  >\n\t\t\t\t<div class=\"col-inner\"  >\n\t\t\t\n\t\t\t\n<p><a href=\"https:\/\/www.abix.com.br\/wp-content\/uploads\/Ficha-SLR5100.pdf\">Ficha t\u00e9cnica SLR5100<\/a><\/p>\n\t\t<\/div>\n\t\t\t\t\t<\/div>\n\n\t\n<\/div>\n<\/div>\n<div id=\"tab_especificaciones\" class=\"panel entry-content\" role=\"tabpanel\" aria-labelledby=\"tab-especificaciones\">\n<div class=\"row\"  id=\"row-490886193\">\n\n\t<div id=\"col-2135053281\" class=\"col medium-9 small-12 large-9\"  >\n\t\t\t\t<div class=\"col-inner\"  >\n\t\t\t\n\t\t\t\n<h3>ESPECIFICACIONES GENERALES<\/h3>\n<ul>\n<li><strong>Gama de frecuencias<\/strong><\/li>\n<\/ul>\n<p>136-174MHz<\/p>\n<p>400-470 MHz<\/p>\n<p>450-512MHz<\/p>\n<p>300-360 MHz<\/p>\n<p>350-400MHz<\/p>\n<ul>\n<li><b>Tipos de sistemas permitidos<\/b><\/li>\n<\/ul>\n<p>Anal\u00f3gico convencional y digital<\/p>\n<p>Conexi\u00f3n de sitios IP<\/p>\n<p>Capacidad Plus<\/p>\n<p>Capacidad Vinculada Plus<\/p>\n<p>Conectar Plus<\/p>\n<\/p>\n<h3>CARACTER\u00cdSTICAS F\u00cdSICAS<\/h3>\n<ul>\n<li><strong>Dimensiones<\/strong><\/li>\n<\/ul>\n<p>44 mm x 483 mm x 370 mm<\/p>\n<ul>\n<li><strong>Peso<\/strong><\/li>\n<\/ul>\n<p>8,6 kg<\/p>\n<h3>RECURSOS RADIOF\u00d3NICOS<\/h3>\n<ul>\n<li><strong>Capacidad del canal<\/strong><\/li>\n<\/ul>\n<p>64<\/p>\n\t\t<\/div>\n\t\t\t\t\t<\/div>\n\n\t\n<\/div>\n<\/div><\/div><\/div>\n\t\t<\/div>\n\t\t\t\t\t<\/div>\n\n\t\n<\/div>\n\t\t<\/div>\n\t\t\t\t\t<\/div>\n\n\t\n<\/div>\n\t\t<\/div>\n\n\t\t\n<style>\n#section_409576112 {\n  padding-top: 0px;\n  padding-bottom: 0px;\n}\n<\/style>\n\t<\/section>\n\t\n","protected":false},"excerpt":{"rendered":"<p style=\"text-align: justify;\">Para que su empresa tenga \u00e9xito, necesita comunicaciones de voz y datos fiables que lleguen a todas las \u00e1reas de sus operaciones.<\/p>\n<p style=\"text-align: justify;\">El repetidor MOTOTRBO SLR 5100 ofrece un servicio de radio bidireccional fiable y de alto rendimiento con todas las funciones que necesita para conectarse a su lugar de trabajo, ya sea sobre el terreno o en la f\u00e1brica. Con su elegante dise\u00f1o y bajo consumo de energ\u00eda, el MOTOTRBO<br \/>\nLa SLR 5100 est\u00e1 dise\u00f1ada para tener un bajo coste de propiedad. Y con un gran avance tecnol\u00f3gico, representa la pr\u00f3xima generaci\u00f3n de repetidores como base del sistema de radio bidireccional profesional MOTOTRBO.<\/p>\n<p style=\"text-align: justify;\">Tanto si necesita la sencillez de un sistema convencional de un solo emplazamiento como la potencia de las funciones troncales de Capacity Plus, Linked Capacity Plus o Connect Plus, el repetidor SLR 5100 ofrece toda la potencia de la radio digital bidireccional para sus trabajadores.<\/p>\n<p style=\"text-align: justify;\">Para confirmar la disponibilidad en su pa\u00eds, p\u00f3ngase en contacto con su representante de Motorola.<\/p>\n","protected":false},"featured_media":20931,"comment_status":"closed","ping_status":"closed","template":"","meta":[],"product_brand":[],"product_cat":[155,157,161,162,163,156,168],"product_tag":[],"class_list":{"0":"post-20930","1":"product","2":"type-product","3":"status-publish","4":"has-post-thumbnail","6":"product_cat-linea-profesional","7":"product_cat-motorola-es","8":"product_cat-mototrbo-es","9":"product_cat-radio-dmr-es","10":"product_cat-radios-analogicas","11":"product_cat-radios-digitales","12":"product_cat-repetidores","14":"first","15":"instock","16":"shipping-taxable","17":"product-type-simple"},"yoast_head":"<!-- This site is optimized with the Yoast SEO plugin v27.4 - https:\/\/yoast.com\/product\/yoast-seo-wordpress\/ -->\n<title>REPETIDOR MOTOTRBO - SLR5100 - Abix Tecnologia<\/title>\n<meta name=\"description\" content=\"El repetidor MOTOTRBO SLR 5100 ofrece un servicio de radio bidireccional fiable y de alto rendimiento - REPETIDOR MOTOTRBO - SLR5100\" \/>\n<meta name=\"robots\" content=\"index, follow, max-snippet:-1, max-image-preview:large, max-video-preview:-1\" \/>\n<link rel=\"canonical\" href=\"https:\/\/abix.com.br\/es\/produto\/repetidor-mototrbo-slr5100-copia-copia-copia-copia-copia\/\" \/>\n<meta property=\"og:locale\" content=\"es_ES\" \/>\n<meta property=\"og:type\" content=\"article\" \/>\n<meta property=\"og:title\" content=\"REPETIDOR MOTOTRBO - SLR5100 - Abix Tecnologia\" \/>\n<meta property=\"og:description\" content=\"El repetidor MOTOTRBO SLR 5100 ofrece un servicio de radio bidireccional fiable y de alto rendimiento - REPETIDOR MOTOTRBO - SLR5100\" \/>\n<meta property=\"og:url\" content=\"https:\/\/abix.com.br\/es\/produto\/repetidor-mototrbo-slr5100-copia-copia-copia-copia-copia\/\" \/>\n<meta property=\"og:site_name\" content=\"Abix\" \/>\n<meta property=\"article:modified_time\" content=\"2025-08-06T17:32:27+00:00\" \/>\n<meta name=\"twitter:card\" content=\"summary_large_image\" \/>\n<meta name=\"twitter:label1\" content=\"Tiempo de lectura\" \/>\n\t<meta name=\"twitter:data1\" content=\"4 minutos\" \/>\n<script type=\"application\/ld+json\" class=\"yoast-schema-graph\">{\"@context\":\"https:\\\/\\\/schema.org\",\"@graph\":[{\"@type\":\"WebPage\",\"@id\":\"https:\\\/\\\/abix.com.br\\\/es\\\/produto\\\/repetidor-mototrbo-slr5100-copia-copia-copia-copia-copia\\\/\",\"url\":\"https:\\\/\\\/abix.com.br\\\/es\\\/produto\\\/repetidor-mototrbo-slr5100-copia-copia-copia-copia-copia\\\/\",\"name\":\"REPETIDOR MOTOTRBO - SLR5100 - Abix Tecnologia\",\"isPartOf\":{\"@id\":\"https:\\\/\\\/abix.com.br\\\/#website\"},\"primaryImageOfPage\":{\"@id\":\"https:\\\/\\\/abix.com.br\\\/es\\\/produto\\\/repetidor-mototrbo-slr5100-copia-copia-copia-copia-copia\\\/#primaryimage\"},\"image\":{\"@id\":\"https:\\\/\\\/abix.com.br\\\/es\\\/produto\\\/repetidor-mototrbo-slr5100-copia-copia-copia-copia-copia\\\/#primaryimage\"},\"thumbnailUrl\":\"https:\\\/\\\/abix.com.br\\\/wp-content\\\/uploads\\\/2025\\\/08\\\/XRI9000-scaled.webp\",\"datePublished\":\"2025-08-06T17:14:48+00:00\",\"dateModified\":\"2025-08-06T17:32:27+00:00\",\"description\":\"El repetidor MOTOTRBO SLR 5100 ofrece un servicio de radio bidireccional fiable y de alto rendimiento - REPETIDOR MOTOTRBO - SLR5100\",\"breadcrumb\":{\"@id\":\"https:\\\/\\\/abix.com.br\\\/es\\\/produto\\\/repetidor-mototrbo-slr5100-copia-copia-copia-copia-copia\\\/#breadcrumb\"},\"inLanguage\":\"es\",\"potentialAction\":[{\"@type\":\"ReadAction\",\"target\":[\"https:\\\/\\\/abix.com.br\\\/es\\\/produto\\\/repetidor-mototrbo-slr5100-copia-copia-copia-copia-copia\\\/\"]}]},{\"@type\":\"ImageObject\",\"inLanguage\":\"es\",\"@id\":\"https:\\\/\\\/abix.com.br\\\/es\\\/produto\\\/repetidor-mototrbo-slr5100-copia-copia-copia-copia-copia\\\/#primaryimage\",\"url\":\"https:\\\/\\\/abix.com.br\\\/wp-content\\\/uploads\\\/2025\\\/08\\\/XRI9000-scaled.webp\",\"contentUrl\":\"https:\\\/\\\/abix.com.br\\\/wp-content\\\/uploads\\\/2025\\\/08\\\/XRI9000-scaled.webp\",\"width\":1978,\"height\":2560},{\"@type\":\"BreadcrumbList\",\"@id\":\"https:\\\/\\\/abix.com.br\\\/es\\\/produto\\\/repetidor-mototrbo-slr5100-copia-copia-copia-copia-copia\\\/#breadcrumb\",\"itemListElement\":[{\"@type\":\"ListItem\",\"position\":1,\"name\":\"In\u00edcio\",\"item\":\"https:\\\/\\\/abix.com.br\\\/es\\\/\"},{\"@type\":\"ListItem\",\"position\":2,\"name\":\"Tienda\",\"item\":\"https:\\\/\\\/abix.com.br\\\/loja\\\/\"},{\"@type\":\"ListItem\",\"position\":3,\"name\":\"REPETIDOR MOTOTRBO &#8211; SLR5100 (c\u00f3pia) (c\u00f3pia) (c\u00f3pia) (c\u00f3pia) (c\u00f3pia)\"}]},{\"@type\":\"WebSite\",\"@id\":\"https:\\\/\\\/abix.com.br\\\/#website\",\"url\":\"https:\\\/\\\/abix.com.br\\\/\",\"name\":\"Abix\",\"description\":\"\",\"potentialAction\":[{\"@type\":\"SearchAction\",\"target\":{\"@type\":\"EntryPoint\",\"urlTemplate\":\"https:\\\/\\\/abix.com.br\\\/?s={search_term_string}\"},\"query-input\":{\"@type\":\"PropertyValueSpecification\",\"valueRequired\":true,\"valueName\":\"search_term_string\"}}],\"inLanguage\":\"es\"}]}<\/script>\n<!-- \/ Yoast SEO plugin. -->","yoast_head_json":{"title":"REPETIDOR MOTOTRBO - SLR5100 - Abix Tecnologia","description":"El repetidor MOTOTRBO SLR 5100 ofrece un servicio de radio bidireccional fiable y de alto rendimiento - REPETIDOR MOTOTRBO - SLR5100","robots":{"index":"index","follow":"follow","max-snippet":"max-snippet:-1","max-image-preview":"max-image-preview:large","max-video-preview":"max-video-preview:-1"},"canonical":"https:\/\/abix.com.br\/es\/produto\/repetidor-mototrbo-slr5100-copia-copia-copia-copia-copia\/","og_locale":"es_ES","og_type":"article","og_title":"REPETIDOR MOTOTRBO - SLR5100 - Abix Tecnologia","og_description":"El repetidor MOTOTRBO SLR 5100 ofrece un servicio de radio bidireccional fiable y de alto rendimiento - REPETIDOR MOTOTRBO - SLR5100","og_url":"https:\/\/abix.com.br\/es\/produto\/repetidor-mototrbo-slr5100-copia-copia-copia-copia-copia\/","og_site_name":"Abix","article_modified_time":"2025-08-06T17:32:27+00:00","twitter_card":"summary_large_image","twitter_misc":{"Tiempo de lectura":"4 minutos"},"schema":{"@context":"https:\/\/schema.org","@graph":[{"@type":"WebPage","@id":"https:\/\/abix.com.br\/es\/produto\/repetidor-mototrbo-slr5100-copia-copia-copia-copia-copia\/","url":"https:\/\/abix.com.br\/es\/produto\/repetidor-mototrbo-slr5100-copia-copia-copia-copia-copia\/","name":"REPETIDOR MOTOTRBO - SLR5100 - Abix Tecnologia","isPartOf":{"@id":"https:\/\/abix.com.br\/#website"},"primaryImageOfPage":{"@id":"https:\/\/abix.com.br\/es\/produto\/repetidor-mototrbo-slr5100-copia-copia-copia-copia-copia\/#primaryimage"},"image":{"@id":"https:\/\/abix.com.br\/es\/produto\/repetidor-mototrbo-slr5100-copia-copia-copia-copia-copia\/#primaryimage"},"thumbnailUrl":"https:\/\/abix.com.br\/wp-content\/uploads\/2025\/08\/XRI9000-scaled.webp","datePublished":"2025-08-06T17:14:48+00:00","dateModified":"2025-08-06T17:32:27+00:00","description":"El repetidor MOTOTRBO SLR 5100 ofrece un servicio de radio bidireccional fiable y de alto rendimiento - REPETIDOR MOTOTRBO - SLR5100","breadcrumb":{"@id":"https:\/\/abix.com.br\/es\/produto\/repetidor-mototrbo-slr5100-copia-copia-copia-copia-copia\/#breadcrumb"},"inLanguage":"es","potentialAction":[{"@type":"ReadAction","target":["https:\/\/abix.com.br\/es\/produto\/repetidor-mototrbo-slr5100-copia-copia-copia-copia-copia\/"]}]},{"@type":"ImageObject","inLanguage":"es","@id":"https:\/\/abix.com.br\/es\/produto\/repetidor-mototrbo-slr5100-copia-copia-copia-copia-copia\/#primaryimage","url":"https:\/\/abix.com.br\/wp-content\/uploads\/2025\/08\/XRI9000-scaled.webp","contentUrl":"https:\/\/abix.com.br\/wp-content\/uploads\/2025\/08\/XRI9000-scaled.webp","width":1978,"height":2560},{"@type":"BreadcrumbList","@id":"https:\/\/abix.com.br\/es\/produto\/repetidor-mototrbo-slr5100-copia-copia-copia-copia-copia\/#breadcrumb","itemListElement":[{"@type":"ListItem","position":1,"name":"In\u00edcio","item":"https:\/\/abix.com.br\/es\/"},{"@type":"ListItem","position":2,"name":"Tienda","item":"https:\/\/abix.com.br\/loja\/"},{"@type":"ListItem","position":3,"name":"REPETIDOR MOTOTRBO &#8211; SLR5100 (c\u00f3pia) (c\u00f3pia) (c\u00f3pia) (c\u00f3pia) (c\u00f3pia)"}]},{"@type":"WebSite","@id":"https:\/\/abix.com.br\/#website","url":"https:\/\/abix.com.br\/","name":"Abix","description":"","potentialAction":[{"@type":"SearchAction","target":{"@type":"EntryPoint","urlTemplate":"https:\/\/abix.com.br\/?s={search_term_string}"},"query-input":{"@type":"PropertyValueSpecification","valueRequired":true,"valueName":"search_term_string"}}],"inLanguage":"es"}]}},"_links":{"self":[{"href":"https:\/\/abix.com.br\/es\/wp-json\/wp\/v2\/product\/20930","targetHints":{"allow":["GET"]}}],"collection":[{"href":"https:\/\/abix.com.br\/es\/wp-json\/wp\/v2\/product"}],"about":[{"href":"https:\/\/abix.com.br\/es\/wp-json\/wp\/v2\/types\/product"}],"replies":[{"embeddable":true,"href":"https:\/\/abix.com.br\/es\/wp-json\/wp\/v2\/comments?post=20930"}],"wp:featuredmedia":[{"embeddable":true,"href":"https:\/\/abix.com.br\/es\/wp-json\/wp\/v2\/media\/20931"}],"wp:attachment":[{"href":"https:\/\/abix.com.br\/es\/wp-json\/wp\/v2\/media?parent=20930"}],"wp:term":[{"taxonomy":"product_brand","embeddable":true,"href":"https:\/\/abix.com.br\/es\/wp-json\/wp\/v2\/product_brand?post=20930"},{"taxonomy":"product_cat","embeddable":true,"href":"https:\/\/abix.com.br\/es\/wp-json\/wp\/v2\/product_cat?post=20930"},{"taxonomy":"product_tag","embeddable":true,"href":"https:\/\/abix.com.br\/es\/wp-json\/wp\/v2\/product_tag?post=20930"}],"curies":[{"name":"wp","href":"https:\/\/api.w.org\/{rel}","templated":true}]}}