{"id":20955,"date":"2025-08-06T17:37:43","date_gmt":"2025-08-06T20:37:43","guid":{"rendered":"https:\/\/abix.com.br\/?post_type=product&#038;p=20955"},"modified":"2025-12-11T09:46:12","modified_gmt":"2025-12-11T12:46:12","slug":"camara-fd9166-hr","status":"publish","type":"product","link":"https:\/\/abix.com.br\/es\/produto\/camara-fd9166-hr\/","title":{"rendered":"C\u00c1MARA FD9166-HR"},"content":{"rendered":"\n\t<section class=\"section\" id=\"section_1999359114\">\n\t\t<div class=\"section-bg fill\" >\n\t\t\t\t\t\t\t\t\t\n\t\t\t\n\n\t\t<\/div>\n\n\t\t\n\n\t\t<div class=\"section-content relative\">\n\t\t\t\n<div class=\"row\"  id=\"row-1322908677\">\n\n\t<div id=\"col-918916739\" class=\"col small-12 large-12\"  >\n\t\t\t\t<div class=\"col-inner\"  >\n\t\t\t\n\t\t\t\n<div class=\"row\"  id=\"row-775358774\">\n\n\t<div id=\"col-337473902\" class=\"col small-12 large-12\"  >\n\t\t\t\t<div class=\"col-inner\"  >\n\t\t\t\n\t\t\t\n\n\t\t<div class=\"tabbed-content locacao-tabs\">\n\t\t\t\n\t\t\t<ul class=\"nav nav-tabs nav-normal nav-size-xlarge nav-left active-on-hover\" role=\"tablist\"><li id=\"tab-informaci\u00d3n\" class=\"tab active has-icon\" role=\"presentation\"><a href=\"#tab_informaci\u00d3n\" role=\"tab\" aria-selected=\"true\" aria-controls=\"tab_informaci\u00d3n\"><span>INFORMACI\u00d3N<\/span><\/a><\/li>\n<li id=\"tab-accesorios\" class=\"tab has-icon\" role=\"presentation\"><a href=\"#tab_accesorios\" tabindex=\"-1\" role=\"tab\" aria-selected=\"false\" aria-controls=\"tab_accesorios\"><span>ACCESORIOS<\/span><\/a><\/li>\n<li id=\"tab-descargas\" class=\"tab has-icon\" role=\"presentation\"><a href=\"#tab_descargas\" tabindex=\"-1\" role=\"tab\" aria-selected=\"false\" aria-controls=\"tab_descargas\"><span>DESCARGAS<\/span><\/a><\/li>\n<li id=\"tab-especificaciones\" class=\"tab has-icon\" role=\"presentation\"><a href=\"#tab_especificaciones\" tabindex=\"-1\" role=\"tab\" aria-selected=\"false\" aria-controls=\"tab_especificaciones\"><span>ESPECIFICACIONES<\/span><\/a><\/li><\/ul><div class=\"tab-panels\"><div id=\"tab_informaci\u00d3n\" class=\"panel active entry-content\" role=\"tabpanel\" aria-labelledby=\"tab-informaci\u00d3n\">\n<div class=\"row\"  id=\"row-1413230590\">\n\n\t<div id=\"col-1881444315\" class=\"col medium-6 small-12 large-6\"  >\n\t\t\t\t<div class=\"col-inner\"  >\n\t\t\t\n\t\t\t\n<div><strong>Vigilancia discreta y potente<\/strong><\/div>\n<div><\/div>\n<div>La Vivotek FD9166-HN es la opci\u00f3n ideal para empresas que buscan una c\u00e1mara de vigilancia compacta y eficiente con funciones avanzadas. Gracias a su combinaci\u00f3n de calidad de imagen superior, dise\u00f1o discreto y funcionalidades inteligentes, ofrece seguridad confiable e integraci\u00f3n perfecta para proteger entornos interiores.<\/div>\n<div><\/div>\n<h3>Caracter\u00edsticas principales<\/h3>\n<div>Alta calidad de imagen: Resoluci\u00f3n de 2 MP (1920\u00d71080) a 30 fps, con WDR Pro (120 dB) para una visibilidad excepcional en entornos de alto contraste y un excelente rendimiento con poca luz (0,07 Lux a F1.8).<\/div>\n<div>Eficiencia de compresi\u00f3n: Compatible con los c\u00f3decs H.265, H.264 y MJPEG, junto con Smart Stream III, para optimizar el ancho de banda y reducir los requisitos de almacenamiento.<\/div>\n<div>Visi\u00f3n nocturna avanzada: Iluminadores infrarrojos invisibles integrados (940 nm) con un alcance de hasta 10 metros y tecnolog\u00eda Smart IR para evitar la sobreexposici\u00f3n.<\/div>\n<div>Audio integrado: Micr\u00f3fono integrado para captura de audio, ideal para monitoreo en tiempo real. Funciones inteligentes: Incluye detecci\u00f3n de movimiento (5 ventanas), detecci\u00f3n de manipulaci\u00f3n de la c\u00e1mara, detecci\u00f3n de audio y eventos de ciberseguridad como protecci\u00f3n contra ataques de fuerza bruta y ciberataques.<\/div>\n<div>Dise\u00f1o compacto: Elegante formato minidomo, ideal para instalaciones interiores discretas.<\/div>\n<div>Conectividad simplificada: Admite PoE (802.3af) para alimentaci\u00f3n y datos a trav\u00e9s de un solo cable, adem\u00e1s de una ranura para tarjetas MicroSD\/SDHC\/SDXC para almacenamiento local.<\/div>\n<div><\/div>\n<div>Aplicaciones: Dise\u00f1ada para uso en interiores, la Vivotek FD9166-HN es ideal para oficinas, tiendas, pasillos y entradas de edificios, proporcionando una vigilancia fiable en zonas cr\u00edticas. Su dise\u00f1o discreto y sus avanzadas funciones la hacen perfecta para entornos que exigen est\u00e9tica y alto rendimiento.<\/div>\n\t\t<\/div>\n\t\t\t\t\t<\/div>\n\n\t\n\n\t<div id=\"col-1640822637\" class=\"col medium-6 small-12 large-6\"  >\n\t\t\t\t<div class=\"col-inner text-left\"  >\n\t\t\t\n\t\t\t\n\t\t<\/div>\n\t\t\t\t\t<\/div>\n\n\t\n<\/div>\n<\/div>\n<div id=\"tab_accesorios\" class=\"panel entry-content\" role=\"tabpanel\" aria-labelledby=\"tab-accesorios\">\n<div class=\"row align-middle\"  id=\"row-1107665619\">\n\n\t<div id=\"col-183469754\" class=\"col medium-10 small-12 large-10\"  >\n\t\t\t\t<div class=\"col-inner\"  >\n\t\t\t\n\t\t\t\n<p>CONTENIDO<\/p>\n\t\t<\/div>\n\t\t\t\t\t<\/div>\n\n\t\n\n\t<div id=\"col-1655443800\" class=\"col medium-2 small-12 large-2\"  >\n\t\t\t\t<div class=\"col-inner\"  >\n\t\t\t\n\t\t\t\n\t\t<\/div>\n\t\t\t\t\t<\/div>\n\n\t\n<\/div>\n<\/div>\n<div id=\"tab_descargas\" class=\"panel entry-content\" role=\"tabpanel\" aria-labelledby=\"tab-descargas\">\n<div class=\"row\"  id=\"row-1180298382\">\n\n\t<div id=\"col-1234864183\" class=\"col medium-10 small-12 large-10\"  >\n\t\t\t\t<div class=\"col-inner\"  >\n\t\t\t\n\t\t\t\n\t\t<\/div>\n\t\t\t\t\t<\/div>\n\n\t\n<\/div>\n<\/div>\n<div id=\"tab_especificaciones\" class=\"panel entry-content\" role=\"tabpanel\" aria-labelledby=\"tab-especificaciones\">\n<div class=\"row\"  id=\"row-1651417522\">\n\n\t<div id=\"col-926946518\" class=\"col medium-9 small-12 large-9\"  >\n\t\t\t\t<div class=\"col-inner\"  >\n\t\t\t\n\t\t\t\n<h3>ESPECIFICACIONES T\u00c9CNICAS<\/h3>\n<p>Resoluci\u00f3n: 1920\u00d71080 (2 MP)<br \/>\nAlcance IR: Hasta 10 metros (940 nm IR)<br \/>\nC\u00f3decs: H.265, H.264, MJPEG<br \/>\nFunciones de imagen: WDR Pro, BLC, 3DNR, Smart IR, Desempa\u00f1ador<br \/>\nGrado de protecci\u00f3n: Uso en interiores<br \/>\nLente: Fija de 2,8 mm o 3,6 mm, F1.8\/F2.0<br \/>\nAn\u00e1lisis:<br \/>\nDetecci\u00f3n de movimiento (5 ventanas)<br \/>\nDetecci\u00f3n de manipulaci\u00f3n de la c\u00e1mara<br \/>\nDetecci\u00f3n de audio<br \/>\nEventos de ciberseguridad (ataques de fuerza bruta, ciberataques, cuarentena)<\/p>\n\t\t<\/div>\n\t\t\t\t\t<\/div>\n\n\t\n<\/div>\n<\/div><\/div><\/div>\n\t\t<\/div>\n\t\t\t\t\t<\/div>\n\n\t\n<\/div>\n\t\t<\/div>\n\t\t\t\t\t<\/div>\n\n\t\n<\/div>\n\t\t<\/div>\n\n\t\t\n<style>\n#section_1999359114 {\n  padding-top: 0px;\n  padding-bottom: 0px;\n}\n<\/style>\n\t<\/section>\n\t\n","protected":false},"excerpt":{"rendered":"<h3>Vigilancia compacta y eficiente<\/h3>\n<div>La c\u00e1mara de red Vivotek FD9166-HN es una soluci\u00f3n de vigilancia para interiores que combina un rendimiento avanzado con un dise\u00f1o discreto. Compacta y eficiente, es ideal para oficinas, tiendas, pasillos y entradas, ofreciendo im\u00e1genes n\u00edtidas y fiables para garantizar la seguridad en diversos entornos.<\/div>\n<div><\/div>\n<div>Equipada con tecnolog\u00eda de compresi\u00f3n H.265 y Smart Stream III, la FD9166-HN reduce significativamente el consumo de ancho de banda y almacenamiento. Funciones como WDR Pro e Smart IR garantizan una excelente calidad de imagen, incluso en condiciones de iluminaci\u00f3n adversas. Adem\u00e1s, sus funciones anal\u00edticas, como la detecci\u00f3n de movimiento y las alertas de ciberseguridad, ofrecen protecci\u00f3n inteligente contra amenazas f\u00edsicas y digitales.<\/div>\n<div><\/div>\n<div>F\u00e1cil de instalar, la c\u00e1mara es compatible con PoE y se puede montar en el techo o la pared, lo que ofrece flexibilidad de integraci\u00f3n con la infraestructura existente. La FD9166-HN es la opci\u00f3n ideal para quienes buscan una vigilancia eficiente, moderna y discreta.<\/div>\n","protected":false},"featured_media":22380,"comment_status":"closed","ping_status":"closed","template":"","meta":[],"product_brand":[],"product_cat":[178,222],"product_tag":[],"class_list":{"0":"post-20955","1":"product","2":"type-product","3":"status-publish","4":"has-post-thumbnail","6":"product_cat-cctv","7":"product_cat-dome-fixas","9":"first","10":"instock","11":"shipping-taxable","12":"product-type-simple"},"yoast_head":"<!-- This site is optimized with the Yoast SEO plugin v27.4 - https:\/\/yoast.com\/product\/yoast-seo-wordpress\/ -->\n<title>C\u00c1MARA FD9166-HR - Abix<\/title>\n<meta name=\"description\" content=\"C\u00e1mara FD9166-HN: una c\u00e1mara domo fija compacta con im\u00e1genes n\u00edtidas, bajo uso de ancho de banda y funciones inteligentes para una seguridad eficiente.\" \/>\n<meta name=\"robots\" content=\"index, follow, max-snippet:-1, max-image-preview:large, max-video-preview:-1\" \/>\n<link rel=\"canonical\" href=\"https:\/\/abix.com.br\/es\/produto\/camara-fd9166-hr\/\" \/>\n<meta property=\"og:locale\" content=\"es_ES\" \/>\n<meta property=\"og:type\" content=\"article\" \/>\n<meta property=\"og:title\" content=\"C\u00c1MARA FD9166-HR - Abix\" \/>\n<meta property=\"og:description\" content=\"C\u00e1mara FD9166-HN: una c\u00e1mara domo fija compacta con im\u00e1genes n\u00edtidas, bajo uso de ancho de banda y funciones inteligentes para una seguridad eficiente.\" \/>\n<meta property=\"og:url\" content=\"https:\/\/abix.com.br\/es\/produto\/camara-fd9166-hr\/\" \/>\n<meta property=\"og:site_name\" content=\"Abix\" \/>\n<meta property=\"article:modified_time\" content=\"2025-12-11T12:46:12+00:00\" \/>\n<meta name=\"twitter:card\" content=\"summary_large_image\" \/>\n<meta name=\"twitter:label1\" content=\"Tiempo de lectura\" \/>\n\t<meta name=\"twitter:data1\" content=\"3 minutos\" \/>\n<script type=\"application\/ld+json\" class=\"yoast-schema-graph\">{\"@context\":\"https:\\\/\\\/schema.org\",\"@graph\":[{\"@type\":\"WebPage\",\"@id\":\"https:\\\/\\\/abix.com.br\\\/es\\\/produto\\\/camara-fd9166-hr\\\/\",\"url\":\"https:\\\/\\\/abix.com.br\\\/es\\\/produto\\\/camara-fd9166-hr\\\/\",\"name\":\"C\u00c1MARA FD9166-HR - Abix\",\"isPartOf\":{\"@id\":\"https:\\\/\\\/abix.com.br\\\/#website\"},\"primaryImageOfPage\":{\"@id\":\"https:\\\/\\\/abix.com.br\\\/es\\\/produto\\\/camara-fd9166-hr\\\/#primaryimage\"},\"image\":{\"@id\":\"https:\\\/\\\/abix.com.br\\\/es\\\/produto\\\/camara-fd9166-hr\\\/#primaryimage\"},\"thumbnailUrl\":\"https:\\\/\\\/abix.com.br\\\/wp-content\\\/uploads\\\/2025\\\/08\\\/FD9166-HN.png\",\"datePublished\":\"2025-08-06T20:37:43+00:00\",\"dateModified\":\"2025-12-11T12:46:12+00:00\",\"description\":\"C\u00e1mara FD9166-HN: una c\u00e1mara domo fija compacta con im\u00e1genes n\u00edtidas, bajo uso de ancho de banda y funciones inteligentes para una seguridad eficiente.\",\"breadcrumb\":{\"@id\":\"https:\\\/\\\/abix.com.br\\\/es\\\/produto\\\/camara-fd9166-hr\\\/#breadcrumb\"},\"inLanguage\":\"es\",\"potentialAction\":[{\"@type\":\"ReadAction\",\"target\":[\"https:\\\/\\\/abix.com.br\\\/es\\\/produto\\\/camara-fd9166-hr\\\/\"]}]},{\"@type\":\"ImageObject\",\"inLanguage\":\"es\",\"@id\":\"https:\\\/\\\/abix.com.br\\\/es\\\/produto\\\/camara-fd9166-hr\\\/#primaryimage\",\"url\":\"https:\\\/\\\/abix.com.br\\\/wp-content\\\/uploads\\\/2025\\\/08\\\/FD9166-HN.png\",\"contentUrl\":\"https:\\\/\\\/abix.com.br\\\/wp-content\\\/uploads\\\/2025\\\/08\\\/FD9166-HN.png\",\"width\":600,\"height\":600},{\"@type\":\"BreadcrumbList\",\"@id\":\"https:\\\/\\\/abix.com.br\\\/es\\\/produto\\\/camara-fd9166-hr\\\/#breadcrumb\",\"itemListElement\":[{\"@type\":\"ListItem\",\"position\":1,\"name\":\"In\u00edcio\",\"item\":\"https:\\\/\\\/abix.com.br\\\/es\\\/\"},{\"@type\":\"ListItem\",\"position\":2,\"name\":\"Tienda\",\"item\":\"https:\\\/\\\/abix.com.br\\\/loja\\\/\"},{\"@type\":\"ListItem\",\"position\":3,\"name\":\"C\u00c1MARA FD9166-HR\"}]},{\"@type\":\"WebSite\",\"@id\":\"https:\\\/\\\/abix.com.br\\\/#website\",\"url\":\"https:\\\/\\\/abix.com.br\\\/\",\"name\":\"Abix\",\"description\":\"\",\"potentialAction\":[{\"@type\":\"SearchAction\",\"target\":{\"@type\":\"EntryPoint\",\"urlTemplate\":\"https:\\\/\\\/abix.com.br\\\/?s={search_term_string}\"},\"query-input\":{\"@type\":\"PropertyValueSpecification\",\"valueRequired\":true,\"valueName\":\"search_term_string\"}}],\"inLanguage\":\"es\"}]}<\/script>\n<!-- \/ Yoast SEO plugin. -->","yoast_head_json":{"title":"C\u00c1MARA FD9166-HR - Abix","description":"C\u00e1mara FD9166-HN: una c\u00e1mara domo fija compacta con im\u00e1genes n\u00edtidas, bajo uso de ancho de banda y funciones inteligentes para una seguridad eficiente.","robots":{"index":"index","follow":"follow","max-snippet":"max-snippet:-1","max-image-preview":"max-image-preview:large","max-video-preview":"max-video-preview:-1"},"canonical":"https:\/\/abix.com.br\/es\/produto\/camara-fd9166-hr\/","og_locale":"es_ES","og_type":"article","og_title":"C\u00c1MARA FD9166-HR - Abix","og_description":"C\u00e1mara FD9166-HN: una c\u00e1mara domo fija compacta con im\u00e1genes n\u00edtidas, bajo uso de ancho de banda y funciones inteligentes para una seguridad eficiente.","og_url":"https:\/\/abix.com.br\/es\/produto\/camara-fd9166-hr\/","og_site_name":"Abix","article_modified_time":"2025-12-11T12:46:12+00:00","twitter_card":"summary_large_image","twitter_misc":{"Tiempo de lectura":"3 minutos"},"schema":{"@context":"https:\/\/schema.org","@graph":[{"@type":"WebPage","@id":"https:\/\/abix.com.br\/es\/produto\/camara-fd9166-hr\/","url":"https:\/\/abix.com.br\/es\/produto\/camara-fd9166-hr\/","name":"C\u00c1MARA FD9166-HR - Abix","isPartOf":{"@id":"https:\/\/abix.com.br\/#website"},"primaryImageOfPage":{"@id":"https:\/\/abix.com.br\/es\/produto\/camara-fd9166-hr\/#primaryimage"},"image":{"@id":"https:\/\/abix.com.br\/es\/produto\/camara-fd9166-hr\/#primaryimage"},"thumbnailUrl":"https:\/\/abix.com.br\/wp-content\/uploads\/2025\/08\/FD9166-HN.png","datePublished":"2025-08-06T20:37:43+00:00","dateModified":"2025-12-11T12:46:12+00:00","description":"C\u00e1mara FD9166-HN: una c\u00e1mara domo fija compacta con im\u00e1genes n\u00edtidas, bajo uso de ancho de banda y funciones inteligentes para una seguridad eficiente.","breadcrumb":{"@id":"https:\/\/abix.com.br\/es\/produto\/camara-fd9166-hr\/#breadcrumb"},"inLanguage":"es","potentialAction":[{"@type":"ReadAction","target":["https:\/\/abix.com.br\/es\/produto\/camara-fd9166-hr\/"]}]},{"@type":"ImageObject","inLanguage":"es","@id":"https:\/\/abix.com.br\/es\/produto\/camara-fd9166-hr\/#primaryimage","url":"https:\/\/abix.com.br\/wp-content\/uploads\/2025\/08\/FD9166-HN.png","contentUrl":"https:\/\/abix.com.br\/wp-content\/uploads\/2025\/08\/FD9166-HN.png","width":600,"height":600},{"@type":"BreadcrumbList","@id":"https:\/\/abix.com.br\/es\/produto\/camara-fd9166-hr\/#breadcrumb","itemListElement":[{"@type":"ListItem","position":1,"name":"In\u00edcio","item":"https:\/\/abix.com.br\/es\/"},{"@type":"ListItem","position":2,"name":"Tienda","item":"https:\/\/abix.com.br\/loja\/"},{"@type":"ListItem","position":3,"name":"C\u00c1MARA FD9166-HR"}]},{"@type":"WebSite","@id":"https:\/\/abix.com.br\/#website","url":"https:\/\/abix.com.br\/","name":"Abix","description":"","potentialAction":[{"@type":"SearchAction","target":{"@type":"EntryPoint","urlTemplate":"https:\/\/abix.com.br\/?s={search_term_string}"},"query-input":{"@type":"PropertyValueSpecification","valueRequired":true,"valueName":"search_term_string"}}],"inLanguage":"es"}]}},"_links":{"self":[{"href":"https:\/\/abix.com.br\/es\/wp-json\/wp\/v2\/product\/20955","targetHints":{"allow":["GET"]}}],"collection":[{"href":"https:\/\/abix.com.br\/es\/wp-json\/wp\/v2\/product"}],"about":[{"href":"https:\/\/abix.com.br\/es\/wp-json\/wp\/v2\/types\/product"}],"replies":[{"embeddable":true,"href":"https:\/\/abix.com.br\/es\/wp-json\/wp\/v2\/comments?post=20955"}],"wp:featuredmedia":[{"embeddable":true,"href":"https:\/\/abix.com.br\/es\/wp-json\/wp\/v2\/media\/22380"}],"wp:attachment":[{"href":"https:\/\/abix.com.br\/es\/wp-json\/wp\/v2\/media?parent=20955"}],"wp:term":[{"taxonomy":"product_brand","embeddable":true,"href":"https:\/\/abix.com.br\/es\/wp-json\/wp\/v2\/product_brand?post=20955"},{"taxonomy":"product_cat","embeddable":true,"href":"https:\/\/abix.com.br\/es\/wp-json\/wp\/v2\/product_cat?post=20955"},{"taxonomy":"product_tag","embeddable":true,"href":"https:\/\/abix.com.br\/es\/wp-json\/wp\/v2\/product_tag?post=20955"}],"curies":[{"name":"wp","href":"https:\/\/api.w.org\/{rel}","templated":true}]}}