{"id":20958,"date":"2025-08-06T18:04:49","date_gmt":"2025-08-06T21:04:49","guid":{"rendered":"https:\/\/abix.com.br\/?post_type=product&#038;p=20958"},"modified":"2025-12-11T09:59:41","modified_gmt":"2025-12-11T12:59:41","slug":"camara-de-red-fd9369","status":"publish","type":"product","link":"https:\/\/abix.com.br\/es\/produto\/camara-de-red-fd9369\/","title":{"rendered":"C\u00e1mara de Red FD9369"},"content":{"rendered":"\n\t<section class=\"section\" id=\"section_1384467350\">\n\t\t<div class=\"section-bg fill\" >\n\t\t\t\t\t\t\t\t\t\n\t\t\t\n\n\t\t<\/div>\n\n\t\t\n\n\t\t<div class=\"section-content relative\">\n\t\t\t\n<div class=\"row\"  id=\"row-2029245641\">\n\n\t<div id=\"col-236170180\" class=\"col small-12 large-12\"  >\n\t\t\t\t<div class=\"col-inner\"  >\n\t\t\t\n\t\t\t\n<div class=\"row\"  id=\"row-739300849\">\n\n\t<div id=\"col-327547796\" class=\"col small-12 large-12\"  >\n\t\t\t\t<div class=\"col-inner\"  >\n\t\t\t\n\t\t\t\n\n\t\t<div class=\"tabbed-content locacao-tabs\">\n\t\t\t\n\t\t\t<ul class=\"nav nav-tabs nav-normal nav-size-xlarge nav-left active-on-hover\" role=\"tablist\"><li id=\"tab-informaci\u00d3n\" class=\"tab active has-icon\" role=\"presentation\"><a href=\"#tab_informaci\u00d3n\" role=\"tab\" aria-selected=\"true\" aria-controls=\"tab_informaci\u00d3n\"><span>INFORMACI\u00d3N<\/span><\/a><\/li>\n<li id=\"tab-accesorios\" class=\"tab has-icon\" role=\"presentation\"><a href=\"#tab_accesorios\" tabindex=\"-1\" role=\"tab\" aria-selected=\"false\" aria-controls=\"tab_accesorios\"><span>ACCESORIOS<\/span><\/a><\/li>\n<li id=\"tab-descargas\" class=\"tab has-icon\" role=\"presentation\"><a href=\"#tab_descargas\" tabindex=\"-1\" role=\"tab\" aria-selected=\"false\" aria-controls=\"tab_descargas\"><span>DESCARGAS<\/span><\/a><\/li>\n<li id=\"tab-especificaciones\" class=\"tab has-icon\" role=\"presentation\"><a href=\"#tab_especificaciones\" tabindex=\"-1\" role=\"tab\" aria-selected=\"false\" aria-controls=\"tab_especificaciones\"><span>ESPECIFICACIONES<\/span><\/a><\/li><\/ul><div class=\"tab-panels\"><div id=\"tab_informaci\u00d3n\" class=\"panel active entry-content\" role=\"tabpanel\" aria-labelledby=\"tab-informaci\u00d3n\">\n<div class=\"row\"  id=\"row-317883434\">\n\n\t<div id=\"col-383829828\" class=\"col medium-6 small-12 large-6\"  >\n\t\t\t\t<div class=\"col-inner\"  >\n\t\t\t\n\t\t\t\n<div><strong>Vigilancia Inteligente para Exteriores<\/strong><\/div>\n<div><\/div>\n<div>La Vivotek FD9369 es la opci\u00f3n ideal para empresas que buscan una c\u00e1mara de vigilancia para exteriores robusta, inteligente y eficiente. Con un dise\u00f1o robusto, funciones avanzadas e integraci\u00f3n simplificada, ofrece seguridad de alto rendimiento para proteger sus entornos exteriores de forma fiable y precisa.<\/div>\n<h3>Caracter\u00edsticas Clave<\/h3>\n<div>Alta Calidad de Imagen: Resoluci\u00f3n de 2 MP (1920\u00d71080) a 30 fps, con funciones avanzadas como WDR, BLC, HLC, 3DNR y desempa\u00f1ador para obtener im\u00e1genes n\u00edtidas en diversas condiciones de iluminaci\u00f3n.<\/div>\n<div>Visi\u00f3n Nocturna Avanzada: Iluminadores IR inteligentes con un alcance de hasta 30 metros, equipados con tecnolog\u00eda Smart IR para evitar la sobreexposici\u00f3n.<\/div>\n<div>Dise\u00f1o Robusto: Las certificaciones IP66 e IK10 garantizan resistencia a la intemperie y a los impactos, ideal para uso en exteriores en entornos exigentes.<\/div>\n<div>Eficiencia de Compresi\u00f3n: Compatible con los c\u00f3decs H.265, H.264 y MJPEG, combinado con Smart Stream III, para optimizar el ancho de banda y el uso del almacenamiento.<\/div>\n<div>Almacenamiento local: Ranura para tarjetas MicroSD\/SDHC\/SDXC que permite grabar directamente en la c\u00e1mara.<\/div>\n<div>Funciones inteligentes: Incluye detecci\u00f3n de movimiento (5 ventanas), detecci\u00f3n de manipulaci\u00f3n de la c\u00e1mara, detecci\u00f3n de audio y eventos de ciberseguridad (como protecci\u00f3n contra ataques de fuerza bruta y ciberataques).<\/div>\n<div>Conectividad simplificada: Admite PoE (802.3af) para alimentaci\u00f3n y datos a trav\u00e9s de un solo cable, lo que facilita la instalaci\u00f3n.<\/div>\n<div><\/div>\n<div>Aplicaciones: Dise\u00f1ada para uso en exteriores, la FD9369 es perfecta para la monitorizaci\u00f3n de zonas urbanas, comerciales e industriales, como aparcamientos, fachadas de edificios, almacenes y v\u00edas p\u00fablicas, ofreciendo una vigilancia fiable en entornos cr\u00edticos.<\/div>\n\t\t<\/div>\n\t\t\t\t\t<\/div>\n\n\t\n\n\t<div id=\"col-1460824885\" class=\"col medium-6 small-12 large-6\"  >\n\t\t\t\t<div class=\"col-inner text-left\"  >\n\t\t\t\n\t\t\t\n\t\t<\/div>\n\t\t\t\t\t<\/div>\n\n\t\n<\/div>\n<\/div>\n<div id=\"tab_accesorios\" class=\"panel entry-content\" role=\"tabpanel\" aria-labelledby=\"tab-accesorios\">\n<div class=\"row align-middle\"  id=\"row-376107800\">\n\n\t<div id=\"col-1646670862\" class=\"col medium-10 small-12 large-10\"  >\n\t\t\t\t<div class=\"col-inner\"  >\n\t\t\t\n\t\t\t\n<p>CONTENIDO<\/p>\n\t\t<\/div>\n\t\t\t\t\t<\/div>\n\n\t\n\n\t<div id=\"col-1555152088\" class=\"col medium-2 small-12 large-2\"  >\n\t\t\t\t<div class=\"col-inner\"  >\n\t\t\t\n\t\t\t\n\t\t<\/div>\n\t\t\t\t\t<\/div>\n\n\t\n<\/div>\n<\/div>\n<div id=\"tab_descargas\" class=\"panel entry-content\" role=\"tabpanel\" aria-labelledby=\"tab-descargas\">\n<div class=\"row\"  id=\"row-1986152263\">\n\n\t<div id=\"col-1062280355\" class=\"col medium-10 small-12 large-10\"  >\n\t\t\t\t<div class=\"col-inner\"  >\n\t\t\t\n\t\t\t\n\t\t<\/div>\n\t\t\t\t\t<\/div>\n\n\t\n<\/div>\n<\/div>\n<div id=\"tab_especificaciones\" class=\"panel entry-content\" role=\"tabpanel\" aria-labelledby=\"tab-especificaciones\">\n<div class=\"row\"  id=\"row-2067177128\">\n\n\t<div id=\"col-422095888\" class=\"col medium-9 small-12 large-9\"  >\n\t\t\t\t<div class=\"col-inner\"  >\n\t\t\t\n\t\t\t\n<h3>ESPECIFICACIONES T\u00c9CNICAS<\/h3>\n<p>Resoluci\u00f3n: 1920\u00d71080 (2 MP)<br \/>\nAlcance IR: hasta 30 metros<br \/>\nC\u00f3decs: H.265, H.264, MJPEG<br \/>\nFunciones de imagen: WDR, BLC, HLC, 3DNR, Desempa\u00f1ador<br \/>\nGrado de protecci\u00f3n: IP66, IK10<br \/>\nLente: fija de 2,8 mm<br \/>\nAn\u00e1lisis:<br \/>\nDetecci\u00f3n de movimiento (5 ventanas)<br \/>\nDetecci\u00f3n de manipulaci\u00f3n de la c\u00e1mara<br \/>\nDetecci\u00f3n de audio<br \/>\nEventos de ciberseguridad (ataques de fuerza bruta, ciberataques, cuarentena)<\/p>\n\t\t<\/div>\n\t\t\t\t\t<\/div>\n\n\t\n<\/div>\n<\/div><\/div><\/div>\n\t\t<\/div>\n\t\t\t\t\t<\/div>\n\n\t\n<\/div>\n\t\t<\/div>\n\t\t\t\t\t<\/div>\n\n\t\n<\/div>\n\t\t<\/div>\n\n\t\t\n<style>\n#section_1384467350 {\n  padding-top: 0px;\n  padding-bottom: 0px;\n}\n<\/style>\n\t<\/section>\n\t\n","protected":false},"excerpt":{"rendered":"<h3>Vigilancia exterior robusta e inteligente<\/h3>\n<div>La c\u00e1mara de red Vivotek FD9369 es una soluci\u00f3n domo fija dise\u00f1ada para la vigilancia exterior en entornos exigentes, que ofrece im\u00e1genes de alta calidad y un rendimiento fiable. Con una resoluci\u00f3n de 2 MP, protecci\u00f3n reforzada y tecnolog\u00edas avanzadas, es ideal para la vigilancia de zonas urbanas, comerciales e industriales, garantizando seguridad y eficiencia incluso en condiciones adversas.<\/div>\n<div><\/div>\n<div>Dise\u00f1ada para resistir las exigencias del exterior, la FD9369 cuenta con protecci\u00f3n IP66 e IK10, lo que garantiza un funcionamiento estable con lluvia, polvo y vandalismo. Las funciones Smart IR, WDR y 3DNR garantizan una visibilidad n\u00edtida en cualquier condici\u00f3n de iluminaci\u00f3n. La compresi\u00f3n H.265, combinada con Smart Stream III, reduce significativamente el consumo de ancho de banda y almacenamiento, optimizando as\u00ed los costes operativos.<\/div>\n<div><\/div>\n<div>Adem\u00e1s, la c\u00e1mara incorpora funciones de an\u00e1lisis inteligente y ciberseguridad, proporcionando un sistema de vigilancia robusto, eficiente y protegido contra amenazas digitales.<\/div>\n","protected":false},"featured_media":22383,"comment_status":"closed","ping_status":"closed","template":"","meta":[],"product_brand":[],"product_cat":[178,222],"product_tag":[],"class_list":{"0":"post-20958","1":"product","2":"type-product","3":"status-publish","4":"has-post-thumbnail","6":"product_cat-cctv","7":"product_cat-dome-fixas","9":"first","10":"instock","11":"shipping-taxable","12":"product-type-simple"},"yoast_head":"<!-- This site is optimized with the Yoast SEO plugin v27.4 - https:\/\/yoast.com\/product\/yoast-seo-wordpress\/ -->\n<title>C\u00e1mara de Red FD9369 - Abix<\/title>\n<meta name=\"robots\" content=\"index, follow, max-snippet:-1, max-image-preview:large, max-video-preview:-1\" \/>\n<link rel=\"canonical\" href=\"https:\/\/abix.com.br\/es\/produto\/camara-de-red-fd9369\/\" \/>\n<meta property=\"og:locale\" content=\"es_ES\" \/>\n<meta property=\"og:type\" content=\"article\" \/>\n<meta property=\"og:title\" content=\"C\u00e1mara de Red FD9369 - Abix\" \/>\n<meta property=\"og:description\" content=\"Vigilancia exterior robusta e inteligente La c\u00e1mara de red Vivotek FD9369 es una soluci\u00f3n domo fija dise\u00f1ada para la vigilancia exterior en entornos exigentes, que ofrece im\u00e1genes de alta calidad y un rendimiento fiable. Con una resoluci\u00f3n de 2 MP, protecci\u00f3n reforzada y tecnolog\u00edas avanzadas, es ideal para la vigilancia de zonas urbanas, comerciales e industriales, garantizando seguridad y eficiencia incluso en condiciones adversas.  Dise\u00f1ada para resistir las exigencias del exterior, la FD9369 cuenta con protecci\u00f3n IP66 e IK10, lo que garantiza un funcionamiento estable con lluvia, polvo y vandalismo. Las funciones Smart IR, WDR y 3DNR garantizan una visibilidad n\u00edtida en cualquier condici\u00f3n de iluminaci\u00f3n. La compresi\u00f3n H.265, combinada con Smart Stream III, reduce significativamente el consumo de ancho de banda y almacenamiento, optimizando as\u00ed los costes operativos.  Adem\u00e1s, la c\u00e1mara incorpora funciones de an\u00e1lisis inteligente y ciberseguridad, proporcionando un sistema de vigilancia robusto, eficiente y protegido contra amenazas digitales.\" \/>\n<meta property=\"og:url\" content=\"https:\/\/abix.com.br\/es\/produto\/camara-de-red-fd9369\/\" \/>\n<meta property=\"og:site_name\" content=\"Abix\" \/>\n<meta property=\"article:modified_time\" content=\"2025-12-11T12:59:41+00:00\" \/>\n<meta name=\"twitter:card\" content=\"summary_large_image\" \/>\n<meta name=\"twitter:label1\" content=\"Tiempo de lectura\" \/>\n\t<meta name=\"twitter:data1\" content=\"3 minutos\" \/>\n<script type=\"application\/ld+json\" class=\"yoast-schema-graph\">{\"@context\":\"https:\\\/\\\/schema.org\",\"@graph\":[{\"@type\":\"WebPage\",\"@id\":\"https:\\\/\\\/abix.com.br\\\/es\\\/produto\\\/camara-de-red-fd9369\\\/\",\"url\":\"https:\\\/\\\/abix.com.br\\\/es\\\/produto\\\/camara-de-red-fd9369\\\/\",\"name\":\"C\u00e1mara de Red FD9369 - Abix\",\"isPartOf\":{\"@id\":\"https:\\\/\\\/abix.com.br\\\/#website\"},\"primaryImageOfPage\":{\"@id\":\"https:\\\/\\\/abix.com.br\\\/es\\\/produto\\\/camara-de-red-fd9369\\\/#primaryimage\"},\"image\":{\"@id\":\"https:\\\/\\\/abix.com.br\\\/es\\\/produto\\\/camara-de-red-fd9369\\\/#primaryimage\"},\"thumbnailUrl\":\"https:\\\/\\\/abix.com.br\\\/wp-content\\\/uploads\\\/2025\\\/08\\\/FD9369-cable.png\",\"datePublished\":\"2025-08-06T21:04:49+00:00\",\"dateModified\":\"2025-12-11T12:59:41+00:00\",\"breadcrumb\":{\"@id\":\"https:\\\/\\\/abix.com.br\\\/es\\\/produto\\\/camara-de-red-fd9369\\\/#breadcrumb\"},\"inLanguage\":\"es\",\"potentialAction\":[{\"@type\":\"ReadAction\",\"target\":[\"https:\\\/\\\/abix.com.br\\\/es\\\/produto\\\/camara-de-red-fd9369\\\/\"]}]},{\"@type\":\"ImageObject\",\"inLanguage\":\"es\",\"@id\":\"https:\\\/\\\/abix.com.br\\\/es\\\/produto\\\/camara-de-red-fd9369\\\/#primaryimage\",\"url\":\"https:\\\/\\\/abix.com.br\\\/wp-content\\\/uploads\\\/2025\\\/08\\\/FD9369-cable.png\",\"contentUrl\":\"https:\\\/\\\/abix.com.br\\\/wp-content\\\/uploads\\\/2025\\\/08\\\/FD9369-cable.png\",\"width\":600,\"height\":600},{\"@type\":\"BreadcrumbList\",\"@id\":\"https:\\\/\\\/abix.com.br\\\/es\\\/produto\\\/camara-de-red-fd9369\\\/#breadcrumb\",\"itemListElement\":[{\"@type\":\"ListItem\",\"position\":1,\"name\":\"In\u00edcio\",\"item\":\"https:\\\/\\\/abix.com.br\\\/es\\\/\"},{\"@type\":\"ListItem\",\"position\":2,\"name\":\"Tienda\",\"item\":\"https:\\\/\\\/abix.com.br\\\/loja\\\/\"},{\"@type\":\"ListItem\",\"position\":3,\"name\":\"C\u00e1mara de Red FD9369\"}]},{\"@type\":\"WebSite\",\"@id\":\"https:\\\/\\\/abix.com.br\\\/#website\",\"url\":\"https:\\\/\\\/abix.com.br\\\/\",\"name\":\"Abix\",\"description\":\"\",\"potentialAction\":[{\"@type\":\"SearchAction\",\"target\":{\"@type\":\"EntryPoint\",\"urlTemplate\":\"https:\\\/\\\/abix.com.br\\\/?s={search_term_string}\"},\"query-input\":{\"@type\":\"PropertyValueSpecification\",\"valueRequired\":true,\"valueName\":\"search_term_string\"}}],\"inLanguage\":\"es\"}]}<\/script>\n<!-- \/ Yoast SEO plugin. -->","yoast_head_json":{"title":"C\u00e1mara de Red FD9369 - Abix","robots":{"index":"index","follow":"follow","max-snippet":"max-snippet:-1","max-image-preview":"max-image-preview:large","max-video-preview":"max-video-preview:-1"},"canonical":"https:\/\/abix.com.br\/es\/produto\/camara-de-red-fd9369\/","og_locale":"es_ES","og_type":"article","og_title":"C\u00e1mara de Red FD9369 - Abix","og_description":"Vigilancia exterior robusta e inteligente La c\u00e1mara de red Vivotek FD9369 es una soluci\u00f3n domo fija dise\u00f1ada para la vigilancia exterior en entornos exigentes, que ofrece im\u00e1genes de alta calidad y un rendimiento fiable. Con una resoluci\u00f3n de 2 MP, protecci\u00f3n reforzada y tecnolog\u00edas avanzadas, es ideal para la vigilancia de zonas urbanas, comerciales e industriales, garantizando seguridad y eficiencia incluso en condiciones adversas.  Dise\u00f1ada para resistir las exigencias del exterior, la FD9369 cuenta con protecci\u00f3n IP66 e IK10, lo que garantiza un funcionamiento estable con lluvia, polvo y vandalismo. Las funciones Smart IR, WDR y 3DNR garantizan una visibilidad n\u00edtida en cualquier condici\u00f3n de iluminaci\u00f3n. La compresi\u00f3n H.265, combinada con Smart Stream III, reduce significativamente el consumo de ancho de banda y almacenamiento, optimizando as\u00ed los costes operativos.  Adem\u00e1s, la c\u00e1mara incorpora funciones de an\u00e1lisis inteligente y ciberseguridad, proporcionando un sistema de vigilancia robusto, eficiente y protegido contra amenazas digitales.","og_url":"https:\/\/abix.com.br\/es\/produto\/camara-de-red-fd9369\/","og_site_name":"Abix","article_modified_time":"2025-12-11T12:59:41+00:00","twitter_card":"summary_large_image","twitter_misc":{"Tiempo de lectura":"3 minutos"},"schema":{"@context":"https:\/\/schema.org","@graph":[{"@type":"WebPage","@id":"https:\/\/abix.com.br\/es\/produto\/camara-de-red-fd9369\/","url":"https:\/\/abix.com.br\/es\/produto\/camara-de-red-fd9369\/","name":"C\u00e1mara de Red FD9369 - Abix","isPartOf":{"@id":"https:\/\/abix.com.br\/#website"},"primaryImageOfPage":{"@id":"https:\/\/abix.com.br\/es\/produto\/camara-de-red-fd9369\/#primaryimage"},"image":{"@id":"https:\/\/abix.com.br\/es\/produto\/camara-de-red-fd9369\/#primaryimage"},"thumbnailUrl":"https:\/\/abix.com.br\/wp-content\/uploads\/2025\/08\/FD9369-cable.png","datePublished":"2025-08-06T21:04:49+00:00","dateModified":"2025-12-11T12:59:41+00:00","breadcrumb":{"@id":"https:\/\/abix.com.br\/es\/produto\/camara-de-red-fd9369\/#breadcrumb"},"inLanguage":"es","potentialAction":[{"@type":"ReadAction","target":["https:\/\/abix.com.br\/es\/produto\/camara-de-red-fd9369\/"]}]},{"@type":"ImageObject","inLanguage":"es","@id":"https:\/\/abix.com.br\/es\/produto\/camara-de-red-fd9369\/#primaryimage","url":"https:\/\/abix.com.br\/wp-content\/uploads\/2025\/08\/FD9369-cable.png","contentUrl":"https:\/\/abix.com.br\/wp-content\/uploads\/2025\/08\/FD9369-cable.png","width":600,"height":600},{"@type":"BreadcrumbList","@id":"https:\/\/abix.com.br\/es\/produto\/camara-de-red-fd9369\/#breadcrumb","itemListElement":[{"@type":"ListItem","position":1,"name":"In\u00edcio","item":"https:\/\/abix.com.br\/es\/"},{"@type":"ListItem","position":2,"name":"Tienda","item":"https:\/\/abix.com.br\/loja\/"},{"@type":"ListItem","position":3,"name":"C\u00e1mara de Red FD9369"}]},{"@type":"WebSite","@id":"https:\/\/abix.com.br\/#website","url":"https:\/\/abix.com.br\/","name":"Abix","description":"","potentialAction":[{"@type":"SearchAction","target":{"@type":"EntryPoint","urlTemplate":"https:\/\/abix.com.br\/?s={search_term_string}"},"query-input":{"@type":"PropertyValueSpecification","valueRequired":true,"valueName":"search_term_string"}}],"inLanguage":"es"}]}},"_links":{"self":[{"href":"https:\/\/abix.com.br\/es\/wp-json\/wp\/v2\/product\/20958","targetHints":{"allow":["GET"]}}],"collection":[{"href":"https:\/\/abix.com.br\/es\/wp-json\/wp\/v2\/product"}],"about":[{"href":"https:\/\/abix.com.br\/es\/wp-json\/wp\/v2\/types\/product"}],"replies":[{"embeddable":true,"href":"https:\/\/abix.com.br\/es\/wp-json\/wp\/v2\/comments?post=20958"}],"wp:featuredmedia":[{"embeddable":true,"href":"https:\/\/abix.com.br\/es\/wp-json\/wp\/v2\/media\/22383"}],"wp:attachment":[{"href":"https:\/\/abix.com.br\/es\/wp-json\/wp\/v2\/media?parent=20958"}],"wp:term":[{"taxonomy":"product_brand","embeddable":true,"href":"https:\/\/abix.com.br\/es\/wp-json\/wp\/v2\/product_brand?post=20958"},{"taxonomy":"product_cat","embeddable":true,"href":"https:\/\/abix.com.br\/es\/wp-json\/wp\/v2\/product_cat?post=20958"},{"taxonomy":"product_tag","embeddable":true,"href":"https:\/\/abix.com.br\/es\/wp-json\/wp\/v2\/product_tag?post=20958"}],"curies":[{"name":"wp","href":"https:\/\/api.w.org\/{rel}","templated":true}]}}