{"id":22324,"date":"2025-09-10T18:26:29","date_gmt":"2025-09-10T21:26:29","guid":{"rendered":"https:\/\/abix.com.br\/?post_type=product&#038;p=22324"},"modified":"2025-12-11T10:44:41","modified_gmt":"2025-12-11T13:44:41","slug":"camara-de-red-ib9388-ht","status":"publish","type":"product","link":"https:\/\/abix.com.br\/es\/produto\/camara-de-red-ib9388-ht\/","title":{"rendered":"C\u00e1mara de red IB9388-HT"},"content":{"rendered":"\n\t<section class=\"section\" id=\"section_981159334\">\n\t\t<div class=\"section-bg fill\" >\n\t\t\t\t\t\t\t\t\t\n\t\t\t\n\n\t\t<\/div>\n\n\t\t\n\n\t\t<div class=\"section-content relative\">\n\t\t\t\n<div class=\"row\"  id=\"row-2112855377\">\n\n\t<div id=\"col-1530136554\" class=\"col small-12 large-12\"  >\n\t\t\t\t<div class=\"col-inner\"  >\n\t\t\t\n\t\t\t\n<div class=\"row\"  id=\"row-1083249207\">\n\n\t<div id=\"col-1746543203\" class=\"col small-12 large-12\"  >\n\t\t\t\t<div class=\"col-inner\"  >\n\t\t\t\n\t\t\t\n\n\t\t<div class=\"tabbed-content locacao-tabs\">\n\t\t\t\n\t\t\t<ul class=\"nav nav-tabs nav-normal nav-size-xlarge nav-left active-on-hover\" role=\"tablist\"><li id=\"tab-informaci\u00d3n\" class=\"tab active has-icon\" role=\"presentation\"><a href=\"#tab_informaci\u00d3n\" role=\"tab\" aria-selected=\"true\" aria-controls=\"tab_informaci\u00d3n\"><span>INFORMACI\u00d3N<\/span><\/a><\/li>\n<li id=\"tab-accesorios\" class=\"tab has-icon\" role=\"presentation\"><a href=\"#tab_accesorios\" tabindex=\"-1\" role=\"tab\" aria-selected=\"false\" aria-controls=\"tab_accesorios\"><span>ACCESORIOS<\/span><\/a><\/li>\n<li id=\"tab-descargas\" class=\"tab has-icon\" role=\"presentation\"><a href=\"#tab_descargas\" tabindex=\"-1\" role=\"tab\" aria-selected=\"false\" aria-controls=\"tab_descargas\"><span>DESCARGAS<\/span><\/a><\/li>\n<li id=\"tab-especificaciones\" class=\"tab has-icon\" role=\"presentation\"><a href=\"#tab_especificaciones\" tabindex=\"-1\" role=\"tab\" aria-selected=\"false\" aria-controls=\"tab_especificaciones\"><span>ESPECIFICACIONES<\/span><\/a><\/li><\/ul><div class=\"tab-panels\"><div id=\"tab_informaci\u00d3n\" class=\"panel active entry-content\" role=\"tabpanel\" aria-labelledby=\"tab-informaci\u00d3n\">\n<div class=\"row\"  id=\"row-1820378275\">\n\n\t<div id=\"col-1213797057\" class=\"col medium-6 small-12 large-6\"  >\n\t\t\t\t<div class=\"col-inner\"  >\n\t\t\t\n\t\t\t\n<div><strong>Vigilancia exterior de alta resoluci\u00f3n<\/strong><\/div>\n<div><\/div>\n<div>La c\u00e1mara de red Vivotek IB9388-HT es una soluci\u00f3n de vigilancia bullet de alto rendimiento dise\u00f1ada para ofrecer im\u00e1genes n\u00edtidas y fiables en entornos exteriores exigentes. Con tecnolog\u00eda de compresi\u00f3n avanzada y protecci\u00f3n robusta, esta c\u00e1mara es ideal para la vigilancia de zonas industriales, comerciales y urbanas, garantizando la seguridad y la eficiencia operativa.<\/div>\n<h3>Caracter\u00edsticas principales<\/h3>\n<div>Alta calidad de imagen: Resoluci\u00f3n de 5 MP (2560\u00d71920) con WDR Pro para una visibilidad superior en condiciones de alto contraste.<\/div>\n<div>Visi\u00f3n nocturna avanzada: Iluminadores infrarrojos integrados con un alcance de hasta 30 metros y tecnolog\u00eda Smart IR para evitar la sobreexposici\u00f3n.<\/div>\n<div>Dise\u00f1o robusto: Certificaciones IP66 e IK10 para protecci\u00f3n contra la intemperie y el vandalismo, ideal para uso en exteriores.<\/div>\n<div>Eficiencia de compresi\u00f3n: Compatible con los c\u00f3decs H.265, H.264 y MJPEG, junto con Smart Stream III, para optimizar el ancho de banda y el almacenamiento.<\/div>\n<div>Almacenamiento local: Ranura para tarjetas MicroSD\/SDHC\/SDXC de hasta 1 TB, que permite grabar directamente en la c\u00e1mara.<\/div>\n<div>Ciberseguridad: Integraci\u00f3n con Trend Micro IoT Security para protecci\u00f3n contra amenazas digitales.<\/div>\n<div>Funciones inteligentes: Incluye detecci\u00f3n de movimiento (5 ventanas), detecci\u00f3n de manipulaci\u00f3n de la c\u00e1mara y eventos de ciberseguridad (ataques de fuerza bruta, ciberataques y cuarentena).<\/div>\n<div>Lente vers\u00e1til: Lente varifocal motorizada de 2,8 a 12 mm para ajustes precisos de enfoque y zoom.<\/div>\n<div>Funciones de imagen: BLC, 3DNR, desempa\u00f1ador para im\u00e1genes n\u00edtidas en diversas condiciones.<\/div>\n<div>Conectividad simplificada: Admite alimentaci\u00f3n y datos mediante PoE a trav\u00e9s de un solo cable.<\/div>\n<div><\/div>\n<div>Aplicaciones: Dise\u00f1ada para uso en exteriores, la Vivotek IB9388-HT es perfecta para la monitorizaci\u00f3n en entornos industriales, comerciales y urbanos, como f\u00e1bricas, tiendas, aparcamientos y v\u00edas p\u00fablicas, ofreciendo una vigilancia fiable en zonas cr\u00edticas.<\/div>\n\t\t<\/div>\n\t\t\t\t\t<\/div>\n\n\t\n\n\t<div id=\"col-1408313788\" class=\"col medium-6 small-12 large-6\"  >\n\t\t\t\t<div class=\"col-inner text-left\"  >\n\t\t\t\n\t\t\t\n\t\t<\/div>\n\t\t\t\t\t<\/div>\n\n\t\n<\/div>\n<\/div>\n<div id=\"tab_accesorios\" class=\"panel entry-content\" role=\"tabpanel\" aria-labelledby=\"tab-accesorios\">\n<div class=\"row align-middle\"  id=\"row-311351070\">\n\n\t<div id=\"col-1098337651\" class=\"col medium-10 small-12 large-10\"  >\n\t\t\t\t<div class=\"col-inner\"  >\n\t\t\t\n\t\t\t\n<p>CONTENIDO<\/p>\n\t\t<\/div>\n\t\t\t\t\t<\/div>\n\n\t\n\n\t<div id=\"col-1524739652\" class=\"col medium-2 small-12 large-2\"  >\n\t\t\t\t<div class=\"col-inner\"  >\n\t\t\t\n\t\t\t\n\t\t<\/div>\n\t\t\t\t\t<\/div>\n\n\t\n<\/div>\n<\/div>\n<div id=\"tab_descargas\" class=\"panel entry-content\" role=\"tabpanel\" aria-labelledby=\"tab-descargas\">\n<div class=\"row\"  id=\"row-1977392587\">\n\n\t<div id=\"col-505266021\" class=\"col medium-10 small-12 large-10\"  >\n\t\t\t\t<div class=\"col-inner\"  >\n\t\t\t\n\t\t\t\n<p>&nbsp;<\/p>\n\t\t<\/div>\n\t\t\t\t\t<\/div>\n\n\t\n<\/div>\n<\/div>\n<div id=\"tab_especificaciones\" class=\"panel entry-content\" role=\"tabpanel\" aria-labelledby=\"tab-especificaciones\">\n<div class=\"row\"  id=\"row-209050634\">\n\n\t<div id=\"col-1241222012\" class=\"col medium-9 small-12 large-9\"  >\n\t\t\t\t<div class=\"col-inner\"  >\n\t\t\t\n\t\t\t\n<h3>ESPECIFICACIONES T\u00c9CNICAS<\/h3>\n<p>Resoluci\u00f3n: 2560\u00d71920 (5 MP)<br \/>\nAlcance IR: hasta 30 metros<br \/>\nC\u00f3decs: H.265, H.264, MJPEG<br \/>\nFunciones de imagen: WDR Pro BLC, 3DNR, Desempa\u00f1ador, Smart IR<br \/>\nGrado de protecci\u00f3n: IP66, IK10<br \/>\nLente: Varifocal motorizada de 2,8 ~ 12 mm<br \/>\nAn\u00e1lisis:<br \/>\nDetecci\u00f3n de movimiento (5 ventanas)<br \/>\nDetecci\u00f3n de manipulaci\u00f3n de la c\u00e1mara<br \/>\nEventos de ciberseguridad (ataques de fuerza bruta, ciberataques, cuarentena).<\/p>\n\t\t<\/div>\n\t\t\t\t\t<\/div>\n\n\t\n<\/div>\n<\/div><\/div><\/div>\n\t\t<\/div>\n\t\t\t\t\t<\/div>\n\n\t\n<\/div>\n\t\t<\/div>\n\t\t\t\t\t<\/div>\n\n\t\n<\/div>\n\t\t<\/div>\n\n\t\t\n<style>\n#section_981159334 {\n  padding-top: 0px;\n  padding-bottom: 0px;\n}\n<\/style>\n\t<\/section>\n\t\n","protected":false},"excerpt":{"rendered":"<h3>Vigilancia exterior de alta resoluci\u00f3n<\/h3>\n<div>La c\u00e1mara de red Vivotek IB9388-HT es una soluci\u00f3n bullet de alto rendimiento, dise\u00f1ada para garantizar im\u00e1genes n\u00edtidas y fiables en entornos exteriores exigentes. Con tecnolog\u00eda de compresi\u00f3n avanzada, robustez estructural y funciones inteligentes, es ideal para aplicaciones en \u00e1reas industriales, comerciales y urbanas, garantizando mayor seguridad y eficiencia operativa.<\/div>\n<div><\/div>\n<div>Con una resoluci\u00f3n de 5 MP y funci\u00f3n WDR Pro, garantiza detalles precisos incluso en condiciones de iluminaci\u00f3n adversas. Su protecci\u00f3n contra la intemperie IP66 y su protecci\u00f3n antivand\u00e1lica IK10 garantizan durabilidad en condiciones adversas. La compresi\u00f3n H.265 con Smart Stream III reduce los costes de almacenamiento y el uso de ancho de banda sin comprometer la calidad de la imagen.<\/div>\n<div><\/div>\n<div>Y para una protecci\u00f3n completa, la IB9388-HT incorpora integraci\u00f3n con Trend Micro IoT Security y an\u00e1lisis inteligente, combinando la defensa contra amenazas f\u00edsicas y digitales en un solo dispositivo, listo para integrarse f\u00e1cilmente en su sistema de seguridad.<\/div>\n","protected":false},"featured_media":22377,"comment_status":"closed","ping_status":"closed","template":"","meta":[],"product_brand":[],"product_cat":[221,178],"product_tag":[],"class_list":{"0":"post-22324","1":"product","2":"type-product","3":"status-publish","4":"has-post-thumbnail","6":"product_cat-bullets","7":"product_cat-cctv","9":"first","10":"instock","11":"shipping-taxable","12":"product-type-simple"},"yoast_head":"<!-- This site is optimized with the Yoast SEO plugin v27.4 - https:\/\/yoast.com\/product\/yoast-seo-wordpress\/ -->\n<title>C\u00e1mara de red IB9388-HT - Abix<\/title>\n<meta name=\"robots\" content=\"index, follow, max-snippet:-1, max-image-preview:large, max-video-preview:-1\" \/>\n<link rel=\"canonical\" href=\"https:\/\/abix.com.br\/es\/produto\/camara-de-red-ib9388-ht\/\" \/>\n<meta property=\"og:locale\" content=\"es_ES\" \/>\n<meta property=\"og:type\" content=\"article\" \/>\n<meta property=\"og:title\" content=\"C\u00e1mara de red IB9388-HT - Abix\" \/>\n<meta property=\"og:description\" content=\"Vigilancia exterior de alta resoluci\u00f3n La c\u00e1mara de red Vivotek IB9388-HT es una soluci\u00f3n bullet de alto rendimiento, dise\u00f1ada para garantizar im\u00e1genes n\u00edtidas y fiables en entornos exteriores exigentes. Con tecnolog\u00eda de compresi\u00f3n avanzada, robustez estructural y funciones inteligentes, es ideal para aplicaciones en \u00e1reas industriales, comerciales y urbanas, garantizando mayor seguridad y eficiencia operativa.  Con una resoluci\u00f3n de 5 MP y funci\u00f3n WDR Pro, garantiza detalles precisos incluso en condiciones de iluminaci\u00f3n adversas. Su protecci\u00f3n contra la intemperie IP66 y su protecci\u00f3n antivand\u00e1lica IK10 garantizan durabilidad en condiciones adversas. La compresi\u00f3n H.265 con Smart Stream III reduce los costes de almacenamiento y el uso de ancho de banda sin comprometer la calidad de la imagen.  Y para una protecci\u00f3n completa, la IB9388-HT incorpora integraci\u00f3n con Trend Micro IoT Security y an\u00e1lisis inteligente, combinando la defensa contra amenazas f\u00edsicas y digitales en un solo dispositivo, listo para integrarse f\u00e1cilmente en su sistema de seguridad.\" \/>\n<meta property=\"og:url\" content=\"https:\/\/abix.com.br\/es\/produto\/camara-de-red-ib9388-ht\/\" \/>\n<meta property=\"og:site_name\" content=\"Abix\" \/>\n<meta property=\"article:modified_time\" content=\"2025-12-11T13:44:41+00:00\" \/>\n<meta name=\"twitter:card\" content=\"summary_large_image\" \/>\n<meta name=\"twitter:label1\" content=\"Tiempo de lectura\" \/>\n\t<meta name=\"twitter:data1\" content=\"3 minutos\" \/>\n<script type=\"application\/ld+json\" class=\"yoast-schema-graph\">{\"@context\":\"https:\\\/\\\/schema.org\",\"@graph\":[{\"@type\":\"WebPage\",\"@id\":\"https:\\\/\\\/abix.com.br\\\/es\\\/produto\\\/camara-de-red-ib9388-ht\\\/\",\"url\":\"https:\\\/\\\/abix.com.br\\\/es\\\/produto\\\/camara-de-red-ib9388-ht\\\/\",\"name\":\"C\u00e1mara de red IB9388-HT - Abix\",\"isPartOf\":{\"@id\":\"https:\\\/\\\/abix.com.br\\\/#website\"},\"primaryImageOfPage\":{\"@id\":\"https:\\\/\\\/abix.com.br\\\/es\\\/produto\\\/camara-de-red-ib9388-ht\\\/#primaryimage\"},\"image\":{\"@id\":\"https:\\\/\\\/abix.com.br\\\/es\\\/produto\\\/camara-de-red-ib9388-ht\\\/#primaryimage\"},\"thumbnailUrl\":\"https:\\\/\\\/abix.com.br\\\/wp-content\\\/uploads\\\/2025\\\/09\\\/IB9388-HT.png\",\"datePublished\":\"2025-09-10T21:26:29+00:00\",\"dateModified\":\"2025-12-11T13:44:41+00:00\",\"breadcrumb\":{\"@id\":\"https:\\\/\\\/abix.com.br\\\/es\\\/produto\\\/camara-de-red-ib9388-ht\\\/#breadcrumb\"},\"inLanguage\":\"es\",\"potentialAction\":[{\"@type\":\"ReadAction\",\"target\":[\"https:\\\/\\\/abix.com.br\\\/es\\\/produto\\\/camara-de-red-ib9388-ht\\\/\"]}]},{\"@type\":\"ImageObject\",\"inLanguage\":\"es\",\"@id\":\"https:\\\/\\\/abix.com.br\\\/es\\\/produto\\\/camara-de-red-ib9388-ht\\\/#primaryimage\",\"url\":\"https:\\\/\\\/abix.com.br\\\/wp-content\\\/uploads\\\/2025\\\/09\\\/IB9388-HT.png\",\"contentUrl\":\"https:\\\/\\\/abix.com.br\\\/wp-content\\\/uploads\\\/2025\\\/09\\\/IB9388-HT.png\",\"width\":600,\"height\":600},{\"@type\":\"BreadcrumbList\",\"@id\":\"https:\\\/\\\/abix.com.br\\\/es\\\/produto\\\/camara-de-red-ib9388-ht\\\/#breadcrumb\",\"itemListElement\":[{\"@type\":\"ListItem\",\"position\":1,\"name\":\"In\u00edcio\",\"item\":\"https:\\\/\\\/abix.com.br\\\/es\\\/\"},{\"@type\":\"ListItem\",\"position\":2,\"name\":\"Tienda\",\"item\":\"https:\\\/\\\/abix.com.br\\\/loja\\\/\"},{\"@type\":\"ListItem\",\"position\":3,\"name\":\"C\u00e1mara de red IB9388-HT\"}]},{\"@type\":\"WebSite\",\"@id\":\"https:\\\/\\\/abix.com.br\\\/#website\",\"url\":\"https:\\\/\\\/abix.com.br\\\/\",\"name\":\"Abix\",\"description\":\"\",\"potentialAction\":[{\"@type\":\"SearchAction\",\"target\":{\"@type\":\"EntryPoint\",\"urlTemplate\":\"https:\\\/\\\/abix.com.br\\\/?s={search_term_string}\"},\"query-input\":{\"@type\":\"PropertyValueSpecification\",\"valueRequired\":true,\"valueName\":\"search_term_string\"}}],\"inLanguage\":\"es\"}]}<\/script>\n<!-- \/ Yoast SEO plugin. -->","yoast_head_json":{"title":"C\u00e1mara de red IB9388-HT - Abix","robots":{"index":"index","follow":"follow","max-snippet":"max-snippet:-1","max-image-preview":"max-image-preview:large","max-video-preview":"max-video-preview:-1"},"canonical":"https:\/\/abix.com.br\/es\/produto\/camara-de-red-ib9388-ht\/","og_locale":"es_ES","og_type":"article","og_title":"C\u00e1mara de red IB9388-HT - Abix","og_description":"Vigilancia exterior de alta resoluci\u00f3n La c\u00e1mara de red Vivotek IB9388-HT es una soluci\u00f3n bullet de alto rendimiento, dise\u00f1ada para garantizar im\u00e1genes n\u00edtidas y fiables en entornos exteriores exigentes. Con tecnolog\u00eda de compresi\u00f3n avanzada, robustez estructural y funciones inteligentes, es ideal para aplicaciones en \u00e1reas industriales, comerciales y urbanas, garantizando mayor seguridad y eficiencia operativa.  Con una resoluci\u00f3n de 5 MP y funci\u00f3n WDR Pro, garantiza detalles precisos incluso en condiciones de iluminaci\u00f3n adversas. Su protecci\u00f3n contra la intemperie IP66 y su protecci\u00f3n antivand\u00e1lica IK10 garantizan durabilidad en condiciones adversas. La compresi\u00f3n H.265 con Smart Stream III reduce los costes de almacenamiento y el uso de ancho de banda sin comprometer la calidad de la imagen.  Y para una protecci\u00f3n completa, la IB9388-HT incorpora integraci\u00f3n con Trend Micro IoT Security y an\u00e1lisis inteligente, combinando la defensa contra amenazas f\u00edsicas y digitales en un solo dispositivo, listo para integrarse f\u00e1cilmente en su sistema de seguridad.","og_url":"https:\/\/abix.com.br\/es\/produto\/camara-de-red-ib9388-ht\/","og_site_name":"Abix","article_modified_time":"2025-12-11T13:44:41+00:00","twitter_card":"summary_large_image","twitter_misc":{"Tiempo de lectura":"3 minutos"},"schema":{"@context":"https:\/\/schema.org","@graph":[{"@type":"WebPage","@id":"https:\/\/abix.com.br\/es\/produto\/camara-de-red-ib9388-ht\/","url":"https:\/\/abix.com.br\/es\/produto\/camara-de-red-ib9388-ht\/","name":"C\u00e1mara de red IB9388-HT - Abix","isPartOf":{"@id":"https:\/\/abix.com.br\/#website"},"primaryImageOfPage":{"@id":"https:\/\/abix.com.br\/es\/produto\/camara-de-red-ib9388-ht\/#primaryimage"},"image":{"@id":"https:\/\/abix.com.br\/es\/produto\/camara-de-red-ib9388-ht\/#primaryimage"},"thumbnailUrl":"https:\/\/abix.com.br\/wp-content\/uploads\/2025\/09\/IB9388-HT.png","datePublished":"2025-09-10T21:26:29+00:00","dateModified":"2025-12-11T13:44:41+00:00","breadcrumb":{"@id":"https:\/\/abix.com.br\/es\/produto\/camara-de-red-ib9388-ht\/#breadcrumb"},"inLanguage":"es","potentialAction":[{"@type":"ReadAction","target":["https:\/\/abix.com.br\/es\/produto\/camara-de-red-ib9388-ht\/"]}]},{"@type":"ImageObject","inLanguage":"es","@id":"https:\/\/abix.com.br\/es\/produto\/camara-de-red-ib9388-ht\/#primaryimage","url":"https:\/\/abix.com.br\/wp-content\/uploads\/2025\/09\/IB9388-HT.png","contentUrl":"https:\/\/abix.com.br\/wp-content\/uploads\/2025\/09\/IB9388-HT.png","width":600,"height":600},{"@type":"BreadcrumbList","@id":"https:\/\/abix.com.br\/es\/produto\/camara-de-red-ib9388-ht\/#breadcrumb","itemListElement":[{"@type":"ListItem","position":1,"name":"In\u00edcio","item":"https:\/\/abix.com.br\/es\/"},{"@type":"ListItem","position":2,"name":"Tienda","item":"https:\/\/abix.com.br\/loja\/"},{"@type":"ListItem","position":3,"name":"C\u00e1mara de red IB9388-HT"}]},{"@type":"WebSite","@id":"https:\/\/abix.com.br\/#website","url":"https:\/\/abix.com.br\/","name":"Abix","description":"","potentialAction":[{"@type":"SearchAction","target":{"@type":"EntryPoint","urlTemplate":"https:\/\/abix.com.br\/?s={search_term_string}"},"query-input":{"@type":"PropertyValueSpecification","valueRequired":true,"valueName":"search_term_string"}}],"inLanguage":"es"}]}},"_links":{"self":[{"href":"https:\/\/abix.com.br\/es\/wp-json\/wp\/v2\/product\/22324","targetHints":{"allow":["GET"]}}],"collection":[{"href":"https:\/\/abix.com.br\/es\/wp-json\/wp\/v2\/product"}],"about":[{"href":"https:\/\/abix.com.br\/es\/wp-json\/wp\/v2\/types\/product"}],"replies":[{"embeddable":true,"href":"https:\/\/abix.com.br\/es\/wp-json\/wp\/v2\/comments?post=22324"}],"wp:featuredmedia":[{"embeddable":true,"href":"https:\/\/abix.com.br\/es\/wp-json\/wp\/v2\/media\/22377"}],"wp:attachment":[{"href":"https:\/\/abix.com.br\/es\/wp-json\/wp\/v2\/media?parent=22324"}],"wp:term":[{"taxonomy":"product_brand","embeddable":true,"href":"https:\/\/abix.com.br\/es\/wp-json\/wp\/v2\/product_brand?post=22324"},{"taxonomy":"product_cat","embeddable":true,"href":"https:\/\/abix.com.br\/es\/wp-json\/wp\/v2\/product_cat?post=22324"},{"taxonomy":"product_tag","embeddable":true,"href":"https:\/\/abix.com.br\/es\/wp-json\/wp\/v2\/product_tag?post=22324"}],"curies":[{"name":"wp","href":"https:\/\/api.w.org\/{rel}","templated":true}]}}