{"id":22416,"date":"2025-09-23T09:42:30","date_gmt":"2025-09-23T12:42:30","guid":{"rendered":"https:\/\/abix.com.br\/?post_type=product&#038;p=22416"},"modified":"2025-12-10T15:13:43","modified_gmt":"2025-12-10T18:13:43","slug":"radio-portatil-t710a","status":"publish","type":"product","link":"https:\/\/abix.com.br\/es\/produto\/radio-portatil-t710a\/","title":{"rendered":"Radio port\u00e1til T710A"},"content":{"rendered":"\n\t<section class=\"section\" id=\"section_1115758719\">\n\t\t<div class=\"section-bg fill\" >\n\t\t\t\t\t\t\t\t\t\n\t\t\t\n\n\t\t<\/div>\n\n\t\t\n\n\t\t<div class=\"section-content relative\">\n\t\t\t\n<div class=\"row\"  id=\"row-1853410151\">\n\n\t<div id=\"col-1567437076\" class=\"col small-12 large-12\"  >\n\t\t\t\t<div class=\"col-inner\"  >\n\t\t\t\n\t\t\t\n<div class=\"row\"  id=\"row-100113061\">\n\n\t<div id=\"col-596196240\" class=\"col small-12 large-12\"  >\n\t\t\t\t<div class=\"col-inner\"  >\n\t\t\t\n\t\t\t\n\n\t\t<div class=\"tabbed-content locacao-tabs\">\n\t\t\t\n\t\t\t<ul class=\"nav nav-tabs nav-normal nav-size-xlarge nav-left active-on-hover\" role=\"tablist\"><li id=\"tab-informaci\u00d3n\" class=\"tab active has-icon\" role=\"presentation\"><a href=\"#tab_informaci\u00d3n\" role=\"tab\" aria-selected=\"true\" aria-controls=\"tab_informaci\u00d3n\"><span>INFORMACI\u00d3N<\/span><\/a><\/li>\n<li id=\"tab-accesorios\" class=\"tab has-icon\" role=\"presentation\"><a href=\"#tab_accesorios\" tabindex=\"-1\" role=\"tab\" aria-selected=\"false\" aria-controls=\"tab_accesorios\"><span>ACCESORIOS<\/span><\/a><\/li>\n<li id=\"tab-descargas\" class=\"tab has-icon\" role=\"presentation\"><a href=\"#tab_descargas\" tabindex=\"-1\" role=\"tab\" aria-selected=\"false\" aria-controls=\"tab_descargas\"><span>DESCARGAS<\/span><\/a><\/li>\n<li id=\"tab-especificaciones\" class=\"tab has-icon\" role=\"presentation\"><a href=\"#tab_especificaciones\" tabindex=\"-1\" role=\"tab\" aria-selected=\"false\" aria-controls=\"tab_especificaciones\"><span>ESPECIFICACIONES<\/span><\/a><\/li><\/ul><div class=\"tab-panels\"><div id=\"tab_informaci\u00d3n\" class=\"panel active entry-content\" role=\"tabpanel\" aria-labelledby=\"tab-informaci\u00d3n\">\n<div class=\"row\"  id=\"row-1432319951\">\n\n\t<div id=\"col-1003050989\" class=\"col medium-6 small-12 large-6\"  >\n\t\t\t\t<div class=\"col-inner\"  >\n\t\t\t\n\t\t\t\n<div>Ya sea para optimizar las operaciones log\u00edsticas, gestionar equipos de hotel o mejorar la eficiencia industrial, la radio PoC inteligente T710A ofrece conectividad inteligente, durabilidad y flexibilidad. Compatible con m\u00faltiples redes y con un dise\u00f1o robusto, es la opci\u00f3n ideal para empresas que buscan comunicaciones modernas y fiables.<\/div>\n<h3><strong>Caracter\u00edsticas principales<\/strong><\/h3>\n<div>Conectividad avanzada: Compatible con 4G LTE, Wi-Fi (2.4G\/5G), Bluetooth 4.0 y NFC opcional, lo que garantiza una integraci\u00f3n personalizada y una cobertura estable.<\/div>\n<div><\/div>\n<div>Sistema operativo inteligente: Basado en Android 8.1, permite el uso de aplicaciones empresariales y la personalizaci\u00f3n.<\/div>\n<div><\/div>\n<div>Posicionamiento preciso: GPS y GLONASS para seguimiento en tiempo real, optimizando la coordinaci\u00f3n del equipo en \u00e1reas extensas.<\/div>\n<div><\/div>\n<div>Audio de alta calidad: Altavoz de 2 W (\u00d836 mm, 8 \u03a9) con una claridad excepcional, ideal para entornos ruidosos.<\/div>\n<div><\/div>\n<div>Bater\u00eda de larga duraci\u00f3n: 4000 mAh, que ofrece hasta 19 horas de uso continuo y 28 horas en espera (variable seg\u00fan el uso). Robusta durabilidad: Con certificaci\u00f3n IP54, resistente al polvo y al agua, soporta ca\u00eddas desde 1,2 m y funciona entre -20 \u00b0C y +55 \u00b0C.<\/div>\n<div><\/div>\n<div>Hardware potente: 1 GB de RAM + 8 GB de ROM (ampliable hasta 128 GB mediante tarjeta TF), pantalla de 1,77&#8243; (128 x 160), doble Nano SIM y USB tipo C.<\/div>\n\t\t<\/div>\n\t\t\t\t\t<\/div>\n\n\t\n\n\t<div id=\"col-1915721326\" class=\"col medium-6 small-12 large-6\"  >\n\t\t\t\t<div class=\"col-inner text-left\"  >\n\t\t\t\n\t\t\t\n\t\t<\/div>\n\t\t\t\t\t<\/div>\n\n\t\n<\/div>\n<\/div>\n<div id=\"tab_accesorios\" class=\"panel entry-content\" role=\"tabpanel\" aria-labelledby=\"tab-accesorios\">\n<div class=\"row align-middle\"  id=\"row-290917404\">\n\n\t<div id=\"col-1354363583\" class=\"col medium-10 small-12 large-10\"  >\n\t\t\t\t<div class=\"col-inner\"  >\n\t\t\t\n\t\t\t\n<p>CONTENIDO<\/p>\n\t\t<\/div>\n\t\t\t\t\t<\/div>\n\n\t\n\n\t<div id=\"col-66609660\" class=\"col medium-2 small-12 large-2\"  >\n\t\t\t\t<div class=\"col-inner\"  >\n\t\t\t\n\t\t\t\n\t\t<\/div>\n\t\t\t\t\t<\/div>\n\n\t\n<\/div>\n<\/div>\n<div id=\"tab_descargas\" class=\"panel entry-content\" role=\"tabpanel\" aria-labelledby=\"tab-descargas\">\n<div class=\"row\"  id=\"row-606596732\">\n\n\t<div id=\"col-1033020886\" class=\"col medium-10 small-12 large-10\"  >\n\t\t\t\t<div class=\"col-inner\"  >\n\t\t\t\n\t\t\t\n\t\t<\/div>\n\t\t\t\t\t<\/div>\n\n\t\n<\/div>\n<\/div>\n<div id=\"tab_especificaciones\" class=\"panel entry-content\" role=\"tabpanel\" aria-labelledby=\"tab-especificaciones\">\n<div class=\"row\"  id=\"row-185604306\">\n\n\t<div id=\"col-1341303489\" class=\"col medium-9 small-12 large-9\"  >\n\t\t\t\t<div class=\"col-inner\"  >\n\t\t\t\n\t\t\t\n<h3><strong>Especificaciones t\u00e9cnicas<\/strong><\/h3>\n<p>Conexiones: Frecuencias GSM B2\/B3\/B5\/B8, WCDMA B1\/B2\/B5\/B8, TDD-LTE B38\/B39\/B40\/B41, FDD-LTE B1\/B2\/B3\/B4\/B5\/B7\/B8\/B12\/B13\/B17\/B20\/B26\/B28a\/B28b\/B66.<\/p>\n<p>Sistema: Android 8.1.<\/p>\n<p>Hardware: 1 GB de RAM\/8 GB de ROM, doble SIM, pantalla de 1,77\u2033 (128\u00d7160), c\u00e1mara personalizable, bater\u00eda de 4000 mAh, dimensiones: 138\u00d763,1&#215;29 mm.<\/p>\n<p>Durabilidad: IP54, ca\u00edda desde 1,2 m, de -20 \u00b0C a +55 \u00b0C.<\/p>\n<p>Certificaciones: Anatel, CE\/ROHS\/FCC.<\/p>\n\t\t<\/div>\n\t\t\t\t\t<\/div>\n\n\t\n<\/div>\n<\/div><\/div><\/div>\n\t\t<\/div>\n\t\t\t\t\t<\/div>\n\n\t\n<\/div>\n\t\t<\/div>\n\t\t\t\t\t<\/div>\n\n\t\n<\/div>\n\t\t<\/div>\n\n\t\t\n<style>\n#section_1115758719 {\n  padding-top: 0px;\n  padding-bottom: 0px;\n}\n<\/style>\n\t<\/section>\n\t\n","protected":false},"excerpt":{"rendered":"<h3><strong><span style=\"font-size: 14.4px;\">Conectividad Inteligente para Empresas<\/span><\/strong><\/h3>\n<div>\n<div>La radio port\u00e1til T710A es la opci\u00f3n ideal para empresas que necesitan comunicaciones r\u00e1pidas, fiables y sin fronteras en entornos corporativos exigentes. Compacta, robusta y equipada con tecnolog\u00edas modernas, esta radio PoC (Push-to-Talk over Cellular) presta servicio a sectores como la log\u00edstica, el comercio minorista, la hosteler\u00eda y la industria, garantizando una conectividad estable tanto en interiores como en exteriores.<\/div>\n<div><\/div>\n<div>Combinando movilidad y alto rendimiento, la T710A ofrece cobertura continua con conectividad 4G y Wi-Fi, mientras que el audio de alta fidelidad garantiza que cada mensaje se escuche con claridad, incluso en entornos ruidosos como f\u00e1bricas o talleres. El seguimiento GPS\/GLONASS facilita la gesti\u00f3n de equipos de campo, y la bater\u00eda de 4000 mAh garantiza largas horas de funcionamiento ininterrumpido.<\/div>\n<div><\/div>\n<div>Con un dise\u00f1o ergon\u00f3mico (\u2248185 g), c\u00f3modo uso con una sola mano y resistencia IP54, la T710A combina practicidad y durabilidad. La respuesta PTT ultrarr\u00e1pida permite la comunicaci\u00f3n inmediata, individual o en grupo, garantizando velocidad y eficiencia en cualquier operaci\u00f3n.<\/div>\n<\/div>\n","protected":false},"featured_media":22423,"comment_status":"closed","ping_status":"closed","template":"","meta":[],"product_brand":[],"product_cat":[155,160,156,158],"product_tag":[],"class_list":{"0":"post-22416","1":"product","2":"type-product","3":"status-publish","4":"has-post-thumbnail","6":"product_cat-linea-profesional","7":"product_cat-ptt-por-celular","8":"product_cat-radios-digitales","9":"product_cat-radios-portatiles","11":"first","12":"instock","13":"shipping-taxable","14":"product-type-simple"},"yoast_head":"<!-- This site is optimized with the Yoast SEO plugin v27.4 - https:\/\/yoast.com\/product\/yoast-seo-wordpress\/ -->\n<title>Radio port\u00e1til T710A - Abix Tecnolog\u00eda<\/title>\n<meta name=\"description\" content=\"Radio PoC T710A: movilidad, rendimiento y seguridad en un solo dispositivo. Comunicaci\u00f3n instant\u00e1nea para operaciones corporativas.\" \/>\n<meta name=\"robots\" content=\"index, follow, max-snippet:-1, max-image-preview:large, max-video-preview:-1\" \/>\n<link rel=\"canonical\" href=\"https:\/\/abix.com.br\/es\/produto\/radio-portatil-t710a\/\" \/>\n<meta property=\"og:locale\" content=\"es_ES\" \/>\n<meta property=\"og:type\" content=\"article\" \/>\n<meta property=\"og:title\" content=\"Radio port\u00e1til T710A - Abix Tecnolog\u00eda\" \/>\n<meta property=\"og:description\" content=\"Radio PoC T710A: movilidad, rendimiento y seguridad en un solo dispositivo. Comunicaci\u00f3n instant\u00e1nea para operaciones corporativas.\" \/>\n<meta property=\"og:url\" content=\"https:\/\/abix.com.br\/es\/produto\/radio-portatil-t710a\/\" \/>\n<meta property=\"og:site_name\" content=\"Abix\" \/>\n<meta property=\"article:modified_time\" content=\"2025-12-10T18:13:43+00:00\" \/>\n<meta name=\"twitter:card\" content=\"summary_large_image\" \/>\n<meta name=\"twitter:label1\" content=\"Tiempo de lectura\" \/>\n\t<meta name=\"twitter:data1\" content=\"2 minutos\" \/>\n<script type=\"application\/ld+json\" class=\"yoast-schema-graph\">{\"@context\":\"https:\\\/\\\/schema.org\",\"@graph\":[{\"@type\":\"WebPage\",\"@id\":\"https:\\\/\\\/abix.com.br\\\/es\\\/produto\\\/radio-portatil-t710a\\\/\",\"url\":\"https:\\\/\\\/abix.com.br\\\/es\\\/produto\\\/radio-portatil-t710a\\\/\",\"name\":\"Radio port\u00e1til T710A - Abix Tecnolog\u00eda\",\"isPartOf\":{\"@id\":\"https:\\\/\\\/abix.com.br\\\/#website\"},\"primaryImageOfPage\":{\"@id\":\"https:\\\/\\\/abix.com.br\\\/es\\\/produto\\\/radio-portatil-t710a\\\/#primaryimage\"},\"image\":{\"@id\":\"https:\\\/\\\/abix.com.br\\\/es\\\/produto\\\/radio-portatil-t710a\\\/#primaryimage\"},\"thumbnailUrl\":\"https:\\\/\\\/abix.com.br\\\/wp-content\\\/uploads\\\/2025\\\/09\\\/Frontal-T710A.webp\",\"datePublished\":\"2025-09-23T12:42:30+00:00\",\"dateModified\":\"2025-12-10T18:13:43+00:00\",\"description\":\"Radio PoC T710A: movilidad, rendimiento y seguridad en un solo dispositivo. Comunicaci\u00f3n instant\u00e1nea para operaciones corporativas.\",\"breadcrumb\":{\"@id\":\"https:\\\/\\\/abix.com.br\\\/es\\\/produto\\\/radio-portatil-t710a\\\/#breadcrumb\"},\"inLanguage\":\"es\",\"potentialAction\":[{\"@type\":\"ReadAction\",\"target\":[\"https:\\\/\\\/abix.com.br\\\/es\\\/produto\\\/radio-portatil-t710a\\\/\"]}]},{\"@type\":\"ImageObject\",\"inLanguage\":\"es\",\"@id\":\"https:\\\/\\\/abix.com.br\\\/es\\\/produto\\\/radio-portatil-t710a\\\/#primaryimage\",\"url\":\"https:\\\/\\\/abix.com.br\\\/wp-content\\\/uploads\\\/2025\\\/09\\\/Frontal-T710A.webp\",\"contentUrl\":\"https:\\\/\\\/abix.com.br\\\/wp-content\\\/uploads\\\/2025\\\/09\\\/Frontal-T710A.webp\",\"width\":1500,\"height\":1500},{\"@type\":\"BreadcrumbList\",\"@id\":\"https:\\\/\\\/abix.com.br\\\/es\\\/produto\\\/radio-portatil-t710a\\\/#breadcrumb\",\"itemListElement\":[{\"@type\":\"ListItem\",\"position\":1,\"name\":\"In\u00edcio\",\"item\":\"https:\\\/\\\/abix.com.br\\\/es\\\/\"},{\"@type\":\"ListItem\",\"position\":2,\"name\":\"Tienda\",\"item\":\"https:\\\/\\\/abix.com.br\\\/loja\\\/\"},{\"@type\":\"ListItem\",\"position\":3,\"name\":\"Radio port\u00e1til T710A\"}]},{\"@type\":\"WebSite\",\"@id\":\"https:\\\/\\\/abix.com.br\\\/#website\",\"url\":\"https:\\\/\\\/abix.com.br\\\/\",\"name\":\"Abix\",\"description\":\"\",\"potentialAction\":[{\"@type\":\"SearchAction\",\"target\":{\"@type\":\"EntryPoint\",\"urlTemplate\":\"https:\\\/\\\/abix.com.br\\\/?s={search_term_string}\"},\"query-input\":{\"@type\":\"PropertyValueSpecification\",\"valueRequired\":true,\"valueName\":\"search_term_string\"}}],\"inLanguage\":\"es\"}]}<\/script>\n<!-- \/ Yoast SEO plugin. -->","yoast_head_json":{"title":"Radio port\u00e1til T710A - Abix Tecnolog\u00eda","description":"Radio PoC T710A: movilidad, rendimiento y seguridad en un solo dispositivo. Comunicaci\u00f3n instant\u00e1nea para operaciones corporativas.","robots":{"index":"index","follow":"follow","max-snippet":"max-snippet:-1","max-image-preview":"max-image-preview:large","max-video-preview":"max-video-preview:-1"},"canonical":"https:\/\/abix.com.br\/es\/produto\/radio-portatil-t710a\/","og_locale":"es_ES","og_type":"article","og_title":"Radio port\u00e1til T710A - Abix Tecnolog\u00eda","og_description":"Radio PoC T710A: movilidad, rendimiento y seguridad en un solo dispositivo. Comunicaci\u00f3n instant\u00e1nea para operaciones corporativas.","og_url":"https:\/\/abix.com.br\/es\/produto\/radio-portatil-t710a\/","og_site_name":"Abix","article_modified_time":"2025-12-10T18:13:43+00:00","twitter_card":"summary_large_image","twitter_misc":{"Tiempo de lectura":"2 minutos"},"schema":{"@context":"https:\/\/schema.org","@graph":[{"@type":"WebPage","@id":"https:\/\/abix.com.br\/es\/produto\/radio-portatil-t710a\/","url":"https:\/\/abix.com.br\/es\/produto\/radio-portatil-t710a\/","name":"Radio port\u00e1til T710A - Abix Tecnolog\u00eda","isPartOf":{"@id":"https:\/\/abix.com.br\/#website"},"primaryImageOfPage":{"@id":"https:\/\/abix.com.br\/es\/produto\/radio-portatil-t710a\/#primaryimage"},"image":{"@id":"https:\/\/abix.com.br\/es\/produto\/radio-portatil-t710a\/#primaryimage"},"thumbnailUrl":"https:\/\/abix.com.br\/wp-content\/uploads\/2025\/09\/Frontal-T710A.webp","datePublished":"2025-09-23T12:42:30+00:00","dateModified":"2025-12-10T18:13:43+00:00","description":"Radio PoC T710A: movilidad, rendimiento y seguridad en un solo dispositivo. Comunicaci\u00f3n instant\u00e1nea para operaciones corporativas.","breadcrumb":{"@id":"https:\/\/abix.com.br\/es\/produto\/radio-portatil-t710a\/#breadcrumb"},"inLanguage":"es","potentialAction":[{"@type":"ReadAction","target":["https:\/\/abix.com.br\/es\/produto\/radio-portatil-t710a\/"]}]},{"@type":"ImageObject","inLanguage":"es","@id":"https:\/\/abix.com.br\/es\/produto\/radio-portatil-t710a\/#primaryimage","url":"https:\/\/abix.com.br\/wp-content\/uploads\/2025\/09\/Frontal-T710A.webp","contentUrl":"https:\/\/abix.com.br\/wp-content\/uploads\/2025\/09\/Frontal-T710A.webp","width":1500,"height":1500},{"@type":"BreadcrumbList","@id":"https:\/\/abix.com.br\/es\/produto\/radio-portatil-t710a\/#breadcrumb","itemListElement":[{"@type":"ListItem","position":1,"name":"In\u00edcio","item":"https:\/\/abix.com.br\/es\/"},{"@type":"ListItem","position":2,"name":"Tienda","item":"https:\/\/abix.com.br\/loja\/"},{"@type":"ListItem","position":3,"name":"Radio port\u00e1til T710A"}]},{"@type":"WebSite","@id":"https:\/\/abix.com.br\/#website","url":"https:\/\/abix.com.br\/","name":"Abix","description":"","potentialAction":[{"@type":"SearchAction","target":{"@type":"EntryPoint","urlTemplate":"https:\/\/abix.com.br\/?s={search_term_string}"},"query-input":{"@type":"PropertyValueSpecification","valueRequired":true,"valueName":"search_term_string"}}],"inLanguage":"es"}]}},"_links":{"self":[{"href":"https:\/\/abix.com.br\/es\/wp-json\/wp\/v2\/product\/22416","targetHints":{"allow":["GET"]}}],"collection":[{"href":"https:\/\/abix.com.br\/es\/wp-json\/wp\/v2\/product"}],"about":[{"href":"https:\/\/abix.com.br\/es\/wp-json\/wp\/v2\/types\/product"}],"replies":[{"embeddable":true,"href":"https:\/\/abix.com.br\/es\/wp-json\/wp\/v2\/comments?post=22416"}],"wp:featuredmedia":[{"embeddable":true,"href":"https:\/\/abix.com.br\/es\/wp-json\/wp\/v2\/media\/22423"}],"wp:attachment":[{"href":"https:\/\/abix.com.br\/es\/wp-json\/wp\/v2\/media?parent=22416"}],"wp:term":[{"taxonomy":"product_brand","embeddable":true,"href":"https:\/\/abix.com.br\/es\/wp-json\/wp\/v2\/product_brand?post=22416"},{"taxonomy":"product_cat","embeddable":true,"href":"https:\/\/abix.com.br\/es\/wp-json\/wp\/v2\/product_cat?post=22416"},{"taxonomy":"product_tag","embeddable":true,"href":"https:\/\/abix.com.br\/es\/wp-json\/wp\/v2\/product_tag?post=22416"}],"curies":[{"name":"wp","href":"https:\/\/api.w.org\/{rel}","templated":true}]}}