{"id":22493,"date":"2025-09-23T16:24:42","date_gmt":"2025-09-23T19:24:42","guid":{"rendered":"https:\/\/abix.com.br\/?post_type=product&#038;p=22493"},"modified":"2025-12-10T16:41:58","modified_gmt":"2025-12-10T19:41:58","slug":"radio-portatil-t640a","status":"publish","type":"product","link":"https:\/\/abix.com.br\/es\/produto\/radio-portatil-t640a\/","title":{"rendered":"Radio port\u00e1til T640A"},"content":{"rendered":"\n\t<section class=\"section\" id=\"section_1699981348\">\n\t\t<div class=\"section-bg fill\" >\n\t\t\t\t\t\t\t\t\t\n\t\t\t\n\n\t\t<\/div>\n\n\t\t\n\n\t\t<div class=\"section-content relative\">\n\t\t\t\n<div class=\"row\"  id=\"row-254219189\">\n\n\t<div id=\"col-1642844828\" class=\"col small-12 large-12\"  >\n\t\t\t\t<div class=\"col-inner\"  >\n\t\t\t\n\t\t\t\n<div class=\"row\"  id=\"row-1625128383\">\n\n\t<div id=\"col-875029017\" class=\"col small-12 large-12\"  >\n\t\t\t\t<div class=\"col-inner\"  >\n\t\t\t\n\t\t\t\n\n\t\t<div class=\"tabbed-content locacao-tabs\">\n\t\t\t\n\t\t\t<ul class=\"nav nav-tabs nav-normal nav-size-xlarge nav-left active-on-hover\" role=\"tablist\"><li id=\"tab-informaci\u00d3n\" class=\"tab active has-icon\" role=\"presentation\"><a href=\"#tab_informaci\u00d3n\" role=\"tab\" aria-selected=\"true\" aria-controls=\"tab_informaci\u00d3n\"><span>INFORMACI\u00d3N<\/span><\/a><\/li>\n<li id=\"tab-accesorios\" class=\"tab has-icon\" role=\"presentation\"><a href=\"#tab_accesorios\" tabindex=\"-1\" role=\"tab\" aria-selected=\"false\" aria-controls=\"tab_accesorios\"><span>ACCESORIOS<\/span><\/a><\/li>\n<li id=\"tab-descargas\" class=\"tab has-icon\" role=\"presentation\"><a href=\"#tab_descargas\" tabindex=\"-1\" role=\"tab\" aria-selected=\"false\" aria-controls=\"tab_descargas\"><span>DESCARGAS<\/span><\/a><\/li>\n<li id=\"tab-especificaciones\" class=\"tab has-icon\" role=\"presentation\"><a href=\"#tab_especificaciones\" tabindex=\"-1\" role=\"tab\" aria-selected=\"false\" aria-controls=\"tab_especificaciones\"><span>ESPECIFICACIONES<\/span><\/a><\/li><\/ul><div class=\"tab-panels\"><div id=\"tab_informaci\u00d3n\" class=\"panel active entry-content\" role=\"tabpanel\" aria-labelledby=\"tab-informaci\u00d3n\">\n<div class=\"row\"  id=\"row-560267079\">\n\n\t<div id=\"col-1538882357\" class=\"col medium-6 small-12 large-6\"  >\n\t\t\t\t<div class=\"col-inner\"  >\n\t\t\t\n\t\t\t\n<div>La radio port\u00e1til T640A ofrece conectividad avanzada, durabilidad y flexibilidad. Con un rendimiento optimizado y un dise\u00f1o robusto, es la opci\u00f3n ideal para empresas que buscan comunicaciones fiables y eficientes.<\/div>\n<h3>Caracter\u00edsticas principales<\/h3>\n<div>Conectividad avanzada: Compatible con 4G, Wi-Fi y Bluetooth, lo que garantiza una cobertura estable en cualquier situaci\u00f3n.<\/div>\n<div>Sistema operativo: Android 8.1<\/div>\n<div>Posicionamiento preciso: GPS\/GLONASS para seguimiento en tiempo real, lo que facilita la coordinaci\u00f3n del equipo sobre el terreno.<\/div>\n<div>Audio de alta calidad: Altavoz de 2 W (\u00d836 mm, 8 \u03a9) con salida potente, ideal para entornos ruidosos.<\/div>\n<div>Bater\u00eda de larga duraci\u00f3n: 4000 mAh, con hasta 12 horas de uso continuo y 26 horas en espera (var\u00eda seg\u00fan el uso).<\/div>\n<div>Durabilidad robusta: Clasificaci\u00f3n IP54 de resistencia al polvo y a las salpicaduras, soporta ca\u00eddas de 1,2 m y funciona entre -20 \u00b0C y +55 \u00b0C.<\/div>\n<div>Hardware optimizado: 1GB RAM + 8GB ROM, pantalla TFT de 1,77\u2033 (128\u00d7160), Micro SIM + Tarjeta TF y USB Tipo-C.<\/div>\n\t\t<\/div>\n\t\t\t\t\t<\/div>\n\n\t\n\n\t<div id=\"col-1232160978\" class=\"col medium-6 small-12 large-6\"  >\n\t\t\t\t<div class=\"col-inner text-left\"  >\n\t\t\t\n\t\t\t\n\t\t<\/div>\n\t\t\t\t\t<\/div>\n\n\t\n<\/div>\n<\/div>\n<div id=\"tab_accesorios\" class=\"panel entry-content\" role=\"tabpanel\" aria-labelledby=\"tab-accesorios\">\n<div class=\"row align-middle\"  id=\"row-1653504910\">\n\n\t<div id=\"col-474420960\" class=\"col medium-10 small-12 large-10\"  >\n\t\t\t\t<div class=\"col-inner\"  >\n\t\t\t\n\t\t\t\n<p>CONTENIDO<\/p>\n\t\t<\/div>\n\t\t\t\t\t<\/div>\n\n\t\n\n\t<div id=\"col-152385661\" class=\"col medium-2 small-12 large-2\"  >\n\t\t\t\t<div class=\"col-inner\"  >\n\t\t\t\n\t\t\t\n\t\t<\/div>\n\t\t\t\t\t<\/div>\n\n\t\n<\/div>\n<\/div>\n<div id=\"tab_descargas\" class=\"panel entry-content\" role=\"tabpanel\" aria-labelledby=\"tab-descargas\">\n<div class=\"row\"  id=\"row-1503148012\">\n\n\t<div id=\"col-741036984\" class=\"col medium-10 small-12 large-10\"  >\n\t\t\t\t<div class=\"col-inner\"  >\n\t\t\t\n\t\t\t\n\t\t<\/div>\n\t\t\t\t\t<\/div>\n\n\t\n<\/div>\n<\/div>\n<div id=\"tab_especificaciones\" class=\"panel entry-content\" role=\"tabpanel\" aria-labelledby=\"tab-especificaciones\">\n<div class=\"row\"  id=\"row-891904563\">\n\n\t<div id=\"col-671102356\" class=\"col medium-9 small-12 large-9\"  >\n\t\t\t\t<div class=\"col-inner\"  >\n\t\t\t\n\t\t\t\n<h3>Especificaciones t\u00e9cnicas<\/h3>\n<p>Conexiones: Frecuencias UE: GSM B2\/B3\/B5\/B8, WCDMA B1\/B5\/B8, FDD B1\/B3\/B5\/B7\/B8\/B20\/B28A\/B28B, TDD B38\/B40\/B41. EE. UU.: GSM B2\/B3\/B5\/B8, WCDMA B2\/B4\/B5, FDD B2\/B3\/B4\/B5\/B7\/B8\/B12\/B17\/B28A\/B28B\/B66, TDD B38\/B40. Wi-Fi 2.4G\/5G, Bluetooth 4.0, GPS\/GLONASS.<\/p>\n<p>Sistema: Android 8.1.<\/p>\n<p>Hardware: 1 GB de RAM\/8 GB de ROM, Micro SIM + tarjeta TF, pantalla TFT de 1,77\u2033 (128\u00d7160), altavoz de 2 W, bater\u00eda de 4000 mAh, dimensiones: 127 x 63 x 27 mm, peso: ~200 g.<\/p>\n<p>Durabilidad: IP54, ca\u00edda desde 1,2 m, de -20 \u00b0C a +55 \u00b0C.<\/p>\n<p>Certificaciones: CE, FCC, ROHS, ANATEL.<\/p>\n\t\t<\/div>\n\t\t\t\t\t<\/div>\n\n\t\n<\/div>\n<\/div><\/div><\/div>\n\t\t<\/div>\n\t\t\t\t\t<\/div>\n\n\t\n<\/div>\n\t\t<\/div>\n\t\t\t\t\t<\/div>\n\n\t\n<\/div>\n\t\t<\/div>\n\n\t\t\n<style>\n#section_1699981348 {\n  padding-top: 0px;\n  padding-bottom: 0px;\n}\n<\/style>\n\t<\/section>\n\t\n","protected":false},"excerpt":{"rendered":"<h3>Conectividad Robusta para Entornos Din\u00e1micos<\/h3>\n<div>La Radio Port\u00e1til T640A es una soluci\u00f3n avanzada de comunicaci\u00f3n \u00abPulsar para Hablar sobre Celular\u00bb (PoC), desarrollada para garantizar eficiencia y fiabilidad en entornos profesionales exigentes. Compacta y robusta, combina la estabilidad de las redes celulares con la funcionalidad de una radio profesional, lo que la hace ideal para sectores como servicios de emergencia, hospitales, seguridad, centros comerciales, log\u00edstica y grandes eventos.<\/div>\n<div><\/div>\n<div>Dise\u00f1ada para operaciones cr\u00edticas, la T640A ofrece conectividad 4G y Wi-Fi, garantizando una comunicaci\u00f3n instant\u00e1nea en cualquier lugar. Su potente audio de 2 W mantiene la claridad incluso en entornos ruidosos, como eventos deportivos o \u00e1reas log\u00edsticas al aire libre. El rastreo GPS\/GLONASS permite una gesti\u00f3n eficiente de los equipos de campo, mientras que la bater\u00eda de 4000 mAh soporta largos turnos sin interrupciones.<\/div>\n<div><\/div>\n<div>Con un dise\u00f1o ergon\u00f3mico (\u2248200 g), un c\u00f3modo manejo con una sola mano y resistencia IP54, la T640A combina movilidad, durabilidad y rendimiento, ofreciendo una fiabilidad superior en situaciones cr\u00edticas de seguridad y emergencia.<\/div>\n","protected":false},"featured_media":22543,"comment_status":"closed","ping_status":"closed","template":"","meta":[],"product_brand":[],"product_cat":[155,160,156,158],"product_tag":[],"class_list":{"0":"post-22493","1":"product","2":"type-product","3":"status-publish","4":"has-post-thumbnail","6":"product_cat-linea-profesional","7":"product_cat-ptt-por-celular","8":"product_cat-radios-digitales","9":"product_cat-radios-portatiles","11":"first","12":"instock","13":"shipping-taxable","14":"product-type-simple"},"yoast_head":"<!-- This site is optimized with the Yoast SEO plugin v27.4 - https:\/\/yoast.com\/product\/yoast-seo-wordpress\/ -->\n<title>Radio port\u00e1til T640A - Abix Tecnolog\u00eda<\/title>\n<meta name=\"description\" content=\"Radio PoC T640A: Comunicaci\u00f3n profesional con 4G, Wi-Fi y GPS, protecci\u00f3n IP54. Ideal para seguridad, log\u00edstica, transporte y grandes eventos.\" \/>\n<meta name=\"robots\" content=\"index, follow, max-snippet:-1, max-image-preview:large, max-video-preview:-1\" \/>\n<link rel=\"canonical\" href=\"https:\/\/abix.com.br\/es\/produto\/radio-portatil-t640a\/\" \/>\n<meta property=\"og:locale\" content=\"es_ES\" \/>\n<meta property=\"og:type\" content=\"article\" \/>\n<meta property=\"og:title\" content=\"Radio port\u00e1til T640A - Abix Tecnolog\u00eda\" \/>\n<meta property=\"og:description\" content=\"Radio PoC T640A: Comunicaci\u00f3n profesional con 4G, Wi-Fi y GPS, protecci\u00f3n IP54. Ideal para seguridad, log\u00edstica, transporte y grandes eventos.\" \/>\n<meta property=\"og:url\" content=\"https:\/\/abix.com.br\/es\/produto\/radio-portatil-t640a\/\" \/>\n<meta property=\"og:site_name\" content=\"Abix\" \/>\n<meta property=\"article:modified_time\" content=\"2025-12-10T19:41:58+00:00\" \/>\n<meta property=\"og:image\" content=\"https:\/\/abix.com.br\/wp-content\/uploads\/2025\/09\/t640a-frontal.webp\" \/>\n\t<meta property=\"og:image:width\" content=\"1000\" \/>\n\t<meta property=\"og:image:height\" content=\"1000\" \/>\n\t<meta property=\"og:image:type\" content=\"image\/webp\" \/>\n<meta name=\"twitter:card\" content=\"summary_large_image\" \/>\n<meta name=\"twitter:label1\" content=\"Tiempo de lectura\" \/>\n\t<meta name=\"twitter:data1\" content=\"2 minutos\" \/>\n<script type=\"application\/ld+json\" class=\"yoast-schema-graph\">{\"@context\":\"https:\\\/\\\/schema.org\",\"@graph\":[{\"@type\":\"WebPage\",\"@id\":\"https:\\\/\\\/abix.com.br\\\/es\\\/produto\\\/radio-portatil-t640a\\\/\",\"url\":\"https:\\\/\\\/abix.com.br\\\/es\\\/produto\\\/radio-portatil-t640a\\\/\",\"name\":\"Radio port\u00e1til T640A - Abix Tecnolog\u00eda\",\"isPartOf\":{\"@id\":\"https:\\\/\\\/abix.com.br\\\/#website\"},\"primaryImageOfPage\":{\"@id\":\"https:\\\/\\\/abix.com.br\\\/es\\\/produto\\\/radio-portatil-t640a\\\/#primaryimage\"},\"image\":{\"@id\":\"https:\\\/\\\/abix.com.br\\\/es\\\/produto\\\/radio-portatil-t640a\\\/#primaryimage\"},\"thumbnailUrl\":\"https:\\\/\\\/abix.com.br\\\/wp-content\\\/uploads\\\/2025\\\/09\\\/t640a-frontal.webp\",\"datePublished\":\"2025-09-23T19:24:42+00:00\",\"dateModified\":\"2025-12-10T19:41:58+00:00\",\"description\":\"Radio PoC T640A: Comunicaci\u00f3n profesional con 4G, Wi-Fi y GPS, protecci\u00f3n IP54. Ideal para seguridad, log\u00edstica, transporte y grandes eventos.\",\"breadcrumb\":{\"@id\":\"https:\\\/\\\/abix.com.br\\\/es\\\/produto\\\/radio-portatil-t640a\\\/#breadcrumb\"},\"inLanguage\":\"es\",\"potentialAction\":[{\"@type\":\"ReadAction\",\"target\":[\"https:\\\/\\\/abix.com.br\\\/es\\\/produto\\\/radio-portatil-t640a\\\/\"]}]},{\"@type\":\"ImageObject\",\"inLanguage\":\"es\",\"@id\":\"https:\\\/\\\/abix.com.br\\\/es\\\/produto\\\/radio-portatil-t640a\\\/#primaryimage\",\"url\":\"https:\\\/\\\/abix.com.br\\\/wp-content\\\/uploads\\\/2025\\\/09\\\/t640a-frontal.webp\",\"contentUrl\":\"https:\\\/\\\/abix.com.br\\\/wp-content\\\/uploads\\\/2025\\\/09\\\/t640a-frontal.webp\",\"width\":1000,\"height\":1000},{\"@type\":\"BreadcrumbList\",\"@id\":\"https:\\\/\\\/abix.com.br\\\/es\\\/produto\\\/radio-portatil-t640a\\\/#breadcrumb\",\"itemListElement\":[{\"@type\":\"ListItem\",\"position\":1,\"name\":\"In\u00edcio\",\"item\":\"https:\\\/\\\/abix.com.br\\\/es\\\/\"},{\"@type\":\"ListItem\",\"position\":2,\"name\":\"Tienda\",\"item\":\"https:\\\/\\\/abix.com.br\\\/loja\\\/\"},{\"@type\":\"ListItem\",\"position\":3,\"name\":\"Radio port\u00e1til T640A\"}]},{\"@type\":\"WebSite\",\"@id\":\"https:\\\/\\\/abix.com.br\\\/#website\",\"url\":\"https:\\\/\\\/abix.com.br\\\/\",\"name\":\"Abix\",\"description\":\"\",\"potentialAction\":[{\"@type\":\"SearchAction\",\"target\":{\"@type\":\"EntryPoint\",\"urlTemplate\":\"https:\\\/\\\/abix.com.br\\\/?s={search_term_string}\"},\"query-input\":{\"@type\":\"PropertyValueSpecification\",\"valueRequired\":true,\"valueName\":\"search_term_string\"}}],\"inLanguage\":\"es\"}]}<\/script>\n<!-- \/ Yoast SEO plugin. -->","yoast_head_json":{"title":"Radio port\u00e1til T640A - Abix Tecnolog\u00eda","description":"Radio PoC T640A: Comunicaci\u00f3n profesional con 4G, Wi-Fi y GPS, protecci\u00f3n IP54. Ideal para seguridad, log\u00edstica, transporte y grandes eventos.","robots":{"index":"index","follow":"follow","max-snippet":"max-snippet:-1","max-image-preview":"max-image-preview:large","max-video-preview":"max-video-preview:-1"},"canonical":"https:\/\/abix.com.br\/es\/produto\/radio-portatil-t640a\/","og_locale":"es_ES","og_type":"article","og_title":"Radio port\u00e1til T640A - Abix Tecnolog\u00eda","og_description":"Radio PoC T640A: Comunicaci\u00f3n profesional con 4G, Wi-Fi y GPS, protecci\u00f3n IP54. Ideal para seguridad, log\u00edstica, transporte y grandes eventos.","og_url":"https:\/\/abix.com.br\/es\/produto\/radio-portatil-t640a\/","og_site_name":"Abix","article_modified_time":"2025-12-10T19:41:58+00:00","og_image":[{"width":1000,"height":1000,"url":"https:\/\/abix.com.br\/wp-content\/uploads\/2025\/09\/t640a-frontal.webp","type":"image\/webp"}],"twitter_card":"summary_large_image","twitter_misc":{"Tiempo de lectura":"2 minutos"},"schema":{"@context":"https:\/\/schema.org","@graph":[{"@type":"WebPage","@id":"https:\/\/abix.com.br\/es\/produto\/radio-portatil-t640a\/","url":"https:\/\/abix.com.br\/es\/produto\/radio-portatil-t640a\/","name":"Radio port\u00e1til T640A - Abix Tecnolog\u00eda","isPartOf":{"@id":"https:\/\/abix.com.br\/#website"},"primaryImageOfPage":{"@id":"https:\/\/abix.com.br\/es\/produto\/radio-portatil-t640a\/#primaryimage"},"image":{"@id":"https:\/\/abix.com.br\/es\/produto\/radio-portatil-t640a\/#primaryimage"},"thumbnailUrl":"https:\/\/abix.com.br\/wp-content\/uploads\/2025\/09\/t640a-frontal.webp","datePublished":"2025-09-23T19:24:42+00:00","dateModified":"2025-12-10T19:41:58+00:00","description":"Radio PoC T640A: Comunicaci\u00f3n profesional con 4G, Wi-Fi y GPS, protecci\u00f3n IP54. Ideal para seguridad, log\u00edstica, transporte y grandes eventos.","breadcrumb":{"@id":"https:\/\/abix.com.br\/es\/produto\/radio-portatil-t640a\/#breadcrumb"},"inLanguage":"es","potentialAction":[{"@type":"ReadAction","target":["https:\/\/abix.com.br\/es\/produto\/radio-portatil-t640a\/"]}]},{"@type":"ImageObject","inLanguage":"es","@id":"https:\/\/abix.com.br\/es\/produto\/radio-portatil-t640a\/#primaryimage","url":"https:\/\/abix.com.br\/wp-content\/uploads\/2025\/09\/t640a-frontal.webp","contentUrl":"https:\/\/abix.com.br\/wp-content\/uploads\/2025\/09\/t640a-frontal.webp","width":1000,"height":1000},{"@type":"BreadcrumbList","@id":"https:\/\/abix.com.br\/es\/produto\/radio-portatil-t640a\/#breadcrumb","itemListElement":[{"@type":"ListItem","position":1,"name":"In\u00edcio","item":"https:\/\/abix.com.br\/es\/"},{"@type":"ListItem","position":2,"name":"Tienda","item":"https:\/\/abix.com.br\/loja\/"},{"@type":"ListItem","position":3,"name":"Radio port\u00e1til T640A"}]},{"@type":"WebSite","@id":"https:\/\/abix.com.br\/#website","url":"https:\/\/abix.com.br\/","name":"Abix","description":"","potentialAction":[{"@type":"SearchAction","target":{"@type":"EntryPoint","urlTemplate":"https:\/\/abix.com.br\/?s={search_term_string}"},"query-input":{"@type":"PropertyValueSpecification","valueRequired":true,"valueName":"search_term_string"}}],"inLanguage":"es"}]}},"_links":{"self":[{"href":"https:\/\/abix.com.br\/es\/wp-json\/wp\/v2\/product\/22493","targetHints":{"allow":["GET"]}}],"collection":[{"href":"https:\/\/abix.com.br\/es\/wp-json\/wp\/v2\/product"}],"about":[{"href":"https:\/\/abix.com.br\/es\/wp-json\/wp\/v2\/types\/product"}],"replies":[{"embeddable":true,"href":"https:\/\/abix.com.br\/es\/wp-json\/wp\/v2\/comments?post=22493"}],"wp:featuredmedia":[{"embeddable":true,"href":"https:\/\/abix.com.br\/es\/wp-json\/wp\/v2\/media\/22543"}],"wp:attachment":[{"href":"https:\/\/abix.com.br\/es\/wp-json\/wp\/v2\/media?parent=22493"}],"wp:term":[{"taxonomy":"product_brand","embeddable":true,"href":"https:\/\/abix.com.br\/es\/wp-json\/wp\/v2\/product_brand?post=22493"},{"taxonomy":"product_cat","embeddable":true,"href":"https:\/\/abix.com.br\/es\/wp-json\/wp\/v2\/product_cat?post=22493"},{"taxonomy":"product_tag","embeddable":true,"href":"https:\/\/abix.com.br\/es\/wp-json\/wp\/v2\/product_tag?post=22493"}],"curies":[{"name":"wp","href":"https:\/\/api.w.org\/{rel}","templated":true}]}}