{"id":22986,"date":"2025-11-27T08:11:17","date_gmt":"2025-11-27T11:11:17","guid":{"rendered":"https:\/\/abix.com.br\/?post_type=product&#038;p=22986"},"modified":"2025-12-10T17:15:18","modified_gmt":"2025-12-10T20:15:18","slug":"radio-portatil-s300-plus","status":"publish","type":"product","link":"https:\/\/abix.com.br\/es\/produto\/radio-portatil-s300-plus\/","title":{"rendered":"Radio port\u00e1til S300 Plus"},"content":{"rendered":"\n\t<section class=\"section\" id=\"section_154927428\">\n\t\t<div class=\"section-bg fill\" >\n\t\t\t\t\t\t\t\t\t\n\t\t\t\n\n\t\t<\/div>\n\n\t\t\n\n\t\t<div class=\"section-content relative\">\n\t\t\t\n<div class=\"row\"  id=\"row-1137814919\">\n\n\t<div id=\"col-1677172731\" class=\"col small-12 large-12\"  >\n\t\t\t\t<div class=\"col-inner\"  >\n\t\t\t\n\t\t\t\n<div class=\"row\"  id=\"row-376996133\">\n\n\t<div id=\"col-1419545949\" class=\"col small-12 large-12\"  >\n\t\t\t\t<div class=\"col-inner\"  >\n\t\t\t\n\t\t\t\n\n\t\t<div class=\"tabbed-content locacao-tabs\">\n\t\t\t\n\t\t\t<ul class=\"nav nav-tabs nav-normal nav-size-xlarge nav-left active-on-hover\" role=\"tablist\"><li id=\"tab-informaci\u00d3n\" class=\"tab active has-icon\" role=\"presentation\"><a href=\"#tab_informaci\u00d3n\" role=\"tab\" aria-selected=\"true\" aria-controls=\"tab_informaci\u00d3n\"><span>INFORMACI\u00d3N<\/span><\/a><\/li>\n<li id=\"tab-accesorios\" class=\"tab has-icon\" role=\"presentation\"><a href=\"#tab_accesorios\" tabindex=\"-1\" role=\"tab\" aria-selected=\"false\" aria-controls=\"tab_accesorios\"><span>ACCESORIOS<\/span><\/a><\/li>\n<li id=\"tab-descargas\" class=\"tab has-icon\" role=\"presentation\"><a href=\"#tab_descargas\" tabindex=\"-1\" role=\"tab\" aria-selected=\"false\" aria-controls=\"tab_descargas\"><span>DESCARGAS<\/span><\/a><\/li>\n<li id=\"tab-especificaciones\" class=\"tab has-icon\" role=\"presentation\"><a href=\"#tab_especificaciones\" tabindex=\"-1\" role=\"tab\" aria-selected=\"false\" aria-controls=\"tab_especificaciones\"><span>ESPECIFICACIONES<\/span><\/a><\/li><\/ul><div class=\"tab-panels\"><div id=\"tab_informaci\u00d3n\" class=\"panel active entry-content\" role=\"tabpanel\" aria-labelledby=\"tab-informaci\u00d3n\">\n<div class=\"row\"  id=\"row-528203374\">\n\n\t<div id=\"col-593054124\" class=\"col medium-6 small-12 large-6\"  >\n\t\t\t\t<div class=\"col-inner\"  >\n\t\t\t\n\t\t\t\n<h3>Caracter\u00edsticas principales<\/h3>\n<div>Conectividad avanzada: Compatible con 4G LTE (bandas UE\/EE. UU.), Wi-Fi (IEEE 802.11 a\/b\/g\/n), Bluetooth 4.2 para accesorios inal\u00e1mbricos y NFC opcional.<\/div>\n<div>Sistema operativo: Basado en Android 14 con Google Play Store, compatible con aplicaciones PTT como Zello, que ofrece actualizaciones e integraciones de terceros.<\/div>\n<div>Posicionamiento preciso: GPS integrado para seguimiento en tiempo real, lo que facilita la coordinaci\u00f3n del equipo.<\/div>\n<div>Audio de alta calidad: Altavoz de 2 W con cancelaci\u00f3n de ruido avanzada, que garantiza claridad en entornos ruidosos; compatible con MP3\/MP4.<\/div>\n<div>Bater\u00eda de larga duraci\u00f3n: 5000 mAh, con funcionamiento continuo durante turnos completos (hasta 24 horas en uso mixto), carga r\u00e1pida por USB-C.<\/div>\n<div>Durabilidad robusta: Clasificaci\u00f3n IP68 de inmersi\u00f3n en agua (hasta 30 minutos) y resistencia total al polvo, MIL-STD-810H para pruebas militares; resiste ca\u00eddas de 1,5 m.<\/div>\n<div>Hardware: Pantalla t\u00e1ctil FULL HD de 6,5\u2033; c\u00e1maras duales (frontal de 8MP, trasera de 48MP con autoenfoque y flash); sensores (proximidad, aceler\u00f3metro, giroscopio); bot\u00f3n SOS rojo y PTT programable.<\/div>\n\t\t<\/div>\n\t\t\t\t\t<\/div>\n\n\t\n\n\t<div id=\"col-911277392\" class=\"col medium-6 small-12 large-6\"  >\n\t\t\t\t<div class=\"col-inner text-left\"  >\n\t\t\t\n\t\t\t\n\t\t<\/div>\n\t\t\t\t\t<\/div>\n\n\t\n<\/div>\n<\/div>\n<div id=\"tab_accesorios\" class=\"panel entry-content\" role=\"tabpanel\" aria-labelledby=\"tab-accesorios\">\n<div class=\"row align-middle\"  id=\"row-1199607082\">\n\n\t<div id=\"col-1066181796\" class=\"col medium-10 small-12 large-10\"  >\n\t\t\t\t<div class=\"col-inner\"  >\n\t\t\t\n\t\t\t\n\t\t<\/div>\n\t\t\t\t\t<\/div>\n\n\t\n\n\t<div id=\"col-782003909\" class=\"col medium-2 small-12 large-2\"  >\n\t\t\t\t<div class=\"col-inner\"  >\n\t\t\t\n\t\t\t\n\t\t<\/div>\n\t\t\t\t\t<\/div>\n\n\t\n<\/div>\n<\/div>\n<div id=\"tab_descargas\" class=\"panel entry-content\" role=\"tabpanel\" aria-labelledby=\"tab-descargas\">\n<div class=\"row\"  id=\"row-1681364067\">\n\n\t<div id=\"col-1206649614\" class=\"col medium-10 small-12 large-10\"  >\n\t\t\t\t<div class=\"col-inner\"  >\n\t\t\t\n\t\t\t\n\t\t<\/div>\n\t\t\t\t\t<\/div>\n\n\t\n<\/div>\n<\/div>\n<div id=\"tab_especificaciones\" class=\"panel entry-content\" role=\"tabpanel\" aria-labelledby=\"tab-especificaciones\">\n<div class=\"row\"  id=\"row-77822059\">\n\n\t<div id=\"col-1983302863\" class=\"col medium-9 small-12 large-9\"  >\n\t\t\t\t<div class=\"col-inner\"  >\n\t\t\t\n\t\t\t\n<div>\n<h3><strong>Especificaciones t\u00e9cnicas<\/strong><\/h3>\n<div><\/div>\n<div>Conexiones: Redes: 2G (850\/900\/1800\/1900 MHz), 3G (WCDMA 2100 MHz), 4G LTE. Wi-Fi 2.4G\/5G, Bluetooth 4.0\/BLE 5.0, NFC, GPS.<\/div>\n<div>Sistema: Android 14 con Google Play.<\/div>\n<div>Hardware: RAM\/ROM: 6 GB\/128 GB (ampliable a 256 GB mediante tarjeta SD); opciones de 4 GB\/64 GB. Pantalla: 6,5\u2033 FULL HD t\u00e1ctil.<\/div>\n<div>C\u00e1maras: Frontal de 8 MP, Trasera de 48 MP (autoenfoque, flash).<\/div>\n<div>Altavoz: 2 W.<\/div>\n<div>Bater\u00eda: 5000 mAh.<\/div>\n<div>Puertos: USB-C, conector de 3,5 mm.<\/div>\n<div>Sensores: Luz, proximidad, aceler\u00f3metro, giroscopio, gravedad, geomagn\u00e9tico.<\/div>\n<div>Durabilidad: IP68.<\/div>\n<div>Certificaciones: Anatel, FCC\/CE\/ROHS, IP68 y MIL-STD-810H para protecci\u00f3n del medio ambiente.<\/div>\n<\/div>\n\t\t<\/div>\n\t\t\t\t\t<\/div>\n\n\t\n<\/div>\n<\/div><\/div><\/div>\n\t\t<\/div>\n\t\t\t\t\t<\/div>\n\n\t\n<\/div>\n\t\t<\/div>\n\t\t\t\t\t<\/div>\n\n\t\n<\/div>\n\t\t<\/div>\n\n\t\t\n<style>\n#section_154927428 {\n  padding-top: 0px;\n  padding-bottom: 0px;\n}\n<\/style>\n\t<\/section>\n\t\n","protected":false},"excerpt":{"rendered":"<h3>Conectividad avanzada, rendimiento robusto y fiabilidad total para operaciones cr\u00edticas.<\/h3>\n<div>Una radio PoC inteligente y robusta, dise\u00f1ada para una comunicaci\u00f3n eficiente, segura y multifuncional en entornos operativos extremos. El S300 Plus es la soluci\u00f3n ideal para equipos que necesitan mantenerse conectados con seguridad, movilidad y estabilidad, independientemente del escenario operativo.<\/div>\n<div><\/div>\n<div>Al combinar la potencia de un smartphone con las funcionalidades de radio PTT sobre celular, el S300 Plus es ideal para sectores como la construcci\u00f3n, la log\u00edstica, las emergencias, la miner\u00eda y la seguridad industrial. Este equipo es compatible con redes 4G LTE, Wi-Fi y Bluetooth 4.0\/BLE 5.0, lo que garantiza una conectividad global con audio n\u00edtido, rastreo GPS en tiempo real, esencial para la coordinaci\u00f3n de equipos en campo, y durabilidad con clasificaci\u00f3n IP68.<\/div>\n","protected":false},"featured_media":22989,"comment_status":"closed","ping_status":"closed","template":"","meta":[],"product_brand":[],"product_cat":[155,160,156,158,166],"product_tag":[],"class_list":{"0":"post-22986","1":"product","2":"type-product","3":"status-publish","4":"has-post-thumbnail","6":"product_cat-linea-profesional","7":"product_cat-ptt-por-celular","8":"product_cat-radios-digitales","9":"product_cat-radios-portatiles","10":"product_cat-smartphone-reforzado","12":"first","13":"instock","14":"shipping-taxable","15":"product-type-simple"},"yoast_head":"<!-- This site is optimized with the Yoast SEO plugin v27.4 - https:\/\/yoast.com\/product\/yoast-seo-wordpress\/ -->\n<title>Radio port\u00e1til S300 Plus - Abix Tecnolog\u00eda<\/title>\n<meta name=\"description\" content=\"Esta evoluci\u00f3n din\u00e1mica de las radios bidireccionales digitales MOTOTRBO\u2122 le ayuda a mejorar su conectividad, seguridad y eficiencia. Eche un vistazo.\" \/>\n<meta name=\"robots\" content=\"index, follow, max-snippet:-1, max-image-preview:large, max-video-preview:-1\" \/>\n<link rel=\"canonical\" href=\"https:\/\/abix.com.br\/es\/produto\/radio-portatil-s300-plus\/\" \/>\n<meta property=\"og:locale\" content=\"es_ES\" \/>\n<meta property=\"og:type\" content=\"article\" \/>\n<meta property=\"og:title\" content=\"Radio port\u00e1til S300 Plus - Abix Tecnolog\u00eda\" \/>\n<meta property=\"og:description\" content=\"Esta evoluci\u00f3n din\u00e1mica de las radios bidireccionales digitales MOTOTRBO\u2122 le ayuda a mejorar su conectividad, seguridad y eficiencia. Eche un vistazo.\" \/>\n<meta property=\"og:url\" content=\"https:\/\/abix.com.br\/es\/produto\/radio-portatil-s300-plus\/\" \/>\n<meta property=\"og:site_name\" content=\"Abix\" \/>\n<meta property=\"article:modified_time\" content=\"2025-12-10T20:15:18+00:00\" \/>\n<meta property=\"og:image\" content=\"https:\/\/abix.com.br\/wp-content\/uploads\/2025\/11\/s300-plus-frontal.webp\" \/>\n\t<meta property=\"og:image:width\" content=\"400\" \/>\n\t<meta property=\"og:image:height\" content=\"715\" \/>\n\t<meta property=\"og:image:type\" content=\"image\/webp\" \/>\n<meta name=\"twitter:card\" content=\"summary_large_image\" \/>\n<meta name=\"twitter:label1\" content=\"Tiempo de lectura\" \/>\n\t<meta name=\"twitter:data1\" content=\"2 minutos\" \/>\n<script type=\"application\/ld+json\" class=\"yoast-schema-graph\">{\"@context\":\"https:\\\/\\\/schema.org\",\"@graph\":[{\"@type\":\"WebPage\",\"@id\":\"https:\\\/\\\/abix.com.br\\\/es\\\/produto\\\/radio-portatil-s300-plus\\\/\",\"url\":\"https:\\\/\\\/abix.com.br\\\/es\\\/produto\\\/radio-portatil-s300-plus\\\/\",\"name\":\"Radio port\u00e1til S300 Plus - Abix Tecnolog\u00eda\",\"isPartOf\":{\"@id\":\"https:\\\/\\\/abix.com.br\\\/#website\"},\"primaryImageOfPage\":{\"@id\":\"https:\\\/\\\/abix.com.br\\\/es\\\/produto\\\/radio-portatil-s300-plus\\\/#primaryimage\"},\"image\":{\"@id\":\"https:\\\/\\\/abix.com.br\\\/es\\\/produto\\\/radio-portatil-s300-plus\\\/#primaryimage\"},\"thumbnailUrl\":\"https:\\\/\\\/abix.com.br\\\/wp-content\\\/uploads\\\/2025\\\/11\\\/s300-plus-frontal.webp\",\"datePublished\":\"2025-11-27T11:11:17+00:00\",\"dateModified\":\"2025-12-10T20:15:18+00:00\",\"description\":\"Esta evoluci\u00f3n din\u00e1mica de las radios bidireccionales digitales MOTOTRBO\u2122 le ayuda a mejorar su conectividad, seguridad y eficiencia. Eche un vistazo.\",\"breadcrumb\":{\"@id\":\"https:\\\/\\\/abix.com.br\\\/es\\\/produto\\\/radio-portatil-s300-plus\\\/#breadcrumb\"},\"inLanguage\":\"es\",\"potentialAction\":[{\"@type\":\"ReadAction\",\"target\":[\"https:\\\/\\\/abix.com.br\\\/es\\\/produto\\\/radio-portatil-s300-plus\\\/\"]}]},{\"@type\":\"ImageObject\",\"inLanguage\":\"es\",\"@id\":\"https:\\\/\\\/abix.com.br\\\/es\\\/produto\\\/radio-portatil-s300-plus\\\/#primaryimage\",\"url\":\"https:\\\/\\\/abix.com.br\\\/wp-content\\\/uploads\\\/2025\\\/11\\\/s300-plus-frontal.webp\",\"contentUrl\":\"https:\\\/\\\/abix.com.br\\\/wp-content\\\/uploads\\\/2025\\\/11\\\/s300-plus-frontal.webp\",\"width\":400,\"height\":715},{\"@type\":\"BreadcrumbList\",\"@id\":\"https:\\\/\\\/abix.com.br\\\/es\\\/produto\\\/radio-portatil-s300-plus\\\/#breadcrumb\",\"itemListElement\":[{\"@type\":\"ListItem\",\"position\":1,\"name\":\"In\u00edcio\",\"item\":\"https:\\\/\\\/abix.com.br\\\/es\\\/\"},{\"@type\":\"ListItem\",\"position\":2,\"name\":\"Tienda\",\"item\":\"https:\\\/\\\/abix.com.br\\\/loja\\\/\"},{\"@type\":\"ListItem\",\"position\":3,\"name\":\"Radio port\u00e1til S300 Plus\"}]},{\"@type\":\"WebSite\",\"@id\":\"https:\\\/\\\/abix.com.br\\\/#website\",\"url\":\"https:\\\/\\\/abix.com.br\\\/\",\"name\":\"Abix\",\"description\":\"\",\"potentialAction\":[{\"@type\":\"SearchAction\",\"target\":{\"@type\":\"EntryPoint\",\"urlTemplate\":\"https:\\\/\\\/abix.com.br\\\/?s={search_term_string}\"},\"query-input\":{\"@type\":\"PropertyValueSpecification\",\"valueRequired\":true,\"valueName\":\"search_term_string\"}}],\"inLanguage\":\"es\"}]}<\/script>\n<!-- \/ Yoast SEO plugin. -->","yoast_head_json":{"title":"Radio port\u00e1til S300 Plus - Abix Tecnolog\u00eda","description":"Esta evoluci\u00f3n din\u00e1mica de las radios bidireccionales digitales MOTOTRBO\u2122 le ayuda a mejorar su conectividad, seguridad y eficiencia. Eche un vistazo.","robots":{"index":"index","follow":"follow","max-snippet":"max-snippet:-1","max-image-preview":"max-image-preview:large","max-video-preview":"max-video-preview:-1"},"canonical":"https:\/\/abix.com.br\/es\/produto\/radio-portatil-s300-plus\/","og_locale":"es_ES","og_type":"article","og_title":"Radio port\u00e1til S300 Plus - Abix Tecnolog\u00eda","og_description":"Esta evoluci\u00f3n din\u00e1mica de las radios bidireccionales digitales MOTOTRBO\u2122 le ayuda a mejorar su conectividad, seguridad y eficiencia. Eche un vistazo.","og_url":"https:\/\/abix.com.br\/es\/produto\/radio-portatil-s300-plus\/","og_site_name":"Abix","article_modified_time":"2025-12-10T20:15:18+00:00","og_image":[{"width":400,"height":715,"url":"https:\/\/abix.com.br\/wp-content\/uploads\/2025\/11\/s300-plus-frontal.webp","type":"image\/webp"}],"twitter_card":"summary_large_image","twitter_misc":{"Tiempo de lectura":"2 minutos"},"schema":{"@context":"https:\/\/schema.org","@graph":[{"@type":"WebPage","@id":"https:\/\/abix.com.br\/es\/produto\/radio-portatil-s300-plus\/","url":"https:\/\/abix.com.br\/es\/produto\/radio-portatil-s300-plus\/","name":"Radio port\u00e1til S300 Plus - Abix Tecnolog\u00eda","isPartOf":{"@id":"https:\/\/abix.com.br\/#website"},"primaryImageOfPage":{"@id":"https:\/\/abix.com.br\/es\/produto\/radio-portatil-s300-plus\/#primaryimage"},"image":{"@id":"https:\/\/abix.com.br\/es\/produto\/radio-portatil-s300-plus\/#primaryimage"},"thumbnailUrl":"https:\/\/abix.com.br\/wp-content\/uploads\/2025\/11\/s300-plus-frontal.webp","datePublished":"2025-11-27T11:11:17+00:00","dateModified":"2025-12-10T20:15:18+00:00","description":"Esta evoluci\u00f3n din\u00e1mica de las radios bidireccionales digitales MOTOTRBO\u2122 le ayuda a mejorar su conectividad, seguridad y eficiencia. Eche un vistazo.","breadcrumb":{"@id":"https:\/\/abix.com.br\/es\/produto\/radio-portatil-s300-plus\/#breadcrumb"},"inLanguage":"es","potentialAction":[{"@type":"ReadAction","target":["https:\/\/abix.com.br\/es\/produto\/radio-portatil-s300-plus\/"]}]},{"@type":"ImageObject","inLanguage":"es","@id":"https:\/\/abix.com.br\/es\/produto\/radio-portatil-s300-plus\/#primaryimage","url":"https:\/\/abix.com.br\/wp-content\/uploads\/2025\/11\/s300-plus-frontal.webp","contentUrl":"https:\/\/abix.com.br\/wp-content\/uploads\/2025\/11\/s300-plus-frontal.webp","width":400,"height":715},{"@type":"BreadcrumbList","@id":"https:\/\/abix.com.br\/es\/produto\/radio-portatil-s300-plus\/#breadcrumb","itemListElement":[{"@type":"ListItem","position":1,"name":"In\u00edcio","item":"https:\/\/abix.com.br\/es\/"},{"@type":"ListItem","position":2,"name":"Tienda","item":"https:\/\/abix.com.br\/loja\/"},{"@type":"ListItem","position":3,"name":"Radio port\u00e1til S300 Plus"}]},{"@type":"WebSite","@id":"https:\/\/abix.com.br\/#website","url":"https:\/\/abix.com.br\/","name":"Abix","description":"","potentialAction":[{"@type":"SearchAction","target":{"@type":"EntryPoint","urlTemplate":"https:\/\/abix.com.br\/?s={search_term_string}"},"query-input":{"@type":"PropertyValueSpecification","valueRequired":true,"valueName":"search_term_string"}}],"inLanguage":"es"}]}},"_links":{"self":[{"href":"https:\/\/abix.com.br\/es\/wp-json\/wp\/v2\/product\/22986","targetHints":{"allow":["GET"]}}],"collection":[{"href":"https:\/\/abix.com.br\/es\/wp-json\/wp\/v2\/product"}],"about":[{"href":"https:\/\/abix.com.br\/es\/wp-json\/wp\/v2\/types\/product"}],"replies":[{"embeddable":true,"href":"https:\/\/abix.com.br\/es\/wp-json\/wp\/v2\/comments?post=22986"}],"wp:featuredmedia":[{"embeddable":true,"href":"https:\/\/abix.com.br\/es\/wp-json\/wp\/v2\/media\/22989"}],"wp:attachment":[{"href":"https:\/\/abix.com.br\/es\/wp-json\/wp\/v2\/media?parent=22986"}],"wp:term":[{"taxonomy":"product_brand","embeddable":true,"href":"https:\/\/abix.com.br\/es\/wp-json\/wp\/v2\/product_brand?post=22986"},{"taxonomy":"product_cat","embeddable":true,"href":"https:\/\/abix.com.br\/es\/wp-json\/wp\/v2\/product_cat?post=22986"},{"taxonomy":"product_tag","embeddable":true,"href":"https:\/\/abix.com.br\/es\/wp-json\/wp\/v2\/product_tag?post=22986"}],"curies":[{"name":"wp","href":"https:\/\/api.w.org\/{rel}","templated":true}]}}