{"id":23011,"date":"2025-11-28T10:18:10","date_gmt":"2025-11-28T13:18:10","guid":{"rendered":"https:\/\/abix.com.br\/?post_type=product&#038;p=23011"},"modified":"2025-11-28T10:41:48","modified_gmt":"2025-11-28T13:41:48","slug":"radio-portatil-mototrbo-dep550-copia-copia-copia-copia-copia-copia-copia","status":"publish","type":"product","link":"https:\/\/abix.com.br\/es\/produto\/radio-portatil-mototrbo-dep550-copia-copia-copia-copia-copia-copia-copia\/","title":{"rendered":"RADIO PORT\u00c1TIL MOTOTRBO &#8211; DEP550 (c\u00f3pia) (c\u00f3pia) (c\u00f3pia) (c\u00f3pia) (c\u00f3pia) (c\u00f3pia) (c\u00f3pia)"},"content":{"rendered":"\n\t<section class=\"section\" id=\"section_261121987\">\n\t\t<div class=\"section-bg fill\" >\n\t\t\t\t\t\t\t\t\t\n\t\t\t\n\n\t\t<\/div>\n\n\t\t\n\n\t\t<div class=\"section-content relative\">\n\t\t\t\n<div class=\"row\"  id=\"row-676173412\">\n\n\t<div id=\"col-1386453537\" class=\"col small-12 large-12\"  >\n\t\t\t\t<div class=\"col-inner\"  >\n\t\t\t\n\t\t\t\n<div class=\"row\"  id=\"row-1318628141\">\n\n\t<div id=\"col-1569487805\" class=\"col small-12 large-12\"  >\n\t\t\t\t<div class=\"col-inner\"  >\n\t\t\t\n\t\t\t\n\n\t\t<div class=\"tabbed-content locacao-tabs\">\n\t\t\t\n\t\t\t<ul class=\"nav nav-tabs nav-normal nav-size-xlarge nav-left active-on-hover\" role=\"tablist\"><li id=\"tab-informaci\u00d3n\" class=\"tab active has-icon\" role=\"presentation\"><a href=\"#tab_informaci\u00d3n\" role=\"tab\" aria-selected=\"true\" aria-controls=\"tab_informaci\u00d3n\"><span>INFORMACI\u00d3N<\/span><\/a><\/li>\n<li id=\"tab-accesorios\" class=\"tab has-icon\" role=\"presentation\"><a href=\"#tab_accesorios\" tabindex=\"-1\" role=\"tab\" aria-selected=\"false\" aria-controls=\"tab_accesorios\"><span>ACCESORIOS<\/span><\/a><\/li>\n<li id=\"tab-descargas\" class=\"tab has-icon\" role=\"presentation\"><a href=\"#tab_descargas\" tabindex=\"-1\" role=\"tab\" aria-selected=\"false\" aria-controls=\"tab_descargas\"><span>DESCARGAS<\/span><\/a><\/li>\n<li id=\"tab-especificaciones\" class=\"tab has-icon\" role=\"presentation\"><a href=\"#tab_especificaciones\" tabindex=\"-1\" role=\"tab\" aria-selected=\"false\" aria-controls=\"tab_especificaciones\"><span>ESPECIFICACIONES<\/span><\/a><\/li><\/ul><div class=\"tab-panels\"><div id=\"tab_informaci\u00d3n\" class=\"panel active entry-content\" role=\"tabpanel\" aria-labelledby=\"tab-informaci\u00d3n\">\n<div class=\"row\"  id=\"row-1857439252\">\n\n\t<div id=\"col-603566671\" class=\"col medium-6 small-12 large-6\"  >\n\t\t\t\t<div class=\"col-inner\"  >\n\t\t\t\n\t\t\t\n<p><strong>CONECTIVIDAD<\/strong><\/p>\n<p>La serie DEP\u2122500e es una familia de radios digitales DMR est\u00e1ndar que ofrecen comunicaciones de voz cr\u00edticas para el funcionamiento. La funci\u00f3n de audio Bluetooth\u00ae le permite hablar de forma inal\u00e1mbrica, y la funci\u00f3n Wi-Fi integrada permite actualizar el software a distancia, lo que le proporciona un control total de su flota de radios. Su compatibilidad con las soluciones troncales b\u00e1sicas y la tecnolog\u00eda anal\u00f3gica existente le permite mantener su organizaci\u00f3n conectada a medida que crece.<\/p>\n<p><strong>SEGURIDAD<\/strong><\/p>\n<p>La serie DEP\u2122500e est\u00e1 dise\u00f1ada para mejorar la seguridad en su organizaci\u00f3n con la capacidad de respuesta r\u00e1pida de las comunicaciones PTT instant\u00e1neas. Incluso si un trabajador no responde, puede activar la radio a distancia para comprobar su estado, asegur\u00e1ndose de que su trabajador est\u00e1 a salvo. Tambi\u00e9n dispone de opciones de privacidad para proteger tus comunicaciones y puede desactivar las radios a distancia si se sospecha que se han perdido.<\/p>\n<p><strong>EFICIENCIA<\/strong><\/p>\n<p>Con la nueva tecnolog\u00eda de cancelaci\u00f3n de ruido y una claridad de audio mejorada, la serie DEP\u2122500e ofrece una excelente calidad de audio para que las comunicaciones en su lugar de trabajo sean claramente inteligibles. Lo \u00faltimo en tecnolog\u00eda de gesti\u00f3n de la energ\u00eda ofrece hasta 27 horas de duraci\u00f3n de la bater\u00eda para tres turnos completos, y la herramienta opcional de gesti\u00f3n de la bater\u00eda por radiofrecuencia IMPRES le ayuda a maximizar el ciclo de vida de la bater\u00eda. Cuenta con un receptor mejorado que ampl\u00eda el alcance hasta un 8%, lo que le permite llegar m\u00e1s lejos que nunca.<\/p>\n\t\t<\/div>\n\t\t\t\t\t<\/div>\n\n\t\n\n\t<div id=\"col-849556523\" class=\"col medium-6 small-12 large-6\"  >\n\t\t\t\t<div class=\"col-inner text-left\"  >\n\t\t\t\n\t\t\t\n\t\t<\/div>\n\t\t\t\t\t<\/div>\n\n\t\n<\/div>\n<\/div>\n<div id=\"tab_accesorios\" class=\"panel entry-content\" role=\"tabpanel\" aria-labelledby=\"tab-accesorios\">\n<div class=\"row align-middle\"  id=\"row-607459501\">\n\n\t<div id=\"col-1657921131\" class=\"col medium-10 small-12 large-10\"  >\n\t\t\t\t<div class=\"col-inner\"  >\n\t\t\t\n\t\t\t\n<p>CONTENIDO<\/p>\n\t\t<\/div>\n\t\t\t\t\t<\/div>\n\n\t\n\n\t<div id=\"col-955468579\" class=\"col medium-2 small-12 large-2\"  >\n\t\t\t\t<div class=\"col-inner\"  >\n\t\t\t\n\t\t\t\n\t\t<\/div>\n\t\t\t\t\t<\/div>\n\n\t\n<\/div>\n<\/div>\n<div id=\"tab_descargas\" class=\"panel entry-content\" role=\"tabpanel\" aria-labelledby=\"tab-descargas\">\n<div class=\"row\"  id=\"row-1205634689\">\n\n\t<div id=\"col-1470885256\" class=\"col medium-10 small-12 large-10\"  >\n\t\t\t\t<div class=\"col-inner\"  >\n\t\t\t\n\t\t\t\n<p><a href=\"https:\/\/www.abix.com.br\/wp-content\/uploads\/Ficha-DEP550.pdf\">Ficha t\u00e9cnica DEP550<\/a><\/p>\n\t\t<\/div>\n\t\t\t\t\t<\/div>\n\n\t\n<\/div>\n<\/div>\n<div id=\"tab_especificaciones\" class=\"panel entry-content\" role=\"tabpanel\" aria-labelledby=\"tab-especificaciones\">\n<div class=\"row\"  id=\"row-118614161\">\n\n\t<div id=\"col-1392374947\" class=\"col medium-9 small-12 large-9\"  >\n\t\t\t\t<div class=\"col-inner\"  >\n\t\t\t\n\t\t\t\n<h3>CARACTER\u00cdSTICAS DE RENDIMIENTO<\/h3>\n<ul>\n<li><strong>Tipo de bater\u00eda est\u00e1ndar<\/strong><\/li>\n<\/ul>\n<p>Litio ionizado<\/p>\n<ul>\n<li><strong>4, 5 vatios<\/strong><\/li>\n<\/ul>\n<p>S\u00ed<\/p>\n<ul>\n<li><strong>Duraci\u00f3n de la bater\u00eda (basada en el ciclo de funcionamiento 5 5 90)<\/strong><\/li>\n<\/ul>\n<p>27 horas<\/p>\n<ul>\n<li><strong>Apto para repetidores<\/strong><\/li>\n<\/ul>\n<p>S\u00ed<\/p>\n<ul>\n<li><strong>Banda de frecuencias<\/strong><\/li>\n<\/ul>\n<p>UHF, 350-400 MHz, VHF<\/p>\n<ul>\n<li><strong>Potencia<\/strong><\/li>\n<\/ul>\n<p>Alta potencia de salida:<br \/>VHF &#8211; 5 W<br \/>350-400 MHz W<br \/>UHF &#8211; 4 W<\/p>\n<p>Baja potencia de salida:<br \/>VHF &#8211; 1 W<br \/>350-400 MHz W<br \/>UHF &#8211; 1 W<\/p>\n<\/p>\n<h3>CARACTER\u00cdSTICAS F\u00cdSICAS<\/h3>\n<ul>\n<li><strong>Dimensiones Al x An x Pr (con bater\u00eda est\u00e1ndar)<\/strong><\/li>\n<\/ul>\n<p>122 x 56 x 36 mm (4,8 x 2,2 x 1,4 pulg.)<\/p>\n<ul>\n<li><strong>Mostrar<\/strong><\/li>\n<\/ul>\n<p>Limitado<\/p>\n<ul>\n<li><strong>Peso (con bater\u00eda est\u00e1ndar)<\/strong><\/li>\n<\/ul>\n<p>281 g (10 oz)<\/p>\n<\/p>\n<h3>TECNOLOG\u00cdA<\/h3>\n<ul>\n<li><strong>Tecnolog\u00eda digital<\/strong><\/li>\n<\/ul>\n<p>S\u00ed<\/p>\n<ul>\n<li><strong>Tipo de sistema<\/strong><\/li>\n<\/ul>\n<p>Convencional, Capacity Plus (opcional), IP Site Connect (opcional)<\/p>\n<\/p>\n<h3>ENTORNO DE USUARIO<\/h3>\n<ul>\n<li><strong>Especificaciones militares<\/strong><\/li>\n<\/ul>\n<p>810 C, 810 D, 810 E, 810 F, 810 G<\/p>\n<ul>\n<li><strong>Normas IP<\/strong><\/li>\n<\/ul>\n<p>IP67<\/p>\n<h3>RECURSOS RADIOF\u00d3NICOS<\/h3>\n<ul>\n<li><strong>Bloqueo de canal ocupado<\/strong><\/li>\n<\/ul>\n<p>S\u00ed<\/p>\n<ul>\n<li><strong>Desv\u00edo de llamadas<\/strong><\/li>\n<\/ul>\n<p>S\u00ed<\/p>\n<ul>\n<li><strong>B\u00fasqueda de canales<\/strong><\/li>\n<\/ul>\n<p>S\u00ed<\/p>\n<ul>\n<li><strong>Separaci\u00f3n entre canales<\/strong><\/li>\n<\/ul>\n<p>12,5 kHz, 20 kHz, 25 kHz<\/p>\n<ul>\n<li><strong>Alertas de llamadas perdidas<\/strong><\/li>\n<\/ul>\n<p>S\u00ed<\/p>\n<ul>\n<li><strong>Llamada de grupo<\/strong><\/li>\n<\/ul>\n<p>S\u00ed<\/p>\n<ul>\n<li><strong>Tipos de lectura<\/strong><\/li>\n<\/ul>\n<p>Normal, Prioridad, Doble prioridad, Exclusi\u00f3n de canales no deseados, Conversaci\u00f3n en grupo, Todo el grupo, Sistema, Volver al estado inicial<\/p>\n<ul>\n<li><strong>Temporizador<\/strong><\/li>\n<\/ul>\n<p>S\u00ed<\/p>\n<ul>\n<li><strong>Botones programables<\/strong><\/li>\n<\/ul>\n<p>S\u00ed<\/p>\n<ul>\n<li><strong>Se\u00f1alizaci\u00f3n<\/strong><\/li>\n<\/ul>\n<p>MDC (codificaci\u00f3n\/descodificaci\u00f3n), Quik-Call II (codificaci\u00f3n\/descodificaci\u00f3n)<\/p>\n<ul>\n<li><strong>Trabajador solitario<\/strong><\/li>\n<\/ul>\n<p>S\u00ed<\/p>\n<ul>\n<li><strong>L\u00ednea privada<\/strong><\/li>\n<\/ul>\n<p>S\u00ed<\/p>\n<ul>\n<li><strong>Interrupci\u00f3n de la transmisi\u00f3n<\/strong><\/li>\n<\/ul>\n<p>s\u00ed<\/p>\n<ul>\n<li><strong>Desv\u00edo de llamadas<\/strong><\/li>\n<\/ul>\n<p>S\u00ed<\/p>\n<ul>\n<li><strong>Identificador de llamadas<\/strong><\/li>\n<\/ul>\n<p>S\u00ed<\/p>\n<ul>\n<li><strong>N\u00famero de canales<\/strong><\/li>\n<\/ul>\n<p>Modelo de teclado limitado (LKP) &#8211; 128 canales<br \/>Modelo sin teclado (NKP) &#8211; 32 canales<\/p>\n<ul>\n<li><strong>Software de programaci\u00f3n de clientes (CPS)<\/strong><\/li>\n<\/ul>\n<p>S\u00ed<\/p>\n<ul>\n<li><strong>Llamada individual<\/strong><\/li>\n<\/ul>\n<p>S\u00ed<\/p>\n<ul>\n<li><strong>Agenda telef\u00f3nica<\/strong><\/li>\n<\/ul>\n<p>S\u00ed<\/p>\n<ul>\n<li><strong>Comunicaci\u00f3n directa<\/strong><\/li>\n<\/ul>\n<p>S\u00ed<\/p>\n<ul>\n<li><strong>Transmisi\u00f3n con portadora interrumpida (VOX)<\/strong><\/li>\n<\/ul>\n<p>S\u00ed<\/p>\n<ul>\n<li><strong>Audio inteligente<\/strong><\/li>\n<\/ul>\n<p>S\u00ed<\/p>\n<ul>\n<li><strong>Anuncio de voz<\/strong><\/li>\n<\/ul>\n<p>S\u00ed<\/p>\n<ul>\n<li><strong>Monitor permanente<\/strong><\/li>\n<\/ul>\n<p>S\u00ed<\/p>\n<ul>\n<li><strong>L\u00ednea privada digital<\/strong><\/li>\n<\/ul>\n<p>S\u00ed<\/p>\n<ul>\n<li><strong>Mayor privacidad<\/strong><\/li>\n<\/ul>\n<p>Opcional<\/p>\n\t\t<\/div>\n\t\t\t\t\t<\/div>\n\n\t\n<\/div>\n<\/div><\/div><\/div>\n\t\t<\/div>\n\t\t\t\t\t<\/div>\n\n\t\n<\/div>\n\t\t<\/div>\n\t\t\t\t\t<\/div>\n\n\t\n<\/div>\n\t\t<\/div>\n\n\t\t\n<style>\n#section_261121987 {\n  padding-top: 0px;\n  padding-bottom: 0px;\n}\n<\/style>\n\t<\/section>\n\t\n","protected":false},"excerpt":{"rendered":"<p style=\"text-align: justify;\">Esta evoluci\u00f3n din\u00e1mica de las radios bidireccionales digitales MOTOTRBO\u2122 le ayuda a mejorar su conectividad, seguridad y eficiencia. La Serie DEP\u2122 500e est\u00e1 dise\u00f1ada para el trabajador corriente que siempre necesita comunicaciones eficientes. Con un audio potente y claro y compatibilidad con sistemas, estas radios de \u00faltima generaci\u00f3n ofrecen una conectividad rentable para su organizaci\u00f3n.<\/p>\n<p style=\"text-align: justify;\">Esta es la novedad de estas radios de \u00faltima generaci\u00f3n:<\/p>\n<ul style=\"text-align: justify;\">\n<li>Wi-Fi integrado<\/li>\n<li>Actualizaciones de software v\u00eda WiFi<\/li>\n<li>Bluetooth\u00ae 4.0*.<\/li>\n<li>Calidad de audio mejorada<\/li>\n<li>Capacidad de aumento mejorada<\/li>\n<li>Mayor duraci\u00f3n de la bater\u00eda (hasta 29 horas)<\/li>\n<li>Mayor alcance (hasta un 8%)<\/li>\n<li>Mayor resistencia al agua y al polvo (IP67)<\/li>\n<\/ul>\n","protected":false},"featured_media":23012,"comment_status":"closed","ping_status":"closed","template":"","meta":[],"product_brand":[],"product_cat":[155,160,156,176],"product_tag":[],"class_list":{"0":"post-23011","1":"product","2":"type-product","3":"status-publish","4":"has-post-thumbnail","6":"product_cat-linea-profesional","7":"product_cat-ptt-por-celular","8":"product_cat-radios-digitales","9":"product_cat-radios-moviles","11":"first","12":"instock","13":"shipping-taxable","14":"product-type-simple"},"yoast_head":"<!-- This site is optimized with the Yoast SEO plugin v27.3 - https:\/\/yoast.com\/product\/yoast-seo-wordpress\/ -->\n<title>RADIO PORT\u00c1TIL MOTOTRBO - DEP550 (c\u00f3pia) (c\u00f3pia) (c\u00f3pia) (c\u00f3pia) (c\u00f3pia) (c\u00f3pia) (c\u00f3pia) - Abix Tecnolog\u00eda<\/title>\n<meta name=\"description\" content=\"Esta evoluci\u00f3n din\u00e1mica de las radios bidireccionales digitales MOTOTRBO\u2122 le ayuda a mejorar su conectividad, seguridad y eficiencia. Eche un vistazo.\" \/>\n<meta name=\"robots\" content=\"index, follow, max-snippet:-1, max-image-preview:large, max-video-preview:-1\" \/>\n<link rel=\"canonical\" href=\"https:\/\/abix.com.br\/es\/produto\/radio-portatil-mototrbo-dep550-copia-copia-copia-copia-copia-copia-copia\/\" \/>\n<meta property=\"og:locale\" content=\"es_ES\" \/>\n<meta property=\"og:type\" content=\"article\" \/>\n<meta property=\"og:title\" content=\"RADIO PORT\u00c1TIL MOTOTRBO - DEP550 (c\u00f3pia) (c\u00f3pia) (c\u00f3pia) (c\u00f3pia) (c\u00f3pia) (c\u00f3pia) (c\u00f3pia) - Abix Tecnolog\u00eda\" \/>\n<meta property=\"og:description\" content=\"Esta evoluci\u00f3n din\u00e1mica de las radios bidireccionales digitales MOTOTRBO\u2122 le ayuda a mejorar su conectividad, seguridad y eficiencia. Eche un vistazo.\" \/>\n<meta property=\"og:url\" content=\"https:\/\/abix.com.br\/es\/produto\/radio-portatil-mototrbo-dep550-copia-copia-copia-copia-copia-copia-copia\/\" \/>\n<meta property=\"og:site_name\" content=\"Abix\" \/>\n<meta property=\"article:modified_time\" content=\"2025-11-28T13:41:48+00:00\" \/>\n<meta name=\"twitter:card\" content=\"summary_large_image\" \/>\n<meta name=\"twitter:label1\" content=\"Tiempo de lectura\" \/>\n\t<meta name=\"twitter:data1\" content=\"3 minutos\" \/>\n<script type=\"application\/ld+json\" class=\"yoast-schema-graph\">{\"@context\":\"https:\\\/\\\/schema.org\",\"@graph\":[{\"@type\":\"WebPage\",\"@id\":\"https:\\\/\\\/abix.com.br\\\/es\\\/produto\\\/radio-portatil-mototrbo-dep550-copia-copia-copia-copia-copia-copia-copia\\\/\",\"url\":\"https:\\\/\\\/abix.com.br\\\/es\\\/produto\\\/radio-portatil-mototrbo-dep550-copia-copia-copia-copia-copia-copia-copia\\\/\",\"name\":\"RADIO PORT\u00c1TIL MOTOTRBO - DEP550 (c\u00f3pia) (c\u00f3pia) (c\u00f3pia) (c\u00f3pia) (c\u00f3pia) (c\u00f3pia) (c\u00f3pia) - Abix Tecnolog\u00eda\",\"isPartOf\":{\"@id\":\"https:\\\/\\\/abix.com.br\\\/#website\"},\"primaryImageOfPage\":{\"@id\":\"https:\\\/\\\/abix.com.br\\\/es\\\/produto\\\/radio-portatil-mototrbo-dep550-copia-copia-copia-copia-copia-copia-copia\\\/#primaryimage\"},\"image\":{\"@id\":\"https:\\\/\\\/abix.com.br\\\/es\\\/produto\\\/radio-portatil-mototrbo-dep550-copia-copia-copia-copia-copia-copia-copia\\\/#primaryimage\"},\"thumbnailUrl\":\"https:\\\/\\\/abix.com.br\\\/wp-content\\\/uploads\\\/2025\\\/11\\\/MT-7PLUS.webp\",\"datePublished\":\"2025-11-28T13:18:10+00:00\",\"dateModified\":\"2025-11-28T13:41:48+00:00\",\"description\":\"Esta evoluci\u00f3n din\u00e1mica de las radios bidireccionales digitales MOTOTRBO\u2122 le ayuda a mejorar su conectividad, seguridad y eficiencia. Eche un vistazo.\",\"breadcrumb\":{\"@id\":\"https:\\\/\\\/abix.com.br\\\/es\\\/produto\\\/radio-portatil-mototrbo-dep550-copia-copia-copia-copia-copia-copia-copia\\\/#breadcrumb\"},\"inLanguage\":\"es\",\"potentialAction\":[{\"@type\":\"ReadAction\",\"target\":[\"https:\\\/\\\/abix.com.br\\\/es\\\/produto\\\/radio-portatil-mototrbo-dep550-copia-copia-copia-copia-copia-copia-copia\\\/\"]}]},{\"@type\":\"ImageObject\",\"inLanguage\":\"es\",\"@id\":\"https:\\\/\\\/abix.com.br\\\/es\\\/produto\\\/radio-portatil-mototrbo-dep550-copia-copia-copia-copia-copia-copia-copia\\\/#primaryimage\",\"url\":\"https:\\\/\\\/abix.com.br\\\/wp-content\\\/uploads\\\/2025\\\/11\\\/MT-7PLUS.webp\",\"contentUrl\":\"https:\\\/\\\/abix.com.br\\\/wp-content\\\/uploads\\\/2025\\\/11\\\/MT-7PLUS.webp\",\"width\":1000,\"height\":1000},{\"@type\":\"BreadcrumbList\",\"@id\":\"https:\\\/\\\/abix.com.br\\\/es\\\/produto\\\/radio-portatil-mototrbo-dep550-copia-copia-copia-copia-copia-copia-copia\\\/#breadcrumb\",\"itemListElement\":[{\"@type\":\"ListItem\",\"position\":1,\"name\":\"In\u00edcio\",\"item\":\"https:\\\/\\\/abix.com.br\\\/es\\\/\"},{\"@type\":\"ListItem\",\"position\":2,\"name\":\"Tienda\",\"item\":\"https:\\\/\\\/abix.com.br\\\/loja\\\/\"},{\"@type\":\"ListItem\",\"position\":3,\"name\":\"RADIO PORT\u00c1TIL MOTOTRBO &#8211; DEP550 (c\u00f3pia) (c\u00f3pia) (c\u00f3pia) (c\u00f3pia) (c\u00f3pia) (c\u00f3pia) (c\u00f3pia)\"}]},{\"@type\":\"WebSite\",\"@id\":\"https:\\\/\\\/abix.com.br\\\/#website\",\"url\":\"https:\\\/\\\/abix.com.br\\\/\",\"name\":\"Abix\",\"description\":\"\",\"potentialAction\":[{\"@type\":\"SearchAction\",\"target\":{\"@type\":\"EntryPoint\",\"urlTemplate\":\"https:\\\/\\\/abix.com.br\\\/?s={search_term_string}\"},\"query-input\":{\"@type\":\"PropertyValueSpecification\",\"valueRequired\":true,\"valueName\":\"search_term_string\"}}],\"inLanguage\":\"es\"}]}<\/script>\n<!-- \/ Yoast SEO plugin. -->","yoast_head_json":{"title":"RADIO PORT\u00c1TIL MOTOTRBO - DEP550 (c\u00f3pia) (c\u00f3pia) (c\u00f3pia) (c\u00f3pia) (c\u00f3pia) (c\u00f3pia) (c\u00f3pia) - Abix Tecnolog\u00eda","description":"Esta evoluci\u00f3n din\u00e1mica de las radios bidireccionales digitales MOTOTRBO\u2122 le ayuda a mejorar su conectividad, seguridad y eficiencia. Eche un vistazo.","robots":{"index":"index","follow":"follow","max-snippet":"max-snippet:-1","max-image-preview":"max-image-preview:large","max-video-preview":"max-video-preview:-1"},"canonical":"https:\/\/abix.com.br\/es\/produto\/radio-portatil-mototrbo-dep550-copia-copia-copia-copia-copia-copia-copia\/","og_locale":"es_ES","og_type":"article","og_title":"RADIO PORT\u00c1TIL MOTOTRBO - DEP550 (c\u00f3pia) (c\u00f3pia) (c\u00f3pia) (c\u00f3pia) (c\u00f3pia) (c\u00f3pia) (c\u00f3pia) - Abix Tecnolog\u00eda","og_description":"Esta evoluci\u00f3n din\u00e1mica de las radios bidireccionales digitales MOTOTRBO\u2122 le ayuda a mejorar su conectividad, seguridad y eficiencia. Eche un vistazo.","og_url":"https:\/\/abix.com.br\/es\/produto\/radio-portatil-mototrbo-dep550-copia-copia-copia-copia-copia-copia-copia\/","og_site_name":"Abix","article_modified_time":"2025-11-28T13:41:48+00:00","twitter_card":"summary_large_image","twitter_misc":{"Tiempo de lectura":"3 minutos"},"schema":{"@context":"https:\/\/schema.org","@graph":[{"@type":"WebPage","@id":"https:\/\/abix.com.br\/es\/produto\/radio-portatil-mototrbo-dep550-copia-copia-copia-copia-copia-copia-copia\/","url":"https:\/\/abix.com.br\/es\/produto\/radio-portatil-mototrbo-dep550-copia-copia-copia-copia-copia-copia-copia\/","name":"RADIO PORT\u00c1TIL MOTOTRBO - DEP550 (c\u00f3pia) (c\u00f3pia) (c\u00f3pia) (c\u00f3pia) (c\u00f3pia) (c\u00f3pia) (c\u00f3pia) - Abix Tecnolog\u00eda","isPartOf":{"@id":"https:\/\/abix.com.br\/#website"},"primaryImageOfPage":{"@id":"https:\/\/abix.com.br\/es\/produto\/radio-portatil-mototrbo-dep550-copia-copia-copia-copia-copia-copia-copia\/#primaryimage"},"image":{"@id":"https:\/\/abix.com.br\/es\/produto\/radio-portatil-mototrbo-dep550-copia-copia-copia-copia-copia-copia-copia\/#primaryimage"},"thumbnailUrl":"https:\/\/abix.com.br\/wp-content\/uploads\/2025\/11\/MT-7PLUS.webp","datePublished":"2025-11-28T13:18:10+00:00","dateModified":"2025-11-28T13:41:48+00:00","description":"Esta evoluci\u00f3n din\u00e1mica de las radios bidireccionales digitales MOTOTRBO\u2122 le ayuda a mejorar su conectividad, seguridad y eficiencia. Eche un vistazo.","breadcrumb":{"@id":"https:\/\/abix.com.br\/es\/produto\/radio-portatil-mototrbo-dep550-copia-copia-copia-copia-copia-copia-copia\/#breadcrumb"},"inLanguage":"es","potentialAction":[{"@type":"ReadAction","target":["https:\/\/abix.com.br\/es\/produto\/radio-portatil-mototrbo-dep550-copia-copia-copia-copia-copia-copia-copia\/"]}]},{"@type":"ImageObject","inLanguage":"es","@id":"https:\/\/abix.com.br\/es\/produto\/radio-portatil-mototrbo-dep550-copia-copia-copia-copia-copia-copia-copia\/#primaryimage","url":"https:\/\/abix.com.br\/wp-content\/uploads\/2025\/11\/MT-7PLUS.webp","contentUrl":"https:\/\/abix.com.br\/wp-content\/uploads\/2025\/11\/MT-7PLUS.webp","width":1000,"height":1000},{"@type":"BreadcrumbList","@id":"https:\/\/abix.com.br\/es\/produto\/radio-portatil-mototrbo-dep550-copia-copia-copia-copia-copia-copia-copia\/#breadcrumb","itemListElement":[{"@type":"ListItem","position":1,"name":"In\u00edcio","item":"https:\/\/abix.com.br\/es\/"},{"@type":"ListItem","position":2,"name":"Tienda","item":"https:\/\/abix.com.br\/loja\/"},{"@type":"ListItem","position":3,"name":"RADIO PORT\u00c1TIL MOTOTRBO &#8211; DEP550 (c\u00f3pia) (c\u00f3pia) (c\u00f3pia) (c\u00f3pia) (c\u00f3pia) (c\u00f3pia) (c\u00f3pia)"}]},{"@type":"WebSite","@id":"https:\/\/abix.com.br\/#website","url":"https:\/\/abix.com.br\/","name":"Abix","description":"","potentialAction":[{"@type":"SearchAction","target":{"@type":"EntryPoint","urlTemplate":"https:\/\/abix.com.br\/?s={search_term_string}"},"query-input":{"@type":"PropertyValueSpecification","valueRequired":true,"valueName":"search_term_string"}}],"inLanguage":"es"}]}},"_links":{"self":[{"href":"https:\/\/abix.com.br\/es\/wp-json\/wp\/v2\/product\/23011","targetHints":{"allow":["GET"]}}],"collection":[{"href":"https:\/\/abix.com.br\/es\/wp-json\/wp\/v2\/product"}],"about":[{"href":"https:\/\/abix.com.br\/es\/wp-json\/wp\/v2\/types\/product"}],"replies":[{"embeddable":true,"href":"https:\/\/abix.com.br\/es\/wp-json\/wp\/v2\/comments?post=23011"}],"wp:featuredmedia":[{"embeddable":true,"href":"https:\/\/abix.com.br\/es\/wp-json\/wp\/v2\/media\/23012"}],"wp:attachment":[{"href":"https:\/\/abix.com.br\/es\/wp-json\/wp\/v2\/media?parent=23011"}],"wp:term":[{"taxonomy":"product_brand","embeddable":true,"href":"https:\/\/abix.com.br\/es\/wp-json\/wp\/v2\/product_brand?post=23011"},{"taxonomy":"product_cat","embeddable":true,"href":"https:\/\/abix.com.br\/es\/wp-json\/wp\/v2\/product_cat?post=23011"},{"taxonomy":"product_tag","embeddable":true,"href":"https:\/\/abix.com.br\/es\/wp-json\/wp\/v2\/product_tag?post=23011"}],"curies":[{"name":"wp","href":"https:\/\/api.w.org\/{rel}","templated":true}]}}