{"id":23053,"date":"2025-11-28T15:10:21","date_gmt":"2025-11-28T18:10:21","guid":{"rendered":"https:\/\/abix.com.br\/?post_type=product&#038;p=23053"},"modified":"2025-12-11T15:31:46","modified_gmt":"2025-12-11T18:31:46","slug":"camara-sd9384-ehl","status":"publish","type":"product","link":"https:\/\/abix.com.br\/es\/produto\/camara-sd9384-ehl\/","title":{"rendered":"C\u00e1mara SD9384-EHL"},"content":{"rendered":"\n\t<section class=\"section\" id=\"section_199567315\">\n\t\t<div class=\"section-bg fill\" >\n\t\t\t\t\t\t\t\t\t\n\t\t\t\n\n\t\t<\/div>\n\n\t\t\n\n\t\t<div class=\"section-content relative\">\n\t\t\t\n<div class=\"row\"  id=\"row-1536940586\">\n\n\t<div id=\"col-1931207972\" class=\"col small-12 large-12\"  >\n\t\t\t\t<div class=\"col-inner\"  >\n\t\t\t\n\t\t\t\n<div class=\"row\"  id=\"row-481477893\">\n\n\t<div id=\"col-2145540666\" class=\"col small-12 large-12\"  >\n\t\t\t\t<div class=\"col-inner\"  >\n\t\t\t\n\t\t\t\n\n\t\t<div class=\"tabbed-content locacao-tabs\">\n\t\t\t\n\t\t\t<ul class=\"nav nav-tabs nav-normal nav-size-xlarge nav-left active-on-hover\" role=\"tablist\"><li id=\"tab-informaci\u00d3n\" class=\"tab active has-icon\" role=\"presentation\"><a href=\"#tab_informaci\u00d3n\" role=\"tab\" aria-selected=\"true\" aria-controls=\"tab_informaci\u00d3n\"><span>INFORMACI\u00d3N<\/span><\/a><\/li>\n<li id=\"tab-accesorios\" class=\"tab has-icon\" role=\"presentation\"><a href=\"#tab_accesorios\" tabindex=\"-1\" role=\"tab\" aria-selected=\"false\" aria-controls=\"tab_accesorios\"><span>ACCESORIOS<\/span><\/a><\/li>\n<li id=\"tab-descargas\" class=\"tab has-icon\" role=\"presentation\"><a href=\"#tab_descargas\" tabindex=\"-1\" role=\"tab\" aria-selected=\"false\" aria-controls=\"tab_descargas\"><span>DESCARGAS<\/span><\/a><\/li>\n<li id=\"tab-especificaciones\" class=\"tab has-icon\" role=\"presentation\"><a href=\"#tab_especificaciones\" tabindex=\"-1\" role=\"tab\" aria-selected=\"false\" aria-controls=\"tab_especificaciones\"><span>ESPECIFICACIONES<\/span><\/a><\/li><\/ul><div class=\"tab-panels\"><div id=\"tab_informaci\u00d3n\" class=\"panel active entry-content\" role=\"tabpanel\" aria-labelledby=\"tab-informaci\u00d3n\">\n<div class=\"row\"  id=\"row-1158303116\">\n\n\t<div id=\"col-1414540562\" class=\"col medium-6 small-12 large-6\"  >\n\t\t\t\t<div class=\"col-inner\"  >\n\t\t\t\n\t\t\t\n<h3>Caracter\u00edsticas principales<\/h3>\n<div>Resoluci\u00f3n e imagen: 5 MP (2560\u00d71920) a 30 fps, con un sensor CMOS progresivo de 1\/2,8\u2033 para un detalle excepcional.<\/div>\n<div>Zoom y PTZ: Lente varifocal de 4,94-148,24 mm con zoom \u00f3ptico de 30x y enfoque autom\u00e1tico; giro horizontal continuo de 360\u00b0 e inclinaci\u00f3n de -20\u00b0 a 90\u00b0 (giro autom\u00e1tico).<\/div>\n<div>Visi\u00f3n nocturna: Infrarrojos inteligentes de hasta 200 m, que evitan puntos calientes y garantizan una iluminaci\u00f3n uniforme en un amplio campo.<\/div>\n<div>Procesamiento de imagen: WDR Pro (120 dB) para alto contraste, estabilizaci\u00f3n electr\u00f3nica de imagen (EIS) con giroscopio, desempa\u00f1ador, 3DNR y modos de escena.<\/div>\n<div>Inteligencia artificial: Seguimiento inteligente avanzado para el seguimiento autom\u00e1tico de personas y veh\u00edculos; VCA inteligente (intrusi\u00f3n, cruce de l\u00ednea, objeto abandonado\/retirado, detecci\u00f3n facial, infracci\u00f3n de estacionamiento, zona restringida). Clasificaci\u00f3n de objetos (g\u00e9nero\/color de ropa\/accesorios para personas; tipo\/color para veh\u00edculos).<\/div>\n<div>Audio e integraci\u00f3n: Audio bidireccional; compatible con los perfiles ONVIF G, S y T; compatible con PoE.<\/div>\n<div>Durabilidad: Protecci\u00f3n IP66 (resistente al agua y al polvo), IK10 (antivandalismo) y NEMA 4X (corrosi\u00f3n); rango de temperatura: -40 \u00b0C a +60 \u00b0C.<\/div>\n<div>Seguridad: Trend Micro IoT Security para ciberseguridad; cumple con la NDAA.<\/div>\n<div><\/div>\n<div>Aplicaciones: Monitoreo de \u00e1reas extensas con seguimiento autom\u00e1tico de objetivos.<\/div>\n\t\t<\/div>\n\t\t\t\t\t<\/div>\n\n\t\n\n\t<div id=\"col-31741660\" class=\"col medium-6 small-12 large-6\"  >\n\t\t\t\t<div class=\"col-inner text-left\"  >\n\t\t\t\n\t\t\t\n\t\t<\/div>\n\t\t\t\t\t<\/div>\n\n\t\n<\/div>\n<\/div>\n<div id=\"tab_accesorios\" class=\"panel entry-content\" role=\"tabpanel\" aria-labelledby=\"tab-accesorios\">\n<div class=\"row align-middle\"  id=\"row-312275062\">\n\n\t<div id=\"col-85300538\" class=\"col medium-10 small-12 large-10\"  >\n\t\t\t\t<div class=\"col-inner\"  >\n\t\t\t\n\t\t\t\n<p>CONTENIDO<\/p>\n\t\t<\/div>\n\t\t\t\t\t<\/div>\n\n\t\n\n\t<div id=\"col-1153220962\" class=\"col medium-2 small-12 large-2\"  >\n\t\t\t\t<div class=\"col-inner\"  >\n\t\t\t\n\t\t\t\n\t\t<\/div>\n\t\t\t\t\t<\/div>\n\n\t\n<\/div>\n<\/div>\n<div id=\"tab_descargas\" class=\"panel entry-content\" role=\"tabpanel\" aria-labelledby=\"tab-descargas\">\n<div class=\"row\"  id=\"row-1954393149\">\n\n\t<div id=\"col-623998954\" class=\"col medium-10 small-12 large-10\"  >\n\t\t\t\t<div class=\"col-inner\"  >\n\t\t\t\n\t\t\t\n\t\t<\/div>\n\t\t\t\t\t<\/div>\n\n\t\n<\/div>\n<\/div>\n<div id=\"tab_especificaciones\" class=\"panel entry-content\" role=\"tabpanel\" aria-labelledby=\"tab-especificaciones\">\n<div class=\"row\"  id=\"row-323360829\">\n\n\t<div id=\"col-496392266\" class=\"col medium-9 small-12 large-9\"  >\n\t\t\t\t<div class=\"col-inner\"  >\n\t\t\t\n\t\t\t\n<h3>ESPECIFICACIONES T\u00c9CNICAS<\/h3>\n<p>CPU del sistema: SoC multimedia; RAM: 2 GB; Flash: 8 GB.<br \/>\nSensor de la c\u00e1mara: CMOS progresivo de 1\/2,8\u2033; Resoluci\u00f3n m\u00e1xima: 2560\u00d71920 (5 MP) a 30 fps; Lente varifocal de 4,94-148,24 mm, f\/1,5-4,8, zoom \u00f3ptico de 30x, enfoque autom\u00e1tico; Campo de visi\u00f3n horizontal: de 54,1\u00b0 a 1,9\u00b0.<br \/>\nVisi\u00f3n nocturna por infrarrojos: Hasta 200 m con Smart IR (evita puntos calientes).<br \/>\nC\u00f3decs y compresi\u00f3n: H.265, H.264, MJPEG; Smart Stream III.<br \/>\nFunciones de imagen: WDR Pro (120 dB), EIS (con giroscopio), desempa\u00f1ador, 3DNR, SNV, modos de escena; ICR (filtro IR extra\u00edble).<br \/>\nAn\u00e1lisis: Seguimiento inteligente avanzado con IA. VCA inteligente (intrusi\u00f3n, permanencia, cruce de l\u00ednea, objeto abandonado\/retirado, detecci\u00f3n facial, infracci\u00f3n de estacionamiento, zona restringida); Clasificaci\u00f3n: Personas (g\u00e9nero, color de ropa, bolso, sombrero), Veh\u00edculos (tipo, color).<br \/>\nPanor\u00e1mica PTZ: 360\u00b0 continuo; Inclinaci\u00f3n: -20\u00b0 a 90\u00b0 (giro autom\u00e1tico); Velocidad: Panor\u00e1mica de 0,5\u00b0\/s a 120\u00b0\/s, Inclinaci\u00f3n de 0,5\u00b0\/s a 80\u00b0\/s.<br \/>\nAudio: Bidireccional (micr\u00f3fono y altavoz integrados).<br \/>\nDurabilidad: IP66, IK10, NEMA 4X; Temperatura: -40 \u00b0C a +60 \u00b0C; Humedad: 90 % (sin condensaci\u00f3n).<br \/>\nRed: Ethernet 10\/100 Mbps; PoE (IEEE802.3at); Protocolos: ONVIF, SNMP, etc.<br \/>\nGeneral: Consumo de energ\u00eda: M\u00e1x. 25 W; Dimensiones: \u00d8 175 x 310 mm; Peso: 3 kg.<\/p>\n\t\t<\/div>\n\t\t\t\t\t<\/div>\n\n\t\n<\/div>\n<\/div><\/div><\/div>\n\t\t<\/div>\n\t\t\t\t\t<\/div>\n\n\t\n<\/div>\n\t\t<\/div>\n\t\t\t\t\t<\/div>\n\n\t\n<\/div>\n\t\t<\/div>\n\n\t\t\n<style>\n#section_199567315 {\n  padding-top: 0px;\n  padding-bottom: 0px;\n}\n<\/style>\n\t<\/section>\n\t\n","protected":false},"excerpt":{"rendered":"<h3>Vigilancia Inteligente de Largo Alcance<\/h3>\n<div>La SD9384-EHL es una c\u00e1mara domo de velocidad PTZ con IA de alto rendimiento dise\u00f1ada para monitorear \u00e1reas extensas con absoluta precisi\u00f3n. Dise\u00f1ada por Vivotek para operaciones cr\u00edticas, ofrece visi\u00f3n detallada de largo alcance, seguimiento autom\u00e1tico inteligente y una robustez extrema, ideal para aeropuertos, vigilancia urbana, puertos, industrias y cualquier entorno donde la seguridad sea infalible.<\/div>\n<div><\/div>\n<div>Con zoom \u00f3ptico de 30x e iluminadores infrarrojos con un alcance de hasta 200 metros, la SD9384-EHL captura detalles n\u00edtidos de d\u00eda y de noche, manteniendo la calidad incluso en \u00e1reas extensas o en situaciones de poca luz. La inteligencia artificial integrada lleva la operaci\u00f3n a otro nivel: Smart Tracking Advanced identifica y rastrea autom\u00e1ticamente a personas y veh\u00edculos, lo que reduce las falsas alarmas y hace que la vigilancia sea mucho m\u00e1s proactiva.<\/div>\n<div><\/div>\n<div>Para entornos exteriores exigentes, la c\u00e1mara cuenta con estabilizaci\u00f3n EIS con giroscopio, lo que garantiza im\u00e1genes estables incluso con vientos fuertes o vibraciones constantes, ideal para torres, postes altos, zonas portuarias y estructuras industriales. Adem\u00e1s, su construcci\u00f3n combina las clasificaciones IP66, IK10 y NEMA 4X, lo que ofrece una resistencia comprobada a lluvias intensas, polvo, corrosi\u00f3n e impactos.<\/div>\n<div><\/div>\n<div>El SD9384-EHL tambi\u00e9n destaca por su eficiencia operativa: la tecnolog\u00eda H.265 reduce el consumo de ancho de banda y almacenamiento hasta en un 50 %, mientras que la ciberseguridad integrada de Trend Micro protege contra las amenazas del IoT, garantizando el cumplimiento normativo en proyectos sensibles y entornos de misi\u00f3n cr\u00edtica.<\/div>\n<div><\/div>\n<div>Con clasificaci\u00f3n inteligente de objetos, robustez industrial e IA avanzada, el SD9384-EHL ofrece vigilancia de largo alcance, reducci\u00f3n de costes y una respuesta m\u00e1s r\u00e1pida ante incidentes, todo en una \u00fanica soluci\u00f3n dise\u00f1ada para quienes exigen un rendimiento superior a la media.<\/div>\n","protected":false},"featured_media":23056,"comment_status":"closed","ping_status":"closed","template":"","meta":[],"product_brand":[],"product_cat":[178,226],"product_tag":[],"class_list":{"0":"post-23053","1":"product","2":"type-product","3":"status-publish","4":"has-post-thumbnail","6":"product_cat-cctv","7":"product_cat-ptz","9":"first","10":"instock","11":"shipping-taxable","12":"product-type-simple"},"yoast_head":"<!-- This site is optimized with the Yoast SEO plugin v27.4 - https:\/\/yoast.com\/product\/yoast-seo-wordpress\/ -->\n<title>C\u00e1mara SD9384-EHL - Abix<\/title>\n<meta name=\"robots\" content=\"index, follow, max-snippet:-1, max-image-preview:large, max-video-preview:-1\" \/>\n<link rel=\"canonical\" href=\"https:\/\/abix.com.br\/es\/produto\/camara-sd9384-ehl\/\" \/>\n<meta property=\"og:locale\" content=\"es_ES\" \/>\n<meta property=\"og:type\" content=\"article\" \/>\n<meta property=\"og:title\" content=\"C\u00e1mara SD9384-EHL - Abix\" \/>\n<meta property=\"og:description\" content=\"Vigilancia Inteligente de Largo Alcance La SD9384-EHL es una c\u00e1mara domo de velocidad PTZ con IA de alto rendimiento dise\u00f1ada para monitorear \u00e1reas extensas con absoluta precisi\u00f3n. Dise\u00f1ada por Vivotek para operaciones cr\u00edticas, ofrece visi\u00f3n detallada de largo alcance, seguimiento autom\u00e1tico inteligente y una robustez extrema, ideal para aeropuertos, vigilancia urbana, puertos, industrias y cualquier entorno donde la seguridad sea infalible.  Con zoom \u00f3ptico de 30x e iluminadores infrarrojos con un alcance de hasta 200 metros, la SD9384-EHL captura detalles n\u00edtidos de d\u00eda y de noche, manteniendo la calidad incluso en \u00e1reas extensas o en situaciones de poca luz. La inteligencia artificial integrada lleva la operaci\u00f3n a otro nivel: Smart Tracking Advanced identifica y rastrea autom\u00e1ticamente a personas y veh\u00edculos, lo que reduce las falsas alarmas y hace que la vigilancia sea mucho m\u00e1s proactiva.  Para entornos exteriores exigentes, la c\u00e1mara cuenta con estabilizaci\u00f3n EIS con giroscopio, lo que garantiza im\u00e1genes estables incluso con vientos fuertes o vibraciones constantes, ideal para torres, postes altos, zonas portuarias y estructuras industriales. Adem\u00e1s, su construcci\u00f3n combina las clasificaciones IP66, IK10 y NEMA 4X, lo que ofrece una resistencia comprobada a lluvias intensas, polvo, corrosi\u00f3n e impactos.  El SD9384-EHL tambi\u00e9n destaca por su eficiencia operativa: la tecnolog\u00eda H.265 reduce el consumo de ancho de banda y almacenamiento hasta en un 50 %, mientras que la ciberseguridad integrada de Trend Micro protege contra las amenazas del IoT, garantizando el cumplimiento normativo en proyectos sensibles y entornos de misi\u00f3n cr\u00edtica.  Con clasificaci\u00f3n inteligente de objetos, robustez industrial e IA avanzada, el SD9384-EHL ofrece vigilancia de largo alcance, reducci\u00f3n de costes y una respuesta m\u00e1s r\u00e1pida ante incidentes, todo en una \u00fanica soluci\u00f3n dise\u00f1ada para quienes exigen un rendimiento superior a la media.\" \/>\n<meta property=\"og:url\" content=\"https:\/\/abix.com.br\/es\/produto\/camara-sd9384-ehl\/\" \/>\n<meta property=\"og:site_name\" content=\"Abix\" \/>\n<meta property=\"article:modified_time\" content=\"2025-12-11T18:31:46+00:00\" \/>\n<meta property=\"og:image\" content=\"https:\/\/abix.com.br\/wp-content\/uploads\/2025\/11\/SD9384-EHL.webp\" \/>\n\t<meta property=\"og:image:width\" content=\"600\" \/>\n\t<meta property=\"og:image:height\" content=\"600\" \/>\n\t<meta property=\"og:image:type\" content=\"image\/webp\" \/>\n<meta name=\"twitter:card\" content=\"summary_large_image\" \/>\n<meta name=\"twitter:label1\" content=\"Tiempo de lectura\" \/>\n\t<meta name=\"twitter:data1\" content=\"3 minutos\" \/>\n<script type=\"application\/ld+json\" class=\"yoast-schema-graph\">{\"@context\":\"https:\\\/\\\/schema.org\",\"@graph\":[{\"@type\":\"WebPage\",\"@id\":\"https:\\\/\\\/abix.com.br\\\/es\\\/produto\\\/camara-sd9384-ehl\\\/\",\"url\":\"https:\\\/\\\/abix.com.br\\\/es\\\/produto\\\/camara-sd9384-ehl\\\/\",\"name\":\"C\u00e1mara SD9384-EHL - Abix\",\"isPartOf\":{\"@id\":\"https:\\\/\\\/abix.com.br\\\/#website\"},\"primaryImageOfPage\":{\"@id\":\"https:\\\/\\\/abix.com.br\\\/es\\\/produto\\\/camara-sd9384-ehl\\\/#primaryimage\"},\"image\":{\"@id\":\"https:\\\/\\\/abix.com.br\\\/es\\\/produto\\\/camara-sd9384-ehl\\\/#primaryimage\"},\"thumbnailUrl\":\"https:\\\/\\\/abix.com.br\\\/wp-content\\\/uploads\\\/2025\\\/11\\\/SD9384-EHL.webp\",\"datePublished\":\"2025-11-28T18:10:21+00:00\",\"dateModified\":\"2025-12-11T18:31:46+00:00\",\"breadcrumb\":{\"@id\":\"https:\\\/\\\/abix.com.br\\\/es\\\/produto\\\/camara-sd9384-ehl\\\/#breadcrumb\"},\"inLanguage\":\"es\",\"potentialAction\":[{\"@type\":\"ReadAction\",\"target\":[\"https:\\\/\\\/abix.com.br\\\/es\\\/produto\\\/camara-sd9384-ehl\\\/\"]}]},{\"@type\":\"ImageObject\",\"inLanguage\":\"es\",\"@id\":\"https:\\\/\\\/abix.com.br\\\/es\\\/produto\\\/camara-sd9384-ehl\\\/#primaryimage\",\"url\":\"https:\\\/\\\/abix.com.br\\\/wp-content\\\/uploads\\\/2025\\\/11\\\/SD9384-EHL.webp\",\"contentUrl\":\"https:\\\/\\\/abix.com.br\\\/wp-content\\\/uploads\\\/2025\\\/11\\\/SD9384-EHL.webp\",\"width\":600,\"height\":600},{\"@type\":\"BreadcrumbList\",\"@id\":\"https:\\\/\\\/abix.com.br\\\/es\\\/produto\\\/camara-sd9384-ehl\\\/#breadcrumb\",\"itemListElement\":[{\"@type\":\"ListItem\",\"position\":1,\"name\":\"In\u00edcio\",\"item\":\"https:\\\/\\\/abix.com.br\\\/es\\\/\"},{\"@type\":\"ListItem\",\"position\":2,\"name\":\"Tienda\",\"item\":\"https:\\\/\\\/abix.com.br\\\/loja\\\/\"},{\"@type\":\"ListItem\",\"position\":3,\"name\":\"C\u00e1mara SD9384-EHL\"}]},{\"@type\":\"WebSite\",\"@id\":\"https:\\\/\\\/abix.com.br\\\/#website\",\"url\":\"https:\\\/\\\/abix.com.br\\\/\",\"name\":\"Abix\",\"description\":\"\",\"potentialAction\":[{\"@type\":\"SearchAction\",\"target\":{\"@type\":\"EntryPoint\",\"urlTemplate\":\"https:\\\/\\\/abix.com.br\\\/?s={search_term_string}\"},\"query-input\":{\"@type\":\"PropertyValueSpecification\",\"valueRequired\":true,\"valueName\":\"search_term_string\"}}],\"inLanguage\":\"es\"}]}<\/script>\n<!-- \/ Yoast SEO plugin. -->","yoast_head_json":{"title":"C\u00e1mara SD9384-EHL - Abix","robots":{"index":"index","follow":"follow","max-snippet":"max-snippet:-1","max-image-preview":"max-image-preview:large","max-video-preview":"max-video-preview:-1"},"canonical":"https:\/\/abix.com.br\/es\/produto\/camara-sd9384-ehl\/","og_locale":"es_ES","og_type":"article","og_title":"C\u00e1mara SD9384-EHL - Abix","og_description":"Vigilancia Inteligente de Largo Alcance La SD9384-EHL es una c\u00e1mara domo de velocidad PTZ con IA de alto rendimiento dise\u00f1ada para monitorear \u00e1reas extensas con absoluta precisi\u00f3n. Dise\u00f1ada por Vivotek para operaciones cr\u00edticas, ofrece visi\u00f3n detallada de largo alcance, seguimiento autom\u00e1tico inteligente y una robustez extrema, ideal para aeropuertos, vigilancia urbana, puertos, industrias y cualquier entorno donde la seguridad sea infalible.  Con zoom \u00f3ptico de 30x e iluminadores infrarrojos con un alcance de hasta 200 metros, la SD9384-EHL captura detalles n\u00edtidos de d\u00eda y de noche, manteniendo la calidad incluso en \u00e1reas extensas o en situaciones de poca luz. La inteligencia artificial integrada lleva la operaci\u00f3n a otro nivel: Smart Tracking Advanced identifica y rastrea autom\u00e1ticamente a personas y veh\u00edculos, lo que reduce las falsas alarmas y hace que la vigilancia sea mucho m\u00e1s proactiva.  Para entornos exteriores exigentes, la c\u00e1mara cuenta con estabilizaci\u00f3n EIS con giroscopio, lo que garantiza im\u00e1genes estables incluso con vientos fuertes o vibraciones constantes, ideal para torres, postes altos, zonas portuarias y estructuras industriales. Adem\u00e1s, su construcci\u00f3n combina las clasificaciones IP66, IK10 y NEMA 4X, lo que ofrece una resistencia comprobada a lluvias intensas, polvo, corrosi\u00f3n e impactos.  El SD9384-EHL tambi\u00e9n destaca por su eficiencia operativa: la tecnolog\u00eda H.265 reduce el consumo de ancho de banda y almacenamiento hasta en un 50 %, mientras que la ciberseguridad integrada de Trend Micro protege contra las amenazas del IoT, garantizando el cumplimiento normativo en proyectos sensibles y entornos de misi\u00f3n cr\u00edtica.  Con clasificaci\u00f3n inteligente de objetos, robustez industrial e IA avanzada, el SD9384-EHL ofrece vigilancia de largo alcance, reducci\u00f3n de costes y una respuesta m\u00e1s r\u00e1pida ante incidentes, todo en una \u00fanica soluci\u00f3n dise\u00f1ada para quienes exigen un rendimiento superior a la media.","og_url":"https:\/\/abix.com.br\/es\/produto\/camara-sd9384-ehl\/","og_site_name":"Abix","article_modified_time":"2025-12-11T18:31:46+00:00","og_image":[{"width":600,"height":600,"url":"https:\/\/abix.com.br\/wp-content\/uploads\/2025\/11\/SD9384-EHL.webp","type":"image\/webp"}],"twitter_card":"summary_large_image","twitter_misc":{"Tiempo de lectura":"3 minutos"},"schema":{"@context":"https:\/\/schema.org","@graph":[{"@type":"WebPage","@id":"https:\/\/abix.com.br\/es\/produto\/camara-sd9384-ehl\/","url":"https:\/\/abix.com.br\/es\/produto\/camara-sd9384-ehl\/","name":"C\u00e1mara SD9384-EHL - Abix","isPartOf":{"@id":"https:\/\/abix.com.br\/#website"},"primaryImageOfPage":{"@id":"https:\/\/abix.com.br\/es\/produto\/camara-sd9384-ehl\/#primaryimage"},"image":{"@id":"https:\/\/abix.com.br\/es\/produto\/camara-sd9384-ehl\/#primaryimage"},"thumbnailUrl":"https:\/\/abix.com.br\/wp-content\/uploads\/2025\/11\/SD9384-EHL.webp","datePublished":"2025-11-28T18:10:21+00:00","dateModified":"2025-12-11T18:31:46+00:00","breadcrumb":{"@id":"https:\/\/abix.com.br\/es\/produto\/camara-sd9384-ehl\/#breadcrumb"},"inLanguage":"es","potentialAction":[{"@type":"ReadAction","target":["https:\/\/abix.com.br\/es\/produto\/camara-sd9384-ehl\/"]}]},{"@type":"ImageObject","inLanguage":"es","@id":"https:\/\/abix.com.br\/es\/produto\/camara-sd9384-ehl\/#primaryimage","url":"https:\/\/abix.com.br\/wp-content\/uploads\/2025\/11\/SD9384-EHL.webp","contentUrl":"https:\/\/abix.com.br\/wp-content\/uploads\/2025\/11\/SD9384-EHL.webp","width":600,"height":600},{"@type":"BreadcrumbList","@id":"https:\/\/abix.com.br\/es\/produto\/camara-sd9384-ehl\/#breadcrumb","itemListElement":[{"@type":"ListItem","position":1,"name":"In\u00edcio","item":"https:\/\/abix.com.br\/es\/"},{"@type":"ListItem","position":2,"name":"Tienda","item":"https:\/\/abix.com.br\/loja\/"},{"@type":"ListItem","position":3,"name":"C\u00e1mara SD9384-EHL"}]},{"@type":"WebSite","@id":"https:\/\/abix.com.br\/#website","url":"https:\/\/abix.com.br\/","name":"Abix","description":"","potentialAction":[{"@type":"SearchAction","target":{"@type":"EntryPoint","urlTemplate":"https:\/\/abix.com.br\/?s={search_term_string}"},"query-input":{"@type":"PropertyValueSpecification","valueRequired":true,"valueName":"search_term_string"}}],"inLanguage":"es"}]}},"_links":{"self":[{"href":"https:\/\/abix.com.br\/es\/wp-json\/wp\/v2\/product\/23053","targetHints":{"allow":["GET"]}}],"collection":[{"href":"https:\/\/abix.com.br\/es\/wp-json\/wp\/v2\/product"}],"about":[{"href":"https:\/\/abix.com.br\/es\/wp-json\/wp\/v2\/types\/product"}],"replies":[{"embeddable":true,"href":"https:\/\/abix.com.br\/es\/wp-json\/wp\/v2\/comments?post=23053"}],"wp:featuredmedia":[{"embeddable":true,"href":"https:\/\/abix.com.br\/es\/wp-json\/wp\/v2\/media\/23056"}],"wp:attachment":[{"href":"https:\/\/abix.com.br\/es\/wp-json\/wp\/v2\/media?parent=23053"}],"wp:term":[{"taxonomy":"product_brand","embeddable":true,"href":"https:\/\/abix.com.br\/es\/wp-json\/wp\/v2\/product_brand?post=23053"},{"taxonomy":"product_cat","embeddable":true,"href":"https:\/\/abix.com.br\/es\/wp-json\/wp\/v2\/product_cat?post=23053"},{"taxonomy":"product_tag","embeddable":true,"href":"https:\/\/abix.com.br\/es\/wp-json\/wp\/v2\/product_tag?post=23053"}],"curies":[{"name":"wp","href":"https:\/\/api.w.org\/{rel}","templated":true}]}}