{"id":23059,"date":"2025-11-28T15:31:47","date_gmt":"2025-11-28T18:31:47","guid":{"rendered":"https:\/\/abix.com.br\/?post_type=product&#038;p=23059"},"modified":"2025-12-11T15:43:34","modified_gmt":"2025-12-11T18:43:34","slug":"camera-fe9380-hv","status":"publish","type":"product","link":"https:\/\/abix.com.br\/es\/produto\/camera-fe9380-hv\/","title":{"rendered":"C\u00c1MARA FE9380-HV"},"content":{"rendered":"\n\t<section class=\"section\" id=\"section_481807625\">\n\t\t<div class=\"section-bg fill\" >\n\t\t\t\t\t\t\t\t\t\n\t\t\t\n\n\t\t<\/div>\n\n\t\t\n\n\t\t<div class=\"section-content relative\">\n\t\t\t\n<div class=\"row\"  id=\"row-869324703\">\n\n\t<div id=\"col-390087200\" class=\"col small-12 large-12\"  >\n\t\t\t\t<div class=\"col-inner\"  >\n\t\t\t\n\t\t\t\n<div class=\"row\"  id=\"row-1729694573\">\n\n\t<div id=\"col-613695736\" class=\"col small-12 large-12\"  >\n\t\t\t\t<div class=\"col-inner\"  >\n\t\t\t\n\t\t\t\n\n\t\t<div class=\"tabbed-content locacao-tabs\">\n\t\t\t\n\t\t\t<ul class=\"nav nav-tabs nav-normal nav-size-xlarge nav-left active-on-hover\" role=\"tablist\"><li id=\"tab-informaci\u00d3n\" class=\"tab active has-icon\" role=\"presentation\"><a href=\"#tab_informaci\u00d3n\" role=\"tab\" aria-selected=\"true\" aria-controls=\"tab_informaci\u00d3n\"><span>INFORMACI\u00d3N<\/span><\/a><\/li>\n<li id=\"tab-accesorios\" class=\"tab has-icon\" role=\"presentation\"><a href=\"#tab_accesorios\" tabindex=\"-1\" role=\"tab\" aria-selected=\"false\" aria-controls=\"tab_accesorios\"><span>ACCESORIOS<\/span><\/a><\/li>\n<li id=\"tab-descargas\" class=\"tab has-icon\" role=\"presentation\"><a href=\"#tab_descargas\" tabindex=\"-1\" role=\"tab\" aria-selected=\"false\" aria-controls=\"tab_descargas\"><span>DESCARGAS<\/span><\/a><\/li>\n<li id=\"tab-especificaciones\" class=\"tab has-icon\" role=\"presentation\"><a href=\"#tab_especificaciones\" tabindex=\"-1\" role=\"tab\" aria-selected=\"false\" aria-controls=\"tab_especificaciones\"><span>ESPECIFICACIONES<\/span><\/a><\/li><\/ul><div class=\"tab-panels\"><div id=\"tab_informaci\u00d3n\" class=\"panel active entry-content\" role=\"tabpanel\" aria-labelledby=\"tab-informaci\u00d3n\">\n<div class=\"row\"  id=\"row-242047769\">\n\n\t<div id=\"col-108052774\" class=\"col medium-6 small-12 large-6\"  >\n\t\t\t\t<div class=\"col-inner\"  >\n\t\t\t\n\t\t\t\n<h3>Caracter\u00edsticas principales<\/h3>\n<p>Vista panor\u00e1mica real de 360\u00b0 (techo) o 180\u00b0 (pared) sin distorsi\u00f3n de bordes<br \/>\nResoluci\u00f3n nativa de 5 MP (1920\u00d71920): imagen circular perfecta<br \/>\nIluminaci\u00f3n infrarroja inteligente de hasta 10 metros (sin halo blanco)<br \/>\nMicr\u00f3fono integrado de alta sensibilidad: captura audio en todo el entorno<br \/>\nCompresi\u00f3n H.265 + Smart Stream III: hasta un 90 % de ahorro en ancho de banda y almacenamiento<br \/>\nWDR Pro (120 dB): im\u00e1genes n\u00edtidas incluso con contraluz intenso (puertas, ventanas)<br \/>\nProtecci\u00f3n total IP66 (lluvia\/chorro de agua) + IK10 (vandalismo)<br \/>\nCorrecci\u00f3n esf\u00e9rica en el propio VMS o directamente en la c\u00e1mara (1O, 1P, 1R, 4R, 2R, 1O3R, 1O8R)<br \/>\nAplicaciones Monitorizaci\u00f3n de grandes entornos con cobertura total, como pasillos, tiendas y almacenes.<\/p>\n\t\t<\/div>\n\t\t\t\t\t<\/div>\n\n\t\n\n\t<div id=\"col-13541195\" class=\"col medium-6 small-12 large-6\"  >\n\t\t\t\t<div class=\"col-inner text-left\"  >\n\t\t\t\n\t\t\t\n\t\t<\/div>\n\t\t\t\t\t<\/div>\n\n\t\n<\/div>\n<\/div>\n<div id=\"tab_accesorios\" class=\"panel entry-content\" role=\"tabpanel\" aria-labelledby=\"tab-accesorios\">\n<div>Incluye: Gu\u00eda de instalaci\u00f3n y soporte de montaje.<\/div>\n<div><\/div>\n<div>Opcional: Soportes para montaje en pared, esquina, poste o suspendido (se venden por separado, seg\u00fan sea necesario).<\/div>\n<div class=\"row align-middle\"  id=\"row-781236518\">\n\n\t<div id=\"col-172959687\" class=\"col medium-10 small-12 large-10\"  >\n\t\t\t\t<div class=\"col-inner\"  >\n\t\t\t\n\t\t\t\n<p>CONTENIDO<\/p>\n\t\t<\/div>\n\t\t\t\t\t<\/div>\n\n\t\n\n\t<div id=\"col-536841392\" class=\"col medium-2 small-12 large-2\"  >\n\t\t\t\t<div class=\"col-inner\"  >\n\t\t\t\n\t\t\t\n\t\t<\/div>\n\t\t\t\t\t<\/div>\n\n\t\n<\/div>\n<\/div>\n<div id=\"tab_descargas\" class=\"panel entry-content\" role=\"tabpanel\" aria-labelledby=\"tab-descargas\">\n<div class=\"row\"  id=\"row-442721687\">\n\n\t<div id=\"col-1130080106\" class=\"col medium-10 small-12 large-10\"  >\n\t\t\t\t<div class=\"col-inner\"  >\n\t\t\t\n\t\t\t\n\t\t<\/div>\n\t\t\t\t\t<\/div>\n\n\t\n<\/div>\n<\/div>\n<div id=\"tab_especificaciones\" class=\"panel entry-content\" role=\"tabpanel\" aria-labelledby=\"tab-especificaciones\">\n<div class=\"row\"  id=\"row-337292713\">\n\n\t<div id=\"col-1637547325\" class=\"col medium-9 small-12 large-9\"  >\n\t\t\t\t<div class=\"col-inner\"  >\n\t\t\t\n\t\t\t\n<h3>ESPECIFICACIONES T\u00c9CNICAS<\/h3>\n<p>Resoluci\u00f3n: 1920\u00d71920 (5 MP)<br \/>\nAlcance IR: Hasta 10 metros<br \/>\nC\u00f3decs: H.265, H.264, MJPEG<br \/>\nFunciones de imagen: WDR Pro, Desempa\u00f1ador, 3DNR, Smart IR<br \/>\nGrado de protecci\u00f3n: IP66, IK10<br \/>\nLente: Ojo de pez fijo de 1,16 mm, F2.25<br \/>\nAn\u00e1lisis: Detecci\u00f3n de movimiento (5 ventanas); Detecci\u00f3n de manipulaci\u00f3n de la c\u00e1mara; Detecci\u00f3n de audio; Eventos de ciberseguridad.<br \/>\nCertificaciones: CE, FCC, Anatel (aprobado en Brasil), NDAA, Trend Micro IoT Security<\/p>\n\t\t<\/div>\n\t\t\t\t\t<\/div>\n\n\t\n<\/div>\n<\/div><\/div><\/div>\n\t\t<\/div>\n\t\t\t\t\t<\/div>\n\n\t\n<\/div>\n\t\t<\/div>\n\t\t\t\t\t<\/div>\n\n\t\n<\/div>\n\t\t<\/div>\n\n\t\t\n<style>\n#section_481807625 {\n  padding-top: 0px;\n  padding-bottom: 0px;\n}\n<\/style>\n\t<\/section>\n\t\n","protected":false},"excerpt":{"rendered":"<h3>Cobertura real de 360\u00b0 en una sola c\u00e1mara<\/h3>\n<div>La FE9380-HV es la c\u00e1mara ojo de pez de 5 MP m\u00e1s compacta y eficiente del mercado brasile\u00f1o, dise\u00f1ada para ofrecer una cobertura completa de 360\u00b0 sin puntos ciegos en cualquier entorno. Ideal para tiendas, supermercados, almacenes, escuelas, hospitales, \u00e1reas de recepci\u00f3n, estacionamientos cubiertos y vest\u00edbulos, reemplaza m\u00faltiples c\u00e1maras tradicionales y simplifica por completo la infraestructura de monitoreo. Su micr\u00f3fono integrado mejora la inteligencia de la vigilancia al capturar audio ambiental en 360\u00b0, sin necesidad de accesorios adicionales.<\/div>\n<div><\/div>\n<div>La tecnolog\u00eda H.265, combinada con Smart Stream III, hace que la c\u00e1mara sea extremadamente econ\u00f3mica: graba durante semanas en una tarjeta SD o utiliza solo unos pocos gigabytes en el NVR, manteniendo una alta calidad incluso con un bajo consumo de ancho de banda. Por la noche, el alcance infrarrojo invisible de hasta 10 metros garantiza im\u00e1genes n\u00edtidas sin molestar a los transe\u00fantes.<\/div>\n<div><\/div>\n<div>Dise\u00f1ado para un funcionamiento continuo en entornos interiores o exteriores, el FE9380-HV cuenta con verdaderas clasificaciones IP66 + IK10, resistiendo la lluvia, el polvo, el sol e incluso intentos de vandalismo.<\/div>\n","protected":false},"featured_media":23061,"comment_status":"closed","ping_status":"closed","template":"","meta":[],"product_brand":[],"product_cat":[178,227],"product_tag":[],"class_list":{"0":"post-23059","1":"product","2":"type-product","3":"status-publish","4":"has-post-thumbnail","6":"product_cat-cctv","7":"product_cat-fisheye-360o","9":"first","10":"instock","11":"shipping-taxable","12":"product-type-simple"},"yoast_head":"<!-- This site is optimized with the Yoast SEO plugin v27.4 - https:\/\/yoast.com\/product\/yoast-seo-wordpress\/ -->\n<title>C\u00c1MARA FE9380-HV - Abix<\/title>\n<meta name=\"robots\" content=\"index, follow, max-snippet:-1, max-image-preview:large, max-video-preview:-1\" \/>\n<link rel=\"canonical\" href=\"https:\/\/abix.com.br\/es\/produto\/camera-fe9380-hv\/\" \/>\n<meta property=\"og:locale\" content=\"es_ES\" \/>\n<meta property=\"og:type\" content=\"article\" \/>\n<meta property=\"og:title\" content=\"C\u00c1MARA FE9380-HV - Abix\" \/>\n<meta property=\"og:description\" content=\"Cobertura real de 360\u00b0 en una sola c\u00e1mara La FE9380-HV es la c\u00e1mara ojo de pez de 5 MP m\u00e1s compacta y eficiente del mercado brasile\u00f1o, dise\u00f1ada para ofrecer una cobertura completa de 360\u00b0 sin puntos ciegos en cualquier entorno. Ideal para tiendas, supermercados, almacenes, escuelas, hospitales, \u00e1reas de recepci\u00f3n, estacionamientos cubiertos y vest\u00edbulos, reemplaza m\u00faltiples c\u00e1maras tradicionales y simplifica por completo la infraestructura de monitoreo. Su micr\u00f3fono integrado mejora la inteligencia de la vigilancia al capturar audio ambiental en 360\u00b0, sin necesidad de accesorios adicionales.  La tecnolog\u00eda H.265, combinada con Smart Stream III, hace que la c\u00e1mara sea extremadamente econ\u00f3mica: graba durante semanas en una tarjeta SD o utiliza solo unos pocos gigabytes en el NVR, manteniendo una alta calidad incluso con un bajo consumo de ancho de banda. Por la noche, el alcance infrarrojo invisible de hasta 10 metros garantiza im\u00e1genes n\u00edtidas sin molestar a los transe\u00fantes.  Dise\u00f1ado para un funcionamiento continuo en entornos interiores o exteriores, el FE9380-HV cuenta con verdaderas clasificaciones IP66 + IK10, resistiendo la lluvia, el polvo, el sol e incluso intentos de vandalismo.\" \/>\n<meta property=\"og:url\" content=\"https:\/\/abix.com.br\/es\/produto\/camera-fe9380-hv\/\" \/>\n<meta property=\"og:site_name\" content=\"Abix\" \/>\n<meta property=\"article:modified_time\" content=\"2025-12-11T18:43:34+00:00\" \/>\n<meta name=\"twitter:card\" content=\"summary_large_image\" \/>\n<meta name=\"twitter:label1\" content=\"Tiempo de lectura\" \/>\n\t<meta name=\"twitter:data1\" content=\"2 minutos\" \/>\n<script type=\"application\/ld+json\" class=\"yoast-schema-graph\">{\"@context\":\"https:\\\/\\\/schema.org\",\"@graph\":[{\"@type\":\"WebPage\",\"@id\":\"https:\\\/\\\/abix.com.br\\\/es\\\/produto\\\/camera-fe9380-hv\\\/\",\"url\":\"https:\\\/\\\/abix.com.br\\\/es\\\/produto\\\/camera-fe9380-hv\\\/\",\"name\":\"C\u00c1MARA FE9380-HV - Abix\",\"isPartOf\":{\"@id\":\"https:\\\/\\\/abix.com.br\\\/#website\"},\"primaryImageOfPage\":{\"@id\":\"https:\\\/\\\/abix.com.br\\\/es\\\/produto\\\/camera-fe9380-hv\\\/#primaryimage\"},\"image\":{\"@id\":\"https:\\\/\\\/abix.com.br\\\/es\\\/produto\\\/camera-fe9380-hv\\\/#primaryimage\"},\"thumbnailUrl\":\"https:\\\/\\\/abix.com.br\\\/wp-content\\\/uploads\\\/2025\\\/11\\\/FE9380-HV-Abix.webp\",\"datePublished\":\"2025-11-28T18:31:47+00:00\",\"dateModified\":\"2025-12-11T18:43:34+00:00\",\"breadcrumb\":{\"@id\":\"https:\\\/\\\/abix.com.br\\\/es\\\/produto\\\/camera-fe9380-hv\\\/#breadcrumb\"},\"inLanguage\":\"es\",\"potentialAction\":[{\"@type\":\"ReadAction\",\"target\":[\"https:\\\/\\\/abix.com.br\\\/es\\\/produto\\\/camera-fe9380-hv\\\/\"]}]},{\"@type\":\"ImageObject\",\"inLanguage\":\"es\",\"@id\":\"https:\\\/\\\/abix.com.br\\\/es\\\/produto\\\/camera-fe9380-hv\\\/#primaryimage\",\"url\":\"https:\\\/\\\/abix.com.br\\\/wp-content\\\/uploads\\\/2025\\\/11\\\/FE9380-HV-Abix.webp\",\"contentUrl\":\"https:\\\/\\\/abix.com.br\\\/wp-content\\\/uploads\\\/2025\\\/11\\\/FE9380-HV-Abix.webp\",\"width\":600,\"height\":600},{\"@type\":\"BreadcrumbList\",\"@id\":\"https:\\\/\\\/abix.com.br\\\/es\\\/produto\\\/camera-fe9380-hv\\\/#breadcrumb\",\"itemListElement\":[{\"@type\":\"ListItem\",\"position\":1,\"name\":\"In\u00edcio\",\"item\":\"https:\\\/\\\/abix.com.br\\\/es\\\/\"},{\"@type\":\"ListItem\",\"position\":2,\"name\":\"Tienda\",\"item\":\"https:\\\/\\\/abix.com.br\\\/loja\\\/\"},{\"@type\":\"ListItem\",\"position\":3,\"name\":\"C\u00c1MARA FE9380-HV\"}]},{\"@type\":\"WebSite\",\"@id\":\"https:\\\/\\\/abix.com.br\\\/#website\",\"url\":\"https:\\\/\\\/abix.com.br\\\/\",\"name\":\"Abix\",\"description\":\"\",\"potentialAction\":[{\"@type\":\"SearchAction\",\"target\":{\"@type\":\"EntryPoint\",\"urlTemplate\":\"https:\\\/\\\/abix.com.br\\\/?s={search_term_string}\"},\"query-input\":{\"@type\":\"PropertyValueSpecification\",\"valueRequired\":true,\"valueName\":\"search_term_string\"}}],\"inLanguage\":\"es\"}]}<\/script>\n<!-- \/ Yoast SEO plugin. -->","yoast_head_json":{"title":"C\u00c1MARA FE9380-HV - Abix","robots":{"index":"index","follow":"follow","max-snippet":"max-snippet:-1","max-image-preview":"max-image-preview:large","max-video-preview":"max-video-preview:-1"},"canonical":"https:\/\/abix.com.br\/es\/produto\/camera-fe9380-hv\/","og_locale":"es_ES","og_type":"article","og_title":"C\u00c1MARA FE9380-HV - Abix","og_description":"Cobertura real de 360\u00b0 en una sola c\u00e1mara La FE9380-HV es la c\u00e1mara ojo de pez de 5 MP m\u00e1s compacta y eficiente del mercado brasile\u00f1o, dise\u00f1ada para ofrecer una cobertura completa de 360\u00b0 sin puntos ciegos en cualquier entorno. Ideal para tiendas, supermercados, almacenes, escuelas, hospitales, \u00e1reas de recepci\u00f3n, estacionamientos cubiertos y vest\u00edbulos, reemplaza m\u00faltiples c\u00e1maras tradicionales y simplifica por completo la infraestructura de monitoreo. Su micr\u00f3fono integrado mejora la inteligencia de la vigilancia al capturar audio ambiental en 360\u00b0, sin necesidad de accesorios adicionales.  La tecnolog\u00eda H.265, combinada con Smart Stream III, hace que la c\u00e1mara sea extremadamente econ\u00f3mica: graba durante semanas en una tarjeta SD o utiliza solo unos pocos gigabytes en el NVR, manteniendo una alta calidad incluso con un bajo consumo de ancho de banda. Por la noche, el alcance infrarrojo invisible de hasta 10 metros garantiza im\u00e1genes n\u00edtidas sin molestar a los transe\u00fantes.  Dise\u00f1ado para un funcionamiento continuo en entornos interiores o exteriores, el FE9380-HV cuenta con verdaderas clasificaciones IP66 + IK10, resistiendo la lluvia, el polvo, el sol e incluso intentos de vandalismo.","og_url":"https:\/\/abix.com.br\/es\/produto\/camera-fe9380-hv\/","og_site_name":"Abix","article_modified_time":"2025-12-11T18:43:34+00:00","twitter_card":"summary_large_image","twitter_misc":{"Tiempo de lectura":"2 minutos"},"schema":{"@context":"https:\/\/schema.org","@graph":[{"@type":"WebPage","@id":"https:\/\/abix.com.br\/es\/produto\/camera-fe9380-hv\/","url":"https:\/\/abix.com.br\/es\/produto\/camera-fe9380-hv\/","name":"C\u00c1MARA FE9380-HV - Abix","isPartOf":{"@id":"https:\/\/abix.com.br\/#website"},"primaryImageOfPage":{"@id":"https:\/\/abix.com.br\/es\/produto\/camera-fe9380-hv\/#primaryimage"},"image":{"@id":"https:\/\/abix.com.br\/es\/produto\/camera-fe9380-hv\/#primaryimage"},"thumbnailUrl":"https:\/\/abix.com.br\/wp-content\/uploads\/2025\/11\/FE9380-HV-Abix.webp","datePublished":"2025-11-28T18:31:47+00:00","dateModified":"2025-12-11T18:43:34+00:00","breadcrumb":{"@id":"https:\/\/abix.com.br\/es\/produto\/camera-fe9380-hv\/#breadcrumb"},"inLanguage":"es","potentialAction":[{"@type":"ReadAction","target":["https:\/\/abix.com.br\/es\/produto\/camera-fe9380-hv\/"]}]},{"@type":"ImageObject","inLanguage":"es","@id":"https:\/\/abix.com.br\/es\/produto\/camera-fe9380-hv\/#primaryimage","url":"https:\/\/abix.com.br\/wp-content\/uploads\/2025\/11\/FE9380-HV-Abix.webp","contentUrl":"https:\/\/abix.com.br\/wp-content\/uploads\/2025\/11\/FE9380-HV-Abix.webp","width":600,"height":600},{"@type":"BreadcrumbList","@id":"https:\/\/abix.com.br\/es\/produto\/camera-fe9380-hv\/#breadcrumb","itemListElement":[{"@type":"ListItem","position":1,"name":"In\u00edcio","item":"https:\/\/abix.com.br\/es\/"},{"@type":"ListItem","position":2,"name":"Tienda","item":"https:\/\/abix.com.br\/loja\/"},{"@type":"ListItem","position":3,"name":"C\u00c1MARA FE9380-HV"}]},{"@type":"WebSite","@id":"https:\/\/abix.com.br\/#website","url":"https:\/\/abix.com.br\/","name":"Abix","description":"","potentialAction":[{"@type":"SearchAction","target":{"@type":"EntryPoint","urlTemplate":"https:\/\/abix.com.br\/?s={search_term_string}"},"query-input":{"@type":"PropertyValueSpecification","valueRequired":true,"valueName":"search_term_string"}}],"inLanguage":"es"}]}},"_links":{"self":[{"href":"https:\/\/abix.com.br\/es\/wp-json\/wp\/v2\/product\/23059","targetHints":{"allow":["GET"]}}],"collection":[{"href":"https:\/\/abix.com.br\/es\/wp-json\/wp\/v2\/product"}],"about":[{"href":"https:\/\/abix.com.br\/es\/wp-json\/wp\/v2\/types\/product"}],"replies":[{"embeddable":true,"href":"https:\/\/abix.com.br\/es\/wp-json\/wp\/v2\/comments?post=23059"}],"wp:featuredmedia":[{"embeddable":true,"href":"https:\/\/abix.com.br\/es\/wp-json\/wp\/v2\/media\/23061"}],"wp:attachment":[{"href":"https:\/\/abix.com.br\/es\/wp-json\/wp\/v2\/media?parent=23059"}],"wp:term":[{"taxonomy":"product_brand","embeddable":true,"href":"https:\/\/abix.com.br\/es\/wp-json\/wp\/v2\/product_brand?post=23059"},{"taxonomy":"product_cat","embeddable":true,"href":"https:\/\/abix.com.br\/es\/wp-json\/wp\/v2\/product_cat?post=23059"},{"taxonomy":"product_tag","embeddable":true,"href":"https:\/\/abix.com.br\/es\/wp-json\/wp\/v2\/product_tag?post=23059"}],"curies":[{"name":"wp","href":"https:\/\/api.w.org\/{rel}","templated":true}]}}