{"id":23066,"date":"2025-11-28T15:49:46","date_gmt":"2025-11-28T18:49:46","guid":{"rendered":"https:\/\/abix.com.br\/?post_type=product&#038;p=23066"},"modified":"2025-12-11T16:02:40","modified_gmt":"2025-12-11T19:02:40","slug":"camara-cc9381-hv","status":"publish","type":"product","link":"https:\/\/abix.com.br\/es\/produto\/camara-cc9381-hv\/","title":{"rendered":"C\u00c1MERA CC9381-HV"},"content":{"rendered":"\n\t<section class=\"section\" id=\"section_1612312165\">\n\t\t<div class=\"section-bg fill\" >\n\t\t\t\t\t\t\t\t\t\n\t\t\t\n\n\t\t<\/div>\n\n\t\t\n\n\t\t<div class=\"section-content relative\">\n\t\t\t\n<div class=\"row\"  id=\"row-1889511083\">\n\n\t<div id=\"col-1552231442\" class=\"col small-12 large-12\"  >\n\t\t\t\t<div class=\"col-inner\"  >\n\t\t\t\n\t\t\t\n<div class=\"row\"  id=\"row-1646755331\">\n\n\t<div id=\"col-1570372043\" class=\"col small-12 large-12\"  >\n\t\t\t\t<div class=\"col-inner\"  >\n\t\t\t\n\t\t\t\n\n\t\t<div class=\"tabbed-content locacao-tabs\">\n\t\t\t\n\t\t\t<ul class=\"nav nav-tabs nav-normal nav-size-xlarge nav-left active-on-hover\" role=\"tablist\"><li id=\"tab-informaci\u00d3n\" class=\"tab active has-icon\" role=\"presentation\"><a href=\"#tab_informaci\u00d3n\" role=\"tab\" aria-selected=\"true\" aria-controls=\"tab_informaci\u00d3n\"><span>INFORMACI\u00d3N<\/span><\/a><\/li>\n<li id=\"tab-accesorios\" class=\"tab has-icon\" role=\"presentation\"><a href=\"#tab_accesorios\" tabindex=\"-1\" role=\"tab\" aria-selected=\"false\" aria-controls=\"tab_accesorios\"><span>ACCESORIOS<\/span><\/a><\/li>\n<li id=\"tab-descargas\" class=\"tab has-icon\" role=\"presentation\"><a href=\"#tab_descargas\" tabindex=\"-1\" role=\"tab\" aria-selected=\"false\" aria-controls=\"tab_descargas\"><span>DESCARGAS<\/span><\/a><\/li>\n<li id=\"tab-especificaciones\" class=\"tab has-icon\" role=\"presentation\"><a href=\"#tab_especificaciones\" tabindex=\"-1\" role=\"tab\" aria-selected=\"false\" aria-controls=\"tab_especificaciones\"><span>ESPECIFICACIONES<\/span><\/a><\/li><\/ul><div class=\"tab-panels\"><div id=\"tab_informaci\u00d3n\" class=\"panel active entry-content\" role=\"tabpanel\" aria-labelledby=\"tab-informaci\u00d3n\">\n<div class=\"row\"  id=\"row-345978252\">\n\n\t<div id=\"col-469042825\" class=\"col medium-6 small-12 large-6\"  >\n\t\t\t\t<div class=\"col-inner\"  >\n\t\t\t\n\t\t\t\n<h3>Caracter\u00edsticas principales<\/h3>\n<p>Vista horizontal de 180\u00b0 con una sola c\u00e1mara: cubre todo el pasillo sin puntos ciegos<br \/>\nResoluci\u00f3n de 5 MP (2560\u00d71920) a 30 fps: detalles n\u00edtidos hasta a 15 m de distancia<br \/>\nIluminaci\u00f3n infrarroja invisible hasta 15 metros: visi\u00f3n nocturna perfecta sin deslumbrar<br \/>\nMicr\u00f3fono integrado de alta sensibilidad: captura audio en todo el pasillo<br \/>\nCompresi\u00f3n H.265 + Smart Stream III: hasta un 90 % de ahorro en ancho de banda y almacenamiento<br \/>\nWDR Pro 120 dB: imagen n\u00edtida incluso con luz intensa en la puerta al final del pasillo<br \/>\nDise\u00f1o antirroturas certificado: sin puntos de sujeci\u00f3n para cuerdas, cinturones ni ropa<br \/>\nProtecci\u00f3n IP67 (inmersi\u00f3n) + IK10+ (impacto extremo, probada con un mazo)<br \/>\nTemperatura de funcionamiento: de -30 \u00b0C a +60 \u00b0C<br \/>\nAplicaciones Monitorizaci\u00f3n de pasillos, entradas y zonas interiores o exteriores que requieren vistas panor\u00e1micas<\/p>\n\t\t<\/div>\n\t\t\t\t\t<\/div>\n\n\t\n\n\t<div id=\"col-495563603\" class=\"col medium-6 small-12 large-6\"  >\n\t\t\t\t<div class=\"col-inner text-left\"  >\n\t\t\t\n\t\t\t\n\t\t<\/div>\n\t\t\t\t\t<\/div>\n\n\t\n<\/div>\n<\/div>\n<div id=\"tab_accesorios\" class=\"panel entry-content\" role=\"tabpanel\" aria-labelledby=\"tab-accesorios\">\n<p>Incluye: Gu\u00eda de instalaci\u00f3n, soporte de inclinaci\u00f3n, kit de tornillos.<\/p>\n<div class=\"row align-middle\"  id=\"row-211623653\">\n\n\t<div id=\"col-1480668475\" class=\"col medium-10 small-12 large-10\"  >\n\t\t\t\t<div class=\"col-inner\"  >\n\t\t\t\n\t\t\t\n<p>CONTENIDO<\/p>\n\t\t<\/div>\n\t\t\t\t\t<\/div>\n\n\t\n\n\t<div id=\"col-326717462\" class=\"col medium-2 small-12 large-2\"  >\n\t\t\t\t<div class=\"col-inner\"  >\n\t\t\t\n\t\t\t\n\t\t<\/div>\n\t\t\t\t\t<\/div>\n\n\t\n<\/div>\n<\/div>\n<div id=\"tab_descargas\" class=\"panel entry-content\" role=\"tabpanel\" aria-labelledby=\"tab-descargas\">\n<div class=\"row\"  id=\"row-1618446267\">\n\n\t<div id=\"col-414574636\" class=\"col medium-10 small-12 large-10\"  >\n\t\t\t\t<div class=\"col-inner\"  >\n\t\t\t\n\t\t\t\n\t\t<\/div>\n\t\t\t\t\t<\/div>\n\n\t\n<\/div>\n<\/div>\n<div id=\"tab_especificaciones\" class=\"panel entry-content\" role=\"tabpanel\" aria-labelledby=\"tab-especificaciones\">\n<div class=\"row\"  id=\"row-848791118\">\n\n\t<div id=\"col-383044642\" class=\"col medium-9 small-12 large-9\"  >\n\t\t\t\t<div class=\"col-inner\"  >\n\t\t\t\n\t\t\t\n<h3>ESPECIFICACIONES T\u00c9CNICAS<\/h3>\n<p>Resoluci\u00f3n: 2560\u00d71920 (5 MP)<br \/>\nAlcance IR: Hasta 15 metros<br \/>\nC\u00f3decs: H.265, H.264, MJPEG<br \/>\nFunciones de imagen: WDR Pro, Desempa\u00f1ador, 3DNR, HLM, DIS<br \/>\nGrado de protecci\u00f3n: IP67, IK10+<br \/>\nLente: Fija de 1,45 mm, F2.2 (180\u00b0 horizontal)<br \/>\nAn\u00e1lisis: Detecci\u00f3n de movimiento; Detecci\u00f3n de manipulaci\u00f3n de la c\u00e1mara; Eventos de ciberseguridad.<br \/>\nCertificaciones: Anatel (Brasil), CE, FCC, NDAA, Trend Micro IoT Security<\/p>\n\t\t<\/div>\n\t\t\t\t\t<\/div>\n\n\t\n<\/div>\n<\/div><\/div><\/div>\n\t\t<\/div>\n\t\t\t\t\t<\/div>\n\n\t\n<\/div>\n\t\t<\/div>\n\t\t\t\t\t<\/div>\n\n\t\n<\/div>\n\t\t<\/div>\n\n\t\t\n<style>\n#section_1612312165 {\n  padding-top: 0px;\n  padding-bottom: 0px;\n}\n<\/style>\n\t<\/section>\n\t\n","protected":false},"excerpt":{"rendered":"<h3>Vista panor\u00e1mica y m\u00e1xima seguridad<\/h3>\n<div>Dise\u00f1ada para ofrecer una vista panor\u00e1mica de 180\u00b0 con la m\u00e1xima seguridad, es la opci\u00f3n ideal para pasillos, hospitales, escuelas, albergues y cualquier lugar que requiera monitoreo continuo, sin riesgos ni puntos ciegos.<\/div>\n<div><\/div>\n<div>La CC9381-HV combina tecnolog\u00eda avanzada con un dise\u00f1o robusto e inteligente, aprobada por Anatel y certificada internacionalmente como antirrobo, un est\u00e1ndar obligatorio en entornos de alta protecci\u00f3n, donde es pr\u00e1cticamente imposible enganchar cables, ropa u objetos en el equipo.<\/div>\n<div><\/div>\n<div>Con ella, una sola instalaci\u00f3n cubre lo que antes requer\u00eda 2 o incluso 3 c\u00e1maras tradicionales, reduciendo dr\u00e1sticamente costos, infraestructura y licencias, sin sacrificar la calidad.<\/div>\n","protected":false},"featured_media":23067,"comment_status":"closed","ping_status":"closed","template":"","meta":[],"product_brand":[],"product_cat":[178,230],"product_tag":[],"class_list":{"0":"post-23066","1":"product","2":"type-product","3":"status-publish","4":"has-post-thumbnail","6":"product_cat-cctv","7":"product_cat-fisheye-180o","9":"first","10":"instock","11":"shipping-taxable","12":"product-type-simple"},"yoast_head":"<!-- This site is optimized with the Yoast SEO plugin v27.4 - https:\/\/yoast.com\/product\/yoast-seo-wordpress\/ -->\n<title>C\u00c1MERA CC9381-HV - Abix<\/title>\n<meta name=\"robots\" content=\"index, follow, max-snippet:-1, max-image-preview:large, max-video-preview:-1\" \/>\n<link rel=\"canonical\" href=\"https:\/\/abix.com.br\/es\/produto\/camara-cc9381-hv\/\" \/>\n<meta property=\"og:locale\" content=\"es_ES\" \/>\n<meta property=\"og:type\" content=\"article\" \/>\n<meta property=\"og:title\" content=\"C\u00c1MERA CC9381-HV - Abix\" \/>\n<meta property=\"og:description\" content=\"Vista panor\u00e1mica y m\u00e1xima seguridad Dise\u00f1ada para ofrecer una vista panor\u00e1mica de 180\u00b0 con la m\u00e1xima seguridad, es la opci\u00f3n ideal para pasillos, hospitales, escuelas, albergues y cualquier lugar que requiera monitoreo continuo, sin riesgos ni puntos ciegos.  La CC9381-HV combina tecnolog\u00eda avanzada con un dise\u00f1o robusto e inteligente, aprobada por Anatel y certificada internacionalmente como antirrobo, un est\u00e1ndar obligatorio en entornos de alta protecci\u00f3n, donde es pr\u00e1cticamente imposible enganchar cables, ropa u objetos en el equipo.  Con ella, una sola instalaci\u00f3n cubre lo que antes requer\u00eda 2 o incluso 3 c\u00e1maras tradicionales, reduciendo dr\u00e1sticamente costos, infraestructura y licencias, sin sacrificar la calidad.\" \/>\n<meta property=\"og:url\" content=\"https:\/\/abix.com.br\/es\/produto\/camara-cc9381-hv\/\" \/>\n<meta property=\"og:site_name\" content=\"Abix\" \/>\n<meta property=\"article:modified_time\" content=\"2025-12-11T19:02:40+00:00\" \/>\n<meta name=\"twitter:card\" content=\"summary_large_image\" \/>\n<meta name=\"twitter:label1\" content=\"Tiempo de lectura\" \/>\n\t<meta name=\"twitter:data1\" content=\"2 minutos\" \/>\n<script type=\"application\/ld+json\" class=\"yoast-schema-graph\">{\"@context\":\"https:\\\/\\\/schema.org\",\"@graph\":[{\"@type\":\"WebPage\",\"@id\":\"https:\\\/\\\/abix.com.br\\\/es\\\/produto\\\/camara-cc9381-hv\\\/\",\"url\":\"https:\\\/\\\/abix.com.br\\\/es\\\/produto\\\/camara-cc9381-hv\\\/\",\"name\":\"C\u00c1MERA CC9381-HV - Abix\",\"isPartOf\":{\"@id\":\"https:\\\/\\\/abix.com.br\\\/#website\"},\"primaryImageOfPage\":{\"@id\":\"https:\\\/\\\/abix.com.br\\\/es\\\/produto\\\/camara-cc9381-hv\\\/#primaryimage\"},\"image\":{\"@id\":\"https:\\\/\\\/abix.com.br\\\/es\\\/produto\\\/camara-cc9381-hv\\\/#primaryimage\"},\"thumbnailUrl\":\"https:\\\/\\\/abix.com.br\\\/wp-content\\\/uploads\\\/2025\\\/11\\\/CC9381-HV-abix.webp\",\"datePublished\":\"2025-11-28T18:49:46+00:00\",\"dateModified\":\"2025-12-11T19:02:40+00:00\",\"breadcrumb\":{\"@id\":\"https:\\\/\\\/abix.com.br\\\/es\\\/produto\\\/camara-cc9381-hv\\\/#breadcrumb\"},\"inLanguage\":\"es\",\"potentialAction\":[{\"@type\":\"ReadAction\",\"target\":[\"https:\\\/\\\/abix.com.br\\\/es\\\/produto\\\/camara-cc9381-hv\\\/\"]}]},{\"@type\":\"ImageObject\",\"inLanguage\":\"es\",\"@id\":\"https:\\\/\\\/abix.com.br\\\/es\\\/produto\\\/camara-cc9381-hv\\\/#primaryimage\",\"url\":\"https:\\\/\\\/abix.com.br\\\/wp-content\\\/uploads\\\/2025\\\/11\\\/CC9381-HV-abix.webp\",\"contentUrl\":\"https:\\\/\\\/abix.com.br\\\/wp-content\\\/uploads\\\/2025\\\/11\\\/CC9381-HV-abix.webp\",\"width\":600,\"height\":600},{\"@type\":\"BreadcrumbList\",\"@id\":\"https:\\\/\\\/abix.com.br\\\/es\\\/produto\\\/camara-cc9381-hv\\\/#breadcrumb\",\"itemListElement\":[{\"@type\":\"ListItem\",\"position\":1,\"name\":\"In\u00edcio\",\"item\":\"https:\\\/\\\/abix.com.br\\\/es\\\/\"},{\"@type\":\"ListItem\",\"position\":2,\"name\":\"Tienda\",\"item\":\"https:\\\/\\\/abix.com.br\\\/loja\\\/\"},{\"@type\":\"ListItem\",\"position\":3,\"name\":\"C\u00c1MERA CC9381-HV\"}]},{\"@type\":\"WebSite\",\"@id\":\"https:\\\/\\\/abix.com.br\\\/#website\",\"url\":\"https:\\\/\\\/abix.com.br\\\/\",\"name\":\"Abix\",\"description\":\"\",\"potentialAction\":[{\"@type\":\"SearchAction\",\"target\":{\"@type\":\"EntryPoint\",\"urlTemplate\":\"https:\\\/\\\/abix.com.br\\\/?s={search_term_string}\"},\"query-input\":{\"@type\":\"PropertyValueSpecification\",\"valueRequired\":true,\"valueName\":\"search_term_string\"}}],\"inLanguage\":\"es\"}]}<\/script>\n<!-- \/ Yoast SEO plugin. -->","yoast_head_json":{"title":"C\u00c1MERA CC9381-HV - Abix","robots":{"index":"index","follow":"follow","max-snippet":"max-snippet:-1","max-image-preview":"max-image-preview:large","max-video-preview":"max-video-preview:-1"},"canonical":"https:\/\/abix.com.br\/es\/produto\/camara-cc9381-hv\/","og_locale":"es_ES","og_type":"article","og_title":"C\u00c1MERA CC9381-HV - Abix","og_description":"Vista panor\u00e1mica y m\u00e1xima seguridad Dise\u00f1ada para ofrecer una vista panor\u00e1mica de 180\u00b0 con la m\u00e1xima seguridad, es la opci\u00f3n ideal para pasillos, hospitales, escuelas, albergues y cualquier lugar que requiera monitoreo continuo, sin riesgos ni puntos ciegos.  La CC9381-HV combina tecnolog\u00eda avanzada con un dise\u00f1o robusto e inteligente, aprobada por Anatel y certificada internacionalmente como antirrobo, un est\u00e1ndar obligatorio en entornos de alta protecci\u00f3n, donde es pr\u00e1cticamente imposible enganchar cables, ropa u objetos en el equipo.  Con ella, una sola instalaci\u00f3n cubre lo que antes requer\u00eda 2 o incluso 3 c\u00e1maras tradicionales, reduciendo dr\u00e1sticamente costos, infraestructura y licencias, sin sacrificar la calidad.","og_url":"https:\/\/abix.com.br\/es\/produto\/camara-cc9381-hv\/","og_site_name":"Abix","article_modified_time":"2025-12-11T19:02:40+00:00","twitter_card":"summary_large_image","twitter_misc":{"Tiempo de lectura":"2 minutos"},"schema":{"@context":"https:\/\/schema.org","@graph":[{"@type":"WebPage","@id":"https:\/\/abix.com.br\/es\/produto\/camara-cc9381-hv\/","url":"https:\/\/abix.com.br\/es\/produto\/camara-cc9381-hv\/","name":"C\u00c1MERA CC9381-HV - Abix","isPartOf":{"@id":"https:\/\/abix.com.br\/#website"},"primaryImageOfPage":{"@id":"https:\/\/abix.com.br\/es\/produto\/camara-cc9381-hv\/#primaryimage"},"image":{"@id":"https:\/\/abix.com.br\/es\/produto\/camara-cc9381-hv\/#primaryimage"},"thumbnailUrl":"https:\/\/abix.com.br\/wp-content\/uploads\/2025\/11\/CC9381-HV-abix.webp","datePublished":"2025-11-28T18:49:46+00:00","dateModified":"2025-12-11T19:02:40+00:00","breadcrumb":{"@id":"https:\/\/abix.com.br\/es\/produto\/camara-cc9381-hv\/#breadcrumb"},"inLanguage":"es","potentialAction":[{"@type":"ReadAction","target":["https:\/\/abix.com.br\/es\/produto\/camara-cc9381-hv\/"]}]},{"@type":"ImageObject","inLanguage":"es","@id":"https:\/\/abix.com.br\/es\/produto\/camara-cc9381-hv\/#primaryimage","url":"https:\/\/abix.com.br\/wp-content\/uploads\/2025\/11\/CC9381-HV-abix.webp","contentUrl":"https:\/\/abix.com.br\/wp-content\/uploads\/2025\/11\/CC9381-HV-abix.webp","width":600,"height":600},{"@type":"BreadcrumbList","@id":"https:\/\/abix.com.br\/es\/produto\/camara-cc9381-hv\/#breadcrumb","itemListElement":[{"@type":"ListItem","position":1,"name":"In\u00edcio","item":"https:\/\/abix.com.br\/es\/"},{"@type":"ListItem","position":2,"name":"Tienda","item":"https:\/\/abix.com.br\/loja\/"},{"@type":"ListItem","position":3,"name":"C\u00c1MERA CC9381-HV"}]},{"@type":"WebSite","@id":"https:\/\/abix.com.br\/#website","url":"https:\/\/abix.com.br\/","name":"Abix","description":"","potentialAction":[{"@type":"SearchAction","target":{"@type":"EntryPoint","urlTemplate":"https:\/\/abix.com.br\/?s={search_term_string}"},"query-input":{"@type":"PropertyValueSpecification","valueRequired":true,"valueName":"search_term_string"}}],"inLanguage":"es"}]}},"_links":{"self":[{"href":"https:\/\/abix.com.br\/es\/wp-json\/wp\/v2\/product\/23066","targetHints":{"allow":["GET"]}}],"collection":[{"href":"https:\/\/abix.com.br\/es\/wp-json\/wp\/v2\/product"}],"about":[{"href":"https:\/\/abix.com.br\/es\/wp-json\/wp\/v2\/types\/product"}],"replies":[{"embeddable":true,"href":"https:\/\/abix.com.br\/es\/wp-json\/wp\/v2\/comments?post=23066"}],"wp:featuredmedia":[{"embeddable":true,"href":"https:\/\/abix.com.br\/es\/wp-json\/wp\/v2\/media\/23067"}],"wp:attachment":[{"href":"https:\/\/abix.com.br\/es\/wp-json\/wp\/v2\/media?parent=23066"}],"wp:term":[{"taxonomy":"product_brand","embeddable":true,"href":"https:\/\/abix.com.br\/es\/wp-json\/wp\/v2\/product_brand?post=23066"},{"taxonomy":"product_cat","embeddable":true,"href":"https:\/\/abix.com.br\/es\/wp-json\/wp\/v2\/product_cat?post=23066"},{"taxonomy":"product_tag","embeddable":true,"href":"https:\/\/abix.com.br\/es\/wp-json\/wp\/v2\/product_tag?post=23066"}],"curies":[{"name":"wp","href":"https:\/\/api.w.org\/{rel}","templated":true}]}}