{"id":23072,"date":"2025-11-28T16:19:21","date_gmt":"2025-11-28T19:19:21","guid":{"rendered":"https:\/\/abix.com.br\/?post_type=product&#038;p=23072"},"modified":"2025-12-11T16:56:24","modified_gmt":"2025-12-11T19:56:24","slug":"camara-multisensor-ma9322-ehtv","status":"publish","type":"product","link":"https:\/\/abix.com.br\/es\/produto\/camara-multisensor-ma9322-ehtv\/","title":{"rendered":"C\u00e1mara Multisensor MA9322-EHTV"},"content":{"rendered":"\n\t<section class=\"section\" id=\"section_294267877\">\n\t\t<div class=\"section-bg fill\" >\n\t\t\t\t\t\t\t\t\t\n\t\t\t\n\n\t\t<\/div>\n\n\t\t\n\n\t\t<div class=\"section-content relative\">\n\t\t\t\n<div class=\"row\"  id=\"row-200163318\">\n\n\t<div id=\"col-113073998\" class=\"col small-12 large-12\"  >\n\t\t\t\t<div class=\"col-inner\"  >\n\t\t\t\n\t\t\t\n<div class=\"row\"  id=\"row-1387261286\">\n\n\t<div id=\"col-488726381\" class=\"col small-12 large-12\"  >\n\t\t\t\t<div class=\"col-inner\"  >\n\t\t\t\n\t\t\t\n\n\t\t<div class=\"tabbed-content locacao-tabs\">\n\t\t\t\n\t\t\t<ul class=\"nav nav-tabs nav-normal nav-size-xlarge nav-left active-on-hover\" role=\"tablist\"><li id=\"tab-informaci\u00d3n\" class=\"tab active has-icon\" role=\"presentation\"><a href=\"#tab_informaci\u00d3n\" role=\"tab\" aria-selected=\"true\" aria-controls=\"tab_informaci\u00d3n\"><span>INFORMACI\u00d3N<\/span><\/a><\/li>\n<li id=\"tab-accesorios\" class=\"tab has-icon\" role=\"presentation\"><a href=\"#tab_accesorios\" tabindex=\"-1\" role=\"tab\" aria-selected=\"false\" aria-controls=\"tab_accesorios\"><span>ACCESORIOS<\/span><\/a><\/li>\n<li id=\"tab-descargas\" class=\"tab has-icon\" role=\"presentation\"><a href=\"#tab_descargas\" tabindex=\"-1\" role=\"tab\" aria-selected=\"false\" aria-controls=\"tab_descargas\"><span>DESCARGAS<\/span><\/a><\/li>\n<li id=\"tab-especificaciones\" class=\"tab has-icon\" role=\"presentation\"><a href=\"#tab_especificaciones\" tabindex=\"-1\" role=\"tab\" aria-selected=\"false\" aria-controls=\"tab_especificaciones\"><span>ESPECIFICACIONES<\/span><\/a><\/li><\/ul><div class=\"tab-panels\"><div id=\"tab_informaci\u00d3n\" class=\"panel active entry-content\" role=\"tabpanel\" aria-labelledby=\"tab-informaci\u00d3n\">\n<div class=\"row\"  id=\"row-1826846659\">\n\n\t<div id=\"col-330635098\" class=\"col medium-6 small-12 large-6\"  >\n\t\t\t\t<div class=\"col-inner\"  >\n\t\t\t\n\t\t\t\n<h3>Caracter\u00edsticas principales<\/h3>\n<p>4 sensores independientes de 5 MP \u2192 20 megap\u00edxeles en total en 360\u00b0<br \/>\nCada lente con zoom motorizado de 3,7 a 7,7 mm (ajuste remoto mediante tel\u00e9fono m\u00f3vil o VMS)<br \/>\nSmart IR de hasta 30 metros por cuadrante: iluminaci\u00f3n perfecta sin puntos blancos<br \/>\nWDR Pro de 120 dB + DIS (estabilizaci\u00f3n digital): im\u00e1genes n\u00edtidas incluso con viento o veh\u00edculos a alta velocidad<br \/>\nCompresi\u00f3n H.265 + Smart Stream III \u2192 graba durante meses en NVR con pocos TB<br \/>\nCiberseguridad Trend Micro IoT Security + Cumple con la NDAA<br \/>\nLa versi\u00f3n -V2 incluye Smart VCA con IA**: intrusi\u00f3n, cruce de l\u00ednea, permanencia, objeto abandonado\/retirado, detecci\u00f3n facial<br \/>\nTemperatura de funcionamiento: de -40 \u00b0C a +60 \u00b0C con calefacci\u00f3n autom\u00e1tica (ideal para las regiones sur y noreste)<br \/>\nAplicaciones Monitoreo de grandes \u00e1reas como aparcamientos, centros log\u00edsticos, aeropuertos y centros comerciales, con cobertura total y reducci\u00f3n de puntos ciegos.<\/p>\n\t\t<\/div>\n\t\t\t\t\t<\/div>\n\n\t\n\n\t<div id=\"col-1731543517\" class=\"col medium-6 small-12 large-6\"  >\n\t\t\t\t<div class=\"col-inner text-left\"  >\n\t\t\t\n\t\t\t\n\t\t<\/div>\n\t\t\t\t\t<\/div>\n\n\t\n<\/div>\n<\/div>\n<div id=\"tab_accesorios\" class=\"panel entry-content\" role=\"tabpanel\" aria-labelledby=\"tab-accesorios\">\n<p>Incluye: Gu\u00eda de instalaci\u00f3n r\u00e1pida, calcoman\u00eda de alineaci\u00f3n, destornillador, paquete de tornillos, paquete de gel de s\u00edlice, soportes para montaje en pared, montaje en esquina, postes, modo suspendido, montaje en repisa o empotrado.<\/p>\n<div class=\"row align-middle\"  id=\"row-909232854\">\n\n\t<div id=\"col-1965472783\" class=\"col medium-10 small-12 large-10\"  >\n\t\t\t\t<div class=\"col-inner\"  >\n\t\t\t\n\t\t\t\n<p>CONTENIDO<\/p>\n\t\t<\/div>\n\t\t\t\t\t<\/div>\n\n\t\n\n\t<div id=\"col-723824698\" class=\"col medium-2 small-12 large-2\"  >\n\t\t\t\t<div class=\"col-inner\"  >\n\t\t\t\n\t\t\t\n\t\t<\/div>\n\t\t\t\t\t<\/div>\n\n\t\n<\/div>\n<\/div>\n<div id=\"tab_descargas\" class=\"panel entry-content\" role=\"tabpanel\" aria-labelledby=\"tab-descargas\">\n<div class=\"row\"  id=\"row-1745881287\">\n\n\t<div id=\"col-1796073119\" class=\"col medium-10 small-12 large-10\"  >\n\t\t\t\t<div class=\"col-inner\"  >\n\t\t\t\n\t\t\t\n\t\t<\/div>\n\t\t\t\t\t<\/div>\n\n\t\n<\/div>\n<\/div>\n<div id=\"tab_especificaciones\" class=\"panel entry-content\" role=\"tabpanel\" aria-labelledby=\"tab-especificaciones\">\n<div class=\"row\"  id=\"row-2509846\">\n\n\t<div id=\"col-513629787\" class=\"col medium-9 small-12 large-9\"  >\n\t\t\t\t<div class=\"col-inner\"  >\n\t\t\t\n\t\t\t\n<h3>ESPECIFICACIONES T\u00c9CNICAS<\/h3>\n<p>Resoluci\u00f3n: 4 x 2560\u00d71920 (5 MP por sensor)<br \/>\nAlcance IR: Hasta 30 metros<br \/>\nC\u00f3decs: H.265, H.264, MJPEG<br \/>\nFunciones de imagen: WDR Pro, 3DNR, Desempa\u00f1ado, HLM, DIS, Modos de escena (Autom\u00e1tico, Desenfoque), BLC, HLC, Control de exposici\u00f3n y ganancia<br \/>\nGrado de protecci\u00f3n: IP66, IK10<br \/>\nLente: 4 lentes varifocales motorizadas de 3,7 a 7,7 mm, F1.5<br \/>\nAn\u00e1lisis: Detecci\u00f3n de movimiento (5 ventanas por sensor); Detecci\u00f3n de manipulaci\u00f3n de la c\u00e1mara; Detecci\u00f3n de audio (*con cable AO-006); Eventos de ciberseguridad (ataque de fuerza bruta, ciberataque, cuarentena); Integraci\u00f3n con Smart VCA (en versiones con IA): intrusi\u00f3n, cruce de l\u00ednea, permanencia, objeto abandonado\/retirado, detecci\u00f3n facial.<\/p>\n\t\t<\/div>\n\t\t\t\t\t<\/div>\n\n\t\n<\/div>\n<\/div><\/div><\/div>\n\t\t<\/div>\n\t\t\t\t\t<\/div>\n\n\t\n<\/div>\n\t\t<\/div>\n\t\t\t\t\t<\/div>\n\n\t\n<\/div>\n\t\t<\/div>\n\n\t\t\n<style>\n#section_294267877 {\n  padding-top: 0px;\n  padding-bottom: 0px;\n}\n<\/style>\n\t<\/section>\n\t\n","protected":false},"excerpt":{"rendered":"<h3>Vigilancia de \u00c1reas Extensas<\/h3>\n<div>La MA9322-EHTV est\u00e1 dise\u00f1ada para cubrir \u00e1reas extensas con una vista real de 360\u00b0 sin distorsi\u00f3n. Es ideal para lugares que requieren una monitorizaci\u00f3n completa y detallada, como estacionamientos abiertos, centros log\u00edsticos, patios industriales, aeropuertos, centros comerciales y per\u00edmetros extensos. El secreto de su eficacia reside en la tecnolog\u00eda de sus cuatro lentes motorizadas independientes. Esta innovaci\u00f3n permite al operador ajustar remotamente el zoom y el enfoque de cada uno de los cuatro cuadrantes.<\/div>\n<div><\/div>\n<div>Su durabilidad es extrema: con certificaciones IP66 e IK10, y un rango de temperatura de funcionamiento que soporta desde -40 \u00b0C hasta entornos extremos, la c\u00e1mara funciona a la perfecci\u00f3n en zonas de playa, bajo la nieve y el granizo, y resiste cualquier intento de rotura. Su resistencia ya ha sido ampliamente probada en operaciones mineras brasile\u00f1as, lo que demuestra su robustez en el campo.<\/div>\n","protected":false},"featured_media":23076,"comment_status":"closed","ping_status":"closed","template":"","meta":[],"product_brand":[],"product_cat":[178,231],"product_tag":[],"class_list":{"0":"post-23072","1":"product","2":"type-product","3":"status-publish","4":"has-post-thumbnail","6":"product_cat-cctv","7":"product_cat-multisensor","9":"first","10":"instock","11":"shipping-taxable","12":"product-type-simple"},"yoast_head":"<!-- This site is optimized with the Yoast SEO plugin v27.4 - https:\/\/yoast.com\/product\/yoast-seo-wordpress\/ -->\n<title>C\u00e1mara Multisensor MA9322-EHTV - Abix<\/title>\n<meta name=\"robots\" content=\"index, follow, max-snippet:-1, max-image-preview:large, max-video-preview:-1\" \/>\n<link rel=\"canonical\" href=\"https:\/\/abix.com.br\/es\/produto\/camara-multisensor-ma9322-ehtv\/\" \/>\n<meta property=\"og:locale\" content=\"es_ES\" \/>\n<meta property=\"og:type\" content=\"article\" \/>\n<meta property=\"og:title\" content=\"C\u00e1mara Multisensor MA9322-EHTV - Abix\" \/>\n<meta property=\"og:description\" content=\"Vigilancia de \u00c1reas Extensas La MA9322-EHTV est\u00e1 dise\u00f1ada para cubrir \u00e1reas extensas con una vista real de 360\u00b0 sin distorsi\u00f3n. Es ideal para lugares que requieren una monitorizaci\u00f3n completa y detallada, como estacionamientos abiertos, centros log\u00edsticos, patios industriales, aeropuertos, centros comerciales y per\u00edmetros extensos. El secreto de su eficacia reside en la tecnolog\u00eda de sus cuatro lentes motorizadas independientes. Esta innovaci\u00f3n permite al operador ajustar remotamente el zoom y el enfoque de cada uno de los cuatro cuadrantes.  Su durabilidad es extrema: con certificaciones IP66 e IK10, y un rango de temperatura de funcionamiento que soporta desde -40 \u00b0C hasta entornos extremos, la c\u00e1mara funciona a la perfecci\u00f3n en zonas de playa, bajo la nieve y el granizo, y resiste cualquier intento de rotura. Su resistencia ya ha sido ampliamente probada en operaciones mineras brasile\u00f1as, lo que demuestra su robustez en el campo.\" \/>\n<meta property=\"og:url\" content=\"https:\/\/abix.com.br\/es\/produto\/camara-multisensor-ma9322-ehtv\/\" \/>\n<meta property=\"og:site_name\" content=\"Abix\" \/>\n<meta property=\"article:modified_time\" content=\"2025-12-11T19:56:24+00:00\" \/>\n<meta name=\"twitter:card\" content=\"summary_large_image\" \/>\n<meta name=\"twitter:label1\" content=\"Tiempo de lectura\" \/>\n\t<meta name=\"twitter:data1\" content=\"2 minutos\" \/>\n<script type=\"application\/ld+json\" class=\"yoast-schema-graph\">{\"@context\":\"https:\\\/\\\/schema.org\",\"@graph\":[{\"@type\":\"WebPage\",\"@id\":\"https:\\\/\\\/abix.com.br\\\/es\\\/produto\\\/camara-multisensor-ma9322-ehtv\\\/\",\"url\":\"https:\\\/\\\/abix.com.br\\\/es\\\/produto\\\/camara-multisensor-ma9322-ehtv\\\/\",\"name\":\"C\u00e1mara Multisensor MA9322-EHTV - Abix\",\"isPartOf\":{\"@id\":\"https:\\\/\\\/abix.com.br\\\/#website\"},\"primaryImageOfPage\":{\"@id\":\"https:\\\/\\\/abix.com.br\\\/es\\\/produto\\\/camara-multisensor-ma9322-ehtv\\\/#primaryimage\"},\"image\":{\"@id\":\"https:\\\/\\\/abix.com.br\\\/es\\\/produto\\\/camara-multisensor-ma9322-ehtv\\\/#primaryimage\"},\"thumbnailUrl\":\"https:\\\/\\\/abix.com.br\\\/wp-content\\\/uploads\\\/2025\\\/11\\\/MA9322-EHTV-Abix.webp\",\"datePublished\":\"2025-11-28T19:19:21+00:00\",\"dateModified\":\"2025-12-11T19:56:24+00:00\",\"breadcrumb\":{\"@id\":\"https:\\\/\\\/abix.com.br\\\/es\\\/produto\\\/camara-multisensor-ma9322-ehtv\\\/#breadcrumb\"},\"inLanguage\":\"es\",\"potentialAction\":[{\"@type\":\"ReadAction\",\"target\":[\"https:\\\/\\\/abix.com.br\\\/es\\\/produto\\\/camara-multisensor-ma9322-ehtv\\\/\"]}]},{\"@type\":\"ImageObject\",\"inLanguage\":\"es\",\"@id\":\"https:\\\/\\\/abix.com.br\\\/es\\\/produto\\\/camara-multisensor-ma9322-ehtv\\\/#primaryimage\",\"url\":\"https:\\\/\\\/abix.com.br\\\/wp-content\\\/uploads\\\/2025\\\/11\\\/MA9322-EHTV-Abix.webp\",\"contentUrl\":\"https:\\\/\\\/abix.com.br\\\/wp-content\\\/uploads\\\/2025\\\/11\\\/MA9322-EHTV-Abix.webp\",\"width\":600,\"height\":600},{\"@type\":\"BreadcrumbList\",\"@id\":\"https:\\\/\\\/abix.com.br\\\/es\\\/produto\\\/camara-multisensor-ma9322-ehtv\\\/#breadcrumb\",\"itemListElement\":[{\"@type\":\"ListItem\",\"position\":1,\"name\":\"In\u00edcio\",\"item\":\"https:\\\/\\\/abix.com.br\\\/es\\\/\"},{\"@type\":\"ListItem\",\"position\":2,\"name\":\"Tienda\",\"item\":\"https:\\\/\\\/abix.com.br\\\/loja\\\/\"},{\"@type\":\"ListItem\",\"position\":3,\"name\":\"C\u00e1mara Multisensor MA9322-EHTV\"}]},{\"@type\":\"WebSite\",\"@id\":\"https:\\\/\\\/abix.com.br\\\/#website\",\"url\":\"https:\\\/\\\/abix.com.br\\\/\",\"name\":\"Abix\",\"description\":\"\",\"potentialAction\":[{\"@type\":\"SearchAction\",\"target\":{\"@type\":\"EntryPoint\",\"urlTemplate\":\"https:\\\/\\\/abix.com.br\\\/?s={search_term_string}\"},\"query-input\":{\"@type\":\"PropertyValueSpecification\",\"valueRequired\":true,\"valueName\":\"search_term_string\"}}],\"inLanguage\":\"es\"}]}<\/script>\n<!-- \/ Yoast SEO plugin. -->","yoast_head_json":{"title":"C\u00e1mara Multisensor MA9322-EHTV - Abix","robots":{"index":"index","follow":"follow","max-snippet":"max-snippet:-1","max-image-preview":"max-image-preview:large","max-video-preview":"max-video-preview:-1"},"canonical":"https:\/\/abix.com.br\/es\/produto\/camara-multisensor-ma9322-ehtv\/","og_locale":"es_ES","og_type":"article","og_title":"C\u00e1mara Multisensor MA9322-EHTV - Abix","og_description":"Vigilancia de \u00c1reas Extensas La MA9322-EHTV est\u00e1 dise\u00f1ada para cubrir \u00e1reas extensas con una vista real de 360\u00b0 sin distorsi\u00f3n. Es ideal para lugares que requieren una monitorizaci\u00f3n completa y detallada, como estacionamientos abiertos, centros log\u00edsticos, patios industriales, aeropuertos, centros comerciales y per\u00edmetros extensos. El secreto de su eficacia reside en la tecnolog\u00eda de sus cuatro lentes motorizadas independientes. Esta innovaci\u00f3n permite al operador ajustar remotamente el zoom y el enfoque de cada uno de los cuatro cuadrantes.  Su durabilidad es extrema: con certificaciones IP66 e IK10, y un rango de temperatura de funcionamiento que soporta desde -40 \u00b0C hasta entornos extremos, la c\u00e1mara funciona a la perfecci\u00f3n en zonas de playa, bajo la nieve y el granizo, y resiste cualquier intento de rotura. Su resistencia ya ha sido ampliamente probada en operaciones mineras brasile\u00f1as, lo que demuestra su robustez en el campo.","og_url":"https:\/\/abix.com.br\/es\/produto\/camara-multisensor-ma9322-ehtv\/","og_site_name":"Abix","article_modified_time":"2025-12-11T19:56:24+00:00","twitter_card":"summary_large_image","twitter_misc":{"Tiempo de lectura":"2 minutos"},"schema":{"@context":"https:\/\/schema.org","@graph":[{"@type":"WebPage","@id":"https:\/\/abix.com.br\/es\/produto\/camara-multisensor-ma9322-ehtv\/","url":"https:\/\/abix.com.br\/es\/produto\/camara-multisensor-ma9322-ehtv\/","name":"C\u00e1mara Multisensor MA9322-EHTV - Abix","isPartOf":{"@id":"https:\/\/abix.com.br\/#website"},"primaryImageOfPage":{"@id":"https:\/\/abix.com.br\/es\/produto\/camara-multisensor-ma9322-ehtv\/#primaryimage"},"image":{"@id":"https:\/\/abix.com.br\/es\/produto\/camara-multisensor-ma9322-ehtv\/#primaryimage"},"thumbnailUrl":"https:\/\/abix.com.br\/wp-content\/uploads\/2025\/11\/MA9322-EHTV-Abix.webp","datePublished":"2025-11-28T19:19:21+00:00","dateModified":"2025-12-11T19:56:24+00:00","breadcrumb":{"@id":"https:\/\/abix.com.br\/es\/produto\/camara-multisensor-ma9322-ehtv\/#breadcrumb"},"inLanguage":"es","potentialAction":[{"@type":"ReadAction","target":["https:\/\/abix.com.br\/es\/produto\/camara-multisensor-ma9322-ehtv\/"]}]},{"@type":"ImageObject","inLanguage":"es","@id":"https:\/\/abix.com.br\/es\/produto\/camara-multisensor-ma9322-ehtv\/#primaryimage","url":"https:\/\/abix.com.br\/wp-content\/uploads\/2025\/11\/MA9322-EHTV-Abix.webp","contentUrl":"https:\/\/abix.com.br\/wp-content\/uploads\/2025\/11\/MA9322-EHTV-Abix.webp","width":600,"height":600},{"@type":"BreadcrumbList","@id":"https:\/\/abix.com.br\/es\/produto\/camara-multisensor-ma9322-ehtv\/#breadcrumb","itemListElement":[{"@type":"ListItem","position":1,"name":"In\u00edcio","item":"https:\/\/abix.com.br\/es\/"},{"@type":"ListItem","position":2,"name":"Tienda","item":"https:\/\/abix.com.br\/loja\/"},{"@type":"ListItem","position":3,"name":"C\u00e1mara Multisensor MA9322-EHTV"}]},{"@type":"WebSite","@id":"https:\/\/abix.com.br\/#website","url":"https:\/\/abix.com.br\/","name":"Abix","description":"","potentialAction":[{"@type":"SearchAction","target":{"@type":"EntryPoint","urlTemplate":"https:\/\/abix.com.br\/?s={search_term_string}"},"query-input":{"@type":"PropertyValueSpecification","valueRequired":true,"valueName":"search_term_string"}}],"inLanguage":"es"}]}},"_links":{"self":[{"href":"https:\/\/abix.com.br\/es\/wp-json\/wp\/v2\/product\/23072","targetHints":{"allow":["GET"]}}],"collection":[{"href":"https:\/\/abix.com.br\/es\/wp-json\/wp\/v2\/product"}],"about":[{"href":"https:\/\/abix.com.br\/es\/wp-json\/wp\/v2\/types\/product"}],"replies":[{"embeddable":true,"href":"https:\/\/abix.com.br\/es\/wp-json\/wp\/v2\/comments?post=23072"}],"wp:featuredmedia":[{"embeddable":true,"href":"https:\/\/abix.com.br\/es\/wp-json\/wp\/v2\/media\/23076"}],"wp:attachment":[{"href":"https:\/\/abix.com.br\/es\/wp-json\/wp\/v2\/media?parent=23072"}],"wp:term":[{"taxonomy":"product_brand","embeddable":true,"href":"https:\/\/abix.com.br\/es\/wp-json\/wp\/v2\/product_brand?post=23072"},{"taxonomy":"product_cat","embeddable":true,"href":"https:\/\/abix.com.br\/es\/wp-json\/wp\/v2\/product_cat?post=23072"},{"taxonomy":"product_tag","embeddable":true,"href":"https:\/\/abix.com.br\/es\/wp-json\/wp\/v2\/product_tag?post=23072"}],"curies":[{"name":"wp","href":"https:\/\/api.w.org\/{rel}","templated":true}]}}