{"id":23081,"date":"2025-11-28T16:52:33","date_gmt":"2025-11-28T19:52:33","guid":{"rendered":"https:\/\/abix.com.br\/?post_type=product&#038;p=23081"},"modified":"2025-12-11T17:31:52","modified_gmt":"2025-12-11T20:31:52","slug":"camera-a8105-e","status":"publish","type":"product","link":"https:\/\/abix.com.br\/es\/produto\/camera-a8105-e\/","title":{"rendered":"C\u00c1MARA A8105-E"},"content":{"rendered":"\n\t<section class=\"section\" id=\"section_29560302\">\n\t\t<div class=\"section-bg fill\" >\n\t\t\t\t\t\t\t\t\t\n\t\t\t\n\n\t\t<\/div>\n\n\t\t\n\n\t\t<div class=\"section-content relative\">\n\t\t\t\n<div class=\"row\"  id=\"row-499657277\">\n\n\t<div id=\"col-2021479087\" class=\"col small-12 large-12\"  >\n\t\t\t\t<div class=\"col-inner\"  >\n\t\t\t\n\t\t\t\n<div class=\"row\"  id=\"row-538856958\">\n\n\t<div id=\"col-1609828380\" class=\"col small-12 large-12\"  >\n\t\t\t\t<div class=\"col-inner\"  >\n\t\t\t\n\t\t\t\n\n\t\t<div class=\"tabbed-content locacao-tabs\">\n\t\t\t\n\t\t\t<ul class=\"nav nav-tabs nav-normal nav-size-xlarge nav-left active-on-hover\" role=\"tablist\"><li id=\"tab-informaci\u00d3n\" class=\"tab active has-icon\" role=\"presentation\"><a href=\"#tab_informaci\u00d3n\" role=\"tab\" aria-selected=\"true\" aria-controls=\"tab_informaci\u00d3n\"><span>INFORMACI\u00d3N<\/span><\/a><\/li>\n<li id=\"tab-accesorios\" class=\"tab has-icon\" role=\"presentation\"><a href=\"#tab_accesorios\" tabindex=\"-1\" role=\"tab\" aria-selected=\"false\" aria-controls=\"tab_accesorios\"><span>ACCESORIOS<\/span><\/a><\/li>\n<li id=\"tab-descargas\" class=\"tab has-icon\" role=\"presentation\"><a href=\"#tab_descargas\" tabindex=\"-1\" role=\"tab\" aria-selected=\"false\" aria-controls=\"tab_descargas\"><span>DESCARGAS<\/span><\/a><\/li>\n<li id=\"tab-especificaciones\" class=\"tab has-icon\" role=\"presentation\"><a href=\"#tab_especificaciones\" tabindex=\"-1\" role=\"tab\" aria-selected=\"false\" aria-controls=\"tab_especificaciones\"><span>ESPECIFICACIONES<\/span><\/a><\/li><\/ul><div class=\"tab-panels\"><div id=\"tab_informaci\u00d3n\" class=\"panel active entry-content\" role=\"tabpanel\" aria-labelledby=\"tab-informaci\u00d3n\">\n<div class=\"row\"  id=\"row-1008077176\">\n\n\t<div id=\"col-718902972\" class=\"col medium-6 small-12 large-6\"  >\n\t\t\t\t<div class=\"col-inner\"  >\n\t\t\t\n\t\t\t\n<h3>Caracter\u00edsticas principales<\/h3>\n<div>V\u00eddeo Full HD 1080p con lente gran angular horizontal de 180\u00b0: muestra qui\u00e9n est\u00e1 en la puerta y a los lados<\/div>\n<div>Audio bidireccional full-duplex con cancelaci\u00f3n de eco y reducci\u00f3n de ruido: conversaci\u00f3n natural como un intercomunicador de alta calidad<\/div>\n<div>SIP nativo: funciona como una extensi\u00f3n VoIP (3CX, Asterisk, Microsoft Teams, Cisco, etc.)<\/div>\n<div>Iluminaci\u00f3n dual: IR invisible (visi\u00f3n nocturna perfecta) + LED blanco (identificaci\u00f3n por color en la noche con solo pulsar un bot\u00f3n)<\/div>\n<div>Detecciones integradas: movimiento, intento de sabotaje, audio (grito\/rotura de cristales), impacto f\u00edsico<\/div>\n<div>Control de acceso completo: salida de rel\u00e9 para cerradura el\u00e9ctrica + entrada para bot\u00f3n de salida<\/div>\n<div>Ciberseguridad Axis: Firmware firmado, Arranque seguro, Axis Edge Vault, cifrado HTTPS\/TLS\/SRTP<\/div>\n<div>Protecci\u00f3n f\u00edsica IP65 + IK08: lluvia, polvo y vandalismo<\/div>\n<div>Alimentaci\u00f3n PoE (no requiere fuente de alimentaci\u00f3n adicional)<\/div>\n<div>Aplicaciones Control de acceso por v\u00eddeo y comunicaci\u00f3n bidireccional; Entornos corporativos, residenciales y comerciales.<\/div>\n\t\t<\/div>\n\t\t\t\t\t<\/div>\n\n\t\n\n\t<div id=\"col-318698700\" class=\"col medium-6 small-12 large-6\"  >\n\t\t\t\t<div class=\"col-inner text-left\"  >\n\t\t\t\n\t\t\t\n\t\t<\/div>\n\t\t\t\t\t<\/div>\n\n\t\n<\/div>\n<\/div>\n<div id=\"tab_accesorios\" class=\"panel entry-content\" role=\"tabpanel\" aria-labelledby=\"tab-accesorios\">\n<div>Montaje empotrado o en superficie;<\/div>\n<div><\/div>\n<div>Compatible con los accesorios de control de acceso de Axis.<\/div>\n<div class=\"row align-middle\"  id=\"row-168415129\">\n\n\t<div id=\"col-1141263021\" class=\"col medium-10 small-12 large-10\"  >\n\t\t\t\t<div class=\"col-inner\"  >\n\t\t\t\n\t\t\t\n\t\t<\/div>\n\t\t\t\t\t<\/div>\n\n\t\n\n\t<div id=\"col-783436183\" class=\"col medium-2 small-12 large-2\"  >\n\t\t\t\t<div class=\"col-inner\"  >\n\t\t\t\n\t\t\t\n\t\t<\/div>\n\t\t\t\t\t<\/div>\n\n\t\n<\/div>\n<\/div>\n<div id=\"tab_descargas\" class=\"panel entry-content\" role=\"tabpanel\" aria-labelledby=\"tab-descargas\">\n<div class=\"row\"  id=\"row-939133185\">\n\n\t<div id=\"col-495349775\" class=\"col medium-10 small-12 large-10\"  >\n\t\t\t\t<div class=\"col-inner\"  >\n\t\t\t\n\t\t\t\n\t\t<\/div>\n\t\t\t\t\t<\/div>\n\n\t\n<\/div>\n<\/div>\n<div id=\"tab_especificaciones\" class=\"panel entry-content\" role=\"tabpanel\" aria-labelledby=\"tab-especificaciones\">\n<div class=\"row\"  id=\"row-883149036\">\n\n\t<div id=\"col-256707903\" class=\"col medium-9 small-12 large-9\"  >\n\t\t\t\t<div class=\"col-inner\"  >\n\t\t\t\n\t\t\t\n<h3>ESPECIFICACIONES T\u00c9CNICAS<\/h3>\n<p>Resoluci\u00f3n: HDTV 1080p<br \/>\nCompatibilidad: SIP, ONVIF, IPv6, HTTPS, TLS, SRTP<br \/>\nLente fija de 1,56 mm, F2.8<br \/>\nCampo de visi\u00f3n: 180\u00b0 (horizontal), 120\u00b0 (vertical)<br \/>\nIluminaci\u00f3n m\u00ednima: 0 lux con LED IR activado<br \/>\nCompresi\u00f3n de v\u00eddeo: H.264, H.265, MJPEG<br \/>\nIluminaci\u00f3n: LED IR y luz blanca<br \/>\nAlimentaci\u00f3n: PoE<br \/>\nProtecci\u00f3n: IP65, IK08<\/p>\n\t\t<\/div>\n\t\t\t\t\t<\/div>\n\n\t\n<\/div>\n<\/div><\/div><\/div>\n\t\t<\/div>\n\t\t\t\t\t<\/div>\n\n\t\n<\/div>\n\t\t<\/div>\n\t\t\t\t\t<\/div>\n\n\t\n<\/div>\n\t\t<\/div>\n\n\t\t\n<style>\n#section_29560302 {\n  padding-top: 0px;\n  padding-bottom: 0px;\n}\n<\/style>\n\t<\/section>\n\t\n","protected":false},"excerpt":{"rendered":"<h3>Videoportero con conexi\u00f3n a red<\/h3>\n<div>El A8105-E combina una c\u00e1mara Full HD con vista panor\u00e1mica de 180\u00b0, audio bidireccional de alta definici\u00f3n y un sistema de control de acceso totalmente integrado en un \u00fanico dispositivo compacto y elegante. Esta combinaci\u00f3n de funciones le permite ver y hablar con el visitante con claridad y detalle antes de abrir la puerta. Gracias a la compatibilidad nativa con SIP, el intercomunicador puede responderse por tel\u00e9fono m\u00f3vil, tableta o softphone. Adem\u00e1s, la funci\u00f3n de control de acceso integrada permite abrir la puerta a distancia con un solo clic en la aplicaci\u00f3n o el software, lo que proporciona una gesti\u00f3n de acceso fluida y moderna.<\/div>\n<div><\/div>\n<div>El A8105-E es la inversi\u00f3n que garantiza el equilibrio perfecto entre seguridad inquebrantable, tecnolog\u00eda de vanguardia y un dise\u00f1o discreto que complementa cualquier arquitectura de lujo. Le garantiza que su entrada siempre ser\u00e1 segura, inteligente y estar\u00e1 bajo su control.<\/div>\n","protected":false},"featured_media":23082,"comment_status":"closed","ping_status":"closed","template":"","meta":[],"product_brand":[],"product_cat":[178,234],"product_tag":[],"class_list":{"0":"post-23081","1":"product","2":"type-product","3":"status-publish","4":"has-post-thumbnail","6":"product_cat-cctv","7":"product_cat-video-porteiro","9":"first","10":"instock","11":"shipping-taxable","12":"product-type-simple"},"yoast_head":"<!-- This site is optimized with the Yoast SEO plugin v27.4 - https:\/\/yoast.com\/product\/yoast-seo-wordpress\/ -->\n<title>C\u00c1MARA A8105-E - Abix<\/title>\n<meta name=\"robots\" content=\"index, follow, max-snippet:-1, max-image-preview:large, max-video-preview:-1\" \/>\n<link rel=\"canonical\" href=\"https:\/\/abix.com.br\/es\/produto\/camera-a8105-e\/\" \/>\n<meta property=\"og:locale\" content=\"es_ES\" \/>\n<meta property=\"og:type\" content=\"article\" \/>\n<meta property=\"og:title\" content=\"C\u00c1MARA A8105-E - Abix\" \/>\n<meta property=\"og:description\" content=\"Videoportero con conexi\u00f3n a red El A8105-E combina una c\u00e1mara Full HD con vista panor\u00e1mica de 180\u00b0, audio bidireccional de alta definici\u00f3n y un sistema de control de acceso totalmente integrado en un \u00fanico dispositivo compacto y elegante. Esta combinaci\u00f3n de funciones le permite ver y hablar con el visitante con claridad y detalle antes de abrir la puerta. Gracias a la compatibilidad nativa con SIP, el intercomunicador puede responderse por tel\u00e9fono m\u00f3vil, tableta o softphone. Adem\u00e1s, la funci\u00f3n de control de acceso integrada permite abrir la puerta a distancia con un solo clic en la aplicaci\u00f3n o el software, lo que proporciona una gesti\u00f3n de acceso fluida y moderna.  El A8105-E es la inversi\u00f3n que garantiza el equilibrio perfecto entre seguridad inquebrantable, tecnolog\u00eda de vanguardia y un dise\u00f1o discreto que complementa cualquier arquitectura de lujo. Le garantiza que su entrada siempre ser\u00e1 segura, inteligente y estar\u00e1 bajo su control.\" \/>\n<meta property=\"og:url\" content=\"https:\/\/abix.com.br\/es\/produto\/camera-a8105-e\/\" \/>\n<meta property=\"og:site_name\" content=\"Abix\" \/>\n<meta property=\"article:modified_time\" content=\"2025-12-11T20:31:52+00:00\" \/>\n<meta name=\"twitter:card\" content=\"summary_large_image\" \/>\n<meta name=\"twitter:label1\" content=\"Tiempo de lectura\" \/>\n\t<meta name=\"twitter:data1\" content=\"2 minutos\" \/>\n<script type=\"application\/ld+json\" class=\"yoast-schema-graph\">{\"@context\":\"https:\\\/\\\/schema.org\",\"@graph\":[{\"@type\":\"WebPage\",\"@id\":\"https:\\\/\\\/abix.com.br\\\/es\\\/produto\\\/camera-a8105-e\\\/\",\"url\":\"https:\\\/\\\/abix.com.br\\\/es\\\/produto\\\/camera-a8105-e\\\/\",\"name\":\"C\u00c1MARA A8105-E - Abix\",\"isPartOf\":{\"@id\":\"https:\\\/\\\/abix.com.br\\\/#website\"},\"primaryImageOfPage\":{\"@id\":\"https:\\\/\\\/abix.com.br\\\/es\\\/produto\\\/camera-a8105-e\\\/#primaryimage\"},\"image\":{\"@id\":\"https:\\\/\\\/abix.com.br\\\/es\\\/produto\\\/camera-a8105-e\\\/#primaryimage\"},\"thumbnailUrl\":\"https:\\\/\\\/abix.com.br\\\/wp-content\\\/uploads\\\/2025\\\/11\\\/Video-porteiro-a8105-e.webp\",\"datePublished\":\"2025-11-28T19:52:33+00:00\",\"dateModified\":\"2025-12-11T20:31:52+00:00\",\"breadcrumb\":{\"@id\":\"https:\\\/\\\/abix.com.br\\\/es\\\/produto\\\/camera-a8105-e\\\/#breadcrumb\"},\"inLanguage\":\"es\",\"potentialAction\":[{\"@type\":\"ReadAction\",\"target\":[\"https:\\\/\\\/abix.com.br\\\/es\\\/produto\\\/camera-a8105-e\\\/\"]}]},{\"@type\":\"ImageObject\",\"inLanguage\":\"es\",\"@id\":\"https:\\\/\\\/abix.com.br\\\/es\\\/produto\\\/camera-a8105-e\\\/#primaryimage\",\"url\":\"https:\\\/\\\/abix.com.br\\\/wp-content\\\/uploads\\\/2025\\\/11\\\/Video-porteiro-a8105-e.webp\",\"contentUrl\":\"https:\\\/\\\/abix.com.br\\\/wp-content\\\/uploads\\\/2025\\\/11\\\/Video-porteiro-a8105-e.webp\",\"width\":1000,\"height\":1000},{\"@type\":\"BreadcrumbList\",\"@id\":\"https:\\\/\\\/abix.com.br\\\/es\\\/produto\\\/camera-a8105-e\\\/#breadcrumb\",\"itemListElement\":[{\"@type\":\"ListItem\",\"position\":1,\"name\":\"In\u00edcio\",\"item\":\"https:\\\/\\\/abix.com.br\\\/es\\\/\"},{\"@type\":\"ListItem\",\"position\":2,\"name\":\"Tienda\",\"item\":\"https:\\\/\\\/abix.com.br\\\/loja\\\/\"},{\"@type\":\"ListItem\",\"position\":3,\"name\":\"C\u00c1MARA A8105-E\"}]},{\"@type\":\"WebSite\",\"@id\":\"https:\\\/\\\/abix.com.br\\\/#website\",\"url\":\"https:\\\/\\\/abix.com.br\\\/\",\"name\":\"Abix\",\"description\":\"\",\"potentialAction\":[{\"@type\":\"SearchAction\",\"target\":{\"@type\":\"EntryPoint\",\"urlTemplate\":\"https:\\\/\\\/abix.com.br\\\/?s={search_term_string}\"},\"query-input\":{\"@type\":\"PropertyValueSpecification\",\"valueRequired\":true,\"valueName\":\"search_term_string\"}}],\"inLanguage\":\"es\"}]}<\/script>\n<!-- \/ Yoast SEO plugin. -->","yoast_head_json":{"title":"C\u00c1MARA A8105-E - Abix","robots":{"index":"index","follow":"follow","max-snippet":"max-snippet:-1","max-image-preview":"max-image-preview:large","max-video-preview":"max-video-preview:-1"},"canonical":"https:\/\/abix.com.br\/es\/produto\/camera-a8105-e\/","og_locale":"es_ES","og_type":"article","og_title":"C\u00c1MARA A8105-E - Abix","og_description":"Videoportero con conexi\u00f3n a red El A8105-E combina una c\u00e1mara Full HD con vista panor\u00e1mica de 180\u00b0, audio bidireccional de alta definici\u00f3n y un sistema de control de acceso totalmente integrado en un \u00fanico dispositivo compacto y elegante. Esta combinaci\u00f3n de funciones le permite ver y hablar con el visitante con claridad y detalle antes de abrir la puerta. Gracias a la compatibilidad nativa con SIP, el intercomunicador puede responderse por tel\u00e9fono m\u00f3vil, tableta o softphone. Adem\u00e1s, la funci\u00f3n de control de acceso integrada permite abrir la puerta a distancia con un solo clic en la aplicaci\u00f3n o el software, lo que proporciona una gesti\u00f3n de acceso fluida y moderna.  El A8105-E es la inversi\u00f3n que garantiza el equilibrio perfecto entre seguridad inquebrantable, tecnolog\u00eda de vanguardia y un dise\u00f1o discreto que complementa cualquier arquitectura de lujo. Le garantiza que su entrada siempre ser\u00e1 segura, inteligente y estar\u00e1 bajo su control.","og_url":"https:\/\/abix.com.br\/es\/produto\/camera-a8105-e\/","og_site_name":"Abix","article_modified_time":"2025-12-11T20:31:52+00:00","twitter_card":"summary_large_image","twitter_misc":{"Tiempo de lectura":"2 minutos"},"schema":{"@context":"https:\/\/schema.org","@graph":[{"@type":"WebPage","@id":"https:\/\/abix.com.br\/es\/produto\/camera-a8105-e\/","url":"https:\/\/abix.com.br\/es\/produto\/camera-a8105-e\/","name":"C\u00c1MARA A8105-E - Abix","isPartOf":{"@id":"https:\/\/abix.com.br\/#website"},"primaryImageOfPage":{"@id":"https:\/\/abix.com.br\/es\/produto\/camera-a8105-e\/#primaryimage"},"image":{"@id":"https:\/\/abix.com.br\/es\/produto\/camera-a8105-e\/#primaryimage"},"thumbnailUrl":"https:\/\/abix.com.br\/wp-content\/uploads\/2025\/11\/Video-porteiro-a8105-e.webp","datePublished":"2025-11-28T19:52:33+00:00","dateModified":"2025-12-11T20:31:52+00:00","breadcrumb":{"@id":"https:\/\/abix.com.br\/es\/produto\/camera-a8105-e\/#breadcrumb"},"inLanguage":"es","potentialAction":[{"@type":"ReadAction","target":["https:\/\/abix.com.br\/es\/produto\/camera-a8105-e\/"]}]},{"@type":"ImageObject","inLanguage":"es","@id":"https:\/\/abix.com.br\/es\/produto\/camera-a8105-e\/#primaryimage","url":"https:\/\/abix.com.br\/wp-content\/uploads\/2025\/11\/Video-porteiro-a8105-e.webp","contentUrl":"https:\/\/abix.com.br\/wp-content\/uploads\/2025\/11\/Video-porteiro-a8105-e.webp","width":1000,"height":1000},{"@type":"BreadcrumbList","@id":"https:\/\/abix.com.br\/es\/produto\/camera-a8105-e\/#breadcrumb","itemListElement":[{"@type":"ListItem","position":1,"name":"In\u00edcio","item":"https:\/\/abix.com.br\/es\/"},{"@type":"ListItem","position":2,"name":"Tienda","item":"https:\/\/abix.com.br\/loja\/"},{"@type":"ListItem","position":3,"name":"C\u00c1MARA A8105-E"}]},{"@type":"WebSite","@id":"https:\/\/abix.com.br\/#website","url":"https:\/\/abix.com.br\/","name":"Abix","description":"","potentialAction":[{"@type":"SearchAction","target":{"@type":"EntryPoint","urlTemplate":"https:\/\/abix.com.br\/?s={search_term_string}"},"query-input":{"@type":"PropertyValueSpecification","valueRequired":true,"valueName":"search_term_string"}}],"inLanguage":"es"}]}},"_links":{"self":[{"href":"https:\/\/abix.com.br\/es\/wp-json\/wp\/v2\/product\/23081","targetHints":{"allow":["GET"]}}],"collection":[{"href":"https:\/\/abix.com.br\/es\/wp-json\/wp\/v2\/product"}],"about":[{"href":"https:\/\/abix.com.br\/es\/wp-json\/wp\/v2\/types\/product"}],"replies":[{"embeddable":true,"href":"https:\/\/abix.com.br\/es\/wp-json\/wp\/v2\/comments?post=23081"}],"wp:featuredmedia":[{"embeddable":true,"href":"https:\/\/abix.com.br\/es\/wp-json\/wp\/v2\/media\/23082"}],"wp:attachment":[{"href":"https:\/\/abix.com.br\/es\/wp-json\/wp\/v2\/media?parent=23081"}],"wp:term":[{"taxonomy":"product_brand","embeddable":true,"href":"https:\/\/abix.com.br\/es\/wp-json\/wp\/v2\/product_brand?post=23081"},{"taxonomy":"product_cat","embeddable":true,"href":"https:\/\/abix.com.br\/es\/wp-json\/wp\/v2\/product_cat?post=23081"},{"taxonomy":"product_tag","embeddable":true,"href":"https:\/\/abix.com.br\/es\/wp-json\/wp\/v2\/product_tag?post=23081"}],"curies":[{"name":"wp","href":"https:\/\/api.w.org\/{rel}","templated":true}]}}